{"id":9886,"date":"2012-02-19T07:32:10","date_gmt":"2012-02-19T00:32:10","guid":{"rendered":"http:\/\/vafs.gov.vn\/vn\/2012\/09\/vien-khoa-hoc-lam-nghiep-viet-nam\/"},"modified":"2020-02-11T18:07:40","modified_gmt":"2020-02-11T11:07:40","slug":"lich-su-hinh-thanh","status":"publish","type":"page","link":"https:\/\/vafs.gov.vn\/vn\/lich-su-hinh-thanh\/","title":{"rendered":"L\u1ecbch s\u1eed h\u00ecnh th\u00e0nh"},"content":{"rendered":"<p>Vi\u1ec7n Nghi\u00ean c\u1ee9u L\u00e2m nghi\u1ec7p l\u00e0 ti\u1ec1n th\u00e2n c\u1ee7a Vi\u1ec7n Khoa h\u1ecdc L\u00e2m nghi\u1ec7p Vi\u1ec7t Nam, \u0111\u01b0\u1ee3c th\u00e0nh l\u1eadp n\u0103m 1961. Qu\u00e1 tr\u00ecnh ph\u00e1t tri\u1ec3n t\u1eeb 1 vi\u00ea\u0323n la\u0300 Vi\u1ec7n Nghi\u00ean c\u1ee9u L\u00e2m nghi\u1ec7p 1961-1971; sau \u0111\u00f3 th\u00e0nh 3 vi\u00ea\u0323n (Vi\u1ec7n L\u00e2m nghi\u1ec7p 1972-1988, Vi\u00ea\u0323n C\u00f4ng nghi\u00ea\u0323p r\u01b0\u0300ng 1974-1988, Vi\u00ea\u0323n Kinh t\u00ea\u0301 L\u00e2m nghi\u00ea\u0323p 1981-1988); va\u0300 h\u01a1\u0323p nh\u00e2\u0301t tha\u0300nh\u00a0<strong>Vi\u1ec7n Khoa h\u1ecdc L\u00e2m nghi\u1ec7p Vi\u1ec7t Nam<\/strong>\u00a0(t\u01b0\u0300 1988 \u0111\u00ea\u0301n nay).<\/p>\n<p>Ng\u00e0y 25\/11\/2011 Th\u1ee7 t\u01b0\u1edbng Ch\u00ednh ph\u1ee7 ban h\u00e0nh Quy\u1ebft \u0111\u1ecbnh s\u1ed1 2099\/Q\u0110-TTg v\u1ec1 t\u1ed5 ch\u1ee9c v\u00e0 ho\u1ea1t \u0111\u1ed9ng c\u1ee7a Vi\u1ec7n Khoa h\u1ecdc L\u00e2m nghi\u1ec7p Vi\u1ec7t Nam l\u00e0 t\u1ed5 ch\u1ee9c s\u1ef1 nghi\u1ec7p khoa h\u1ecdc h\u1ea1ng \u0111\u1eb7c bi\u1ec7t, tr\u1ef1c thu\u1ed9c B\u1ed9 NN&amp;PTNT.<\/p>\n<p>B\u00f4\u0323 NN&amp;PTNT ban ha\u0300nh quy\u00ea\u0301t \u0111i\u0323nh s\u00f4\u0301 1149\/Q\u0110-BNN-TCCB ng\u00e0y 18\/5\/2012 Quy \u0111\u1ecbnh ch\u1ee9c n\u0103ng, nhi\u1ec7m v\u1ee5, quy\u1ec1n h\u1ea1n, c\u01a1 c\u1ea5u t\u1ed5 ch\u1ee9c va\u0300 quy\u00ea\u0301t \u0111i\u0323nh s\u00f4\u0301 1656\/Q\u0110-BNN-TCCB ng\u00e0y 16\/7\/2012 Quy \u0111\u1ecbnh \u0110i\u00ea\u0300u l\u00ea\u0323 t\u00f4\u0309 ch\u01b0\u0301c va\u0300 hoa\u0323t \u0111\u00f4\u0323ng c\u1ee7a Vi\u1ec7n Khoa h\u1ecdc L\u00e2m nghi\u1ec7p Vi\u1ec7t Nam.<\/p>\n<p>Tr\u1ee5 s\u1edf: Ph\u01b0\u1eddng \u0110\u1ee9c Th\u1eafng, Qu\u1eadn B\u1eafc T\u1eeb Li\u00eam, Tha\u0300nh ph\u00f4\u0301 H\u00e0 N\u1ed9i<\/p>\n<p>\u0110T: 024-38389031 \u2013 024-38363610; Fax: 0243.8389722<\/p>\n<p>E-mail:\u00a0vkhln@vafs.gov.vn;\u00a0Website: www.vafs.gov.vn<\/p>\n<p class=\"MsoNormal\" style=\"margin-bottom: .0001pt;line-height: normal\"><b><span style=\"font-family: 'MyriadPro-Regular','sans-serif';color: #00b050\">T\u1ea6M NH\u00ccN<\/span><\/b><\/p>\n<p>X\u00e2y d\u1ef1ng Vi\u1ec7n Khoa h\u1ecdc L\u00e2m nghi\u1ec7p Vi\u1ec7t Nam hi\u1ec7n \u0111\u1ea1i, ti\u00ean ti\u1ebfn ngang t\u1ea7m c\u00e1c n\u01b0\u1edbc trong khu v\u1ef1c v\u00e0 h\u1ed9i nh\u1eadp qu\u1ed1c t\u1ebf, nh\u1eb1m th\u1ef1c hi\u1ec7n c\u00f3 hi\u1ec7u qu\u1ea3 c\u00e1c m\u1ee5c ti\u00eau c\u1ee7a Chi\u1ebfn l\u01b0\u1ee3c ph\u00e1t tri\u1ec3n L\u00e2m nghi\u1ec7p, Chi\u1ebfn l\u01b0\u1ee3c\u00a0 nghi\u00ean c\u1ee9u L\u00e2m nghi\u1ec7p v\u00e0 g\u00f3p ph\u1ea7n \u0111\u1ecbnh h\u01b0\u1edbng ph\u00e1t tri\u1ec3n l\u00e2m nghi\u1ec7p trong t\u01b0\u01a1ng lai, th\u1ecfa m\u00e3n nhu c\u1ea7u x\u00e3 h\u1ed9i v\u1ec1 qu\u1ea3n l\u00fd r\u1eebng b\u00ean v\u1eefng tr\u00ean c\u00e1c l\u0129nh v\u1ef1c kinh t\u1ebf, x\u00e3 h\u1ed9i v\u00e0 m\u00f4i tr\u01b0\u1eddng.<\/p>\n<p class=\"MsoNormal\" style=\"margin-bottom: .0001pt;line-height: normal\"><b><span style=\"font-family: 'MyriadPro-Regular','sans-serif';color: #00b050\">\u0110\u1ecaNH H\u01af\u1edaNG NGHI\u00caN C\u1ee8U<\/span><\/b><\/p>\n<p><strong>C\u00e1c nhi\u1ec7m v\u1ee5 \u01b0u ti\u00ean<\/strong><\/p>\n<ol>\n<li>Ch\u1ecdn t\u1ea1o v\u00e0 ph\u00e1t tri\u1ec3n c\u00e1c gi\u1ed1ng c\u00e2y tr\u1ed3ng l\u00e2m nghi\u1ec7p c\u00f3 n\u0103ng su\u1ea5t cao, ch\u1ea5t l\u01b0\u1ee3ng g\u1ed7 t\u1ed1t, c\u00f3 kh\u1ea3 n\u0103ng ch\u1ed1ng ch\u1ecbu s\u00e2u b\u1ec7nh h\u1ea1i v\u00e0 c\u00e1c \u0111i\u1ec1u ki\u1ec7n m\u00f4i tr\u01b0\u1eddng kh\u1eafc nhi\u1ec7t. Nghi\u00ean c\u1ee9u v\u00e0 \u1ee9ng d\u1ee5ng c\u00f4ng ngh\u1ec7 sinh h\u1ecdc trong l\u00e2m nghi\u1ec7p.<\/li>\n<li>Ph\u00e1t tri\u1ec3n v\u00e0 \u1ee9ng d\u1ee5ng c\u00e1c c\u00f4ng ngh\u1ec7 th\u00e2m canh r\u1eebng tr\u1ed3ng v\u00e0 ph\u1ee5c h\u1ed3i r\u1eebng t\u1ef1 nhi\u00ean, qu\u1ea3n l\u00fd s\u1eed d\u1ee5ng \u0111\u1ea5t, s\u00e2u b\u1ec7nh h\u1ea1i v\u00e0 l\u00e2m s\u1ea3n ngo\u00e0i g\u1ed7.<\/li>\n<li>Nghi\u00ean c\u1ee9u, \u00e1p d\u1ee5ng c\u00f4ng ngh\u1ec7 cao trong ch\u1ebf bi\u1ebfn v\u00e0 b\u1ea3o qu\u1ea3n l\u00e2m s\u1ea3n, t\u1ea1o v\u1eadt li\u1ec7u ti\u00ean ti\u1ebfn, th\u00e2n thi\u1ec7n v\u1edbi m\u00f4i tr\u01b0\u1eddng.<\/li>\n<li>L\u01b0\u1ee3ng gi\u00e1 gi\u00e1 tr\u1ecb t\u00e0i nguy\u00ean r\u1eebng v\u00e0 \u0111a d\u1ea1ng sinh h\u1ecdc g\u1eafn v\u1edbi ch\u00ednh s\u00e1ch chi tr\u1ea3 d\u1ecbch v\u1ee5 m\u00f4i tr\u01b0\u1eddng r\u1eebng.<\/li>\n<li>Gi\u1ea3m nh\u1eb9 v\u00e0 th\u00edch \u1ee9ng v\u1edbi bi\u1ebfn \u0111\u1ed5i kh\u00ed h\u1eadu tr\u1ecdng l\u00e2m nghi\u1ec7p<\/li>\n<\/ol>\n<p><strong>Chi\u1ebfn l\u01b0\u1ee3c h\u00e0nh \u0111\u1ed9ng<\/strong><\/p>\n<p><strong><em>M\u1ee5c ti\u00eau chi\u1ebfn l\u01b0\u1ee3c<\/em><\/strong><\/p>\n<p>\u2013 T\u0103ng c\u01b0\u1eddng n\u0103ng l\u1ef1c nghi\u00ean c\u1ee9u, \u0111a d\u1ea1ng ngu\u1ed3n l\u1ef1c<\/p>\n<p>\u2013 N\u00e2ng cao ch\u1ea5t l\u01b0\u1ee3ng v\u00e0 hi\u1ec7u qu\u1ea3 nghi\u00ean c\u1ee9u, g\u1eafn nghi\u00ean c\u1ee9u khoa h\u1ecdc v\u1edbi th\u1ef1c ti\u1ec5n s\u1ea3n xu\u1ea5t.<\/p>\n<p>\u2013 H\u1ed9i nh\u1eadp, m\u1edf r\u1ed9ng h\u1ee3p t\u00e1c qu\u1ed1c t\u1ebf v\u00e0 \u0111\u00e0o t\u1ea1o ngu\u1ed3n nh\u00e2n l\u1ef1c<\/p>\n<p>\u2013 \u0110\u00f3ng g\u00f3p cao cho s\u1ef1 ph\u00e1t tri\u1ec3n kinh t\u1ebf-x\u00e3 h\u1ed9i c\u1ee7a \u0111\u1ea5t n\u01b0\u1edbc<\/p>\n<p><strong><em>Nghi\u00ean c\u1ee9u v\u00e0 tri\u1ec3n khai<\/em><\/strong><\/p>\n<p>\u2013 Nghi\u00ean c\u1ee9u t\u1eadp trung v\u00e0o gi\u1ed1ng m\u1edbi, v\u1eadt li\u1ec7u m\u1edbi,c\u00f4ng ngh\u1ec7 ti\u00ean ti\u1ebfn, \u1ee9ng d\u1ee5ng c\u00f4ng ngh\u1ec7 cao.<\/p>\n<p>\u2013 K\u1ebft qu\u1ea3 nghi\u00ean c\u1ee9u ph\u1ee5c v\u1ee5 x\u00e2y d\u1ef1ng ch\u00ednh s\u00e1ch v\u00e0 chuy\u1ec3n giao nhanh cho s\u1ea3n xu\u1ea5t.<\/p>\n<p><strong><em>S\u1ea3n ph\u1ea9m nghi\u00ean c\u1ee9u<\/em><\/strong><\/p>\n<p>\u2013 \u0110em l\u1ea1i l\u1ee3i \u00edch t\u1ed1i \u0111a cho kh\u00e1ch h\u00e0ng.<\/p>\n<p>\u2013 Ch\u1ea5t l\u01b0\u1ee3ng v\u00e0 hi\u1ec7u qu\u1ea3<\/p>\n<p>\u2013 Th\u00e2n thi\u1ec7n m\u00f4i tr\u01b0\u1eddng<\/p>\n<p><strong><em>T\u1ed5 ch\u1ee9c th\u1ef1c hi\u1ec7n<\/em><\/strong><\/p>\n<p>\u2013 \u0110\u1ed9i ng\u0169 chuy\u00ean nghi\u1ec7p<\/p>\n<p>\u2013 Nghi\u00ean c\u1ee9u ch\u1ea5t l\u01b0\u1ee3ng<\/p>\n<p>\u2013 Chuy\u1ec3n giao hi\u1ec7u qu\u1ea3<\/p>\n<p>\u2013 \u0110\u00e1p \u1ee9ng y\u00eau c\u1ea7u s\u1ea3n xu\u1ea5t<\/p>\n<p class=\"MsoNormal\" style=\"margin-bottom: .0001pt;line-height: normal\"><b><span style=\"font-family: 'MyriadPro-Regular','sans-serif';color: #00b050\">C\u01a0 S\u1ede V\u1eacT CH\u1ea4T PH\u1ee4C V\u1ee4 NGHI\u00caN C\u1ee8U<\/span><\/b><\/p>\n<p>C\u00e1c ph\u00f2ng th\u00ed nghi\u1ec7m, c\u00e1c tr\u1ea1m v\u00e0 x\u01b0\u1edfng th\u1ef1c nghi\u1ec7m chuy\u00ean ng\u00e0nh v\u1ec1: Gi\u1ed1ng va\u0300 c\u00f4ng ngh\u00ea\u0323 sinh ho\u0323c l\u00e2m nghi\u00ea\u0323p; ba\u0309o v\u00ea\u0323 r\u01b0\u0300ng; \u0111\u1ea5t r\u1eebng, sinh ly\u0301 th\u1ef1c v\u1eadt, sinh tha\u0301i r\u01b0\u0300ng; b\u1ea3o qu\u1ea3n l\u00e2m s\u1ea3n; khoa h\u1ecdc g\u1ed7, l\u00e2m sa\u0309n ngoa\u0300i g\u1ed7; ch\u1ebf bi\u1ebfn l\u00e2m sa\u0309n; c\u01a1 khi\u0301 l\u00e2m nghi\u00ea\u0323p.<\/p>\n<p>Th\u01b0 vi\u1ec7n trung t\u00e2m v\u1edbi tr\u00ean 20.000 \u0111\u1ea7u s\u00e1ch v\u00e0 \u0111\u01b0\u1ee3c \u0111\u1eb7t t\u1ea1i V\u0103n ph\u00f2ng Vi\u1ec7n Khoa h\u1ecdc L\u00e2m nghi\u1ec7p Vi\u1ec7t Nam. Ngo\u00e0i ra Vi\u1ec7n c\u00f2n c\u00f3 h\u1ec7 th\u1ed1ng c\u00e1c th\u01b0 vi\u1ec7n nh\u1ecf c\u1ee7a c\u00e1c Vi\u1ec7n, Trung t\u00e2m tr\u1ef1c thu\u1ed9c. C\u00e1c th\u01b0 vi\u1ec7n l\u01b0u tr\u1eef c\u00e1c \u1ea5n ph\u1ea9m v\u1ec1 t\u1ea5t c\u1ea3 c\u00e1c l\u0129nh v\u1ef1c c\u1ee7a Vi\u1ec7n v\u1edbi c\u00e1c ng\u00f4n ng\u1eef: ti\u1ebfng Vi\u1ec7t, Anh, Ph\u00e1p, \u0110\u1ee9c, Nga, Hoa, T\u00e2y Ban Nha&#8230;<\/p>\n<p>Ma\u0323ng Internet, website, LAN lu\u00f4n \u0111\u01b0\u1ee3c duy tr\u00ec v\u00e0 c\u1eadp nh\u1eadt th\u01b0\u1eddng xuy\u00ean.<\/p>\n<p>Vi\u1ec7n \u0111ang qu\u1ea3n l\u00fd h\u01a1n 11.693 ha r\u1eebng nghi\u00ean c\u1ee9u, th\u00ed nghi\u1ec7m t\u1ea1i c\u00e1c Vi\u1ec7n, Trung t\u00e2m tr\u01b0\u0323c thu\u00f4\u0323c, \u1edf c\u00e1c v\u00f9ng sinh th\u00e1i, trong \u0111\u00f3 c\u00f3 1.500ha r\u1eebng t\u1ef1 nhi\u00ean l\u00e1 r\u1ed9ng th\u01b0\u1eddng xanh. Ngo\u00e0i ra c\u00f3 c\u00e1c hi\u1ec7n tr\u01b0\u1eddng nghi\u00ean c\u1ee9u li\u00ean k\u1ebft v\u1edbi c\u00e1c V\u01b0\u1eddn Qu\u1ed1c gia v\u00e0 t\u1ed5 ch\u1ee9c kh\u00e1c.<\/p>\n","protected":false},"excerpt":{"rendered":"<p><!--[if gte mso 9]&gt;--><\/p>\n<p>1024&#215;768<\/p>\n<p style=\"text-align: justify;text-indent: 11.9pt\" class=\"MsoNormal\" align=\"justify\">\n<span style=\"font-size: 10pt;font-family: Arial\">Vi\u1ec7n Nghi&ecirc;n c\u1ee9u L&acirc;m nghi\u1ec7p l&agrave; ti\u1ec1n<br \/>\nth&acirc;n c\u1ee7a Vi\u1ec7n Khoa h\u1ecdc L&acirc;m nghi\u1ec7p Vi\u1ec7t Nam, \u0111\u01b0\u1ee3c th&agrave;nh l\u1eadp n\u0103m 1961. Qu&aacute;<br \/>\ntr&igrave;nh ph&aacute;t tri\u1ec3n t\u1eeb 1 vi&ecirc;\u0323n la\u0300 Vi\u1ec7n Nghi&ecirc;n c\u1ee9u L&acirc;m nghi\u1ec7p 1961-1971; sau \u0111&oacute;<br \/>\nth&agrave;nh 3 vi&ecirc;\u0323n (Vi\u1ec7n L&acirc;m nghi\u1ec7p 1972-1988, Vi&ecirc;\u0323n C&ocirc;ng nghi&ecirc;\u0323p r\u01b0\u0300ng 1974-1988,<br \/>\nVi&ecirc;\u0323n Kinh t&ecirc;\u0301 L&acirc;m nghi&ecirc;\u0323p 1981-1988); va\u0300 h\u01a1\u0323p nh&acirc;\u0301t tha\u0300nh <strong>Vi\u1ec7n Khoa h\u1ecdc L&acirc;m nghi\u1ec7p Vi\u1ec7t Nam<\/strong> (t\u01b0\u0300<br \/>\n1988 \u0111&ecirc;\u0301n nay).<\/span>\n<\/p>\n<p><!--[if gte mso 9]&gt;--><\/p>\n<p>Normal<br \/>\n0<\/p>\n<p>false<br \/>\nfalse<br \/>\nfalse<\/p>\n<p><!--[if gte mso 9]&gt;--><\/p>\n<p><!--[if !mso]&gt;--><\/p>\n<p>st1\\:*{behavior:url(#ieooui) }<\/p>\n<p><!--[if gte mso 10]&gt;--><\/p>\n<p>\/* Style Definitions *\/<br \/>\ntable.MsoNormalTable<br \/>\n{mso-style-name:&#8221;Table Normal&#8221;;<br \/>\nmso-tstyle-rowband-size:0;<br \/>\nmso-tstyle-colband-size:0;<br \/>\nmso-style-noshow:yes;<br \/>\nmso-style-parent:&#8221;&#8221;;<br \/>\nmso-padding-alt:0cm 5.4pt 0cm 5.4pt;<br \/>\nmso-para-margin:0cm;<br \/>\nmso-para-margin-bottom:.0001pt;<br \/>\nmso-pagination:widow-orphan;<br \/>\nfont-size:10.0pt;<br \/>\nfont-family:&#8221;Times New Roman&#8221;;<br \/>\nmso-ansi-language:#0400;<br \/>\nmso-fareast-language:#0400;<br \/>\nmso-bidi-language:#0400;}<\/p>\n","protected":false},"author":1,"featured_media":0,"parent":0,"menu_order":0,"comment_status":"open","ping_status":"open","template":"","meta":[],"_links":{"self":[{"href":"https:\/\/vafs.gov.vn\/vn\/wp-json\/wp\/v2\/pages\/9886"}],"collection":[{"href":"https:\/\/vafs.gov.vn\/vn\/wp-json\/wp\/v2\/pages"}],"about":[{"href":"https:\/\/vafs.gov.vn\/vn\/wp-json\/wp\/v2\/types\/page"}],"author":[{"embeddable":true,"href":"https:\/\/vafs.gov.vn\/vn\/wp-json\/wp\/v2\/users\/1"}],"replies":[{"embeddable":true,"href":"https:\/\/vafs.gov.vn\/vn\/wp-json\/wp\/v2\/comments?post=9886"}],"version-history":[{"count":15,"href":"https:\/\/vafs.gov.vn\/vn\/wp-json\/wp\/v2\/pages\/9886\/revisions"}],"predecessor-version":[{"id":19737,"href":"https:\/\/vafs.gov.vn\/vn\/wp-json\/wp\/v2\/pages\/9886\/revisions\/19737"}],"wp:attachment":[{"href":"https:\/\/vafs.gov.vn\/vn\/wp-json\/wp\/v2\/media?parent=9886"}],"curies":[{"name":"wp","href":"https:\/\/api.w.org\/{rel}","templated":true}]}}