{"id":8459,"date":"2012-09-19T07:28:34","date_gmt":"2012-09-19T00:28:34","guid":{"rendered":"http:\/\/vafs.gov.vn\/vn\/2012\/09\/gioi-thieu-tom-tat-vien-khoa-hoc-lam-nghiep-viet-nam\/"},"modified":"2013-10-07T16:17:27","modified_gmt":"2013-10-07T09:17:27","slug":"gioi-thieu-tom-tat-vien-khoa-hoc-lam-nghiep-viet-nam","status":"publish","type":"page","link":"https:\/\/vafs.gov.vn\/vn\/gioi-thieu-tom-tat-vien-khoa-hoc-lam-nghiep-viet-nam\/","title":{"rendered":"Gi\u1edbi thi\u1ec7u t\u00f3m t\u1eaft Vi\u1ec7n Khoa h\u1ecdc L\u00e2m nghi\u1ec7p Vi\u1ec7t Nam"},"content":{"rendered":"<p> <img>1. Vi\u1ec7n Khoa h\u1ecdc L\u00e2m nghi\u1ec7p Vi\u1ec7t Nam( T\u00ean giao d\u1ecbch qu\u1ed1c t\u1ebf : Forest Science Institute of Vietnam FSIV) l\u00e0 \u0111\u01a1n v\u1ecb s\u1ef1 nghi\u1ec7p nghi\u00ean c\u1ee9u khoa h\u1ecdc duy nh\u1ea5t c\u1ee7a Ng\u00e0nh L\u00e2m nghi\u1ec7p, tr\u1ef1c thu\u1ed9c B\u1ed9 N\u00f4ng nghi\u1ec7p v\u00e0 ph\u00e1t tri\u1ec3n n\u00f4ng th\u00f4n (t\u00ean t\u1eaft ti\u1ebfng Anh MARD tr\u01b0\u1edbc thu\u1ed9c B\u1ed9 L\u00e2m nghi\u1ec7p c\u0169). Vi\u1ec7n \u0111\u00e3 \u0111\u0103ng k\u00fd ho\u1ea1t \u0111\u1ed9ng khoa h\u1ecdc v\u00e0 c\u00f4ng ngh\u1ec7 \u1edf B\u1ed9 Khoa h\u1ecdc c\u00f4ng ngh\u1ec7 v\u00e0 m\u00f4i tr\u01b0\u1eddng (MOSTE). <\/p>\n<p> 2. Ti\u1ec1n th\u00e2n c\u1ee7a Vi\u1ec7n Khoa h\u1ecdc L\u00e2m nghi\u1ec7p l\u00e0 Vi\u1ec7n Nghi\u00ean c\u1ee9u L\u00e2m nghi\u1ec7p \u0111\u01b0\u1ee3c th\u00e0nh l\u1eadp t\u1eeb n\u0103m 1961 tr\u1ef1c thu\u1ed9c T\u1ed5ng c\u1ee5c L\u00e2m nghi\u1ec7p, sau t\u00e1ch th\u00e0nh 3 Vi\u1ec7n: Vi\u1ec7n Nghi\u00ean c\u1ee9u L\u00e2m nghi\u1ec7p, Vi\u1ec7n C\u00f4ng nghi\u1ec7p r\u1eebng (1971), Vi\u1ec7n Kinh t\u1ebf (1982) v\u00e0 n\u0103m 1988 quy\u1ebft \u0111\u1ecbnh c\u1ee7a H\u1ed9i \u0111\u1ed3ng B\u1ed9 tr\u01b0\u1edfng h\u1ee3p nh\u1ea5t 3 Vi\u1ec7n th\u00e0nh Vi\u1ec7n Khoa h\u1ecdc L\u00e2m nghi\u1ec7p Vi\u1ec7t Nam. <\/p>\n<p> 3. Tr\u1ee5 s\u1edf ch\u00ednh c\u1ee7a Vi\u1ec7n \u0111\u1eb7t t\u1ea1i \u0110\u00f4ng Ng\u1ea1c &#8211; Ch\u00e8m &#8211; T\u1eeb Li\u00eam H\u00e0 N\u1ed9i v\u00e0 Ph\u00e2n vi\u1ec7n Nghi\u00ean c\u1ee9u Khoa h\u1ecdc L\u00e2m nghi\u1ec7p \u1edf Th\u00e0nh ph\u1ed1 H\u1ed3 Ch\u00ed Minh (Ph\u1ea1m V\u0103n Hai &#8211; Qu\u1eadn T\u00e2n B\u00ecnh). <\/p>\n<p> 4. T\u1ed5 ch\u1ee9c nghi\u00ean c\u1ee9u c\u1ee7a Vi\u1ec7n theo c\u00e1c Ph\u00f2ng chuy\u00ean m\u00f4n v\u1ec1 c\u00e1c l\u0129nh v\u1ef1c L\u00e2m sinh ( nghi\u00ean c\u1ee9u v\u1ec1 r\u1eebng n\u00f3i chung), C\u00f4ng nghi\u1ec7p r\u1eebng, Kinh t\u1ebf l\u00e2m nghi\u1ec7p, c\u00e1c Trung t\u00e2m nghi\u00ean c\u1ee9u chuy\u00ean \u0111\u1ec1 (c\u00f3 3 Trung t\u00e2m: Trong \u0111\u00f3 c\u00f3 Trung t\u00e2m Nghi\u00ean c\u1ee9u sinh th\u00e1i v\u00e0 m\u00f4i tr\u01b0\u1eddng r\u1eebng), c\u00e1c Trung t\u00e2m chuy\u1ec3n giao k\u1ef9 thu\u1eadt v\u00e0 c\u00e1c Trung t\u00e2m khoa h\u1ecdc &#8211; s\u1ea3n xu\u1ea5t theo v\u00f9ng tr\u1ea3i d\u00e0i t\u1eeb B\u1eafc (S\u01a1n La) t\u1edbi Nam (m\u0169i C\u00e0 M\u00e2u). T\u1ea5t c\u1ea3 c\u00f3 11 Trung t\u00e2m nghi\u00ean c\u1ee9u l\u00e2m nghi\u1ec7p v\u00f9ng (T\u00e2y B\u1eafc, \u0110\u00f4ng B\u1eafc, V\u0129nh Ph\u00fa, B\u1eafc Trung B\u1ed9, L\u00e2m \u0110\u1ed3ng, \u0110\u00f4ng Nam B\u1ed9, Pleyku, Kon H\u00e0 N\u1eebng (Gia Lai), EaKmat (Dak Lak), Minh H\u1ea3i). <\/p>\n","protected":false},"excerpt":{"rendered":"<div align=\"justify\">\n1.<img decoding=\"async\" src=\"http:\/\/\" alt=\" \" \/> Vi\u1ec7n Khoa h\u1ecdc L&acirc;m nghi\u1ec7p Vi\u1ec7t Nam( T&ecirc;n giao d\u1ecbch qu\u1ed1c t\u1ebf : Forest Science Institute of Vietnam FSIV) l&agrave; \u0111\u01a1n v\u1ecb s\u1ef1 nghi\u1ec7p nghi&ecirc;n c\u1ee9u khoa h\u1ecdc duy nh\u1ea5t c\u1ee7a Ng&agrave;nh L&acirc;m nghi\u1ec7p, tr\u1ef1c thu\u1ed9c B\u1ed9 N&ocirc;ng nghi\u1ec7p v&agrave; ph&aacute;t tri\u1ec3n n&ocirc;ng th&ocirc;n (t&ecirc;n t\u1eaft ti\u1ebfng Anh MARD tr\u01b0\u1edbc thu\u1ed9c B\u1ed9 L&acirc;m nghi\u1ec7p c\u0169). Vi\u1ec7n \u0111&atilde; \u0111\u0103ng k&yacute; ho\u1ea1t \u0111\u1ed9ng khoa h\u1ecdc v&agrave; c&ocirc;ng ngh\u1ec7 \u1edf B\u1ed9 Khoa h\u1ecdc c&ocirc;ng ngh\u1ec7 v&agrave; m&ocirc;i tr\u01b0\u1eddng (MOSTE).\n<\/div>\n","protected":false},"author":1,"featured_media":0,"parent":0,"menu_order":0,"comment_status":"open","ping_status":"open","template":"","meta":[],"_links":{"self":[{"href":"https:\/\/vafs.gov.vn\/vn\/wp-json\/wp\/v2\/pages\/8459"}],"collection":[{"href":"https:\/\/vafs.gov.vn\/vn\/wp-json\/wp\/v2\/pages"}],"about":[{"href":"https:\/\/vafs.gov.vn\/vn\/wp-json\/wp\/v2\/types\/page"}],"author":[{"embeddable":true,"href":"https:\/\/vafs.gov.vn\/vn\/wp-json\/wp\/v2\/users\/1"}],"replies":[{"embeddable":true,"href":"https:\/\/vafs.gov.vn\/vn\/wp-json\/wp\/v2\/comments?post=8459"}],"version-history":[{"count":1,"href":"https:\/\/vafs.gov.vn\/vn\/wp-json\/wp\/v2\/pages\/8459\/revisions"}],"predecessor-version":[{"id":9999,"href":"https:\/\/vafs.gov.vn\/vn\/wp-json\/wp\/v2\/pages\/8459\/revisions\/9999"}],"wp:attachment":[{"href":"https:\/\/vafs.gov.vn\/vn\/wp-json\/wp\/v2\/media?parent=8459"}],"curies":[{"name":"wp","href":"https:\/\/api.w.org\/{rel}","templated":true}]}}