{"id":8453,"date":"2013-02-05T02:18:15","date_gmt":"2013-02-04T19:18:15","guid":{"rendered":"http:\/\/vafs.gov.vn\/vn\/2013\/04\/chuc-nang-nhiem-vu-cua-vien\/"},"modified":"2022-07-29T10:28:24","modified_gmt":"2022-07-29T03:28:24","slug":"chuc-nang-va-nhiem-vu","status":"publish","type":"page","link":"https:\/\/vafs.gov.vn\/vn\/chuc-nang-va-nhiem-vu\/","title":{"rendered":"Ch\u1ee9c n\u0103ng v\u00e0 nhi\u1ec7m v\u1ee5"},"content":{"rendered":"<p>Ng\u00e0y 25\/11\/2011 Th\u1ee7 t\u01b0\u1edbng Ch\u00ednh ph\u1ee7 ban h\u00e0nh quy\u1ebft \u0111\u1ecbnh s\u1ed1 2099\/Q\u0110-TTg v\u1ec1 t\u1ed5 ch\u1ee9c v\u00e0 ho\u1ea1t \u0111\u1ed9ng c\u1ee7a Vi\u1ec7n Khoa h\u1ecdc L\u00e2m nghi\u1ec7p Vi\u1ec7t Nam l\u00e0 t\u1ed5 ch\u1ee9c s\u1ef1 nghi\u1ec7p khoa h\u1ecdc h\u1ea1ng \u0111\u1eb7c bi\u1ec7t, c\u00f3 ch\u1ee9c n\u0103ng nghi\u00ean c\u1ee9u khoa h\u1ecdc, chuy\u1ec3n giao c\u00f4ng ngh\u1ec7, h\u1ee3p t\u00e1c qu\u1ed1c t\u1ebf, \u0111\u00e0o t\u1ea1o sau \u0111\u1ea1i h\u1ecdc v\u00e0 t\u01b0 v\u1ea5n trong l\u0129nh v\u1ef1c l\u00e2m nghi\u1ec7p ph\u1ee5c v\u1ee5 y\u00eau c\u1ea7u qu\u1ea3n l\u00fd nh\u00e0 n\u01b0\u1edbc v\u1ec1 n\u00f4ng nghi\u1ec7p v\u00e0 ph\u00e1t tri\u1ec3n n\u00f4ng th\u00f4n.<\/p>\n<p>Ng\u00e0y 18\/5\/2012, B\u1ed9 tr\u01b0\u1edfng B\u1ed9 NN&amp;PTNT ban h\u00e0nh quy\u1ebft \u0111\u1ecbnh s\u1ed1 1149\/Q\u0110-BNN-TCCB quy \u0111\u1ecbnh ch\u1ee9c n\u0103ng, nhi\u1ec7m v\u1ee5, quy\u1ec1n h\u1ea1n v\u00e0 c\u01a1 c\u1ea5u t\u1ed5 ch\u1ee9c c\u1ee7a Vi\u1ec7n Khoa h\u1ecdc L\u00e2m nghi\u1ec7p Vi\u1ec7t Nam. Trong \u0111\u00f3, ch\u1ee9c n\u0103ng, nhi\u1ec7m v\u1ee5 c\u1ee7a Vi\u1ec7n \u0111\u01b0\u1ee3c quy \u0111\u1ecbnh nh\u01b0 sau:<\/p>\n<p><strong>Ch\u1ee9c n\u0103ng:<\/strong><\/p>\n<p>Nghi\u00ean c\u1ee9u khoa h\u1ecdc, chuy\u1ec3n giao c\u00f4ng ngh\u1ec7, h\u1ee3p t\u00e1c qu\u1ed1c t\u1ebf, \u0111\u00e0o t\u1ea1o v\u00e0 t\u01b0 v\u1ea5n trong l\u0129nh v\u1ef1c l\u00e2m nghi\u1ec7p ph\u1ee5c v\u1ee5 y\u00eau c\u1ea7u qu\u1ea3n l\u00fd nh\u00e0 n\u01b0\u1edbc v\u1ec1 n\u00f4ng nghi\u1ec7p v\u00e0 ph\u00e1t tri\u1ec3n n\u00f4ng th\u00f4n.<\/p>\n<p><strong>Nhi\u1ec7m v\u1ee5 v\u00e0 quy\u1ec1n h\u1ea1n:<\/strong><\/p>\n<div id=\"odc0mdcxnju1\">\n<div>\n<p>1. X\u00e2y d\u1ef1ng chi\u1ebfn l\u01b0\u1ee3c, quy ho\u1ea1ch, k\u1ebf ho\u1ea1ch 5 n\u0103m, h\u00e0ng n\u0103m, c\u00e1c ch\u01b0\u01a1ng tr\u00ecnh, d\u1ef1 \u00e1n c\u1ee7a ng\u00e0nh, c\u1ee7a Vi\u1ec7n v\u1ec1 khoa h\u1ecdc, c\u00f4ng ngh\u1ec7 trong l\u0129nh v\u1ef1c l\u00e2m nghi\u1ec7p theo quy \u0111\u1ecbnh; t\u1ed5 ch\u1ee9c th\u1ef1c hi\u1ec7n sau khi \u0111\u01b0\u1ee3c c\u00e1c c\u1ea5p c\u00f3 th\u1ea9m quy\u1ec1n ph\u00ea duy\u1ec7t.<\/p>\n<\/div>\n<\/div>\n<p>2. Nghi\u00ean c\u1ee9u c\u01a1 b\u1ea3n c\u00f3 \u0111\u1ecbnh h\u01b0\u1edbng v\u00e0 nghi\u00ean c\u1ee9u \u1ee9ng d\u1ee5ng t\u1ed5ng h\u1ee3p v\u1ec1 l\u00e2m nghi\u1ec7p, bao g\u1ed3m:<\/p>\n<p>a) Khoa h\u1ecdc c\u01a1 s\u1edf v\u1ec1 l\u00fd thuy\u1ebft l\u00e2m h\u1ecdc c\u00e1c h\u1ec7 sinh th\u00e1i r\u1eebng nhi\u1ec7t \u0111\u1edbi Vi\u1ec7t Nam;<\/p>\n<p>b) K\u1ef9 thu\u1eadt v\u00e0 c\u00f4ng ngh\u1ec7 tr\u1ed3ng, ph\u1ee5c h\u1ed3i, l\u00e0m gi\u00e0u, c\u1ea3i t\u1ea1o, x\u00fac ti\u1ebfn t\u00e1i sinh t\u1ef1 nhi\u00ean \u0111\u1ec3 ph\u00e1t tri\u1ec3n v\u00e0 qu\u1ea3n l\u00fd b\u1ec1n v\u1eefng r\u1eebng t\u1ef1 nhi\u00ean, r\u1eebng tr\u1ed3ng \u1edf Vi\u1ec7t Nam v\u00e0 n\u00f4ng l\u00e2m k\u1ebft h\u1ee3p;<\/p>\n<p>c) C\u01a1 s\u1edf khoa h\u1ecdc v\u00e0 c\u00e1c bi\u1ec7n ph\u00e1p b\u1ea3o t\u1ed3n v\u00e0 ph\u00e1t tri\u1ec3n ngu\u1ed3n gen th\u1ef1c v\u1eadt r\u1eebng, \u0111\u1ed9ng v\u1eadt r\u1eebng;<\/p>\n<p>d) V\u1ec1 gi\u1ed1ng c\u00e2y l\u00e2m nghi\u1ec7p, g\u1ed3m c\u00e1c lo\u1ea1i h\u00ecnh r\u1eebng gi\u1ed1ng, v\u01b0\u1eddn gi\u1ed1ng, ch\u1ecdn t\u1ea1o gi\u1ed1ng v\u00e0 nh\u00e2n gi\u1ed1ng c\u00e2y l\u00e2m nghi\u1ec7p, l\u01b0u gi\u1eef t\u1eadp \u0111o\u00e0n gi\u1ed1ng c\u00f4ng t\u00e1c l\u00e2m nghi\u1ec7p;<\/p>\n<p>\u0111) Ph\u00e1t tri\u1ec3n v\u00e0 \u1ee9ng d\u1ee5ng c\u00f4ng ngh\u1ec7 sinh h\u1ecdc trong l\u00e2m nghi\u1ec7p;<\/p>\n<p>e) Sinh l\u00fd, sinh th\u00e1i c\u00e1 th\u1ec3 v\u00e0 qu\u1ea7n th\u1ec3, qu\u1ea7n x\u00e3 th\u1ef1c v\u1eadt r\u1eebng v\u00e0 c\u00e1c bi\u1ec7n ph\u00e1p ph\u1ee5c h\u1ed3i h\u1ec7 sinh th\u00e1i r\u1eebng, b\u1ea3o v\u1ec7, b\u1ea3o t\u1ed3n c\u00e1c h\u1ec7 sinh th\u00e1i \u0111\u1eb7c th\u00f9;<\/p>\n<p>g) C\u01a1 s\u1edf khoa h\u1ecdc v\u00e0 bi\u1ec7n ph\u00e1p s\u1eed d\u1ee5ng b\u1ec1n v\u1eefng \u0111\u1ea5t l\u00e2m nghi\u1ec7p;<\/p>\n<p>h) C\u01a1 s\u1edf khoa h\u1ecdc v\u1ec1 \u0111\u00e1nh gi\u00e1, d\u1ef1 b\u00e1o t\u00e1c \u0111\u1ed9ng m\u00f4i tr\u01b0\u1eddng l\u00e2m nghi\u1ec7p, bi\u1ebfn \u0111\u1ed5i kh\u00ed h\u1eadu, quan tr\u1eafc m\u00f4i tr\u01b0\u1eddng;<\/p>\n<p>i) K\u1ef9 thu\u1eadt nu\u00f4i, g\u00e2y tr\u1ed3ng, khai th\u00e1c, ch\u1ebf bi\u1ebfn, b\u1ea3o qu\u1ea3n c\u00e1c lo\u1ea1i l\u00e2m s\u1ea3n ngo\u00e0i g\u1ed7;<\/p>\n<p>k) C\u01a1 s\u1edf khoa h\u1ecdc v\u00e0 bi\u1ec7n ph\u00e1p ph\u00f2ng, tr\u1eeb s\u00e2u b\u1ec7nh h\u1ea1i r\u1eebng; c\u00f4ng ngh\u1ec7 ph\u00f2ng, ch\u1eefa ch\u00e1y r\u1eebng;<\/p>\n<p>l) Khoa h\u1ecdc v\u1ec1 t\u1ed5 ch\u1ee9c v\u00e0 qu\u1ea3n l\u00fd l\u00e2m nghi\u1ec7p; c\u01a1 ch\u1ebf, ch\u00ednh s\u00e1ch l\u00e2m nghi\u1ec7p; kinh t\u1ebf t\u00e0i nguy\u00ean v\u00e0 m\u00f4i tr\u01b0\u1eddng r\u1eebng; th\u1ecb tr\u01b0\u1eddng l\u00e2m s\u1ea3n; l\u00e2m nghi\u1ec7p c\u1ed9ng \u0111\u1ed3ng;<\/p>\n<p>m) C\u01a1 gi\u1edbi h\u00f3a s\u1ea3n xu\u1ea5t gi\u1ed1ng c\u00e2y l\u00e2m nghi\u1ec7p, tr\u1ed3ng r\u1eebng, khai th\u00e1c, v\u1eadn xu\u1ea5t, v\u1eadn chuy\u1ec3n, ch\u1ebf bi\u1ebfn, b\u1ea3o qu\u1ea3n l\u00e2m s\u1ea3n;<\/p>\n<p>n) \u0110\u1eb7c t\u00ednh c\u00f4ng ngh\u1ec7 c\u01a1 b\u1ea3n c\u1ee7a g\u1ed7 v\u00e0 c\u00e1c lo\u1ea1i l\u00e2m s\u1ea3n ph\u1ee5c v\u1ee5 c\u00f4ng nghi\u1ec7p ch\u1ebf bi\u1ebfn;<\/p>\n<p>o) C\u00f4ng ngh\u1ec7 gia c\u00f4ng, x\u1eed l\u00fd, ch\u1ebf bi\u1ebfn c\u01a1, h\u00f3a l\u00e2m s\u1ea3n; b\u1ea3o qu\u1ea3n l\u00e2m s\u1ea3n, thu\u1ed1c b\u1ea3o qu\u1ea3n l\u00e2m s\u1ea3n;<\/p>\n<p>3. Th\u1ef1c hi\u1ec7n c\u00e1c nhi\u1ec7m v\u1ee5 khoa h\u1ecdc c\u00f4ng ngh\u1ec7 tr\u1ecdng \u0111i\u1ec3m c\u1ea5p nh\u00e0 n\u01b0\u1edbc.<\/p>\n<p>4. Th\u1ea9m tra ho\u1eb7c tham gia th\u1ea9m tra v\u1ec1 c\u00f4ng ngh\u1ec7, kinh t\u1ebf, k\u1ef9 thu\u1eadt c\u00e1c d\u1ef1 \u00e1n tr\u1ecdng \u0111i\u1ec3m c\u1ea5p nh\u00e0 n\u01b0\u1edbc v\u1ec1 l\u0129nh v\u1ef1c l\u00e2m nghi\u1ec7p theo quy \u0111\u1ecbnh c\u1ee7a ph\u00e1p lu\u1eadt.<\/p>\n<p>5. Nghi\u00ean c\u1ee9u v\u00e0 ph\u00e1t tri\u1ec3n c\u00f4ng ngh\u1ec7 m\u1edbi, c\u00f4ng ngh\u1ec7 cao trong l\u00e2m nghi\u1ec7p.<\/p>\n<p>6. X\u00e2y d\u1ef1ng c\u00e1c ti\u00eau chu\u1ea9n qu\u1ed1c gia, quy chu\u1ea9n k\u1ef9 thu\u1eadt qu\u1ed1c gia, \u0111\u1ecbnh m\u1ee9c kinh t\u1ebf, k\u1ef9 thu\u1eadt l\u00e2m nghi\u1ec7p tr\u00ecnh c\u1ea5p c\u00f3 th\u1ea9m quy\u1ec1n ph\u00ea duy\u1ec7t theo nhi\u1ec7m v\u1ee5 \u0111\u01b0\u1ee3c giao v\u00e0 theo quy \u0111\u1ecbnh c\u1ee7a ph\u00e1p lu\u1eadt.<\/p>\n<p>7. \u0110\u00e0o t\u1ea1o ti\u1ebfn s\u1ef9, li\u00ean k\u1ebft \u0111\u00e0o t\u1ea1o th\u1ea1c s\u1ef9, tham gia b\u1ed3i d\u01b0\u1ee1ng ngu\u1ed3n nh\u00e2n l\u1ef1c v\u1ec1 khoa h\u1ecdc v\u00e0 c\u00f4ng ngh\u1ec7 l\u00e2m nghi\u1ec7p v\u00e0 c\u00e1c l\u0129nh v\u1ef1c kh\u00e1c c\u00f3 li\u00ean quan theo quy \u0111\u1ecbnh c\u1ee7a ph\u00e1p lu\u1eadt.<\/p>\n<p>8. H\u1ee3p t\u00e1c qu\u1ed1c t\u1ebf, li\u00ean doanh, li\u00ean k\u1ebft v\u1edbi c\u00e1c t\u1ed5 ch\u1ee9c, c\u00e1 nh\u00e2n v\u1ec1 nghi\u00ean c\u1ee9u khoa h\u1ecdc, ph\u00e1t tri\u1ec3n c\u00f4ng ngh\u1ec7 v\u00e0 \u0111\u00e0o t\u1ea1o ngu\u1ed3n nh\u00e2n l\u1ef1c trong l\u0129nh v\u1ef1c l\u00e2m nghi\u1ec7p theo quy \u0111\u1ecbnh c\u1ee7a ph\u00e1p lu\u1eadt.<\/p>\n<p>9. Th\u1ef1c hi\u1ec7n c\u00e1c d\u1ecbch v\u1ee5 khoa h\u1ecdc v\u00e0 c\u00f4ng ngh\u1ec7; chuy\u1ec3n giao k\u1ebft qu\u1ea3 nghi\u00ean c\u1ee9u khoa h\u1ecdc, c\u00f4ng ngh\u1ec7 v\u00e0o s\u1ea3n xu\u1ea5t; tri\u1ec3n khai th\u1ef1c nghi\u1ec7m, s\u1ea3n xu\u1ea5t th\u1eed nghi\u1ec7m tr\u00ean c\u01a1 s\u1edf \u1ee9ng d\u1ee5ng k\u1ebft qu\u1ea3 nghi\u00ean c\u1ee9u khoa h\u1ecdc theo quy \u0111\u1ecbnh c\u1ee7a ph\u00e1p lu\u1eadt.<\/p>\n<p>10. T\u1ed5 ch\u1ee9c s\u1ea3n xu\u1ea5t, kinh doanh, xu\u1ea5t kh\u1ea9u, nh\u1eadp kh\u1ea9u c\u00e1c s\u1ea3n ph\u1ea9m v\u00e0 c\u00f4ng ngh\u1ec7 l\u00e2m nghi\u1ec7p, n\u00f4ng l\u00e2m k\u1ebft h\u1ee3p, c\u00e1c s\u1ea3n ph\u1ea9m ph\u00f9 h\u1ee3p v\u1edbi l\u0129nh v\u1ef1c ho\u1ea1t \u0111\u1ed9ng chuy\u00ean m\u00f4n c\u1ee7a Vi\u1ec7n theo quy \u0111\u1ecbnh c\u1ee7a ph\u00e1p lu\u1eadt.<\/p>\n<p>11. T\u01b0 v\u1ea5n l\u1eadp d\u1ef1 \u00e1n; t\u01b0 v\u1ea5n gi\u00e1m s\u00e1t, th\u1ea9m tra; t\u01b0 v\u1ea5n th\u1ea9m \u0111\u1ecbnh h\u1ed3 s\u01a1 thi\u1ebft k\u1ebf, d\u1ef1 to\u00e1n c\u00e1c ch\u01b0\u01a1ng tr\u00ecnh, d\u1ef1 \u00e1n \u0111\u1ea7u t\u01b0, c\u00f4ng tr\u00ecnh x\u00e2y d\u1ef1ng l\u00e2m nghi\u1ec7p theo quy \u0111\u1ecbnh c\u1ee7a ph\u00e1p lu\u1eadt.<\/p>\n<p>12. Th\u1ea9m \u0111\u1ecbnh, ph\u00ea duy\u1ec7t \u0111\u1ec1 c\u01b0\u01a1ng nghi\u00ean c\u1ee9u, d\u1ef1 to\u00e1n, quy\u1ebft to\u00e1n v\u00e0 nghi\u1ec7m thu k\u1ebft qu\u1ea3 \u0111\u1ec1 t\u00e0i nghi\u00ean c\u1ee9u khoa h\u1ecdc v\u00e0 ph\u00e1t tri\u1ec3n c\u00f4ng ngh\u1ec7, d\u1ef1 \u00e1n s\u1ea3n xu\u1ea5t th\u1eed, th\u1eed nghi\u1ec7m c\u00f4ng ngh\u1ec7 c\u1ee7a c\u00e1c \u0111\u01a1n v\u1ecb tr\u1ef1c thu\u1ed9c Vi\u1ec7n theo quy \u0111\u1ecbnh c\u1ee7a ph\u00e1p lu\u1eadt v\u00e0 ph\u00e2n c\u1ea5p c\u1ee7a B\u1ed9 N\u00f4ng nghi\u1ec7p v\u00e0 Ph\u00e1t tri\u1ec3n n\u00f4ng th\u00f4n.<\/p>\n<p>13. Xu\u1ea5t b\u1ea3n c\u00e1c \u1ea5n ph\u1ea9m, th\u00f4ng tin khoa h\u1ecdc, c\u00f4ng ngh\u1ec7 v\u00e0 m\u00f4i tr\u01b0\u1eddng, ph\u00e1t h\u00e0nh t\u1ea1p ch\u00ed, trang th\u00f4ng tin \u0111i\u1ec7n t\u1eed theo chuy\u00ean ng\u00e0nh theo quy \u0111\u1ecbnh c\u1ee7a ph\u00e1p lu\u1eadt.<\/p>\n<p>14. Qu\u1ea3n l\u00fd ngu\u1ed3n nh\u00e2n l\u1ef1c, kinh ph\u00ed, t\u00e0i s\u1ea3n v\u00e0 c\u00e1c ngu\u1ed3n l\u1ef1c kh\u00e1c \u0111\u01b0\u1ee3c giao theo quy \u0111\u1ecbnh c\u1ee7a ph\u00e1p lu\u1eadt.<\/p>\n<p>15. Quy\u1ebft \u0111\u1ecbnh vi\u1ec7c m\u1eddi chuy\u00ean gia, c\u00e1c nh\u00e0 khoa h\u1ecdc n\u01b0\u1edbc ngo\u00e0i v\u00e0o Vi\u1ec7t Nam v\u00e0 c\u1eed c\u00e1n b\u1ed9 ra n\u01b0\u1edbc ngo\u00e0i c\u00f4ng t\u00e1c, h\u1ecdc t\u1eadp theo quy \u0111\u1ecbnh c\u1ee7a ph\u00e1p lu\u1eadt v\u00e0 ph\u00e2n c\u1ea5p qu\u1ea3n l\u00fd c\u00e1n b\u1ed9 c\u1ee7a B\u1ed9 N\u00f4ng nghi\u1ec7p v\u00e0 Ph\u00e1t tri\u1ec3n n\u00f4ng th\u00f4n.<\/p>\n<p>16. Th\u1ef1c hi\u1ec7n nhi\u1ec7m v\u1ee5 li\u00ean quan \u0111\u1ebfn C\u00f4ng \u01b0\u1edbc v\u1ec1 bu\u00f4n b\u00e1n qu\u1ed1c t\u1ebf c\u00e1c lo\u00e0i \u0111\u1ed9ng v\u1eadt, th\u1ef1c v\u1eadt hoang d\u00e3 nguy c\u1ea5p (CITES) theo quy \u0111\u1ecbnh c\u1ee7a ph\u00e1p lu\u1eadt.<\/p>\n<p>17. Th\u1ef1c hi\u1ec7n c\u00e1c nhi\u1ec7m v\u1ee5 kh\u00e1c do B\u1ed9 tr\u01b0\u1edfng B\u1ed9 N\u00f4ng nghi\u1ec7p v\u00e0 Ph\u00e1t tri\u1ec3n n\u00f4ng th\u00f4n giao.<\/p>\n","protected":false},"excerpt":{"rendered":"<p><!--[if gte mso 9]&gt;--><\/p>\n<p>Normal<br \/>\n0<\/p>\n<p>false<br \/>\nfalse<br \/>\nfalse<\/p>\n<p>MicrosoftInternetExplorer4<\/p>\n<p><!--[if gte mso 9]&gt;--><\/p>\n<p><!--[if !mso]&gt;--><\/p>\n<p>st1\\:*{behavior:url(#ieooui) }<\/p>\n<p><!--[if gte mso 10]&gt;--><\/p>\n<p>\/* Style Definitions *\/<br \/>\ntable.MsoNormalTable<br \/>\n{mso-style-name:&#8221;Table Normal&#8221;;<br \/>\nmso-tstyle-rowband-size:0;<br \/>\nmso-tstyle-colband-size:0;<br \/>\nmso-style-noshow:yes;<br \/>\nmso-style-parent:&#8221;&#8221;;<br \/>\nmso-padding-alt:0cm 5.4pt 0cm 5.4pt;<br \/>\nmso-para-margin:0cm;<br \/>\nmso-para-margin-bottom:.0001pt;<br \/>\nmso-pagination:widow-orphan;<br \/>\nfont-size:10.0pt;<br \/>\nfont-family:&#8221;Times New Roman&#8221;;<br \/>\nmso-ansi-language:#0400;<br \/>\nmso-fareast-language:#0400;<br \/>\nmso-bidi-language:#0400;}<\/p>\n<p style=\"margin: 6pt 0cm 1pt;text-align: justify;text-indent: 27pt;line-height: 20pt\" class=\"MsoNormal\">\n<span style=\"font-size: 10pt;font-family: Arial\">Ng&agrave;y 25\/11\/2011 Th\u1ee7 t\u01b0\u1edbng Ch&iacute;nh ph\u1ee7 ban h&agrave;nh quy\u1ebft \u0111\u1ecbnh<br \/>\ns\u1ed1 2099\/Q\u0110-TTg v\u1ec1 t\u1ed5 ch\u1ee9c v&agrave; ho\u1ea1t \u0111\u1ed9ng c\u1ee7a Vi\u1ec7n Khoa h\u1ecdc L&acirc;m nghi\u1ec7p Vi\u1ec7t Nam l&agrave;<br \/>\nt\u1ed5 ch\u1ee9c s\u1ef1 nghi\u1ec7p khoa h\u1ecdc h\u1ea1ng \u0111\u1eb7c bi\u1ec7t, c&oacute; ch\u1ee9c n\u0103ng nghi&ecirc;n c\u1ee9u khoa h\u1ecdc,<br \/>\nchuy\u1ec3n giao c&ocirc;ng ngh\u1ec7, h\u1ee3p t&aacute;c qu\u1ed1c t\u1ebf, \u0111&agrave;o t\u1ea1o sau \u0111\u1ea1i h\u1ecdc v&agrave; t\u01b0 v\u1ea5n trong<br \/>\nl\u0129nh v\u1ef1c l&acirc;m nghi\u1ec7p ph\u1ee5c v\u1ee5 y&ecirc;u c\u1ea7u qu\u1ea3n l&yacute; nh&agrave; n\u01b0\u1edbc v\u1ec1 n&ocirc;ng nghi\u1ec7p v&agrave; ph&aacute;t<br \/>\ntri\u1ec3n n&ocirc;ng th&ocirc;n. <\/span><\/p>\n","protected":false},"author":1,"featured_media":9995,"parent":0,"menu_order":0,"comment_status":"open","ping_status":"open","template":"","meta":[],"_links":{"self":[{"href":"https:\/\/vafs.gov.vn\/vn\/wp-json\/wp\/v2\/pages\/8453"}],"collection":[{"href":"https:\/\/vafs.gov.vn\/vn\/wp-json\/wp\/v2\/pages"}],"about":[{"href":"https:\/\/vafs.gov.vn\/vn\/wp-json\/wp\/v2\/types\/page"}],"author":[{"embeddable":true,"href":"https:\/\/vafs.gov.vn\/vn\/wp-json\/wp\/v2\/users\/1"}],"replies":[{"embeddable":true,"href":"https:\/\/vafs.gov.vn\/vn\/wp-json\/wp\/v2\/comments?post=8453"}],"version-history":[{"count":5,"href":"https:\/\/vafs.gov.vn\/vn\/wp-json\/wp\/v2\/pages\/8453\/revisions"}],"predecessor-version":[{"id":22073,"href":"https:\/\/vafs.gov.vn\/vn\/wp-json\/wp\/v2\/pages\/8453\/revisions\/22073"}],"wp:featuredmedia":[{"embeddable":true,"href":"https:\/\/vafs.gov.vn\/vn\/wp-json\/wp\/v2\/media\/9995"}],"wp:attachment":[{"href":"https:\/\/vafs.gov.vn\/vn\/wp-json\/wp\/v2\/media?parent=8453"}],"curies":[{"name":"wp","href":"https:\/\/api.w.org\/{rel}","templated":true}]}}