{"id":8265,"date":"2013-09-25T07:20:27","date_gmt":"2013-09-25T00:20:27","guid":{"rendered":"http:\/\/vafs.gov.vn\/vn\/?page_id=8265"},"modified":"2024-10-02T09:13:30","modified_gmt":"2024-10-02T02:13:30","slug":"ban-tai-chinh-ke-toan","status":"publish","type":"page","link":"https:\/\/vafs.gov.vn\/vn\/ban-tai-chinh-ke-toan\/","title":{"rendered":"Ban T\u00e0i ch\u00ednh k\u1ebf to\u00e1n"},"content":{"rendered":"<p><strong>Quy\u1ebft \u0111\u1ecbnh th\u00e0nh l\u1eadp:<\/strong><\/p>\n<p>Ban T\u00e0i ch\u00ednh k\u1ebf to\u00e1n (ti\u1ec1n th\u00e2n l\u00e0 Ph\u00f2ng T\u00e0i ch\u00ednh k\u1ebf to\u00e1n) \u0111\u01b0\u1ee3c th\u00e0nh l\u1eadp n\u0103m 1961 c\u00f9ng v\u1edbi s\u1ef1 ra \u0111\u1eddi c\u1ee7a Vi\u1ec7n Nghi\u00ean c\u1ee9u L\u00e2m nghi\u1ec7p. N\u0103m 1988 sau khi th\u00e0nh l\u1eadp Vi\u1ec7n Khoa h\u1ecdc L\u00e2m nghi\u1ec7p Vi\u1ec7t Nam,\u00a0 n\u0103m 2011 \u0111\u01b0\u1ee3c \u0111\u1ed5i t\u00ean th\u00e0nh Ban T\u00e0i ch\u00ednh k\u1ebf to\u00e1n Quy\u1ebft \u0111\u1ecbnh s\u1ed1 2099\/Q\u0110-TTg ng\u00e0y 25\/11\/2011 c\u1ee7a Th\u1ee7 t\u01b0\u1edbng Ch\u00ednh ph\u1ee7 v\u1ec1 T\u1ed5 ch\u1ee9c v\u00e0 ho\u1ea1t \u0111\u1ed9ng c\u1ee7a Vi\u1ec7n Khoa h\u1ecdc L\u00e2m nghi\u1ec7p Vi\u1ec7t Nam.<\/p>\n<p><a href=\"http:\/\/vafs.gov.vn\/vn\/ban-tai-chinh-ke-toan\/ban-tckt\/\" rel=\"attachment wp-att-22064\"><img decoding=\"async\" loading=\"lazy\" class=\"aligncenter wp-image-22064 size-medium\" src=\"http:\/\/vafs.gov.vn\/vn\/wp-content\/uploads\/sites\/2\/2022\/07\/Ban-TCKT-500x334.jpg\" alt=\"\" width=\"500\" height=\"334\" srcset=\"https:\/\/vafs.gov.vn\/vn\/wp-content\/uploads\/sites\/2\/2022\/07\/Ban-TCKT-500x334.jpg 500w, https:\/\/vafs.gov.vn\/vn\/wp-content\/uploads\/sites\/2\/2022\/07\/Ban-TCKT-768x514.jpg 768w, https:\/\/vafs.gov.vn\/vn\/wp-content\/uploads\/sites\/2\/2022\/07\/Ban-TCKT-1024x685.jpg 1024w, https:\/\/vafs.gov.vn\/vn\/wp-content\/uploads\/sites\/2\/2022\/07\/Ban-TCKT.jpg 1247w\" sizes=\"(max-width: 500px) 100vw, 500px\" \/><\/a><\/p>\n<p><strong>C\u01a1 c\u1ea5u t\u1ed5 ch\u1ee9c v\u00e0 nh\u00e2n s\u1ef1:<\/strong><\/p>\n<p>Tr\u01b0\u1edfng Ban: ThS. Nguy\u1ec5n Xu\u00e2n Tr\u01b0\u1eddng; Ph\u00f3 Tr\u01b0\u1edfng Ban: ThS. Nguy\u1ec5n Th\u1ecb Ng\u1ecdc H\u00e0.<\/p>\n<p>T\u1ed5ng s\u1ed1 c\u00e1n b\u1ed9, vi\u00ean ch\u1ee9c c\u1ee7a Ban l\u00e0 6 ng\u01b0\u1eddi, trong \u0111\u00f3: 02 Th\u1ea1c s\u0129, 04 \u0110\u1ea1i h\u1ecdc.<\/p>\n<p><strong>Ch\u1ee9c n\u0103ng nhi\u1ec7m v\u1ee5 ch\u00ednh:<\/strong><\/p>\n<p>&nbsp;<\/p>\n<p><strong>\u0110\u1ecba ch\u1ec9 li\u00ean h\u1ec7: <\/strong>Ban T\u00e0i ch\u00ednh k\u1ebf to\u00e1n\u00a0\u2013 Vi\u1ec7n Khoa h\u1ecdc L\u00e2m nghi\u1ec7p Vi\u1ec7t Nam<\/p>\n<p>\u0110i\u1ec7n tho\u1ea1i: 024.38362233; Fax: 024.38389722<\/p>\n","protected":false},"excerpt":{"rendered":"<p>Quy\u1ebft \u0111\u1ecbnh th\u00e0nh l\u1eadp: Ban T\u00e0i ch\u00ednh k\u1ebf to\u00e1n (ti\u1ec1n th\u00e2n l\u00e0 Ph\u00f2ng T\u00e0i ch\u00ednh k\u1ebf to\u00e1n) \u0111\u01b0\u1ee3c th\u00e0nh l\u1eadp n\u0103m 1961 c\u00f9ng v\u1edbi s\u1ef1 ra \u0111\u1eddi c\u1ee7a Vi\u1ec7n Nghi\u00ean c\u1ee9u L\u00e2m nghi\u1ec7p. N\u0103m 1988 sau khi th\u00e0nh l\u1eadp Vi\u1ec7n Khoa h\u1ecdc L\u00e2m nghi\u1ec7p Vi\u1ec7t Nam,\u00a0 n\u0103m 2011 \u0111\u01b0\u1ee3c \u0111\u1ed5i t\u00ean th\u00e0nh Ban T\u00e0i ch\u00ednh [&hellip;]<\/p>\n","protected":false},"author":1,"featured_media":0,"parent":0,"menu_order":0,"comment_status":"open","ping_status":"open","template":"","meta":[],"_links":{"self":[{"href":"https:\/\/vafs.gov.vn\/vn\/wp-json\/wp\/v2\/pages\/8265"}],"collection":[{"href":"https:\/\/vafs.gov.vn\/vn\/wp-json\/wp\/v2\/pages"}],"about":[{"href":"https:\/\/vafs.gov.vn\/vn\/wp-json\/wp\/v2\/types\/page"}],"author":[{"embeddable":true,"href":"https:\/\/vafs.gov.vn\/vn\/wp-json\/wp\/v2\/users\/1"}],"replies":[{"embeddable":true,"href":"https:\/\/vafs.gov.vn\/vn\/wp-json\/wp\/v2\/comments?post=8265"}],"version-history":[{"count":7,"href":"https:\/\/vafs.gov.vn\/vn\/wp-json\/wp\/v2\/pages\/8265\/revisions"}],"predecessor-version":[{"id":23587,"href":"https:\/\/vafs.gov.vn\/vn\/wp-json\/wp\/v2\/pages\/8265\/revisions\/23587"}],"wp:attachment":[{"href":"https:\/\/vafs.gov.vn\/vn\/wp-json\/wp\/v2\/media?parent=8265"}],"curies":[{"name":"wp","href":"https:\/\/api.w.org\/{rel}","templated":true}]}}