{"id":7378,"date":"2013-09-07T10:59:53","date_gmt":"2013-09-07T03:59:53","guid":{"rendered":"http:\/\/vafs.gov.vn\/vn\/?p=7378"},"modified":"2023-03-31T14:56:43","modified_gmt":"2023-03-31T07:56:43","slug":"co-cau-to-chuc-cua-vien-khoa-hoc-lam-nghiep-viet-nam","status":"publish","type":"page","link":"https:\/\/vafs.gov.vn\/vn\/co-cau-to-chuc-cua-vien-khoa-hoc-lam-nghiep-viet-nam\/","title":{"rendered":"C\u01a1 c\u1ea5u t\u1ed5 ch\u1ee9c c\u1ee7a Vi\u1ec7n Khoa h\u1ecdc L\u00e2m nghi\u1ec7p Vi\u1ec7t Nam"},"content":{"rendered":"<p>Vi\u1ec7n Khoa h\u1ecdc L\u00e2m nghi\u1ec7p Vi\u1ec7t Nam l\u00e0 \u0111\u01a1n v\u1ecb tr\u1ef1c thu\u1ed9c B\u1ed9 N\u00f4ng nghi\u1ec7p v\u00e0 Ph\u00e1t tri\u1ec3n n\u00f4ng th\u00f4n, \u0111\u01b0\u1ee3c t\u1ed5 ch\u1ee9c theo m\u00f4 h\u00ecnh Vi\u1ec7n nghi\u00ean c\u1ee9u \u0111\u1eb7c bi\u1ec7t; \u0111\u1ea3m b\u1ea3o t\u00ednh t\u1eadp trung v\u00e0 h\u1ec7 th\u1ed1ng, c\u00f3 s\u1ef1 li\u00ean h\u1ec7 ch\u1eb7t ch\u1ebd gi\u1eefa nghi\u00ean c\u1ee9u chuy\u00ean s\u00e2u v\u1edbi t\u1eebng l\u0129nh v\u1ef1c v\u00e0 nghi\u00ean c\u1ee9u \u1ee9ng d\u1ee5ng cho c\u00e1c v\u00f9ng sinh th\u00e1i (Quy\u1ebft \u0111\u1ecbnh th\u00e0nh l\u1eadp s\u1ed1: 2099\/Q\u0110-TTg Ng\u00e0y 25\/11\/2011 c\u1ee7a Th\u1ee7 t\u01b0\u1edbng Ch\u00ednh ph\u1ee7 ).<\/p>\n<p>S\u1ed1 l\u01b0\u1ee3ng c\u00e1n b\u1ed9 c\u1ee7a Vi\u1ec7n\u00a0hi\u1ec7n t\u1ea1i c\u00f3 616 ng\u01b0\u1eddi, trong \u0111\u00f3 c\u00f3 455 ng\u01b0\u1eddi h\u01b0\u1edfng l\u01b0\u01a1ng t\u1eeb NSNN, 161 ng\u01b0\u1eddi do \u0111\u01a1n v\u1ecb t\u1ef1 lo l\u01b0\u01a1ng. V\u1ec1 tr\u00ecnh \u0111\u1ed9 \u0111\u00e0o t\u1ea1o c\u00f3 02 GS.TS, 02 PGS.TS, 83 ti\u1ebfn s\u0129, 225 th\u1ea1c s\u0129, 226 k\u1ef9 s\u01b0 v\u00e0 c\u1eed nh\u00e2n, 48 Trung c\u1ea5p, cao \u0111\u1eb3ng v\u00e0 c\u00f4ng nh\u00e2n lao \u0111\u1ed9ng.<\/p>\n<p>T\u1ed5 ch\u1ee9c c\u1ee7a Vi\u1ec7n Khoa h\u1ecdc L\u00e2m nghi\u1ec7p Vi\u1ec7t Nam g\u1ed3m:<\/p>\n<p align=\"justify\"><strong>1. L\u00e3nh \u0111\u1ea1o Vi\u1ec7n Khoa h\u1ecdc L\u00e2m nghi\u1ec7p Vi\u1ec7t Nam c\u00f3 Gi\u00e1m \u0111\u1ed1c v\u00e0 c\u00e1c Ph\u00f3 Gi\u00e1m \u0111\u1ed1c Vi\u1ec7n: <\/strong><\/p>\n<p align=\"justify\"><strong> 2. C\u00e1c Ban tham m\u01b0u, gi\u00fap Gi\u00e1m \u0111\u1ed1c Vi\u1ec7n <\/strong><\/p>\n<p align=\"justify\">2.1. Ban T\u1ed5 ch\u1ee9c, H\u00e0nh ch\u00ednh;<\/p>\n<p align=\"justify\">2.2. Ban\u00a0T\u00e0i ch\u00ednh, K\u1ebf to\u00e1n.;<\/p>\n<p align=\"justify\">2.3.\u00a0Ban Khoa h\u1ecdc, \u0110\u00e0o t\u1ea1o v\u00e0 H\u1ee3p t\u00e1c qu\u1ed1c t\u1ebf;<\/p>\n<p align=\"justify\"><a href=\"http:\/\/vafs.gov.vn\/vn\/co-cau-to-chuc-cua-vien-khoa-hoc-lam-nghiep-viet-nam\/mangluoivn-4\/\" rel=\"attachment wp-att-22575\"><img decoding=\"async\" loading=\"lazy\" class=\"aligncenter size-full wp-image-22575\" src=\"http:\/\/vafs.gov.vn\/vn\/wp-content\/uploads\/sites\/2\/2023\/03\/MangluoiVN.jpg\" alt=\"\" width=\"687\" height=\"693\" srcset=\"https:\/\/vafs.gov.vn\/vn\/wp-content\/uploads\/sites\/2\/2023\/03\/MangluoiVN.jpg 687w, https:\/\/vafs.gov.vn\/vn\/wp-content\/uploads\/sites\/2\/2023\/03\/MangluoiVN-150x150.jpg 150w, https:\/\/vafs.gov.vn\/vn\/wp-content\/uploads\/sites\/2\/2023\/03\/MangluoiVN-496x500.jpg 496w, https:\/\/vafs.gov.vn\/vn\/wp-content\/uploads\/sites\/2\/2023\/03\/MangluoiVN-70x70.jpg 70w, https:\/\/vafs.gov.vn\/vn\/wp-content\/uploads\/sites\/2\/2023\/03\/MangluoiVN-110x110.jpg 110w, https:\/\/vafs.gov.vn\/vn\/wp-content\/uploads\/sites\/2\/2023\/03\/MangluoiVN-50x50.jpg 50w\" sizes=\"(max-width: 687px) 100vw, 687px\" \/><\/a><\/p>\n<p align=\"justify\"><strong>3. C\u00e1c \u0111\u01a1n v\u1ecb s\u1ef1 nghi\u1ec7p khoa h\u1ecdc tr\u1ef1c thu\u1ed9c Vi\u1ec7n<\/strong><\/p>\n<p align=\"justify\">3.1. Vi\u1ec7n Nghi\u00ean c\u1ee9u L\u00e2m sinh, tr\u1ee5 s\u1edf ch\u00ednh \u0111\u00f3ng t\u1ea1i th\u00e0nh ph\u1ed1 H\u00e0 N\u1ed9i;<\/p>\n<p align=\"justify\">3.2. Vi\u1ec7n Nghi\u00ean c\u1ee9u C\u00f4ng nghi\u1ec7p r\u1eebng, tr\u1ee5 s\u1edf ch\u00ednh \u0111\u00f3ng t\u1ea1i th\u00e0nh ph\u1ed1 H\u00e0 N\u1ed9i;<\/p>\n<p align=\"justify\">3.3. Vi\u1ec7n Nghi\u00ean c\u1ee9u Gi\u1ed1ng v\u00e0 C\u00f4ng ngh\u1ec7 sinh h\u1ecdc L\u00e2m nghi\u1ec7p, tr\u1ee5 s\u1edf ch\u00ednh \u0111\u00f3ng t\u1ea1i th\u00e0nh ph\u1ed1 H\u00e0 N\u1ed9i;<\/p>\n<p align=\"justify\">3.4. Vi\u1ec7n Nghi\u00ean c\u1ee9u Sinh th\u00e1i v\u00e0 M\u00f4i tr\u01b0\u1eddng r\u1eebng, tr\u1ee5 s\u1edf ch\u00ednh \u0111\u00f3ng t\u1ea1i th\u00e0nh ph\u1ed1 H\u00e0 N\u1ed9i;<\/p>\n<p align=\"justify\">3.5. Vi\u1ec7n Khoa h\u1ecdc L\u00e2m nghi\u1ec7p Nam B\u1ed9, tr\u1ee5 s\u1edf ch\u00ednh \u0111\u00f3ng t\u1ea1i th\u00e0nh ph\u1ed1 H\u1ed3 Ch\u00ed Minh;<\/p>\n<p align=\"justify\">3.6. Trung t\u00e2m Khoa h\u1ecdc L\u00e2m nghi\u1ec7p T\u00e2y B\u1eafc, tr\u1ee5 s\u1edf ch\u00ednh \u0111\u00f3ng t\u1ea1i th\u00e0nh ph\u1ed1 S\u01a1n La, t\u1ec9nh S\u01a1n La;<\/p>\n<p align=\"justify\">3.7. Trung t\u00e2m Khoa h\u1ecdc L\u00e2m nghi\u1ec7p v\u00f9ng Trung t\u00e2m B\u1eafc B\u1ed9, tr\u1ee5 s\u1edf ch\u00ednh \u0111\u00f3ng t\u1ea1i huy\u1ec7n \u0110oan H\u00f9ng, t\u1ec9nh Ph\u00fa Th\u1ecd;<\/p>\n<p align=\"justify\">3.8. Trung t\u00e2m Khoa h\u1ecdc L\u00e2m nghi\u1ec7p \u0110\u00f4ng B\u1eafc B\u1ed9, tr\u1ee5 s\u1edf ch\u00ednh \u0111\u00f3ng t\u1ea1i th\u1ecb x\u00e3 Ph\u00fac Y\u00ean, t\u1ec9nh V\u0129nh Ph\u00fac;<\/p>\n<p align=\"justify\">3.9.Trung t\u00e2m Khoa h\u1ecdc L\u00e2m nghi\u1ec7p B\u1eafc Trung B\u1ed9, tr\u1ee5 s\u1edf ch\u00ednh \u0111\u00f3ng t\u1ea1i th\u00e0nh ph\u1ed1 \u0110\u00f4ng H\u00e0, t\u1ec9nh Qu\u1ea3ng Tr\u1ecb;<\/p>\n<p align=\"justify\">3.10. Vi\u1ec7n Khoa h\u1ecdc L\u00e2m nghi\u1ec7p Nam Trung B\u1ed9 v\u00e0 T\u00e2y Nguy\u00ean, tr\u1ee5 s\u1edf ch\u00ednh \u0111\u00f3ng t\u1ea1i th\u00e0nh ph\u1ed1 \u0110\u00e0 L\u1ea1t, t\u1ec9nh L\u00e2m \u0110\u1ed3ng;<\/p>\n<p align=\"justify\">3.11. Trung t\u00e2m Nghi\u00ean c\u1ee9u L\u00e2m s\u1ea3n ngo\u00e0i g\u1ed7, tr\u1ee5 s\u1edf ch\u00ednh \u0111\u00f3ng t\u1ea1i th\u00e0nh ph\u1ed1 H\u00e0 N\u1ed9i;<\/p>\n<p align=\"justify\">3.12. Trung t\u00e2m Nghi\u00ean c\u1ee9u B\u1ea3o v\u1ec7 r\u1eebng, tr\u1ee5 s\u1edf ch\u00ednh \u0111\u00f3ng t\u1ea1i th\u00e0nh ph\u1ed1 H\u00e0 N\u1ed9i;<\/p>\n<p align=\"justify\">3.13. Trung t\u00e2m Nghi\u00ean c\u1ee9u Kinh t\u1ebf L\u00e2m nghi\u1ec7p, tr\u1ee5 s\u1edf ch\u00ednh \u0111\u00f3ng t\u1ea1i th\u00e0nh ph\u1ed1 H\u00e0 N\u1ed9i.<\/p>\n<p align=\"justify\">3.14.\u00a0 V\u0103n ph\u00f2ng Ch\u1ee9ng ch\u1ec9 qu\u1ea3n l\u00fd r\u1eebng b\u1ec1n v\u1eefng (VFCO)<\/p>\n<p align=\"justify\"><a href=\"http:\/\/vafs.gov.vn\/vn\/co-cau-to-chuc-cua-vien-khoa-hoc-lam-nghiep-viet-nam\/mangluoinc\/\" rel=\"attachment wp-att-12216\"><img decoding=\"async\" loading=\"lazy\" class=\"aligncenter size-large wp-image-12216\" src=\"http:\/\/vafs.gov.vn\/vn\/wp-content\/uploads\/sites\/2\/2013\/09\/MangluoiNC-621x1024.jpg\" alt=\"MangluoiNC\" width=\"621\" height=\"1024\" srcset=\"https:\/\/vafs.gov.vn\/vn\/wp-content\/uploads\/sites\/2\/2013\/09\/MangluoiNC-621x1024.jpg 621w, https:\/\/vafs.gov.vn\/vn\/wp-content\/uploads\/sites\/2\/2013\/09\/MangluoiNC-303x500.jpg 303w, https:\/\/vafs.gov.vn\/vn\/wp-content\/uploads\/sites\/2\/2013\/09\/MangluoiNC.jpg 640w\" sizes=\"(max-width: 621px) 100vw, 621px\" \/><\/a><\/p>\n<p align=\"justify\">\n","protected":false},"excerpt":{"rendered":"<p>Vi\u1ec7n Khoa h\u1ecdc L\u00e2m nghi\u1ec7p Vi\u1ec7t Nam l\u00e0 \u0111\u01a1n v\u1ecb tr\u1ef1c thu\u1ed9c B\u1ed9 N\u00f4ng nghi\u1ec7p v\u00e0 Ph\u00e1t tri\u1ec3n n\u00f4ng th\u00f4n, \u0111\u01b0\u1ee3c t\u1ed5 ch\u1ee9c theo m\u00f4 h\u00ecnh Vi\u1ec7n nghi\u00ean c\u1ee9u \u0111\u1eb7c bi\u1ec7t; \u0111\u1ea3m b\u1ea3o t\u00ednh t\u1eadp trung v\u00e0 h\u1ec7 th\u1ed1ng, c\u00f3 s\u1ef1 li\u00ean h\u1ec7 ch\u1eb7t ch\u1ebd gi\u1eefa nghi\u00ean c\u1ee9u chuy\u00ean s\u00e2u v\u1edbi t\u1eebng l\u0129nh v\u1ef1c v\u00e0 [&hellip;]<\/p>\n","protected":false},"author":2,"featured_media":22575,"parent":0,"menu_order":0,"comment_status":"open","ping_status":"open","template":"","meta":[],"_links":{"self":[{"href":"https:\/\/vafs.gov.vn\/vn\/wp-json\/wp\/v2\/pages\/7378"}],"collection":[{"href":"https:\/\/vafs.gov.vn\/vn\/wp-json\/wp\/v2\/pages"}],"about":[{"href":"https:\/\/vafs.gov.vn\/vn\/wp-json\/wp\/v2\/types\/page"}],"author":[{"embeddable":true,"href":"https:\/\/vafs.gov.vn\/vn\/wp-json\/wp\/v2\/users\/2"}],"replies":[{"embeddable":true,"href":"https:\/\/vafs.gov.vn\/vn\/wp-json\/wp\/v2\/comments?post=7378"}],"version-history":[{"count":10,"href":"https:\/\/vafs.gov.vn\/vn\/wp-json\/wp\/v2\/pages\/7378\/revisions"}],"predecessor-version":[{"id":22576,"href":"https:\/\/vafs.gov.vn\/vn\/wp-json\/wp\/v2\/pages\/7378\/revisions\/22576"}],"wp:featuredmedia":[{"embeddable":true,"href":"https:\/\/vafs.gov.vn\/vn\/wp-json\/wp\/v2\/media\/22575"}],"wp:attachment":[{"href":"https:\/\/vafs.gov.vn\/vn\/wp-json\/wp\/v2\/media?parent=7378"}],"curies":[{"name":"wp","href":"https:\/\/api.w.org\/{rel}","templated":true}]}}