{"id":7273,"date":"2013-03-25T11:34:38","date_gmt":"2013-03-25T04:34:38","guid":{"rendered":"http:\/\/vafs.gov.vn\/vn\/?page_id=7273"},"modified":"2020-03-23T07:16:31","modified_gmt":"2020-03-23T00:16:31","slug":"du-an","status":"publish","type":"page","link":"https:\/\/vafs.gov.vn\/vn\/du-an\/","title":{"rendered":"D\u1ef1 \u00e1n H\u1ee3p t\u00e1c Qu\u1ed1c t\u1ebf"},"content":{"rendered":"<form class=\"project_search_box\" action=\"\" method=\"GET\">\r\n                <label for=\"keyword\">T\u00ecm ki\u1ebfm<\/label>\r\n                <input type=\"text\" name=\"keyword\" value=\"\" \/>\r\n                <input type=\"submit\" name=\"submit\" value=\"T\u00ecm\"\r\n                <\/form><table class=\"project\">\r\n                    <thead>\r\n                    <tr>\r\n                        <td><\/td>\r\n                        <td>D\u1ef1 \u00e1n<\/td>                                             \r\n                    <\/tr>\r\n                    <\/thead>\r\n                    <tfoot>\r\n                    <tr>\r\n                        <td><\/td>\r\n                        <td>D\u1ef1 \u00e1n<\/td>\r\n                    <\/tr>\r\n                    <\/tfoot><tbody><tr>\r\n                        <td>1<\/td>\r\n                    <td><a href=\"https:\/\/vafs.gov.vn\/vn\/project\/bao-ton-cay-ho-dau-ban-dia-quy-lim-xanh-trac-day-va-go-do\/\">B\u1ea3o t\u1ed3n c\u00e2y h\u1ecd \u0110\u1eadu b\u1ea3n \u0111\u1ecba qu\u00fd: Lim xanh, Tr\u1eafc d\u00e2y v\u00e0 G\u00f5 \u0111\u1ecf<\/a><\/td>\r\n                    <\/tr><tr>\r\n                        <td>2<\/td>\r\n                    <td><a href=\"https:\/\/vafs.gov.vn\/vn\/project\/bao-ton-cay-thuy-tung-glyptostrobus-pensilis\/\">B\u1ea3o t\u1ed3n c\u00e2y thu\u1ef7 t\u00f9ng (Glyptostrobus pensilis)<\/a><\/td>\r\n                    <\/tr><tr>\r\n                        <td>3<\/td>\r\n                    <td><a href=\"https:\/\/vafs.gov.vn\/vn\/project\/bao-ton-ngoai-vi-va-da-dang-loai-mot-so-loai-tre-o-viet-nam\/\">Ba\u1ecf t\u1ed3n ngo\u1ea1i vi v\u00e0 \u0111a d\u1ea1ng lo\u00e0i m\u1ed9t s\u1ed1 lo\u1ea1i tre \u1edf Vi\u1ec7t Nam.<\/a><\/td>\r\n                    <\/tr><tr>\r\n                        <td>4<\/td>\r\n                    <td><a href=\"https:\/\/vafs.gov.vn\/vn\/project\/bao-ton-quan-ly-va-su-dung-ben-vung-nguon-gen-di-truyen-lam-nghiep-nhiet-doi-tai-viet-nam\/\">B\u1ea3o t\u1ed3n, qu\u1ea3n l\u00fd v\u00e0 s\u1eed d\u1ee5ng b\u1ec1n v\u1eefng ngu\u1ed3n gen di truy\u1ec1n l\u00e2m nghi\u1ec7p nhi\u1ec7t \u0111\u1edbi t\u1ea1i Vi\u1ec7t Nam<\/a><\/td>\r\n                    <\/tr><tr>\r\n                        <td>5<\/td>\r\n                    <td><a href=\"https:\/\/vafs.gov.vn\/vn\/project\/bien-soan-cam-nang-lam-nghiep\/\">Bi\u00ean so\u1ea1n C\u1ea9m nang L\u00e2m nghi\u1ec7p<\/a><\/td>\r\n                    <\/tr><tr>\r\n                        <td>6<\/td>\r\n                    <td><a href=\"https:\/\/vafs.gov.vn\/vn\/project\/bien-soan-va-quang-ba-kien-thuc-ve-bao-ton-mot-so-loai-cay-go-o-viet-nam\/\">Bi\u00ean so\u1ea1n v\u00e0 qu\u1ea3ng b\u00e1 ki\u1ebfn th\u1ee9c v\u1ec1 b\u1ea3o t\u1ed3n m\u1ed9t s\u1ed1 lo\u00e0i c\u00e2y g\u1ed7 \u1edf Vi\u1ec7t Nam<\/a><\/td>\r\n                    <\/tr><tr>\r\n                        <td>7<\/td>\r\n                    <td><a href=\"https:\/\/vafs.gov.vn\/vn\/project\/cac-phuong-phap-chon-tao-va-phat-trien-giong-tien-bo-cho-cac-loai-keo-nhiet-doi-fst2008007\/\">C\u00e1c ph\u01b0\u01a1ng ph\u00e1p ch\u1ecdn t\u1ea1o v\u00e0 ph\u00e1t tri\u1ec3n gi\u1ed1ng ti\u1ebfn b\u1ed9 cho c\u00e1c lo\u00e0i Keo nhi\u1ec7t \u0111\u1edbi (FST\/2008\/007)<\/a><\/td>\r\n                    <\/tr><tr>\r\n                        <td>8<\/td>\r\n                    <td><a href=\"https:\/\/vafs.gov.vn\/vn\/project\/cai-thien-chuoi-gia-tri-go-rung-trong-bach-dan-bang-cac-bien-phap-cong-nghe-say-va-xe\/\">C\u1ea3i thi\u1ec7n chu\u1ed7i gi\u00e1 tr\u1ecb g\u1ed7 r\u1eebng tr\u1ed3ng B\u1ea1ch \u0111\u00e0n b\u1eb1ng c\u00e1c bi\u1ec7n ph\u00e1p c\u00f4ng ngh\u1ec7 s\u1ea5y v\u00e0 x\u1ebb<\/a><\/td>\r\n                    <\/tr><tr>\r\n                        <td>9<\/td>\r\n                    <td><a href=\"https:\/\/vafs.gov.vn\/vn\/project\/cai-thien-chuoi-gia-tri-go-rung-trong-bach-dan-bang-cac-bien-phap-giong-va-ky-thuat-lam-sinh\/\">C\u1ea3i thi\u1ec7n chu\u1ed7i gi\u00e1 tr\u1ecb g\u1ed7 r\u1eebng tr\u1ed3ng B\u1ea1ch \u0111\u00e0n b\u1eb1ng c\u00e1c bi\u1ec7n ph\u00e1p gi\u1ed1ng v\u00e0 k\u1ef9 thu\u1eadt l\u00e2m sinh<\/a><\/td>\r\n                    <\/tr><tr>\r\n                        <td>10<\/td>\r\n                    <td><a href=\"https:\/\/vafs.gov.vn\/vn\/project\/cai-thien-chuoi-gia-tri-go-xe-rung-trong-bach-dan-tai-trung-quoc-viet-nam-va-uc-di-truyen-va-lam-sinh-fst199095\/\">C\u1ea3i thi\u1ec7n chu\u1ed7i gi\u00e1 tr\u1ecb g\u1ed7 x\u1ebb r\u1eebng tr\u1ed3ng B\u1ea1ch \u0111\u00e0n t\u1ea1i Trung Qu\u1ed1c, Vi\u1ec7t Nam v\u00e0 Uc: Di truy\u1ec1n v\u00e0 L\u00e2m sinh (FST\/199\/095)<\/a><\/td>\r\n                    <\/tr><tr>\r\n                        <td>11<\/td>\r\n                    <td><a href=\"https:\/\/vafs.gov.vn\/vn\/project\/cai-thien-cong-nghe-nuoi-trong-nam-linh-chi\/\">C\u1ea3i thi\u1ec7n c\u00f4ng ngh\u1ec7 nu\u00f4i tr\u1ed3ng n\u1ea5m Linh chi<\/a><\/td>\r\n                    <\/tr><tr>\r\n                        <td>12<\/td>\r\n                    <td><a href=\"https:\/\/vafs.gov.vn\/vn\/project\/cai-thien-dien-tich-cho-mot-so-loai-cay-chinh-nham-nang-cao-nang-suat-rung-va-bao-ve-moi-truong-sinh-thai-o-viet-nam\/\">C\u1ea3i thi\u1ec7n di\u1ec7n t\u00edch cho m\u1ed9t s\u1ed1 lo\u00e0i c\u00e2y ch\u00ednh nh\u1eb1m n\u00e2ng cao n\u0103ng su\u1ea5t r\u1eebng v\u00e0 b\u1ea3o v\u1ec7 m\u00f4i tr\u01b0\u1eddng sinh th\u00e1i \u1edf Vi\u1ec7t Nam<\/a><\/td>\r\n                    <\/tr><tr>\r\n                        <td>13<\/td>\r\n                    <td><a href=\"https:\/\/vafs.gov.vn\/vn\/project\/cai-thien-giong-thong-caribe-de-phuc-vu-trong-rung-tren-dat-thoai-hoa-vung-nui-phia-bac-viet-nam\/\">C\u1ea3i thi\u1ec7n gi\u1ed1ng Th\u00f4ng carib\u00ea (Pinus caribaea Morelet) \u0111\u1ec3 ph\u1ee5c v\u1ee5 tr\u1ed3ng r\u1eebng tr\u00ean \u0111\u1ea5t tho\u00e1i h\u00f3a v\u00f9ng n\u00fai ph\u00eda B\u1eafc Vi\u1ec7t Nam<\/a><\/td>\r\n                    <\/tr><tr>\r\n                        <td>14<\/td>\r\n                    <td><a href=\"https:\/\/vafs.gov.vn\/vn\/project\/che-bien-va-su-dung-van-nhan-tao-tu-tre-nhu-la-mot-loai-nguyen-lieu-thay-the-go\/\">Ch\u1ebf bi\u1ebfn v\u00e0 s\u1eed d\u1ee5ng v\u00e1n nh\u00e2n t\u1ea1o t\u1eeb tre nh\u01b0 l\u00e0 m\u1ed9t lo\u1ea1i nguy\u00ean li\u1ec7u thay th\u1ebf g\u1ed7<\/a><\/td>\r\n                    <\/tr><tr>\r\n                        <td>15<\/td>\r\n                    <td><a href=\"https:\/\/vafs.gov.vn\/vn\/project\/chinh-sach-lam-nghiep-o-viet-nam-va-vai-tro-cua-nguoi-dan-doi-voi-bv-va-phat-trien-rung\/\">Ch\u00ednh s\u00e1ch l\u00e2m nghi\u1ec7p \u1edf Vi\u1ec7t Nam v\u00e0 vai tr\u00f2 c\u1ee7a ng\u01b0\u1eddi d\u00e2n \u0111\u1ed1i v\u1edbi BV v\u00e0 ph\u00e1t tri\u1ec3n r\u1eebng<\/a><\/td>\r\n                    <\/tr><tr>\r\n                        <td>16<\/td>\r\n                    <td><a href=\"https:\/\/vafs.gov.vn\/vn\/project\/chuong-trinh-hop-tac-phat-trien-viet-uc\/\">Ch\u01b0\u01a1ng tr\u00ecnh h\u1ee3p t\u00e1c ph\u00e1t tri\u1ec3n Vi\u1ec7t &#8211; \u00fac<\/a><\/td>\r\n                    <\/tr><tr>\r\n                        <td>17<\/td>\r\n                    <td><a href=\"https:\/\/vafs.gov.vn\/vn\/project\/dich-sach-cay-ho-dau\/\">D\u1ecbch s\u00e1ch c\u00e2y h\u1ecd \u0111\u1eadu<\/a><\/td>\r\n                    <\/tr><tr>\r\n                        <td>18<\/td>\r\n                    <td><a href=\"https:\/\/vafs.gov.vn\/vn\/project\/du-an-dao-tao-tang-cuong-nang-luc-ve-danh-gia-moi-truong-xay-dung-va-thuc-hien-du-an-cdm\/\">D\u1ef1 \u00e1n \u0111\u00e0o t\u1ea1o t\u0103ng c\u01b0\u1eddng n\u0103ng l\u1ef1c v\u1ec1 \u0111\u00e1nh gi\u00e1 m\u00f4i tr\u01b0\u1eddng, x\u00e2y d\u1ef1ng v\u00e0 th\u1ef1c hi\u1ec7n d\u1ef1 \u00e1n CDM<\/a><\/td>\r\n                    <\/tr><tr>\r\n                        <td>19<\/td>\r\n                    <td><a href=\"https:\/\/vafs.gov.vn\/vn\/project\/du-an-ho-tro-chuyen-nganh-lam-san-ngoai-go\/\">D\u1ef1 \u00e1n H\u1ed7 tr\u1ee3 chuy\u00ean ng\u00e0nh L\u00e2m s\u1ea3n ngo\u00e0i g\u1ed7<\/a><\/td>\r\n                    <\/tr><tr>\r\n                        <td>20<\/td>\r\n                    <td><a href=\"https:\/\/vafs.gov.vn\/vn\/project\/du-an-treelink-nang-cao-nang-luc-nghien-cuu-cho-cac-nha-nghien-cuu-tre-cua-cac-nuoc-thanh-vien-thuoc-to-chuc-apafri\/\">D\u1ef1 \u00e1n TREELINK &#8211; N\u00e2ng cao n\u0103ng l\u1ef1c nghi\u00ean c\u1ee9u cho c\u00e1c nh\u00e0 nghi\u00ean c\u1ee9u tr\u1ebb c\u1ee7a c\u00e1c n\u01b0\u1edbc th\u00e0nh vi\u00ean thu\u1ed9c t\u1ed5 ch\u1ee9c APAFRI<\/a><\/td>\r\n                    <\/tr><\/tbody><\/table><div class=\"navigation\"><span aria-current=\"page\" class=\"page-numbers current\">1<\/span>\n<a class=\"page-numbers\" href=\"\/vn\/wp-json\/wp\/v2\/pages\/7273?pagenum=2\">2<\/a>\n<a class=\"page-numbers\" href=\"\/vn\/wp-json\/wp\/v2\/pages\/7273?pagenum=3\">3<\/a>\n<span class=\"page-numbers dots\">&hellip;<\/span>\n<a class=\"page-numbers\" href=\"\/vn\/wp-json\/wp\/v2\/pages\/7273?pagenum=7\">7<\/a>\n<a class=\"next page-numbers\" href=\"\/vn\/wp-json\/wp\/v2\/pages\/7273?pagenum=2\">&raquo;<\/a><\/div>\n","protected":false},"excerpt":{"rendered":"","protected":false},"author":1,"featured_media":0,"parent":0,"menu_order":0,"comment_status":"open","ping_status":"open","template":"","meta":[],"_links":{"self":[{"href":"https:\/\/vafs.gov.vn\/vn\/wp-json\/wp\/v2\/pages\/7273"}],"collection":[{"href":"https:\/\/vafs.gov.vn\/vn\/wp-json\/wp\/v2\/pages"}],"about":[{"href":"https:\/\/vafs.gov.vn\/vn\/wp-json\/wp\/v2\/types\/page"}],"author":[{"embeddable":true,"href":"https:\/\/vafs.gov.vn\/vn\/wp-json\/wp\/v2\/users\/1"}],"replies":[{"embeddable":true,"href":"https:\/\/vafs.gov.vn\/vn\/wp-json\/wp\/v2\/comments?post=7273"}],"version-history":[{"count":2,"href":"https:\/\/vafs.gov.vn\/vn\/wp-json\/wp\/v2\/pages\/7273\/revisions"}],"predecessor-version":[{"id":7395,"href":"https:\/\/vafs.gov.vn\/vn\/wp-json\/wp\/v2\/pages\/7273\/revisions\/7395"}],"wp:attachment":[{"href":"https:\/\/vafs.gov.vn\/vn\/wp-json\/wp\/v2\/media?parent=7273"}],"curies":[{"name":"wp","href":"https:\/\/api.w.org\/{rel}","templated":true}]}}