{"id":7270,"date":"2013-08-25T11:33:30","date_gmt":"2013-08-25T04:33:30","guid":{"rendered":"http:\/\/vafs.gov.vn\/vn\/?page_id=7270"},"modified":"2013-10-03T10:25:20","modified_gmt":"2013-10-03T03:25:20","slug":"luan-an-thac-si-tien-si","status":"publish","type":"page","link":"https:\/\/vafs.gov.vn\/vn\/luan-an-thac-si-tien-si\/","title":{"rendered":"Lu\u1eadn \u00e1n Th\u1ea1c s\u0129, Ti\u1ebfn s\u0129"},"content":{"rendered":"<form class=\"thesis_search_box\" action=\"\" method=\"GET\">\r\n                <label for=\"keyword\">T\u00ecm ki\u1ebfm<\/label>\r\n                <input type=\"text\" name=\"keyword\" value=\"\" \/>\r\n                <input type=\"submit\" name=\"submit\" value=\"T\u00ecm\"\r\n                <\/form><table class=\"thesis\">\r\n                    <thead>\r\n                    <tr>\r\n                        <td><\/td>\r\n                        <td>Lu\u1eadn \u00e1n<\/td>\r\n                        <td>H\u1ecd t\u00ean<\/td>\r\n                        <!--<td>Chuy\u00ean ng\u00e0nh<\/td>\r\n                        <td>K\u00fd hi\u1ec7u kho<\/td>\r\n                        <td>N\u0103m<\/td>\r\n                        <td>N\u0103m k\u1ebft th\u00fac<\/td>-->\r\n                    <\/tr>\r\n                    <\/thead>\r\n                    <tfoot>\r\n                    <tr>\r\n                        <td><\/td>\r\n                        <td>Lu\u1eadn \u00e1n<\/td>\r\n                        <td>H\u1ecd t\u00ean<\/td>\r\n                        <!--<td>Chuy\u00ean ng\u00e0nh<\/td>\r\n                        <td>K\u00fd hi\u1ec7u kho<\/td>\r\n                        <td>N\u0103m<\/td>\r\n                        <td>N\u0103m k\u1ebft th\u00fac<\/td>-->\r\n                    <\/tr>\r\n                    <\/tfoot><tbody><tr>\r\n                        <td>1<\/td>\r\n                    <td><a href=\"https:\/\/vafs.gov.vn\/vn\/thesis\/anh-huong-cua-che-do-anh-sang-nuoc-va-phan-bon-doi-voi-cay-hoi-illcium-verum-hook-o-giai-doan-vuon-uom\/\">\u1ea2nh h\u01b0\u1edfng c\u1ee7a ch\u1ebf \u0111\u1ed9 \u00e1nh s\u00e1ng, n\u01b0\u1edbc v\u00e0 ph\u00e2n b\u00f3n \u0111\u1ed1i v\u1edbi c\u00e2y H\u1ed3i (Illcium verum Hook) \u1edf giai \u0111o\u1ea1n v\u01b0\u1eddn \u01b0\u01a1m.<\/a><\/td>\r\n                    <td>Nguy\u1ec5n Ng\u1ecdc T\u00e2n<\/td>\r\n                    <!--<td>L\u00e2m h\u1ecdc<\/td>\r\n                    <td>4.04.03<\/td>\r\n                    <td>NCS h\u1ec7 kh\u00f4ng ch\u00ednh quy<\/td>\r\n                    <td>1987<\/td>-->\r\n                    \r\n\r\n                    <\/tr><tr>\r\n                        <td>2<\/td>\r\n                    <td><a href=\"https:\/\/vafs.gov.vn\/vn\/thesis\/anh-huong-cua-dinh-duong-npk-den-chat-luong-cay-thong-nhua-pinus-merkusiana-e-n-g-cooling-et-h-gaussen\/\">\u1ea2nh h\u01b0\u1edfng c\u1ee7a dinh d\u01b0\u1ee1ng NPK \u0111\u1ebfn ch\u1ea5t l\u01b0\u1ee3ng c\u00e2y Th\u00f4ng nh\u1ef1a (Pinus merkusiana E.N.G. Cooling et. H. Gaussen).<\/a><\/td>\r\n                    <td>Tr\u01b0\u01a1ng Th\u1ecb Th\u1ea3o<\/td>\r\n                    <!--<td>Tr\u1ed3ng r\u1eebng<\/td>\r\n                    <td>4.04.01<\/td>\r\n                    <td>NCS h\u1ec7 kh\u00f4ng ch\u00ednh quy<\/td>\r\n                    <td>1989<\/td>-->\r\n                    \r\n\r\n                    <\/tr><tr>\r\n                        <td>3<\/td>\r\n                    <td><a href=\"https:\/\/vafs.gov.vn\/vn\/thesis\/chung-loai-phan-bo-va-dac-diem-sinh-vat-hoc-cua-ong-an-la-thong-khu-vuc-mien-nam-viet-nam\/\">Ch\u1ee7ng lo\u1ea1i, ph\u00e2n b\u1ed1 v\u00e0 \u0111\u1eb7c \u0111i\u1ec3m sinh v\u1eadt h\u1ecdc c\u1ee7a ong \u0103n l\u00e1 th\u00f4ng khu v\u1ef1c mi\u1ec1n Nam Vi\u1ec7t Nam.<\/a><\/td>\r\n                    <td>Tr\u1ea7n Minh \u0110\u1ee9c<\/td>\r\n                    <!--<td>B\u1ea3o v\u1ec7 r\u1eebng<\/td>\r\n                    <td>62.62.68.01<\/td>\r\n                    <td>Kh\u00f3a 13\/2001<\/td>\r\n                    <td>2006<\/td>-->\r\n                    \r\n\r\n                    <\/tr><tr>\r\n                        <td>4<\/td>\r\n                    <td><a href=\"https:\/\/vafs.gov.vn\/vn\/thesis\/co-so-khoa-hoc-de-nuoi-tha-canh-kien-do-kerria-laccachinensis-o-dak-lak-tay-nguyen\/\">C\u01a1 s\u1edf khoa h\u1ecdc \u0111\u1ec3 nu\u00f4i th\u1ea3 c\u00e1nh ki\u1ebfn \u0111\u1ecf (Kerria laccachinensis) \u1edf \u0110\u0103k L\u0103k &#8211; T\u00e2y Nguy\u00ean.<\/a><\/td>\r\n                    <td>Nguy\u1ec5n Xu\u00e2n Thanh<\/td>\r\n                    <!--<td>B\u1ea3o v\u1ec7 r\u1eebng<\/td>\r\n                    <td>4.04.06<\/td>\r\n                    <td>Kh\u00f3a 1\/1984<\/td>\r\n                    <td>1991<\/td>-->\r\n                    \r\n\r\n                    <\/tr><tr>\r\n                        <td>5<\/td>\r\n                    <td><a href=\"https:\/\/vafs.gov.vn\/vn\/thesis\/du-doan-tru-luong-rung-va-nang-suat-go-cua-rung-trong-bo-de-styrax-tonkinensis-pierre-thuan-loai-deu-tuoi-vung-trung-tam-am-vung-bac-viet-nam\/\">D\u1ef1 \u0111o\u00e1n tr\u1eef l\u01b0\u1ee3ng r\u1eebng v\u00e0 n\u0103ng su\u1ea5t g\u1ed7 c\u1ee7a r\u1eebng tr\u1ed3ng B\u1ed3 \u0111\u1ec1 (Styrax tonkinensis Pierre) thu\u1ea7n lo\u1ea1i \u0111\u1ec1u tu\u1ed5i v\u00f9ng trung t\u00e2m \u1ea9m v\u00f9ng B\u1eafc Vi\u1ec7t Nam.<\/a><\/td>\r\n                    <td>Tr\u1ecbnh \u0110\u1ee9c Huy<\/td>\r\n                    <!--<td>Quy ho\u1ea1ch<\/td>\r\n                    <td>4.04.02<\/td>\r\n                    <td>NCS h\u1ec7 kh\u00f4ng ch\u00ednh quy<\/td>\r\n                    <td>1989<\/td>-->\r\n                    \r\n\r\n                    <\/tr><tr>\r\n                        <td>6<\/td>\r\n                    <td><a href=\"https:\/\/vafs.gov.vn\/vn\/thesis\/danh-gia-hieu-qua-cua-rung-trong-keo-lai-o-mot-so-vung-sinh-thai-tai-viet-nam\/\">\u0110\u00e1nh gi\u00e1 hi\u1ec7u qu\u1ea3 c\u1ee7a r\u1eebng tr\u1ed3ng Keo lai  \u1edf  m\u1ed9t s\u1ed1 v\u00f9ng sinh th\u00e1i t\u1ea1i Vi\u1ec7t Nam<\/a><\/td>\r\n                    <td>Tr\u1ea7n Duy R\u01b0\u01a1ng<\/td>\r\n                    <!--<td>L\u00e2m sinh<\/td>\r\n                    <td>62 62 02 05<\/td>\r\n                    <td>17\/2005<\/td>\r\n                    <td>2013<\/td>-->\r\n                    \r\n\r\n                    <\/tr><tr>\r\n                        <td>7<\/td>\r\n                    <td><a href=\"https:\/\/vafs.gov.vn\/vn\/thesis\/danh-gia-hieu-qua-phuong-phap-khai-thac-chon-tai-lam-truong-nga-doi-huong-son-ha-tinh-giai-doan-1960-1990\/\">\u0110\u00e1nh gi\u00e1 hi\u1ec7u qu\u1ea3 ph\u01b0\u01a1ng ph\u00e1p khai th\u00e1c ch\u1ecdn t\u1ea1i l\u00e2m tr\u01b0\u1eddng Ng\u00e3 \u0110\u00f4i &#8211; H\u01b0\u01a1ng S\u01a1n &#8211; H\u00e0 T\u0129nh giai \u0111o\u1ea1n 1960 &#8211; 1990.<\/a><\/td>\r\n                    <td>Tr\u1ea7n Xu\u00e2n Thi\u1ec7p<\/td>\r\n                    <!--<td>L\u00e2m h\u1ecdc<\/td>\r\n                    <td>4.04.03<\/td>\r\n                    <td>NCS h\u1ec7 kh\u00f4ng ch\u00ednh quy<\/td>\r\n                    <td>1996<\/td>-->\r\n                    \r\n\r\n                    <\/tr><tr>\r\n                        <td>8<\/td>\r\n                    <td><a href=\"https:\/\/vafs.gov.vn\/vn\/thesis\/danh-gia-kha-nang-phong-ho-va-gia-tri-kinh-te-cua-cac-dai-rung-phi-lao-casuarina-equiserifolial-o-ven-bien-mien-trung-nham-de-xuat-mot-so-giai-phap-lam-sinh-phat-huy-kha-nang-phong-ho-va-cac-loi-ich\/\">\u0110\u00e1nh gi\u00e1 kh\u1ea3 n\u0103ng ph\u00f2ng h\u1ed9 v\u00e0 gi\u00e1 tr\u1ecb kinh t\u1ebf c\u1ee7a c\u00e1c \u0111ai r\u1eebng Phi lao (Casuarina equiserifolial) \u1edf ven bi\u1ec3n mi\u1ec1n Trung nh\u1eb1m \u0111\u1ec1 xu\u1ea5t m\u1ed9t s\u1ed1 gi\u1ea3i ph\u00e1p l\u00e2m sinh ph\u00e1t huy kh\u1ea3 n\u0103ng ph\u00f2ng h\u1ed9 v\u00e0 c\u00e1c l\u1ee3i \u00edch kh\u00e1c c\u1ee7a r\u1eebng phi lao trong khu v\u1ef1c.<\/a><\/td>\r\n                    <td>\u0110\u1eb7ng V\u0103n Thuy\u1ebft<\/td>\r\n                    <!--<td>L\u00e2m h\u1ecdc<\/td>\r\n                    <td>62.62.60.01<\/td>\r\n                    <td>Kh\u00f3a 11\/1998<\/td>\r\n                    <td>2004<\/td>-->\r\n                    \r\n\r\n                    <\/tr><tr>\r\n                        <td>9<\/td>\r\n                    <td><a href=\"https:\/\/vafs.gov.vn\/vn\/thesis\/danh-gia-nang-suat-sinh-khoi-rung-trong-thong-ba-la-o-lam-dong\/\">\u0110\u00e1nh gi\u00e1 n\u0103ng su\u1ea5t, sinh kh\u1ed1i r\u1eebng tr\u1ed3ng Th\u00f4ng ba l\u00e1 \u1edf L\u00e2m \u0110\u1ed3ng.<\/a><\/td>\r\n                    <td>L\u00ea H\u1ed3ng Ph\u00fac<\/td>\r\n                    <!--<td>Tr\u1ed3ng r\u1eebng<\/td>\r\n                    <td>4.04.01<\/td>\r\n                    <td>NCS h\u1ec7 kh\u00f4ng ch\u00ednh quy<\/td>\r\n                    <td>1997<\/td>-->\r\n                    \r\n\r\n                    <\/tr><tr>\r\n                        <td>10<\/td>\r\n                    <td><a href=\"https:\/\/vafs.gov.vn\/vn\/thesis\/dieu-kien-dat-trong-rung-bo-de-styrax-tonkinensis-pierre-lam-nguyen-lieu-giay-soi-va-anh-huong-cua-rung-bo-de-trong-thuan-loai-den-do-phi-dat\/\">\u0110i\u1ec1u ki\u1ec7n \u0111\u1ea5t tr\u1ed3ng r\u1eebng B\u1ed3 \u0111\u1ec1 (Styrax tonkinensis Pierre) l\u00e0m nguy\u00ean li\u1ec7u gi\u1ea5y s\u1ee3i v\u00e0 \u1ea3nh h\u01b0\u1edfng c\u1ee7a r\u1eebng B\u1ed3 \u0111\u1ec1 tr\u1ed3ng thu\u1ea7n lo\u1ea1i \u0111\u1ebfn \u0111\u1ed9 ph\u00ec \u0111\u1ea5t.<\/a><\/td>\r\n                    <td>Ho\u00e0ng Xu\u00e2n T\u00fd<\/td>\r\n                    <!--<td>Tr\u1ed3ng r\u1eebng<\/td>\r\n                    <td>4.04.01<\/td>\r\n                    <td>NCS h\u1ec7 kh\u00f4ng ch\u00ednh quy<\/td>\r\n                    <td>1989<\/td>-->\r\n                    \r\n\r\n                    <\/tr><tr>\r\n                        <td>11<\/td>\r\n                    <td><a href=\"https:\/\/vafs.gov.vn\/vn\/thesis\/dieu-tra-danh-gia-kha-nang-luu-tru-cac-bon-cua-rung-khop-tai-tay-nguyen-lam-co-co-cho-viec-chi-tra-dich-vu-moi-truong-rung\/\">\u0110i\u1ec1u tra, \u0111\u00e1nh gi\u00e1 kh\u1ea3 n\u0103ng l\u01b0u tr\u1eef c\u00e1c bon c\u1ee7a r\u1eebng Kh\u1ed9p t\u1ea1i T\u00e2y Nguy\u00ean l\u00e0m c\u01a1 c\u1edf cho vi\u1ec7c chi tr\u1ea3 d\u1ecbch v\u1ee5 m\u00f4i tr\u01b0\u1eddng r\u1eebng<\/a><\/td>\r\n                    <td>V\u0169 \u0110\u1ee9c Qu\u1ef3nh<\/td>\r\n                    <!--<td>\u0110i\u1ec1u tra v\u00e0 Quy ho\u1ea1ch r\u1eebng<\/td>\r\n                    <td>62 62 02 08<\/td>\r\n                    <td>23\/2011<\/td>\r\n                    <td>2014<\/td>-->\r\n                    \r\n\r\n                    <\/tr><tr>\r\n                        <td>12<\/td>\r\n                    <td><a href=\"https:\/\/vafs.gov.vn\/vn\/thesis\/gop-phan-nghien-cuu-benh-thoi-co-re-cua-mot-so-loai-thong-nhua-va-thong-caribe-tai-mot-so-vung-o-mien-bac-viet-nam\/\">G\u00f3p ph\u1ea7n nghi\u00ean c\u1ee9u b\u1ec7nh th\u1ed1i c\u1ed5 r\u1ec5 c\u1ee7a m\u1ed9t s\u1ed1 lo\u00e0i Th\u00f4ng nh\u1ef1a v\u00e0 Th\u00f4ng Caribe t\u1ea1i m\u1ed9t s\u1ed1 v\u00f9ng \u1edf mi\u1ec1n B\u1eafc Vi\u1ec7t Nam.<\/a><\/td>\r\n                    <td>Ph\u1ea1m V\u0103n M\u1ea1ch<\/td>\r\n                    <!--<td>B\u1ea3o v\u1ec7 r\u1eebng<\/td>\r\n                    <td>4.04.06<\/td>\r\n                    <td>Kh\u00f3a 2\/1986<\/td>\r\n                    <td>1992<\/td>-->\r\n                    \r\n\r\n                    <\/tr><tr>\r\n                        <td>13<\/td>\r\n                    <td><a href=\"https:\/\/vafs.gov.vn\/vn\/thesis\/gop-phan-nghien-cuu-dac-diem-bien-di-kha-nang-di-truyen-mot-so-chi-tieu-chu-yeu-lam-co-so-cho-chon-giong-cay-mo-manglietia-glauca-blime-tai-vung-vinh-phu\/\">G\u00f3p ph\u1ea7n nghi\u00ean c\u1ee9u \u0111\u1eb7c \u0111i\u1ec3m bi\u1ebfn d\u1ecb, kh\u1ea3 n\u0103ng di truy\u1ec1n m\u1ed9t s\u1ed1 ch\u1ec9 ti\u00eau ch\u1ee7 y\u1ebfu l\u00e0m c\u01a1 s\u1edf cho ch\u1ecdn gi\u1ed1ng c\u00e2y M\u1ee1 (Manglietia glauca Blime) t\u1ea1i v\u00f9ng V\u0129nh Ph\u00fa.<\/a><\/td>\r\n                    <td>Ho\u00e0ng Thanh L\u1ed9c<\/td>\r\n                    <!--<td>Tr\u1ed3ng r\u1eebng<\/td>\r\n                    <td>4.04.01<\/td>\r\n                    <td>Kh\u00f3a 2\/1986<\/td>\r\n                    <td>1994<\/td>-->\r\n                    \r\n\r\n                    <\/tr><tr>\r\n                        <td>14<\/td>\r\n                    <td><a href=\"https:\/\/vafs.gov.vn\/vn\/thesis\/gop-phan-nghien-cuu-dac-diem-cau-truc-rung-nua-rung-la-rung-la-uu-the-bang-lang-lagerstroenica-calyculata-kurz-lam-co-so-de-xuat-giai-phap-ky-thuat-khai-thac-nuoi-duong-o-dak-lak\/\">G\u00f3p ph\u1ea7n nghi\u00ean c\u1ee9u \u0111\u1eb7c \u0111i\u1ec3m c\u1ea5u tr\u00fac r\u1eebng n\u1eeda r\u1ee5ng l\u00e1 &#8211; r\u1ee5ng l\u00e1 \u01b0u th\u1ebf B\u1eb1ng l\u0103ng (Lagerstroenica calyculata Kurz) l\u00e0m c\u01a1 s\u1edf \u0111\u1ec1 xu\u1ea5t gi\u1ea3i ph\u00e1p k\u1ef9 thu\u1eadt khai th\u00e1c &#8211; nu\u00f4i d\u01b0\u1ee1ng \u1edf \u0110\u0103k L\u0103k.<\/a><\/td>\r\n                    <td>B\u1ea3o Huy<\/td>\r\n                    <!--<td>L\u00e2m h\u1ecdc<\/td>\r\n                    <td>4.04.03<\/td>\r\n                    <td>Kh\u00f3a 5\/1989<\/td>\r\n                    <td>1993<\/td>-->\r\n                    \r\n\r\n                    <\/tr><tr>\r\n                        <td>15<\/td>\r\n                    <td><a href=\"https:\/\/vafs.gov.vn\/vn\/thesis\/gop-phan-nghien-cuu-mot-so-bien-phap-xay-dung-rung-phong-ho-dau-nguon-song-da-tai-lam-truong-pung-luong-tinh-yen-bai\/\">G\u00f3p ph\u1ea7n nghi\u00ean c\u1ee9u m\u1ed9t s\u1ed1 bi\u1ec7n ph\u00e1p x\u00e2y d\u1ef1ng r\u1eebng ph\u00f2ng h\u1ed9 \u0111\u1ea7u ngu\u1ed3n s\u00f4ng \u0110\u00e0 t\u1ea1i l\u00e2m tr\u01b0\u1eddng P\u00fang Lu\u00f4ng &#8211; t\u1ec9nh Y\u00ean B\u00e1i.<\/a><\/td>\r\n                    <td>L\u00e2m Ph\u00fac C\u1ed1<\/td>\r\n                    <!--<td>L\u00e2m h\u1ecdc<\/td>\r\n                    <td>4.04.03<\/td>\r\n                    <td>NCS h\u1ec7 kh\u00f4ng ch\u00ednh quy<\/td>\r\n                    <td>1996<\/td>-->\r\n                    \r\n\r\n                    <\/tr><tr>\r\n                        <td>16<\/td>\r\n                    <td><a href=\"https:\/\/vafs.gov.vn\/vn\/thesis\/gop-phan-nghien-cuu-mot-so-dac-diem-sinh-hoc-cay-trau-nhan-vernicia-montana-lour-va-bien-phap-ky-thuat-trong-va-cai-tao-rung-trong-de-tang-san-luong-qua\/\">G\u00f3p ph\u1ea7n nghi\u00ean c\u1ee9u m\u1ed9t s\u1ed1 \u0111\u1eb7c \u0111i\u1ec3m sinh h\u1ecdc c\u00e2y Tr\u1ea9u nh\u0103n (Vernicia montana Lour) v\u00e0 bi\u1ec7n ph\u00e1p k\u1ef9 thu\u1eadt tr\u1ed3ng v\u00e0 c\u1ea3i t\u1ea1o r\u1eebng tr\u1ed3ng \u0111\u1ec3 t\u0103ng s\u1ea3n l\u01b0\u1ee3ng qu\u1ea3.<\/a><\/td>\r\n                    <td>Tr\u1ea7n Quang Vi\u1ec7t<\/td>\r\n                    <!--<td>Tr\u1ed3ng r\u1eebng<\/td>\r\n                    <td>4.04.01<\/td>\r\n                    <td>NCS h\u1ec7 kh\u00f4ng ch\u00ednh quy<\/td>\r\n                    <td>1996<\/td>-->\r\n                    \r\n\r\n                    <\/tr><tr>\r\n                        <td>17<\/td>\r\n                    <td><a href=\"https:\/\/vafs.gov.vn\/vn\/thesis\/gop-phan-nghien-cuu-qua-trinh-tai-sinh-tu-nhien-cua-rung-khop-vung-easup-dak-lak\/\">G\u00f3p ph\u1ea7n nghi\u00ean c\u1ee9u qu\u00e1 tr\u00ecnh t\u00e1i sinh t\u1ef1 nhi\u00ean c\u1ee7a r\u1eebng Kh\u1ed9p v\u00f9ng Easup &#8211; \u0110\u0103k L\u0103k.<\/a><\/td>\r\n                    <td>\u0110inh Quang Di\u1ec7p<\/td>\r\n                    <!--<td>L\u00e2m h\u1ecdc<\/td>\r\n                    <td>4.04.03<\/td>\r\n                    <td>Kh\u00f3a 2\/1986<\/td>\r\n                    <td>1993<\/td>-->\r\n                    \r\n\r\n                    <\/tr><tr>\r\n                        <td>18<\/td>\r\n                    <td><a href=\"https:\/\/vafs.gov.vn\/vn\/thesis\/gop-phan-nghien-cuu-qui-hoach-su-dung-dat-rung-ngap-man-tinh-ben-tre-theo-muc-tieu-phat-trien-ben-vung-su-dung-dat-ben-vung\/\">G\u00f3p ph\u1ea7n nghi\u00ean c\u1ee9u qui ho\u1ea1ch s\u1eed d\u1ee5ng \u0111\u1ea5t r\u1eebng ng\u1eadp m\u1eb7n t\u1ec9nh B\u1ebfn Tre theo m\u1ee5c ti\u00eau ph\u00e1t tri\u1ec3n b\u1ec1n v\u1eefng (s\u1eed d\u1ee5ng \u0111\u1ea5t b\u1ec1n v\u1eefng).<\/a><\/td>\r\n                    <td>Ng\u00f4 An<\/td>\r\n                    <!--<td>\u0110i\u1ec1u tra quy ho\u1ea1ch r\u1eebng<\/td>\r\n                    <td>62.62.60.10<\/td>\r\n                    <td>Kh\u00f3a 12\/1999<\/td>\r\n                    <td>2004<\/td>-->\r\n                    \r\n\r\n                    <\/tr><tr>\r\n                        <td>19<\/td>\r\n                    <td><a href=\"https:\/\/vafs.gov.vn\/vn\/thesis\/kha-nang-ung-dung-mo-phong-toan-de-nghien-cuu-mot-so-dac-trung-cau-truc-va-dong-thai-rung-khop-tay-nguyen\/\">Kh\u1ea3 n\u0103ng \u1ee9ng d\u1ee5ng m\u00f4 ph\u1ecfng to\u00e1n \u0111\u1ec3 nghi\u00ean c\u1ee9u m\u1ed9t s\u1ed1 \u0111\u1eb7c tr\u01b0ng c\u1ea5u tr\u00fac v\u00e0 \u0111\u1ed9ng th\u00e1i r\u1eebng Kh\u1ed9p &#8211; T\u00e2y Nguy\u00ean.<\/a><\/td>\r\n                    <td>Tr\u1ea7n V\u0103n Con<\/td>\r\n                    <!--<td>\u0110i\u1ec1u tra quy ho\u1ea1ch r\u1eebng<\/td>\r\n                    <td>4.04.02<\/td>\r\n                    <td>Kh\u00f3a 2\/1986<\/td>\r\n                    <td>1991<\/td>-->\r\n                    \r\n\r\n                    <\/tr><tr>\r\n                        <td>20<\/td>\r\n                    <td><a href=\"https:\/\/vafs.gov.vn\/vn\/thesis\/lap-bieu-san-pham-va-thuong-pham-cho-rung-thong-duoi-ngua-pinus-massoniana-lamb-kinh-doanh-rung-go-mo-vung-dong-bac-viet-nam\/\">L\u1eadp bi\u1ec3u s\u1ea3n ph\u1ea9m v\u00e0 th\u01b0\u01a1ng ph\u1ea9m cho r\u1eebng Th\u00f4ng \u0111u\u00f4i ng\u1ef1a (Pinus massoniana Lamb) kinh doanh r\u1eebng g\u1ed7 m\u1ecf v\u00f9ng \u0110\u00f4ng B\u1eafc Vi\u1ec7t Nam.<\/a><\/td>\r\n                    <td>V\u0169 V\u0103n Nh\u00e2m<\/td>\r\n                    <!--<td>Qui ho\u1ea1ch <\/td>\r\n                    <td>4.04.02<\/td>\r\n                    <td>NCS h\u1ec7 kh\u00f4ng ch\u00ednh quy<\/td>\r\n                    <td>1989<\/td>-->\r\n                    \r\n\r\n                    <\/tr><\/tbody><\/table><div class=\"navigation\"><span aria-current=\"page\" class=\"page-numbers current\">1<\/span>\n<a class=\"page-numbers\" href=\"\/vn\/wp-json\/wp\/v2\/pages\/7270?pagenum=2\">2<\/a>\n<a class=\"page-numbers\" href=\"\/vn\/wp-json\/wp\/v2\/pages\/7270?pagenum=3\">3<\/a>\n<span class=\"page-numbers dots\">&hellip;<\/span>\n<a class=\"page-numbers\" href=\"\/vn\/wp-json\/wp\/v2\/pages\/7270?pagenum=7\">7<\/a>\n<a class=\"next page-numbers\" href=\"\/vn\/wp-json\/wp\/v2\/pages\/7270?pagenum=2\">&raquo;<\/a><\/div>\n","protected":false},"excerpt":{"rendered":"","protected":false},"author":1,"featured_media":0,"parent":0,"menu_order":0,"comment_status":"closed","ping_status":"closed","template":"","meta":[],"_links":{"self":[{"href":"https:\/\/vafs.gov.vn\/vn\/wp-json\/wp\/v2\/pages\/7270"}],"collection":[{"href":"https:\/\/vafs.gov.vn\/vn\/wp-json\/wp\/v2\/pages"}],"about":[{"href":"https:\/\/vafs.gov.vn\/vn\/wp-json\/wp\/v2\/types\/page"}],"author":[{"embeddable":true,"href":"https:\/\/vafs.gov.vn\/vn\/wp-json\/wp\/v2\/users\/1"}],"replies":[{"embeddable":true,"href":"https:\/\/vafs.gov.vn\/vn\/wp-json\/wp\/v2\/comments?post=7270"}],"version-history":[{"count":2,"href":"https:\/\/vafs.gov.vn\/vn\/wp-json\/wp\/v2\/pages\/7270\/revisions"}],"predecessor-version":[{"id":7272,"href":"https:\/\/vafs.gov.vn\/vn\/wp-json\/wp\/v2\/pages\/7270\/revisions\/7272"}],"wp:attachment":[{"href":"https:\/\/vafs.gov.vn\/vn\/wp-json\/wp\/v2\/media?parent=7270"}],"curies":[{"name":"wp","href":"https:\/\/api.w.org\/{rel}","templated":true}]}}