{"id":7268,"date":"2013-08-25T11:32:21","date_gmt":"2013-08-25T04:32:21","guid":{"rendered":"http:\/\/vafs.gov.vn\/vn\/?page_id=7268"},"modified":"2013-10-03T10:25:20","modified_gmt":"2013-10-03T03:25:20","slug":"de-tai-nghien-cuu-khoa-hoc","status":"publish","type":"page","link":"https:\/\/vafs.gov.vn\/vn\/de-tai-nghien-cuu-khoa-hoc\/","title":{"rendered":"\u0110\u1ec1 t\u00e0i nghi\u00ean c\u1ee9u khoa h\u1ecdc"},"content":{"rendered":"<form class=\"topic_search_box\" action=\"\" method=\"GET\">\r\n                <label for=\"keyword\">T\u00ecm ki\u1ebfm<\/label>\r\n                <input type=\"text\" name=\"keyword\" value=\"\" \/>\r\n                <input type=\"submit\" name=\"submit\" value=\"T\u00ecm\"\r\n                <\/form><table class=\"topic\">\r\n                    <thead>\r\n                    <tr>\r\n                        <td>K\u00fd hi\u1ec7u kho<\/td>\r\n                        <td>\u0110\u1ec1 t\u00e0i nghi\u00ean c\u1ee9u khoa h\u1ecdc<\/td>\r\n                        <td>Ch\u1ee7 nhi\u1ec7m \u0111\u1ec1 t\u00e0i<\/td>\r\n                    <\/tr>\r\n                    <\/thead>\r\n                    <tfoot>\r\n                    <tr>\r\n                        <td>K\u00fd hi\u1ec7u kho<\/td>\r\n                        <td>\u0110\u1ec1 t\u00e0i nghi\u00ean c\u1ee9u khoa h\u1ecdc<\/td>\r\n                        <td>Ch\u1ee7 nhi\u1ec7m \u0111\u1ec1 t\u00e0i<\/td>                        \r\n                    <\/tr>\r\n                    <\/tfoot><tbody><tr>\r\n                        <td>VI24_726<\/td>\r\n                    <td><a href=\"https:\/\/vafs.gov.vn\/vn\/topic\/nghien-cuu-cac-giai-phap-phong-tru-sau-hai-chinh-cay-bo-de-styrax-tonkinensis-tai-tinh-yen-bai\/\">\u00a0Nghi\u00ean c\u1ee9u c\u00e1c gi\u1ea3i ph\u00e1p ph\u00f2ng tr\u1eeb s\u00e2u h\u1ea1i ch\u00ednh c\u00e2y B\u1ed3 \u0111\u1ec1 (Styrax tonkinensis) t\u1ea1i t\u1ec9nh Y\u00ean B\u00e1i<\/a><\/td>                    \r\n                    <td>ThS. Nguy\u1ec5n V\u0103n Th\u00e0nh - Trung t\u00e2m Nghi\u00ean c\u1ee9u B\u1ea3o v\u1ec7 r\u1eebng<\/td>\r\n                    <\/tr><tr>\r\n                        <td>VI24_721<\/td>\r\n                    <td><a href=\"https:\/\/vafs.gov.vn\/vn\/topic\/nghien-cuu-chon-giong-keo-lai-phuc-vu-trong-rung-tai-tinh-dong-nai\/\">\u00a0Nghi\u00ean c\u1ee9u ch\u1ecdn gi\u1ed1ng Keo lai ph\u1ee5c v\u1ee5 tr\u1ed3ng r\u1eebng t\u1ea1i t\u1ec9nh \u0110\u1ed3ng Nai<\/a><\/td>                    \r\n                    <td>TS Tr\u1ea7n H\u1eefu Bi\u1ec3n\u00a0- Vi\u1ec7n Khoa h\u1ecdc L\u00e2m nghi\u1ec7p Nam B\u1ed9 <\/td>\r\n                    <\/tr><tr>\r\n                        <td>VI24_772<\/td>\r\n                    <td><a href=\"https:\/\/vafs.gov.vn\/vn\/topic\/nghien-cuu-chon-va-nhan-giong-sao-den-hopea-odorata-roxb-va-dau-rai-dipterocapus-alatus-roxb-phuc-vu-trong-rung-go-lon-va-cay-phan-tan-tai-mot-so-vung-sinh-thai-trong-diem\/\">\u00a0Nghi\u00ean c\u1ee9u ch\u1ecdn v\u00e0 nh\u00e2n gi\u1ed1ng Sao \u0111en (Hopea odorata Roxb.) v\u00e0 D\u1ea7u r\u00e1i (Dipterocapus alatus Roxb) ph\u1ee5c v\u1ee5 tr\u1ed3ng r\u1eebng g\u1ed7 l\u1edbn v\u00e0 c\u00e2y ph\u00e2n t\u00e1n t\u1ea1i m\u1ed9t s\u1ed1 v\u00f9ng sinh th\u00e1i tr\u1ecdng \u0111i\u1ec3m<\/a><\/td>                    \r\n                    <td>TS. Ki\u1ec1u Tu\u1ea5n \u0110\u1ea1t - Vi\u1ec7n Khoa h\u1ecdc L\u00e2m nghi\u1ec7p Nam B\u1ed9 <\/td>\r\n                    <\/tr><tr>\r\n                        <td>VI24_720<\/td>\r\n                    <td><a href=\"https:\/\/vafs.gov.vn\/vn\/topic\/xay-dung-mo-hinh-lien-ket-san-xuat-va-tieu-thu-mu-trom-theo-huong-ben-vung\/\">\u00a0X\u00e2y d\u1ef1ng m\u00f4 h\u00ecnh li\u00ean k\u1ebft s\u1ea3n xu\u1ea5t v\u00e0 ti\u00eau th\u1ee5 m\u1ee7 Tr\u00f4m theo h\u01b0\u1edbng b\u1ec1n v\u1eefng<\/a><\/td>                    \r\n                    <td>TS. Ph\u00f9ng V\u0103n Khang\u00a0- Vi\u1ec7n Khoa h\u1ecdc L\u00e2m nghi\u1ec7p Nam B\u1ed9 <\/td>\r\n                    <\/tr><tr>\r\n                        <td>VI24_806<\/td>\r\n                    <td><a href=\"https:\/\/vafs.gov.vn\/vn\/topic\/xay-dung-mo-hinh-thu-nghiem-giong-ba-kich-tim-morinda-officinalis-f-c-how-tai-tinh-lai-chau\/\">\u00a0X\u00e2y d\u1ef1ng m\u00f4 h\u00ecnh th\u1eed nghi\u1ec7m gi\u1ed1ng Ba k\u00edch t\u00edm (Morinda officinalis F.C. How) t\u1ea1i t\u1ec9nh Lai Ch\u00e2u.<\/a><\/td>                    \r\n                    <td>ThS. Ph\u00f9ng Nhu\u1ec7 Giang\u00a0 - Trung t\u00e2m Nghi\u00ean c\u1ee9u L\u00e2m s\u1ea3n ngo\u00e0i g\u1ed7<\/td>\r\n                    <\/tr><tr>\r\n                        <td>VI24_943<\/td>\r\n                    <td><a href=\"https:\/\/vafs.gov.vn\/vn\/topic\/xay-dung-mo-hinh-trong-luu-giu-va-phat-trien-cay-duoc-lieu-that-diep-nhat-chi-hoa-tai-thanh-pho-dien-bien-phu-tinh-dien-bien\/\">\u00a0X\u00e2y d\u1ef1ng m\u00f4 h\u00ecnh tr\u1ed3ng, l\u01b0u gi\u1eef v\u00e0 ph\u00e1t tri\u1ec3n c\u00e2y D\u01b0\u1ee3c li\u1ec7u Th\u1ea5t di\u1ec7p nh\u1ea5t chi hoa t\u1ea1i th\u00e0nh ph\u1ed1 \u0110i\u1ec7n Bi\u00ean Ph\u1ee7, t\u1ec9nh \u0110i\u1ec7n Bi\u00ean<\/a><\/td>                    \r\n                    <td>Ths. L\u00ea Anh Thanh - Trung t\u00e2m Khoa h\u1ecdc L\u00e2m nghi\u1ec7p T\u00e2y B\u1eafc\u00a0<\/td>\r\n                    <\/tr><tr>\r\n                        <td>VI24_352<\/td>\r\n                    <td><a href=\"https:\/\/vafs.gov.vn\/vn\/topic\/an-toan-lao-dong-trong-khai-thac-va-van-chuyen-go-rung-trong-yeu-cau-chung\/\">An to\u00e0n lao \u0111\u1ed9ng trong khai th\u00e1c v\u00e0 v\u1eadn chuy\u1ec3n g\u1ed7 r\u1eebng tr\u1ed3ng \u2013 Y\u00eau c\u1ea7u chung<\/a><\/td>                    \r\n                    <td>ThS. Phan T\u00f9ng H\u01b0ng<\/td>\r\n                    <\/tr><tr>\r\n                        <td>VI24_252<\/td>\r\n                    <td><a href=\"https:\/\/vafs.gov.vn\/vn\/topic\/atlat-cay-rung-viet-nam\/\">Atl\u00e1t c\u00e2y r\u1eebng Vi\u1ec7t Nam<\/a><\/td>                    \r\n                    <td>PGS.TS.Nguy\u1ec5n Ho\u00e0ng Ngh\u0129a<\/td>\r\n                    <\/tr><tr>\r\n                        <td>VI24_587<\/td>\r\n                    <td><a href=\"https:\/\/vafs.gov.vn\/vn\/topic\/bao-quan-go-thuat-ngu-va-dinh-nghia\/\">B\u1ea3o qu\u1ea3n g\u1ed7 &#8211; Thu\u1eadt ng\u1eef v\u00e0 \u0111\u1ecbnh ngh\u0129a<\/a><\/td>                    \r\n                    <td>TS. Nguy\u1ec5n V\u0103n \u0110\u1ee9c<\/td>\r\n                    <\/tr><tr>\r\n                        <td>VI24_346<\/td>\r\n                    <td><a href=\"https:\/\/vafs.gov.vn\/vn\/topic\/bao-quan-lam-san-kiem-nghiem-hieu-luc-cua-thuoc-bao-quan-voi-moi\/\">B\u1ea3o qu\u1ea3n L\u00e2m s\u1ea3n \u2013 Ki\u1ec3m nghi\u1ec7m hi\u1ec7u l\u1ef1c c\u1ee7a thu\u1ed1c b\u1ea3o qu\u1ea3n v\u1edbi m\u1ed1i<\/a><\/td>                    \r\n                    <td>TS. Nguy\u1ec5n V\u0103n \u0110\u1ee9c<\/td>\r\n                    <\/tr><tr>\r\n                        <td>VI24_349<\/td>\r\n                    <td><a href=\"https:\/\/vafs.gov.vn\/vn\/topic\/bao-quan-lam-san-qui-trinh-bao-quan-go-rung-trong-lam-noc-tieu-bang-che-pham-xm5\/\">B\u1ea3o qu\u1ea3n L\u00e2m s\u1ea3n \u2013 Qui tr\u00ecnh b\u1ea3o qu\u1ea3n g\u1ed7 r\u1eebng tr\u1ed3ng l\u00e0m n\u1ecdc ti\u00eau b\u1eb1ng ch\u1ebf ph\u1ea9m XM5<\/a><\/td>                    \r\n                    <td>TS. B\u00f9i V\u0103n \u00c1i<\/td>\r\n                    <\/tr><tr>\r\n                        <td>VI24_347<\/td>\r\n                    <td><a href=\"https:\/\/vafs.gov.vn\/vn\/topic\/bao-quan-lam-san-qui-trinh-phong-moi-mot-cho-cac-cong-trinh-xay-dung\/\">B\u1ea3o qu\u1ea3n L\u00e2m s\u1ea3n \u2013 Qui tr\u00ecnh ph\u00f2ng m\u1ed1i, m\u1ecdt cho c\u00e1c c\u00f4ng tr\u00ecnh x\u00e2y d\u1ef1ng<\/a><\/td>                    \r\n                    <td>TS. B\u00f9i V\u0103n \u00c1i<\/td>\r\n                    <\/tr><tr>\r\n                        <td>VI24_153<\/td>\r\n                    <td><a href=\"https:\/\/vafs.gov.vn\/vn\/topic\/bao-ton-nguon-gen-cay-cay-rung-iii-nghien-cuu-bao-ton-va-phat-trien-nguon-gen-cay-rung-lam-co-so-cho-cong-tac-cai-thien-giong-cay-rung\/\">B\u1ea3o t\u1ed3n ngu\u1ed3n gen c\u00e2y c\u00e2y r\u1eebng III (Nghi\u00ean c\u1ee9u b\u1ea3o t\u1ed3n v\u00e0 ph\u00e1t tri\u1ec3n ngu\u1ed3n gen c\u00e2y r\u1eebng l\u00e0m c\u01a1 s\u1edf cho c\u00f4ng t\u00e1c c\u1ea3i thi\u1ec7n gi\u1ed1ng c\u00e2y r\u1eebng)<\/a><\/td>                    \r\n                    <td>ThS. Ph\u00ed H\u1ed3ng H\u1ea3i<\/td>\r\n                    <\/tr><tr>\r\n                        <td>VI24_882<\/td>\r\n                    <td><a href=\"https:\/\/vafs.gov.vn\/vn\/topic\/bao-ton-nguon-gen-cay-dang-sam-codonopsis-javanica-blume-hook-f-thomson-tren-dia-ban-tinh-quang-ninh\/\">B\u1ea3o t\u1ed3n ngu\u1ed3n gen c\u00e2y \u0110\u1eb3ng s\u00e2m (Codonopsis javanica (Blume) Hook.f.&#038; Thomson) tr\u00ean \u0111\u1ecba b\u00e0n t\u1ec9nh Qu\u1ea3ng Ninh<\/a><\/td>                    \r\n                    <td>ThS. \u0110\u00e0o Th\u1ecb Huy\u1ec1n - Vi\u1ec7n Nghi\u00ean c\u1ee9u L\u00e2m sinh <\/td>\r\n                    <\/tr><tr>\r\n                        <td>VI24_880<\/td>\r\n                    <td><a href=\"https:\/\/vafs.gov.vn\/vn\/topic\/bao-ton-nguon-gen-cay-re-huong-cinnamomum-parthenoxylon-jack-meisn-tren-dia-ban-tinh-quang-ninh\/\">B\u1ea3o t\u1ed3n ngu\u1ed3n gen c\u00e2y Re h\u01b0\u01a1ng (Cinnamomum parthenoxylon (Jack) Meisn) tr\u00ean \u0111\u1ecba b\u00e0n t\u1ec9nh Qu\u1ea3ng Ninh<\/a><\/td>                    \r\n                    <td>ThS. T\u1ea1 Nh\u1eadt V\u01b0\u01a1ng - Vi\u1ec7n Nghi\u00ean c\u1ee9u L\u00e2m sinh <\/td>\r\n                    <\/tr><tr>\r\n                        <td>VI24_904<\/td>\r\n                    <td><a href=\"https:\/\/vafs.gov.vn\/vn\/topic\/bao-ton-nguon-gen-cay-rung-2026-2029\/\">B\u1ea3o t\u1ed3n ngu\u1ed3n gen c\u00e2y r\u1eebng 2026-2029<\/a><\/td>                    \r\n                    <td>TS. La \u00c1nh D\u01b0\u01a1ng- Vi\u1ec7n Nghi\u00ean c\u1ee9u Gi\u1ed1ng v\u00e0 C\u00f4ng ngh\u1ec7 sinh h\u1ecdc L\u00e2m nghi\u1ec7p<\/td>\r\n                    <\/tr><tr>\r\n                        <td>VI24_11<\/td>\r\n                    <td><a href=\"https:\/\/vafs.gov.vn\/vn\/topic\/bao-ton-nguon-gen-cay-rung-i\/\">B\u1ea3o t\u1ed3n ngu\u1ed3n gen c\u00e2y r\u1eebng I<\/a><\/td>                    \r\n                    <td>TS. Nguy\u1ec5n Ho\u00e0ng Ngh\u0129a<\/td>\r\n                    <\/tr><tr>\r\n                        <td>VI24_10<\/td>\r\n                    <td><a href=\"https:\/\/vafs.gov.vn\/vn\/topic\/bao-ton-nguon-gen-cay-rung-ii\/\">B\u1ea3o t\u1ed3n ngu\u1ed3n gen c\u00e2y r\u1eebng II<\/a><\/td>                    \r\n                    <td>TS. Nguy\u1ec5n Ho\u00e0ng Ngh\u0129a<\/td>\r\n                    <\/tr><tr>\r\n                        <td>VI24_417<\/td>\r\n                    <td><a href=\"https:\/\/vafs.gov.vn\/vn\/topic\/bao-ton-nguon-gen-cay-rung\/\">B\u1ea3o t\u1ed3n ngu\u1ed3n gen c\u00e2y r\u1eebng III<\/a><\/td>                    \r\n                    <td>TS Ph\u00ed H\u1ed3ng H\u1ea3i <\/td>\r\n                    <\/tr><tr>\r\n                        <td>VI24_555<\/td>\r\n                    <td><a href=\"https:\/\/vafs.gov.vn\/vn\/topic\/bao-ton-nguon-gen-cay-rung-iv\/\">B\u1ea3o t\u1ed3n ngu\u1ed3n gen c\u00e2y r\u1eebng IV<\/a><\/td>                    \r\n                    <td>TS. Ph\u00ed H\u1ed3ng H\u1ea3i<\/td>\r\n                    <\/tr><\/tbody><\/table><div class=\"navigation\"><span aria-current=\"page\" class=\"page-numbers current\">1<\/span>\n<a class=\"page-numbers\" href=\"\/vn\/wp-json\/wp\/v2\/pages\/7268?pagenum=2\">2<\/a>\n<a class=\"page-numbers\" href=\"\/vn\/wp-json\/wp\/v2\/pages\/7268?pagenum=3\">3<\/a>\n<span class=\"page-numbers dots\">&hellip;<\/span>\n<a class=\"page-numbers\" href=\"\/vn\/wp-json\/wp\/v2\/pages\/7268?pagenum=48\">48<\/a>\n<a class=\"next page-numbers\" href=\"\/vn\/wp-json\/wp\/v2\/pages\/7268?pagenum=2\">&raquo;<\/a><\/div>\n","protected":false},"excerpt":{"rendered":"","protected":false},"author":1,"featured_media":0,"parent":0,"menu_order":0,"comment_status":"closed","ping_status":"closed","template":"","meta":[],"_links":{"self":[{"href":"https:\/\/vafs.gov.vn\/vn\/wp-json\/wp\/v2\/pages\/7268"}],"collection":[{"href":"https:\/\/vafs.gov.vn\/vn\/wp-json\/wp\/v2\/pages"}],"about":[{"href":"https:\/\/vafs.gov.vn\/vn\/wp-json\/wp\/v2\/types\/page"}],"author":[{"embeddable":true,"href":"https:\/\/vafs.gov.vn\/vn\/wp-json\/wp\/v2\/users\/1"}],"replies":[{"embeddable":true,"href":"https:\/\/vafs.gov.vn\/vn\/wp-json\/wp\/v2\/comments?post=7268"}],"version-history":[{"count":1,"href":"https:\/\/vafs.gov.vn\/vn\/wp-json\/wp\/v2\/pages\/7268\/revisions"}],"predecessor-version":[{"id":7269,"href":"https:\/\/vafs.gov.vn\/vn\/wp-json\/wp\/v2\/pages\/7268\/revisions\/7269"}],"wp:attachment":[{"href":"https:\/\/vafs.gov.vn\/vn\/wp-json\/wp\/v2\/media?parent=7268"}],"curies":[{"name":"wp","href":"https:\/\/api.w.org\/{rel}","templated":true}]}}