{"id":7266,"date":"2013-05-25T11:31:09","date_gmt":"2013-05-25T04:31:09","guid":{"rendered":"http:\/\/vafs.gov.vn\/vn\/?page_id=7266"},"modified":"2020-05-05T07:23:23","modified_gmt":"2020-05-05T00:23:23","slug":"thu-vien-sach","status":"publish","type":"page","link":"https:\/\/vafs.gov.vn\/vn\/thu-vien-sach\/","title":{"rendered":"Th\u01b0 vi\u1ec7n s\u00e1ch"},"content":{"rendered":"<form class=\"book_search_box\" action=\"\" method=\"GET\">\r\n                <label for=\"keyword\">T\u00ecm ki\u1ebfm<\/label>\r\n                <input type=\"text\" name=\"keyword\" value=\"\" \/>\r\n                <input type=\"submit\" name=\"submit\" value=\"T\u00ecm\"\r\n                <\/form><table class=\"book\">\r\n                    <thead>\r\n                    <tr>\r\n                        <td><\/td>\r\n                        <td>T\u00ean g\u1ed1c<\/td>\r\n                        <td>T\u00ean t\u1ea1m d\u1ecbch<\/td>\r\n                        <td>T\u00e1c gi\u1ea3<\/td>\r\n                        <td>Ng\u00e0y xu\u1ea5t b\u1ea3n<\/td>\r\n                    <\/tr>\r\n                    <\/thead>\r\n                    <tfoot>\r\n                    <tr>\r\n                        <td><\/td>\r\n                        <td>T\u00ean g\u1ed1c<\/td>\r\n                        <td>T\u00ean t\u1ea1m d\u1ecbch<\/td>\r\n                        <td>T\u00e1c gi\u1ea3<\/td>\r\n                        <td>Ng\u00e0y xu\u1ea5t b\u1ea3n<\/td>                        \r\n                    <\/tr>\r\n                    <\/tfoot><tbody><tr>\r\n                        <td>1<\/td>\r\n                    <td><a href=\"https:\/\/vafs.gov.vn\/vn\/book\/nhom-sinh-thai-phuong-phap-nc-va-ung-dung-trong-cong-tac-dieu-che-rungo-viet-nam-bui-doan\/\">&#8220;Nh\u00f3m sinh th\u00e1i&#8221; &#8211; Ph\u01b0\u01a1ng ph\u00e1p NC v\u00e0 \u1ee9ng d\u1ee5ng trong c\u00f4ng t\u00e1c &#8220;\u0110i\u1ec1u ch\u00e9 r\u1eebng&#8221;\u1edf Vi\u1ec7t Nam, B\u00f9i \u0110o\u00e0n<\/a><\/td>\r\n                    <td><a href=\"https:\/\/vafs.gov.vn\/vn\/book\/nhom-sinh-thai-phuong-phap-nc-va-ung-dung-trong-cong-tac-dieu-che-rungo-viet-nam-bui-doan\/\"><\/a><\/td>                    \r\n                    <td>B\u00f9i \u0110o\u00e0n<\/td>\r\n                    <td>1987<\/td>                    \r\n                    \r\n\r\n                    <\/tr><tr>\r\n                        <td>2<\/td>\r\n                    <td><a href=\"https:\/\/vafs.gov.vn\/vn\/book\/nhom-sinh-thai-phuong-phap-nc-va-ung-dung-trong-cong-tac-dieu-che-rungo-vn-bui-doan\/\">&#8220;Nh\u00f3m sinh th\u00e1i&#8221; &#8211; Ph\u01b0\u01a1ng ph\u00e1p NC v\u00e0 \u1ee9ng d\u1ee5ng trong c\u00f4ng t\u00e1c &#8220;\u0110i\u1ec1u ch\u1ebf r\u1eebng&#8221;\u1edf VN, B\u00f9i \u0110o\u00e0n<\/a><\/td>\r\n                    <td><a href=\"https:\/\/vafs.gov.vn\/vn\/book\/nhom-sinh-thai-phuong-phap-nc-va-ung-dung-trong-cong-tac-dieu-che-rungo-vn-bui-doan\/\"><\/a><\/td>                    \r\n                    <td>B\u00f9i \u0110o\u00e0n<\/td>\r\n                    <td>1987<\/td>                    \r\n                    \r\n\r\n                    <\/tr><tr>\r\n                        <td>3<\/td>\r\n                    <td><a href=\"https:\/\/vafs.gov.vn\/vn\/book\/1problems-with-the-detection-and-identification-of-exotie-plant-pathogens-offorest-trees-walkerj\/\">1,Problems with the detection and identification of exotie plant pathogens offorest trees, Walker,J.<\/a><\/td>\r\n                    <td><a href=\"https:\/\/vafs.gov.vn\/vn\/book\/1problems-with-the-detection-and-identification-of-exotie-plant-pathogens-offorest-trees-walkerj\/\">1,nh\u1eefng v\u1ea5n \u0111\u1ec1 v\u1ec1 ph\u00e1t hi\u1ec7n v\u00e0 nh\u1eadn bi\u1ebft m\u1ea7m b\u1ec7nh l\u1ea1 c\u1ee7a c\u00e2y r\u1eebng<\/a><\/td>                    \r\n                    <td>Walker,J.<\/td>\r\n                    <td>1987<\/td>                    \r\n                    \r\n\r\n                    <\/tr><tr>\r\n                        <td>4<\/td>\r\n                    <td><a href=\"https:\/\/vafs.gov.vn\/vn\/book\/100-loai-cay-ban-dia\/\">100 lo\u00e0i c\u00e2y b\u1ea3n \u0111\u1ecba<\/a><\/td>\r\n                    <td><a href=\"https:\/\/vafs.gov.vn\/vn\/book\/100-loai-cay-ban-dia\/\"><\/a><\/td>                    \r\n                    <td><\/td>\r\n                    <td>1997.<\/td>                    \r\n                    \r\n\r\n                    <\/tr><tr>\r\n                        <td>5<\/td>\r\n                    <td><a href=\"https:\/\/vafs.gov.vn\/vn\/book\/106th-session-of-the-council-camerond-m\/\">106th session of the council, Cameron,D.M.<\/a><\/td>\r\n                    <td><a href=\"https:\/\/vafs.gov.vn\/vn\/book\/106th-session-of-the-council-camerond-m\/\">H\u1ed9i ngh\u1ecb h\u1ed9i \u0111\u1ed3ng l\u1ea7n th\u1ee9 106<\/a><\/td>                    \r\n                    <td>Cameron,D.M.<\/td>\r\n                    <td>1994<\/td>                    \r\n                    \r\n\r\n                    <\/tr><tr>\r\n                        <td>6<\/td>\r\n                    <td><a href=\"https:\/\/vafs.gov.vn\/vn\/book\/2-problems-with-the-detection-and-identification-of-pest-insect-introductions-intoaustralia-with-special-reference-to-queensland-wyliefr\/\">2.Problems with the detection and identification of pest insect introductions intoAustralia, with special reference to Queensland, Wylie,F,R.<\/a><\/td>\r\n                    <td><a href=\"https:\/\/vafs.gov.vn\/vn\/book\/2-problems-with-the-detection-and-identification-of-pest-insect-introductions-intoaustralia-with-special-reference-to-queensland-wyliefr\/\">2.Nh\u1eefng v\u1ea5n \u0111\u1ec1 v\u1ec1 ph\u00e1t hi\u1ec7n v\u00e0 nh\u1eadn bi\u1ebft vi\u1ec7c du nh\u1eadp s\u00e2u h\u1ea1i v\u00e0o Australia, v\u1edbis\u1ef1 tham kh\u1ea3o \u0111\u1eb7c bi\u1ec7t cho bang Queensland \r\n<\/a><\/td>                    \r\n                    <td>Wylie,F,R.<\/td>\r\n                    <td>1987<\/td>                    \r\n                    \r\n\r\n                    <\/tr><tr>\r\n                        <td>7<\/td>\r\n                    <td><a href=\"https:\/\/vafs.gov.vn\/vn\/book\/2-problems-with-the-detection-and-identification-of-pest-insect-introductions-intoaustralia-with-special-reference-to-queensland-conclusions-wyliefr\/\">2.Problems with the detection and identification of pest insect introductions intoAustralia, with special reference to Queensland: Conclusions, Wylie,F,R.<\/a><\/td>\r\n                    <td><a href=\"https:\/\/vafs.gov.vn\/vn\/book\/2-problems-with-the-detection-and-identification-of-pest-insect-introductions-intoaustralia-with-special-reference-to-queensland-conclusions-wyliefr\/\">2.Nh\u1eefng v\u1ea5n \u0111\u1ec1 v\u1ec1 ph\u00e1t hi\u1ec7n v\u00e0 nh\u1eadn bi\u1ebft vi\u1ec7c du nh\u1eadp s\u00e2u h\u1ea1i v\u00e0o Australia, v\u1edbis\u1ef1 tham kh\u1ea3o \u0111\u1eb7c bi\u1ec7t cho bang Queensland: K\u1ebft lu\u1eadn \r\n<\/a><\/td>                    \r\n                    <td>Wylie,F,R.<\/td>\r\n                    <td>1987<\/td>                    \r\n                    \r\n\r\n                    <\/tr><tr>\r\n                        <td>8<\/td>\r\n                    <td><a href=\"https:\/\/vafs.gov.vn\/vn\/book\/25-nam-hoat-dong-cua-cong-cu-va-co-gioi-hoa-trong-rung-nguyen-thanh-que\/\">25 n\u0103m ho\u1ea1t \u0111\u1ed9ng c\u1ee7a c\u00f4ng c\u1ee5 v\u00e0 c\u01a1 gi\u1edbi ho\u00e1 tr\u1ed3ng r\u1eebng, Nguy\u1ec5n Thanh Qu\u1ebf<\/a><\/td>\r\n                    <td><a href=\"https:\/\/vafs.gov.vn\/vn\/book\/25-nam-hoat-dong-cua-cong-cu-va-co-gioi-hoa-trong-rung-nguyen-thanh-que\/\"><\/a><\/td>                    \r\n                    <td>Nguy\u1ec5n Thanh Qu\u1ebf<\/td>\r\n                    <td>1986<\/td>                    \r\n                    \r\n\r\n                    <\/tr><tr>\r\n                        <td>9<\/td>\r\n                    <td><a href=\"https:\/\/vafs.gov.vn\/vn\/book\/3-histories-of-control-measures-against-some-introduced-pest-and-diseases-offorest-and-forest-products-in-australia-eldrigerh\/\">3.Histories of control measures against some introduced pest and diseases offorest and forest products in Australia, Eldrige,R,H.<\/a><\/td>\r\n                    <td><a href=\"https:\/\/vafs.gov.vn\/vn\/book\/3-histories-of-control-measures-against-some-introduced-pest-and-diseases-offorest-and-forest-products-in-australia-eldrigerh\/\">L\u1ecbch s\u1eed c\u1ee7a c\u00e1c bi\u1ec7n ph\u00e1p ph\u00f2ng tr\u1eeb c\u00e1c lo\u00e0i s\u00e2u b\u1ec7nh nh\u1eadp n\u1ed9i h\u1ea1i r\u1eebng v\u00e0 l\u00e2ms\u1ea3n \u1edf Australia \r\n<\/a><\/td>                    \r\n                    <td>Eldrige,R,H.<\/td>\r\n                    <td>1987<\/td>                    \r\n                    \r\n\r\n                    <\/tr><tr>\r\n                        <td>10<\/td>\r\n                    <td><a href=\"https:\/\/vafs.gov.vn\/vn\/book\/30-nam-xay-dung-va-phat-trien-nganh-lam-nghiep-1961-1960\/\">30 n\u0103m x\u00e2y d\u1ef1ng v\u00e0 ph\u00e1t tri\u1ec3n ng\u00e0nh l\u00e2m nghi\u1ec7p (1961-1960)<\/a><\/td>\r\n                    <td><a href=\"https:\/\/vafs.gov.vn\/vn\/book\/30-nam-xay-dung-va-phat-trien-nganh-lam-nghiep-1961-1960\/\"><\/a><\/td>                    \r\n                    <td><\/td>\r\n                    <td>1991<\/td>                    \r\n                    \r\n\r\n                    <\/tr><tr>\r\n                        <td>11<\/td>\r\n                    <td><a href=\"https:\/\/vafs.gov.vn\/vn\/book\/3000-solved-problems-in-biology-achaums\/\">3000 solved problems in biology, Achaum,S.<\/a><\/td>\r\n                    <td><a href=\"https:\/\/vafs.gov.vn\/vn\/book\/3000-solved-problems-in-biology-achaums\/\">3000 \u0111\u1ec1 v\u1ec1 sinh h\u1ecdc c\u00f3 gi\u1ea3i \u0111\u00e1p<\/a><\/td>                    \r\n                    <td>Achaum,S.<\/td>\r\n                    <td>1989<\/td>                    \r\n                    \r\n\r\n                    <\/tr><tr>\r\n                        <td>12<\/td>\r\n                    <td><a href=\"https:\/\/vafs.gov.vn\/vn\/book\/a-bibliography-of-the-mangrove-literature-melissa-van-tine\/\">A bibliography of the mangrove literature, Melissa Van Tine<\/a><\/td>\r\n                    <td><a href=\"https:\/\/vafs.gov.vn\/vn\/book\/a-bibliography-of-the-mangrove-literature-melissa-van-tine\/\">Th\u01b0 m\u1ee5c c\u00e1c t\u00e0i li\u1ec7u v\u1ec1 r\u1eebng ng\u1eadp m\u1eb7n<\/a><\/td>                    \r\n                    <td>Melissa Van Tine<\/td>\r\n                    <td>1974<\/td>                    \r\n                    \r\n\r\n                    <\/tr><tr>\r\n                        <td>13<\/td>\r\n                    <td><a href=\"https:\/\/vafs.gov.vn\/vn\/book\/a-bordered-matrix-approach-to-the-bioeconomic-modeling-of-agroforestrysystems-conclusion-mojtkowskipa\/\">A Bordered matrix approach to the bioeconomic modeling of agroforestrysystems: Conclusion, Mojtkowski,P,A.<\/a><\/td>\r\n                    <td><a href=\"https:\/\/vafs.gov.vn\/vn\/book\/a-bordered-matrix-approach-to-the-bioeconomic-modeling-of-agroforestrysystems-conclusion-mojtkowskipa\/\">M\u1ed9t phwong ph\u00e1p ma tr\u1eadn \u0111\u01b0\u1ee3c b\u00e1o tr\u01b0\u1edbc, \u0111\u1ec3 l\u1eadp m\u00f4 h\u00ecnh kinh t\u1ebf sinh h\u1ecdc c\u1ee7ac\u00e1c ph\u01b0\u01a1ng th\u1ee9c NLKH: K\u1ebft lu\u1eadn \r\n<\/a><\/td>                    \r\n                    <td>Mojtkowski,P,A.<\/td>\r\n                    <td>1991<\/td>                    \r\n                    \r\n\r\n                    <\/tr><tr>\r\n                        <td>14<\/td>\r\n                    <td><a href=\"https:\/\/vafs.gov.vn\/vn\/book\/a-bordered-matrix-opproach-to-the-bioeconomic-modeling-of-agroforestrysystems-wojtkowskipa\/\">A bordered matrix opproach to the bioeconomic modeling of agroforestrysystems, Wojtkowski,P,A.<\/a><\/td>\r\n                    <td><a href=\"https:\/\/vafs.gov.vn\/vn\/book\/a-bordered-matrix-opproach-to-the-bioeconomic-modeling-of-agroforestrysystems-wojtkowskipa\/\">M\u1ed9t ph\u01b0\u01a1ng ph\u00e1p ma tr\u1eadn \u0111\u01b0\u1ee3c b\u00e1o tr\u01b0\u1edbc, \u0111\u1ec3 l\u1eadp m\u00f4 h\u00ecnh kinh t\u1ebf sinh h\u1ecdc c\u1ee7ac\u00e1c ph\u01b0\u01a1ng th\u1ee9c NLKH \r\n<\/a><\/td>                    \r\n                    <td>Wojtkowski,P,A.<\/td>\r\n                    <td>1991<\/td>                    \r\n                    \r\n\r\n                    <\/tr><tr>\r\n                        <td>15<\/td>\r\n                    <td><a href=\"https:\/\/vafs.gov.vn\/vn\/book\/a-brief-account-of-professional-education-and-training-in-agroforestry-in-chinashijiw\/\">A brief account of professional education and training in agroforestry in China,Shiji,W.<\/a><\/td>\r\n                    <td><a href=\"https:\/\/vafs.gov.vn\/vn\/book\/a-brief-account-of-professional-education-and-training-in-agroforestry-in-chinashijiw\/\">T\u00f3m t\u1eaft v\u1ec1 gi\u00e1o d\u1ee5c \u0111\u00e0o t\u1ea1o NLKH \u1edf Trung Qu\u1ed1c<\/a><\/td>                    \r\n                    <td>Shiji,W.<\/td>\r\n                    <td>1990<\/td>                    \r\n                    \r\n\r\n                    <\/tr><tr>\r\n                        <td>16<\/td>\r\n                    <td><a href=\"https:\/\/vafs.gov.vn\/vn\/book\/a-compendium-of-chinese-bamboo\/\">A compendium of Chinese Bamboo<\/a><\/td>\r\n                    <td><a href=\"https:\/\/vafs.gov.vn\/vn\/book\/a-compendium-of-chinese-bamboo\/\"><\/a><\/td>                    \r\n                    <td>Zhu Shilin Ma Naixun Fu Maoyi.<\/td>\r\n                    <td>1993.<\/td>                    \r\n                    \r\n\r\n                    <\/tr><tr>\r\n                        <td>17<\/td>\r\n                    <td><a href=\"https:\/\/vafs.gov.vn\/vn\/book\/a-conceptual-machine-design-for-mechanical-pruning-of-plantation-pineswilkesp\/\">A conceptual machine design for mechanical pruning of plantation pines,Wilkes,P.<\/a><\/td>\r\n                    <td><a href=\"https:\/\/vafs.gov.vn\/vn\/book\/a-conceptual-machine-design-for-mechanical-pruning-of-plantation-pineswilkesp\/\">M\u1ed9t thi\u1ebft k\u1ebf m\u00e1y d\u00f9ng \u0111\u1ec3 ch\u1eb7t t\u1ec9a th\u01b0a th\u00f4ng tr\u1ed3ng<\/a><\/td>                    \r\n                    <td>Wilkes,P.<\/td>\r\n                    <td>1986<\/td>                    \r\n                    \r\n\r\n                    <\/tr><tr>\r\n                        <td>18<\/td>\r\n                    <td><a href=\"https:\/\/vafs.gov.vn\/vn\/book\/a-diagnostic-survey-of-shifting-cultivation-in-northern-laos-targrting-research-toimprove-sustainability-and-productivity-fujisakas\/\">A diagnostic survey of shifting cultivation in northern Laos: targrting research toimprove sustainability and productivity, Fujisaka,S.<\/a><\/td>\r\n                    <td><a href=\"https:\/\/vafs.gov.vn\/vn\/book\/a-diagnostic-survey-of-shifting-cultivation-in-northern-laos-targrting-research-toimprove-sustainability-and-productivity-fujisakas\/\">M\u1ed9t cu\u1ed9c \u0111i\u1ec1u tra d\u1ef1 b\u00e1o v\u1ec1 du canh \u1edf B\u1eafc L\u00e0o: NC m\u1ee5c ti\u00eau \u0111\u1ec3 c\u1ea3i thi\u1ec7n t\u00ednhb\u1ec1n v\u1eefng v\u00e0 n\u0103ng su\u1ea5t \r\n<\/a><\/td>                    \r\n                    <td>Fujisaka,S.<\/td>\r\n                    <td>1991<\/td>                    \r\n                    \r\n\r\n                    <\/tr><tr>\r\n                        <td>19<\/td>\r\n                    <td><a href=\"https:\/\/vafs.gov.vn\/vn\/book\/a-diagnostic-survey-of-shifting-cultivation-in-northern-laos-targrting-research-toimprove-sustainability-and-productivity-conclusion-fujisakas\/\">A diagnostic survey of shifting cultivation in northern Laos: targrting research toimprove sustainability and productivity: Conclusion, Fujisaka,S.<\/a><\/td>\r\n                    <td><a href=\"https:\/\/vafs.gov.vn\/vn\/book\/a-diagnostic-survey-of-shifting-cultivation-in-northern-laos-targrting-research-toimprove-sustainability-and-productivity-conclusion-fujisakas\/\">M\u1ed9t cu\u1ed9c \u0111i\u1ec1u tra d\u1ef1 b\u00e1o v\u1ec1 du canh \u1edf B\u1eafc L\u00e0o: NC m\u1ee5c ti\u00eau \u0111\u1ec3 c\u1ea3i thi\u1ec7n t\u00ednhb\u1ec1n v\u1eefng v\u00e0 n\u0103ng su\u1ea5t: K\u1ebft lu\u1eadn \r\n<\/a><\/td>                    \r\n                    <td>Fujisaka,S.<\/td>\r\n                    <td>1991<\/td>                    \r\n                    \r\n\r\n                    <\/tr><tr>\r\n                        <td>20<\/td>\r\n                    <td><a href=\"https:\/\/vafs.gov.vn\/vn\/book\/a-handbook-of-forestry-negiss\/\">A handbook of forestry, Negi,S,S.<\/a><\/td>\r\n                    <td><a href=\"https:\/\/vafs.gov.vn\/vn\/book\/a-handbook-of-forestry-negiss\/\">C\u1ea9m nang l\u00e2m nghi\u1ec7p<\/a><\/td>                    \r\n                    <td>Negi,S,S.<\/td>\r\n                    <td>1986<\/td>                    \r\n                    \r\n\r\n                    <\/tr><\/tbody><\/table><div class=\"navigation\"><span aria-current=\"page\" class=\"page-numbers current\">1<\/span>\n<a class=\"page-numbers\" href=\"\/vn\/wp-json\/wp\/v2\/pages\/7266?pagenum=2\">2<\/a>\n<a class=\"page-numbers\" href=\"\/vn\/wp-json\/wp\/v2\/pages\/7266?pagenum=3\">3<\/a>\n<span class=\"page-numbers dots\">&hellip;<\/span>\n<a class=\"page-numbers\" href=\"\/vn\/wp-json\/wp\/v2\/pages\/7266?pagenum=125\">125<\/a>\n<a class=\"next page-numbers\" href=\"\/vn\/wp-json\/wp\/v2\/pages\/7266?pagenum=2\">&raquo;<\/a><\/div>\n","protected":false},"excerpt":{"rendered":"","protected":false},"author":1,"featured_media":0,"parent":0,"menu_order":0,"comment_status":"open","ping_status":"open","template":"","meta":[],"_links":{"self":[{"href":"https:\/\/vafs.gov.vn\/vn\/wp-json\/wp\/v2\/pages\/7266"}],"collection":[{"href":"https:\/\/vafs.gov.vn\/vn\/wp-json\/wp\/v2\/pages"}],"about":[{"href":"https:\/\/vafs.gov.vn\/vn\/wp-json\/wp\/v2\/types\/page"}],"author":[{"embeddable":true,"href":"https:\/\/vafs.gov.vn\/vn\/wp-json\/wp\/v2\/users\/1"}],"replies":[{"embeddable":true,"href":"https:\/\/vafs.gov.vn\/vn\/wp-json\/wp\/v2\/comments?post=7266"}],"version-history":[{"count":1,"href":"https:\/\/vafs.gov.vn\/vn\/wp-json\/wp\/v2\/pages\/7266\/revisions"}],"predecessor-version":[{"id":7267,"href":"https:\/\/vafs.gov.vn\/vn\/wp-json\/wp\/v2\/pages\/7266\/revisions\/7267"}],"wp:attachment":[{"href":"https:\/\/vafs.gov.vn\/vn\/wp-json\/wp\/v2\/media?parent=7266"}],"curies":[{"name":"wp","href":"https:\/\/api.w.org\/{rel}","templated":true}]}}