{"id":22010,"date":"2022-07-29T08:42:39","date_gmt":"2022-07-29T01:42:39","guid":{"rendered":"http:\/\/vafs.gov.vn\/vn\/?page_id=22010"},"modified":"2025-09-04T11:19:06","modified_gmt":"2025-09-04T04:19:06","slug":"van-phong-chung-chi-quan-ly-rung-ben-vung-vfco","status":"publish","type":"page","link":"https:\/\/vafs.gov.vn\/vn\/van-phong-chung-chi-quan-ly-rung-ben-vung-vfco\/","title":{"rendered":"V\u0103n ph\u00f2ng Ch\u1ee9ng ch\u1ec9 Qu\u1ea3n l\u00fd r\u1eebng b\u1ec1n v\u1eefng"},"content":{"rendered":"<p><strong>Gi\u1edbi thi\u1ec7u<\/strong><\/p>\n<p>V\u0103n ph\u00f2ng Ch\u1ee9ng ch\u1ec9 Qu\u1ea3n l\u00fd r\u1eebng b\u1ec1n v\u1eefng (VFCO) \u0111\u01b0\u1ee3c th\u00e0nh l\u1eadp theo Quy\u1ebft \u0111\u1ecbnh s\u1ed1 191\/Q\u0110-TCCB ng\u00e0y 11\/01\/2019 v\u00e0 \u0111\u01b0\u1ee3c \u0111i\u1ec1u ch\u1ec9nh, b\u1ed5 sung theo Quy\u1ebft \u0111\u1ecbnh s\u1ed1 3925\/Q\u0110-TCCB ng\u00e0y 4\/10\/2011 c\u1ee7a B\u1ed9 tr\u01b0\u1edfng B\u1ed9 N\u00f4ng nghi\u1ec7p v\u00e0 Ph\u00e1t tri\u1ec3n n\u00f4ng th\u00f4n. VFCO l\u00e0 T\u1ed5 ch\u1ee9c th\u1ef1c hi\u1ec7n H\u1ec7 th\u1ed1ng ch\u1ee9ng ch\u1ec9 r\u1eebng Qu\u1ed1c gia (VFCS) theo Quy\u1ebft \u0111\u1ecbnh s\u1ed1 1288\/Q\u0110-TTg ng\u00e0y 01\/10\/2018 c\u1ee7a Th\u1ee7 t\u01b0\u1edbng Ch\u00ednh ph\u1ee7. H\u1ec7 th\u1ed1ng ch\u1ee9ng ch\u1ec9 r\u1eebng qu\u1ed1c gia c\u1ee7a Vi\u1ec7t Nam \u0111\u01b0\u1ee3c T\u1ed5 ch\u1ee9c ch\u1ee9ng nh\u1eadn r\u1eebng qu\u1ed1c t\u1ebf PEFC c\u00f4ng nh\u1eadn v\u00e0o th\u00e1ng 8\/2019 v\u00e0 l\u00e0 th\u00e0nh vi\u00ean th\u1ee9 51 c\u1ee7a PEFC.<\/p>\n<p>VFCO l\u00e0 T\u1ed5 ch\u1ee9c c\u00f3 t\u01b0 c\u00e1ch ph\u00e1p nh\u00e2n v\u1edbi ch\u1ee9c n\u0103ng l\u00e0 th\u00fac \u0111\u1ea9y qu\u1ea3n l\u00fd r\u1eebng b\u1ec1n v\u1eefng v\u00e0 ch\u1ee9ng ch\u1ec9 r\u1eebng \u1edf Vi\u1ec7t Nam, \u0111\u1ea3m b\u1ea3o c\u00e1c l\u1ee3i \u00edch kinh t\u1ebf, m\u00f4i tr\u01b0\u1eddng v\u00e0 x\u00e3 h\u1ed9i cho ph\u00e1t tri\u1ec3n b\u1ec1n v\u1eefng. H\u1ec7 th\u1ed1ng ch\u1ee9ng ch\u1ec9 r\u1eebng Qu\u1ed1c gia h\u01b0\u1edbng \u0111\u1ebfn n\u00e2ng cao gi\u00e1 tr\u1ecb gia t\u0103ng c\u1ee7a r\u1eebng th\u00f4ng qua \u00e1p d\u1ee5ng gi\u1ed1ng c\u00e2y tr\u1ed3ng \u01b0u vi\u1ec7t v\u00e0 c\u00e1c k\u1ef9 thu\u1eadt qu\u1ea3n l\u00fd r\u1eebng ph\u00f9 h\u1ee3p, c\u1ea3i thi\u1ec7n v\u00e0 n\u00e2ng cao d\u1ecbch v\u1ec7 h\u1ec7 sinh th\u00e1i v\u00e0 b\u1ea3o v\u1ec7 \u0111a d\u1ea1ng sinh h\u1ecdc; \u0111\u1ea3m b\u1ea3o ngu\u1ed3n nguy\u00ean li\u1ec7u g\u1ed7 h\u1ee3p ph\u00e1p \u0111\u00e1p \u1ee9ng c\u00e1c y\u00eau c\u1ea7u ch\u1ee9ng nh\u1eadn c\u1ee7a th\u1ecb tr\u01b0\u1eddng.<\/p>\n<p><a href=\"http:\/\/vafs.gov.vn\/vn\/van-phong-chung-chi-quan-ly-rung-ben-vung-vfco\/vfco\/\" rel=\"attachment wp-att-22039\"><img decoding=\"async\" loading=\"lazy\" class=\"aligncenter wp-image-22039 size-medium\" src=\"http:\/\/vafs.gov.vn\/vn\/wp-content\/uploads\/sites\/2\/2022\/07\/VFCO-500x323.jpg\" alt=\"\" width=\"500\" height=\"323\" srcset=\"https:\/\/vafs.gov.vn\/vn\/wp-content\/uploads\/sites\/2\/2022\/07\/VFCO-500x323.jpg 500w, https:\/\/vafs.gov.vn\/vn\/wp-content\/uploads\/sites\/2\/2022\/07\/VFCO-768x497.jpg 768w, https:\/\/vafs.gov.vn\/vn\/wp-content\/uploads\/sites\/2\/2022\/07\/VFCO-1024x662.jpg 1024w, https:\/\/vafs.gov.vn\/vn\/wp-content\/uploads\/sites\/2\/2022\/07\/VFCO.jpg 1430w\" sizes=\"(max-width: 500px) 100vw, 500px\" \/><\/a><\/p>\n<p><strong>L\u0129nh v\u1ef1c ho\u1ea1t \u0111\u1ed9ng<\/strong><\/p>\n<ul>\n<li>X\u00e2y d\u1ef1ng ch\u01b0\u01a1ng tr\u00ecnh, k\u1ebf ho\u1ea1ch, \u0111\u1ec1 \u00e1n, d\u1ef1 \u00e1n v\u1ec1 qu\u1ea3n l\u00fd r\u1eebng b\u1ec1n v\u1eefng v\u00e0 ch\u1ee9ng ch\u1ec9 r\u1eebng tr\u00ean c\u01a1 s\u1edf Chi\u1ebfn l\u01b0\u1ee3c ph\u00e1t tri\u1ec3n ng\u00e0nh t\u1eebng giai \u0111o\u1ea1n tr\u00ecnh Gi\u00e1m \u0111\u1ed1c Vi\u1ec7n Khoa h\u1ecdc L\u00e2m nghi\u1ec7p Vi\u1ec7t Nam ho\u1eb7c tr\u00ecnh c\u1ea5p c\u00f3 th\u1ea9m quy\u1ec1n ph\u00ea duy\u1ec7t v\u00e0 t\u1ed5 ch\u1ee9c th\u1ef1c hi\u1ec7n theo quy \u0111\u1ecbnh;<\/li>\n<li>Qu\u1ea3n l\u00fd v\u00e0 t\u1ed5 ch\u1ee9c th\u1ef1c hi\u1ec7n c\u00e1c ho\u1ea1t \u0111\u1ed9ng ch\u1ee9ng nh\u1eadn qu\u1ea3n r\u1eebng b\u1ec1n v\u1eefng, l\u00e2m s\u1ea3n ngo\u00e0i g\u1ed7, g\u1ed7 h\u1ee3p ph\u00e1p, chu\u1ed7i h\u00e0nh tr\u00ecnh s\u1ea3n ph\u1ea9m, d\u1ecbch v\u1ee5 h\u1ec7 sinh th\u00e1i theo quy \u0111\u1ecbnh c\u1ee7a Vi\u1ec7t Nam v\u00e0 h\u1ec7 th\u1ed1ng ch\u1ee9ng nh\u1eadn qu\u1ed1c t\u1ebf;<\/li>\n<li>X\u00e2y d\u1ef1ng, ban h\u00e0nh c\u00e1c ti\u00eau chu\u1ea9n, h\u01b0\u1edbng d\u1eabn, th\u1ee7 t\u1ee5c v\u1ec1 ch\u1ee9ng nh\u1eadn qu\u1ea3n l\u00fd r\u1eebng b\u1ec1n v\u1eefng, chu\u1ed7i h\u00e0nh tr\u00ecnh c\u00e1c s\u1ea3n ph\u1ea9m g\u1ed7 v\u00e0 l\u00e2m s\u1ea3n; c\u00e1c ti\u00eau chu\u1ea9n li\u00ean quan kh\u00e1c theo quy \u0111\u1ecbnh c\u1ee7a ph\u00e1p lu\u1eadt;<\/li>\n<li>Qu\u1ea3n l\u00fd, s\u1eed d\u1ee5ng c\u00e1c ngu\u1ed3n nh\u00e2n l\u1ef1c, t\u00e0i ch\u00ednh, t\u00e0i s\u1ea3n v\u00e0 c\u00e1c ngu\u1ed3n l\u1ef1c kh\u00e1c trong v\u00e0 ngo\u00e0i n\u01b0\u1edbc \u0111\u1ec3 th\u1ef1c hi\u1ec7n c\u00e1c nhi\u1ec7m v\u1ee5 qu\u1ea3n l\u00fd r\u1eebng b\u1ec1n v\u1eefng v\u00e0 ch\u1ee9ng ch\u1ec9 r\u1eebng theo quy \u0111\u1ecbnh c\u1ee7a ph\u00e1p lu\u1eadt;<\/li>\n<li>Ph\u1ed1i h\u1ee3p v\u1edbi V\u0103n ph\u00f2ng c\u00f4ng nh\u1eadn ch\u1ea5t l\u01b0\u1ee3ng (BoA), T\u1ed5 ch\u1ee9c ch\u1ee9ng nh\u1eadn qu\u1ed1c t\u1ebf v\u00e0 c\u00e1c t\u1ed5 ch\u1ee9c li\u00ean quan trong th\u1ef1c hi\u1ec7n qu\u1ea3n l\u00fd r\u1eebng b\u1ec1n v\u1eefng v\u00e0 ch\u1ee9ng ch\u1ec9 r\u1eebng theo quy \u0111\u1ecbnh c\u1ee7a ph\u00e1p lu\u1eadt;<\/li>\n<li>T\u1ed5 ch\u1ee9c t\u1eadp hu\u1ea5n, li\u00ean k\u1ebft \u0111\u00e0o t\u1ea1o cho c\u00e1c t\u1ed5 ch\u1ee9c ch\u1ee9ng nh\u1eadn, c\u00e1c ki\u1ec3m to\u00e1n vi\u00ean, \u0111\u00e1nh gi\u00e1 vi\u00ean trong ho\u1ea1t \u0111\u1ed9ng ch\u1ee9ng ch\u1ec9 r\u1eebng theo quy \u0111\u1ecbnh;<\/li>\n<li>T\u1ed5 ch\u1ee9c c\u00e1c kh\u00f3a t\u1eadp hu\u1ea5n, b\u1ed3i d\u01b0\u1ee1ng nghi\u1ec7p v\u1ee5 cho c\u00e1c ch\u1ee7 r\u1eebng, c\u00e1c c\u01a1 quan qu\u1ea3n l\u00fd l\u00e2m nghi\u1ec7p v\u00e0 c\u00e1c b\u00ean li\u00ean quan; t\u1ed5 ch\u1ee9c h\u1ed9i ngh\u1ecb, h\u1ed9i th\u1ea3o v\u00e0 th\u1ef1c hi\u1ec7n c\u00e1c th\u00f4ng tin, truy\u1ec1n th\u00f4ng, c\u00e1c s\u1ef1 ki\u1ec7n li\u00ean quan \u0111\u1ebfn ho\u1ea1t \u0111\u1ed9ng ch\u1ee9ng nh\u1eadn theo quy \u0111\u1ecbnh c\u1ee7a ph\u00e1p lu\u1eadt;<\/li>\n<li>Qu\u1ea3n l\u00fd v\u00e0 c\u1ea5p ph\u00e9p s\u1eed d\u1ee5ng nh\u00e3n hi\u1ec7u v\u1ec1 ch\u1ee9ng nh\u1eadn qu\u1ea3n l\u00fd r\u1eebng b\u1ec1n v\u1eefng, chu\u1ed7i h\u00e0nh tr\u00ecnh s\u1ea3n ph\u1ea9m g\u1ed7 v\u00e0 l\u00e2m s\u1ea3n cho c\u00e1c b\u00ean \u0111\u01b0\u1ee3c ch\u1ee9ng nh\u1eadn theo quy \u0111\u1ecbnh;<\/li>\n<li>Theo d\u00f5i, gi\u00e1m s\u00e1t c\u00e1c ho\u1ea1t \u0111\u1ed9ng v\u00e0 gi\u1ea3i quy\u1ebft tranh ch\u1ea5p, khi\u1ebfu n\u1ea1i li\u00ean quan \u0111\u1ebfn ho\u1ea1t \u0111\u1ed9ng ch\u1ee9ng nh\u1eadn qu\u1ea3n l\u00fd r\u1eebng b\u1ec1n v\u1eefng v\u00e0 chu\u1ed7i h\u00e0nh tr\u00ecnh s\u1ea3n ph\u1ea9m g\u1ed7 v\u00e0 l\u00e2m s\u1ea3n theo quy \u0111\u1ecbnh c\u1ee7a ph\u00e1p lu\u1eadt;<\/li>\n<li>Tham gia x\u00e2y d\u1ef1ng ch\u00ednh s\u00e1ch, chi\u1ebfn l\u01b0\u1ee3c, v\u0103n b\u1ea3n quy ph\u1ea1m ph\u00e1p lu\u1eadt v\u00e0 quy \u0111\u1ecbnh li\u00ean quan \u0111\u1ebfn qu\u1ea3n l\u00fd r\u1eebng b\u1ec1n v\u1eefng v\u00e0 ch\u1ee9ng ch\u1ec9 r\u1eebng;<\/li>\n<li>Tham gia, t\u1ed5 ch\u1ee9c th\u1ef1c hi\u1ec7n c\u00e1c nhi\u1ec7m v\u1ee5 nghi\u00ean c\u1ee9u, chuy\u1ec3n giao, h\u1ee3p t\u00e1c qu\u1ed1c t\u1ebf v\u1ec1 qu\u1ea3n l\u00fd r\u1eebng b\u1ec1n v\u1eefng v\u00e0 ch\u1ee9ng ch\u1ec9 r\u1eebng theo quy \u0111\u1ecbnh c\u1ee7a ph\u00e1p lu\u1eadt;<\/li>\n<\/ul>\n<p><strong>C\u01a1 c\u1ea5u t\u1ed5 ch\u1ee9c<\/strong><\/p>\n<p>H\u1ec7 th\u1ed1ng ch\u1ee9ng ch\u1ec9 r\u1eebng qu\u1ed1c gia (VFCS) bao g\u1ed3m Ban ch\u1ec9 \u0111\u1ea1o, VFCO, V\u0103n ph\u00f2ng c\u00f4ng nh\u1eadn ch\u1ea5t l\u01b0\u1ee3ng (BOA) v\u00e0 c\u00e1c t\u1ed5 ch\u1ee9c ch\u1ee9ng nh\u1eadn.<\/p>\n<ul>\n<li>Ban ch\u1ec9 \u0111\u1ea1o tr\u1ef1c thu\u1ed9c B\u1ed9 N\u00f4ng nghi\u1ec7p v\u00e0 Ph\u00e1t tri\u1ec3n n\u00f4ng th\u00f4n, bao g\u1ed3m \u0111\u1ea1i di\u1ec7n c\u00e1c c\u01a1 quan qu\u1ea3n l\u00fd, c\u00e1c ch\u1ee7 r\u1eebng v\u00e0 c\u00e1c doanh nghi\u1ec7p, c\u00f3 ch\u1ee9c n\u0103ng h\u01b0\u1edbng d\u1eabn, ch\u1ec9 \u0111\u1ea1o VFCO th\u1ef1c hi\u1ec7n c\u00e1c nhi\u1ec7m v\u1ee5 chi\u1ebfn l\u01b0\u1ee3c v\u00e0 x\u00e2y d\u1ef1ng ch\u00ednh s\u00e1ch th\u1ef1c hi\u1ec7n qu\u1ea3n l\u00fd r\u1eebng b\u1ec1n v\u1eefng v\u00e0 ch\u1ee9ng ch\u1ec9 r\u1eebng;<\/li>\n<li>VFCO tr\u1ef1c thu\u1ed9c Vi\u1ec7n Khoa h\u1ecdc L\u00e2m nghi\u1ec7p Vi\u1ec7t Nam, ch\u1ecbu tr\u00e1ch nhi\u1ec7m v\u1eadn h\u00e0nh VFCS d\u01b0\u1edbi s\u1ef1 \u0111i\u1ec1u h\u00e0nh c\u1ee7a Ban ch\u1ec9 \u0111\u1ea1o. C\u01a1 c\u1ea5u t\u1ed5 ch\u1ee9c c\u1ee7a VFCO g\u1ed3m L\u00e3nh \u0111\u1ea1o, ph\u00f2ng k\u1ef9 thu\u1eadt, ph\u00f2ng t\u1ed5ng h\u1ee3p, H\u1ed9i \u0111\u1ed3ng t\u01b0 v\u1ea5n k\u1ef9 thu\u1eadt v\u00e0 H\u1ed9i \u0111\u1ed3ng gi\u1ea3i quy\u1ebft tranh ch\u1ea5p, khi\u1ebfu n\u1ea1i. C\u00e1c th\u00e0nh vi\u00ean ch\u00ednh c\u1ee7a VFCO g\u1ed3m:<\/li>\n<li>Gi\u00e1m \u0111\u1ed1c: TS. V\u0169 T\u1ea5n Ph\u01b0\u01a1ng<\/li>\n<li>Ph\u00f3 gi\u00e1m \u0111\u1ed1c: ThS. Nguy\u1ec5n Ho\u00e0ng Ti\u1ec7p<\/li>\n<li>Ph\u00f2ng k\u1ef9 thu\u1eadt:<\/li>\n<li>Ph\u00f2ng t\u1ed5ng h\u1ee3p:<\/li>\n<li>d\u1ecbch v\u1ec7 h\u1ec7 sinh th\u00e1i v\u00e0 b\u1ea3o v\u1ec7 \u0111a d\u1ea1ng sinh h\u1ecdc; \u0111\u1ea3m b\u1ea3o ngu\u1ed3n nguy\u00ean li\u1ec7u g\u1ed7 h\u1ee3p ph\u00e1p \u0111\u00e1p \u1ee9ng c\u00e1c y\u00eau c\u1ea7u ch\u1ee9ng nh\u1eadn c\u1ee7a th\u1ecb tr\u01b0\u1eddng.<\/li>\n<\/ul>\n<p><strong>L\u0129nh v\u1ef1c ho\u1ea1t \u0111\u1ed9ng<\/strong><\/p>\n<ul>\n<li>X\u00e2y d\u1ef1ng ch\u01b0\u01a1ng tr\u00ecnh, k\u1ebf ho\u1ea1ch, \u0111\u1ec1 \u00e1n, d\u1ef1 \u00e1n v\u1ec1 qu\u1ea3n l\u00fd r\u1eebng b\u1ec1n v\u1eefng v\u00e0 ch\u1ee9ng ch\u1ec9 r\u1eebng tr\u00ean c\u01a1 s\u1edf Chi\u1ebfn l\u01b0\u1ee3c ph\u00e1t tri\u1ec3n ng\u00e0nh t\u1eebng giai \u0111o\u1ea1n tr\u00ecnh Gi\u00e1m \u0111\u1ed1c Vi\u1ec7n Khoa h\u1ecdc L\u00e2m nghi\u1ec7p Vi\u1ec7t Nam ho\u1eb7c tr\u00ecnh c\u1ea5p c\u00f3 th\u1ea9m quy\u1ec1n ph\u00ea duy\u1ec7t v\u00e0 t\u1ed5 ch\u1ee9c th\u1ef1c hi\u1ec7n theo quy \u0111\u1ecbnh;<\/li>\n<li>Qu\u1ea3n l\u00fd v\u00e0 t\u1ed5 ch\u1ee9c th\u1ef1c hi\u1ec7n c\u00e1c ho\u1ea1t \u0111\u1ed9ng ch\u1ee9ng nh\u1eadn qu\u1ea3n r\u1eebng b\u1ec1n v\u1eefng, l\u00e2m s\u1ea3n ngo\u00e0i g\u1ed7, g\u1ed7 h\u1ee3p ph\u00e1p, chu\u1ed7i h\u00e0nh tr\u00ecnh s\u1ea3n ph\u1ea9m, d\u1ecbch v\u1ee5 h\u1ec7 sinh th\u00e1i theo quy \u0111\u1ecbnh c\u1ee7a Vi\u1ec7t Nam v\u00e0 h\u1ec7 th\u1ed1ng ch\u1ee9ng nh\u1eadn qu\u1ed1c t\u1ebf;<\/li>\n<li>X\u00e2y d\u1ef1ng, ban h\u00e0nh c\u00e1c ti\u00eau chu\u1ea9n, h\u01b0\u1edbng d\u1eabn, th\u1ee7 t\u1ee5c v\u1ec1 ch\u1ee9ng nh\u1eadn qu\u1ea3n l\u00fd r\u1eebng b\u1ec1n v\u1eefng, chu\u1ed7i h\u00e0nh tr\u00ecnh c\u00e1c s\u1ea3n ph\u1ea9m g\u1ed7 v\u00e0 l\u00e2m s\u1ea3n; c\u00e1c ti\u00eau chu\u1ea9n li\u00ean quan kh\u00e1c theo quy \u0111\u1ecbnh c\u1ee7a ph\u00e1p lu\u1eadt;<\/li>\n<li>Qu\u1ea3n l\u00fd, s\u1eed d\u1ee5ng c\u00e1c ngu\u1ed3n nh\u00e2n l\u1ef1c, t\u00e0i ch\u00ednh, t\u00e0i s\u1ea3n v\u00e0 c\u00e1c ngu\u1ed3n l\u1ef1c kh\u00e1c trong v\u00e0 ngo\u00e0i n\u01b0\u1edbc \u0111\u1ec3 th\u1ef1c hi\u1ec7n c\u00e1c nhi\u1ec7m v\u1ee5 qu\u1ea3n l\u00fd r\u1eebng b\u1ec1n v\u1eefng v\u00e0 ch\u1ee9ng ch\u1ec9 r\u1eebng theo quy \u0111\u1ecbnh c\u1ee7a ph\u00e1p lu\u1eadt;<\/li>\n<li>Ph\u1ed1i h\u1ee3p v\u1edbi V\u0103n ph\u00f2ng c\u00f4ng nh\u1eadn ch\u1ea5t l\u01b0\u1ee3ng (BoA), T\u1ed5 ch\u1ee9c ch\u1ee9ng nh\u1eadn qu\u1ed1c t\u1ebf v\u00e0 c\u00e1c t\u1ed5 ch\u1ee9c li\u00ean quan trong th\u1ef1c hi\u1ec7n qu\u1ea3n l\u00fd r\u1eebng b\u1ec1n v\u1eefng v\u00e0 ch\u1ee9ng ch\u1ec9 r\u1eebng theo quy \u0111\u1ecbnh c\u1ee7a ph\u00e1p lu\u1eadt;<\/li>\n<li>T\u1ed5 ch\u1ee9c t\u1eadp hu\u1ea5n, li\u00ean k\u1ebft \u0111\u00e0o t\u1ea1o cho c\u00e1c t\u1ed5 ch\u1ee9c ch\u1ee9ng nh\u1eadn, c\u00e1c ki\u1ec3m to\u00e1n vi\u00ean, \u0111\u00e1nh gi\u00e1 vi\u00ean trong ho\u1ea1t \u0111\u1ed9ng ch\u1ee9ng ch\u1ec9 r\u1eebng theo quy \u0111\u1ecbnh;<\/li>\n<li>T\u1ed5 ch\u1ee9c c\u00e1c kh\u00f3a t\u1eadp hu\u1ea5n, b\u1ed3i d\u01b0\u1ee1ng nghi\u1ec7p v\u1ee5 cho c\u00e1c ch\u1ee7 r\u1eebng, c\u00e1c c\u01a1 quan qu\u1ea3n l\u00fd l\u00e2m nghi\u1ec7p v\u00e0 c\u00e1c b\u00ean li\u00ean quan; t\u1ed5 ch\u1ee9c h\u1ed9i ngh\u1ecb, h\u1ed9i th\u1ea3o v\u00e0 th\u1ef1c hi\u1ec7n c\u00e1c th\u00f4ng tin, truy\u1ec1n th\u00f4ng, c\u00e1c s\u1ef1 ki\u1ec7n li\u00ean quan \u0111\u1ebfn ho\u1ea1t \u0111\u1ed9ng ch\u1ee9ng nh\u1eadn theo quy \u0111\u1ecbnh c\u1ee7a ph\u00e1p lu\u1eadt;<\/li>\n<li>Qu\u1ea3n l\u00fd v\u00e0 c\u1ea5p ph\u00e9p s\u1eed d\u1ee5ng nh\u00e3n hi\u1ec7u v\u1ec1 ch\u1ee9ng nh\u1eadn qu\u1ea3n l\u00fd r\u1eebng b\u1ec1n v\u1eefng, chu\u1ed7i h\u00e0nh tr\u00ecnh s\u1ea3n ph\u1ea9m g\u1ed7 v\u00e0 l\u00e2m s\u1ea3n cho c\u00e1c b\u00ean \u0111\u01b0\u1ee3c ch\u1ee9ng nh\u1eadn theo quy \u0111\u1ecbnh;<\/li>\n<li>Theo d\u00f5i, gi\u00e1m s\u00e1t c\u00e1c ho\u1ea1t \u0111\u1ed9ng v\u00e0 gi\u1ea3i quy\u1ebft tranh ch\u1ea5p, khi\u1ebfu n\u1ea1i li\u00ean quan \u0111\u1ebfn ho\u1ea1t \u0111\u1ed9ng ch\u1ee9ng nh\u1eadn qu\u1ea3n l\u00fd r\u1eebng b\u1ec1n v\u1eefng v\u00e0 chu\u1ed7i h\u00e0nh tr\u00ecnh s\u1ea3n ph\u1ea9m g\u1ed7 v\u00e0 l\u00e2m s\u1ea3n theo quy \u0111\u1ecbnh c\u1ee7a ph\u00e1p lu\u1eadt;<\/li>\n<li>Tham gia x\u00e2y d\u1ef1ng ch\u00ednh s\u00e1ch, chi\u1ebfn l\u01b0\u1ee3c, v\u0103n b\u1ea3n quy ph\u1ea1m ph\u00e1p lu\u1eadt v\u00e0 quy \u0111\u1ecbnh li\u00ean quan \u0111\u1ebfn qu\u1ea3n l\u00fd r\u1eebng b\u1ec1n v\u1eefng v\u00e0 ch\u1ee9ng ch\u1ec9 r\u1eebng;<\/li>\n<li>Tham gia, t\u1ed5 ch\u1ee9c th\u1ef1c hi\u1ec7n c\u00e1c nhi\u1ec7m v\u1ee5 nghi\u00ean c\u1ee9u, chuy\u1ec3n giao, h\u1ee3p t\u00e1c qu\u1ed1c t\u1ebf v\u1ec1 qu\u1ea3n l\u00fd r\u1eebng b\u1ec1n v\u1eefng v\u00e0 ch\u1ee9ng ch\u1ec9 r\u1eebng theo quy \u0111\u1ecbnh c\u1ee7a ph\u00e1p lu\u1eadt;<\/li>\n<\/ul>\n<p><strong>C\u01a1 c\u1ea5u t\u1ed5 ch\u1ee9c<\/strong><\/p>\n<ul>\n<li>H\u1ec7 th\u1ed1ng ch\u1ee9ng ch\u1ec9 r\u1eebng qu\u1ed1c gia (VFCS) bao g\u1ed3m Ban ch\u1ec9 \u0111\u1ea1o, VFCO, V\u0103n ph\u00f2ng c\u00f4ng nh\u1eadn ch\u1ea5t l\u01b0\u1ee3ng (BOA) v\u00e0 c\u00e1c t\u1ed5 ch\u1ee9c ch\u1ee9ng nh\u1eadn.<\/li>\n<li>Ban ch\u1ec9 \u0111\u1ea1o tr\u1ef1c thu\u1ed9c B\u1ed9 N\u00f4ng nghi\u1ec7p v\u00e0 Ph\u00e1t tri\u1ec3n n\u00f4ng th\u00f4n, bao g\u1ed3m \u0111\u1ea1i di\u1ec7n c\u00e1c c\u01a1 quan qu\u1ea3n l\u00fd, c\u00e1c ch\u1ee7 r\u1eebng v\u00e0 c\u00e1c doanh nghi\u1ec7p, c\u00f3 ch\u1ee9c n\u0103ng h\u01b0\u1edbng d\u1eabn, ch\u1ec9 \u0111\u1ea1o VFCO th\u1ef1c hi\u1ec7n c\u00e1c nhi\u1ec7m v\u1ee5 chi\u1ebfn l\u01b0\u1ee3c v\u00e0 x\u00e2y d\u1ef1ng ch\u00ednh s\u00e1ch th\u1ef1c hi\u1ec7n qu\u1ea3n l\u00fd r\u1eebng b\u1ec1n v\u1eefng v\u00e0 ch\u1ee9ng ch\u1ec9 r\u1eebng;<\/li>\n<li>VFCO tr\u1ef1c thu\u1ed9c Vi\u1ec7n Khoa h\u1ecdc L\u00e2m nghi\u1ec7p Vi\u1ec7t Nam, ch\u1ecbu tr\u00e1ch nhi\u1ec7m v\u1eadn h\u00e0nh VFCS d\u01b0\u1edbi s\u1ef1 \u0111i\u1ec1u h\u00e0nh c\u1ee7a Ban ch\u1ec9 \u0111\u1ea1o. C\u01a1 c\u1ea5u t\u1ed5 ch\u1ee9c c\u1ee7a VFCO g\u1ed3m L\u00e3nh \u0111\u1ea1o, ph\u00f2ng k\u1ef9 thu\u1eadt, ph\u00f2ng t\u1ed5ng h\u1ee3p, H\u1ed9i \u0111\u1ed3ng t\u01b0 v\u1ea5n k\u1ef9 thu\u1eadt v\u00e0 H\u1ed9i \u0111\u1ed3ng gi\u1ea3i quy\u1ebft tranh ch\u1ea5p, khi\u1ebfu n\u1ea1i. C\u00e1c th\u00e0nh vi\u00ean ch\u00ednh c\u1ee7a VFCO g\u1ed3m:<\/li>\n<li>Gi\u00e1m \u0111\u1ed1c: TS. V\u0169 T\u1ea5n Ph\u01b0\u01a1ng<\/li>\n<li>Ph\u00f3 gi\u00e1m \u0111\u1ed1c: ThS. Nguy\u1ec5n Ho\u00e0ng Ti\u1ec7p<\/li>\n<li>Ph\u00f2ng k\u1ef9 thu\u1eadt: TS. Nguy\u1ec5n V\u0103n B\u00edch<\/li>\n<li>Ph\u00f2ng t\u1ed5ng h\u1ee3p: ThS. Nguy\u1ec5n V\u0103n Tr\u01b0\u1eddng<\/li>\n<li>V\u0103n ph\u00f2ng c\u00f4ng nh\u1eadn ch\u1ea5t l\u01b0\u1ee3ng (BoA) l\u00e0 t\u1ed5 ch\u1ee9c tr\u1ef1c thu\u1ed9c B\u1ed9 Khoa h\u1ecdc v\u00e0 C\u00f4ng ngh\u1ec7, ch\u1ecbu tr\u00e1ch nhi\u1ec7m \u0111\u00e1nh gi\u00e1 v\u00e0 ch\u1ee9ng th\u1ef1c n\u0103ng l\u1ef1c c\u1ee7a c\u00e1c T\u1ed5 ch\u1ee9c ch\u1ee9ng nh\u1eadn (CB) th\u1ef1c hi\u1ec7n d\u1ecbch v\u1ee5 v\u1ec1 ch\u1ee9ng ch\u1ec9 r\u1eebng theo VFCS;<\/li>\n<li>C\u00e1c t\u1ed5 ch\u1ee9c ch\u1ee9ng nh\u1eadn (CB) l\u00e0 c\u00e1c t\u1ed5 ch\u1ee9c \u0111\u01b0\u1ee3c BoA v\u00e0 VFCO c\u00f4ng nh\u1eadn, th\u1ef1c hi\u1ec7n c\u00e1c d\u1ecbch v\u1ee5 v\u1ec1 ch\u1ee9ng ch\u1ec9 r\u1eebng, bao g\u1ed3m ch\u1ee9ng ch\u1ec9 qu\u1ea3n l\u00fd r\u1eebng b\u1ec1n v\u1eefng (FM) v\u00e0 ch\u1ee9ng ch\u1ec9 chu\u1ed7i h\u00e0nh tr\u00ecnh s\u1ea3n ph\u1ea9m (CoC).<\/li>\n<\/ul>\n<p><strong>C\u00e1c k\u1ebft qu\u1ea3 ch\u00ednh<\/strong><\/p>\n<ul>\n<li>Ho\u00e0n thi\u1ec7n c\u00e1c c\u01a1 s\u1edf ph\u00e1p l\u00fd cho v\u1eadn h\u00e0nh VFCS v\u00e0 VFCO, bao g\u1ed3m quy\u1ebft \u0111\u1ecbnh th\u00e0nh l\u1eadp, ch\u1ee9c n\u0103ng v\u00e0 nhi\u1ec7m v\u1ee5, \u0111i\u1ec1u l\u1ec7 ho\u1ea1t \u0111\u1ed9ng v\u00e0 th\u1ecfa thu\u1eadn h\u1ee3p t\u00e1c v\u1edbi PEFC, BoA v\u00e0 c\u00e1c b\u00ean li\u00ean quan.<\/li>\n<li>X\u00e2y d\u1ef1ng 10 ti\u00eau chu\u1ea9n v\u00e0 h\u01b0\u1edbng d\u1eabn v\u1ec1 th\u1ef1c hi\u1ec7n qu\u1ea3n l\u00fd r\u1eebng b\u1ec1n v\u1eefng v\u00e0 ch\u1ee9ng ch\u1ec9 r\u1eebng; chuy\u1ec3n ng\u1eef v\u00e0 \u00e1p d\u1ee5ng c\u00e1c ti\u00eau chu\u1ea9n c\u1ee7a PEFC v\u1ec1 chu\u1ed7i h\u00e0nh tr\u00ecnh s\u1ea3n ph\u1ea9m, bao g\u1ed3m c\u00e1c ti\u00eau chu\u1ea9n v\u00e0 h\u01b0\u1edbng d\u1eabn c\u1eadp nh\u1eadt c\u1ee7a PEFC.<\/li>\n<li>\u0110ang x\u00e2y d\u1ef1ng c\u00e1c h\u01b0\u1edbng d\u1eabn v\u1ec1 th\u1ef1c hi\u1ec7n tr\u00e1ch nhi\u1ec7m gi\u1ea3i tr\u00ecnh (DDS), ti\u00eau chu\u1ea9n ISO\/IEC 17021-1:2015 cho c\u00f4ng nh\u1eadn T\u1ed5 ch\u1ee9c ch\u1ee9ng nh\u1eadn theoVFCS v\u00e0 c\u00e1c h\u01b0\u1edbng d\u1eabn v\u1ec1 s\u1ea3n xu\u1ea5t c\u00e2y gi\u1ed1ng l\u00e2m nghi\u1ec7p, k\u1ef9 thu\u1eadt l\u00e2m sinh r\u1eebng tr\u1ed3ng, b\u1ea3o t\u1ed3n \u0111a d\u1ea1ng sinh h\u1ecdc v\u00e0 c\u1ea3nh quan, s\u1eed d\u1ee5ng h\u00f3a ch\u1ea5t v\u00e0 qu\u1ea3n l\u00fd ch\u1ea5t th\u1ea3i, k\u1ef9 thu\u1eadt khai th\u00e1c t\u00e1c \u0111\u1ed9ng th\u1ea5p, x\u00e2y d\u1ef1ng ph\u01b0\u01a1ng \u00e1n qu\u1ea3n l\u00fd r\u1eebng b\u1ec1n v\u1eefng theo Nh\u00f3m, \u0111i\u1ec1u tra r\u1eebng v\u00e0 \u0111\u00e1nh gi\u00e1 \u0111a d\u1ea1ng sinh h\u1ecdc.<\/li>\n<li>\u0110\u00e0o t\u1ea1o, t\u1eadp hu\u1ea5n cho h\u01a1n 100 l\u01b0\u1ee3t ng\u01b0\u1eddi v\u1ec1 ti\u00eau chu\u1ea9n qu\u1ea3n l\u00fd r\u1eebng b\u1ec1n v\u1eefng v\u00e0 chu\u1ed7i h\u00e0nh tr\u00ecnh s\u1ea3n ph\u1ea9m cho c\u00e1c t\u1ed5 ch\u1ee9c ch\u1ee9ng nh\u1eadn v\u00e0 c\u00e1c b\u00ean li\u00ean quan.<\/li>\n<li>Ph\u00e1t h\u00e0nh c\u00e1c t\u00e0i li\u1ec7u truy\u1ec1n th\u00f4ng v\u1ec1 VFCS v\u00e0 PEFC, bao g\u1ed3m t\u00e0i li\u1ec7u gi\u1edbi thi\u1ec7u VFCS, website v\u00e0 t\u1ed5 ch\u1ee9c c\u00e1c s\u1ef1 ki\u1ec7n qu\u1ea3ng b\u00e1 VFCS\/PEFC.<\/li>\n<\/ul>\n<p><strong>Li\u00ean h\u1ec7: <\/strong>\u0110\u1ecba ch\u1ec9: 46 \u0110\u01b0\u1eddng \u0110\u1ee9c Th\u1eafng, Ph\u01b0\u1eddng \u0110\u00f4ng Ng\u1ea1c, H\u00e0 N\u1ed9i<\/p>\n<p>\u0110i\u1ec7n tho\u1ea1i: +84 24668 57688; Email: <a href=\"mailto:vfco.vietnam@gmail.com\">vfco.vietnam@gmail.com<\/a>; Website: <a href=\"http:\/\/vfcs.org.vn\">http:\/\/vfcs.org.vn<\/a><\/p>\n","protected":false},"excerpt":{"rendered":"<p>Gi\u1edbi thi\u1ec7u V\u0103n ph\u00f2ng Ch\u1ee9ng ch\u1ec9 Qu\u1ea3n l\u00fd r\u1eebng b\u1ec1n v\u1eefng (VFCO) \u0111\u01b0\u1ee3c th\u00e0nh l\u1eadp theo Quy\u1ebft \u0111\u1ecbnh s\u1ed1 191\/Q\u0110-TCCB ng\u00e0y 11\/01\/2019 v\u00e0 \u0111\u01b0\u1ee3c \u0111i\u1ec1u ch\u1ec9nh, b\u1ed5 sung theo Quy\u1ebft \u0111\u1ecbnh s\u1ed1 3925\/Q\u0110-TCCB ng\u00e0y 4\/10\/2011 c\u1ee7a B\u1ed9 tr\u01b0\u1edfng B\u1ed9 N\u00f4ng nghi\u1ec7p v\u00e0 Ph\u00e1t tri\u1ec3n n\u00f4ng th\u00f4n. VFCO l\u00e0 T\u1ed5 ch\u1ee9c th\u1ef1c hi\u1ec7n H\u1ec7 th\u1ed1ng ch\u1ee9ng [&hellip;]<\/p>\n","protected":false},"author":2,"featured_media":0,"parent":0,"menu_order":0,"comment_status":"closed","ping_status":"closed","template":"","meta":[],"_links":{"self":[{"href":"https:\/\/vafs.gov.vn\/vn\/wp-json\/wp\/v2\/pages\/22010"}],"collection":[{"href":"https:\/\/vafs.gov.vn\/vn\/wp-json\/wp\/v2\/pages"}],"about":[{"href":"https:\/\/vafs.gov.vn\/vn\/wp-json\/wp\/v2\/types\/page"}],"author":[{"embeddable":true,"href":"https:\/\/vafs.gov.vn\/vn\/wp-json\/wp\/v2\/users\/2"}],"replies":[{"embeddable":true,"href":"https:\/\/vafs.gov.vn\/vn\/wp-json\/wp\/v2\/comments?post=22010"}],"version-history":[{"count":4,"href":"https:\/\/vafs.gov.vn\/vn\/wp-json\/wp\/v2\/pages\/22010\/revisions"}],"predecessor-version":[{"id":23895,"href":"https:\/\/vafs.gov.vn\/vn\/wp-json\/wp\/v2\/pages\/22010\/revisions\/23895"}],"wp:attachment":[{"href":"https:\/\/vafs.gov.vn\/vn\/wp-json\/wp\/v2\/media?parent=22010"}],"curies":[{"name":"wp","href":"https:\/\/api.w.org\/{rel}","templated":true}]}}