{"id":21327,"date":"2021-08-31T10:30:38","date_gmt":"2021-08-31T03:30:38","guid":{"rendered":"http:\/\/vafs.gov.vn\/vn\/?page_id=21327"},"modified":"2021-08-31T10:35:43","modified_gmt":"2021-08-31T03:35:43","slug":"san-pham-keo-muf-e1-m13-chat-luong-cao-dung-cho-san-xuat-van-dan","status":"publish","type":"page","link":"https:\/\/vafs.gov.vn\/vn\/san-pham-keo-muf-e1-m13-chat-luong-cao-dung-cho-san-xuat-van-dan\/","title":{"rendered":"S\u1ea3n ph\u1ea9m keo MUF-E1.M13 ch\u1ea5t l\u01b0\u1ee3ng cao d\u00f9ng cho s\u1ea3n xu\u1ea5t v\u00e1n d\u00e1n"},"content":{"rendered":"<p><strong>TH\u00d4NG TIN CHUNG<\/strong><\/p>\n<ul>\n<li>C\u00f4ng nh\u1eadn t\u1ea1i Quy\u1ebft \u0111\u1ecbnh s\u00f4\u0301 417\/Q\u0110-TCLN-KH&amp;HTQT ng\u00e0y 24 th\u00e1ng 12 n\u0103m 2020 c\u1ee7a T\u1ed5ng c\u1ee5c L\u00e2m nghi\u1ec7p.<\/li>\n<li>T\u00e1c gi\u1ea3: Nguy\u1ec5n H\u1ed3ng Minh, Tr\u1ea7n V\u0103n Ch\u1ee9, Cao Qu\u1ed1c An, T\u1ea1 Th\u1ecb Thanh H\u01b0\u01a1ng, L\u00ea Th\u1ecb H\u01b0ng v\u00e0 Tr\u1ea7n \u0110\u1ee9c Trung.<\/li>\n<\/ul>\n<table width=\"100%\">\n<tbody>\n<tr>\n<td><strong>N\u1ed8I DUNG CH\u00cdNH<\/strong><\/td>\n<\/tr>\n<\/tbody>\n<\/table>\n<p>S\u1ea3n ph\u1ea9m keo MUF-E1.M13 ch\u1ea5t l\u01b0\u1ee3ng cao d\u00f9ng cho s\u1ea3n xu\u1ea5t v\u00e1n d\u00e1n c\u00f3 nh\u1eefng t\u00ednh ch\u1ea5t v\u00e0 th\u00f4ng s\u1ed1 c\u00f4ng ngh\u1ec7 nh\u01b0 B\u1ea3ng 1.<\/p>\n<p>B\u1ea3ng 1. Th\u00f4ng s\u1ed1 k\u1ef9 thu\u1eadt c\u1ee7a keo d\u00e1n MUF E1.M13<\/p>\n<table border=\"1\" width=\"492\">\n<tbody>\n<tr>\n<td width=\"300\">Ch\u1ec9 ti\u00eau<\/td>\n<td width=\"90\">\u0110\u01a1n v\u1ecb t\u00ednh<\/td>\n<td width=\"102\">MUF E1.M13<\/td>\n<\/tr>\n<tr>\n<td width=\"300\">M\u00e0u s\u1eafc<\/td>\n<td width=\"90\">&#8211;<\/td>\n<td width=\"102\">Tr\u1eafng trong<\/td>\n<\/tr>\n<tr>\n<td width=\"300\">H\u00e0m l\u01b0\u1ee3ng kh\u00f4<\/td>\n<td width=\"90\">%<\/td>\n<td width=\"102\">54<\/td>\n<\/tr>\n<tr>\n<td width=\"300\">\u0110\u1ed9 nh\u1edbt sau 01 ng\u00e0y (\u1edf 25<sup>0<\/sup>C)<\/td>\n<td width=\"90\">mPa.s<\/td>\n<td width=\"102\">44<\/td>\n<\/tr>\n<tr>\n<td width=\"300\">\u0110\u1ed9 nh\u1edbt sau 04 tu\u1ea7n (\u1edf 25<sup>0<\/sup>C)<\/td>\n<td width=\"90\">mPa.s<\/td>\n<td width=\"102\">230<\/td>\n<\/tr>\n<tr>\n<td width=\"300\">\u0110\u1ed9 pH<\/td>\n<td width=\"90\">&#8211;<\/td>\n<td width=\"102\">9,12<\/td>\n<\/tr>\n<tr>\n<td width=\"300\">H\u00e0m l\u01b0\u1ee3ng Formaldehyde t\u1ef1 do trong keo<\/td>\n<td width=\"90\">%<\/td>\n<td width=\"102\">1,08<\/td>\n<\/tr>\n<tr>\n<td width=\"300\">Th\u1eddi gian s\u1ed1ng<\/td>\n<td width=\"90\">Ng\u00e0y<\/td>\n<td width=\"102\">50<\/td>\n<\/tr>\n<\/tbody>\n<\/table>\n<p>S\u1ea3n ph\u1ea9m keo Urea Formandehyde bi\u1ebfn t\u00ednh v\u1edbi melamine (MUF- E1.M13) \u0111\u01b0\u1ee3c \u00e1p d\u1ee5ng cho c\u00f4ng nghi\u1ec7p s\u1ea3n xu\u1ea5t v\u00e1n g\u1ed7 d\u00e1n \u0111\u00e1p \u1ee9ng \u0111\u01b0\u1ee3c \u0111\u1ed3ng th\u1eddi c\u00e1c ti\u00eau ch\u00ed t\u1ea1o \u0111\u1ed9 b\u1ec1n ch\u1ed1ng ch\u1ecbu \u1ea9m \u01b0\u1edbt, t\u1ed1i thi\u1ec3u h\u00f3a ph\u00e1t th\u1ea3i Formandehyde t\u1ef1 do \u1edf m\u1ee9c E1 theo ti\u00eau chu\u1ea9n Ch\u00e2u \u00c2u v\u00e0 chi ph\u00ed gi\u00e1 th\u00e0nh c\u1ea1nh tranh (gi\u1ea3m t\u1ed1i thi\u1ec3u 10%) th\u1ec3 hi\u1ec7n t\u00ednh m\u1edbi trong s\u1ea3n xu\u1ea5t keo cho \u0111\u1ed3 m\u1ed9c cao c\u1ea5p \u1edf Vi\u1ec7t Nam c\u0169ng nh\u01b0 xu\u1ea5t kh\u1ea9u.<\/p>\n<p>B\u1ea3ng 2. Th\u00f4ng s\u1ed1 k\u1ef9 thu\u1eadt c\u1ee7a v\u00e1n d\u00e1n s\u1eed d\u1ee5ng keo MUF E1. M13<\/p>\n<table border=\"1\" width=\"528\">\n<tbody>\n<tr>\n<td width=\"276\">Ch\u1ec9 ti\u00eau<\/td>\n<td width=\"138\">Ti\u00eau chu\u1ea9n ki\u1ec3m tra<\/td>\n<td width=\"114\">Tr\u1ecb s\u1ed1 \u0111\u1ea1t \u0111\u01b0\u1ee3c<\/td>\n<\/tr>\n<tr>\n<td width=\"276\">\u0110\u1ed9 \u1ea9m v\u00e1n, %<\/td>\n<td width=\"138\">EN 322: 1993<\/td>\n<td width=\"114\">10,4<\/td>\n<\/tr>\n<tr>\n<td width=\"276\">Kh\u1ed1i l\u01b0\u1ee3ng th\u1ec3 t\u00edch v\u00e1n, g\/cm<sup>3<\/sup><\/td>\n<td width=\"138\">EN 323:1993<\/td>\n<td width=\"114\">0,7<\/td>\n<\/tr>\n<tr>\n<td width=\"276\">Tr\u01b0\u01a1ng n\u1edf chi\u1ec1u d\u00e0y v\u00e1n, %<\/td>\n<td width=\"138\">EN 317:1993<\/td>\n<td width=\"114\">8<\/td>\n<\/tr>\n<tr>\n<td width=\"276\">\u0110\u1ed9 b\u1ec1n k\u00e9o tr\u01b0\u1ee3t m\u00e0ng keo, EN 314<\/p>\n<p>Class 2, N\/mm<sup>2<\/sup><\/td>\n<td width=\"138\">EN 314-1,2:2004<\/td>\n<td width=\"114\">1,2<\/td>\n<\/tr>\n<tr>\n<td width=\"276\">\u0110\u1ed9 b\u1ec1n u\u1ed1n t\u0129nh, MPa<\/td>\n<td width=\"138\">EN 310:1993<\/td>\n<td width=\"114\">77<\/td>\n<\/tr>\n<tr>\n<td width=\"276\">M\u00f4 \u0111un \u0111\u00e0n h\u1ed3i u\u1ed1n t\u0129nh, MPa<\/td>\n<td width=\"138\">EN 310:1993<\/td>\n<td width=\"114\">9770<\/td>\n<\/tr>\n<tr>\n<td width=\"276\">H\u00e0m l\u01b0\u1ee3ng formaldehyde E1, mg\/100g v\u00e1n kh\u00f4 ki\u1ec7t<\/td>\n<td width=\"138\">EN 717-3:1996<\/td>\n<td width=\"114\">1,15<\/td>\n<\/tr>\n<\/tbody>\n<\/table>\n<p style=\"text-align: center;\"><a href=\"http:\/\/vafs.gov.vn\/vn\/san-pham-keo-muf-e1-m13-chat-luong-cao-dung-cho-san-xuat-van-dan\/keo-dan-mu\/\" rel=\"attachment wp-att-21328\"><img decoding=\"async\" loading=\"lazy\" class=\"aligncenter size-full wp-image-21328\" src=\"http:\/\/vafs.gov.vn\/vn\/wp-content\/uploads\/sites\/2\/2021\/08\/Keo-dan-Mu.jpg\" alt=\"\" width=\"467\" height=\"583\" srcset=\"https:\/\/vafs.gov.vn\/vn\/wp-content\/uploads\/sites\/2\/2021\/08\/Keo-dan-Mu.jpg 467w, https:\/\/vafs.gov.vn\/vn\/wp-content\/uploads\/sites\/2\/2021\/08\/Keo-dan-Mu-401x500.jpg 401w\" sizes=\"(max-width: 467px) 100vw, 467px\" \/><\/a><\/p>\n<p style=\"text-align: center;\">H\u00ecnh 1. S\u01a1 \u0111\u1ed3 c\u00e1c b\u01b0\u1edbc k\u1ef9 thu\u1eadt Qui tr\u00ecnh t\u1ed5ng h\u1ee3p keo MUF-E1. M13<\/p>\n<table width=\"100%\">\n<tbody>\n<tr>\n<td>\u0110\u1ecaA \u0110I\u1ec2M \u1ee8NG D\u1ee4NG<\/td>\n<\/tr>\n<\/tbody>\n<\/table>\n<ul>\n<li>S\u1ea3n ph\u1ea9m keo MUF-E1.M13 c\u00f3 th\u1ec3 s\u1eed d\u1ee5ng ph\u00f9 h\u1ee3p v\u1edbi quy tr\u00ecnh s\u1ea3n xu\u1ea5t c\u1ee7a t\u1ea5t v\u1ea3 c\u00e1c nh\u00e0 m\u00e1y s\u1ea3n xu\u1ea5t v\u00e1n d\u00e1n tr\u00ean c\u1ea3 n\u01b0\u1edbc.<\/li>\n<li>S\u1ea3n ph\u1ea9m keo d\u00e1n MUF-E1.M13 \u0111\u01b0\u1ee3c t\u1ea1o ra t\u1eeb quy tr\u00ecnh c\u00f4ng ngh\u1ec7 s\u1ea3n xu\u1ea5t keo MUF-E1.M13 ho\u00e0n to\u00e0n ph\u00f9 h\u1ee3p tr\u00ean n\u1ec1n h\u1ec7 th\u1ed1ng thi\u1ebft b\u1ecb s\u1ea3n xu\u1ea5t keo ph\u1ed5 bi\u1ebfn t\u1ea1i Vi\u1ec7t Nam. Nguy\u00ean li\u1ec7u l\u00e0 c\u00e1c nguy\u00ean li\u1ec7u ph\u1ed5 bi\u1ebfn trong ng\u00e0nh c\u00f4ng nghi\u1ec7p s\u1ea3n xu\u1ea5t keo MUF.<\/li>\n<\/ul>\n<table width=\"100%\">\n<tbody>\n<tr>\n<td>\u0110I\u1ec0U KI\u1ec6N \u1ee8NG D\u1ee4NG<\/td>\n<\/tr>\n<\/tbody>\n<\/table>\n<p>S\u1ea3n ph\u1ea9m keo MUF-E1.M13 \u0111\u01b0\u1ee3c s\u1eed d\u1ee5ng trong c\u00f4ng nghi\u1ec7p s\u1ea3n xu\u1ea5t v\u00e1n d\u00e1n v\u1edbi c\u00e1c \u0111i\u1ec1u ki\u1ec7n sau: V\u00e1n m\u1ecfng: s\u1eed d\u1ee5ng v\u00e1n b\u00f3c g\u1ed7 r\u1eebng tr\u1ed3ng ho\u1eb7c r\u1eebng t\u1ef1 nhi\u00ean c\u00f3 kh\u1ed1i l\u01b0\u1ee3ng th\u1ec3 t\u00edch th\u00f4ng th\u01b0\u1eddng 0,35 &#8211; 0,65 g\/cm<sup>3<\/sup>. \u0110\u1ed9 \u1ea9m v\u00e1n m\u1ecfng cho ph\u00e9p 5-14%.<\/p>\n<p>&nbsp;<\/p>\n","protected":false},"excerpt":{"rendered":"<p>TH\u00d4NG TIN CHUNG C\u00f4ng nh\u1eadn t\u1ea1i Quy\u1ebft \u0111\u1ecbnh s\u00f4\u0301 417\/Q\u0110-TCLN-KH&amp;HTQT ng\u00e0y 24 th\u00e1ng 12 n\u0103m 2020 c\u1ee7a T\u1ed5ng c\u1ee5c L\u00e2m nghi\u1ec7p. T\u00e1c gi\u1ea3: Nguy\u1ec5n H\u1ed3ng Minh, Tr\u1ea7n V\u0103n Ch\u1ee9, Cao Qu\u1ed1c An, T\u1ea1 Th\u1ecb Thanh H\u01b0\u01a1ng, L\u00ea Th\u1ecb H\u01b0ng v\u00e0 Tr\u1ea7n \u0110\u1ee9c Trung. N\u1ed8I DUNG CH\u00cdNH S\u1ea3n ph\u1ea9m keo MUF-E1.M13 ch\u1ea5t l\u01b0\u1ee3ng cao d\u00f9ng cho [&hellip;]<\/p>\n","protected":false},"author":2,"featured_media":0,"parent":0,"menu_order":0,"comment_status":"closed","ping_status":"closed","template":"","meta":[],"_links":{"self":[{"href":"https:\/\/vafs.gov.vn\/vn\/wp-json\/wp\/v2\/pages\/21327"}],"collection":[{"href":"https:\/\/vafs.gov.vn\/vn\/wp-json\/wp\/v2\/pages"}],"about":[{"href":"https:\/\/vafs.gov.vn\/vn\/wp-json\/wp\/v2\/types\/page"}],"author":[{"embeddable":true,"href":"https:\/\/vafs.gov.vn\/vn\/wp-json\/wp\/v2\/users\/2"}],"replies":[{"embeddable":true,"href":"https:\/\/vafs.gov.vn\/vn\/wp-json\/wp\/v2\/comments?post=21327"}],"version-history":[{"count":4,"href":"https:\/\/vafs.gov.vn\/vn\/wp-json\/wp\/v2\/pages\/21327\/revisions"}],"predecessor-version":[{"id":21333,"href":"https:\/\/vafs.gov.vn\/vn\/wp-json\/wp\/v2\/pages\/21327\/revisions\/21333"}],"wp:attachment":[{"href":"https:\/\/vafs.gov.vn\/vn\/wp-json\/wp\/v2\/media?parent=21327"}],"curies":[{"name":"wp","href":"https:\/\/api.w.org\/{rel}","templated":true}]}}