{"id":21324,"date":"2021-08-31T10:26:01","date_gmt":"2021-08-31T03:26:01","guid":{"rendered":"http:\/\/vafs.gov.vn\/vn\/?page_id=21324"},"modified":"2021-08-31T10:26:01","modified_gmt":"2021-08-31T03:26:01","slug":"quy-trinh-cong-nghe-san-xuat-va-bao-quan-van-boc-tu-go-boi-loi-vang-litsea-pierrei-lecomte","status":"publish","type":"page","link":"https:\/\/vafs.gov.vn\/vn\/quy-trinh-cong-nghe-san-xuat-va-bao-quan-van-boc-tu-go-boi-loi-vang-litsea-pierrei-lecomte\/","title":{"rendered":"Quy tr\u00ecnh c\u00f4ng ngh\u1ec7 s\u1ea3n xu\u1ea5t v\u00e0 b\u1ea3o qu\u1ea3n v\u00e1n b\u00f3c t\u1eeb g\u1ed7 B\u1eddi l\u1eddi v\u00e0ng (Litsea pierrei Lecomte)"},"content":{"rendered":"<p><strong>TH\u00d4NG TIN CHUNG<\/strong><\/p>\n<ul>\n<li>C\u00f4ng nh\u1eadn t\u1ea1i Quy\u1ebft \u0111\u1ecbnh s\u00f4\u0301 404\/Q\u0110-TCLN-KH&amp;HTQT ng\u00e0y 17 th\u00e1ng 12 n\u0103m 2020 c\u1ee7a T\u1ed5ng c\u1ee5c L\u00e2m nghi\u1ec7p.<\/li>\n<li>T\u00e1c gi\u1ea3: V\u00f5 \u0110\u1ea1i H\u1ea3i, Nguy\u1ec5n V\u0103n \u0110\u1ecbnh, Nguy\u1ec5n V\u0103n \u0110\u1ee9c, Nguy\u1ec5n V\u0103n Gi\u00e1p, Nguy\u1ec5n Th\u1ecb H\u1eb1ng, T\u1ea1 Th\u1ecb Thanh H\u01b0\u01a1ng, Nguy\u1ec5n Th\u1ecb Ph\u01b0\u1ee3ng v\u00e0 Ho\u00e0ng Th\u1ecb T\u00e1m.<\/li>\n<\/ul>\n<table width=\"100%\">\n<tbody>\n<tr>\n<td><strong>N\u1ed8I DUNG CH\u00cdNH<\/strong><\/td>\n<\/tr>\n<\/tbody>\n<\/table>\n<p>G\u1ed7 B\u1eddi l\u1eddi v\u00e0ng l\u1ea7n \u0111\u1ea7u ti\u00ean \u0111\u01b0\u1ee3c s\u1eed d\u1ee5ng l\u00e0m nguy\u00ean li\u1ec7u \u0111\u1ec3 b\u00f3c v\u00e1n, v\u00e1n b\u00f3c c\u00f3 m\u00e0u s\u00e1ng, v\u00e2n th\u1edb \u0111\u1ed3ng \u0111\u1ec1u, t\u1ec9 l\u1ec7 s\u1eed d\u1ee5ng cao v\u00e0 d\u1ec5 gia c\u00f4ng. Quy tr\u00ecnh c\u00f4ng ngh\u1ec7 s\u1ea3n xu\u1ea5t v\u00e1n b\u00f3c \u0111\u00e3 x\u00e1c \u0111\u1ecbnh \u0111\u01b0\u1ee3c nhi\u1ec7t \u0111\u1ed9 x\u1eed l\u00fd th\u1ee7y nhi\u1ec7t th\u00edch h\u1ee3p l\u00e0 80 \u00b1 5 <sup>o<\/sup>C; th\u1eddi gian x\u1eed l\u00fd th\u1ee7y nhi\u1ec7t ph\u00f9 h\u1ee3p l\u00e0 3 gi\u1edd (t\u01b0\u01a1ng \u0111\u01b0\u01a1ng 1,8 \u00b1 2 ph\u00fat\/mm chi\u1ec1u d\u00e0y kh\u00fac g\u1ed7) t\u0103ng t\u1ef7 l\u1ec7 s\u1eed d\u1ee5ng g\u1ed7 l\u00e0m v\u00e1n b\u00f3c 80,73% so v\u1edbi m\u1ed9t s\u1ed1 lo\u1ea1i g\u1ed7 r\u1eebng tr\u1ed3ng kh\u00e1c nh\u01b0 g\u1ed7 Keo tai t\u01b0\u1ee3ng khi x\u1eed l\u00fd th\u1ee7y nhi\u1ec7t 71,22% v\u00e0 kh\u00f4ng x\u1eed l\u00fd th\u1ee7y nhi\u1ec7t 40,76%.<\/p>\n<h3><a name=\"_Toc70512358\"><\/a>Quy tr\u00ecnh c\u00f4ng ngh\u1ec7 s\u1ea3n xu\u1ea5t v\u00e0 b\u1ea3o qu\u1ea3n v\u00e1n b\u00f3c t\u1eeb g\u1ed7 B\u1eddi l\u1eddi v\u00e0ng nh\u01b0 sau:<\/h3>\n<h4>&#8211;\u00a0\u00a0 B\u01b0\u1edbc 1: Nguy\u00ean li\u1ec7u, thi\u1ebft b\u1ecb<\/h4>\n<ul>\n<li>G\u1ed7 B\u1eddi l\u1eddi v\u00e0ng (<em>Litsea pierrei<\/em> Lecomte) v\u1edbi tu\u1ed5i c\u00e2y 15 tu\u1ed5i, c\u00f3 \u0111\u01b0\u1eddng k\u00ednh t\u1ed1i thi\u1ec3u 20 cm kh\u00f4ng m\u1ee5c m\u1ecdt, c\u00f3 t\u00ednh ch\u1ea5t v\u1eadt l\u00fd v\u00e0 c\u01a1 h\u1ecdc \u0111\u00e1p \u1ee9ng \u0111\u01b0\u1ee3c y\u00eau c\u1ea7u.<\/li>\n<li>C\u00e1c ch\u1ebf ph\u1ea9m b\u1ea3o qu\u1ea3n g\u1ed7: ch\u1ebf ph\u1ea9m b\u1ea3o qu\u1ea3n BORAG1 v\u00e0 BORAG2 \u0111\u01b0\u1ee3c s\u1ea3n xu\u1ea5t t\u1ea1i Vi\u1ec7n Nghi\u00ean c\u1ee9u C\u00f4ng nghi\u1ec7p r\u1eebng tr\u1ef1c thu\u1ed9c Vi\u1ec7n Khoa h\u1ecdc L\u00e2m nghi\u1ec7p Vi\u1ec7t Nam v\u00e0 Quy tr\u00ecnh k\u1ef9 thu\u1eadt b\u1ea3o qu\u1ea3n g\u1ed7 l\u00e0m nguy\u00ean li\u1ec7u s\u1ea3n xu\u1ea5t \u0111\u1ed3 m\u1ed9c b\u1eb1ng ch\u1ebf ph\u1ea9m BORAG1 v\u00e0 BORAG2 \u0111\u00e3 \u0111\u01b0\u1ee3c T\u1ed5ng c\u1ee5c L\u00e2m nghi\u1ec7p c\u00f4ng nh\u1eadn l\u00e0 ti\u1ebfn b\u1ed9 k\u1ef9 thu\u1eadt theo Quy\u1ebft \u0111\u1ecbnh s\u1ed1 97\/Q\u0110-TCLN- KH&amp;HTQT ng\u00e0y 17\/3\/2020. C\u00e1c ch\u1ebf ph\u1ea9m \u1edf d\u1ea1ng dung d\u1ecbch trong su\u1ed1t v\u00e0 \u0111\u01b0\u1ee3c s\u1eed d\u1ee5ng nguy\u00ean d\u1ea1ng.<\/li>\n<li>C\u00e1c lo\u1ea1i thi\u1ebft b\u1ecb ch\u1ee7 y\u1ebfu: M\u00e1y c\u01b0a \u0111\u0129a, M\u00e1y b\u00f3c v\u1ecf, M\u00e1y b\u00f3c g\u1ed7, y\u00eau c\u1ea7u: T\u1ed1c \u0111\u1ed9 b\u00f3c: 30 &#8211; 45 m\/ph\u00fat; G\u00f3c m\u00e0i dao: 19-21<sup>o<\/sup>, L\u00f2 s\u1ea5y li\u00ean t\u1ee5c Jet-box, d\u00e0i 50 m v\u1edbi 2 d\u00e0n s\u1ea5y \u0111\u1ed3ng th\u1eddi (d\u00e0n l\u01b0\u1edbi ph\u00eda tr\u00ean v\u00e0 d\u00e0n ru l\u00f4 ph\u00eda d\u01b0\u1edbi), y\u00eau c\u1ea7u: T\u1ed1c \u0111\u1ed9 v\u1eadn chuy\u1ec3n c\u1ee7a con l\u0103n: 8 &#8211; 10 m\/ph\u00fat. B\u00ecnh phun \u0111\u1ed9ng c\u01a1 \u0111i\u1ec7n, y\u00eau c\u1ea7u: Dung t\u00edch: 5 l\u00edt; L\u01b0u l\u01b0\u1ee3ng (L\/P): 0- 0,17; \u00c1p l\u1ef1c l\u1edbn nh\u1ea5t (PSI): 55. H\u1ec7 th\u1ed1ng nh\u00fang v\u00e1n b\u00f3c: B\u1ec3 nh\u00fang b\u1eb1ng v\u1eadt li\u1ec7u inox ho\u1eb7c composite nh\u1eb9 v\u00e0 d\u1ec5 di chuy\u1ec3n. K\u00edch th\u01b0\u1edbc: d\u00e0i 3000 mm x r\u1ed9ng 1500 mm x s\u00e2u 500 mm v\u00e0 m\u00e1ng thu h\u1ed3i ch\u1ebf ph\u1ea9m b\u1ea3o qu\u1ea3n. C\u00e2n k\u1ef9 thu\u1eadt lo\u1ea1i 150 kg.<\/li>\n<li>B\u01b0\u1edbc 2. B\u1ea3o qu\u1ea3n s\u01a1 b\u1ed9 g\u1ed7 tr\u00f2n: B\u01b0\u1edbc b\u1ea3o qu\u1ea3n s\u01a1 b\u1ed9 khuy\u1ebfn c\u00e1o n\u00ean \u00e1p d\u1ee5ng \u0111\u1ed1i v\u1edbi nguy\u00ean li\u1ec7u g\u1ed7 tr\u00f2n m\u00e0 qu\u00e1 tr\u00ecnh v\u1eadn chuy\u1ec3n v\u00e0 l\u01b0u kho tr\u00ean 1 tu\u1ea7n. B\u1ea3o qu\u1ea3n b\u1eb1ng ph\u01b0\u01a1ng ph\u00e1p phun v\u1edbi g\u1ed7 t\u01b0\u01a1i m\u1edbi ch\u1eb7t h\u1ea1. Phun ch\u1ebf ph\u1ea9m b\u1ea3o qu\u1ea3n BORAG2 \u0111\u1ec1u tr\u00ean b\u1ec1 m\u1eb7t g\u1ed7, \u0111\u1eb7c bi\u1ec7t 2 \u0111\u1ea7u g\u1ed7, l\u1eb7p l\u1ea1i 3 l\u1ea7n, m\u1ed7i l\u1ea7n c\u00e1ch nhau 10 ph\u00fat \u0111\u1ec3 \u0111\u1ea3m b\u1ea3o thu\u1ed1c th\u1ea5m \u0111\u1ec1u tr\u00ean b\u1ec1 m\u1eb7t g\u1ed7 v\u00e0 l\u01b0\u1ee3ng th\u1ea5m ch\u1ebf ph\u1ea9m v\u00e0o g\u1ed7 \u0111\u1ea1t kho\u1ea3ng 100 \u00b1 5 ml\/m<sup>2<\/sup> b\u1ec1 m\u1eb7t g\u1ed7.<\/li>\n<li>B\u01b0\u1edbc 3: C\u1eaft kh\u00fac: Ki\u1ec3m tra, l\u00e0m s\u1ea1ch th\u00e2n g\u1ed7 \u0111\u1ec3 tr\u00e1nh \u1ea3nh h\u01b0\u1edfng \u0111\u1ebfn dao b\u00f3c v\u1ecf v\u00e0 b\u00f3c v\u00e1n. C\u1eaft kh\u00fac c\u00e1c kh\u00fac g\u1ed7 \u0111\u01b0\u1ee3c c\u1eaft v\u1edbi chi\u1ec1u d\u00e0i (L) l\u00e0 1300\/2600 mm.<\/li>\n<li>B\u01b0\u1edbc 4: B\u00f3c v\u1ecf, l\u00e0m tr\u00f2n: C\u00e1c kh\u00fac g\u1ed7 tr\u00f2n \u0111\u01b0\u1ee3c \u0111\u01b0a l\u00ean m\u00e1y b\u00f3c v\u1ecf \u0111\u1ec3 lo\u1ea1i b\u1ecf v\u1ecf v\u00e0 l\u00e0m tr\u00f2n kh\u00fac g\u1ed7.<\/li>\n<li>B\u01b0\u1edbc 5: X\u1eed l\u00fd th\u1ee7y nhi\u1ec7t (n\u1ebfu c\u1ea7n): Kh\u00fac g\u1ed7 \u0111\u00e3 b\u00f3c v\u00f3, l\u00e0m tr\u00f2n \u0111\u01b0\u1ee3c x\u1ebfp song song trong b\u1ec3 lu\u1ed9c. Gh\u00ecm kh\u00fac g\u1ed7 trong b\u1ec3 lu\u1ed9c, \u0111\u00f3ng ghim v\u00e0 ch\u1ed1t c\u00e1c thanh s\u1eaft hai b\u00ean th\u00e0nh b\u1ec3 lu\u1ed9c \u0111\u1ec3 tr\u00e1nh g\u1ed7 n\u1ed5i l\u00ean tr\u00ean m\u1eb7t n\u01b0\u1edbc trong qu\u00e1 tr\u00ecnh lu\u1ed9c. B\u01a1m n\u01b0\u1edbc v\u00e0o b\u1ec3 lu\u1ed9c, n\u01b0\u1edbc ph\u1ea3i ng\u1eadp h\u1ebft c\u00e1c kh\u00fac g\u1ed7 \u00edt nh\u1ea5t 10 cm. Th\u00f4ng s\u1ed1 ch\u1ebf \u0111\u1ed9 th\u1ee7y nhi\u1ec7t, y\u00eau c\u1ea7u: Nhi\u1ec7t \u0111\u1ed9 lu\u1ed9c: 80 \u00b1 5 <sup>o<\/sup>C; Th\u1eddi gian x\u1eed l\u00fd th\u1ee7y nhi\u1ec7t l\u00e0 3 gi\u1edd.<\/li>\n<li>B\u01b0\u1edbc 6. T\u1ea1o v\u00e1n b\u00f3c v\u00e0 c\u1eaft v\u00e1n: G\u1ed7 sau khi \u0111\u01b0\u1ee3c x\u1eed l\u00fd th\u1ee7y nhi\u1ec7t chuy\u1ec3n sang c\u00f4ng \u0111o\u1ea1n b\u00f3c t\u1ea1o v\u00e1n; k\u00edch th\u01b0\u1edbc v\u00e1n: r\u1ed9ng mm x d\u00e0i 1300\/2600 mm x d\u00e0y (1,7 &#8211; 2,2) mm t\u00f9y theo s\u1ea3n ph\u1ea9m cu\u1ed1i c\u00f9ng. Th\u00f4ng s\u1ed1 ch\u1ebf \u0111\u1ed9 b\u00f3c, y\u00eau c\u1ea7u: T\u1ed1c \u0111\u1ed9 b\u00f3c: 30 &#8211; 45 m\/ph\u00fat; G\u00f3c m\u00e0i dao: 19-21<sup>o<\/sup>; Chi\u1ec1u cao dao so v\u1edbi t\u00e2m g\u1ed7: 0-1 mm.<\/li>\n<li>B\u01b0\u1edbc 7: X\u1eed l\u00fd b\u1ea3o qu\u1ea3n v\u00e1n b\u00f3c (t\u00f9y thu\u1ed9c v\u00e0o \u0111i\u1ec1u ki\u1ec7n th\u1eddi ti\u1ebft, n\u1ebfu m\u01b0a nhi\u1ec1u v\u00e0 \u0111\u1ed9 \u1ea9m cao, th\u1eddi gian l\u01b0u kho v\u00e1n tr\u00ean 1 th\u00e1ng th\u00ec c\u1ea7n thi\u1ebft ph\u1ea3i b\u1ea3o qu\u1ea3n v\u00e1n b\u00f3c): V\u00e1n sau khi b\u00f3c \u0111\u01b0\u1ee3c nh\u00fang ch\u00ecm trong dung d\u1ecbch ch\u1ebf ph\u1ea9m BORAG1 c\u00f3 trong b\u1ec3 t\u1ea9m, th\u1eddi gian nh\u00fang 40 gi\u00e2y v\u00e0 \u0111\u1ea3m b\u1ea3o l\u01b0\u1ee3ng th\u1ea5m ch\u1ebf ph\u1ea9m v\u00e0o g\u1ed7 \u0111\u1ea1t trung b\u00ecnh kho\u1ea3ng 30 \u00b1 5 g\/m<sup>2<\/sup> b\u1ec1 m\u1eb7t v\u00e1n. V\u00e1n sau khi nh\u00fang \u0111\u01b0\u1ee3c \u0111\u1eb7t tr\u00ean m\u00e1ng nghi\u00eang 5 ph\u00fat r\u1ed3i thu h\u1ed3i ch\u1ebf ph\u1ea9m b\u1ea3o qu\u1ea3n d\u01b0.<\/li>\n<li>B\u01b0\u1edbc 8. S\u1ea5y v\u00e1n b\u00f3c: V\u00e1n b\u00f3c sau khi x\u1eed l\u00fd b\u1ea3o qu\u1ea3n \u0111\u01b0\u1ee3c \u0111\u01b0a v\u00e0o s\u1ea5y kh\u00f4 b\u1eb1ng thi\u1ebft b\u1ecb s\u1ea5y li\u00ean t\u1ee5c, y\u00eau c\u1ea7u: Nhi\u1ec7t \u0111\u1ed9 s\u1ea5y trung b\u00ecnh 115 \u00b1 5 <sup>o<\/sup>C, T\u1ed1c \u0111\u1ed9 v\u1eadn chuy\u1ec3n c\u1ee7a con l\u0103n: 8 &#8211; 10 m\/ph\u00fat. V\u00e1n s\u1ea5y \u0111\u1ea1t \u0111\u1ed9 \u1ea9m \u0111\u1ed3ng \u0111\u1ec1u t\u1eeb 10 \u00b1 2%.<\/li>\n<li>B\u01b0\u1edbc 9. Ph\u00e2n lo\u1ea1i v\u00e1n b\u00f3c: K\u00edch th\u01b0\u1edbc v\u00e0 ch\u1ea5t l\u01b0\u1ee3ng v\u00e1n b\u00f3c d\u00f9ng l\u00e0m l\u1edbp m\u1eb7t v\u00e0 l\u1edbp l\u00f5i ph\u1ea3i \u0111\u1ed3ng \u0111\u1ec1u nh\u01b0 nhau v\u00e0 \u0111\u00e1p \u1ee9ng y\u00eau c\u1ea7u ch\u1ea5t l\u01b0\u1ee3ng theo TCVN 8328-1:2010 v\u00e0 TCVN 10316:2015, trong \u0111\u00f3 sai s\u1ed1 k\u00edch th\u01b0\u1edbc chi\u1ec1u d\u00e0y: \u00b1 0,10 mm; sai s\u1ed1 k\u00edch th\u01b0\u1edbc chi\u1ec1u r\u1ed9ng: \u00b1 5,0 mm; sai s\u1ed1 k\u00edch th\u01b0\u1edbc chi\u1ec1u d\u00e0i: \u00b1 5,0 mm v\u00e0 m\u1ed9t s\u1ed1 y\u00eau c\u1ea7u kh\u00e1c v\u1ec1 khuy\u1ebft t\u1eadt nh\u01b0 m\u1eaft ch\u1ebft, l\u1ed7 th\u1ee7ng cho ph\u00e9p 0 kh\u00f4ng l\u1edbn h\u01a1n 3mm, kh\u00f4ng ph\u00e2n b\u1ed1 t\u1eadp trung.<\/li>\n<li>B\u01b0\u1edbc 10. \u0110\u00f3ng g\u00f3i v\u00e0 b\u1ea3o qu\u1ea3n khi l\u01b0u kho: \u0110\u00f3ng g\u00f3i: V\u00e1n b\u00f3c \u0111\u01b0\u1ee3c ph\u00e2n lo\u1ea1i theo c\u1ea5p ch\u1ea5t l\u01b0\u1ee3ng v\u00e0 k\u00edch th\u01b0\u1edbc \u0111\u1ec3 ti\u1ebfn h\u00e0nh \u0111\u00f3ng g\u00f3i. V\u00e1n \u0111\u01b0\u1ee3c \u0111\u00f3ng g\u00f3i ph\u1ea3i b\u1eb1ng ph\u1eb3ng, ch\u1eafc ch\u1eafn, tr\u00e1nh l\u00e0m h\u01b0 h\u1ecfng trong qu\u00e1 tr\u00ecnh \u0111\u00f3ng g\u00f3i. B\u1ea3o qu\u1ea3n v\u00e1n b\u00f3c: V\u00e1n b\u00f3c sau \u0111\u00f3ng g\u00f3i \u0111\u01b0\u1ee3c x\u1ebfp th\u00e0nh t\u1eebng ch\u1ed3ng v\u00e0 \u0111\u01b0\u1ee3c ghi nh\u00e3n \u0111\u1ea7y \u0111\u1ee7 c\u00e1c th\u00f4ng tin nh\u01b0 t\u00ean g\u1ed7, c\u1ea5p ch\u1ea5t l\u01b0\u1ee3ng, quy c\u00e1ch k\u00edch th\u01b0\u1edbc v\u00e1n, \u0111\u1ed9 \u1ea9m.<\/li>\n<\/ul>\n<table width=\"100%\">\n<tbody>\n<tr>\n<td>\u0110\u1ecaA \u0110I\u1ec2M \u1ee8NG D\u1ee4NG<\/td>\n<\/tr>\n<\/tbody>\n<\/table>\n<p>C\u00e1c c\u01a1 s\u1edf s\u1ea3n xu\u1ea5t v\u00e1n b\u00f3c tr\u00ean to\u00e0n qu\u1ed1c c\u00f3 \u0111\u1ee7 m\u00e1y m\u00f3c, thi\u1ebft b\u1ecb v\u00e0 nguy\u00ean li\u1ec7u \u0111\u1ec1u c\u00f3 th\u1ec3 \u1ee9ng d\u1ee5ng ti\u1ebfn b\u1ed9 k\u1ef9 thu\u1eadt n\u00e0y.<\/p>\n<table width=\"100%\">\n<tbody>\n<tr>\n<td>\u0110I\u1ec0U KI\u1ec6N \u1ee8NG D\u1ee4NG<\/td>\n<\/tr>\n<\/tbody>\n<\/table>\n<ul>\n<li>Nguy\u00ean li\u1ec7u v\u00e0 thi\u1ebft b\u1ecb m\u00e1y: G\u1ed7 B\u1eddi l\u1eddi v\u00e0ng c\u00f3 \u0111\u01b0\u1eddng k\u00ednh t\u1ed1i thi\u1ec3u 20 cm \u0111\u1ec3 \u0111\u1ea1t \u0111\u01b0\u1ee3c hi\u1ec7u qu\u1ea3 s\u1eed d\u1ee5ng g\u1ed7 cao, h\u1ea1 gi\u00e1 th\u00e0nh s\u1ea3n ph\u1ea9m.<\/li>\n<li>M\u00e1y, thi\u1ebft b\u1ecb: C\u00e1c c\u01a1 s\u1edf s\u1ea3n xu\u1ea5t \u0111\u01b0\u1ee3c trang b\u1ecb m\u00e1y c\u01b0a \u0111\u0129a, m\u00e1y b\u1ecdc v\u1ecf, m\u00e1y b\u00f3c g\u1ed7, thi\u1ebft b\u1ecb s\u1ea5y v\u00e1n b\u00f3c. M\u00e1y b\u00f3c g\u1ed7 v\u00e0 h\u1ec7 th\u1ed1ng s\u1ea5y ph\u1ea3i \u0111\u1ea3m b\u1ea3o c\u00f3 c\u00e1c th\u00f4ng s\u1ed1 k\u1ef9 thu\u1eadt g\u1ed3m: t\u1ed1c \u0111\u1ed9 b\u00f3c 30 &#8211; 45 m\/ph\u00fat, l\u00f2 s\u1ea5y con l\u0103n li\u00ean t\u1ee5c Jet-box nhi\u1ec7t \u0111\u1ed9 s\u1ea5y \u0111\u1ea7u v\u00e0o (90-100<sup>o<\/sup>C) v\u00e0 nhi\u1ec7t \u0111\u1ed9 \u0111\u1ea7u ra (130 &#8211; 140 <sup>o<\/sup>C).<\/li>\n<\/ul>\n","protected":false},"excerpt":{"rendered":"<p>TH\u00d4NG TIN CHUNG C\u00f4ng nh\u1eadn t\u1ea1i Quy\u1ebft \u0111\u1ecbnh s\u00f4\u0301 404\/Q\u0110-TCLN-KH&amp;HTQT ng\u00e0y 17 th\u00e1ng 12 n\u0103m 2020 c\u1ee7a T\u1ed5ng c\u1ee5c L\u00e2m nghi\u1ec7p. T\u00e1c gi\u1ea3: V\u00f5 \u0110\u1ea1i H\u1ea3i, Nguy\u1ec5n V\u0103n \u0110\u1ecbnh, Nguy\u1ec5n V\u0103n \u0110\u1ee9c, Nguy\u1ec5n V\u0103n Gi\u00e1p, Nguy\u1ec5n Th\u1ecb H\u1eb1ng, T\u1ea1 Th\u1ecb Thanh H\u01b0\u01a1ng, Nguy\u1ec5n Th\u1ecb Ph\u01b0\u1ee3ng v\u00e0 Ho\u00e0ng Th\u1ecb T\u00e1m. N\u1ed8I DUNG CH\u00cdNH G\u1ed7 B\u1eddi l\u1eddi [&hellip;]<\/p>\n","protected":false},"author":2,"featured_media":0,"parent":0,"menu_order":0,"comment_status":"closed","ping_status":"closed","template":"","meta":[],"_links":{"self":[{"href":"https:\/\/vafs.gov.vn\/vn\/wp-json\/wp\/v2\/pages\/21324"}],"collection":[{"href":"https:\/\/vafs.gov.vn\/vn\/wp-json\/wp\/v2\/pages"}],"about":[{"href":"https:\/\/vafs.gov.vn\/vn\/wp-json\/wp\/v2\/types\/page"}],"author":[{"embeddable":true,"href":"https:\/\/vafs.gov.vn\/vn\/wp-json\/wp\/v2\/users\/2"}],"replies":[{"embeddable":true,"href":"https:\/\/vafs.gov.vn\/vn\/wp-json\/wp\/v2\/comments?post=21324"}],"version-history":[{"count":1,"href":"https:\/\/vafs.gov.vn\/vn\/wp-json\/wp\/v2\/pages\/21324\/revisions"}],"predecessor-version":[{"id":21325,"href":"https:\/\/vafs.gov.vn\/vn\/wp-json\/wp\/v2\/pages\/21324\/revisions\/21325"}],"wp:attachment":[{"href":"https:\/\/vafs.gov.vn\/vn\/wp-json\/wp\/v2\/media?parent=21324"}],"curies":[{"name":"wp","href":"https:\/\/api.w.org\/{rel}","templated":true}]}}