{"id":21315,"date":"2021-08-31T10:21:02","date_gmt":"2021-08-31T03:21:02","guid":{"rendered":"http:\/\/vafs.gov.vn\/vn\/?page_id=21315"},"modified":"2021-08-31T10:21:02","modified_gmt":"2021-08-31T03:21:02","slug":"van-dam-sinh-hoc-cr-b18-dung-lam-vat-lieu-cach-am-cach-nhiet","status":"publish","type":"page","link":"https:\/\/vafs.gov.vn\/vn\/van-dam-sinh-hoc-cr-b18-dung-lam-vat-lieu-cach-am-cach-nhiet\/","title":{"rendered":"V\u00e1n d\u0103m sinh h\u1ecdc CR-B18 d\u00f9ng l\u00e0m v\u1eadt li\u1ec7u c\u00e1ch \u00e2m, c\u00e1ch nhi\u1ec7t"},"content":{"rendered":"<p><strong>TH\u00d4NG TIN CHUNG<\/strong><\/p>\n<ul>\n<li>C\u00f4ng nh\u1eadn t\u1ea1i Quy\u1ebft \u0111\u1ecbnh s\u00f4\u0301 25\/Q\u0110-TCLN-KH&amp;HTQT ng\u00e0y 6 th\u00e1ng 5 n\u0103m 2020 c\u1ee7a T\u1ed5ng c\u1ee5c L\u00e2m nghi\u1ec7p.<\/li>\n<li>T\u00e1c gi\u1ea3: B\u00f9i Th\u1ecb Th\u1ee7y, H\u00e0 Ti\u1ebfn M\u1ea1nh, Ho\u00e0ng Th\u1ecb T\u00e1m, \u0110o\u00e0n Th\u1ecb B\u00edch Ng\u1ecdc v\u00e0 Nguy\u1ec5n Th\u1ecb H\u1eb1ng.<\/li>\n<\/ul>\n<table width=\"100%\">\n<tbody>\n<tr>\n<td><strong>N\u1ed8I DUNG CH\u00cdNH<\/strong><\/td>\n<\/tr>\n<\/tbody>\n<\/table>\n<p>V\u00e1n d\u0103m sinh h\u1ecdc CR-B18 d\u00f9ng l\u00e0m v\u1eadt li\u1ec7u c\u00e1ch \u00e2m, c\u00e1ch nhi\u1ec7t l\u00e0 ti\u1ebfn b\u1ed9 k\u1ef9 thu\u1eadt v\u1ec1 s\u1ea3n ph\u1ea9m trong l\u0129nh v\u1ef1c n\u00f4ng l\u00e2m nghi\u1ec7p. V\u00e1n \u0111\u01b0\u1ee3c t\u1ea1o ra t\u1eeb d\u0103m g\u1ed7 c\u00f3 nu\u00f4i c\u1ea5y n\u1ea5m <em>Coprinus radians<\/em> (ch\u1ee7ng k\u00fd hi\u1ec7u l\u00e0 NV1), sau \u0111\u00f3 \u00e9p t\u1ea1o v\u00e1n \u1edf nhi\u1ec7t \u0111\u1ed9 170<sup>0<\/sup>C, \u00e1p l\u1ef1c 2,1MPa trong th\u1eddi gian 40 ph\u00fat, k\u00edch th\u01b0\u1edbc v\u00e1n (1220 x 2440 x 30) mm. Qu\u00e1 tr\u00ecnh t\u1ea1o v\u00e1n kh\u00f4ng s\u1eed d\u1ee5ng ch\u1ea5t k\u1ebft d\u00ednh l\u00e0 c\u00e1c lo\u1ea1i keo h\u00f3a h\u1ecdc.<\/p>\n<p>B\u1ea3ng 1 &#8211; M\u1ed9t s\u1ed1 t\u00ednh ch\u1ea5t c\u01a1 b\u1ea3n c\u1ee7a v\u00e1n d\u0103m sinh h\u1ecdc CR-B18<\/p>\n<table width=\"522\">\n<tbody>\n<tr>\n<td width=\"40\">TT<\/td>\n<td width=\"218\">T\u00ednh ch\u1ea5t<\/td>\n<td width=\"95\">Th\u00f4ng s\u1ed1<\/td>\n<td width=\"169\">Ti\u00eau chu\u1ea9n ki\u1ec3m tra\/th\u1eed<\/td>\n<\/tr>\n<tr>\n<td width=\"40\">1<\/td>\n<td width=\"218\">\u0110\u1ed9 \u1ea9m v\u00e1n<\/td>\n<td width=\"95\">11\u00b10,7<\/td>\n<td width=\"169\">TCVN 7756-3:2007<\/td>\n<\/tr>\n<tr>\n<td width=\"40\">2<\/td>\n<td width=\"218\">Kh\u1ed1i l\u01b0\u1ee3ng ri\u00eang (g\/cm<sup>3<\/sup>)<\/td>\n<td width=\"95\">0,80\u00b10,08<\/td>\n<td width=\"169\">TCVN 7756-4: 2007<\/td>\n<\/tr>\n<tr>\n<td width=\"40\">3<\/td>\n<td width=\"218\">Kh\u1ea3 n\u0103ng c\u00e1ch \u00e2m (dB)<\/td>\n<td width=\"95\">40,5\u00b10,2<\/td>\n<td width=\"169\">TCVN 7878-1:2008 (ISO 1996-1:2003)<\/td>\n<\/tr>\n<tr>\n<td width=\"40\">4<\/td>\n<td width=\"218\">Kh\u1ea3 n\u0103ng c\u00e1ch nhi\u1ec7t R (m,K\/W)<\/td>\n<td width=\"95\">9,7\u00b10,1<\/td>\n<td width=\"169\">ASTM C518-98<\/td>\n<\/tr>\n<tr>\n<td width=\"40\">5<\/td>\n<td width=\"218\">\u0110\u1ed9 b\u1ec1n u\u1ed1n t\u0129nh (MPa)<\/td>\n<td width=\"95\">3,80\u00b10,4<\/td>\n<td width=\"169\">TCVN 7756-6: 2007<\/td>\n<\/tr>\n<tr>\n<td width=\"40\">6<\/td>\n<td width=\"218\">M\u00f4 \u0111un \u0111\u00e0n h\u1ed3i u\u1ed1n t\u0129nh (MPa)<\/td>\n<td width=\"95\">1166\u00b1101<\/td>\n<td width=\"169\">TCVN 7756-6: 2007<\/td>\n<\/tr>\n<tr>\n<td width=\"40\">7<\/td>\n<td width=\"218\">Kh\u1ea3 n\u0103ng ch\u1eadm ch\u00e1y<\/td>\n<td width=\"95\">Kh\u00f3 ch\u00e1y<\/td>\n<td width=\"169\">ASTM E69-50<\/td>\n<\/tr>\n<\/tbody>\n<\/table>\n<ul>\n<li>Kh\u1ea3 n\u0103ng c\u00e1ch \u00e2m c\u1ee7a v\u00e1n d\u0103m sinh h\u1ecdc CR-B18 \u0111\u1ea1t 40,5 (dB) &#8211; \u1edf m\u1ee9c kh\u00e1, \u0111\u00e1p \u1ee9ng theo ti\u00eau chu\u1ea9n TCXDVN 175:2005, y\u00eau c\u1ea7u v\u1eadt li\u1ec7u d\u00f9ng trong c\u00f4ng tr\u00ecnh x\u00e2y d\u1ef1ng nh\u00e0 c\u00f4ng c\u1ed9ng v\u1edbi c\u00e1c lo\u1ea1i ph\u00f2ng c\u00f3 y\u00eau c\u1ea7u \u00e2m h\u1ecdc t\u1ed1i \u0111a LT\u0110 = 50 dB (m\u1ee9c kh\u00e1).<\/li>\n<li>H\u1ec7 s\u1ed1 c\u00e1ch nhi\u1ec7t c\u1ee7a v\u00e1n CR-B18 R = 9,7 m,K\/W, cao h\u01a1n c\u00e1c lo\u1ea1i v\u1eadt li\u1ec7u x\u00e2y d\u1ef1ng kh\u00e1c nh\u01b0 b\u00ea t\u00f4ng, g\u1ea1ch \u0111\u1ecf v\u00e0 g\u1ea1ch c\u00e1ch nhi\u1ec7t, t\u01b0\u01a1ng \u0111\u01b0\u01a1ng v\u00e1n s\u1ee3i, v\u00e1n d\u0103m th\u00f4ng th\u01b0\u1eddng (8,3 m,K\/W). \u0110\u00e1nh gi\u00e1 kh\u1ea3 n\u0103ng ch\u1eadm ch\u00e1y c\u1ee7a v\u00e1n d\u0103m sinh h\u1ecdc theo ti\u00eau chu\u1ea9n ASTM E69-50, cho th\u1ea5y v\u1eadt li\u1ec7u kh\u00f3 ch\u00e1y (hao h\u1ee5t kh\u1ed1i l\u01b0\u1ee3ng 8,56\u00b10,5% sau khi ti\u1ebfp x\u00fac ngu\u1ed3n nhi\u1ec7t 3 ph\u00fat).<\/li>\n<li>\u0110\u1ed9 b\u1ec1n u\u1ed1n t\u0129nh v\u00e0 m\u00f4 \u0111un \u0111\u00e0n h\u1ed3i u\u1ed1n t\u0129nh c\u1ee7a v\u00e1n d\u0103m sinh h\u1ecdc CR- B18 \u0111\u1ea1t th\u1ea5p h\u01a1n so v\u1edbi ti\u00eau chu\u1ea9n c\u1ee7a v\u00e1n d\u0103m th\u00f4ng d\u1ee5ng s\u1eed d\u1ee5ng trong \u0111i\u1ec1u ki\u1ec7n kh\u00f4 theo ti\u00eau chu\u1ea9n TCVN 7754-2007. Do v\u1eady, v\u00e1n d\u0103m sinh h\u1ecdc CR-B18 ch\u1ec9 ph\u00f9 h\u1ee3p d\u00f9ng l\u00e0m v\u1eadt li\u1ec7u c\u00e1ch \u00e2m, c\u00e1ch nhi\u1ec7t trong \u0111i\u1ec1u ki\u1ec7n kh\u00f4, kh\u00f4ng y\u00eau c\u1ea7u ch\u1ecbu l\u1ef1c l\u1edbn.<\/li>\n<li><strong><em>T\u00ednh m\u1edbi:<\/em><\/strong> V\u00e1n d\u0103m sinh h\u1ecdc CR-B18 d\u00f9ng l\u00e0m v\u1eadt li\u1ec7u c\u00e1ch \u00e2m, c\u00e1ch nhi\u1ec7t t\u1ea1o ra t\u1eeb nguy\u00ean li\u1ec7u d\u0103m g\u1ed7 \u0111\u01b0\u1ee3c nu\u00f4i c\u1ea5y n\u1ea5m m\u1ee5c <em>Coprinus radians <\/em>(ch\u1ee7ng k\u00fd hi\u1ec7u l\u00e0 NV1) kh\u00f4ng s\u1eed d\u1ee5ng keo d\u00e1n h\u00f3a h\u1ecdc. \u0110\u00e2y l\u00e0 lo\u1ea1i s\u1ea3n ph\u1ea9m v\u00e1n d\u0103m sinh h\u1ecdc \u0111\u1ea7u ti\u00ean \u0111\u01b0\u1ee3c s\u1ea3n xu\u1ea5t \u1edf Vi\u1ec7t Nam \u1edf quy m\u00f4 ph\u00f2ng th\u00ed nghi\u1ec7m v\u00e0 quy m\u00f4 s\u1ea3n xu\u1ea5t th\u1ef1c ti\u1ec5n v\u00e0 \u0111\u01b0\u1ee3c \u1ee9ng d\u1ee5ng t\u1ea1i 03 doanh nghi\u1ec7p s\u1ea3n xu\u1ea5t \u0111\u1ed3 n\u1ed9i th\u1ea5t l\u00e0m v\u00e1n c\u00e1ch \u00e2m c\u00e1ch nhi\u1ec7t, t\u1ed5ng quy m\u00f4 \u1ee9ng d\u1ee5ng 225m<sup>2<\/sup>.<\/li>\n<li><strong><em>T\u00ednh s\u00e1ng t\u1ea1o:<\/em><\/strong> S\u1ea3n ph\u1ea9m c\u00f3 t\u00ednh s\u00e1ng t\u1ea1o trong vi\u1ec7c \u1ee9ng d\u1ee5ng c\u00f4ng ngh\u1ec7 sinh h\u1ecdc trong ch\u1ebf bi\u1ebfn g\u1ed7. Th\u00f4ng qua qu\u00e1 tr\u00ecnh d\u0103m g\u1ed7 \u0111\u01b0\u1ee3c nu\u00f4i c\u1ea5y n\u1ea5m m\u1ee5c <em>Coprinus radians<\/em> (ch\u1ee7ng k\u00fd hi\u1ec7u l\u00e0 NV1), h\u1ec7 s\u1ee3i n\u1ea5m \u0111\u00e3 chuy\u1ec3n h\u00f3a lignin t\u1ea1o th\u00e0nh c\u00e1c g\u1ed1c t\u1ef1 do d\u1ec5 t\u1ea1o li\u00ean k\u1ebft h\u00f3a h\u1ecdc, h\u1ec7 s\u1ee3i n\u1ea5m ph\u00e1t tri\u1ec3n m\u1ea1nh tr\u00ean d\u0103m g\u1ed7 \u0111\u00e3 t\u1ea1o n\u00ean c\u00e1c l\u1ed7 m\u1ecbn tr\u00ean b\u1ec1 m\u1eb7t s\u1ee3i v\u00e0 l\u00e0m g\u1ed3 gh\u1ec1 b\u1ec1 m\u1eb7t s\u1ee3i g\u1ed7, lo\u1ea1i b\u1ecf th\u00e0nh ph\u1ea7n phi cellulose, t\u0103ng vi\u1ec7c t\u1ea1o nh\u00f3m cellulose hydroxyl- th\u00e0nh ph\u1ea7n tham gia li\u00ean k\u1ebft. T\u1ed5ng h\u1ee3p nh\u1eefng y\u1ebfu t\u1ed1 sinh h\u1ecdc t\u1eeb qu\u00e1 tr\u00ecnh nu\u00f4i c\u1ea5y ch\u1ee7ng n\u1ea5m NV1 tr\u00ean c\u01a1 ch\u1ea5t d\u0103m g\u1ed7, k\u1ebft h\u1ee3p v\u1edbi qu\u00e1 tr\u00ecnh \u00e9p (nhi\u1ec7t \u0111\u1ed9 + \u00e1p su\u1ea5t \u00e9p) \u0111\u00e3 h\u00ecnh th\u00e0nh li\u00ean k\u1ebft \u0111\u1ec3 t\u1ea1o th\u00e0nh v\u00e1n d\u0103m sinh h\u1ecdc.<\/li>\n<li><strong><em>T\u00ednh c\u1ea1nh tranh, t\u00ednh \u1ed5n \u0111\u1ecbnh:<\/em><\/strong><\/li>\n<li>S\u1ea3n ph\u1ea9m v\u00e1n d\u0103m sinh h\u1ecdc CR-B18 \u0111\u01b0\u1ee3c \u1ee9ng d\u1ee5ng v\u00e0o th\u1ef1c ti\u1ec5n s\u1ebd g\u00f3p ph\u1ea7n h\u1ea1n ch\u1ebf s\u1eed d\u1ee5ng c\u00e1c v\u1eadt li\u1ec7u c\u00e1ch \u00e2m c\u00e1ch nhi\u1ec7t c\u00f3 ngu\u1ed3n g\u1ed1c h\u00f3a h\u1ecdc nh\u01b0 polyurethan, styrofor c\u00f3 nguy c\u01a1 g\u00e2y \u00f4 nhi\u1ec5m m\u00f4i tr\u01b0\u1eddng cao.<\/li>\n<li>S\u1ea3n ph\u1ea9m v\u00e1n d\u0103m sinh h\u1ecdc CR-B18 t\u1ea1o ra t\u1eeb nguy\u00ean li\u1ec7u d\u0103m g\u1ed7 r\u1eebng tr\u1ed3ng v\u00e0 t\u1eadn d\u1ee5ng \u0111\u01b0\u1ee3c c\u00e1c ph\u1ebf li\u1ec7u trong qu\u00e1 tr\u00ecnh s\u1ea3n xu\u1ea5t ch\u1ebf bi\u1ebfn g\u1ed7. Do \u0111\u00f3, ngu\u1ed3n nguy\u00ean li\u1ec7u t\u1ea1o v\u00e1n c\u00f3 t\u00ednh \u1ed5n \u0111\u1ecbnh cao.<\/li>\n<li>V\u00e1n \u0111\u00e3 \u0111\u01b0\u1ee3c s\u1ea3n xu\u1ea5t th\u1eed nghi\u1ec7m t\u1ea1i doanh nghi\u1ec7p v\u1edbi kh\u1ed1i l\u01b0\u1ee3ng l\u1edbn, ch\u1ea5t l\u01b0\u1ee3ng v\u00e1n \u1ed5n \u0111\u1ecbnh, \u0111\u00e1p \u1ee9ng \u0111\u01b0\u1ee3c c\u00e1c ch\u1ec9 ti\u00eau ch\u1ea5t l\u01b0\u1ee3ng c\u1ee7a v\u1eadt li\u1ec7u c\u00e1ch \u00e2m, c\u00e1ch nhi\u1ec7t d\u00f9ng trong c\u00f4ng tr\u00ecnh x\u00e2y d\u1ef1ng nh\u00e0 c\u00f4ng c\u1ed9ng.<\/li>\n<li><strong><em>Gi\u00e1 tr\u1ecb \u1ee9ng d\u1ee5ng c\u1ee7a ti\u1ebfn b\u1ed9 k\u1ef9 thu\u1eadt:<\/em><\/strong><\/li>\n<li>V\u00e1n d\u0103m sinh h\u1ecdc CR-B18 \u0111\u01b0\u1ee3c s\u1eed d\u1ee5ng l\u00e0m v\u00e1ch ng\u0103n c\u00e1ch \u00e2m, c\u00e1ch nhi\u1ec7t th\u00f4ng th\u01b0\u1eddng trong \u0111i\u1ec1u ki\u1ec7n kh\u00f4, kh\u00f4ng y\u00eau c\u1ea7u ch\u1ecbu l\u1ef1c. V\u00e1n kh\u00f4ng ch\u1ee9a h\u00f3a ch\u1ea5t \u0111\u1ed9c h\u1ea1i s\u1ebd \u0111\u00e1p \u1ee9ng \u0111\u01b0\u1ee3c y\u00eau c\u1ea7u s\u1eed d\u1ee5ng v\u1eadt li\u1ec7u xanh ph\u1ee5c v\u1ee5 \u0111\u1eddi s\u1ed1ng con ng\u01b0\u1eddi.<\/li>\n<li>V\u00e1n d\u0103m sinh h\u1ecdc CR-B18 c\u00f3 th\u1ec3 \u0111\u01b0\u1ee3c ph\u1ee7 b\u1ec1 m\u1eb7t \u0111\u1ec3 t\u0103ng c\u01b0\u1eddng t\u00ednh ch\u1ea5t c\u01a1 l\u00fd v\u00e0 t\u00ednh th\u1ea9m m\u1ef9 trong qu\u00e1 tr\u00ecnh s\u1eed d\u1ee5ng, m\u1edf r\u1ed9ng kh\u1ea3 n\u0103ng \u1ee9ng d\u1ee5ng v\u00e1n trong th\u1ef1c ti\u1ec5n.<\/li>\n<li>C\u00f4ng ngh\u1ec7 s\u1ea3n xu\u1ea5t v\u00e1n d\u0103m sinh h\u1ecdc CR-B18 kh\u00f4ng y\u00eau c\u1ea7u \u0111\u1ea7u t\u01b0 trang thi\u1ebft b\u1ecb \u0111\u1eaft ti\u1ec1n, ho\u00e0n to\u00e0n d\u1ec5 d\u00e0ng \u00e1p d\u1ee5ng trong \u0111i\u1ec1u ki\u1ec7n \u1edf Vi\u1ec7t Nam.<\/li>\n<li><strong><em>Hi\u1ec7u qu\u1ea3 kinh t\u1ebf, x\u00e3 h\u1ed9i c\u1ee7a ti\u1ebfn b\u1ed9 k\u1ef9 thu\u1eadt<\/em><\/strong><strong><em>:<\/em><\/strong> Qu\u00e1 tr\u00ecnh t\u1ea1o v\u00e1n kh\u00f4ng s\u1eed d\u1ee5ng ch\u1ea5t k\u1ebft d\u00ednh l\u00e0 c\u00e1c lo\u1ea1i keo h\u00f3a h\u1ecdc n\u00ean th\u00e2n thi\u1ec7n v\u1edbi m\u00f4i tr\u01b0\u1eddng, gi\u00e1 th\u00e0nh t\u01b0\u01a1ng \u0111\u01b0\u01a1ng v\u1edbi v\u00e1n d\u0103m th\u00f4ng d\u1ee5ng v\u00e0 c\u1ea1nh tranh t\u1ed1t v\u1edbi m\u1ed9t s\u1ed1 v\u1eadt li\u1ec7u c\u00e1ch \u00e2m c\u00e1ch nhi\u1ec7t kh\u00e1c nh\u01b0 th\u1ea1ch cao, t\u1ea5m x\u1ed1p XPS. N\u1ebfu \u0111\u01b0\u1ee3c s\u1ea3n xu\u1ea5t v\u00e0 \u1ee9ng d\u1ee5ng m\u1edf r\u1ed9ng s\u1ebd mang l\u1ea1i hi\u1ec7u kinh t\u1ebf, t\u1ea1o vi\u1ec7c l\u00e0m, \u0111\u1eb7c bi\u1ec7t t\u1eadn d\u1ee5ng c\u00e1c ph\u1ebf li\u1ec7u trong qu\u00e1 tr\u00ecnh s\u1ea3n xu\u1ea5t ch\u1ebf bi\u1ebfn g\u1ed7.<\/li>\n<\/ul>\n<table width=\"100%\">\n<tbody>\n<tr>\n<td>\u0110\u1ecaA \u0110I\u1ec2M \u1ee8NG D\u1ee4NG<\/td>\n<\/tr>\n<\/tbody>\n<\/table>\n<p>S\u1ea3n ph\u1ea9m v\u00e1n d\u0103m sinh h\u1ecdc CR-B18 \u0111\u01b0\u1ee3c \u00e1p d\u1ee5ng l\u00e0m v\u00e1ch ng\u0103n c\u00e1ch \u00e2m c\u00e1ch nhi\u1ec7t tr\u00ean ph\u1ea1m vi to\u00e0n qu\u1ed1c.<\/p>\n<table width=\"100%\">\n<tbody>\n<tr>\n<td>\u0110I\u1ec0U KI\u1ec6N \u1ee8NG D\u1ee4NG<\/td>\n<\/tr>\n<\/tbody>\n<\/table>\n<p>S\u1ea3n ph\u1ea9m v\u00e1n d\u0103m sinh h\u1ecdc CR-B18 \u0111\u01b0\u1ee3c s\u1eed d\u1ee5ng trong \u0111i\u1ec1u ki\u1ec7n kh\u00f4 r\u00e1o, kh\u00f4ng y\u00eau c\u1ea7u ch\u1ecbu l\u1ef1c l\u1edbn.<\/p>\n","protected":false},"excerpt":{"rendered":"<p>TH\u00d4NG TIN CHUNG C\u00f4ng nh\u1eadn t\u1ea1i Quy\u1ebft \u0111\u1ecbnh s\u00f4\u0301 25\/Q\u0110-TCLN-KH&amp;HTQT ng\u00e0y 6 th\u00e1ng 5 n\u0103m 2020 c\u1ee7a T\u1ed5ng c\u1ee5c L\u00e2m nghi\u1ec7p. T\u00e1c gi\u1ea3: B\u00f9i Th\u1ecb Th\u1ee7y, H\u00e0 Ti\u1ebfn M\u1ea1nh, Ho\u00e0ng Th\u1ecb T\u00e1m, \u0110o\u00e0n Th\u1ecb B\u00edch Ng\u1ecdc v\u00e0 Nguy\u1ec5n Th\u1ecb H\u1eb1ng. N\u1ed8I DUNG CH\u00cdNH V\u00e1n d\u0103m sinh h\u1ecdc CR-B18 d\u00f9ng l\u00e0m v\u1eadt li\u1ec7u c\u00e1ch \u00e2m, c\u00e1ch [&hellip;]<\/p>\n","protected":false},"author":2,"featured_media":0,"parent":0,"menu_order":0,"comment_status":"closed","ping_status":"closed","template":"","meta":[],"_links":{"self":[{"href":"https:\/\/vafs.gov.vn\/vn\/wp-json\/wp\/v2\/pages\/21315"}],"collection":[{"href":"https:\/\/vafs.gov.vn\/vn\/wp-json\/wp\/v2\/pages"}],"about":[{"href":"https:\/\/vafs.gov.vn\/vn\/wp-json\/wp\/v2\/types\/page"}],"author":[{"embeddable":true,"href":"https:\/\/vafs.gov.vn\/vn\/wp-json\/wp\/v2\/users\/2"}],"replies":[{"embeddable":true,"href":"https:\/\/vafs.gov.vn\/vn\/wp-json\/wp\/v2\/comments?post=21315"}],"version-history":[{"count":1,"href":"https:\/\/vafs.gov.vn\/vn\/wp-json\/wp\/v2\/pages\/21315\/revisions"}],"predecessor-version":[{"id":21316,"href":"https:\/\/vafs.gov.vn\/vn\/wp-json\/wp\/v2\/pages\/21315\/revisions\/21316"}],"wp:attachment":[{"href":"https:\/\/vafs.gov.vn\/vn\/wp-json\/wp\/v2\/media?parent=21315"}],"curies":[{"name":"wp","href":"https:\/\/api.w.org\/{rel}","templated":true}]}}