{"id":21302,"date":"2021-08-31T10:10:30","date_gmt":"2021-08-31T03:10:30","guid":{"rendered":"http:\/\/vafs.gov.vn\/vn\/?page_id=21302"},"modified":"2021-08-31T10:11:18","modified_gmt":"2021-08-31T03:11:18","slug":"son-chong-ha-c-ha16-dung-cho-tau-thuyen-go-di-bien","status":"publish","type":"page","link":"https:\/\/vafs.gov.vn\/vn\/son-chong-ha-c-ha16-dung-cho-tau-thuyen-go-di-bien\/","title":{"rendered":"S\u01a1n ch\u1ed1ng h\u00e0 C.HA16 d\u00f9ng cho t\u00e0u thuy\u1ec1n g\u1ed7 \u0111i bi\u1ec3n"},"content":{"rendered":"<p><strong>TH\u00d4NG TIN CHUNG<\/strong><\/p>\n<ul>\n<li>C\u00f4ng nh\u1eadn t\u1ea1i Q\u0110 s\u1ed1 176\/Q\u0110-TCLN-KH&amp;HTQT ng\u00e0y 8 th\u00e1ng 6 n\u0103m 2017 c\u1ee7a T\u1ed5ng c\u1ee5c l\u00e2m nghi\u1ec7p.<\/li>\n<li>T\u00e1c gi\u1ea3: B\u00f9i V\u0103n \u00c1i, V\u0169 V\u0103n Thu, \u0110o\u00e0n Th\u1ecb B\u00edch Ng\u1ecdc.<\/li>\n<\/ul>\n<table width=\"100%\">\n<tbody>\n<tr>\n<td><strong>N\u1ed8I DUNG CH\u00cdNH<\/strong><\/td>\n<\/tr>\n<\/tbody>\n<\/table>\n<ul>\n<li><a name=\"_Toc70512330\"><\/a> T\u00ednh m\u1edbi, t\u00ednh s\u00e1ng t\u1ea1o c\u1ee7a ti\u1ebfn b\u1ed9 k\u1ef9 thu\u1eadt: S\u01a1n ch\u1ed1ng h\u00e0 C.HA16 l\u00e0 lo\u1ea1i s\u01a1n \u0111\u01b0\u1ee3c t\u1ea1o ra t\u1eeb 9 th\u00e0nh ph\u1ea7n, l\u00e0 s\u1ea3n ph\u1ea9m s\u01a1n ch\u1ed1ng h\u00e0 \u0111\u1ea7u ti\u00ean do Vi\u1ec7t Nam s\u1ea3n xu\u1ea5t d\u00f9ng s\u01a1n ph\u1ee7 g\u1ed7 t\u00e0u thuy\u1ec1n \u0111i bi\u1ec3n c\u00f3 s\u1eed d\u1ee5ng d\u1ea7u v\u1ecf h\u1ea1t \u0111i\u00eau bi\u1ebfn t\u00ednh \u0111\u1ec3 l\u00e0m t\u0103ng ch\u1ea5t l\u01b0\u1ee3ng m\u00e0ng s\u01a1n, s\u1eed d\u1ee5ng ch\u1ee7 y\u1ebfu cho c\u00e1c khung x\u01b0\u01a1ng, m\u1ea1n, \u0111\u00e1y, s\u00e0n v\u00e0 cabin, w&#8230; c\u1ee7a t\u00e0u.<\/li>\n<li><a name=\"_Toc70512331\"><\/a> Ch\u1ea5t l\u01b0\u1ee3ng s\u1ea3n ph\u1ea9m: Ch\u1ea5t l\u01b0\u1ee3ng s\u1ea3n ph\u1ea9m s\u01a1n ch\u1ed1ng h\u00e0 C.HA16 \u0111\u01b0\u1ee3c \u0111\u00e1nh gi\u00e1 t\u1ea1i Trung t\u00e2m Nhi\u1ec7t \u0111\u1edbi Vi\u1ec7t Nga &#8211; B\u1ed9 Qu\u1ed1c ph\u00f2ng v\u00e0 t\u1ea1i C\u00f4ng ty TNHH Delta Vi\u1ec7t Nam \u0111\u1ec1u cho th\u1ea5y, c\u00e1c ti\u00eau ch\u00ed \u0111\u00e1nh gi\u00e1 ch\u1ea5t l\u01b0\u1ee3ng c\u1ee7a s\u01a1n ch\u1ed1ng h\u00e0 C.HA16 \u0111\u00eau \u0111\u00e1p \u1ee9ng \u0111\u01b0\u1ee3c theo ti\u00eau chu\u1ea9n hi\u1ec7n h\u00e0nh. M\u1ed9t s\u1ed1 ti\u00eau ch\u00ed c\u00f2n t\u1ed1t h\u01a1n so v\u1edbi nh\u1eefng lo\u1ea1i s\u01a1n t\u01b0\u01a1ng \u1ee9ng s\u1ea3n xu\u1ea5t trong n\u01b0\u1edbc ho\u1eb7c nh\u1eadp ngo\u1ea1i nh\u01b0: kh\u1ea3 n\u0103ng b\u00e1m d\u00ednh; \u0111\u1ed9 c\u1ee9ng, c\u00f3 th\u1ec3 \u0111\u00e2y l\u00e0 \u01b0u \u0111i\u1ec3m v\u01b0\u1ee3t tr\u1ed9i so v\u1edbi lo\u1ea1i s\u01a1n ch\u1ed1ng h\u00e0 kh\u00e1c. So s\u00e1nh ch\u1ea5t l\u01b0\u1ee3ng s\u1ea3n ph\u1ea9m S\u01a1n ch\u1ed1ng h\u00e0 C.HA 16 v\u1edbi s\u01a1n ch\u1ed1ng h\u00e0 H\u1ea3i Ph\u00f2ng WCA nh\u01b0 sau:<\/li>\n<\/ul>\n<table width=\"618\">\n<tbody>\n<tr>\n<td rowspan=\"2\" width=\"41\">TT<\/td>\n<td rowspan=\"2\" width=\"208\">Ch\u1ec9 ti\u00eau ki\u1ec3m tra<\/td>\n<td rowspan=\"2\" width=\"163\">Ti\u00eau chu\u1ea9n ki\u1ec3m tra<\/td>\n<td colspan=\"2\" width=\"206\">Gi\u00e1 tr\u1ecb \u0111o tr\u00ean m\u1eabu<\/td>\n<\/tr>\n<tr>\n<td width=\"79\">C.HA16<\/td>\n<td width=\"127\">S\u01a1n H\u1ea3i Ph\u00f2ng WCAF<\/p>\n<p>&nbsp;<\/td>\n<\/tr>\n<tr>\n<td width=\"41\">1<\/td>\n<td width=\"208\">M\u00e0u s\u1eafc<\/td>\n<td width=\"163\"><\/td>\n<td width=\"79\">N\u00e2u \u0111\u1ecf<\/td>\n<td width=\"127\">N\u00e2u \u0111\u1ecf<\/td>\n<\/tr>\n<tr>\n<td width=\"41\">2<\/td>\n<td width=\"208\">T\u1ef3 tr\u1ecdng \u1edf nhi\u1ec7t \u0111\u1ed9 (20 \u00b1 2) \u00b0c, g\/cm<sup>3<\/sup><\/td>\n<td width=\"163\">TCVN 10237-1:2013<\/p>\n<p>ISO 2811-1:2011<\/td>\n<td width=\"79\">1,21<\/td>\n<td width=\"127\">1,50<\/td>\n<\/tr>\n<tr>\n<td width=\"41\">3<\/td>\n<td width=\"208\">\u0110\u1ed9 nh\u1edbt pha lo\u00e3ng v\u1edbi xylen theo t\u1ef7 l\u1ec7 1:1 v\u1ec1 th\u1ec3 t\u00edch theo VZ-4 \u1edf (23 \u00b1 0,5) \u00b0c, gi\u00e2y<\/td>\n<td width=\"163\">TCVN 2092:2008<\/p>\n<p>ISO 2431:1993<\/td>\n<td width=\"79\">20<\/td>\n<td width=\"127\">20<\/td>\n<\/tr>\n<tr>\n<td width=\"41\">4<\/td>\n<td width=\"208\">Th\u1eddi gian kh\u00f4 c\u1ee9ng, gi\u1edd<\/td>\n<td width=\"163\">TOCT 19007-73<\/td>\n<td width=\"79\">48<\/td>\n<td width=\"127\">24<\/td>\n<\/tr>\n<tr>\n<td width=\"41\">5<\/td>\n<td width=\"208\">H\u00e0m l\u01b0\u1ee3ng kh\u00f4, %<\/td>\n<td width=\"163\">TCVN 10370-1:2014<\/p>\n<p>ISO 11890-1:2007<\/td>\n<td width=\"79\">71<\/td>\n<td width=\"127\">60<\/td>\n<\/tr>\n<tr>\n<td width=\"41\">6<\/td>\n<td width=\"208\">\u0110\u1ed9 b\u00e1m d\u00ednh, \u0111i\u1ec3m<\/td>\n<td width=\"163\">TCVN 2097:1993<\/td>\n<td width=\"79\">1<\/td>\n<td width=\"127\">2<\/td>\n<\/tr>\n<tr>\n<td width=\"41\">7<\/td>\n<td width=\"208\">\u0110\u1ed9 c\u1ee9ng: b\u00fat ch\u00ec, H<\/td>\n<td width=\"163\">ISO 1518:2000<\/td>\n<td width=\"79\">9H<\/td>\n<td width=\"127\">7H<\/td>\n<\/tr>\n<tr>\n<td width=\"41\">8<\/td>\n<td width=\"208\">H\u1ee3p ch\u1ea5t voc (g\/L)<\/td>\n<td width=\"163\">ASTM D2369<\/td>\n<td width=\"79\">327,5<\/td>\n<td width=\"127\">389<\/td>\n<\/tr>\n<\/tbody>\n<\/table>\n<p>&nbsp;<\/p>\n<h3><a name=\"_Toc70512332\"><\/a>&#8211; Kh\u1ea3 n\u0103ng gi\u1ea3m thi\u1ec3u t\u00e1c \u0111\u1ed9ng \u0111\u1ebfn m\u00f4i tr\u01b0\u1eddng<\/h3>\n<ul>\n<li>V\u1ec1 h\u00e0m l\u01b0\u1ee3ng c\u00e1c ch\u1ea5t h\u1eefu c\u01a1 t\u1ef1 do d\u1ec5 bay h\u01a1i c\u00f3 trong s\u01a1n (VOCs): h\u00e0m l\u01b0\u1ee3ng VOCs c\u1ee7a s\u01a1n ch\u1ed1ng h\u00e0 C.HA16 l\u00e0 327,5 g\/1 th\u1ea5p h\u01a1n gi\u00e1 tr\u1ecb VOCs c\u1ee7a s\u01a1n ch\u1ed1ng h\u00e0 H\u1ea3i Ph\u00f2ng WCAF v\u00e0 \u0111\u1ec1u th\u1ea5p h\u01a1n gi\u1edbi h\u1ea1n cho ph\u00e9p theo ti\u00eau chu\u1ea9n ASTM D2369 (400 g\/1).<\/li>\n<li>T\u1ed5ng h\u00e0m l\u01b0\u1ee3ng \u0111\u1ed3ng (Cu) b\u1ecb r\u1eeda tr\u00f4i trong m\u00f4i tr\u01b0\u1eddng n\u01b0\u1edbc bi\u1ec3n c\u1ee7a g\u1ed7 \u0111\u00e3 s\u01a1n lo\u1ea1i s\u01a1n ch\u1ed1ng h\u00e0 C.HA16 l\u00e0 1,21mg\/l. Tham kh\u1ea3o Quy chu\u1ea9n k\u1ef3 thu\u1eadt qu\u1ed1c gia v\u1ec1 ch\u1ea5t l\u01b0\u1ee3ng n\u01b0\u1edbc bi\u1ec3n (QCVN 10- MT:2015\/BTNMT) \u0111\u00e3 quy \u0111\u1ecbnh gi\u00e1 tr\u1ecb gi\u1edbi h\u1ea1n c\u1ee7a c\u00e1c th\u00f4ng s\u1ed1 ch\u1ea5t l\u01b0\u1ee3ng n\u01b0\u1edbc bi\u1ec3n.<\/li>\n<li>V\u1ec1 ch\u1ea5t l\u01b0\u1ee3ng m\u00e0ng trang s\u1ee9c: s\u01a1n ch\u1ed1ng h\u00e0 C.HA16 ho\u00e0n to\u00e0n \u0111\u1ea1t \u0111\u01b0\u1ee3c ch\u1ea5t l\u01b0\u1ee3ng t\u00f3t, c\u00e1c th\u00f4ng s\u1ed1 k\u1ef9 thu\u1eadt v\u1ec1 c\u01a1 h\u1ecdc, v\u1eadt l\u00fd v\u00e0 h\u00f3a h\u1ecdc \u0111\u00e1p \u1ee9ng \u0111\u01b0\u1ee3c y\u00eau c\u1ea7u, ph\u1ea7n kh\u00ed th\u1ea3i \u00edt g\u00e2y \u00f4 nhi\u1ec5m m\u00f4i tr\u01b0\u1eddng, s\u1eed d\u1ee5ng m\u00e1y m\u00f3c, thi\u1ebft b\u1ecb v\u00e0 ngu\u1ed3n nguy\u00ean li\u1ec7u s\u1eb5n c\u00f3 tr\u00ean th\u1ecb tr\u01b0\u1eddng.<\/li>\n<\/ul>\n<h3><a name=\"_Toc70512333\"><\/a>&#8211; Kh\u1ea3 n\u0103ng khai th\u00e1c hi\u1ec7u qu\u1ea3 t\u00e0i nguy\u00ean<\/h3>\n<ul>\n<li>Nguy\u00ean v\u1eadt li\u1ec7u s\u1eed d\u1ee5ng \u0111\u1ec3 s\u1ea3n xu\u1ea5t s\u01a1n ch\u1ed5ng h\u00e0 C.HA16 d\u1ec5 t\u00ecm ki\u1ebfm v\u00e0 s\u1eb5n c\u00f3 \u1edf trong n\u01b0\u1edbc;<\/li>\n<li>M\u00e1y m\u00f3c thi\u1ebft b\u1ecb c\u01a1 b\u1ea3n s\u1eed d\u1ee5ng h\u1ec7 th\u1ed1ng trang thi\u1ebft b\u1ecb hi\u1ec7n c\u00f3 t\u1ea1i c\u00e1c c\u01a1 s\u1edf s\u1ea3n xu\u1ea5t, kh\u00f4ng \u0111\u00f2i h\u1ecfi c\u1ea7n ph\u1ea3i \u0111\u1ea7u t\u01b0 th\u00eam;<\/li>\n<li>Nh\u00e2n l\u1ef1c kh\u00f4ng y\u00eau c\u1ea7u tr\u00ecnh \u0111\u1ed9 nh\u00e2n l\u1ef1c cao h\u01a1n so v\u1edbi c\u00e1c quy tr\u00ecnh s\u1ea3n xu\u1ea5t hi\u1ec7n c\u00f3.<\/li>\n<li>V\u1ec1 t\u00ednh d\u1ec5 \u00e1p d\u1ee5ng, kh\u1ea3 n\u0103ng tri\u1ec3n v\u1ecdng m\u1edf r\u1ed9ng s\u1ea3n xu\u1ea5t: v\u1ec1 quy tr\u00ecnh c\u00f4ng ngh\u1ec7 s\u1ea3n xu\u1ea5t s\u01a1n ch\u1ed1ng h\u00e0 C.HA16 c\u01a1 b\u1ea3n kh\u00f4ng c\u00f3 s\u1ef1 kh\u00e1c bi\u1ec7t l\u1edbn so v\u1edbi nh\u1eefng lo\u1ea1i s\u01a1n ph\u1ee7 b\u1ec1 m\u1eb7t g\u1ed7 th\u00f4ng d\u1ee5ng hi\u1ec7n nay, v\u00ec v\u1eady quy tr\u00ecnh c\u00f4ng ngh\u1ec7 n\u00e0y d\u1ec5 \u00e1p d\u1ee5ng v\u00e0 ph\u00f9 h\u1ecdp v\u1edbi t\u00ecnh h\u00ecnh s\u1ea3n xu\u1ea5t th\u1ef1c t\u1ebf hi\u1ec7n c\u00f3 t\u1ea1i Vi\u1ec7t Nam.<\/li>\n<\/ul>\n<h3><a name=\"_Toc70512334\"><\/a>&#8211; Hi\u1ec7u qu\u1ea3 kinh t\u1ebf<\/h3>\n<p>So s\u00e1nh c\u00f9ng v\u1edbi quy tr\u00ecnh s\u1ea3n xu\u1ea5t t\u01b0\u01a1ng t\u1ef1, ch\u1ea5t l\u01b0\u1ee3ng s\u01a1n t\u01b0\u01a1ng t\u1ef1, th\u00ec chi ph\u00ed nguy\u00ean v\u1eadt li\u1ec7u \u0111\u1ec3 s\u00e0n xu\u1ea5t ra s\u01a1n ch\u1ed1ng h\u00e0 C.HA16 th\u1ea5p h\u01a1n so v\u1edbi lo\u1ea1i s\u01a1n t\u01b0\u01a1ng \u1ee9ng kho\u1ea3ng 30%, do:<\/p>\n<ul>\n<li>S\u01a1n ch\u1ed1ng h\u00e0 C.HA 16 c\u1ee7a d\u1ef1 \u00e1n c\u00f3 th\u00e0nh ph\u1ea7n ch\u00ednh l\u00e0 nh\u1ef1a d\u1ea7u v\u1ecf h\u1ea1t \u0111i\u1ec1u bi\u1ebfn t\u00ednh, s\u1ea3n xu\u1ea5t \u0111\u01b0\u1ee3c trong n\u01b0\u1edbc, s\u1eb5n c\u00f3 n\u00ean c\u00f3 gi\u00e1 th\u00e0nh r\u1ebb hon so v\u1edbi c\u00e1c lo\u1ea1i s\u01a1n nh\u1eadp ngo\u1ea1i.<\/li>\n<li>S\u01a1n ch\u1ed1ng h\u00e0 C.HA 16 c\u00f3 s\u1eed d\u1ee5ng ph\u1ee5 gia CaCCh l\u00e0 lo\u1ea1i ch\u1ea5t \u0111\u1ed9n c\u00f3 gi\u00e1 th\u00e0nh r\u1ebb 3.000 \u0111\/kg n\u00ean c\u0169ng g\u00f3p ph\u1ea7n l\u00e0m gi\u1ea3m gi\u00e1 th\u00e0nh c\u1ee7a s\u01a1n<\/li>\n<\/ul>\n<table width=\"100%\">\n<tbody>\n<tr>\n<td>\u0110\u1ecaA \u0110I\u1ec2M \u1ee8NG D\u1ee4NG<\/td>\n<\/tr>\n<\/tbody>\n<\/table>\n<ul>\n<li>C\u00e1c c\u01a1 s\u1edf s\u1ea3n xu\u1ea5t s\u01a1n ch\u1ed1ng h\u00e0 cho t\u00e0u thuy\u1ec1n g\u1ed7 \u0111i bi\u1ec3n quy m\u00f4 v\u1eeba v\u00e0 nh\u1ecf.<\/li>\n<li>C\u00e1c c\u01a1 s\u1edf \u0111\u00f3ng m\u1edbi v\u00e0 s\u1eeda ch\u1eefa t\u00e0u thuy\u1ec1n g\u1ed7 \u0111i bi\u1ec3n.<\/li>\n<\/ul>\n<table width=\"100%\">\n<tbody>\n<tr>\n<td>\u0110I\u1ec0U KI\u1ec6N \u1ee8NG D\u1ee4NG<\/td>\n<\/tr>\n<\/tbody>\n<\/table>\n<ul>\n<li>A\u0301p d\u1ee5ng cho s\u1ea3n xu\u1ea5t s\u01a1n ch\u1ed1ng h\u00e0 C.HA16 d\u00f9ng trong vi\u1ec7c b\u1ea3o qu\u1ea3n t\u00e0u thuy\u1ec1n g\u1ed7 \u0111i bi\u1ec3n.<\/li>\n<li>\u00c1p d\u1ee5ng v\u1edbi c\u00e1c doanh nghi\u1ec7p c\u00f3 quy m\u00f4 c\u1ee1 v\u1eeba v\u00e0 nh\u1ecf, c\u00f4ng su\u1ea5t s\u1ea3n xu\u1ea5t s\u01a1n t\u1eeb 10 t\u1ea5n s\u1ea3n ph\u1ea9m s\u01a1n\/n\u0103m tr\u1edf l\u00ean.<\/li>\n<\/ul>\n","protected":false},"excerpt":{"rendered":"<p>TH\u00d4NG TIN CHUNG C\u00f4ng nh\u1eadn t\u1ea1i Q\u0110 s\u1ed1 176\/Q\u0110-TCLN-KH&amp;HTQT ng\u00e0y 8 th\u00e1ng 6 n\u0103m 2017 c\u1ee7a T\u1ed5ng c\u1ee5c l\u00e2m nghi\u1ec7p. T\u00e1c gi\u1ea3: B\u00f9i V\u0103n \u00c1i, V\u0169 V\u0103n Thu, \u0110o\u00e0n Th\u1ecb B\u00edch Ng\u1ecdc. N\u1ed8I DUNG CH\u00cdNH T\u00ednh m\u1edbi, t\u00ednh s\u00e1ng t\u1ea1o c\u1ee7a ti\u1ebfn b\u1ed9 k\u1ef9 thu\u1eadt: S\u01a1n ch\u1ed1ng h\u00e0 C.HA16 l\u00e0 lo\u1ea1i s\u01a1n \u0111\u01b0\u1ee3c t\u1ea1o ra [&hellip;]<\/p>\n","protected":false},"author":2,"featured_media":0,"parent":0,"menu_order":0,"comment_status":"closed","ping_status":"closed","template":"","meta":[],"_links":{"self":[{"href":"https:\/\/vafs.gov.vn\/vn\/wp-json\/wp\/v2\/pages\/21302"}],"collection":[{"href":"https:\/\/vafs.gov.vn\/vn\/wp-json\/wp\/v2\/pages"}],"about":[{"href":"https:\/\/vafs.gov.vn\/vn\/wp-json\/wp\/v2\/types\/page"}],"author":[{"embeddable":true,"href":"https:\/\/vafs.gov.vn\/vn\/wp-json\/wp\/v2\/users\/2"}],"replies":[{"embeddable":true,"href":"https:\/\/vafs.gov.vn\/vn\/wp-json\/wp\/v2\/comments?post=21302"}],"version-history":[{"count":2,"href":"https:\/\/vafs.gov.vn\/vn\/wp-json\/wp\/v2\/pages\/21302\/revisions"}],"predecessor-version":[{"id":21306,"href":"https:\/\/vafs.gov.vn\/vn\/wp-json\/wp\/v2\/pages\/21302\/revisions\/21306"}],"wp:attachment":[{"href":"https:\/\/vafs.gov.vn\/vn\/wp-json\/wp\/v2\/media?parent=21302"}],"curies":[{"name":"wp","href":"https:\/\/api.w.org\/{rel}","templated":true}]}}