{"id":21290,"date":"2021-08-31T10:02:58","date_gmt":"2021-08-31T03:02:58","guid":{"rendered":"http:\/\/vafs.gov.vn\/vn\/?page_id=21290"},"modified":"2021-08-31T10:04:47","modified_gmt":"2021-08-31T03:04:47","slug":"nha-giam-hom-cay-lam-nghiep-cai-tien","status":"publish","type":"page","link":"https:\/\/vafs.gov.vn\/vn\/nha-giam-hom-cay-lam-nghiep-cai-tien\/","title":{"rendered":"Nh\u00e0 gi\u00e2m hom c\u00e2y l\u00e2m nghi\u1ec7p c\u1ea3i ti\u1ebfn"},"content":{"rendered":"<p>&nbsp;<\/p>\n<table width=\"100%\">\n<tbody>\n<tr>\n<td><strong>TH\u00d4NG TIN CHUNG<\/strong><\/td>\n<\/tr>\n<\/tbody>\n<\/table>\n<ul>\n<li>C\u00f4ng nh\u1eadn t\u1ea1i Quy\u1ebft \u0111\u1ecbnh s\u00f4\u0301 192<sup>a<\/sup>\/Q\u0110-TCLN-KH&amp;HTQT ng\u00e0y 4 th\u00e1ng 5 n\u0103m 2015 c\u1ee7a T\u1ed5ng c\u1ee5c l\u00e2m nghi\u1ec7p<\/li>\n<li>T\u00e1c gi\u1ea3: L\u00ea Xu\u00e2n Ph\u00fac<\/li>\n<\/ul>\n<table width=\"100%\">\n<tbody>\n<tr>\n<td><strong>N\u1ed8I DUNG CH\u00cdNH<\/strong><\/td>\n<\/tr>\n<\/tbody>\n<\/table>\n<p>Nh\u00e0 gi\u00e2m hom c\u00e2y l\u00e2m nghi\u1ec7p c\u1ea3i ti\u1ebfn (vi\u1ebft t\u1eaft l\u00e0 NGH) c\u00f3 c\u00e1c ti\u1ebfn b\u1ed9 m\u1edbi sau \u0111\u00e2y:<\/p>\n<ul>\n<li><a name=\"_Toc70512315\"><\/a> C\u00f4ng ngh\u1ec7 che s\u00e1ng di \u0111\u1ed9ng g\u1ed3m nhi\u1ec1u t\u1ea7ng che ph\u00eda tr\u00ean v\u00e0 xung quanh NGH \u0111\u1ed9c l\u1eadp nhau bang l\u01b0\u1edbi che s\u00e1ng chuy\u00ean d\u1ee5ng \u0111\u01b0\u1ee3c \u0111i\u1ec1u khi\u1ec3n \u0111\u00f3ng m\u1edf t\u1ef1 \u0111\u1ed9ng, b\u00e1n t\u1ef1 \u0111\u1ed9ng ho\u1eb7c th\u1ee7 c\u00f4ng theo y\u00eau c\u1ea7u m\u1ee9c \u00e1nh s\u00e1ng c\u1ee7a m\u00f4i tr\u01b0\u1eddng gi\u00e2m hom c\u00e2y l\u00e2m nghi\u1ec7p kh\u1eafc ph\u1ee5c \u0111\u01b0\u1ee3c \u0111i\u1ec1u ki\u1ec7n kh\u00ed h\u1eadu kh\u1eafc nghi\u1ec7t kh\u00f4 n\u00f3ng, l\u1ea1nh v\u00e0 m\u01b0a phim k\u00e9o d\u00e0i.<\/li>\n<li><a name=\"_Toc70512316\"><\/a> C\u00f4ng ngh\u1ec7 t\u01b0\u1edbi phun s\u01b0\u01a1ng \u00e1p su\u1ea5t cao, t\u1ea1o \u0111\u1ed9 phun t\u01a1i cao v\u00e0 \u0111\u1ec1u, \u0111\u01b0\u1ee3c \u0111i\u1ec1u khi\u1ec3n t\u1ef1 \u0111\u1ed9ng theo y\u00eau c\u1ea7u th\u1eddi gian ho\u1eb7c \u0111\u1ed9 \u1ea9m kh\u00f4ng kh\u00ed, \u0111i\u1ec1u ti\u1ebft \u0111\u01b0\u1ee3c \u0111\u1ed9 \u1ea9m v\u00e0 nhi\u1ec7t \u0111\u1ed9 MTGH theo y\u00eau c\u1ea7u nhi\u1ec1u lo\u00e0i c\u00e2y l\u00e2m nghi\u1ec7p c\u00f3 \u0111\u1eb7c t\u00ednh sinh h\u1ecdc kh\u00e1c nhau.<\/li>\n<li><a name=\"_Toc70512317\"><\/a> Khung NGH b\u1eb1ng th\u00e9p h\u1ed9p m\u1ea1 k\u1ebdm \u0111\u01b0\u1ee3c thi\u1ebft k\u1ebf theo m\u00f4 \u0111un c\u00f4ng nghi\u1ec7p tr\u00ean c\u01a1 s\u1ecf&#8217; k\u00edch th\u01b0\u1edbc t\u1ed1i \u01b0u c\u1ee7a lu\u1ed1ng gi\u00e2m hom v\u00e0 \u0111\u01b0\u1eddng t\u00e1c nghi\u1ec7p trong nh\u00e0 \u0111\u1ec3 t\u0103ng t\u1ed1i \u0111a di\u1ec7n t\u00edch gi\u00e2m hom, thu\u1eadn ti\u1ec7n gia c\u00f4ng ch\u1ebf t\u1ea1o, l\u1eafp \u0111\u1eb7t v\u00e0 s\u1eed d\u1ee5ng.<\/li>\n<li>M\u00f4 \u0111un d\u1ecdc nh\u00e0 (ngang lu\u1ed1ng gi\u00e2m hom):<\/li>\n<li>M\u00f4 \u0111un Mdl (01 m\u00f4 \u0111un): chi\u1ec1u d\u00e0i 15,20 m X r\u1ed9ng 4,40 m X cao 3,00 m<\/li>\n<li>M\u00f4 \u0111un Md3 (01 m\u00f4 \u0111un): chi\u1ec1u d\u00e0i 15,20 m X r\u1ed9ng 3,85 m X cao 3,00 m<\/li>\n<li>M\u00f4 \u0111un Md2: chi\u1ec1u d\u00e0i 15,20 X r\u1ed9ng 3,80 m X cao 3,00 m v\u1edbi s\u1ed1 l\u01b0\u1ee3ng t\u00f9y theo c\u00f4ng su\u1ea5t s\u1ea3n xu\u1ea5t c\u00e2y gi\u1ed1ng.<\/li>\n<li>M\u00f4 \u0111un ngang nh\u00e0 Mdn (4 m\u00f4 \u0111un), chi\u00eau r\u1ed9ng 3,80 m X cao 3,00 m.<\/li>\n<li><a name=\"_Toc70512318\"><\/a> H\u1ec7 th\u1ed1ng lu\u1ed1ng gi\u00e2m hom th\u00f4ng d\u1ee5ng 1 t\u1ea7ng \u0111\u01b0\u1ee3c c\u1ea3i ti\u1ebfn \u0111\u1ea3m b\u1ea3o tho\u00e1t n\u01b0\u1edbc kh\u00f4ng g\u00e2y \u00fang, c\u00f3 k\u00edch th\u01b0\u1edbc ph\u00f9 h\u1ee3p cho qu\u00e1 tr\u00ecnh t\u00e1c nghi\u1ec7p v\u00e0 \u0111\u1ea3m b\u1ea3o cho s\u1ea3n xu\u1ea5t c\u00e2y gi\u1ed1ng theo quy m\u00f4 c\u00f4ng nghi\u1ec7p. H\u1ec7 th\u1ed1ng lu\u1ed1ng gi\u00e2m hom 1 t\u1ea7ng g\u1ed3m 2 d\u00e3y theo 2 lo\u1ea1i m\u00f4 \u0111un.<\/li>\n<\/ul>\n<p>V\u00f2m che lu\u1ed1ng gi\u00e2m hom c\u00f3 \u0111\u01b0\u1ee3c c\u1ea3i ti\u1ebfn g\u1ed3m khung l\u00e0 c\u00e1c thanh th\u00e9p tr\u00f2n D8 u\u1ed1n \u0111\u1ecbnh h\u00ecnh, l\u1eafp \u0111\u1eb7t v\u00e0o \u1ecau\u1ed1ng v\u00e0 \u0111\u01b0\u1ee3c li\u00ean k\u1ebft v\u1edbi nhau b\u1eb1ng d\u00e2y m\u1ec1m, d\u1ec5 th\u00e1o l\u1eafp v\u00e0 ti\u1ebft ki\u1ec7m chi ph\u00ed. V\u00f2m che b\u1eb1ng v\u1eadt li\u1ec7u PE trong su\u1ed1t, \u0111\u01b0\u1ee3c \u0111\u1ee5c c\u00e1c h\u00e0ng l\u1ed7 \u1edf 2 b\u00ean c\u1ee7a v\u00f9ng \u0111\u1ec9nh v\u00e0 h\u00f4ng v\u00f2m \u0111\u1ec3 \u0111i\u1ec1u ti\u1ebft m\u00f4i tr\u01b0\u1eddng gi\u00e2m hom trong lu\u1ed1ng.<\/p>\n<ul>\n<li><a name=\"_Toc70512319\"><\/a> H\u1ec7 th\u1ed1ng lu\u1ed1ng gi\u00e2m hom 2 t\u1ea7ng theo k\u1ebft c\u1ea5u m\u00f4 \u0111un c\u00f4ng nghi\u1ec7p, \u0111\u01b0\u1ee3c l\u1eafp \u0111\u1eb7t xen k\u1ebd v\u1edbi lu\u1ed1ng 1 t\u1ea7ng, t\u0103ng \u0111\u01b0\u1ee3c di\u1ec7n t\u00edch gi\u00e2m hom g\u1ea5p 1,5 l\u1ea7n v\u1eabn \u0111\u1ea3m b\u1ea3o t\u1ea1o \u0111\u01b0\u1ee3c m\u00f4i tr\u01b0\u1eddng gi\u00e2m hom theo y\u00eau c\u1ea7u.<\/li>\n<li><a name=\"_Toc70512320\"><\/a> H\u1ec7 th\u1ed1ng phun s\u01b0\u01a1ng trong kh\u00f4ng gian NGH \u1edf \u0111\u1ed9 cao 2,02,2 m so v\u1edbi n\u1ec1n gi\u1ea3m nhi\u1ec7t \u0111\u1ed9 v\u00e0 t\u0103ng \u0111\u1ed9 \u1ea9m kh\u00f4ng kh\u00ed trong nh\u00e0, gi\u1ea3m hi\u1ec7u \u1ee9ng nh\u00e0 k\u00ednh trong m\u00f4i tr\u01b0\u1eddng gi\u00e2m hom khi th\u1eddi ti\u1ebft kh\u00f4 n\u00f3ng. H\u1ec7 th\u1ed1ng th\u00f4ng gi\u00f3 t\u00edch c\u1ef1c khi th\u1eddi ti\u1ebft r\u00e9t \u0111\u1eadm, r\u00e9t h\u1ea1i k\u00e9o d\u00e0i.<\/li>\n<li><a name=\"_Toc70512321\"><\/a> H\u1ec7 th\u1ed1ng h\u00e2m n\u00f3ng n\u01b0\u1edbc t\u01b0\u1edbi t\u1ef1 \u0111\u1ed9ng theo y\u00eau c\u1ea7u nhi\u1ec7t \u0111\u1ed9 n\u01b0\u1edbc khi r\u00e9t \u0111\u1eadm r\u00e9t h\u1ea1i \u0111\u1ea3m b\u1ea3o \u0111i\u1ec1u ki\u1ec7n cho c\u00e2y hom ph\u00e1t tri\u1ec3n b\u00ecnh th\u01b0\u1eddng.<\/li>\n<\/ul>\n<p style=\"text-align: center;\"><a href=\"http:\/\/vafs.gov.vn\/vn\/nha-giam-hom-cay-lam-nghiep-cai-tien\/ngh1\/\" rel=\"attachment wp-att-21294\"><img decoding=\"async\" loading=\"lazy\" class=\"aligncenter size-full wp-image-21294\" src=\"http:\/\/vafs.gov.vn\/vn\/wp-content\/uploads\/sites\/2\/2021\/08\/NGH1.jpg\" alt=\"\" width=\"818\" height=\"334\" srcset=\"https:\/\/vafs.gov.vn\/vn\/wp-content\/uploads\/sites\/2\/2021\/08\/NGH1.jpg 818w, https:\/\/vafs.gov.vn\/vn\/wp-content\/uploads\/sites\/2\/2021\/08\/NGH1-500x204.jpg 500w, https:\/\/vafs.gov.vn\/vn\/wp-content\/uploads\/sites\/2\/2021\/08\/NGH1-768x314.jpg 768w\" sizes=\"(max-width: 818px) 100vw, 818px\" \/><\/a><\/p>\n<p style=\"text-align: center;\">H\u00ecnh 1. K\u1ebft c\u1ea5u t\u1ed5ng th\u1ec3 Nh\u00e0 gi\u00e2m hom l\u00e2m nghi\u1ec7p c\u1ea3i ti\u1ebfn<\/p>\n<p>(<em>Ghi ch\u00fa<\/em>: <em>1. <\/em><em>T\u01b0\u1eddng g\u1ea1ch, 2. L\u01b0\u1edbi che xung quanh, 3. C\u00e1c t\u1ea7ng l\u01b0\u1edbi che di \u0111\u1ed9ng \u0111\u1ed9c l\u1eadp, 4. D\u00e0n phun s\u01b0\u01a1ng, 5. V\u00e1ch k\u00ednh khung nh\u00f4m d\u1ea1ng \u0111\u1ea9y tr\u01b0\u1ee3t, 6. Lu\u1ed1ng gi\u00e2m hom v\u00e0 v\u00f2m nilon c\u1ea3i ti\u1ebfn, 7. D\u00e0n phun s\u01b0\u01a1ng trong lu\u1ed1ng, 8. Qu\u1ea1t th\u00f4ng gi\u00f3, 9. M\u00e1y b\u01a1m; 10. B\u1ec3 ch\u1ee9a n\u01b0\u1edbc l\u1ea1nh, 11. B\u1ec3 ch\u1ee9a n\u01b0\u1edbc n\u00f3ng<\/em>).<\/p>\n<p style=\"text-align: center;\"><a href=\"http:\/\/vafs.gov.vn\/vn\/nha-giam-hom-cay-lam-nghiep-cai-tien\/ngh2\/\" rel=\"attachment wp-att-21295\"><img decoding=\"async\" loading=\"lazy\" class=\"aligncenter size-full wp-image-21295\" src=\"http:\/\/vafs.gov.vn\/vn\/wp-content\/uploads\/sites\/2\/2021\/08\/NGH2.jpg\" alt=\"\" width=\"535\" height=\"397\" srcset=\"https:\/\/vafs.gov.vn\/vn\/wp-content\/uploads\/sites\/2\/2021\/08\/NGH2.jpg 535w, https:\/\/vafs.gov.vn\/vn\/wp-content\/uploads\/sites\/2\/2021\/08\/NGH2-500x371.jpg 500w\" sizes=\"(max-width: 535px) 100vw, 535px\" \/><\/a><\/p>\n<p style=\"text-align: center;\">H\u00ecnh 2. M\u1eb7t b\u1eb1ng x\u00e2y d\u1ef1ng nh\u00e0 gi\u00e2m hom c\u1ea3i ti\u1ebfn theo m\u00f4 \u0111un<\/p>\n<p><em>(Ghi ch\u00fa: <\/em><em>1. Lu\u1ed1ng gi\u00e2m hom 1 t\u1ea7ng, 2 Lu\u1ed1ng gi\u00e2m hom 2 t\u1ea7ng, Md: M\u00f4 \u0111un, BL= 1350 mm, Br = 550mm, Bc &#8211; 600 nim<\/em><em>)<\/em><\/p>\n<table width=\"100%\">\n<tbody>\n<tr>\n<td>\u0110\u1ecaA \u0110I\u1ec2M \u1ee8NG D\u1ee4NG<\/td>\n<\/tr>\n<\/tbody>\n<\/table>\n<p>C\u00e1c c\u01a1 s\u1edf s\u1ea3n xu\u1ea5t c\u00e2y gi\u1ed1ng l\u00e2m nghi\u1ec7p b\u1eb1ng c\u00f4ng ngh\u1ec7 gi\u00e2m hom, nu\u00f4i d\u01b0\u1ee1ng c\u00e2y m\u1ea1 t\u1eeb nh\u00e2n m\u00f4 tr\u00ean to\u00e0n qu\u1ed1c, \u0111\u1eb7c bi\u1ec7t hi\u1ec7u qu\u1ea3 \u1edf c\u00e1c v\u00f9ng kh\u00ed h\u1eadu kh\u1eafc nghi\u1ec7t, ch\u1ecbu \u1ea3nh h\u01b0\u1edfng m\u1ea1nh c\u1ee7a gi\u00f3 t\u00e2y nam kh\u00f4 n\u00f3ng v\u00e0 gi\u00f3 m\u00f9a \u0111\u00f4ng b\u1eafc l\u1ea1nh.<\/p>\n<table width=\"100%\">\n<tbody>\n<tr>\n<td>\u0110I\u1ec0U KI\u1ec6N \u1ee8NG D\u1ee4NG<\/td>\n<\/tr>\n<\/tbody>\n<\/table>\n<p>V\u01b0\u1eddn \u01b0\u01a1m c\u00e2y gi\u1ed1ng l\u00e2m nghi\u1ec7p c\u00f3 c\u00f4ng su\u1ea5t s\u1ea3n xu\u1ea5t t\u1eeb 200.000 \u0111\u1ebfn tr\u00ean 1.000.000 c\u00e2y gi\u1ed1ng\/n\u0103m g\u1ed3m c\u00e1c lo\u00e0i c\u00e2y m\u1ecdc nhanh (Keo, B\u1ea1ch \u0111\u00e0n, w&#8230;) v\u00e0 c\u00e2y b\u1ea3n \u0111\u1ecba ph\u00f9 h\u1ee3p \u0111\u1ec3 \u00e1p d\u1ee5ng ti\u1ebfn b\u1ed9 k\u1ef9 thu\u1eadt.<\/p>\n","protected":false},"excerpt":{"rendered":"<p>&nbsp; TH\u00d4NG TIN CHUNG C\u00f4ng nh\u1eadn t\u1ea1i Quy\u1ebft \u0111\u1ecbnh s\u00f4\u0301 192a\/Q\u0110-TCLN-KH&amp;HTQT ng\u00e0y 4 th\u00e1ng 5 n\u0103m 2015 c\u1ee7a T\u1ed5ng c\u1ee5c l\u00e2m nghi\u1ec7p T\u00e1c gi\u1ea3: L\u00ea Xu\u00e2n Ph\u00fac N\u1ed8I DUNG CH\u00cdNH Nh\u00e0 gi\u00e2m hom c\u00e2y l\u00e2m nghi\u1ec7p c\u1ea3i ti\u1ebfn (vi\u1ebft t\u1eaft l\u00e0 NGH) c\u00f3 c\u00e1c ti\u1ebfn b\u1ed9 m\u1edbi sau \u0111\u00e2y: C\u00f4ng ngh\u1ec7 che s\u00e1ng di \u0111\u1ed9ng [&hellip;]<\/p>\n","protected":false},"author":2,"featured_media":0,"parent":0,"menu_order":0,"comment_status":"closed","ping_status":"closed","template":"","meta":[],"_links":{"self":[{"href":"https:\/\/vafs.gov.vn\/vn\/wp-json\/wp\/v2\/pages\/21290"}],"collection":[{"href":"https:\/\/vafs.gov.vn\/vn\/wp-json\/wp\/v2\/pages"}],"about":[{"href":"https:\/\/vafs.gov.vn\/vn\/wp-json\/wp\/v2\/types\/page"}],"author":[{"embeddable":true,"href":"https:\/\/vafs.gov.vn\/vn\/wp-json\/wp\/v2\/users\/2"}],"replies":[{"embeddable":true,"href":"https:\/\/vafs.gov.vn\/vn\/wp-json\/wp\/v2\/comments?post=21290"}],"version-history":[{"count":3,"href":"https:\/\/vafs.gov.vn\/vn\/wp-json\/wp\/v2\/pages\/21290\/revisions"}],"predecessor-version":[{"id":21296,"href":"https:\/\/vafs.gov.vn\/vn\/wp-json\/wp\/v2\/pages\/21290\/revisions\/21296"}],"wp:attachment":[{"href":"https:\/\/vafs.gov.vn\/vn\/wp-json\/wp\/v2\/media?parent=21290"}],"curies":[{"name":"wp","href":"https:\/\/api.w.org\/{rel}","templated":true}]}}