{"id":21266,"date":"2021-08-31T09:45:05","date_gmt":"2021-08-31T02:45:05","guid":{"rendered":"http:\/\/vafs.gov.vn\/vn\/?page_id=21266"},"modified":"2021-08-31T09:45:05","modified_gmt":"2021-08-31T02:45:05","slug":"ky-thuat-len-lip-bon-phan-va-mat-do-thich-hop-trong-rung-keo-luoi-liem-tren-cat-noi-dong-vung-bac-trung-bo","status":"publish","type":"page","link":"https:\/\/vafs.gov.vn\/vn\/ky-thuat-len-lip-bon-phan-va-mat-do-thich-hop-trong-rung-keo-luoi-liem-tren-cat-noi-dong-vung-bac-trung-bo\/","title":{"rendered":"K\u1ef9 thu\u1eadt l\u00ean l\u00edp, b\u00f3n ph\u00e2n v\u00e0 m\u1eadt \u0111\u1ed9 th\u00edch h\u1ee3p tr\u1ed3ng r\u1eebng Keo l\u01b0\u1ee1i li\u1ec1m tr\u00ean c\u00e1t n\u1ed9i \u0111\u1ed3ng v\u00f9ng B\u1eafc Trung B\u1ed9"},"content":{"rendered":"<p><strong>TH\u00d4NG TIN CHUNG<\/strong><\/p>\n<ul>\n<li>C\u00f4ng nh\u1eadn t\u1ea1i Q\u0110 s\u1ed1 194a\/Q\u0110 &#8211; TCLN-KH&amp;HTQT ng\u00e0y 5 th\u00e1ng 5 n\u0103m 2015 c\u1ee7a T\u1ed5ng c\u1ee5c L\u00e2m nghi\u1ec7p.<\/li>\n<li>T\u00e1c gi\u1ea3: Nguy\u1ec5n Th\u1ecb Li\u1ec7u<\/li>\n<\/ul>\n<table width=\"100%\">\n<tbody>\n<tr>\n<td><strong>N\u1ed8I DUNG CH\u00cdNH<\/strong><\/td>\n<\/tr>\n<\/tbody>\n<\/table>\n<h3><a name=\"_Toc70512272\"><\/a>1. Bi\u1ec7n ph\u00e1p k\u1ef9 thu\u1eadt l\u00e0m \u0111\u1ea5t tr\u1ed3ng r\u1eebng \u2013 l\u00ean l\u00edp \u0111\u01a1n v\u00e0 l\u00edp \u0111\u00f4i cao 0,4m<\/h3>\n<ul>\n<li>Ph\u01b0\u01a1ng th\u1ee9c l\u00e0m \u0111\u1ea5t: C\u00e0y to\u00e0n di\u1ec7n b\u1eb1ng m\u00e1y, t\u1ea1o \u0111\u01b0\u1ee3c s\u1ef1 t\u01a1i x\u1ed1p v\u00e0 tho\u00e1ng kh\u00ed cho \u0111\u1ea5t, thu\u1eadn ti\u1ec7n trong vi\u1ec7c l\u00ean l\u00edp.<\/li>\n<\/ul>\n<h4>&#8211;\u00a0\u00a0\u00a0\u00a0\u00a0\u00a0\u00a0\u00a0 K\u1ef9 thu\u1eadt l\u00ean l\u00edp:<\/h4>\n<ul>\n<li>L\u00e0m \u0111\u1ea5t c\u01a1 gi\u1edbi: l\u00ean l\u00edp \u0111\u00f4i cao 0,4m. K\u00edch th\u01b0\u1edbc l\u00edp \u0111\u00f4i: R\u1ed9ng 4m, cao 0,4m, r\u00e3nh l\u00edp 2m. Tr\u00ean l\u00edp tr\u1ed3ng 02 h\u00e0ng c\u00e2y, h\u00e0ng c\u00e1ch h\u00e0ng 3m, c\u00e1ch m\u00e9p l\u00edp 0,5m, c\u00e2y c\u00e1ch c\u00e2y 2m. (T\u1ed5ng chi\u1ec1u r\u1ed9ng l\u00edp v\u00e0 r\u00e3nh l\u00edp l\u00e0 4m + 2m = 6m, tr\u1ed3ng 02 h\u00e0ng c\u00e2y, \u0111\u1ea3m b\u1ea3o kho\u1ea3ng c\u00e1ch b\u00ecnh qu\u00e2n gi\u1eefa c\u00e1c h\u00e0ng c\u00e2y l\u00e0 3m).<\/li>\n<li>L\u00e0m \u0111\u1ea5t b\u1eb1ng c\u00e0y th\u1ee7 c\u00f4ng: \u0110\u1ed9 cao c\u1ee7a l\u00edp t\u1ed1i thi\u1ec3u 0,4m. K\u00edch th\u01b0\u1edbc l\u00edp \u0111\u01a1n: R\u1ed9ng l\u00edp 1,5m, cao 0,4m, r\u00e3nh l\u00edp 1,5m, tr\u00ean l\u00edp tr\u1ed3ng 1 h\u00e0ng c\u00e2y ngay gi\u1eefa l\u00edp (t\u1ed5ng chi\u1ec1u r\u1ed3ng l\u00edp v\u00e0 r\u00e3nh l\u00edp = 1,5m +1,5m = 3m, tr\u1ed3ng 01 h\u00e0ng c\u00e2y \u0111\u1ea3m b\u1ea3o kho\u1ea3ng c\u00e1ch gi\u1eefa c\u00e1c h\u00e0ng l\u00e0 3m).<\/li>\n<li>Th\u1eddi v\u1ee5 l\u00e0m \u0111\u1ea5t: Trong \u0111i\u1ec1u ki\u1ec7n th\u1eddi ti\u1ebft v\u00f9ng B\u1eafc Trung B\u1ed9 l\u00e0m \u0111\u1ea5t v\u00e0o cu\u1ed1i m\u00f9a m\u01b0a l\u0169 trung tu\u1ea7n th\u00e1ng 11, chu\u1ea9n b\u1ecb tr\u1ed3ng r\u1eebng.<\/li>\n<\/ul>\n<h3><a name=\"_Toc70512273\"><\/a>2. Ph\u01b0\u01a1ng th\u1ee9c tr\u1ed3ng thu\u1ea7n lo\u00e0i \u2013 M\u1eadt \u0111\u1ed9 tr\u1ed3ng 1.650 c\u00e2y\/ha<\/h3>\n<ul>\n<li>Tr\u1ed3ng tr\u00ean l\u00edp \u0111\u00f4i, tr\u00ean l\u00edp tr\u1ed3ng 2 h\u00e0ng, h\u00e0ng c\u00e1ch h\u00e0ng 3m, c\u00e2y c\u00e1ch c\u00e2y 2m, c\u00e1ch m\u00e9p l\u00edp 0,5m.<\/li>\n<li>Tr\u1ed3ng tr\u00ean l\u00edp \u0111\u01a1n (ch\u1ec9 n\u00ean \u00e1p d\u1ee5ng khi l\u00e0m \u0111\u1ea5t th\u1ee7 c\u00f4ng), l\u00edp r\u1ed9ng 1,5m, cao 0,4m, r\u00e3nh l\u00edp r\u1ed9ng 1,5m, tr\u00ean l\u00edp tr\u1ed3ng 1 h\u00e0ng, c\u00e2y c\u00e1ch c\u00e2y 2m.<\/li>\n<\/ul>\n<h3><a name=\"_Toc70512274\"><\/a>3. K\u1ef9 thu\u1eadt B\u00f3n l\u00f3t<\/h3>\n<p>K\u1ef9 thu\u1eadt b\u00f3n ph\u00e2n vi sinh: B\u00f3n 200 gam ph\u00e2n vi sinh\/h\u1ed1 (k\u00edch th\u01b0\u1edbc h\u1ed1 30cmx30cmx30cm), tr\u1ed9n ph\u00e2n, l\u1ea5p h\u1ed1 tr\u01b0\u1edbc khi tr\u1ed3ng \u00edt nh\u1ea5t 15 ng\u00e0y.<\/p>\n<table width=\"100%\">\n<tbody>\n<tr>\n<td>\u0110\u1ecaA \u0110I\u1ec2M \u1ee8NG D\u1ee4NG<\/td>\n<\/tr>\n<\/tbody>\n<\/table>\n<p>TBKT m\u1edbi \u0111\u01b0\u1ee3c \u00e1p d\u1ee5ng trong tr\u1ed3ng r\u1eebng tr\u00ean c\u00e1t n\u1ed9i \u0111\u1ed3ng v\u00f9ng B\u1eafc Trung B\u1ed9 ho\u1eb7c c\u00e1c v\u00f9ng kh\u00e1c c\u00f3 \u0111i\u1ec1u ki\u1ec7n t\u01b0\u01a1ng t\u1ef1.<\/p>\n<table width=\"100%\">\n<tbody>\n<tr>\n<td>\u0110I\u1ec0U KI\u1ec6N \u1ee8NG D\u1ee4NG<\/td>\n<\/tr>\n<\/tbody>\n<\/table>\n<p>V\u00f9ng c\u00f3 \u0111\u1ea5t chua, \u00fang ng\u1eadp v\u00e0o m\u00f9a m\u01b0a, c\u00e1t bay c\u1ee5c b\u1ed9 v\u00e0o m\u00f9a kh\u00f4, \u0111\u1ea5t ngh\u00e8o dinh d\u01b0\u1ee1ng, t\u1ef7 l\u1ec7 c\u00e1t cao.<\/p>\n","protected":false},"excerpt":{"rendered":"<p>TH\u00d4NG TIN CHUNG C\u00f4ng nh\u1eadn t\u1ea1i Q\u0110 s\u1ed1 194a\/Q\u0110 &#8211; TCLN-KH&amp;HTQT ng\u00e0y 5 th\u00e1ng 5 n\u0103m 2015 c\u1ee7a T\u1ed5ng c\u1ee5c L\u00e2m nghi\u1ec7p. T\u00e1c gi\u1ea3: Nguy\u1ec5n Th\u1ecb Li\u1ec7u N\u1ed8I DUNG CH\u00cdNH 1. Bi\u1ec7n ph\u00e1p k\u1ef9 thu\u1eadt l\u00e0m \u0111\u1ea5t tr\u1ed3ng r\u1eebng \u2013 l\u00ean l\u00edp \u0111\u01a1n v\u00e0 l\u00edp \u0111\u00f4i cao 0,4m Ph\u01b0\u01a1ng th\u1ee9c l\u00e0m \u0111\u1ea5t: C\u00e0y to\u00e0n di\u1ec7n [&hellip;]<\/p>\n","protected":false},"author":2,"featured_media":0,"parent":0,"menu_order":0,"comment_status":"closed","ping_status":"closed","template":"","meta":[],"_links":{"self":[{"href":"https:\/\/vafs.gov.vn\/vn\/wp-json\/wp\/v2\/pages\/21266"}],"collection":[{"href":"https:\/\/vafs.gov.vn\/vn\/wp-json\/wp\/v2\/pages"}],"about":[{"href":"https:\/\/vafs.gov.vn\/vn\/wp-json\/wp\/v2\/types\/page"}],"author":[{"embeddable":true,"href":"https:\/\/vafs.gov.vn\/vn\/wp-json\/wp\/v2\/users\/2"}],"replies":[{"embeddable":true,"href":"https:\/\/vafs.gov.vn\/vn\/wp-json\/wp\/v2\/comments?post=21266"}],"version-history":[{"count":1,"href":"https:\/\/vafs.gov.vn\/vn\/wp-json\/wp\/v2\/pages\/21266\/revisions"}],"predecessor-version":[{"id":21267,"href":"https:\/\/vafs.gov.vn\/vn\/wp-json\/wp\/v2\/pages\/21266\/revisions\/21267"}],"wp:attachment":[{"href":"https:\/\/vafs.gov.vn\/vn\/wp-json\/wp\/v2\/media?parent=21266"}],"curies":[{"name":"wp","href":"https:\/\/api.w.org\/{rel}","templated":true}]}}