{"id":21263,"date":"2021-08-31T09:43:20","date_gmt":"2021-08-31T02:43:20","guid":{"rendered":"http:\/\/vafs.gov.vn\/vn\/?page_id=21263"},"modified":"2021-08-31T09:43:20","modified_gmt":"2021-08-31T02:43:20","slug":"ky-thuat-quan-ly-vat-lieu-huu-co-sau-khai-thac-va-su-dung-phan-lan-trong-trong-rung-keo-o-cac-chu-ky-sau-tai-trung-bo-va-dong-nam-bo","status":"publish","type":"page","link":"https:\/\/vafs.gov.vn\/vn\/ky-thuat-quan-ly-vat-lieu-huu-co-sau-khai-thac-va-su-dung-phan-lan-trong-trong-rung-keo-o-cac-chu-ky-sau-tai-trung-bo-va-dong-nam-bo\/","title":{"rendered":"K\u1ef9 thu\u1eadt qu\u1ea3n l\u00fd v\u1eadt li\u1ec7u h\u1eefu c\u01a1 sau khai th\u00e1c v\u00e0 s\u1eed d\u1ee5ng ph\u00e2n L\u00e2n trong tr\u1ed3ng r\u1eebng keo \u1edf c\u00e1c chu k\u1ef3 sau t\u1ea1i Trung B\u1ed9 v\u00e0 \u0110\u00f4ng Nam B\u1ed9"},"content":{"rendered":"<p><strong>TH\u00d4NG TIN CHUNG<\/strong><\/p>\n<ul>\n<li>C\u00f4ng nh\u1eadn t\u1ea1i Q\u0110 s\u1ed1 195a\/Q\u0110-TCLN-KH&amp;HTQT ng\u00e0y 6 th\u00e1ng 5 n\u0103m 2015 c\u1ee7a T\u1ed5ng c\u1ee5c L\u00e2m nghi\u1ec7p.<\/li>\n<li>T\u00e1c gi\u1ea3: Ph\u1ea1m Th\u1ebf D\u0169ng, Ki\u1ec1u Tu\u1ea5n \u0110\u1ea1t, V\u0169 \u0110\u00ecnh H\u01b0\u1edfng, L\u00ea Thanh Quang, Ph\u1ea1m V\u0103n B\u1ed1n v\u00e0 Nguy\u1ec5n Thanh B\u00ecnh.<\/li>\n<\/ul>\n<table width=\"100%\">\n<tbody>\n<tr>\n<td><strong>N\u1ed8I DUNG CH\u00cdNH<\/strong><\/td>\n<\/tr>\n<\/tbody>\n<\/table>\n<h3><a name=\"_Toc70512268\"><\/a>1. K\u1ef9 thu\u1eadt gi\u1eef l\u1ea1i v\u1eadt li\u1ec7u h\u1eefu c\u01a1 sau khai th\u00e1c<\/h3>\n<p>V\u1eadt li\u1ec7u h\u1eefu c\u01a1 sau khai th\u00e1c bao g\u1ed3m: (i) T\u1ea5t c\u1ea3 c\u00e0nh, nh\u00e1nh, ng\u1ecdn c\u00e2y c\u00f3 \u0111\u01b0\u1eddng k\u00ednh \u2264 5cm, l\u00e1 c\u00e2y sau khi khai th\u00e1c r\u1eebng \u0111\u00e3 l\u1ea5y \u0111i ph\u1ea7n ch\u00ednh (ph\u1ea7n th\u01b0\u01a1ng ph\u1ea9m) c\u1ee7a c\u00e2y; (ii) C\u00e2y b\u1ee5i, th\u1ea3m t\u01b0\u01a1i d\u01b0\u1edbi t\u00e1n r\u1eebng tr\u1ed3ng. T\u1ea5t c\u1ea3 \u0111\u01b0\u1ee3c c\u1eaft ng\u1eafn \u2264 1m v\u00e0 r\u1ea3i \u0111\u1ec1u tr\u00ean m\u1eb7t \u0111\u1ea5t. Quy tr\u00ecnh \u00e1p d\u1ee5ng nh\u01b0 sau:<\/p>\n<ul>\n<li>Khi khai th\u00e1c r\u1eebng lu\u00e2n k\u1ef3 tr\u01b0\u1edbc, kh\u1ec9 khai th\u00e1c ph\u1ea7n s\u1ea3n ph\u1ea9m ch\u00ednh bao g\u1ed3m c\u00e2y g\u1ed7, c\u00e0nh l\u1edbn c\u00f3 \u0111\u01b0\u1eddng k\u00ednh &gt; 5cm.<\/li>\n<li>\u0110\u1ec3 l\u1ea1i t\u1ea5t c\u1ea3 v\u1eadt li\u1ec7u h\u1eefu c\u01a1 sau khai th\u00e1c (VLHCSKT) bao g\u1ed3m: c\u00e0nh nh\u00e1nh, c\u00e2y nh\u1ecf c\u00f3 \u0111\u01b0\u1eddng k\u00ednh \u2264 5cm, l\u00e1 c\u00e2y, c\u00e2y b\u1ee5i d\u01b0\u1edbi t\u00e1n r\u1eebng, k\u1ec3 c\u1ea3 v\u1ecf c\u00e2y sau khi l\u1ea5y th\u00e2n c\u00e2y n\u1ebfu l\u00e0m nguy\u00ean li\u1ec7u gi\u1ea5y.<\/li>\n<li>T\u1ea5t c\u1ea3 VLHCSKT tr\u00ean \u0111\u01b0\u1ee3c ch\u1eb7t v\u00e0 c\u1eaft ng\u1eafn kho\u00e0ng \u2264 1m, sau \u0111\u00f3 r\u1ea3i \u0111\u1ec1u tr\u00ean to\u00e0n b\u1ed9 di\u1ec7n t\u00edch d\u1ef1 ki\u1ebfn tr\u1ed3ng r\u1eebng, kh\u00f4ng ch\u1ea5t th\u00e0nh \u0111\u1ed1ng l\u1edbn.<\/li>\n<li>H\u1ea1n ch\u1ebf s\u1eed d\u1ee5ng xe t\u1ea3i n\u1eb7ng, m\u00e1y m\u00f3c v\u1eadn chuy\u1ec3n \u0111i v\u00e0o r\u1eebng trong qu\u00e1 tr\u00ecnh khai th\u00e1c \u0111\u1ec3 tr\u00e1nh l\u00e0m \u201cn\u00e9n\u201d \u0111\u1ea5t.<\/li>\n<li>Tuy\u1ec7t \u0111\u1ed1i kh\u00f4ng \u0111\u1ed1t VLHCSKT.<\/li>\n<li>C\u0103n c\u1ee9 v\u1ecb tr\u00ed c\u00e2y \u0111\u00e3 \u0111\u01b0\u1ee3c thi\u1ebft k\u1ebf tr\u1ed3ng, t\u1ea1o kho\u1ea3ng tr\u1ed1ng v\u1edbi b\u00e1n k\u00ednh 50 cm t\u1eeb t\u00e2m h\u1ed1 tr\u1ed3ng, kh\u00f4ng c\u00f3 VLHCSKT \u0111\u1ec3 cu\u1ed1c h\u1ed1 b\u00f3n ph\u00e2n.<\/li>\n<\/ul>\n<h3><a name=\"_Toc70512269\"><\/a>2. K\u1ef9 thu\u1eadt b\u00f3n ph\u00e2n l\u00e2n<\/h3>\n<ul>\n<li>L\u01b0\u1ee3ng L\u00e2m quy \u0111\u1ed5i ra nguy\u00ean t\u1ed1 t\u1ed1i \u0111a kho\u1ea3ng 50kg L\u00e2n\/ha (t\u01b0\u01a1ng \u1ee9ng v\u1edbi kho\u1ea3ng 684 kg\/ha ph\u00e2n th\u01b0\u01a1ng ph\u1ea9m, kh\u00f4ng c\u00f3 VLHCSKT \u0111\u1ec3 cu\u1ed1c h\u1ed1, b\u00f3n ph\u00e2n.<\/li>\n<li>K\u1ef9 thu\u1eadt b\u00f3n: Khi b\u00f3n, tr\u1ed9n \u0111\u1ec1u h\u1ed7n h\u1ee3p \u0111\u1ea5t v\u00e0 ph\u00e2n, l\u1ea5p \u0111\u1ea5t tr\u1edf l\u1ea1i tr\u01b0\u1edbc khi tr\u1ed3ng 5-10 ng\u00e0y.<\/li>\n<li>Kh\u00f4ng di chuy\u1ec3n, thu d\u1ecdn l\u1edbp th\u1ef1c v\u1eadt, c\u00e0nh l\u00e1 c\u00e2y, qu\u1ea3 kh\u00f4, vv\u2026 t\u1ea5t c\u1ea3 c\u00e1c lo\u1ea1i v\u1eadt r\u1ee5ng d\u01b0\u1edbi t\u00e1n r\u1eebng. Kh\u00f4ng s\u1eed d\u1ee5ng bi\u1ec7n ph\u00e1p \u201c\u0111\u1ed1t tr\u01b0\u1edbc\u201d d\u01b0\u1edbi t\u00e1n r\u1eebng \u0111\u1ec3 ph\u00f2ng ch\u1ed1ng ch\u00e1y. B\u1ea3o v\u1ec7 r\u1eebng tr\u00e1nh nguy c\u01a1 ch\u00e1y r\u1eebng nh\u1ea5t l\u00e0 v\u00e0o n\u0103m \u0111\u1ea7u ti\u00ean khi VLHCSKT ch\u01b0a ph\u00e2n h\u1ee7y h\u1ebft.<\/li>\n<\/ul>\n<table width=\"100%\">\n<tbody>\n<tr>\n<td>\u0110\u1ecaA \u0110I\u1ec2M \u1ee8NG D\u1ee4NG<\/td>\n<\/tr>\n<\/tbody>\n<\/table>\n<p>R\u1eebng tr\u1ed3ng c\u00e1c lo\u00e0i keo (Keo l\u00e1 tr\u00e0m, Keo lai) \u1edf c\u00e1c t\u1ec9nh mi\u1ec1n Trung v\u00e0 \u0110\u00f4ng Nam B\u1ed9.<\/p>\n<table width=\"100%\">\n<tbody>\n<tr>\n<td>\u0110I\u1ec0U KI\u1ec6N \u1ee8NG D\u1ee4NG<\/td>\n<\/tr>\n<\/tbody>\n<\/table>\n<ul>\n<li>R\u1eebng tr\u1ed3ng hi\u1ec7n c\u00f3 chu\u1ea9n b\u1ecb khai th\u00e1c \u0111\u1ec3 tr\u1ed3ng l\u1ea1i c\u00e1c lu\u00e2n k\u1ef3 sau ho\u1eb7c r\u1eebng t\u1ef1 nhi\u00ean ngh\u00e8o ki\u1ec7t \u0111\u01b0\u1ee3c chuy\u1ec3n \u0111\u1ed5i \u0111\u1ec3 tr\u1ed3ng r\u1eebng m\u1edbi. Khi khai th\u00e1c, s\u1ebd s\u1eed d\u1ee5ng VLHCSKT \u0111\u1ec3 b\u1ea3o v\u1ec7 \u0111\u1ea5t.<\/li>\n<li>M\u1ee9c b\u00f3n t\u1ed1i \u0111a kh\u00f4ng v\u01b0\u1ee3t qu\u00e1 50kg L\u00e2m (nguy\u00ean t\u1ed1)\/ha ho\u1eb7c ph\u00e2n L\u00e2m P<sub>2<\/sub>O<sub>5<\/sub> (16%) t\u01b0\u01a1ng \u0111\u01b0\u01a1ng 300g\/c\u00e2y \u0111\u1ed1i v\u1edbi Keo l\u00e1 tr\u00e0m v\u00e0 555g\/c\u00e2y \u0111\u1ed1i v\u1edbi Keo lai.<\/li>\n<\/ul>\n","protected":false},"excerpt":{"rendered":"<p>TH\u00d4NG TIN CHUNG C\u00f4ng nh\u1eadn t\u1ea1i Q\u0110 s\u1ed1 195a\/Q\u0110-TCLN-KH&amp;HTQT ng\u00e0y 6 th\u00e1ng 5 n\u0103m 2015 c\u1ee7a T\u1ed5ng c\u1ee5c L\u00e2m nghi\u1ec7p. T\u00e1c gi\u1ea3: Ph\u1ea1m Th\u1ebf D\u0169ng, Ki\u1ec1u Tu\u1ea5n \u0110\u1ea1t, V\u0169 \u0110\u00ecnh H\u01b0\u1edfng, L\u00ea Thanh Quang, Ph\u1ea1m V\u0103n B\u1ed1n v\u00e0 Nguy\u1ec5n Thanh B\u00ecnh. N\u1ed8I DUNG CH\u00cdNH 1. K\u1ef9 thu\u1eadt gi\u1eef l\u1ea1i v\u1eadt li\u1ec7u h\u1eefu c\u01a1 sau khai [&hellip;]<\/p>\n","protected":false},"author":2,"featured_media":0,"parent":0,"menu_order":0,"comment_status":"closed","ping_status":"closed","template":"","meta":[],"_links":{"self":[{"href":"https:\/\/vafs.gov.vn\/vn\/wp-json\/wp\/v2\/pages\/21263"}],"collection":[{"href":"https:\/\/vafs.gov.vn\/vn\/wp-json\/wp\/v2\/pages"}],"about":[{"href":"https:\/\/vafs.gov.vn\/vn\/wp-json\/wp\/v2\/types\/page"}],"author":[{"embeddable":true,"href":"https:\/\/vafs.gov.vn\/vn\/wp-json\/wp\/v2\/users\/2"}],"replies":[{"embeddable":true,"href":"https:\/\/vafs.gov.vn\/vn\/wp-json\/wp\/v2\/comments?post=21263"}],"version-history":[{"count":1,"href":"https:\/\/vafs.gov.vn\/vn\/wp-json\/wp\/v2\/pages\/21263\/revisions"}],"predecessor-version":[{"id":21265,"href":"https:\/\/vafs.gov.vn\/vn\/wp-json\/wp\/v2\/pages\/21263\/revisions\/21265"}],"wp:attachment":[{"href":"https:\/\/vafs.gov.vn\/vn\/wp-json\/wp\/v2\/media?parent=21263"}],"curies":[{"name":"wp","href":"https:\/\/api.w.org\/{rel}","templated":true}]}}