{"id":21250,"date":"2021-08-31T09:30:52","date_gmt":"2021-08-31T02:30:52","guid":{"rendered":"http:\/\/vafs.gov.vn\/vn\/?page_id=21250"},"modified":"2021-08-31T09:30:52","modified_gmt":"2021-08-31T02:30:52","slug":"quy-trinh-san-xuat-che-pham-sinh-hoc-phan-huy-nhanh-vat-lieu-chay-duoi-tan-rung-thong","status":"publish","type":"page","link":"https:\/\/vafs.gov.vn\/vn\/quy-trinh-san-xuat-che-pham-sinh-hoc-phan-huy-nhanh-vat-lieu-chay-duoi-tan-rung-thong\/","title":{"rendered":"Quy tr\u00ecnh s\u1ea3n xu\u1ea5t ch\u1ebf ph\u1ea9m sinh h\u1ecdc ph\u00e2n h\u1ee7y nhanh v\u1eadt li\u1ec7u ch\u00e1y d\u01b0\u1edbi t\u00e1n r\u1eebng th\u00f4ng"},"content":{"rendered":"<p>&nbsp;<\/p>\n<table width=\"100%\">\n<tbody>\n<tr>\n<td><strong>TH\u00d4NG TIN CHUNG<\/strong><\/td>\n<\/tr>\n<\/tbody>\n<\/table>\n<ul>\n<li>C\u00f4ng nh\u1eadn t\u1ea1i Q\u0110 s\u1ed1 783\/Q\u0110-BNN-KHCN ng\u00e0y 25 th\u00e1ng 2 n\u0103m 2021 c\u1ee7a B\u1ed9 N\u00f4ng nghi\u1ec7p v\u00e0 Ph\u00e1t tri\u1ec3n n\u00f4ng th\u00f4n.<\/li>\n<li>T\u00e1c gi\u1ea3: V\u0169 V\u0103n \u0110\u1ecbnh, Ph\u1ea1m Quang Thu, \u0110\u00e0o Ng\u1ecdc Quang, L\u00ea V\u0103n B\u00ecnh, \u0110\u1eb7ng Nh\u01b0 Qu\u1ef3nh, L\u00ea Th\u1ecb Xu\u00e2n, Nguy\u1ec5n M\u1ea1nh H\u00e0, Tr\u1ea7n Nh\u1eadt T\u00e2n, Ph\u1ea1m V\u0103n Nh\u1eadt, Nguy\u1ec5n Th\u1ecb Loan, L\u00ea Th\u00e0nh C\u00f4ng, Nguy\u1ec5n Qu\u1ed1c Hi\u1ec7u.<\/li>\n<\/ul>\n<table width=\"100%\">\n<tbody>\n<tr>\n<td><strong>N\u1ed8I DUNG CH\u00cdNH<\/strong><\/td>\n<\/tr>\n<\/tbody>\n<\/table>\n<ul>\n<li>Th\u00e0nh ph\u1ea7n ch\u1ebf ph\u1ea9m g\u1ed3m: vi sinh v\u1eadt ph\u00e2n gi\u1ea3i xenlulo: Ch\u1ee7ng Penicillium sclerotiorum SSN5.3, Ch\u1ee7ng Talaromyces pinophilus HBN4.5, Ch\u1ee7ng Trichoderma citrinoviride LBN8.1; VSV sinh m\u00e0ng nh\u1ea7y: Ch\u1ee7ng Bacillus aryabhattai P16.1; Ch\u1ee7ng Paenibacillus jamilae P73 v\u00e0 c\u00e1c ch\u1ea5t mang; m\u1eadt \u0111\u1ed9 t\u1ebf b\u00e0o h\u1eefu hi\u1ec7u c\u1ee7a c\u1ee7a c\u00e1c ch\u1ee7ng VSV ph\u00e2n h\u1ee7y xenlulo \u0111\u1ea1t 10<sup>8<\/sup> CFU\/gam; m\u1eadt \u0111\u1ed9 t\u1ebf b\u00e0o h\u1eefu hi\u1ec7u c\u1ee7a c\u1ee7a c\u00e1c ch\u1ee7ng VSV sinh m\u00e0ng nh\u1ea7y \u0111\u1ea1t 10<sup>8<\/sup> CFU\/gam; \u0111\u1ed9 \u1ea9m ch\u1ebf ph\u1ea9m: 5-10%.<\/li>\n<li>Ch\u1ebf ph\u1ea9m c\u00f3 kh\u1ea3 n\u0103ng ph\u00e2n h\u1ee7y v\u1eadt li\u1ec7u ch\u00e1y d\u01b0\u1edbi t\u00e1n r\u1eebng th\u00f4ng \u0111\u1ea1t 70-73,7 sau 6 th\u00e1ng s\u1eed d\u1ee5ng. \u0110\u1ed9 \u1ea9m v\u1eadt li\u1ec7u ch\u00e1y t\u0103ng t\u1eeb 10,5-11,7%.<\/li>\n<li>Ch\u1ebf ph\u1ea9m s\u1eed d\u1ee5ng \u0111\u1ed1i v\u1edbi v\u1eadt li\u1ec7u ch\u00e1y theo h\u00ecnh th\u1ee9c gom v\u00e0 x\u1eed l\u00fd t\u1ea1i ch\u1ed7 v\u00e0o \u0111\u1ea7u m\u00f9a m\u01b0a<\/li>\n<li>S\u1eed d\u1ee5ng cho v\u1eadt li\u1ec7u ch\u00e1y d\u01b0\u1edbi t\u00e1n r\u1eebng th\u00f4ng, gi\u00fap ph\u00e2n h\u1ee7y v\u1eadt li\u1ec7u ch\u00e1y th\u00e0nh ch\u1ea5t h\u1eefu c\u01a1, t\u0103ng \u0111\u1ed9 \u1ea9m cho v\u1eadt li\u1ec7u ch\u00e1y nh\u1eb1m h\u1ea1n ch\u1ebf kh\u1ea3 n\u0103ng ch\u00e1y r\u1eebng t\u0103ng h\u00e0m l\u01b0\u1ee3ng dinh d\u01b0\u1ee1ng v\u00e0 h\u00e0m l\u01b0\u1ee3ng m\u00f9n cho \u0111\u1ea5t, g\u00f3p ph\u1ea7n b\u1ea3o v\u1ec7 m\u00f4i tr\u01b0\u1eddng sinh th\u00e1i, ch\u1ed1ng x\u00f3i m\u00f2n r\u1eeda tr\u00f4i v\u00e0 c\u1ea3i thi\u1ec7n t\u00ednh ch\u1ea5t l\u00fd, h\u00f3a h\u1ecdc \u0111\u1ea5t.<\/li>\n<li>S\u1eed d\u1ee5ng ch\u1ebf ph\u1ea9m sinh h\u1ecdc theo \u0111\u01b0\u1eddng b\u0103ng, m\u1ed7i ha v\u1eadt li\u1ec7u ch\u00e1y v\u1edbi li\u1ec1u l\u01b0\u1ee3ng 0,5% ch\u1ebf ph\u1ea9m sinh h\u1ecdc (40-60 kg) chi ph\u00ed 2-3 tr \u0111\u1ed3ng gi\u1ea3m chi ph\u00ed so v\u1edbi ph\u01b0\u01a1ng ph\u00e1p ph\u00f2ng ch\u00e1y r\u1eebng truy\u1ec1n th\u1ed1ng kho\u1ea3ng 3 tri\u1ec7u \u0111\u1ed3ng.<\/li>\n<\/ul>\n<table width=\"100%\">\n<tbody>\n<tr>\n<td>\u0110\u1ecaA \u0110I\u1ec2M \u1ee8NG D\u1ee4NG<\/td>\n<\/tr>\n<\/tbody>\n<\/table>\n<p>R\u1eebng tr\u1ed3ng th\u00f4ng c\u1ea3 n\u01b0\u1edbc.<\/p>\n<table width=\"100%\">\n<tbody>\n<tr>\n<td>\u0110I\u1ec0U KI\u1ec6N \u1ee8NG D\u1ee4NG<\/td>\n<\/tr>\n<\/tbody>\n<\/table>\n<p>R\u1eebng tr\u1ed3ng th\u00f4ng<\/p>\n","protected":false},"excerpt":{"rendered":"<p>&nbsp; TH\u00d4NG TIN CHUNG C\u00f4ng nh\u1eadn t\u1ea1i Q\u0110 s\u1ed1 783\/Q\u0110-BNN-KHCN ng\u00e0y 25 th\u00e1ng 2 n\u0103m 2021 c\u1ee7a B\u1ed9 N\u00f4ng nghi\u1ec7p v\u00e0 Ph\u00e1t tri\u1ec3n n\u00f4ng th\u00f4n. T\u00e1c gi\u1ea3: V\u0169 V\u0103n \u0110\u1ecbnh, Ph\u1ea1m Quang Thu, \u0110\u00e0o Ng\u1ecdc Quang, L\u00ea V\u0103n B\u00ecnh, \u0110\u1eb7ng Nh\u01b0 Qu\u1ef3nh, L\u00ea Th\u1ecb Xu\u00e2n, Nguy\u1ec5n M\u1ea1nh H\u00e0, Tr\u1ea7n Nh\u1eadt T\u00e2n, Ph\u1ea1m V\u0103n Nh\u1eadt, Nguy\u1ec5n [&hellip;]<\/p>\n","protected":false},"author":2,"featured_media":0,"parent":0,"menu_order":0,"comment_status":"closed","ping_status":"closed","template":"","meta":[],"_links":{"self":[{"href":"https:\/\/vafs.gov.vn\/vn\/wp-json\/wp\/v2\/pages\/21250"}],"collection":[{"href":"https:\/\/vafs.gov.vn\/vn\/wp-json\/wp\/v2\/pages"}],"about":[{"href":"https:\/\/vafs.gov.vn\/vn\/wp-json\/wp\/v2\/types\/page"}],"author":[{"embeddable":true,"href":"https:\/\/vafs.gov.vn\/vn\/wp-json\/wp\/v2\/users\/2"}],"replies":[{"embeddable":true,"href":"https:\/\/vafs.gov.vn\/vn\/wp-json\/wp\/v2\/comments?post=21250"}],"version-history":[{"count":1,"href":"https:\/\/vafs.gov.vn\/vn\/wp-json\/wp\/v2\/pages\/21250\/revisions"}],"predecessor-version":[{"id":21251,"href":"https:\/\/vafs.gov.vn\/vn\/wp-json\/wp\/v2\/pages\/21250\/revisions\/21251"}],"wp:attachment":[{"href":"https:\/\/vafs.gov.vn\/vn\/wp-json\/wp\/v2\/media?parent=21250"}],"curies":[{"name":"wp","href":"https:\/\/api.w.org\/{rel}","templated":true}]}}