{"id":21244,"date":"2021-08-31T09:27:28","date_gmt":"2021-08-31T02:27:28","guid":{"rendered":"http:\/\/vafs.gov.vn\/vn\/?page_id=21244"},"modified":"2021-08-31T09:27:28","modified_gmt":"2021-08-31T02:27:28","slug":"quy-trinh-san-xuat-va-ung-dung-che-pham-vi-sinh-vat-hon-hop-dang-vien-nen-mf1-ap-dung-cho-cay-thong-vung-dat-ngheo-chat-dinh-duong","status":"publish","type":"page","link":"https:\/\/vafs.gov.vn\/vn\/quy-trinh-san-xuat-va-ung-dung-che-pham-vi-sinh-vat-hon-hop-dang-vien-nen-mf1-ap-dung-cho-cay-thong-vung-dat-ngheo-chat-dinh-duong\/","title":{"rendered":"Quy tr\u00ecnh s\u1ea3n xu\u1ea5t v\u00e0 \u1ee9ng d\u1ee5ng ch\u1ebf ph\u1ea9m vi sinh v\u1eadt h\u1ed7n h\u1ee3p d\u1ea1ng vi\u00ean n\u00e9n MF1 \u00e1p d\u1ee5ng cho c\u00e2y th\u00f4ng v\u00f9ng \u0111\u1ea5t ngh\u00e8o ch\u1ea5t dinh d\u01b0\u1ee1ng"},"content":{"rendered":"<p>&nbsp;<\/p>\n<table width=\"100%\">\n<tbody>\n<tr>\n<td><strong>TH\u00d4NG TIN CHUNG<\/strong><\/td>\n<\/tr>\n<\/tbody>\n<\/table>\n<ul>\n<li>C\u00f4ng nh\u1eadn t\u1ea1i Q\u0110 s\u1ed1 3399\/Q\u0110-BNN-KHCN ng\u00e0y 24\/8\/2015 c\u1ee7a B\u1ed9 N\u00f4ng nghi\u1ec7p v\u00e0 Ph\u00e1t tri\u1ec3n n\u00f4ng th\u00f4n.<\/li>\n<li>T\u00e1c gi\u1ea3: Ph\u1ea1m Quang Thu, \u0110\u00e0o Ng\u1ecdc Quang, Tr\u1ea7n Thanh Tr\u0103ng, \u0110\u1eb7ng Nh\u01b0 Qu\u1ef3nh, Nguy\u1ec5n Th\u1ecb Th\u00fay Nga, Nguy\u1ec5n Quang D\u0169ng, L\u00ea Th\u1ecb Xu\u00e2n, L\u00ea V\u0103n B\u00ecnh, \u0110\u1eb7ng Thanh T\u00e2n v\u00e0 Nguy\u1ec5n M\u1ea1nh H\u00e0.<\/li>\n<\/ul>\n<table width=\"100%\">\n<tbody>\n<tr>\n<td><strong>N\u1ed8I DUNG CH\u00cdNH<\/strong><\/td>\n<\/tr>\n<\/tbody>\n<\/table>\n<ul>\n<li>Th\u00e0nh ph\u1ea7n ch\u1ebf ph\u1ea9m g\u1ed3m b\u00e0o t\u1eed n\u1ea5m c\u1ed9ng sinh v\u1edbi th\u00f4ng (Scleroderma areolatum; Pisolithus tinctorius); vi sinh v\u1eadt ph\u00e2n gi\u1ea3i l\u00e2n (Burkholderia tropicalis, ch\u1ee7ng P<sub>RH3<\/sub>); vi sinh v\u1eadt \u0111\u1ed1i kh\u00e1ng kh\u00e1nh b\u1ec7nh (Bacillus subtilis, ch\u1ee7ng NTXO2), \u0111\u1ed1i kh\u00e1ng n\u1ea5m Fusarium oxysporium g\u00e2y b\u1ec7nh th\u1ed1i c\u1ed5 r\u1ec5 th\u00f4ng; v\u00e0 ch\u1ea5t mang g\u1ed3m Apatit, ch\u1ea5t m\u00f9n, ch\u1ea5t gi\u1eef \u1ea9m v\u00e0 c\u00e1c th\u00e0nh ph\u1ea7n kh\u00e1c.<\/li>\n<li>Ch\u1ebf ph\u1ea9m vi sinh v\u1eadt h\u1ed7n h\u1ee3p d\u1ea1ng vi\u00ean n\u00e9n g\u00f3p ph\u1ea7n t\u00edch c\u1ef1c trong vi\u1ec7c n\u00e2ng cao n\u0103ng xu\u1ea5t r\u1eebng tr\u1ed3ng tr\u00ean c\u00e1c l\u1eadp \u0111\u1ecba tho\u00e1i h\u00f3a, ngh\u00e8o ch\u1ea5t dinh d\u01b0\u1ee1ng.<\/li>\n<li>Khi c\u00f3 ch\u1ebf ph\u1ea9m c\u00e1c c\u01a1 s\u1edf s\u1ea3n xu\u1ea5t ch\u1ee7 \u0111\u1ed9ng h\u01a1n trong vi\u1ec7c gieo \u01b0\u01a1m c\u00e2y con, \u0111\u1eb7c bi\u1ec7t l\u00e0 c\u00e1c lo\u00e0i th\u00f4ng, kh\u00f4ng ph\u1ea3i l\u1ea5y l\u1edbp \u0111\u1ea5t m\u00f9n r\u1eebng th\u00f4ng v\u1ec1 tr\u1ed9n v\u1edbi th\u00e0nh ph\u1ea7n c\u1ee7a ru\u1ed9t b\u1ea7u khi gieo \u01b0\u01a1m. \u0110i\u1ec1u n\u00e0y s\u1ebd gi\u1ea3m chi ph\u00ed cho s\u1ea3n xu\u1ea5t, kh\u00f4ng g\u00e2y h\u1ea1i cho c\u00e1c khu r\u1eebng kh\u00e1c b\u1ecb \u0111\u00e0o l\u1ea5y t\u1ea7ng \u0111\u1ea5t m\u1eb7t.<\/li>\n<li>Gi\u00e1 c\u1ea3 ch\u1ebf ph\u1ea9m vi sinh v\u1eadt c\u1ea1nh tranh so v\u1edbi th\u1ecb tr\u01b0\u1eddng. \u0110\u1ea7u t\u01b0 cho 1 ha r\u1eebng n\u1ebfu b\u00f3n ch\u1ebf ph\u1ea9m vi sinh l\u00e0 1.600.000 \u0111\u1ed3ng, n\u1ebfu b\u00f3n ph\u00e2n NPK gi\u1ed1ng nh\u01b0 tr\u1ed3ng r\u1eebng truy\u1ec1n th\u1ed1ng ph\u1ea3i \u0111\u1ea7u t\u01b0 l\u00e0 2.240.000 \u0111\u1ed3ng. Nh\u01b0 v\u1eady d\u00f9ng ch\u1ebf ph\u1ea9m vi sinh v\u1eadt \u0111\u00e3 ti\u1ebft ki\u1ec7m g\u1ea7n 30% chi ph\u00ed b\u00f3n ph\u00e2n tr\u1ed3ng r\u1eebng.<\/li>\n<\/ul>\n<table width=\"100%\">\n<tbody>\n<tr>\n<td>\u0110\u1ecaA \u0110I\u1ec2M \u1ee8NG D\u1ee4NG<\/td>\n<\/tr>\n<\/tbody>\n<\/table>\n<p>C\u00e1c v\u00f9ng tr\u1ed3ng Th\u00f4ng tr\u00ean \u0111\u1ea5t ngh\u00e8o ch\u1ea5t dinh d\u01b0\u1ee1ng.<\/p>\n<table width=\"100%\">\n<tbody>\n<tr>\n<td>\u0110I\u1ec0U KI\u1ec6N \u1ee8NG D\u1ee4NG<\/td>\n<\/tr>\n<\/tbody>\n<\/table>\n<p>V\u01b0\u1eddn \u01b0\u01a1m v\u00e0 r\u1eebng tr\u1ed3ng<\/p>\n","protected":false},"excerpt":{"rendered":"<p>&nbsp; TH\u00d4NG TIN CHUNG C\u00f4ng nh\u1eadn t\u1ea1i Q\u0110 s\u1ed1 3399\/Q\u0110-BNN-KHCN ng\u00e0y 24\/8\/2015 c\u1ee7a B\u1ed9 N\u00f4ng nghi\u1ec7p v\u00e0 Ph\u00e1t tri\u1ec3n n\u00f4ng th\u00f4n. T\u00e1c gi\u1ea3: Ph\u1ea1m Quang Thu, \u0110\u00e0o Ng\u1ecdc Quang, Tr\u1ea7n Thanh Tr\u0103ng, \u0110\u1eb7ng Nh\u01b0 Qu\u1ef3nh, Nguy\u1ec5n Th\u1ecb Th\u00fay Nga, Nguy\u1ec5n Quang D\u0169ng, L\u00ea Th\u1ecb Xu\u00e2n, L\u00ea V\u0103n B\u00ecnh, \u0110\u1eb7ng Thanh T\u00e2n v\u00e0 Nguy\u1ec5n M\u1ea1nh H\u00e0. [&hellip;]<\/p>\n","protected":false},"author":2,"featured_media":0,"parent":0,"menu_order":0,"comment_status":"closed","ping_status":"closed","template":"","meta":[],"_links":{"self":[{"href":"https:\/\/vafs.gov.vn\/vn\/wp-json\/wp\/v2\/pages\/21244"}],"collection":[{"href":"https:\/\/vafs.gov.vn\/vn\/wp-json\/wp\/v2\/pages"}],"about":[{"href":"https:\/\/vafs.gov.vn\/vn\/wp-json\/wp\/v2\/types\/page"}],"author":[{"embeddable":true,"href":"https:\/\/vafs.gov.vn\/vn\/wp-json\/wp\/v2\/users\/2"}],"replies":[{"embeddable":true,"href":"https:\/\/vafs.gov.vn\/vn\/wp-json\/wp\/v2\/comments?post=21244"}],"version-history":[{"count":1,"href":"https:\/\/vafs.gov.vn\/vn\/wp-json\/wp\/v2\/pages\/21244\/revisions"}],"predecessor-version":[{"id":21245,"href":"https:\/\/vafs.gov.vn\/vn\/wp-json\/wp\/v2\/pages\/21244\/revisions\/21245"}],"wp:attachment":[{"href":"https:\/\/vafs.gov.vn\/vn\/wp-json\/wp\/v2\/media?parent=21244"}],"curies":[{"name":"wp","href":"https:\/\/api.w.org\/{rel}","templated":true}]}}