{"id":21232,"date":"2021-08-31T09:20:56","date_gmt":"2021-08-31T02:20:56","guid":{"rendered":"http:\/\/vafs.gov.vn\/vn\/?page_id=21232"},"modified":"2021-08-31T09:22:23","modified_gmt":"2021-08-31T02:22:23","slug":"ky-thuat-nhan-giong-cay-uoi-scaphium-macropodum-bang-phuong-phap-ghep","status":"publish","type":"page","link":"https:\/\/vafs.gov.vn\/vn\/ky-thuat-nhan-giong-cay-uoi-scaphium-macropodum-bang-phuong-phap-ghep\/","title":{"rendered":"K\u1ef9 thu\u1eadt nh\u00e2n gi\u1ed1ng c\u00e2y \u01af\u01a1i (Scaphium macropodum) b\u1eb1ng ph\u01b0\u01a1ng ph\u00e1p gh\u00e9p"},"content":{"rendered":"<p>&nbsp;<\/p>\n<table width=\"100%\">\n<tbody>\n<tr>\n<td><strong>TH\u00d4NG TIN CHUNG<\/strong><\/td>\n<\/tr>\n<\/tbody>\n<\/table>\n<ul>\n<li>C\u00f4ng nh\u1eadn t\u1ea1i Quy\u1ebft \u0111\u1ecbnh s\u1ed1 211\/Q\u0110-TCLN-KH&amp;HTQT ng\u00e0y 28\/6\/2018 cu\u0309a T\u00f4\u0309ng cu\u0323c L\u00e2m nghi\u00ea\u0323p.<\/li>\n<li>T\u00e1c gi\u1ea3: \u0110o\u00e0n \u0110\u00ecnh Tam, L\u00ea Qu\u1ed1c Huy.<\/li>\n<\/ul>\n<table width=\"100%\">\n<tbody>\n<tr>\n<td><strong>N\u1ed8I DUNG CH\u00cdNH<\/strong><\/td>\n<\/tr>\n<\/tbody>\n<\/table>\n<h3><a name=\"_Toc70512229\"><\/a>1. K\u1ef9 thu\u1eadt t\u1ea1o c\u00e2y l\u00e0m g\u1ed1c gh\u00e9p<\/h3>\n<ul>\n<li>Ngu\u1ed3n g\u1ed1c h\u1ea1t gi\u1ed1ng: Thu h\u00e1i h\u1ea1t t\u1eeb c\u00e2y m\u1eb9\/c\u00e2y tr\u1ed9i \u0111\u00e3 \u0111\u01b0\u1ee3c tuy\u1ec3n ch\u1ecdn, sinh tr\u01b0\u1edfng t\u1ed1t, sai qu\u1ea3. Th\u1eddi v\u1ee5 thu h\u00e1i th\u00e1ng 5 &#8211; 7 h\u00e0ng n\u0103m (t\u1ed1t nh\u1ea5t l\u00e0 d\u00f9ng qu\u1ea3 \u01af\u01a1i bay).<\/li>\n<\/ul>\n<p><em>X\u1eed l\u00fd h\u1ea1t gi\u1ed1ng<\/em>: Ch\u1ecdn nh\u1eefng qu\u1ea3 ch\u00edn gi\u00e0 (\u01af\u01a1i bay l\u00e0 t\u1ed1t nh\u1ea5t), qu\u1ea3 sau khi thu h\u00e1i \u0111\u01b0\u1ee3c ph\u01a1i hong trong b\u00f3ng r\u00e2m v\u00e0 gieo \u01b0\u01a1m t\u1ed1t nh\u1ea5t trong kho\u1ea3ng 30 ng\u00e0y sau khi thu h\u00e1i \u0111\u1ec3 \u0111\u1ea1t \u0111\u01b0\u1ee3c t\u1ef7 l\u1ec7 n\u1ea3y m\u1ea7m cao nh\u1ea5t. C\u00e1c b\u01b0\u1edbc th\u1ef1c hi\u1ec7n nh\u01b0 sau: R\u1eeda qu\u1ea3 \u01af\u01a1i s\u1ea1ch d\u01b0\u1edbi v\u00f2i n\u01b0\u1edbc ch\u1ea3y; ng\u00e2m qu\u1ea3 \u01af\u01a1i b\u1eb1ng dung d\u1ecbch Bennat 2% trong th\u1eddi gian t\u1eeb 2-3 ph\u00fat; r\u1eeda l\u1ea1i qu\u1ea3 \u01af\u01a1i d\u01b0\u1edbi v\u00f2i n\u01b0\u1edbc ch\u1ea3y; ng\u00e2m qu\u1ea3 \u01af\u01a1i trong n\u01b0\u1edbc th\u01b0\u1eddng kho\u1ea3ng 10 \u2013 15 ph\u00fat cho v\u1ecf n\u1ee9t v\u00e0 th\u1ecbt qu\u1ea3 b\u1eaft \u0111\u1ea7u n\u1edf th\u00ec v\u1edbt ra, v\u00e3i \u0111\u1ec1u qu\u1ea3 tr\u00ean lu\u1ed1ng c\u00e1t s\u1ea1nh (\u0111\u00e3 \u0111\u01b0\u1ee3c x\u1eed l\u00fd t\u1ea1p ch\u1ea5t v\u00e0 phun thu\u1ed1c x\u1eed l\u00fd n\u1ea5m), ph\u1ee7 m\u1ed9t l\u1edbp c\u00e1t m\u1ecfng l\u00ean tr\u00ean. Lu\u00f4n gi\u1eef \u1ea9m cho lu\u1ed1ng gieo b\u1eb1ng t\u01b0\u1edbi phun s\u01b0\u01a1ng. Sau khi c\u00e2y m\u1ea7m cao kho\u1ea3ng 7- 10cm, hai l\u00e1 m\u1ea7m m\u1edf r\u1ed9ng, r\u1ec5 m\u1ea7m kho\u1ea3ng 2cm th\u00ec c\u1ea5y chuy\u1ec3n sang b\u1ea7u \u0111\u1ea5t \u0111\u1ec3 ti\u1ebfp t\u1ee5c ch\u0103m s\u00f3c. Th\u00e0nh ph\u1ea7n ru\u1ed9t b\u1ea7u l\u00e0 h\u1ed7n h\u1ee3p 88% \u0111\u1ea5t t\u1ea7ng m\u1eb7t v\u1edbi 10% ph\u00e2n chu\u1ed3ng hoai v\u00e0 2% supel\u00e2n.<\/p>\n<ul>\n<li>Ch\u0103m s\u00f3c c\u00e2y con:C\u00e2y sau khi c\u00e2\u0301y \u0111\u01b0\u1ee3c \u0111\u01b0\u1ee3c che s\u00e1ng v\u1edbi t\u1ef7 l\u1ec7 che s\u00e1ng 50%. Khi c\u00e2y \u0111\u01b0\u1ee3c 3 th\u00e1ng tu\u1ed5i, ti\u1ebfn h\u00e0nh \u0111\u1ea3o b\u1ea7u l\u1ea7n 1 v\u00e0 x\u1ebfp gi\u00e3n kho\u1ea3ng c\u00e1ch c\u00e1c b\u1ea7u c\u00e2y c\u00e1ch nhau 10 cm \u0111\u1ec3 c\u00e2y c\u00f3 kh\u00f4ng gian v\u00e0 ph\u00e1t tri\u1ec3n v\u1ec1 \u0111\u01b0\u1eddng k\u00ednh. Ti\u1ebfn h\u00e0nh \u0111\u1ea3o b\u1ea7u l\u1ea7n 2 khi c\u00e2y \u0111\u01b0\u1ee3c 8-9 th\u00e1ng tu\u1ed5i, \u0111\u1ed3ng th\u1eddi l\u1ef1a ch\u1ecdn c\u00e1c c\u00e2y \u0111\u1ee7 ti\u00eau chu\u1ea9n x\u1ebfp sang lu\u1ed1ng ri\u00eang \u0111\u1ec3 chu\u1ea9n b\u1ecb gh\u00e9p.<\/li>\n<\/ul>\n<p>+ T\u01b0\u1edbi th\u00fac ph\u00e2n NPK t\u1ef7 l\u1ec7 5:10:3 n\u1ed3ng \u0111\u1ed9 2%, l\u01b0\u1ee3ng t\u01b0\u1edbi 10 l\u00edt\/1m\u00ad<sup>2<\/sup> di\u1ec7n t\u00edch m\u1eb7t b\u1ea7u trong m\u1ed9t l\u1ea7n t\u01b0\u1edbi. \u0110\u1ecbnh k\u1ef3 2 th\u00e1ng 1 l\u1ea7n. T\u01b0\u1edbi n\u01b0\u1edbc h\u00e0ng ng\u00e0y v\u00e0 \u0111\u1ecbnh k\u1ef3 ki\u1ec3m tra s\u00e2u b\u1ec7nh, l\u00e0m c\u1ecf, ph\u00e1 v\u00e1ng.<\/p>\n<ul>\n<li>Ti\u00eau chu\u1ea9n c\u00e2y con l\u00e0m g\u1ed1c gh\u00e9p: khi c\u00e2y \u0111\u1ea1t 10 &#8211; 12 th\u00e1ng tu\u1ed5i, \u0111\u01b0\u1eddng k\u00ednh g\u1ed1c t\u1ed1i thi\u1ec3u \u0111\u1ea1t 0,6 \u2013 0,8cm, Hvn \u0111\u1ea1t t\u1ed1i thi\u1ec3u 50cm. Ch\u1ecdn nh\u1eefng c\u00e2y kh\u1ecfe m\u1ea1nh, c\u00e2n \u0111\u1ed1i, kh\u00f4ng s\u00e2u b\u1ec7nh l\u00e0m g\u1ed1c gh\u00e9p. Khi gh\u00e9p, g\u1ed1c gh\u00e9p \u0111\u01b0\u1ee3c c\u1eaft t\u1ea1i chi\u1ec1u cao kho\u1ea3ng 30 \u2013 35cm t\u00ednh t\u1eeb m\u1eb7t b\u1ea7u c\u00e2y.<\/li>\n<\/ul>\n<h3><a name=\"_Toc70512230\"><\/a>2. K\u1ef9 thu\u1eadt ch\u1ecdn c\u00e2y l\u1ea5y c\u00e0nh gh\u00e9p v\u00e0 chu\u1ea9n b\u1ecb c\u00e0nh gh\u00e9p<\/h3>\n<ul>\n<li>C\u00e2y l\u1ea5y c\u00e0nh gh\u00e9p: t\u1ea1i c\u00e1c v\u01b0\u1eddn v\u1eadt li\u1ec7u c\u00f3 s\u1eb5n ho\u1eb7c thu th\u1eadp t\u1ea1i c\u00e1c c\u00e2y m\u1eb9 hay c\u00e2y tr\u1ed9i \u0111\u00e3 \u0111\u01b0\u1ee3c tuy\u1ec3n ch\u1ecdn.<\/li>\n<li>Ch\u1ecdn c\u00e0nh gh\u00e9p: C\u00e0n gh\u00e9p \u0111\u01b0\u1ee3c l\u1ea5y l\u00e0 c\u00e1c ch\u1ed3i th\u1ee9 c\u1ea5p tr\u00ean c\u00e1c c\u00e0nh b\u00e1nh t\u1ebb \u1edf gi\u1eefa t\u00e1n. Ch\u1ecdn c\u00e1c c\u00e0nh gh\u00e9p c\u00f3 \u0111\u1ec9nh ch\u1ed3i (t\u1ed1t nh\u1ea5t l\u00e0 s\u1eafp bung ch\u1ed3i) c\u00f3 \u0111\u01b0\u1eddng k\u00ednh 0,4 \u2013 0,6cm. C\u1eaft c\u00e0nh gh\u00e9p v\u00e0o bu\u1ed5i s\u00e1ng, tr\u1eddi kh\u00f4 r\u00e1o. N\u1ebfu kh\u00f4ng c\u00f3 th\u00f9ng, h\u1ed9p b\u1ea3o qu\u1ea3n ch\u1ed3i gh\u00e9p chuy\u00ean d\u1ee5ng th\u00ec sau khi c\u1eaft xong, c\u1eaft b\u1ecf b\u1edbt l\u00e1 gi\u00e0, b\u00f3 30 &#8211; 50 ch\u1ed3i th\u00e0nh 1 b\u00f3 ghi ch\u1ee7ng lo\u1ea1i (n\u1ebfu c\u1ea7n), d\u00f9ng v\u1ea3i \u01b0\u1edbt \u0111\u1ec3 b\u1ecdc \u0111\u1ec3 chuy\u1ec3n \u0111i v\u00e0 ti\u1ebfn h\u00e0nh gh\u00e9p ngay trong ng\u00e0y.<\/li>\n<li>X\u1eed l\u00fd c\u00e0nh gh\u00e9p: tr\u01b0\u1edbc khi gh\u00e9p, c\u00e0nh \u0111\u01b0\u1ee3c c\u1eaft b\u1ecf h\u1ebft l\u00e1 (c\u1eaft s\u00e1t n\u00e1ch cu\u1ed1ng l\u00e1), ch\u1ec9 \u0111\u1ec3 l\u1ea1i ph\u1ea7n \u0111\u1ec9nh ch\u1ed3i. C\u1eaft b\u1ecf ph\u1ea7n th\u00e2n gi\u00e0 ph\u00eda d\u01b0\u1edbi c\u00e0nh gh\u00e9p, \u0111\u1ec3 l\u1ea1i ph\u1ea7n c\u00e0nh gh\u00e9p ph\u00eda tr\u00ean c\u00f3 k\u00edch th\u01b0\u1edbc t\u1eeb 6 \u2013 8cm \u0111\u1ec3 gh\u00e9p v\u00e0o g\u1ed1c gh\u00e9p.<\/li>\n<\/ul>\n<h3><a name=\"_Toc70512231\"><\/a>3. Th\u1eddi v\u1ee5 gh\u00e9p<\/h3>\n<p>Gh\u00e9p v\u00e0o v\u1ee5 xu\u00e2n \u2013 h\u00e8 (th\u00e1ng 3 \u0111\u1ebfn th\u00e1ng 5); gh\u00e9p v\u00e0o nh\u1eefng ng\u00e0y r\u00e2m m\u00e1t, kh\u00f4ng gh\u00e9p v\u00e0o nh\u1eefng ng\u00e0y c\u00f3 m\u01b0a.<\/p>\n<h3><a name=\"_Toc70512232\"><\/a>4. Ph\u01b0\u01a1ng ph\u00e1p gh\u00e9p<\/h3>\n<p>Gh\u00e9p n\u00eam.<\/p>\n<h3><a name=\"_Toc70512233\"><\/a>5. K\u1ef9 thu\u1eadt gh\u00e9p<\/h3>\n<ul>\n<li>L\u1ea5y c\u00e1c c\u00e0nh gh\u00e9p c\u00f3 \u0111\u01b0\u1eddng k\u00ednh t\u01b0\u01a1ng \u0111\u01b0\u01a1ng v\u1edbi \u0111\u01b0\u1eddng k\u00ednh c\u1ee7a g\u1ed1c gh\u00e9p. D\u00f9ng k\u00e9o s\u1eafc c\u1eaft b\u1ecf ph\u1ea7n ng\u1ecdn c\u1ee7a c\u00e2y v\u1eadt li\u1ec7u gh\u00e9p c\u00e1ch b\u1ea7u c\u00e2y kho\u1ea3ng 30 &#8211; 35cm. D\u00f9ng dao gh\u00e9p ch\u1ebb m\u1ed9t \u0111\u01b0\u1eddng s\u00e2u 2-3cm gi\u1eefa th\u00e2n g\u1ed1c gh\u00e9p.<\/li>\n<li>Ph\u1ea7n d\u01b0\u1edbi c\u00e0nh gh\u00e9p, d\u00f9ng dao s\u1eafc c\u1eaft v\u00e1t 2 b\u00ean t\u1ea1o th\u00e0nh h\u00ecnh ch\u1eef V ph\u1eb3ng t\u01b0\u01a1ng \u1ee9ng v\u1edbi chi\u1ec1u s\u00e2u v\u1ebft ch\u1ebb tr\u00ean g\u1ed1c gh\u00e9p. C\u1eafm ch\u1ed3i gh\u00e9p v\u00e0o \u0111\u01b0\u1eddng ch\u1ebb tr\u00ean g\u1ed1c gh\u00e9p \u0111\u1ebfn khi th\u1ea5y t\u01b0\u01a1ng \u0111\u1ed1i ch\u1eb7t tay th\u00ec d\u1eebng l\u1ea1i. S\u1eed d\u1ee5ng d\u00e2y nilon m\u1ecfng chuy\u00ean d\u00f9ng cho gh\u00e9p c\u00e2y qu\u1ea5n ch\u1eb7t v\u1ebft gh\u00e9p v\u00e0 qu\u1ea5n ph\u1ee7 c\u1ea3 ch\u1ed3i gh\u00e9p ph\u00eda tr\u00ean \u0111\u1ec3 tr\u00e1nh n\u01b0\u1edbc m\u01b0a, n\u01b0\u1edbc t\u01b0\u1edbi,\u2026 nhi\u1ec5m v\u00e0o v\u1ebft gh\u00e9p.<\/li>\n<\/ul>\n<h3><a name=\"_Toc70512234\"><\/a>6. Ch\u0103m s\u00f3c c\u00e2y gh\u00e9p<\/h3>\n<ul>\n<li>C\u00e2y gh\u00e9p \u0111\u01b0\u1ee3c ch\u0103m s\u00f3c d\u01b0\u1edbi gi\u00e0n che s\u00e1ng 50%, t\u01b0\u1edbi ch\u0103m s\u00f3c h\u00e0ng ng\u00e0y. \u0110\u1ecbnh k\u1ef3 t\u01b0\u1edbi th\u00fac 2 th\u00e1ng 1 l\u1ea7n b\u1eb1ng ph\u00e2n NPK t\u1ef7 l\u1ec7 5:10:3 n\u1ed3ng \u0111\u1ed9 2% v\u1edbi l\u01b0\u1ee3ng t\u01b0\u1edbi 10 l\u00edt\/1m<sup>\u00ad2<\/sup> di\u1ec7n t\u00edch m\u1eb7t b\u1ea7u.<\/li>\n<li>Sau khi gh\u00e9p 2 th\u00e1ng, khi c\u00e2y gh\u00e9p \u0111\u00e3 \u0111\u00e2m ch\u1ed3i v\u00e0 sinh tr\u01b0\u1edfng \u1ed5n \u0111\u1ecbnh, ti\u1ebfn h\u00e0nh \u0111\u1ea3o b\u1ea7u cho c\u00e2y. Sau 120 ng\u00e0y gh\u00e9p chi\u1ec1u cao ch\u1ed3i gh\u00e9p \u0111\u1ea1t t\u1eeb 20 &#8211; 26cm v\u00e0 \u0111\u01b0\u1eddng k\u00ednh \u0111\u1ea1t t\u1eeb 1,0 &#8211; 1,2cm th\u00ec c\u00f3 th\u1ec3 d\u1ee1 b\u1ecf gi\u00e0n che \u0111\u1ec3 c\u00e2y th\u00edch nghi ho\u00e0n to\u00e0n v\u1edbi \u0111i\u1ec1u ki\u1ec7n t\u1ef1 nhi\u00ean.<\/li>\n<li>\u0110\u1ecbnh k\u1ef3 l\u00e0m c\u1ecf, ph\u00e1 v\u00e1ng cho b\u1ea7u v\u00e0 lu\u1ed1ng c\u00e2y; th\u01b0\u1eddng xuy\u00ean ki\u1ec3m tra v\u00e0 ph\u00f2ng tr\u1eeb s\u00e2u b\u1ec7n h\u1ea1i.<\/li>\n<\/ul>\n<h3><a name=\"_Toc70512235\"><\/a>7. Ti\u00eau chu\u1ea9n c\u00e2y gh\u00e9p \u0111em tr\u1ed3ng r\u1eebng<\/h3>\n<p>C\u00e2y \u0111\u1ea1t t\u1ed1i thi\u1ec3u \u0111\u1ea1t 6 th\u00e1ng tu\u1ed5i sau khi gh\u00e9p; \u0111\u01b0\u1eddng k\u00ednh ch\u1ed3i gh\u00e9p \u2265 0,6cm, chi\u1ec1u cao ch\u1ed3i gh\u00e9p &gt; 40cm, c\u00e2y kh\u1ecfe m\u1ea1nh kh\u00f4ng b\u1ecb s\u00e2u, b\u1ec7nh h\u1ea1i c\u00f3 th\u1ec3 xu\u1ea5t v\u01b0\u1eddn \u0111em \u0111i tr\u1ed3ng.<\/p>\n<table width=\"100%\">\n<tbody>\n<tr>\n<td>\u0110\u1ecaA \u0110I\u1ec2M \u1ee8NG D\u1ee4NG<\/td>\n<\/tr>\n<\/tbody>\n<\/table>\n<p>C\u00e1c t\u1ec9nh Mi\u1ec1n Trung (Th\u1eeba Thi\u00ean Hu\u1ebf, Qu\u1ea3ng Nam) v\u00e0 T\u00e2y Nguy\u00ean (Gia Lai, Kon Tum) c\u0169ng nh\u01b0 c\u00e1c \u0111\u1ecba ph\u01b0\u01a1ng kh\u00e1c c\u00f3 \u0111i\u1ec1u ki\u1ec7n sinh th\u00e1i ph\u00f9 h\u1ee3p.<\/p>\n<table width=\"100%\">\n<tbody>\n<tr>\n<td>\u0110I\u1ec0U KI\u1ec6N \u1ee8NG D\u1ee4NG<\/td>\n<\/tr>\n<\/tbody>\n<\/table>\n<ul>\n<li>K\u1ef9 thu\u1eadt n\u00e0y \u00e1p d\u1ee5ng cho m\u1ee5c \u0111\u00edch s\u1ea3n xu\u1ea5t c\u00e2y \u01af\u01a1i gh\u00e9p c\u00f3 ch\u1ea5t l\u01b0\u1ee3ng cao \u0111\u1ec3 tr\u1ed3ng l\u1ea5y qu\u1ea3.<\/li>\n<li>C\u00f3 th\u1ec3 \u00e1p d\u1ee5ng v\u00e0o s\u1ea3n xu\u1ea5t \u0111\u1ed1i v\u1edbi c\u00e1c \u0111\u01a1n v\u1ecb s\u1ea3n xu\u1ea5t, kinh doanh, h\u1ed9 gia \u0111\u00ecnh t\u00f9y theo quy m\u00f4 s\u1ea3n xu\u1ea5t v\u00e0 nhu c\u1ea7u th\u1ecb tr\u01b0\u1eddng.<\/li>\n<\/ul>\n","protected":false},"excerpt":{"rendered":"<p>&nbsp; TH\u00d4NG TIN CHUNG C\u00f4ng nh\u1eadn t\u1ea1i Quy\u1ebft \u0111\u1ecbnh s\u1ed1 211\/Q\u0110-TCLN-KH&amp;HTQT ng\u00e0y 28\/6\/2018 cu\u0309a T\u00f4\u0309ng cu\u0323c L\u00e2m nghi\u00ea\u0323p. T\u00e1c gi\u1ea3: \u0110o\u00e0n \u0110\u00ecnh Tam, L\u00ea Qu\u1ed1c Huy. N\u1ed8I DUNG CH\u00cdNH 1. K\u1ef9 thu\u1eadt t\u1ea1o c\u00e2y l\u00e0m g\u1ed1c gh\u00e9p Ngu\u1ed3n g\u1ed1c h\u1ea1t gi\u1ed1ng: Thu h\u00e1i h\u1ea1t t\u1eeb c\u00e2y m\u1eb9\/c\u00e2y tr\u1ed9i \u0111\u00e3 \u0111\u01b0\u1ee3c tuy\u1ec3n ch\u1ecdn, sinh tr\u01b0\u1edfng t\u1ed1t, [&hellip;]<\/p>\n","protected":false},"author":2,"featured_media":0,"parent":0,"menu_order":0,"comment_status":"closed","ping_status":"closed","template":"","meta":[],"_links":{"self":[{"href":"https:\/\/vafs.gov.vn\/vn\/wp-json\/wp\/v2\/pages\/21232"}],"collection":[{"href":"https:\/\/vafs.gov.vn\/vn\/wp-json\/wp\/v2\/pages"}],"about":[{"href":"https:\/\/vafs.gov.vn\/vn\/wp-json\/wp\/v2\/types\/page"}],"author":[{"embeddable":true,"href":"https:\/\/vafs.gov.vn\/vn\/wp-json\/wp\/v2\/users\/2"}],"replies":[{"embeddable":true,"href":"https:\/\/vafs.gov.vn\/vn\/wp-json\/wp\/v2\/comments?post=21232"}],"version-history":[{"count":2,"href":"https:\/\/vafs.gov.vn\/vn\/wp-json\/wp\/v2\/pages\/21232\/revisions"}],"predecessor-version":[{"id":21236,"href":"https:\/\/vafs.gov.vn\/vn\/wp-json\/wp\/v2\/pages\/21232\/revisions\/21236"}],"wp:attachment":[{"href":"https:\/\/vafs.gov.vn\/vn\/wp-json\/wp\/v2\/media?parent=21232"}],"curies":[{"name":"wp","href":"https:\/\/api.w.org\/{rel}","templated":true}]}}