{"id":21220,"date":"2021-08-31T09:13:45","date_gmt":"2021-08-31T02:13:45","guid":{"rendered":"http:\/\/vafs.gov.vn\/vn\/?page_id=21220"},"modified":"2021-08-31T09:13:45","modified_gmt":"2021-08-31T02:13:45","slug":"nhan-giong-cac-gia-dinh-keo-tai-tuong-bang-nuoi-cay-in-vitro","status":"publish","type":"page","link":"https:\/\/vafs.gov.vn\/vn\/nhan-giong-cac-gia-dinh-keo-tai-tuong-bang-nuoi-cay-in-vitro\/","title":{"rendered":"Nh\u00e2n gi\u1ed1ng c\u00e1c gia \u0111\u00ecnh Keo tai t\u01b0\u1ee3ng b\u1eb1ng nu\u00f4i c\u1ea5y in vitro"},"content":{"rendered":"<p>&nbsp;<\/p>\n<table width=\"100%\">\n<tbody>\n<tr>\n<td><strong>TH\u00d4NG TIN CHUNG<\/strong><\/td>\n<\/tr>\n<\/tbody>\n<\/table>\n<ul>\n<li>C\u00f4ng nh\u1eadn t\u1ea1i Quy\u1ebft \u0111\u1ecbnh s\u1ed1 74\/Q\u0110-TCLN-KH&amp;HTQT c\u1ee7a T\u1ed5ng c\u1ee5c L\u00e2m nghi\u1ec7p, B\u1ed9 N\u00f4ng nghi\u1ec7p v\u00e0 Ph\u00e1t tri\u1ec3n N\u00f4ng th\u00f4n ng\u00e0y 13 th\u00e1ng 4 n\u0103m 2021.<\/li>\n<li>T\u00e1c gi\u1ea3: La \u00c1nh D\u01b0\u01a1ng, Ph\u00ed H\u1ed3ng H\u1ea3i, L\u01b0u Th\u1ecb Qu\u1ef3nh, Nghi\u00eam Qu\u1ef3nh Chi, Tri\u1ec7u Th\u1ecb Thu H\u00e0 v\u00e0 \u0110\u1ed3ng Th\u1ecb \u01afng.<\/li>\n<\/ul>\n<table width=\"100%\">\n<tbody>\n<tr>\n<td><strong>N\u1ed8I DUNG CH\u00cdNH<\/strong><\/td>\n<\/tr>\n<\/tbody>\n<\/table>\n<h3><a name=\"_Toc70512200\"><\/a>1. K\u1ef9 thu\u1eadt kh\u1eed tr\u00f9ng v\u00e0 x\u1eed l\u00fd n\u1ea9y m\u1ea7m<\/h3>\n<ul>\n<li>H\u1ea1t \u0111\u01b0\u1ee3c r\u1eeda s\u1ea1ch d\u01b0\u1edbi v\u00f2i n\u01b0\u1edbc ch\u1ea3y, sau \u0111\u00f3 l\u1eafc b\u1eb1ng n\u01b0\u1edbc x\u00e0 ph\u00f2ng lo\u00e3ng, tr\u00e1ng n\u01b0\u1edbc c\u1ea5t v\u00f4 tr\u00f9ng 3 &#8211; 5 l\u1ea7n.<\/li>\n<li>Ng\u00e2m h\u1ea1t trong c\u1ed3n 70<sup>0<\/sup> trong 2 ph\u00fat, tr\u00e1ng 3 &#8211; 4 l\u1ea7n b\u1eb1ng n\u01b0\u1edbc c\u1ea5t v\u00e0 ng\u00e2m h\u1ea1t trong dung d\u1ecbch oxi gi\u00e0 (H<sub>2<\/sub>O<sub>2<\/sub>) 20% trong th\u1eddi gian 30 ph\u00fat, tr\u00e1ng l\u1ea1i 3-5 l\u1ea7n b\u1eb1ng n\u01b0\u1edbc c\u1ea5t. Cu\u1ed1i c\u00f9ng ng\u00e2m h\u1ea1t trong dung d\u1ecbch Natri 3.<\/li>\n<li>T\u1ea1o c\u00e2y m\u1ea7m t\u1eeb h\u1ea1t v\u00e0 x\u1eed l\u00fd c\u00e2y m\u1ea7m:<\/li>\n<li>D\u00f9ng dao c\u1ea5y c\u1eaft \u1edf \u0111\u1ea7u kh\u00f4ng ch\u1ee9a ph\u00f4i \u0111\u1ec3 h\u1ea1t d\u1ec5 n\u1ea3y m\u1ea7m v\u00e0 \u0111\u1eb7t h\u1ea1t trong b\u00ecnh tr\u1ee5 c\u00f3 l\u00f3t 2 l\u1edbp gi\u1ea5y th\u1ea5m \u0111\u00e3 \u0111\u01b0\u1ee3c kh\u1eed tr\u00f9ng, th\u1eabm \u0111\u1eabm b\u1eb1ng n\u01b0\u1edbc c\u1ea5t v\u00f4 tr\u00f9ng. H\u1ea1t s\u1ebd n\u1ea3y m\u1ea7m sau 3 &#8211; 5 ng\u00e0y.<\/li>\n<li>C\u00e2y m\u1ea7m \u0111\u1ea1t chi\u1ec1u cao 3 \u2013 5 cm sau 7 \u2013 10 ng\u00e0y \u0111\u01b0\u1ee3c c\u1eaft b\u1ecf ph\u1ea7n r\u1ec5 v\u00e0 c\u1ea5y v\u00e0o m\u00f4i tr\u01b0\u1eddng MS* b\u1ed5 sung BAP (1,5mg\/l). C\u1eafm ph\u1ea7n g\u1ed1c ng\u1eadp 2 &#8211; 3 mm v\u00e0o m\u00f4i tr\u01b0\u1eddng theo ph\u01b0\u01a1ng th\u1eb3ng \u0111\u1ee9ng.<\/li>\n<li>Theo d\u00f5i s\u1ef1 ph\u00e1t tri\u1ec3n c\u1ee7a ch\u1ed3i, \u0111\u1ecbnh k\u1ef3 lo\u1ea1i b\u1ecf m\u1eabu nhi\u1ec5m.<\/li>\n<\/ul>\n<h3><a name=\"_Toc70512201\"><\/a>2. K\u1ef9 thu\u1eadt t\u1ea1o c\u1ee5m ch\u1ed3i v\u00e0 nh\u00e2n nhanh ch\u1ed3i<\/h3>\n<h4>a) T\u1ea1o c\u1ee5m ch\u1ed3i:<\/h4>\n<ul>\n<li>C\u1ee5m ch\u1ed3i b\u1eaft \u0111\u1ea7u xu\u1ea5t hi\u1ec7n sau 22 &#8211; 25 ng\u00e0y, c\u1ea7n ti\u1ebfn h\u00e0nh c\u1ea5y chuy\u1ec3n \u0111\u1ec3 t\u1ea1o c\u1ee5m ch\u1ed3i m\u1edbi.<\/li>\n<li>D\u00f9ng panh g\u1eafp c\u1ee5m ch\u1ed3i ra kh\u1ecfi b\u00ecnh nu\u00f4i v\u00e0 c\u1eaft b\u1ecf ho\u00e0n to\u00e0n ph\u1ea7n m\u00f4 s\u1eb9o \u1edf g\u1ed1c v\u00e0 lo\u1ea1i b\u1ecf l\u00e1 ch\u1ebft, c\u1eafm v\u00e0o m\u00f4i tr\u01b0\u1eddng nh\u00e2n ch\u1ed3i theo ph\u01b0\u01a1ng th\u1eb3ng \u0111\u1ee9ng, m\u1ed7i b\u00ecnh tam gi\u00e1c 250ml c\u1eafm 3 &#8211; 5 c\u1ee5m ch\u1ed3i.<\/li>\n<li>Theo d\u00f5i s\u1ef1 ph\u00e1t tri\u1ec3n c\u1ee7a ch\u1ed3i, \u0111\u1ecbnh k\u1ef3 lo\u1ea1i b\u1ecf m\u1eabu nhi\u1ec5m.<\/li>\n<li>Ti\u1ebfp t\u1ee5c b\u01b0\u1edbc c\u1ea5y n\u00e0y 3 &#8211; 4 chu k\u1ef3 \u0111\u1ec3 \u0111\u1ea1t \u0111\u01b0\u1ee3c s\u1ed1 c\u1ee5m ch\u1ed3i ti\u00eau chu\u1ea9n, chu\u1ea9n b\u1ecb cho qu\u00e1 tr\u00ecnh nh\u00e2n nhanh ch\u1ed3i.<\/li>\n<\/ul>\n<h4>b) Nh\u00e2n nhanh ch\u1ed3i:<\/h4>\n<ul>\n<li>C\u00e1c c\u1ee5m ch\u1ed3i kh\u1ecfe m\u1ea1nh v\u00e0 kh\u00f4ng b\u1ecb nhi\u1ec5m n\u1ea5m, khu\u1ea9n \u0111\u01b0\u1ee3c t\u00e1ch th\u00e0nh t\u1eebng c\u1ee5m ch\u1ed3i nh\u1ecf (3 &#8211; 5 ch\u1ed3i) v\u00e0 c\u1ea5y v\u00e0o m\u00f4i tr\u01b0\u1eddng nh\u00e2n ch\u1ed3i. C\u1ea5y ng\u1eadp ph\u1ea7n g\u1ed1c c\u1ee5m ch\u1ed3i s\u00e2u 3 &#8211; 5 mm theo ph\u01b0\u01a1ng th\u1eb3ng \u0111\u1ee9ng.<\/li>\n<li>M\u00f4i tr\u01b0\u1eddng nh\u00e2n ch\u1ed3i : MS* + BAP (1,5mg\/l) + \u0111\u01b0\u1eddng sucrose (30g\/l) + agar (4,25mg\/l).<\/li>\n<li>Theo d\u00f5i s\u1ef1 ph\u00e1t tri\u1ec3n c\u1ee7a ch\u1ed3i v\u00e0 \u0111\u1ecbnh k\u1ef3 lo\u1ea1i b\u1ecf nh\u1eefng m\u1eabu b\u1ecb nhi\u1ec5m n\u1ea5m, khu\u1ea9n.<\/li>\n<li>Chu k\u1ef3 m\u1ed7i l\u1ea7n c\u1ea5y chuy\u1ec3n l\u00e0 25 ng\u00e0y v\u00e0 s\u1ed1 l\u1ea7n c\u1ea5y chuy\u1ec3n t\u1ed1i \u0111a l\u00e0 7 l\u1ea7n. N\u1ebfu \u0111\u1ec3 l\u1ea7n c\u1ea5y chuy\u1ec3n th\u1ee9 8 s\u1ebd b\u1eaft \u0111\u1ea7u xu\u1ea5t hi\u1ec7n hi\u1ec7n t\u01b0\u1ee3ng gi\u00e0 h\u00f3a ch\u1ed3i v\u1edbi h\u1ec7 s\u1ed1 nh\u00e2n ch\u1ed3i th\u1ea5p v\u00e0 ch\u1ed3i kh\u00f4ng \u0111\u1ea1t ti\u00eau chu\u1ea9n v\u1ec1 chi\u1ec1u cao, l\u00e1 v\u00e0 th\u00e2n m\u1ea5t d\u1ea7n di\u1ec7p l\u1ee5c.<\/li>\n<\/ul>\n<h3><a name=\"_Toc70512202\"><\/a>3. K\u1ef9 thu\u1eadt ra r\u1ec5 in vitro<\/h3>\n<ul>\n<li>Ch\u1ed3i h\u1eefu hi\u1ec7u \u0111\u01b0\u1ee3c ch\u1ecdn l\u00e0 ch\u1ed3i t\u1eeb 2 \u0111\u1ed1t l\u00e1 tr\u1edf l\u00ean, chi\u1ec1u cao &gt; 1,5 cm;<\/li>\n<li>c\u00e2y th\u1eb3ng, c\u1ee9ng c\u00e1p, l\u00e1 m\u1edf v\u00e0 xanh, \u0111\u01b0\u1ee3c chuy\u1ec3n sang m\u00f4i tr\u01b0\u1eddng ra r\u1ec5.<\/li>\n<li>M\u00f4i tr\u01b0\u1eddng ra r\u1ec5: 1\/2MS* + IBA (1,5mg\/l) + \u0111\u01b0\u1eddng sucrose (15g\/l) + agar (4,3mg\/l).<\/li>\n<li>C\u1ea5y \u0111\u01a1n ch\u1ed3i, ng\u1eadp 3 &#8211; 5mm v\u00e0o m\u00f4i tr\u01b0\u1eddng theo ph\u01b0\u01a1ng th\u1eb3ng, kho\u1ea3ng c\u00e1ch c\u1ea5y gi\u1eefa c\u00e1c ch\u1ed3i 0,5 &#8211; 0,8 cm.<\/li>\n<li>C\u00e2y b\u1eaft \u0111\u1ea7u ra r\u1ec5 sau 3 \u2013 5 ng\u00e0y v\u00e0 ra r\u1ec5 ho\u00e0n ch\u1ec9nh sau 7 &#8211; 10 ng\u00e0y.<\/li>\n<\/ul>\n<h3><a name=\"_Toc70512203\"><\/a>4. K\u1ef9 thu\u1eadt hu\u1ea5n luy\u1ec7n v\u00e0 ch\u0103m s\u00f3c c\u00e2y con t\u1ea1i v\u01b0\u1eddn \u01b0\u01a1m<\/h3>\n<h4>a) Hu\u1ea5n luy\u1ec7n c\u00e2y con:<\/h4>\n<ul>\n<li>Th\u1eddi gian hu\u1ea5n luy\u1ec7n: 20-30 ng\u00e0y<\/li>\n<li>B\u00ecnh ch\u1ed3i ra r\u1ec5 (5 &#8211; 7 ng\u00e0y) \u0111\u01b0\u1ee3c chuy\u1ec3n ra khu hu\u1ea5n luy\u1ec7n c\u00f3 m\u00e1i che \u0111\u1ec3 gi\u00fap c\u00e2y th\u00edch nghi d\u1ea7n v\u1edbi \u0111i\u1ec1u ki\u1ec7n t\u1ef1 nhi\u00ean.<\/li>\n<li>Khi th\u00e2n c\u00e2y v\u00e0 l\u00e1 chuy\u1ec3n t\u1eeb m\u00e0u xanh nh\u1ea1t sang m\u00e0u xanh \u0111\u1eadm th\u00ec ti\u1ebfn h\u00e0nh c\u1ea5y c\u00e2y v\u00e0o b\u1ea7u \u0111\u1ea5t.<\/li>\n<\/ul>\n<h4>b) C\u1ea5y v\u00e0 ch\u0103m s\u00f3c c\u00e2y con t\u1ea1i v\u01b0\u1eddn \u01b0\u01a1m:<\/h4>\n<ul>\n<li>C\u00e2y con \u0111\u01b0\u1ee3c r\u1eeda s\u1ea1ch agar (c\u1eaft b\u1edbt r\u1ec5 n\u1ebfu r\u1ec5 qu\u00e1 d\u00e0i) v\u00e0 ng\u00e2m trong dung d\u1ecbch thu\u1ed1c t\u00edm 0,1% ho\u1eb7c trong c\u00e1c lo\u1ea1i dung d\u1ecbch ch\u1ed1ng n\u1ea5m kh\u00e1c t\u1eeb 3 &#8211; 5 ph\u00fat sau \u0111\u00f3 \u0111\u01b0a ra khay mang di c\u1ea5y c\u00e2y v\u00e0o b\u1ea7u \u0111\u1ea5t. Trong qu\u00e1 tr\u00ecnh c\u1ea5y c\u00e2y v\u00e0o b\u1ea7u, 3 &#8211; 5 ph\u00fat\/l\u1ea7n d\u00f9ng b\u00ecnh phun s\u01b0\u01a1ng t\u01b0\u1edbi nh\u1eb9 tr\u00ean m\u1eb7t l\u00e1 \u0111\u1ec3 tr\u00e1nh c\u00e2y trong khay b\u1ecb m\u1ea5t n\u01b0\u1edbc.<\/li>\n<li>T\u1eebng c\u00e2y \u0111\u01b0\u1ee3c c\u1ea5y tr\u1ef1c ti\u1ebfp v\u00e0o b\u1ea7u, v\u1edbi th\u00e0nh ph\u1ea7n ru\u1ed9t b\u1ea7u (89% \u0111\u1ea5t \u0111\u1ed3i s\u00e0ng k\u1ef9 v\u00e0 s\u01a1 d\u1eeba v\u1ee5n + 10% ph\u00e2n chu\u1ed3ng hoai + 1% ph\u00e2n l\u00e2n). B\u1ea7u \u0111\u1ea5t \u0111\u01b0\u1ee3c x\u1eed l\u00fd b\u1eb1ng dung d\u1ecbch thu\u1ed1c t\u00edm 0,1% ho\u1eb7c dung d\u1ecbch ch\u1ed1ng n\u1ea5m kh\u00e1c, t\u01b0\u1edbi \u0111\u1ec1u l\u00ean b\u1ec1 m\u1eb7t b\u1ea7u tr\u01b0\u1edbc khi c\u1ea5y c\u00e2y.<\/li>\n<li>Sau khi \u0111\u00e3 c\u1ea5y c\u00e2y v\u00e0o b\u1ea7u, t\u00f9y thu\u1ed9c v\u00e0o th\u1eddi ti\u1ebft m\u00e0 ti\u1ebfn h\u00e0nh t\u01b0\u1edbi n\u01b0\u1edbc b\u1eb1ng b\u00ecnh phun s\u01b0\u01a1ng \u0111\u1ec3 gi\u1eef \u1ea9m cho c\u00e2y v\u00e0 b\u1ea7u \u0111\u1ea5t, \u0111\u1ea3m b\u1ea3o c\u00e2y m\u1edbi c\u1ea5y kh\u00f4ng b\u1ecb h\u00e9o. Trong th\u1eddi gian 7 &#8211; 10 ng\u00e0y \u0111\u1ea7u lu\u1ed1ng b\u1ea7u c\u1ea7n \u0111\u01b0\u1ee3c che s\u00e1ng 90%, sau \u0111\u00f3 l\u00e0 75% v\u00e0 phun s\u01b0\u01a1ng gi\u1eef \u0111\u1ee7 \u1ea9m cho lu\u1ed1ng, duy tr\u00ec nhi\u1ec7t \u0111\u1ed9 25 \u00b1 3<sup>0<\/sup>C trong 2 tu\u1ea7n k\u1ebf ti\u1ebfp. Khi c\u00e2y \u0111\u01b0\u1ee3c 20-30 ng\u00e0y c\u00f3 th\u1ec3 b\u1ecf ho\u00e0n to\u00e0n l\u01b0\u1edbi che.<\/li>\n<li>\u0110\u1ecbnh k\u1ef3 l\u00e0m c\u1ecf ph\u00e1 v\u00e1ng (25 &#8211; 30 ng\u00e0y\/ l\u1ea7n). Theo d\u00f5i s\u1ef1 ph\u00e1t tri\u1ec3n c\u1ee7a c\u00e2y (phun ph\u00e2n b\u00f3n l\u00e1, sulphate \u0111\u1ed3ng khi th\u1ea5y c\u00e2y v\u00e0ng l\u00e1; phun thu\u1ed1c di\u1ec7t s\u00e2u, b\u1ec7nh h\u1ea1i khi th\u1ea5y c\u00e2y xu\u1ea5t hi\u1ec7n s\u00e2u, b\u1ec7nh h\u1ea1i).<\/li>\n<li>\u0110\u1ea3o b\u1ea7u, b\u1ea5m t\u1ec9a ch\u1ed3i b\u1ea5t \u0111\u1ecbnh (ch\u1ec9 \u0111\u1ec3 m\u1ed9t ch\u1ed3i ng\u1ecdn ph\u00e1t tri\u1ec3n t\u1ed1t), v\u00e0 c\u1eaft b\u1ecf 1\/3 phi\u1ebfn l\u00e1 sau 1,5 &#8211; 2,0 th\u00e1ng. Lo\u1ea1i b\u1ecf c\u00e2y b\u1ecb ch\u1ebft, c\u00e2y sinh tr\u01b0\u1edfng k\u00e9m tr\u01b0\u1edbc khi xu\u1ea5t v\u01b0\u1eddn.<\/li>\n<\/ul>\n<h3><a name=\"_Toc70512204\"><\/a>5. Ti\u00eau chu\u1ea9n c\u00e2y con xu\u1ea5t v\u01b0\u1eddn<\/h3>\n<ul>\n<li>C\u00e2y kh\u1ecfe m\u1ea1nh, kh\u00f4ng s\u00e2u b\u1ec7nh h\u1ea1i, th\u00e2n l\u00e1 kh\u00f4ng b\u1ecb g\u00e3y d\u1eadp, \u0111\u1ed9 \u0111\u1ed3ng \u0111\u1ec1u cao, b\u1ea7u \u0111\u1ea5t kh\u00f4ng b\u1ecb v\u1ee1, b\u1eb9p.<\/li>\n<li>Chi\u1ec1u cao th\u00e2n c\u00e2y: 25 \u2013 35 cm, \u0111\u01b0\u1eddng k\u00ednh c\u1ed5 r\u1ec5: 0,3 &#8211; 0,4 cm.<\/li>\n<li>Th\u1eddi gian t\u1eeb l\u00fac c\u1ea5y c\u00e2y v\u00e0o b\u1ea7u t\u1edbi khi c\u00e2y xu\u1ea5t v\u01b0\u1eddn: 3-3,5 th\u00e1ng.<\/li>\n<\/ul>\n<table width=\"100%\">\n<tbody>\n<tr>\n<td>\u0110\u1ecaA \u0110I\u1ec2M \u1ee8NG D\u1ee4NG<\/td>\n<\/tr>\n<\/tbody>\n<\/table>\n<p>C\u00e1c t\u1ed5 ch\u1ee9c, c\u00e1 nh\u00e2n, h\u1ed9 gia \u0111\u00ecnh s\u1ea3n xu\u1ea5t c\u00e2y gi\u1ed1ng Keo tai t\u01b0\u1ee3ng tr\u00ean ph\u1ea1m vi c\u1ea3 n\u01b0\u1edbc.<\/p>\n<table width=\"100%\">\n<tbody>\n<tr>\n<td>\u0110I\u1ec0U KI\u1ec6N \u1ee8NG D\u1ee4NG<\/td>\n<\/tr>\n<\/tbody>\n<\/table>\n<p>C\u00e1c t\u1ed5 ch\u1ee9c, c\u00e1 nh\u00e2n s\u1ea3n xu\u1ea5t c\u00e2y gi\u1ed1ng Keo tai t\u01b0\u1ee3ng b\u1eb1ng nu\u00f4i c\u1ea5y <em>in <\/em><em>vitro <\/em>ph\u1ea3i \u0111\u1ea3m b\u1ea3o c\u00e1c \u0111i\u1ec1u ki\u1ec7n sau:<\/p>\n<ul>\n<li>Ngu\u1ed3n v\u1eadt li\u1ec7u (h\u1ea1t) ban \u0111\u1ea7u c\u00f3 ngu\u1ed3n g\u1ed1c r\u00f5 r\u00e0ng v\u00e0 c\u00f3 ch\u1ea5t l\u01b0\u1ee3ng di truy\u1ec1n \u0111\u00e3 \u0111\u01b0\u1ee3c c\u1ea3i thi\u1ec7n.<\/li>\n<li>\u0110i\u1ec1u ki\u1ec7n c\u01a1 s\u1edf h\u1ea1 t\u1ea7ng, m\u00e1y m\u00f3c trang thi\u1ebft b\u1ecb v\u00e0 h\u00f3a ch\u1ea5t nu\u00f4i c\u1ea5y \u0111\u1ea7y \u0111\u1ee7 v\u00e0 \u0111\u1ea3m b\u1ea3o.<\/li>\n<li>Nh\u00e2n l\u1ef1c: \u0110\u1ed9i ng\u0169 c\u00e1n b\u1ed9 c\u00f3 n\u0103ng l\u1ef1c v\u00e0 n\u1eafm \u0111\u01b0\u1ee3c c\u00e1c k\u1ef9 thu\u1eadt ph\u00f2ng th\u00ed nghi\u1ec7m v\u00e0 v\u01b0\u1eddn \u01b0\u01a1m.<\/li>\n<li>C\u00e1c \u0111\u01a1n v\u1ecb s\u1ea3n xu\u1ea5t \u1ee9ng d\u1ee5ng ti\u1ebfn b\u1ed9 k\u1ef9 thu\u1eadt c\u1ea7n tuy\u1ec7t \u0111\u1ed1i tu\u00e2n th\u1ee7 nghi\u00eam ng\u1eb7t \u0111i\u1ec1u ki\u1ec7n v\u00f4 tr\u00f9ng ph\u00f2ng th\u00ed nghi\u1ec7m.<\/li>\n<\/ul>\n","protected":false},"excerpt":{"rendered":"<p>&nbsp; TH\u00d4NG TIN CHUNG C\u00f4ng nh\u1eadn t\u1ea1i Quy\u1ebft \u0111\u1ecbnh s\u1ed1 74\/Q\u0110-TCLN-KH&amp;HTQT c\u1ee7a T\u1ed5ng c\u1ee5c L\u00e2m nghi\u1ec7p, B\u1ed9 N\u00f4ng nghi\u1ec7p v\u00e0 Ph\u00e1t tri\u1ec3n N\u00f4ng th\u00f4n ng\u00e0y 13 th\u00e1ng 4 n\u0103m 2021. T\u00e1c gi\u1ea3: La \u00c1nh D\u01b0\u01a1ng, Ph\u00ed H\u1ed3ng H\u1ea3i, L\u01b0u Th\u1ecb Qu\u1ef3nh, Nghi\u00eam Qu\u1ef3nh Chi, Tri\u1ec7u Th\u1ecb Thu H\u00e0 v\u00e0 \u0110\u1ed3ng Th\u1ecb \u01afng. N\u1ed8I DUNG CH\u00cdNH [&hellip;]<\/p>\n","protected":false},"author":2,"featured_media":0,"parent":0,"menu_order":0,"comment_status":"closed","ping_status":"closed","template":"","meta":[],"_links":{"self":[{"href":"https:\/\/vafs.gov.vn\/vn\/wp-json\/wp\/v2\/pages\/21220"}],"collection":[{"href":"https:\/\/vafs.gov.vn\/vn\/wp-json\/wp\/v2\/pages"}],"about":[{"href":"https:\/\/vafs.gov.vn\/vn\/wp-json\/wp\/v2\/types\/page"}],"author":[{"embeddable":true,"href":"https:\/\/vafs.gov.vn\/vn\/wp-json\/wp\/v2\/users\/2"}],"replies":[{"embeddable":true,"href":"https:\/\/vafs.gov.vn\/vn\/wp-json\/wp\/v2\/comments?post=21220"}],"version-history":[{"count":1,"href":"https:\/\/vafs.gov.vn\/vn\/wp-json\/wp\/v2\/pages\/21220\/revisions"}],"predecessor-version":[{"id":21221,"href":"https:\/\/vafs.gov.vn\/vn\/wp-json\/wp\/v2\/pages\/21220\/revisions\/21221"}],"wp:attachment":[{"href":"https:\/\/vafs.gov.vn\/vn\/wp-json\/wp\/v2\/media?parent=21220"}],"curies":[{"name":"wp","href":"https:\/\/api.w.org\/{rel}","templated":true}]}}