{"id":21217,"date":"2021-08-31T09:11:56","date_gmt":"2021-08-31T02:11:56","guid":{"rendered":"http:\/\/vafs.gov.vn\/vn\/?page_id=21217"},"modified":"2021-08-31T09:11:56","modified_gmt":"2021-08-31T02:11:56","slug":"quy-trinh-nhan-giong-thong-caribaea-bang-phuong-phap-giam-hom","status":"publish","type":"page","link":"https:\/\/vafs.gov.vn\/vn\/quy-trinh-nhan-giong-thong-caribaea-bang-phuong-phap-giam-hom\/","title":{"rendered":"Quy tr\u00ecnh nh\u00e2n gi\u1ed1ng Th\u00f4ng caribaea b\u1eb1ng ph\u01b0\u01a1ng ph\u00e1p gi\u00e2m hom"},"content":{"rendered":"<p>&nbsp;<\/p>\n<table width=\"100%\">\n<tbody>\n<tr>\n<td>TH\u00d4NG TIN CHUNG<\/td>\n<\/tr>\n<\/tbody>\n<\/table>\n<ul>\n<li>C\u00f4ng nh\u1eadn t\u1ea1i Quy\u1ebft \u0111\u1ecbnh 74\/Q\u0110-TCLN-KH&amp;HTQT c\u1ee7a T\u1ed5ng c\u1ee5c L\u00e2m nghi\u1ec7p, B\u1ed9 N\u00f4ng nghi\u1ec7p v\u00e0 Ph\u00e1t tri\u1ec3n N\u00f4ng th\u00f4n ng\u00e0y 13 th\u00e1ng 4 n\u0103m 2021.<\/li>\n<li>T\u00e1c gi\u1ea3: C\u1ea5n Th\u1ecb Lan, Tr\u1ecbnh V\u0103n Hi\u1ec7u, Nguy\u1ec5n Th\u1ecb Thu Dung, Nguy\u1ec5n \u0110\u00ecnh H\u1ea3i, Ho\u00e0ng Thanh Thi\u1ec7n.<\/li>\n<\/ul>\n<table width=\"100%\">\n<tbody>\n<tr>\n<td>N\u1ed8I DUNG CH\u00cdNH<\/td>\n<\/tr>\n<\/tbody>\n<\/table>\n<h3><a name=\"_Toc70512194\"><\/a>1. Qu\u1ea3n l\u00fd v\u01b0\u1eddn v\u1eadt li\u1ec7u<\/h3>\n<h4>a) \u0110\u1ecba \u0111i\u1ec3m x\u00e2y d\u1ef1ng v\u01b0\u1eddn v\u1eadt li\u1ec7u<\/h4>\n<p>L\u1ef1a ch\u1ecdn n\u01a1i c\u00f3 \u0111\u1ecba h\u00ecnh b\u1eb1ng ph\u1eb3ng (\u0111\u1ed9 d\u1ed1c \u2264 5<sup>0<\/sup>); g\u1ea7n khu nh\u00e2n gi\u1ed1ng; t\u1ea7ng \u0111\u1ea5t d\u00e0y \u2265 50 cm; th\u00e0nh ph\u1ea7n c\u01a1 gi\u1edbi nh\u1eb9 ho\u1eb7c trung b\u00ecnh, tho\u00e1t n\u01b0\u1edbc nhanh; ngu\u1ed3n n\u01b0\u1edbc c\u00e1ch v\u01b0\u1eddn t\u1ed1i \u0111a 50 m, \u0111\u1ed9 pH 6- 7, n\u01b0\u1edbc ng\u1ecdt.<\/p>\n<h4>b) Tr\u1ed3ng v\u00e0 ch\u0103m s\u00f3c c\u00e2y<\/h4>\n<ul>\n<li>Ti\u00eau chu\u1ea9n c\u00e2y con \u0111em tr\u1ed3ng: chi\u1ec1u cao \u0111\u1ea1t 30\u201340 cm, \u0111\u01b0\u1eddng k\u00ednh g\u1ed1c \u0111\u1ea1t 0,3\u20130,5 cm.<\/li>\n<li>Kho\u1ea3ng c\u00e1ch tr\u1ed3ng: 0,5 m x 0,5 m (h\u00e0ng c\u00e1ch h\u00e0ng 0,5 m; c\u00e2y c\u00e1ch c\u00e2y trong h\u00e0ng 0,5 m). C\u00e1c bi\u1ebfn ch\u1ee7ng \u0111\u01b0\u1ee3c tr\u1ed3ng theo lu\u1ed1ng ri\u00eang r\u1ebd, c\u00f3 s\u01a1 \u0111\u1ed3 r\u00f5 r\u00e0ng.<\/li>\n<li>L\u00ean lu\u1ed1ng cao 15\u201320 cm, b\u1ec1 m\u1eb7t lu\u1ed1ng r\u1ed9ng 0,8 m, \u0111\u00e0o h\u1ed1 k\u00edch th\u01b0\u1edbc 30x30x30 cm. kho\u1ea3ng c\u00e1ch gi\u1eefa hai lu\u1ed1ng 30 cm; b\u1ed5 sung v\u00e0o h\u1ed1 tr\u1ed3ng m\u00f9n \u0111\u1ea5t d\u01b0\u1edbi t\u00e1n r\u1eebng th\u00f4ng 0,5 kg m\u1ed7i h\u1ed1. B\u00f3n l\u00f3t 2kg ph\u00e2n h\u1eefu c\u01a1 + 0,2 kg ph\u00e2n ph\u1ed1t pho super l\u00e2n (P<sub>2<\/sub>0<sub>5<\/sub>: 15\u201317%) tr\u00ean 1 h\u1ed1.<\/li>\n<li>Tr\u1ed3ng c\u00e2y, \u0111\u1ecbnh k\u1ef3 l\u00e0m c\u1ecf xung quanh g\u1ed1c cho v\u01b0\u1eddn v\u1eadt li\u1ec7u;<\/li>\n<li>Tr\u1ed3ng d\u1eb7m, c\u1eaft t\u1ec9a t\u1ea1o hom;<\/li>\n<li>T\u01b0\u1edbi n\u01b0\u1edbc: tu\u1ef3 theo \u0111i\u1ec1u ki\u1ec7n c\u1ee7a th\u1eddi ti\u1ebft kho\u1ea3ng 1 tu\u1ea7n t\u01b0\u1edbi cho c\u00e2y \u1edf v\u01b0\u1eddn v\u1eadt li\u1ec7u 1-2 l\u1ea7n, l\u01b0\u1ee3ng n\u01b0\u1edbc t\u01b0\u1edbi 5-6 l\/m<sup>2<\/sup> v\u01b0\u1eddn v\u1eadt li\u1ec7u.<\/li>\n<li>Che s\u00e1ng 25% v\u00e0o m\u00f9a h\u00e8 v\u00e0 t\u01b0\u1edbi n\u01b0\u1edbc h\u00e0ng ng\u00e0y<\/li>\n<li>B\u00f3n th\u00fac 1 kg ph\u00e2n chu\u1ed3ng hoai\/h\u1ed1<\/li>\n<li>M\u1ed9t n\u0103m ch\u1ec9 \u0111\u1ed1n t\u1ea1o t\u00e1n 2 l\u1ea7n v\u00e0o \u0111\u1ea7u m\u00f9a \u0111\u00f4ng v\u00e0 cu\u1ed1i xu\u00e2n (x\u1eed l\u00fd c\u00e1c hom s\u00e1t th\u00e2n c\u00e2y v\u00e0 c\u1eaft ng\u1ecdn ch\u00ednh).<\/li>\n<\/ul>\n<h4>c) C\u1eaft t\u1ea1o ch\u1ed3i c\u00e2y<\/h4>\n<ul>\n<li>Khi c\u00e2y cao 40- 50cm th\u00ec c\u1eaft ng\u1ecdn \u1edf \u0111\u1ed9 cao 30 cm \u0111\u1ec3 t\u1ea1o ch\u1ed3i v\u01b0\u1ee3t. D\u00f9ng k\u00e9o s\u1eafc c\u1eaft ng\u1ecdn, c\u1eaft v\u00e1t 1 g\u00f3c 45<sup>0<\/sup> tr\u00e1nh l\u00e0m \u0111\u1ecdng n\u01b0\u1edbc tr\u00ean th\u00e2n c\u00e2y g\u00e2y th\u1ed1i ng\u1ecdn c\u00e2y. Duy tr\u00ec \u0111\u1ed9 cao 30cm cho c\u00e1c c\u00e2y \u1edf v\u01b0\u1eddn v\u1eadt li\u1ec7u \u0111\u1ec3 t\u0103ng t\u00ednh tr\u1ebb h\u00f3a c\u1ee7a th\u00e2n v\u00e0 kh\u1ea3 n\u0103ng b\u1eadt ch\u1ed3i m\u1edbi.<\/li>\n<li>Khi ch\u1ed3i v\u01b0\u1ee3t d\u00e0i 10-30 cm th\u00ec c\u1eaft hom t\u1eeb ch\u1ed3i v\u01b0\u1ee3t, sau \u0111\u00f3 c\u1ee9 45- 55 ng\u00e0y th\u00ec c\u1eaft hom m\u1ed9t l\u1ea7n. Ch\u1ec9 c\u1eaft hom v\u00e0o nh\u1eefng ng\u00e0y r\u00e2m m\u00e1t.<\/li>\n<li>Khi c\u1eaft hom ch\u00fa \u00fd \u0111\u1ec3 l\u1ea1i 5-7 cm c\u1ee7a hom \u0111\u1ec3 t\u1ea1o ch\u1ed3i cho l\u1ea7n c\u1eaft sau<\/li>\n<li>Sau l\u1ea7n c\u1eaft hom cu\u1ed1i c\u00f9ng trong n\u0103m ph\u1ea3i c\u1eaft t\u1ec9a t\u00e1n, d\u1ecdn c\u1ecf d\u1ea1i, ch\u0103m s\u00f3c cho v\u01b0\u1eddn v\u1eadt li\u1ec7u \u0111\u1ec3 chu\u1ea9n b\u1ecb ngu\u1ed3n hom n\u0103m sau \u0111\u1ea1t s\u1ea3n l\u01b0\u1ee3ng v\u00e0 ch\u1ea5t l\u01b0\u1ee3ng cao.<\/li>\n<\/ul>\n<h3><a name=\"_Toc70512195\"><\/a>2. Qu\u1ea3n l\u00fd hom gi\u00e2m<\/h3>\n<h4>a) Ch\u1ecdn v\u00e0 c\u1eaft hom<\/h4>\n<ul>\n<li>Hom d\u00f9ng \u0111\u1ec3 l\u00e0m v\u1eadt li\u1ec7u gi\u00e2m l\u00e0 hom c\u1ea5p 1 t\u1eeb c\u00e1c c\u00e2y 2 tu\u1ed5i, hom d\u00e0i 10- 15 cm, c\u00e1c c\u1ee5m l\u00e1 d\u00e0i 3- 4 cm, kh\u00f4ng b\u1ecb s\u00e2u b\u1ec7nh.<\/li>\n<li>D\u00f9ng k\u00e9o ho\u1eb7c dao s\u1eafc c\u1eaft c\u00e1c hom \u0111\u1ee7 ti\u00eau chu\u1ea9n theo ti\u1ebft di\u1ec7n ngang, kh\u00f4ng \u0111\u1ec3 hom b\u1ecb d\u1eadp n\u00e1t.<\/li>\n<li>C\u1eaft hom v\u00e0o bu\u1ed5i s\u00e1ng, hom \u0111\u00e3 c\u1eaft ph\u1ea3i b\u1ea3o qu\u1ea3n n\u01a1i r\u00e2m m\u00e1t v\u00e0 \u0111\u01b0\u1ee3c gi\u00e2m hom trong ng\u00e0y.<\/li>\n<\/ul>\n<h4>b) X\u1eed l\u00fd hom<\/h4>\n<p>Hom \u0111\u00e3 c\u1eaft \u0111\u01b0\u1ee3c ng\u00e2m v\u00e0o dung d\u1ecbch ch\u1ed1ng n\u1ea5m Anvil 5SC n\u1ed3ng \u0111\u1ed9 0,3% (3ml pha v\u1edbi 1 l\u00edt n\u01b0\u1edbc) trong th\u1eddi gian 15 ph\u00fat sau \u0111\u00f3 v\u1edbt hom ra khay cho r\u00e1o n\u01b0\u1edbc. Khi gi\u00e2m hom, ch\u1ea5m g\u1ed1c hom v\u00e0o dung d\u1ecbch NAA n\u1ed3ng \u0111\u1ed9 1.500ppm sao cho g\u1ed1c hom ng\u1eadp trong dung d\u1ecbch t\u1eeb 2-3 cm trong th\u1eddi gian 5 ph\u00fat sau \u0111\u00f3 c\u1ea5y v\u00e0o lu\u1ed1ng gi\u00e2m hom.<\/p>\n<h4>c) Gi\u00e2m hom<\/h4>\n<ul>\n<li>Gi\u00e1 th\u1ec3 gi\u00e2m hom l\u00e0 c\u00e1t v\u00e0ng (Tr\u01b0\u1edbc khi c\u1ea5y hom 2-3 ng\u00e0y, c\u00e1t v\u00e0ng s\u1ea1ch c\u1ea7n \u0111\u01b0\u1ee3c ph\u01a1i kh\u00f4 v\u00e0 s\u00e0ng m\u1ecbn, \u0111\u1ed5 tr\u00ean n\u1ec1n b\u00ea t\u00f4ng c\u1ee7a lu\u1ed1ng v\u1edbi \u0111\u1ed9 d\u00e0y 10-15 cm). Gi\u00e1 th\u1ec3 gi\u00e2m hom ph\u1ea3i \u0111\u01b0\u1ee3c x\u1eed l\u00fd thu\u1ed1c ch\u1ed1ng n\u1ea5m Anvil 5SC n\u1ed3ng \u0111\u1ed9 0,3% (3ml pha v\u1edbi 1 l\u00edt n\u01b0\u1edbc) phun \u0111\u1ec1u tr\u00ean to\u00e0n b\u1ed9 m\u1eb7t lu\u1ed1ng \u0111\u1ec3 gi\u1ea3m thi\u1ec3u nguy c\u01a1 c\u1ee7a n\u1ea5m b\u1ec7nh, tr\u01b0\u1edbc khi c\u1ea5y hom c\u1ea7n t\u01b0\u1edbi \u0111\u1ee7 \u1ea9m.<\/li>\n<li>Hom \u0111\u01b0\u1ee3c c\u1eafm \u0111\u1ee9ng s\u00e2u kho\u1ea3ng 2-3 cm theo kho\u1ea3ng c\u00e1ch c\u00e2y c\u00e1ch c\u00e2y 5 cm, h\u00e0ng c\u00e1ch h\u00e0ng 10 cm. \u0110\u1eady nilon tr\u1eafng l\u00ean v\u00f2m che to\u00e0n b\u1ed9 lu\u1ed1ng gi\u00e2m hom nh\u1eb1m gi\u1eef nhi\u1ec7t v\u00e0 \u1ea9m cho hom gi\u00e2m.<\/li>\n<li>M\u00f9a gi\u00e2m hom th\u00edch h\u1ee3p l\u00e0 c\u00e1c th\u00e1ng \u0111\u00f4ng xu\u00e2n.<\/li>\n<\/ul>\n<h3><a name=\"_Toc70512196\"><\/a>3. Ch\u0103m s\u00f3c sau khi gi\u00e2m<\/h3>\n<h4>a) T\u01b0\u1edbi n\u01b0\u1edbc<\/h4>\n<ul>\n<li>T\u01b0\u1edbi \u1ea9m cho hom gi\u00e2m b\u1eb1ng n\u01b0\u1edbc s\u1ea1ch, h\u1ec7 th\u1ed1ng phun t\u1ef1 \u0111\u1ed9ng \u0111\u1ea3m b\u1ea3o \u0111\u1ed3ng \u0111\u1ec1u tr\u00ean 75% v\u1ec1 l\u01b0\u1ee3ng t\u01b0\u1edbi tr\u00ean m\u1eb7t lu\u1ed1ng, vi\u1ec7c t\u01b0\u1edbi phun \u0111\u01b0\u1ee3c ti\u1ebfn h\u00e0nh h\u00e0ng ng\u00e0y, th\u1eddi gian phun t\u1eeb 7h s\u00e1ng \u0111\u1ebfn 5h chi\u1ec1u, gi\u00e3n c\u00e1ch gi\u1eefa hai l\u1ea7n phun l\u00e0 60 ph\u00fat, th\u1eddi gian phun m\u1ed7i l\u1ea7n t\u1eeb 10\u201315 gi\u00e2y. Kh\u00f4ng t\u01b0\u1edbi phun v\u00e0o ban \u0111\u00eam. Sau 60-65 ng\u00e0y chuy\u1ec3n c\u00e2y v\u00e0o b\u1ea7u (th\u00e0nh ph\u1ea7n 89% \u0111\u1ea5t v\u01b0\u1eddn \u01b0\u01a1m, 10% ph\u00e2n h\u1eefu c\u01a1, 1% ph\u00e2n l\u00e2n).<\/li>\n<li>Sau khi gi\u00e2m 2,5 th\u00e1ng th\u00ec chuy\u1ec3n b\u1ea7u hom c\u00f3 l\u00e1 c\u00f2n xanh (\u0111\u00e3 ra r\u1ec5) ra kh\u1ecfi l\u1ec1u nilon. C\u00e2y mang ra kh\u1ecfi l\u1ec1u nilon \u0111\u01b0\u1ee3c x\u1ebfp theo lu\u1ed1ng r\u1ed9ng 1m r\u1ed3i vun \u0111\u1ea5t quanh lu\u1ed1ng, che n\u1eafng 80% v\u00e0 t\u01b0\u1edbi n\u01b0\u1edbc ng\u00e0y 2 l\u1ea7n\/ng\u00e0y. Khi c\u00e2y \u0111\u01b0\u1ee3c 1 th\u00e1ng b\u1ecf ho\u00e0n to\u00e0n l\u01b0\u1edbi che, t\u01b0\u1edbi n\u01b0\u1edbc nh\u01b0 c\u00e2y v\u01b0\u1eddn \u01b0\u01a1m, l\u01b0\u1ee3ng t\u01b0\u1edbi v\u00e0 s\u1ed1 l\u1ea7n t\u01b0\u1edbi thay \u0111\u1ed5i theo \u0111i\u1ec1u ki\u1ec7n th\u1eddi ti\u1ebft t\u1eebng n\u01a1i.<\/li>\n<\/ul>\n<h4>b) L\u00e0m c\u1ecf, b\u00f3n ph\u00e2n<\/h4>\n<ul>\n<li>\u0110\u1ecbnh k\u1ef3 30 ng\u00e0y x\u1edbi \u0111\u1ea5t ph\u00e1 v\u00e1ng 1 l\u1ea7n, nh\u1ed5 s\u1ea1ch c\u1ecf, phun thu\u1ed1c dung d\u1ecbch Anvil 5sc 0,2% \u0111\u1ecbnh k\u1ef3 30 ng\u00e0y 1 l\u1ea7n \u0111\u1ec3 ph\u00f2ng n\u1ea5m b\u1ec7nh cho c\u00e2y con. T\u01b0\u1edbi th\u00fac b\u1eb1ng ph\u00e2n NPK 10.5.5 n\u1ed3ng \u0111\u1ed9 1% v\u00e0 t\u01b0\u1edbi \u0111\u1ee7 \u1ea9m tu\u1ef3 theo \u0111i\u1ec1u ki\u1ec7n th\u1eddi ti\u1ebft c\u1ee5 th\u1ec3.<\/li>\n<li>Tr\u01b0\u1edbc khi xu\u1ea5t v\u01b0\u1eddn, c\u1ea7n \u0111\u1ea3o b\u1ea7u tr\u01b0\u1edbc 25-30 ng\u00e0y v\u00e0 lo\u1ea1i b\u1ecf c\u00e2y ch\u1ebft, c\u00e2y sinh tr\u01b0\u1edfng k\u00e9m.<\/li>\n<\/ul>\n<h3><a name=\"_Toc70512197\"><\/a>4. Ti\u00eau chu\u1ea9n c\u00e2y gi\u1ed1ng xu\u1ea5t v\u01b0\u1eddn<\/h3>\n<ul>\n<li>Chi\u1ec1u cao c\u00e2y \u0111\u1ea1t t\u1eeb 15-30 cm; \u0110\u01b0\u1eddng k\u00ednh c\u1ed5 r\u1ec5 \u0111\u1ea1t 0,5- 1cm;<\/li>\n<li>Th\u00e2n th\u1eb3ng, h\u00ecnh d\u00e1ng th\u00e2n \u0111\u1eb9p, c\u00f3 ch\u1ed3i ch\u00ednh sinh tr\u01b0\u1edfng v\u01b0\u1ee3t tr\u1ed9i, kh\u00f4ng c\u00f3 bi\u1ec3u hi\u1ec7n c\u1ee7a s\u00e2u b\u1ec7nh v\u00e0 h\u00f3a ch\u1ea5t g\u00e2y h\u01b0 h\u1ea1i;<\/li>\n<li>C\u00e2y c\u1ee9ng c\u00e1p, kh\u1ecfe m\u1ea1nh, l\u00e1 m\u00e0u xanh.<\/li>\n<li>B\u1ed9 r\u1ec5 chi\u1ebfm to\u00e0n b\u1ed9 l\u00f5i b\u1ea7u, r\u1ec5 con nhi\u1ec1u b\u00e1n ra kh\u1ecfi b\u1ea7u<\/li>\n<\/ul>\n<table width=\"100%\">\n<tbody>\n<tr>\n<td>\u0110\u1ecaA \u0110I\u1ec2M \u1ee8NG D\u1ee4NG<\/td>\n<\/tr>\n<\/tbody>\n<\/table>\n<p>C\u00e1c t\u1ec9nh v\u00f9ng \u0110\u00f4ng B\u1eafc B\u1ed9 v\u00e0 B\u1eafc Trung B\u1ed9<\/p>\n<table width=\"100%\">\n<tbody>\n<tr>\n<td>\u0110I\u1ec0U KI\u1ec6N \u1ee8NG D\u1ee4NG<\/td>\n<\/tr>\n<\/tbody>\n<\/table>\n<p>Ti\u1ebfn b\u1ed9 k\u1ef9 thu\u1eadt n\u00e0y \u0111\u01b0\u1ee3c \u00e1p d\u1ee5ng cho t\u1ea5t c\u1ea3 c\u00e1c t\u1ed5 ch\u1ee9c, c\u00e1 nh\u00e2n c\u00f3 \u0111\u1ee7 \u0111i\u1ec1u ki\u1ec7n v\u1ec1 c\u01a1 s\u1edf v\u1eadt ch\u1ea5t, ngu\u1ed3n gi\u1ed1ng v\u00e0 nh\u00e2n l\u1ef1c nh\u00e2n gi\u1ed1ng b\u1eb1ng ph\u01b0\u01a1ng ph\u00e1p gi\u00e2m hom.<\/p>\n<ul>\n<li>C\u01a1 s\u1edf h\u1ea1 t\u1ea7ng: H\u1ec7 th\u1ed1ng v\u01b0\u1eddn \u01b0\u01a1m \u0111\u00e1p \u1ee9ng nhu c\u1ea7u c\u01a1 b\u1ea3n v\u1ec1 ch\u1ebf \u0111\u1ed9 che s\u00e1ng, t\u01b0\u1edbi ti\u00eau.<\/li>\n<li>Ngu\u1ed3n gi\u1ed1ng: C\u00f3 v\u01b0\u1eddn v\u1eadt li\u1ec7u Th\u00f4ng carib\u00ea c\u1ee7a c\u00e1c gi\u1ed1ng c\u00f3 ngu\u1ed3n g\u1ed1c r\u00f5 r\u00e0ng, \u0111\u00e3 \u0111\u01b0\u1ee3c tuy\u1ec3n ch\u1ecdn v\u00e0 c\u00f3 ch\u1ea5t l\u01b0\u1ee3ng di truy\u1ec1n \u0111\u00e3 \u0111\u01b0\u1ee3c c\u1ea3i thi\u1ec7n;<\/li>\n<li>Nh\u00e2n l\u1ef1c: C\u00f3 nh\u00e2n vi\u00ean k\u1ef9 thu\u1eadt th\u00e0nh th\u1ea1o v\u1ec1 k\u1ef9 thu\u1eadt nh\u00e2n gi\u1ed1ng b\u1eb1ng ph\u01b0\u01a1ng ph\u00e1p gi\u00e2m hom v\u00e0 ch\u0103m s\u00f3c c\u00e2y gi\u1ed1ng t\u1ea1i v\u01b0\u1eddn \u01b0\u01a1m.<\/li>\n<\/ul>\n<h2><\/h2>\n","protected":false},"excerpt":{"rendered":"<p>&nbsp; TH\u00d4NG TIN CHUNG C\u00f4ng nh\u1eadn t\u1ea1i Quy\u1ebft \u0111\u1ecbnh 74\/Q\u0110-TCLN-KH&amp;HTQT c\u1ee7a T\u1ed5ng c\u1ee5c L\u00e2m nghi\u1ec7p, B\u1ed9 N\u00f4ng nghi\u1ec7p v\u00e0 Ph\u00e1t tri\u1ec3n N\u00f4ng th\u00f4n ng\u00e0y 13 th\u00e1ng 4 n\u0103m 2021. T\u00e1c gi\u1ea3: C\u1ea5n Th\u1ecb Lan, Tr\u1ecbnh V\u0103n Hi\u1ec7u, Nguy\u1ec5n Th\u1ecb Thu Dung, Nguy\u1ec5n \u0110\u00ecnh H\u1ea3i, Ho\u00e0ng Thanh Thi\u1ec7n. N\u1ed8I DUNG CH\u00cdNH 1. Qu\u1ea3n l\u00fd v\u01b0\u1eddn v\u1eadt [&hellip;]<\/p>\n","protected":false},"author":2,"featured_media":0,"parent":0,"menu_order":0,"comment_status":"closed","ping_status":"closed","template":"","meta":[],"_links":{"self":[{"href":"https:\/\/vafs.gov.vn\/vn\/wp-json\/wp\/v2\/pages\/21217"}],"collection":[{"href":"https:\/\/vafs.gov.vn\/vn\/wp-json\/wp\/v2\/pages"}],"about":[{"href":"https:\/\/vafs.gov.vn\/vn\/wp-json\/wp\/v2\/types\/page"}],"author":[{"embeddable":true,"href":"https:\/\/vafs.gov.vn\/vn\/wp-json\/wp\/v2\/users\/2"}],"replies":[{"embeddable":true,"href":"https:\/\/vafs.gov.vn\/vn\/wp-json\/wp\/v2\/comments?post=21217"}],"version-history":[{"count":1,"href":"https:\/\/vafs.gov.vn\/vn\/wp-json\/wp\/v2\/pages\/21217\/revisions"}],"predecessor-version":[{"id":21218,"href":"https:\/\/vafs.gov.vn\/vn\/wp-json\/wp\/v2\/pages\/21217\/revisions\/21218"}],"wp:attachment":[{"href":"https:\/\/vafs.gov.vn\/vn\/wp-json\/wp\/v2\/media?parent=21217"}],"curies":[{"name":"wp","href":"https:\/\/api.w.org\/{rel}","templated":true}]}}