{"id":1909,"date":"2013-08-02T23:57:12","date_gmt":"2013-08-02T16:57:12","guid":{"rendered":"http:\/\/vafs.gov.vn\/vn\/?page_id=1909"},"modified":"2025-09-04T12:29:10","modified_gmt":"2025-09-04T05:29:10","slug":"trung-tam-khoa-hoc-lam-nghiep-bac-trung-bo","status":"publish","type":"page","link":"https:\/\/vafs.gov.vn\/vn\/trung-tam-khoa-hoc-lam-nghiep-bac-trung-bo\/","title":{"rendered":"Trung t\u00e2m Khoa h\u1ecdc L\u00e2m nghi\u1ec7p B\u1eafc Trung B\u1ed9"},"content":{"rendered":"<p><strong>Quy\u1ebft \u0111\u1ecbnh th\u00e0nh l\u1eadp:<\/strong><\/p>\n<p>Trung t\u00e2m Khoa h\u1ecdc S\u1ea3n xu\u1ea5t L\u00e2m nghi\u1ec7p v\u00f9ng B\u1eafc Trung B\u1ed9 (Forest Science Centre for North of Central Vietnam &#8211; FSNC) tr\u1ef1c thu\u1ed9c Vi\u1ec7n Khoa h\u1ecdc L\u00e2m nghi\u1ec7p Vi\u1ec7t Nam, \u0111\u01b0\u1ee3c th\u00e0nh l\u1eadp tr\u00ean c\u01a1 s\u1edf s\u00e1p nh\u1eadp hai \u0111\u01a1n v\u1ecb: Tr\u1ea1m Th\u1ef1c nghi\u1ec7m L\u00e2m sinh khu IV v\u00e0 X\u00ed nghi\u1ec7p L\u00e2m nghi\u1ec7p \u0110\u01b0\u1eddng 9 theo Quy\u1ebft \u0111\u1ecbnh s\u1ed1 70\/TCL\u0110 ng\u00e0y 07 th\u00e1ng 2 n\u0103m 1990 c\u1ee7a B\u1ed9 L\u00e2m nghi\u1ec7p nay l\u00e0 B\u1ed9 N\u00f4ng nghi\u1ec7p v\u00e0 Ph\u00e1t tri\u1ec3n n\u00f4ng th\u00f4n. N\u0103m 2012, Trung t\u00e2m Khoa h\u1ecdc Khoa h\u1ecdc L\u00e2m nghi\u1ec7p B\u1eafc Trung B\u1ed9 \u0111\u01b0\u1ee3c \u0111\u01b0\u1ee3c th\u00e0nh l\u1eadp tr\u00ean c\u01a1 s\u1edf t\u1ed5 ch\u1ee9c l\u1ea1i Trung t\u00e2m Khoa h\u1ecdc S\u1ea3n xu\u1ea5t L\u00e2m nghi\u1ec7p v\u00f9ng B\u1eafc Trung B\u1ed9 theo Quy\u1ebft \u0111\u1ecbnh s\u1ed1 2068\/Q\u0110-BNN-TCCB ng\u00e0y 29 th\u00e1ng 08 n\u0103m 2012 c\u1ee7a B\u1ed9 N\u00f4ng nghi\u1ec7p v\u00e0 Ph\u00e1t tri\u1ec3n n\u00f4ng th\u00f4n.<\/p>\n<p><a href=\"http:\/\/vafs.gov.vn\/vn\/trung-tam-khoa-hoc-lam-nghiep-bac-trung-bo\/tt-bactrungbo\/\" rel=\"attachment wp-att-22033\"><img decoding=\"async\" loading=\"lazy\" class=\"aligncenter wp-image-22033 size-medium\" src=\"http:\/\/vafs.gov.vn\/vn\/wp-content\/uploads\/sites\/2\/2022\/07\/TT-BacTrungBo-500x357.jpg\" alt=\"\" width=\"500\" height=\"357\" srcset=\"https:\/\/vafs.gov.vn\/vn\/wp-content\/uploads\/sites\/2\/2022\/07\/TT-BacTrungBo-500x357.jpg 500w, https:\/\/vafs.gov.vn\/vn\/wp-content\/uploads\/sites\/2\/2022\/07\/TT-BacTrungBo-768x548.jpg 768w, https:\/\/vafs.gov.vn\/vn\/wp-content\/uploads\/sites\/2\/2022\/07\/TT-BacTrungBo-1024x731.jpg 1024w\" sizes=\"(max-width: 500px) 100vw, 500px\" \/><\/a><\/p>\n<p><strong>C\u01a1 c\u1ea5u t\u1ed5 ch\u1ee9c v\u00e0 nh\u00e2n s\u1ef1:<\/strong><\/p>\n<p>C\u01a1 c\u1ea5u t\u1ed5 ch\u1ee9c c\u1ee7a Trung t\u00e2m g\u1ed3m: Ban l\u00e3nh \u0111\u1ea1o v\u00e0 05 \u0111\u01a1n v\u1ecb tr\u1ef1c thu\u1ed9c<\/p>\n<p>T\u1ed5ng s\u1ed1 vi\u00ean ch\u1ee9c, lao \u0111\u1ed9ng h\u1ee3p \u0111\u1ed3ng l\u00e0 40 ng\u01b0\u1eddi, trong \u0111\u00f3: 03 Ti\u1ebfn s\u0129, 01 NCS, 15 Th\u1ea1c s\u1ef9, 14 K\u1ef9 s\u01b0, 07 Nh\u00e2n vi\u00ean k\u1ef9 thu\u1eadt.<\/p>\n<p>Gi\u00e1m \u0111\u1ed1c\u00a0\u00a0\u00a0\u00a0\u00a0\u00a0\u00a0\u00a0\u00a0 : TS. Ph\u1ea1m Xu\u00e2n \u0110\u1ec9nh<\/p>\n<p>Ph\u00f3 Gi\u00e1m \u0111\u1ed1c\u00a0\u00a0 : TS. Nguy\u1ec5n Th\u1ecb Li\u1ec7u; TS. V\u0169 \u0110\u1ee9c B\u00ecnh<\/p>\n<table width=\"672\">\n<tbody>\n<tr>\n<td width=\"36\"><strong>TT<\/strong><\/td>\n<td width=\"366\"><strong>C\u00e1c \u0111\u01a1n v\u1ecb tr\u1ef1c thu\u1ed9c<\/strong><\/td>\n<td width=\"270\"><strong>Tr\u01b0\u1edfng\/ph\u1ee5 tr\u00e1ch \u0111\u01a1n v\u1ecb<\/strong><\/td>\n<\/tr>\n<tr>\n<td width=\"36\">1<\/td>\n<td width=\"366\">V\u0103n Ph\u00f2ng Trung t\u00e2m<\/td>\n<td width=\"270\">ThS. H\u00e0 V\u0103n Thi\u1ec7n<\/td>\n<\/tr>\n<tr>\n<td width=\"36\">2<\/td>\n<td width=\"366\">B\u1ed9 m\u00f4n Nghi\u00ean c\u1ee9u L\u00e2m sinh<\/td>\n<td width=\"270\">ThS. Nguy\u1ec5n H\u1ea3i Th\u00e0nh<\/td>\n<\/tr>\n<tr>\n<td width=\"36\">3<\/td>\n<td width=\"366\">B\u1ed9 m\u00f4n Nghi\u00ean c\u1ee9u Gi\u1ed1ng v\u00e0 C\u00f4ng ngh\u1ec7 sinh h\u1ecdc<\/td>\n<td width=\"270\">ThS. Nguy\u1ec5n Th\u1ecb Thanh Nga<\/td>\n<\/tr>\n<tr>\n<td width=\"36\">4<\/td>\n<td width=\"366\">Tr\u1ea1m Th\u1ef1c nghi\u1ec7m L\u00e2m nghi\u1ec7p \u0110\u00f4ng H\u00e0<\/td>\n<td width=\"270\">ThS. Ph\u1ea1m Ti\u1ebfn H\u00f9ng<\/td>\n<\/tr>\n<tr>\n<td width=\"36\">5<\/td>\n<td width=\"366\">Trung t\u00e2m \u0110\u00e0o t\u1ea1o v\u1ec1 Qu\u1ea3n l\u00fd r\u1eebng b\u1ec1n v\u1eefng v\u00e0 CCR<\/td>\n<td width=\"270\">TS. Nguy\u1ec5n Th\u1ecb Li\u1ec7u<\/td>\n<\/tr>\n<\/tbody>\n<\/table>\n<p><strong>L\u0129nh v\u1ef1c ho\u1ea1t \u0111\u1ed9ng ch\u00ednh:<\/strong><\/p>\n<p>Trung t\u00e2m Khoa ho\u0323c L\u00e2m nghi\u00ea\u0323p B\u0103\u0301c Trung B\u00f4\u0323 la\u0300 t\u00f4\u0309 ch\u01b0\u0301c s\u01b0\u0323 nghi\u00ea\u0323p khoa ho\u0323c c\u00f4ng l\u00e2\u0323p co\u0301 ch\u01b0\u0301c n\u0103ng nghi\u00ean c\u01b0\u0301u khoa ho\u0323c, chuy\u00ea\u0309n giao c\u00f4ng ngh\u00ea\u0323, h\u01a1\u0323p ta\u0301c qu\u00f4\u0301c t\u00ea\u0301, t\u01b0 v\u00e2\u0301n va\u0300 tham gia \u0111a\u0300o ta\u0323o v\u00ea\u0300 li\u0303nh v\u01b0\u0323c l\u00e2m nghi\u00ea\u0323p vu\u0300ng B\u0103\u0301c Trung B\u00f4\u0323,<\/p>\n<p><strong>C\u01a1 s\u1edf V\u1eadt ch\u1ea5t<\/strong><\/p>\n<p>&#8211; Tr\u1ee5 s\u1edf V\u0103n ph\u00f2ng t\u1ea1i th\u00e0nh ph\u1ed1 \u0110\u00f4ng H\u00e0 v\u00e0 Tr\u1ea1m Th\u1ef1c nghi\u1ec7m L\u00e2m nghi\u1ec7p t\u1ea1i Cam L\u1ed9, Qu\u1ea3ng Tr\u1ecb.<\/p>\n<p>&#8211; Ph\u00f2ng nu\u00f4i c\u1ea5y m\u00f4 ph\u1ee5c v\u1ee5 nghi\u00ean c\u1ee9u; H\u1ec7 th\u1ed1ng thi\u1ebft b\u1ecb ph\u1ee5c v\u1ee5 nghi\u00ean c\u1ee9u.<\/p>\n<p>&#8211; V\u01b0\u1eddn \u01b0\u01a1m c\u00f4ng ngh\u1ec7 cao ph\u1ee5c v\u1ee5 nghi\u00ean c\u1ee9u.<\/p>\n<p>&#8211; 810,1 ha \u0111\u1ea5t r\u1eebng \u0111\u1eb7c d\u1ee5ng nghi\u00ean c\u1ee9u khoa h\u1ecdc.<\/p>\n<p><strong>Nh\u1eefng th\u00e0nh t\u00edch \u0111\u00e3 \u0111\u1ea1t \u0111\u01b0\u1ee3c<\/strong><\/p>\n<p>Trong h\u01a1n 50 n\u0103m h\u00ecnh th\u00e0nh, ho\u1ea1t \u0111\u1ed9ng v\u00e0 ph\u00e1t tri\u1ec3n, tr\u1ea3i qua nhi\u1ec1u giai \u0111o\u1ea1n Trung t\u00e2m \u0111\u00e3 th\u1ef1c hi\u1ec7n nhi\u1ec1u nhi\u1ec7m v\u1ee5 kh\u00e1c nhau. Giai \u0111o\u1ea1n\u00a0 1973-1990 l\u00e0 gia \u0111o\u1ea1n s\u00e1t nh\u1eadp Tr\u1ea1m th\u1ef1c nghi\u1ec7m l\u00e2m sinh khu 4 v\u00e0 x\u00ed nghi\u1ec7p L\u00e2m nghi\u1ec7p \u0111\u01b0\u1eddng 9. Trung t\u00e2m ch\u1ee7 y\u1ebfu th\u1ef1c hi\u1ec7n c\u00e1c \u0111\u1ec1 t\u00e0i th\u1ef1c nghi\u1ec7m\u00a0 ph\u1ee5c v\u1ee5 ph\u1ee5c h\u1ed3i r\u1eebng sau chi\u1ebfn tranh. Giai \u0111o\u1ea1n 1990- nay th\u1ef1c hi\u1ec7n 01 \u0111\u1ec1 t\u00e0i c\u1ea5p Nh\u00e0 n\u01b0\u1edbc, 03 nhi\u1ec7m v\u1ee5 tr\u1ecdng \u0111i\u1ec3m c\u1ea5p B\u1ed9, 04 nhi\u1ec7m v\u1ee5, \u0111\u1ec1 t\u00e0i c\u1ea5p B\u1ed9, 02 \u0111\u1ec1 c\u1ea5p T\u1ec9nh, 16 \u0111\u1ec1 t\u00e0i c\u1ea5p c\u01a1 s\u1edf v\u00e0 08 D\u1ef1 \u00e1n Khoa h\u1ecdc C\u00f4ng ngh\u1ec7; C\u00f4ng b\u1ed1 02 b\u00e0i b\u00e1o tr\u00ean c\u00e1c t\u1ea1p ch\u00ed qu\u1ed1c t\u1ebf, 37 b\u00e0i b\u00e1o tr\u00ean c\u00e1c t\u1ea1p ch\u00ed trong n\u01b0\u1edbc; 01 ti\u1ebfn b\u1ed9 k\u1ef9 thu\u1eadt \u0111\u01b0\u1ee3c c\u00f4ng nh\u1eadn; X\u00e2y d\u1ef1ng \u0111\u01b0\u1ee3c nhi\u1ec1u h\u01b0\u1edbng d\u1eabn k\u1ef9 thu\u1eadt v\u1ec1 tr\u1ed3ng v\u00e0 qu\u1ea3n l\u00fd r\u1eebng b\u1ec1n v\u1eefng; X\u00e2y d\u1ef1ng \u0111\u01b0\u1ee3c nhi\u1ec1u m\u00f4 h\u00ecnh tr\u00ecnh di\u1ec5n v\u1ec1 gi\u1ed1ng v\u00e0 k\u1ef9 thu\u1eadt L\u00e2m sinh t\u1ea1i hi\u1ec7n tr\u01b0\u1eddng r\u1eebng c\u1ee7a Trung t\u00e2m v\u00e0 c\u00e1c \u0111\u1ecba ph\u01b0\u01a1ng.<\/p>\n<p><strong>C\u00e1c th\u00e0nh t\u00edch \u0111\u00e3 \u0111\u01b0\u1ee3c khen th\u01b0\u1edfng <\/strong><\/p>\n<p><strong>\u00a0\u00a0\u00a0\u00a0\u00a0\u00a0\u00a0\u00a0\u00a0\u00a0\u00a0 DANH HI\u1ec6U THI \u0110UA<\/strong><\/p>\n<table width=\"654\">\n<tbody>\n<tr>\n<td width=\"52\"><strong>N\u0103m<\/strong><\/td>\n<td width=\"178\"><strong>Danh hi\u1ec7u thi \u0111ua<\/strong><\/td>\n<td width=\"424\"><strong>S\u1ed1, ng\u00e0y, th\u00e1ng, n\u0103m quy\u1ebft \u0111\u1ecbnh c\u00f4ng nh\u1eadn danh hi\u1ec7u thi \u0111ua; C\u01a1 quan ban h\u00e0nh quy\u1ebft \u0111\u1ecbnh<\/strong><\/td>\n<\/tr>\n<tr>\n<td width=\"52\">2011<\/td>\n<td width=\"178\">B\u1eb1ng khen c\u1ee7a B\u1ed9 tr\u01b0\u1edfng<\/td>\n<td width=\"424\">Q\u0110 s\u1ed1 1090\/Q\u0110-BNN ng\u00e0y 14\/5\/2012 c\u1ee7a B\u1ed9 tr\u01b0\u1edfng B\u1ed9 N\u00f4ng nghi\u1ec7p v\u00e0 Ph\u00e1t tri\u1ec3n n\u00f4ng th\u00f4n.<\/td>\n<\/tr>\n<tr>\n<td width=\"52\">2013<\/td>\n<td width=\"178\">B\u1eb1ng khen c\u1ee7a Th\u1ee7 t\u01b0\u1edbng Ch\u00ednh ph\u1ee7<\/td>\n<td width=\"424\">Q\u0110 s\u1ed1 2103\/Q\u0110-TTg ng\u00e0y 10\/11\/2013 c\u1ee7a Th\u1ee7 t\u01b0\u1edbng Ch\u00ednh ph\u1ee7 n\u01b0\u1edbc c\u1ed9ng h\u00f2a XHCN Vi\u1ec7t Nam<\/td>\n<\/tr>\n<tr>\n<td width=\"52\">2018<\/td>\n<td width=\"178\">B\u1eb1ng khen c\u1ee7a B\u1ed9 tr\u01b0\u1edfng<\/td>\n<td width=\"424\">Q\u0110 s\u1ed1 1953\/Q\u0110-BNN-TCCB ng\u00e0y 30\/5\/2018 c\u1ee7a B\u1ed9 tr\u01b0\u1edfng B\u1ed9 N\u00f4ng nghi\u1ec7p v\u00e0 Ph\u00e1t tri\u1ec3n n\u00f4ng th\u00f4n.<\/td>\n<\/tr>\n<tr>\n<td width=\"52\">2019<\/td>\n<td width=\"178\">C\u1edd thi \u0111ua c\u1ee7a UBND t\u1ec9nh Qu\u1ea3ng Tr\u1ecb<\/td>\n<td width=\"424\">Q\u0110 240\/Q\u0110-UBND ng\u00e0y 20\/01\/2020 c\u1ee7a UBND t\u1ec9nh Qu\u1ea3ng Tr\u1ecb.<\/td>\n<\/tr>\n<tr>\n<td width=\"52\">2020<\/td>\n<td width=\"178\">C\u1edd thi \u0111ua c\u1ee7a B\u1ed9 n\u00f4ng nghi\u1ec7p &amp; PTNT<\/td>\n<td width=\"424\">Q\u0110 1338\/Q\u0110-BNN-TCCB ng\u00e0y 31\/03\/2021 c\u1ee7a B\u1ed9 n\u00f4ng nghi\u1ec7p &amp; ptnt<\/td>\n<\/tr>\n<tr>\n<td width=\"52\">2020 -2021<\/td>\n<td width=\"178\">T\u1eadp th\u1ec3 lao \u0111\u1ed9ng xu\u1ea5t s\u1eafc<\/td>\n<td width=\"424\">Q\u0110 39\/Q\u0110-KHLN\u00a0 ng\u00e0y 08\/1\/2021; Q\u0110 09\/Q\u0110- KHLN ng\u00e0y 06\/1\/2022<\/td>\n<\/tr>\n<\/tbody>\n<\/table>\n<p><strong>\u00a0\u00a0\u00a0\u00a0\u00a0\u00a0\u00a0\u00a0\u00a0\u00a0\u00a0 H\u00ccNH TH\u1ee8C KHEN TH\u01af\u1edeNG<\/strong><\/p>\n<table width=\"654\">\n<tbody>\n<tr>\n<td width=\"52\"><strong>N\u0103m<\/strong><\/td>\n<td width=\"178\"><strong>H\u00ecnh th\u1ee9c khen th\u01b0\u1edfng<\/strong><\/td>\n<td width=\"424\"><strong>S\u1ed1, ng\u00e0y, th\u00e1ng, n\u0103m quy\u1ebft \u0111\u1ecbnh c\u00f4ng nh\u1eadn h\u00ecnh th\u1ee9c khen th\u01b0\u1edfng; C\u01a1 quan ban h\u00e0nh quy\u1ebft \u0111\u1ecbnh<\/strong><\/td>\n<\/tr>\n<tr>\n<td width=\"52\">2008<\/td>\n<td width=\"178\">Hu\u00e2n ch\u01b0\u01a1ng lao \u0111\u1ed9ng h\u1ea1ngIII<\/td>\n<td width=\"424\">Q\u0110 s\u1ed1 1538\/Q\u0110-CTN ng\u00e0y 27\/10\/2008 c\u1ee7a Ch\u1ee7 t\u1ecbch n\u01b0\u1edbc C\u1ed9ng h\u00f2a x\u00e3 h\u1ed9i ch\u1ee7 ngh\u0129a Vi\u1ec7t Nam.<\/td>\n<\/tr>\n<tr>\n<td width=\"52\">2011<\/td>\n<td width=\"178\">B\u1eb1ng khen c\u1ee7a B\u1ed9 tr\u01b0\u1edfng b\u1ed9 NN&amp; PTNT<\/td>\n<td width=\"424\">Q\u0110 1090\/Q\u0110-BNN ng\u00e0y 14\/2\/2012 c\u1ee7a B\u1ed9 tr\u01b0\u1edfng b\u1ed9 NN &amp; PTNT<\/td>\n<\/tr>\n<tr>\n<td width=\"52\">2013<\/td>\n<td width=\"178\">B\u1eb1ng khen c\u1ee7a Th\u1ee7 t\u01b0\u1edbng Ch\u00ednh ph\u1ee7<\/td>\n<td width=\"424\">Q\u0110 2103\/Q\u0110-TTg ng\u00e0y 11\/11\/2013 c\u1ee7a Th\u1ee7 t\u01b0\u1edbng n\u01b0\u1edbc C\u1ed9ng h\u00f2a x\u00e3 h\u1ed9i ch\u1ee7 ngh\u0129a Vi\u1ec7t Nam<\/td>\n<\/tr>\n<tr>\n<td width=\"52\">2018<\/td>\n<td width=\"178\">B\u1eb1ng khen c\u1ee7a B\u1ed9 tr\u01b0\u1edfng<\/td>\n<td width=\"424\">Q\u0110 1953\/Q\u0110- BNN-TCCB ng\u00e0y 30\/5\/2018 c\u1ee7a B\u1ed9 tr\u01b0\u1edfng B\u1ed9 NN &amp; PTNT<\/td>\n<\/tr>\n<tr>\n<td width=\"52\">2018<\/td>\n<td width=\"178\">B\u1eb1ng khen c\u1ee7a B\u1ed9 tr\u01b0\u1edfng v\u1ec1 H\u1ecdc t\u1eadp v\u00e0 L\u00e0m theo t\u1ea5m g\u01b0\u01a1ng \u0111\u1ea1o \u0111\u1ee9c H\u1ed3 Ch\u00ed Minh<\/td>\n<td width=\"424\">Q\u0110 1639\/Q\u0110-BNN-TCCB\u00a0 ng\u00e0y 11\/05\/2018 c\u1ee7a B\u1ed9 tr\u01b0\u1edfng B\u1ed9 NN&amp; PTNT<\/td>\n<\/tr>\n<tr>\n<td width=\"52\">2018<\/td>\n<td width=\"178\">Gi\u1ea3i th\u01b0\u1edfng (B\u00f4ng l\u00faa v\u00e0ng Vi\u1ec7t Nam) c\u1ee7a B\u1ed9 NN &amp; PTNT<\/td>\n<td width=\"424\">Q\u0110 4264\/Q\u0110-BNN-TCCB ng\u00e0y 30\/10\/2018 c\u1ee7a B\u1ed9 tr\u01b0\u1edfng B\u1ed9 NN &amp; PTNT<\/td>\n<\/tr>\n<\/tbody>\n<\/table>\n<p><strong>\u0110\u1ecbnh h\u01b0\u1edbng ph\u00e1t tri\u1ec3n<\/strong><\/p>\n<p>&#8211; Nghi\u00ean c\u1ee9u kh\u1ea3o nghi\u1ec7m c\u00e1c gi\u1ed1ng nh\u1eadp, ch\u1ecdn t\u1ea1o gi\u1ed1ng v\u00e0 ph\u00e1t tri\u1ec3n s\u1ea3n xu\u1ea5t cho c\u00e1c lo\u00e0i c\u00e2y nh\u1eadp n\u1ed9i v\u00e0 c\u00e2y b\u1ea3n \u0111\u1ecba m\u1ecdc nhanh, \u01b0u ti\u00ean theo h\u01b0\u1edbng g\u1ed7 l\u1edbn nh\u1eb1m t\u1ea1o ra c\u00e1c gi\u1ed1ng m\u1edbi c\u00f3 n\u0103ng su\u1ea5t v\u00e0 ch\u1ea5t l\u01b0\u1ee3ng cao, ch\u1ed1ng ch\u1ecbu s\u00e2u b\u1ec7nh v\u00e0 c\u00e1c \u0111i\u1ec1u ki\u1ec7n b\u1ea5t l\u1ee3i tr\u00ean v\u00f9ng B\u1eafc Trung B\u1ed9. \u0110\u1ea9y m\u1ea1nh nghi\u00ean c\u1ee9u v\u00e0 \u1ee9ng d\u1ee5ng c\u00f4ng ngh\u1ec7 sinh h\u1ecdc trong nh\u00e2n gi\u1ed1ng c\u00e2y l\u00e2m nghi\u1ec7p ch\u1ea5t l\u01b0\u1ee3ng cao ph\u1ee5c v\u1ee5 tr\u1ed3ng r\u1eebng t\u1ea1i c\u00e1c t\u1ec9nh v\u00f9ng B\u1eafc Trung B\u1ed9.<\/p>\n<p><strong>\u0110\u1ecba ch\u1ec9 li\u00ean h\u1ec7: <\/strong>Trung t\u00e2m Khoa h\u1ecdc L\u00e2m nghi\u1ec7p B\u1eafc Trung B\u1ed9<\/p>\n<p>\u0110\u1ecba ch\u1ec9: S\u1ed1 273 \u0110\u01b0\u1eddng L\u00ea Du\u1ea9n, Ph\u01b0\u1eddng Nam \u0110\u00f4ng H\u00e0, T\u1ec9nh Qu\u1ea3ng Tr\u1ecb<\/p>\n<p>\u0110i\u1ec7n tho\u1ea1i: 0233.3852.225; Web: http:\/\/fscv.gov.vn\/<\/p>\n","protected":false},"excerpt":{"rendered":"<p>Quy\u1ebft \u0111\u1ecbnh th\u00e0nh l\u1eadp: Trung t\u00e2m Khoa h\u1ecdc S\u1ea3n xu\u1ea5t L\u00e2m nghi\u1ec7p v\u00f9ng B\u1eafc Trung B\u1ed9 (Forest Science Centre for North of Central Vietnam &#8211; FSNC) tr\u1ef1c thu\u1ed9c Vi\u1ec7n Khoa h\u1ecdc L\u00e2m nghi\u1ec7p Vi\u1ec7t Nam, \u0111\u01b0\u1ee3c th\u00e0nh l\u1eadp tr\u00ean c\u01a1 s\u1edf s\u00e1p nh\u1eadp hai \u0111\u01a1n v\u1ecb: Tr\u1ea1m Th\u1ef1c nghi\u1ec7m L\u00e2m sinh khu IV v\u00e0 X\u00ed [&hellip;]<\/p>\n","protected":false},"author":2,"featured_media":0,"parent":0,"menu_order":0,"comment_status":"open","ping_status":"open","template":"","meta":[],"_links":{"self":[{"href":"https:\/\/vafs.gov.vn\/vn\/wp-json\/wp\/v2\/pages\/1909"}],"collection":[{"href":"https:\/\/vafs.gov.vn\/vn\/wp-json\/wp\/v2\/pages"}],"about":[{"href":"https:\/\/vafs.gov.vn\/vn\/wp-json\/wp\/v2\/types\/page"}],"author":[{"embeddable":true,"href":"https:\/\/vafs.gov.vn\/vn\/wp-json\/wp\/v2\/users\/2"}],"replies":[{"embeddable":true,"href":"https:\/\/vafs.gov.vn\/vn\/wp-json\/wp\/v2\/comments?post=1909"}],"version-history":[{"count":5,"href":"https:\/\/vafs.gov.vn\/vn\/wp-json\/wp\/v2\/pages\/1909\/revisions"}],"predecessor-version":[{"id":23900,"href":"https:\/\/vafs.gov.vn\/vn\/wp-json\/wp\/v2\/pages\/1909\/revisions\/23900"}],"wp:attachment":[{"href":"https:\/\/vafs.gov.vn\/vn\/wp-json\/wp\/v2\/media?parent=1909"}],"curies":[{"name":"wp","href":"https:\/\/api.w.org\/{rel}","templated":true}]}}