{"id":1908,"date":"2013-08-02T23:57:01","date_gmt":"2013-08-02T16:57:01","guid":{"rendered":"http:\/\/vafs.gov.vn\/vn\/?page_id=1908"},"modified":"2022-07-29T09:05:30","modified_gmt":"2022-07-29T02:05:30","slug":"trung-tam-khoa-hoc-lam-nghiep-dong-bac-bo","status":"publish","type":"page","link":"https:\/\/vafs.gov.vn\/vn\/trung-tam-khoa-hoc-lam-nghiep-dong-bac-bo\/","title":{"rendered":"Trung t\u00e2m Khoa h\u1ecdc L\u00e2m nghi\u1ec7p \u0110\u00f4ng B\u1eafc B\u1ed9"},"content":{"rendered":"<p><strong>Quy\u1ebft \u0111\u1ecbnh th\u00e0nh l\u1eadp, ch\u1ee9c n\u0103ng nhi\u1ec7m v\u1ee5 <\/strong><\/p>\n<p><strong><em>&#8211; <\/em><\/strong>Trung t\u00e2m Khoa h\u1ecdc L\u00e2m nghi\u1ec7p (KHLN) \u0110\u00f4ng B\u1eafc B\u1ed9 \u0111\u01b0\u1ee3c th\u00e0nh l\u1eadp tr\u00ean c\u01a1 s\u1edf t\u1ed5 ch\u1ee9c l\u1ea1i Trung t\u00e2m Khoa h\u1ecdc S\u1ea3n xu\u1ea5t L\u00e2m nghi\u1ec7p \u0110\u00f4ng B\u1eafc B\u1ed9 theo Quy\u1ebft \u0111\u1ecbnh 677\/Q\u0110-BNN-TCCB, ng\u00e0y 01\/4\/2013 c\u1ee7a B\u1ed9 tr\u01b0\u1edfng B\u1ed9 N\u00f4ng nghi\u1ec7p v\u00e0 Ph\u00e1t tri\u1ec3n N\u00f4ng th\u00f4n.<\/p>\n<p><strong><em>&#8211; <\/em><\/strong>Trung t\u00e2m Khoa h\u1ecdc L\u00e2m nghi\u1ec7p \u0110\u00f4ng B\u1eafc B\u1ed9 l\u00e0 t\u1ed5 ch\u1ee9c s\u1ef1 nghi\u1ec7p khoa h\u1ecdc c\u00f4ng l\u1eadp tr\u1ef1c thu\u1ed9c Vi\u1ec7n Khoa h\u1ecdc L\u00e2m nghi\u1ec7p Vi\u1ec7t Nam c\u00f3 t\u01b0 c\u00e1ch ph\u00e1p nh\u00e2n, c\u00f3 con d\u1ea5u ri\u00eang, \u0111\u01b0\u1ee3c m\u1edf t\u00e0i kho\u1ea3n t\u1ea1i Kho b\u1ea1c v\u00e0 Ng\u00e2n h\u00e0ng, c\u00f3 ch\u1ee9c n\u0103ng nghi\u00ean c\u1ee9u khoa h\u1ecdc, chuy\u1ec3n giao c\u00f4ng ngh\u1ec7, h\u1ee3p t\u00e1c qu\u1ed1c t\u1ebf, t\u01b0 v\u1ea5n v\u00e0 tham gia \u0111\u00e0o t\u1ea1o v\u1ec1 l\u0129nh v\u1ef1c l\u00e2m nghi\u1ec7p v\u00f9ng \u0110\u00f4ng B\u1eafc B\u1ed9 v\u00e0 \u0111\u1ed3ng b\u1eb1ng s\u00f4ng H\u1ed3ng theo quy \u0111\u1ecbnh c\u1ee7a ph\u00e1p lu\u1eadt.<\/p>\n<p>&#8211; Nhi\u1ec7m v\u1ee5: X\u00e2y d\u1ef1ng chi\u1ebfn l\u01b0\u1ee3c, quy ho\u1ea1ch, k\u1ebf ho\u1ea1ch 5 n\u0103m, h\u00e0ng n\u0103m, c\u00e1c ch\u01b0\u01a1ng tr\u00ecnh, d\u1ef1 \u00e1n v\u1ec1 khoa h\u1ecdc, c\u00f4ng ngh\u1ec7 trong l\u0129nh v\u1ef1c l\u00e2m nghi\u1ec7p c\u1ee7a v\u00f9ng \u0110\u00f4ng B\u1eafc B\u1ed9. Nghi\u00ean c\u1ee9u c\u01a1 b\u1ea3n c\u00f3 \u0111\u1ecbnh h\u01b0\u1edbng v\u00e0 nghi\u00ean c\u1ee9u \u1ee9ng d\u1ee5ng t\u1ed5ng h\u1ee3p v\u1ec1 l\u00e2m nghi\u1ec7p v\u00f9ng, g\u1ed3m: k\u1ef9 thu\u1eadt v\u00e0 c\u00f4ng ngh\u1ec7 tr\u1ed3ng, ph\u1ee5c h\u1ed3i r\u1eebng; l\u00e0m gi\u00e0u, x\u00fac ti\u1ebfn t\u00e1i sinh t\u1ef1 nhi\u00ean, c\u1ea3i t\u1ea1o v\u00e0 qu\u1ea3n l\u00fd b\u1ec1n v\u1eefng r\u1eebng t\u1ef1 nhi\u00ean, r\u1eebng tr\u1ed3ng, r\u1eebng ph\u00f2ng h\u1ed9 \u0111\u1ea7u ngu\u1ed3n, r\u1eebng ph\u00f2ng h\u1ed9 ven bi\u1ec3n; sinh l\u00fd, sinh th\u00e1i c\u00e1 th\u1ec3, qu\u1ea7n th\u1ec3 th\u1ef1c v\u1eadt r\u1eebng; b\u1ea3o t\u1ed3n \u0111a d\u1ea1ng sinh h\u1ecdc; \u1ee9ng d\u1ee5ng c\u00f4ng ngh\u1ec7 sinh h\u1ecdc; khai th\u00e1c, ch\u1ebf bi\u1ebfn v\u00e0 b\u1ea3o qu\u1ea3n l\u00e2m s\u1ea3n; qu\u1ea3n l\u00fd, c\u01a1 ch\u1ebf v\u00e0 ch\u00ednh s\u00e1ch l\u00e2m nghi\u1ec7p; kinh t\u1ebf t\u00e0i nguy\u00ean v\u00e0 m\u00f4i tr\u01b0\u1eddng r\u1eebng; th\u1ecb tr\u01b0\u1eddng l\u00e2m s\u1ea3n v\u00e0 l\u00e2m nghi\u1ec7p c\u1ed9ng \u0111\u1ed3ng. S\u1ea3n xu\u1ea5t, kinh doanh c\u00e1c s\u1ea3n ph\u1ea9m v\u00e0 c\u00f4ng ngh\u1ec7 l\u00e2m nghi\u1ec7p. D\u1ecbch v\u1ee5 KH&amp;CN: Chuy\u1ec3n giao c\u00f4ng ngh\u1ec7; T\u01b0 v\u1ea5n (l\u1eadp d\u1ef1 \u00e1n; gi\u00e1m s\u00e1t, th\u1ea9m tra; \u0111i\u1ec1u tra l\u1eadp \u0111\u1ecba, quy ho\u1ea1ch l\u00e2m nghi\u1ec7p; th\u1ea9m \u0111\u1ecbnh h\u1ed3 s\u01a1 thi\u1ebft k\u1ebf, d\u1ef1 to\u00e1n c\u00e1c ch\u01b0\u01a1ng tr\u00ecnh, d\u1ef1 \u00e1n \u0111\u1ea7u t\u01b0, c\u00f4ng tr\u00ecnh x\u00e2y d\u1ef1ng l\u00e2m nghi\u1ec7p c\u1ee7a v\u00f9ng); \u0110\u00e0o t\u1ea1o n\u00e2ng cao tr\u00ecnh \u0111\u1ed9 chuy\u00ean m\u00f4n thu\u1ed9c l\u0129nh v\u1ef1c l\u00e2m nghi\u1ec7p. H\u1ee3p t\u00e1c v\u1edbi c\u00e1c t\u1ed5 ch\u1ee9c c\u00e1 nh\u00e2n trong v\u00e0 ngo\u00e0i n\u01b0\u1edbc \u0111\u1ec3 th\u1ef1c hi\u1ec7n nhi\u1ec7m v\u1ee5 c\u1ee7a Trung t\u00e2m.<\/p>\n<p><a href=\"http:\/\/vafs.gov.vn\/vn\/trung-tam-khoa-hoc-lam-nghiep-dong-bac-bo\/tt-dailai\/\" rel=\"attachment wp-att-22036\"><img decoding=\"async\" loading=\"lazy\" class=\"aligncenter wp-image-22036 size-full\" src=\"http:\/\/vafs.gov.vn\/vn\/wp-content\/uploads\/sites\/2\/2022\/07\/TT-DaiLai.jpg\" alt=\"\" width=\"342\" height=\"228\" \/><\/a><\/p>\n<ol start=\"2\">\n<li><strong> C\u01a1 c\u1ea5u t\u1ed5 ch\u1ee9c v\u00e0 nh\u00e2n s\u1ef1<\/strong><\/li>\n<\/ol>\n<p>C\u01a1 c\u1ea5u t\u1ed5 ch\u1ee9c c\u1ee7a \u0111\u01a1n v\u1ecb g\u1ed3m: Ban L\u00e3nh \u0111\u1ea1o Trung t\u00e2m, 05 \u0111\u01a1n v\u1ecb tr\u1ef1c thu\u1ed9c (V\u0103n ph\u00f2ng, 02 B\u1ed9 m\u00f4n, 01 Ph\u00f2ng v\u00e0 01 X\u01b0\u1edfng th\u1ef1c nghi\u1ec7m ch\u1ebf bi\u1ebfn l\u00e2m s\u1ea3n).<\/p>\n<p>T\u1ed5ng s\u1ed1 vi\u00ean ch\u1ee9c, lao \u0111\u1ed9ng h\u1ee3p \u0111\u1ed3ng: 26 ng\u01b0\u1eddi, trong \u0111\u00f3 c\u00f3 03 Ti\u1ebfn s\u0129, 10 Th\u1ea1c s\u1ef9, 05 \u0110\u1ea1i h\u1ecdc.<\/p>\n<p>Gi\u00e1m \u0111\u1ed1c: \u00a0\u00a0\u00a0\u00a0\u00a0 \u00a0TS. L\u00ea Minh C\u01b0\u1eddng<\/p>\n<p>Ph\u00f3 Gi\u00e1m \u0111\u1ed1c: TS. B\u00f9i Tr\u1ecdng Th\u1ee7y<\/p>\n<table width=\"655\">\n<tbody>\n<tr>\n<td width=\"49\"><strong>TT<\/strong><\/td>\n<td width=\"354\"><strong>C\u00e1c \u0111\u01a1n v\u1ecb tr\u1ef1c thu\u1ed9c<\/strong><\/td>\n<td width=\"252\"><strong>Tr\u01b0\u1edfng \u0111\u01a1n v\u1ecb<\/strong><\/td>\n<\/tr>\n<tr>\n<td width=\"49\">1<\/td>\n<td width=\"354\">V\u0103n Ph\u00f2ng Trung t\u00e2m<\/td>\n<td width=\"252\">ThS. Ng\u00f4 \u0110\u1ee9c Nh\u1ea1c<\/td>\n<\/tr>\n<tr>\n<td width=\"49\">2<\/td>\n<td width=\"354\">B\u1ed9 m\u00f4n Nghi\u00ean c\u1ee9u Gi\u1ed1ng v\u00e0 C\u00f4ng ngh\u1ec7 sinh h\u1ecdc<\/td>\n<td width=\"252\">ThS. \u0110\u1eb7ng Th\u1ecb Tuy\u1ebft<\/td>\n<\/tr>\n<tr>\n<td width=\"49\">3<\/td>\n<td width=\"354\">B\u1ed9 m\u00f4n K\u1ef9 thu\u1eadt L\u00e2m sinh<\/td>\n<td width=\"252\">ThS. Ho\u00e0ng Xu\u00e2n Di\u1ec7u<\/td>\n<\/tr>\n<tr>\n<td width=\"49\">4<\/td>\n<td width=\"354\">Ph\u00f2ng Nghi\u00ean c\u1ee9u \u1ee9ng d\u1ee5ng, Chuy\u1ec3n giao c\u00f4ng ngh\u1ec7 v\u00e0 Qu\u1ea3n l\u00fd b\u1ea3o v\u1ec7 r\u1eebng<\/td>\n<td width=\"252\">ThS. \u0110\u1eb7ng V\u0103n Man<\/td>\n<\/tr>\n<tr>\n<td width=\"49\">5<\/td>\n<td width=\"354\">X\u01b0\u1edfng th\u1ef1c nghi\u1ec7m ch\u1ebf bi\u1ebfn l\u00e2m s\u1ea3n<\/td>\n<td width=\"252\">KS. Nguy\u1ec5n V\u0103n H\u1ea3i<\/td>\n<\/tr>\n<\/tbody>\n<\/table>\n<p><strong>\u00a0L\u0129nh v\u1ef1c ho\u1ea1t \u0111\u1ed9ng ch\u00ednh<\/strong><\/p>\n<p><em>&#8211; V\u1ec1 c\u00e2y l\u00e1 r\u1ed9ng b\u1ea3n \u0111\u1ecba: <\/em>Nghi\u00ean c\u1ee9u k\u1ef9 thu\u1eadt tr\u1ed3ng c\u00e2y b\u1ea3n \u0111\u1ecba d\u01b0\u1edbi t\u00e1n r\u1eebng th\u00f4ng nh\u1eb1m thay th\u1ebf r\u1eebng thu\u1ea7n lo\u00e0i th\u00e0nh r\u1eebng h\u1ed7n lo\u00e0i \u0111a t\u1ea7ng t\u00e1n, x\u00e2y d\u1ef1ng v\u01b0\u1eddn s\u01b0u t\u1eadp th\u1ef1c v\u1eadt v\u1edbi h\u01a1n 300 lo\u00e0i c\u00e2y, nh\u00e2n gi\u1ed1ng, g\u00e2y tr\u1ed3ng c\u00e1c lo\u00e0i c\u00e2y b\u1ea3n \u0111\u1ecba nh\u01b0 Lim xanh, Gi\u1ed5i xanh, S\u01b0a, Long n\u00e3o.<\/p>\n<p><em>&#8211; V\u1ec1 gi\u1ed1ng l\u00e2m nghi\u1ec7p:<\/em> X\u00e2y d\u1ef1ng \u0111\u01b0\u1ee3c 2 ha v\u01b0\u1eddn gi\u1ed1ng Th\u00f4ng carib\u00ea, 2 ha v\u01b0\u1eddn gi\u1ed1ng Th\u00f4ng nh\u1ef1a c\u00f3 s\u1ea3n l\u01b0\u1ee3ng nh\u1ef1a cao, chuy\u1ec3n h\u00f3a \u0111\u01b0\u1ee3c 115ha r\u1eebng gi\u1ed1ng c\u00e1c lo\u00e0i Th\u00f4ng carib\u00ea v\u00e0 Th\u00f4ng nh\u1ef1a, s\u1ea3n xu\u1ea5t v\u00e0 cung \u1ee9ng c\u00e1c lo\u00e0i c\u00e2y tr\u1ed3ng r\u1eebng cho khu v\u1ef1c.<\/p>\n<p><em>&#8211; V\u1ec1 c\u00e2y nh\u1eadp n\u1ed9i m\u1ecdc manh: <\/em>Ph\u1ed1i h\u1ee3p nghi\u00ean c\u1ee9u kh\u1ea3o nghi\u1ec7m Keo tai t\u01b0\u1ee3ng, kh\u1ea3o B\u1ea1ch \u0111\u00e0n uro, camal; chuy\u1ec3n giao gi\u1ed1ng v\u00e0 k\u1ef9 thu\u1eadt tr\u1ed3ng th\u00e2m canh Th\u00f4ng carib\u00ea, Keo lai, Keo tai t\u01b0\u1ee3ng, cung c\u1ea5p g\u1ed7 l\u1edbn.<\/p>\n<p><em>&#8211; V\u1ec1 b\u1ea3o t\u1ed3n ngu\u1ed3n gen: <\/em>X\u00e2y d\u1ef1ng v\u00e0 ph\u00e1t tri\u1ec3n 15 ha v\u01b0\u1eddn s\u01b0u t\u1eadp th\u1ef1c v\u1eadt, \u0111\u00e3 s\u01b0u t\u1eadp \u0111\u01b0\u1ee3c g\u1ea7n 300 lo\u00e0i g\u1ed3m c\u00e1c lo\u00e0i c\u00e2y g\u1ed7, lo\u00e0i tre, lo\u00e0i cau d\u1eeba \u0111\u01b0\u1ee3c ph\u00e2n khu theo h\u1ecd v\u00e0 c\u1ee5m sinh th\u00e1i..<\/p>\n<p><em>&#8211; V\u1ec1 r\u1eebng t\u1ef1 nhi\u00ean: <\/em>Nghi\u00ean c\u1ee9u c\u00e1c k\u1ef9 thu\u1eadt ph\u1ee5c h\u1ed3i r\u1eebng t\u1ef1 nhi\u00ean b\u1eb1ng khoanh nu\u00f4i, l\u00e0m gi\u00e0u v\u00e0 c\u1ea3i t\u1ea1o r\u1eebng b\u1eb1ng c\u00e1c lo\u00e0i: Lim xanh, L\u00e1t hoa, Re g\u1eebng, Sao \u0111en, Lim ba, Gi\u1ed5i xanh.<\/p>\n<p><strong>\u00a0C\u01a1 s\u1edf v\u1eadt ch\u1ea5t<\/strong><\/p>\n<p>Trung t\u00e2m \u0111\u01b0\u1ee3c giao 921 ha \u0111\u1ea5t l\u00e2m nghi\u1ec7p t\u1ea1i x\u00e3 Ng\u1ecdc Thanh, th\u00e0nh ph\u1ed1 Ph\u00fac Y\u00ean, t\u1ec9nh V\u0129nh Ph\u00fac trong \u0111\u00f3 g\u1ed3m: nh\u00e0 l\u00e0m vi\u1ec7c, nh\u00e0 th\u00ed nghi\u1ec7m h\u1ed9i th\u1ea3o, v\u01b0\u1eddn \u01b0\u01a1m, x\u01b0\u1edfng th\u1ef1c nghi\u1ec7m ch\u1ebf bi\u1ebfn l\u00e2m s\u1ea3n, m\u1ed9t s\u1ed1 thi\u1ebft b\u1ecb ph\u1ee5c v\u1ee5 cho c\u00f4ng t\u00e1c nghi\u00ean c\u1ee9u, \u0111\u01b0\u1eddng b\u00ea t\u00f4ng v\u00e0 \u0111\u01b0\u1eddng c\u1ea5p ph\u1ed1i \u0111i v\u00e0o khu r\u1eebng th\u1ef1c nghi\u1ec7m, r\u1eebng gi\u1ed1ng v\u00e0 r\u1eebng gi\u1ed1ng chuy\u1ec3n h\u00f3a.<\/p>\n<p><strong>Nh\u1eefng th\u00e0nh t\u00edch \u0111\u00e3 \u0111\u1ea1t \u0111\u01b0\u1ee3c<\/strong><\/p>\n<p>Trung t\u00e2m \u0111\u00e3 th\u1ef1c hi\u1ec7n 3 \u0111\u1ec1 t\u00e0i c\u1ea5p Nh\u00e0 n\u01b0\u1edbc, 10 \u0111\u1ec1 t\u00e0i, d\u1ef1 \u00e1n c\u1ea5p b\u1ed9, 8 \u0111\u1ec1 t\u00e0i c\u1ea5p t\u1ec9nh v\u00e0 2 d\u1ef1 \u00e1n, h\u1ee3p \u0111\u1ed3ng h\u1ee3p t\u00e1c qu\u1ed1c t\u1ebf.<\/p>\n<p><strong>\u0110\u1ecbnh h\u01b0\u1edbng ph\u00e1t tri\u1ec3n<\/strong><\/p>\n<p>&#8211; Ch\u1ecdn gi\u1ed1ng, k\u1ef9 thu\u1eadt tr\u1ed3ng th\u00e2m canh c\u00e1c lo\u00e0i m\u1ecdc nhanh (b\u1ea3n \u0111\u1ecba, keo) cung c\u1ea5p g\u1ed7 l\u1edbn;<\/p>\n<p>&#8211; L\u0129nh v\u1ef1c l\u00e2m s\u1ea3n ngo\u00e0i g\u1ed7: Nghi\u00ean c\u1ee9u c\u01a1 s\u1edf khoa h\u1ecdc v\u1ec1 c\u00e1c lo\u00e0i \u00cdch m\u1eabu, Kim Ng\u00e2n hoa, X\u1ea1 \u0111en,\u2026<\/p>\n<p>&#8211; Nghi\u00ean c\u1ee9u k\u1ef9 thu\u1eadt khoanh nu\u00f4i ph\u1ee5c h\u1ed3i r\u1eebng t\u1ef1 nhi\u00ean, nghi\u00ean c\u1ee9u x\u00e2y d\u1ef1ng r\u1eebng tr\u1ed3ng c\u00e2y l\u00e1 r\u1ed9ng b\u1ea3n \u0111\u1ecba thay th\u1ebf d\u1ea7n r\u1eebng thu\u1ea7n lo\u00e0i, r\u1eebng c\u00e2y nh\u1eadp n\u1ed9i t\u1ea1i v\u00f9ng \u0110\u00f4ng B\u1eafc B\u1ed9;<\/p>\n<p>&#8211; Nghi\u00ean c\u1ee9u b\u1ea3o t\u1ed3n ngu\u1ed3n gen c\u00e2y r\u1eebng; X\u00e2y d\u1ef1ng r\u1eebng gi\u1ed1ng, v\u01b0\u1eddn gi\u1ed1ng cho m\u1ed9t s\u1ed1 lo\u00e0i c\u00e2y g\u1ed7 m\u1ecdc nhanh, c\u00e1c lo\u00e0i c\u00e2y b\u1ea3n \u0111\u1ecba.<\/p>\n<p>&#8211; \u0110\u1ea9y m\u1ea1nh ho\u1ea1t \u0111\u1ed9ng d\u1ecbch v\u1ee5, s\u1ea3n xu\u1ea5t kinh doanh, cung c\u1ea5p c\u00e2y b\u00f3ng m\u00e1t cho th\u1ecb tr\u01b0\u1eddng chuy\u1ec3n giao c\u00e1c k\u1ebft qu\u1ea3 khoa h\u1ecdc c\u00f4ng ngh\u1ec7, ti\u1ebfn b\u1ed9 k\u1ef9 thu\u1eadt v\u00e0o s\u1ea3n xu\u1ea5t, cung c\u1ea5p c\u00e2y gi\u1ed1ng ch\u1ea5t l\u01b0\u1ee3ng cao (\u0111\u1eb7c bi\u1ec7t l\u00e0 Th\u00f4ng carib\u00ea), k\u1ef9 thu\u1eadt tr\u1ed3ng r\u1eebng th\u00e2m canh, tr\u1ed3ng r\u1eebng v\u00e0 cung c\u1ea5p g\u1ed7 nguy\u00ean li\u1ec7u.<\/p>\n<p><strong>\u0110\u1ecba ch\u1ec9 li\u00ean h\u1ec7: <\/strong><\/p>\n<p>T\u00ean \u0111\u01a1n v\u1ecb: Trung t\u00e2m Khoa h\u1ecdc L\u00e2m nghi\u1ec7p \u0110\u00f4ng B\u1eafc B\u1ed9<\/p>\n<p>Tr\u1ee5 s\u1edf ch\u00ednh: x\u00e3 Ng\u1ecdc Thanh, th\u00e0nh ph\u1ed1 Ph\u00fac Y\u00ean, t\u1ec9nh V\u0129nh Ph\u00fac<\/p>\n<p>\u0110i\u1ec7n tho\u1ea1i\/Fax: 02113 856 022<\/p>\n","protected":false},"excerpt":{"rendered":"<p>Quy\u1ebft \u0111\u1ecbnh th\u00e0nh l\u1eadp, ch\u1ee9c n\u0103ng nhi\u1ec7m v\u1ee5 &#8211; Trung t\u00e2m Khoa h\u1ecdc L\u00e2m nghi\u1ec7p (KHLN) \u0110\u00f4ng B\u1eafc B\u1ed9 \u0111\u01b0\u1ee3c th\u00e0nh l\u1eadp tr\u00ean c\u01a1 s\u1edf t\u1ed5 ch\u1ee9c l\u1ea1i Trung t\u00e2m Khoa h\u1ecdc S\u1ea3n xu\u1ea5t L\u00e2m nghi\u1ec7p \u0110\u00f4ng B\u1eafc B\u1ed9 theo Quy\u1ebft \u0111\u1ecbnh 677\/Q\u0110-BNN-TCCB, ng\u00e0y 01\/4\/2013 c\u1ee7a B\u1ed9 tr\u01b0\u1edfng B\u1ed9 N\u00f4ng nghi\u1ec7p v\u00e0 Ph\u00e1t tri\u1ec3n N\u00f4ng [&hellip;]<\/p>\n","protected":false},"author":2,"featured_media":0,"parent":0,"menu_order":0,"comment_status":"open","ping_status":"open","template":"","meta":[],"_links":{"self":[{"href":"https:\/\/vafs.gov.vn\/vn\/wp-json\/wp\/v2\/pages\/1908"}],"collection":[{"href":"https:\/\/vafs.gov.vn\/vn\/wp-json\/wp\/v2\/pages"}],"about":[{"href":"https:\/\/vafs.gov.vn\/vn\/wp-json\/wp\/v2\/types\/page"}],"author":[{"embeddable":true,"href":"https:\/\/vafs.gov.vn\/vn\/wp-json\/wp\/v2\/users\/2"}],"replies":[{"embeddable":true,"href":"https:\/\/vafs.gov.vn\/vn\/wp-json\/wp\/v2\/comments?post=1908"}],"version-history":[{"count":6,"href":"https:\/\/vafs.gov.vn\/vn\/wp-json\/wp\/v2\/pages\/1908\/revisions"}],"predecessor-version":[{"id":22038,"href":"https:\/\/vafs.gov.vn\/vn\/wp-json\/wp\/v2\/pages\/1908\/revisions\/22038"}],"wp:attachment":[{"href":"https:\/\/vafs.gov.vn\/vn\/wp-json\/wp\/v2\/media?parent=1908"}],"curies":[{"name":"wp","href":"https:\/\/api.w.org\/{rel}","templated":true}]}}