{"id":1907,"date":"2013-08-02T23:56:47","date_gmt":"2013-08-02T16:56:47","guid":{"rendered":"http:\/\/vafs.gov.vn\/vn\/?page_id=1907"},"modified":"2024-09-18T16:13:26","modified_gmt":"2024-09-18T09:13:26","slug":"trung-tam-khoa-hoc-lam-nghiep-vung-trung-tam-bac-bo","status":"publish","type":"page","link":"https:\/\/vafs.gov.vn\/vn\/trung-tam-khoa-hoc-lam-nghiep-vung-trung-tam-bac-bo\/","title":{"rendered":"Trung t\u00e2m Khoa h\u1ecdc L\u00e2m nghi\u1ec7p v\u00f9ng Trung t\u00e2m B\u1eafc B\u1ed9"},"content":{"rendered":"<p><strong>Quy\u1ebft \u0111\u1ecbnh th\u00e0nh l\u1eadp, ch\u1ee9c n\u0103ng, nhi\u1ec7m v\u1ee5<\/strong><\/p>\n<p><strong>&#8211; <\/strong>Trung t\u00e2m Khoa h\u1ecdc L\u00e2m nghi\u1ec7p v\u00f9ng Trung t\u00e2m B\u1eafc B\u1ed9 \u0111\u01b0\u1ee3c th\u00e0nh l\u1eadp tr\u00ean c\u01a1 s\u1edf t\u1ed5 ch\u1ee9c l\u1ea1i Trung t\u00e2m Nghi\u00ean c\u1ee9u Th\u1ef1c nghi\u1ec7m l\u00e2m sinh C\u1ea7u Hai theo Quy\u1ebft \u0111\u1ecbnh s\u1ed1 3127\/Q\u0110-BNN-TCCB ng\u00e0y 13 th\u00e1ng 12 n\u0103m 2012 c\u1ee7a B\u1ed9 tr\u01b0\u1edfng B\u1ed9 N\u00f4ng nghi\u1ec7p v\u00e0 Ph\u00e1t tri\u1ec3n N\u00f4ng th\u00f4n.<\/p>\n<p><strong>&#8211; <\/strong>Trung t\u00e2m Khoa h\u1ecdc L\u00e2m nghi\u1ec7p v\u00f9ng Trung t\u00e2m B\u1eafc B\u1ed9 l\u00e0 t\u1ed5 ch\u1ee9c khoa h\u1ecdc c\u00f4ng ngh\u1ec7 c\u00f4ng l\u1eadp tr\u1ef1c thu\u1ed9c Vi\u1ec7n Khoa h\u1ecdc L\u00e2m nghi\u1ec7p Vi\u1ec7t Nam c\u00f3 ch\u1ee9c n\u0103ng nghi\u00ean c\u1ee9u khoa h\u1ecdc, chuy\u1ec3n giao c\u00f4ng ngh\u1ec7, d\u1ecbch v\u1ee5 khoa h\u1ecdc c\u00f4ng ngh\u1ec7 v\u00e0 s\u1ea3n xu\u1ea5t kinh doanh trong l\u0129nh v\u1ef1c l\u00e2m n\u00f4ng nghi\u1ec7p \u1edf v\u00f9ng Trung t\u00e2m B\u1eafc B\u1ed9.<\/p>\n<p><strong>&#8211; <\/strong>Nhi\u1ec7m v\u1ee5: X\u00e2y d\u1ef1ng chi\u1ebfn l\u01b0\u1ee3c, quy ho\u1ea1ch, k\u1ebf ho\u1ea1ch c\u00e1c ch\u01b0\u01a1ng tr\u00ecnh, d\u1ef1 \u00e1n v\u1ec1 KH&amp;CN trong l\u0129nh v\u1ef1c l\u00e2m nghi\u1ec7p c\u1ee7a v\u00f9ng Trung t\u00e2m B\u1eafc B\u1ed9. Nghi\u00ean c\u1ee9u c\u01a1 b\u1ea3n v\u00e0 nghi\u00ean c\u1ee9u \u1ee9ng d\u1ee5ng t\u1ed5ng h\u1ee3p v\u1ec1 l\u00e2m nghi\u1ec7p, g\u1ed3m: k\u1ef9 thu\u1eadt v\u00e0 c\u00f4ng ngh\u1ec7 tr\u1ed3ng, ph\u1ee5c h\u1ed3i r\u1eebng; gi\u1ed1ng c\u00e2y l\u00e2m nghi\u1ec7p; \u0111\u1eb7c \u0111i\u1ec3m l\u00e2m h\u1ecdc, sinh l\u00fd, sinh th\u00e1i c\u00e1 th\u1ec3, qu\u1ea7n th\u1ec3 th\u1ef1c v\u1eadt r\u1eebng; b\u1ea3o t\u1ed3n \u0111a d\u1ea1ng sinh h\u1ecdc; \u1ee9ng d\u1ee5ng c\u00f4ng ngh\u1ec7 sinh h\u1ecdc; khai th\u00e1c, ch\u1ebf bi\u1ebfn v\u00e0 b\u1ea3o qu\u1ea3n l\u00e2m s\u1ea3n; qu\u1ea3n l\u00fd, c\u01a1 ch\u1ebf v\u00e0 ch\u00ednh s\u00e1ch l\u00e2m nghi\u1ec7p; kinh t\u1ebf t\u00e0i nguy\u00ean v\u00e0 m\u00f4i tr\u01b0\u1eddng r\u1eebng; th\u1ecb tr\u01b0\u1eddng l\u00e2m s\u1ea3n v\u00e0 l\u00e2m nghi\u1ec7p c\u1ed9ng \u0111\u1ed3ng; S\u1ea3n xu\u1ea5t, kinh doanh c\u00e1c s\u1ea3n ph\u1ea9m v\u00e0 c\u00f4ng ngh\u1ec7 l\u00e2m nghi\u1ec7p. D\u1ecbch v\u1ee5 KH&amp;CN: Chuy\u1ec3n giao c\u00f4ng ngh\u1ec7; T\u01b0 v\u1ea5n (l\u1eadp d\u1ef1 \u00e1n; gi\u00e1m s\u00e1t, th\u1ea9m tra; \u0111i\u1ec1u tra l\u1eadp \u0111\u1ecba, quy ho\u1ea1ch l\u00e2m nghi\u1ec7p; th\u1ea9m \u0111\u1ecbnh h\u1ed3 s\u01a1 thi\u1ebft k\u1ebf, d\u1ef1 to\u00e1n c\u00e1c ch\u01b0\u01a1ng tr\u00ecnh, d\u1ef1 \u00e1n \u0111\u1ea7u t\u01b0, c\u00f4ng tr\u00ecnh x\u00e2y d\u1ef1ng l\u00e2m nghi\u1ec7p c\u1ee7a v\u00f9ng); \u0110\u00e0o t\u1ea1o n\u00e2ng cao tr\u00ecnh \u0111\u1ed9 chuy\u00ean m\u00f4n thu\u1ed9c l\u0129nh v\u1ef1c l\u00e2m nghi\u1ec7p. H\u1ee3p t\u00e1c v\u1edbi c\u00e1c t\u1ed5 ch\u1ee9c c\u00e1 nh\u00e2n trong v\u00e0 ngo\u00e0i n\u01b0\u1edbc \u0111\u1ec3 th\u1ef1c hi\u1ec7n nhi\u1ec7m v\u1ee5 c\u1ee7a Trung t\u00e2m.<\/p>\n<p><a href=\"http:\/\/vafs.gov.vn\/vn\/trung-tam-khoa-hoc-lam-nghiep-vung-trung-tam-bac-bo\/tt-cauhai\/\" rel=\"attachment wp-att-22029\"><img decoding=\"async\" loading=\"lazy\" class=\"aligncenter wp-image-22029 size-medium\" src=\"http:\/\/vafs.gov.vn\/vn\/wp-content\/uploads\/sites\/2\/2022\/07\/TT-CauHai-500x333.jpg\" alt=\"\" width=\"500\" height=\"333\" srcset=\"https:\/\/vafs.gov.vn\/vn\/wp-content\/uploads\/sites\/2\/2022\/07\/TT-CauHai-500x333.jpg 500w, https:\/\/vafs.gov.vn\/vn\/wp-content\/uploads\/sites\/2\/2022\/07\/TT-CauHai-768x512.jpg 768w, https:\/\/vafs.gov.vn\/vn\/wp-content\/uploads\/sites\/2\/2022\/07\/TT-CauHai.jpg 806w\" sizes=\"(max-width: 500px) 100vw, 500px\" \/><\/a><\/p>\n<p><strong>C\u01a1 c\u1ea5u t\u1ed5 ch\u1ee9c v\u00e0 nh\u00e2n s\u1ef1<\/strong><\/p>\n<p>C\u01a1 c\u1ea5u t\u1ed5 ch\u1ee9c c\u1ee7a \u0111\u01a1n v\u1ecb g\u1ed3m: Ban l\u00e3nh \u0111\u1ea1o Trung t\u00e2m, 05 \u0111\u01a1n v\u1ecb tr\u1ef1c thu\u1ed9c (V\u0103n ph\u00f2ng, 02 B\u1ed9 m\u00f4n v\u00e0 02 Tr\u1ea1m).<\/p>\n<p>T\u1ed5ng s\u1ed1 c\u00e1n b\u1ed9 vi\u00ean ch\u1ee9c v\u00e0 ng\u01b0\u1eddi lao \u0111\u1ed9ng c\u1ee7a Trung t\u00e2m c\u00f3 30 ng\u01b0\u1eddi, trong \u0111\u00f3 c\u00f3: 04 Ti\u1ebfn s\u0129, 05 Th\u1ea1c s\u1ef9 (2 NCS), 12 \u0111\u1ea1i h\u1ecdc, 10 trung c\u1ea5p v\u00e0 nh\u00e2n vi\u00ean k\u1ef9 thu\u1eadt.<\/p>\n<p>Ph\u00f3 Gi\u00e1m \u0111\u1ed1c: TS. Nguy\u1ec5n V\u0103n Th\u1ecd<\/p>\n<table width=\"644\">\n<tbody>\n<tr>\n<td width=\"47\"><strong>TT<\/strong><\/td>\n<td width=\"313\"><strong>C\u00e1c \u0111\u01a1n v\u1ecb tr\u1ef1c thu\u1ed9c<\/strong><\/td>\n<td width=\"283\"><strong>Tr\u01b0\u1edfng c\u00e1c \u0111\u01a1n v\u1ecb<\/strong><\/td>\n<\/tr>\n<tr>\n<td width=\"47\">1<\/td>\n<td width=\"313\">V\u0103n ph\u00f2ng Trung t\u00e2m<\/td>\n<td width=\"283\">KS. Ph\u1ea1m Th\u1ecb H\u1ed3ng Nga<\/td>\n<\/tr>\n<tr>\n<td width=\"47\">2<\/td>\n<td width=\"313\">B\u1ed9 m\u00f4n L\u00e2m s\u1ea3n ngo\u00e0i g\u1ed7<\/td>\n<td width=\"283\">ThS. Nguy\u1ec5n Th\u1ecb \u00c1nh Nguy\u1ec7t<\/td>\n<\/tr>\n<tr>\n<td width=\"47\">3<\/td>\n<td width=\"313\">B\u1ed9 m\u00f4n K\u1ef9 thu\u1eadt L\u00e2m sinh<\/td>\n<td width=\"283\">ThS. \u0110\u00e0o H\u00f9ng M\u1ea1nh<\/td>\n<\/tr>\n<tr>\n<td width=\"47\">4<\/td>\n<td width=\"313\">Tr\u1ea1m Th\u1ef1c nghi\u1ec7m L\u00e2m sinh C\u1ea7u Hai<\/td>\n<td width=\"283\">KS. Ph\u1ea1m Quang Ti\u1ebfn<\/td>\n<\/tr>\n<tr>\n<td width=\"47\">5<\/td>\n<td width=\"313\">Tr\u1ea1m Th\u1ef1c nghi\u1ec7m L\u00e2m sinh L\u01b0\u01a1ng Th\u1ecbnh<\/td>\n<td width=\"283\">KS. Ph\u1ea1m Quang Th\u00f9y<\/td>\n<\/tr>\n<\/tbody>\n<\/table>\n<p><strong>\u00a0L\u0129nh v\u1ef1c ho\u1ea1t \u0111\u1ed9ng ch\u00ednh<\/strong><\/p>\n<p><em>\u00a0&#8211; V\u1ec1 c\u00e2y l\u00e1 r\u1ed9ng b\u1ea3n \u0111\u1ecba: <\/em>Nghi\u00ean c\u1ee9u k\u1ef9 thu\u1eadt nh\u00e2n gi\u1ed1ng, g\u00e2y tr\u1ed3ng c\u00e1c lo\u00e0i c\u00e2y b\u1ea3n \u0111\u1ecba nh\u01b0 V\u00f9 h\u01b0\u01a1ng, D\u1ebb \u0111\u1ecf, S\u1ed3i ph\u1ea3ng, D\u1ebb gai Ph\u00fa Th\u1ecd, Re g\u1eebng, Lim xanh, V\u1ea1ng tr\u1ee9ng, Xoan \u0111\u00e0o.<\/p>\n<p><em>\u00a0&#8211; V\u1ec1 l\u00e2m s\u1ea3n ngo\u00e0i g\u1ed7: <\/em>Nghi\u00ean c\u1ee9u k\u1ef9 thu\u1eadt nh\u00e2n gi\u1ed1ng v\u00e0 g\u00e2y tr\u1ed3ng m\u1ed9t s\u1ed1 lo\u00e0i Tre cung c\u1ea5p nguy\u00ean li\u1ec7u cho s\u1ea3n xu\u1ea5t c\u00f4ng nghi\u1ec7p v\u00e0 ch\u1ebf bi\u1ebfn th\u1ef1c ph\u1ea9m (B\u01b0\u01a1ng l\u00f4ng \u0111i\u1ec7n bi\u00ean, Tre ng\u1ecdt). Nghi\u00ean c\u1ee9u k\u1ef9 thu\u1eadt nh\u00e2n gi\u1ed1ng v\u00e0 g\u00e2y tr\u1ed3ng v\u00e0 x\u00e2y d\u1ef1ng m\u00f4 h\u00ecnh th\u1eed nghi\u1ec7m m\u1ed9t s\u1ed1 lo\u00e0i c\u00e2y l\u00e2m s\u1ea3n ngo\u00e0i g\u1ed7 d\u01b0\u1edbi t\u00e1n r\u1eebng (Ba k\u00edch, Sa nh\u00e2n, M\u00e2y n\u1ebfp, D\u00f3).<\/p>\n<p><em>\u00a0&#8211; V\u1ec1 c\u00e2y nh\u1eadp n\u1ed9i m\u1ecdc manh: <\/em>Ph\u1ed1i h\u1ee3p nghi\u00ean c\u1ee9u kh\u1ea3o nghi\u1ec7m Keo lai, B\u1ea1ch \u0111\u00e0n lai v\u00e0 chuy\u1ec3n giao gi\u1ed1ng v\u00e0 k\u1ef9 thu\u1eadt tr\u1ed3ng th\u00e2m canh Keo lai, Keo tai t\u01b0\u1ee3ng, Th\u00f4ng Caribea cung c\u1ea5p g\u1ed7 l\u1edbn..<\/p>\n<p><em>\u00a0&#8211; V\u1ec1 b\u1ea3o t\u1ed3n ngu\u1ed3n gen: <\/em>X\u00e2y d\u1ef1ng v\u00e0 ph\u00e1t tri\u1ec3n 38,6 ha v\u01b0\u1eddn s\u01b0u t\u1eadp th\u1ef1c v\u1eadt, \u0111\u00e3 s\u01b0u t\u1eadp \u0111\u01b0\u1ee3c 378 lo\u00e0i. v\u1edbi 251 lo\u00e0i c\u00e2y g\u1ed7, 93 lo\u00e0i tre, 17 lo\u00e0i cau d\u1eeba\u2026X\u00e2y d\u1ef1ng 52,8 ha r\u1eebng b\u1ea3o t\u1ed3n ngu\u1ed3n gen c\u00e1c lo\u00e0i c\u00e2y qu\u00fd hi\u1ebfm v\u00e0 c\u00e2y c\u00f3 tr\u1ecb kinh t\u1ebf cao nh\u01b0 Lim xanh, Ch\u00f2 ch\u1ec9, Ch\u00f2 n\u00e2u, S\u1ebfn m\u1eadt, Xoan \u0111\u00e0o, Re g\u1eebng, D\u1ebb cau, D\u1ebb \u0111\u1ecf, Kh\u00e1o v\u00e0ng, V\u1ea1ng tr\u1ee9ng, Mun, Nghi\u1ebfn, T\u00e1u n\u01b0\u1edbc, Tr\u1ea7m h\u01b0\u01a1ng, \u0110inh..<\/p>\n<p><em>\u00a0&#8211; V\u1ec1 r\u1eebng t\u1ef1 nhi\u00ean: <\/em>Nghi\u00ean c\u1ee9u c\u00e1c k\u1ef9 thu\u1eadt ph\u1ee5c h\u1ed3i r\u1eebng t\u1ef1 nhi\u00ean b\u1eb1ng khoanh nu\u00f4i, l\u00e0m gi\u00e0u v\u00e0 c\u1ea3i t\u1ea1o r\u1eebng.<\/p>\n<p><strong>C\u01a1 s\u1edf v\u1eadt ch\u1ea5t<\/strong><\/p>\n<p>Trung t\u00e2m \u0111\u01b0\u1ee3c giao 1054 ha \u0111\u1ea5t l\u00e2m nghi\u1ec7p t\u1ea1i 2 t\u1ec9nh Ph\u00fa Th\u1ecd v\u00e0 Y\u00ean B\u00e1i trong \u0111\u00f3 g\u1ed3m: nh\u00e0 l\u00e0m vi\u1ec7c, nh\u00e0 nghi\u00ean c\u1ee9u ch\u1ecdn gi\u1ed1ng, ph\u00f2ng th\u00ed nghi\u1ec7m, v\u01b0\u1eddn \u01b0\u01a1m, x\u01b0\u1edfng th\u1ef1c nghi\u1ec7m ch\u1ebf bi\u1ebfn l\u00e2m s\u1ea3n, m\u1ed9t s\u1ed1 thi\u1ebft b\u1ecb ph\u1ee5c v\u1ee5 cho c\u00f4ng t\u00e1c nghi\u00ean c\u1ee9u, \u0111\u01b0\u1eddng b\u00ea t\u00f4ng v\u00e0 \u0111\u01b0\u1eddng c\u1ea5p ph\u1ed1i \u0111i v\u00e0o khu r\u1eebng th\u1ef1c nghi\u1ec7m. Ngo\u00e0i ra, Trung t\u00e2m \u0111\u00e3 x\u00e2y d\u1ef1ng \u0111\u01b0\u1ee3c 450 ha m\u00f4 h\u00ecnh nghi\u00ean c\u1ee9u th\u00ed nghi\u1ec7m c\u00f3 gi\u00e1 tr\u1ecb cao v\u1ec1 gi\u1ed1ng, b\u1ea3o t\u1ed3n ngu\u1ed3n gen, r\u1eebng th\u1ee9 sinh, r\u1eebng c\u00e2y l\u00e1 r\u1ed9ng b\u1ea3n \u0111\u1ecba,\u2026<\/p>\n<p><strong>Nh\u1eefng th\u00e0nh t\u00edch \u0111\u00e3 \u0111\u1ea1t \u0111\u01b0\u1ee3c<\/strong><\/p>\n<p>Trung t\u00e2m \u0111\u00e3 th\u1ef1c hi\u1ec7n 6 \u0111\u1ec1 t\u00e0i c\u1ea5p Nh\u00e0 n\u01b0\u1edbc, 14 \u0111\u1ec1 t\u00e0i, d\u1ef1 \u00e1n c\u1ea5p b\u1ed9, 4 \u0111\u1ec1 t\u00e0i c\u1ea5p t\u1ec9nh v\u00e0 2 d\u1ef1 \u00e1n h\u1ee3p t\u00e1c qu\u1ed1c t\u1ebf; c\u00f4ng b\u1ed1 \u0111\u01b0\u1ee3c 22 b\u00e0i b\u00e1o\/k\u1ef7 y\u1ebfu h\u1ed9i th\u1ea3o qu\u1ed1c t\u1ebf, 29 b\u00e0i b\u00e1o trong n\u01b0\u1edbc trong 10 n\u0103m g\u1ea7n \u0111\u00e2y; \u0111\u01b0\u1ee3c c\u00f4ng nh\u1eadn 2 TBKT v\u1ec1 nh\u00e2n gi\u1ed1ng hom c\u00e0nh c\u00e2y Tre ng\u1ecdt v\u00e0 nh\u00e2n gi\u1ed1ng c\u00e2y V\u00f9 h\u01b0\u01a1ng; x\u00e2y d\u1ef1ng nhi\u1ec1u h\u01b0\u1edbng d\u1eabn k\u1ef9 thu\u1eadt nh\u00e2n gi\u1ed1ng v\u00e0 g\u00e2y tr\u1ed3ng c\u00e2y: B\u01b0\u01a1ng l\u00f4ng \u0111i\u1ec7n bi\u00ean, Tre ng\u1ecdt, V\u00f9 h\u01b0\u01a1ng, D\u1ebb gai ph\u00fa th\u1ecd, D\u1ebb \u0111\u1ecf, L\u00f9ng, Lu\u1ed3ng thanh h\u00f3a, Re g\u1eebng, D\u1ebb \u0111\u1ecf, S\u1ed3i ph\u1ea3ng v\u00e0 x\u00e2y d\u1ef1ng nhi\u1ec1u m\u00f4 h\u00ecnh c\u00e2y l\u00e1 r\u1ed9ng b\u1ea3n \u0111\u1ecba, th\u00f4ng Caribea, keo tai t\u01b0\u1ee3ng v\u00e0 keo lai.<\/p>\n<p><em>* Nh\u1eefng khen th\u01b0\u1edfng c\u1ee7a c\u00e1c c\u1ea5p<\/em><\/p>\n<p>01 B\u1eb1ng khen c\u1ee7a Th\u1ee7 t\u01b0\u1edbng Ch\u00ednh ph\u1ee7 cho t\u1eadp th\u1ec3, 01 b\u1eb1ng khen c\u1ee7a \u1ee6y ban khoa h\u1ecdc nh\u00e0 n\u01b0\u1edbc, 01 B\u1eb1ng khen c\u1ee7a T\u1ed5ng li\u00ean \u0111o\u00e0n lao \u0111\u1ed9ng, 05 B\u1eb1ng khen c\u1ee7a B\u1ed9 tr\u01b0\u1edfng B\u1ed9 NN&amp;PTNT cho t\u1eadp th\u1ec3 v\u00e0 04 c\u00e1 nh\u00e2n v\u00e0 01 c\u00e1 nh\u00e2n \u0111\u1ea1t danh hi\u1ec7u \u201cChi\u1ebfn s\u1ef9 thi \u0111ua c\u1ea5p B\u1ed9\u201d.<\/p>\n<p><strong>\u0110\u1ecbnh h\u01b0\u1edbng ph\u00e1t tri\u1ec3n<\/strong><\/p>\n<p>&#8211; Ch\u1ecdn gi\u1ed1ng, k\u1ef9 thu\u1eadt tr\u1ed3ng th\u00e2m canh c\u00e1c lo\u00e0i m\u1ecdc nhanh (b\u1ea3n \u0111\u1ecba, keo) cung c\u1ea5p g\u1ed7 l\u1edbn;<\/p>\n<p>&#8211; L\u0129nh v\u1ef1c l\u00e2m s\u1ea3n ngo\u00e0i g\u1ed7: Nghi\u00ean c\u1ee9u c\u01a1 s\u1edf khoa h\u1ecdc v\u1ec1 c\u00e1c lo\u00e0i Tre (ph\u00e2n lo\u1ea1i, \u0111\u1eb7c \u0111i\u1ec3m sinh h\u1ecdc, ch\u1ecdn gi\u1ed1ng, k\u1ef9 thu\u1eadt g\u00e2y tr\u1ed3ng)\u0111\u00e1p \u1ee9ng nhu c\u1ea7u nguy\u00ean li\u1ec7u cho s\u1ea3n xu\u1ea5t c\u00f4ng nghi\u1ec7p v\u00e0 ch\u1ebf bi\u1ebfn th\u1ef1c ph\u1ea9m. Ch\u1ecdn gi\u1ed1ng, nh\u00e2n gi\u1ed1ng, g\u00e2y tr\u1ed3ng, khai th\u00e1c ch\u1ebf bi\u1ebfn m\u1ed9t s\u1ed1 lo\u00e0i l\u00e2m s\u1ea3n ngo\u00e0i g\u1ed7: Ba k\u00edch, M\u00e2y, Qu\u1ebf, Sa nh\u00e2n, c\u00e2y thu\u1ed1c&#8230;;<\/p>\n<p>&#8211; Nghi\u00ean c\u1ee9u k\u1ef9 thu\u1eadt khoanh nu\u00f4i ph\u1ee5c h\u1ed3i r\u1eebng t\u1ef1 nhi\u00ean, di\u1ec5n th\u1ebf r\u1eebng th\u1ee9 sinh, theo d\u00f5i \u0111\u1ecbnh v\u1ecb di\u1ec5n bi\u1ebfn \u0111\u1ed9 ph\u00ec \u0111\u1ea5t d\u01b0\u1edbi t\u00e1n r\u1eebng t\u1ef1 nhi\u00ean, r\u1eebng tr\u1ed3ng c\u00e2y l\u00e1 r\u1ed9ng, r\u1eebng tre lu\u1ed3ng, r\u1eebng c\u00e2y nh\u1eadp n\u1ed9i t\u1ea1i v\u00f9ng Trung t\u00e2m B\u1eafc B\u1ed9;<\/p>\n<p>&#8211; Nghi\u00ean c\u1ee9u b\u1ea3o t\u1ed3n ngu\u1ed3n gen c\u00e2y r\u1eebng; x\u00e2y d\u1ef1ng r\u1eebng gi\u1ed1ng, v\u01b0\u1eddn gi\u1ed1ng cho m\u1ed9t s\u1ed1 lo\u00e0i c\u00e2y g\u1ed7 m\u1ecdc nhanh.<\/p>\n<p>&#8211; \u0110\u1ea9y m\u1ea1nh ho\u1ea1t \u0111\u1ed9ng d\u1ecbch v\u1ee5, s\u1ea3n xu\u1ea5t kinh doanh, chuy\u1ec3n giao c\u00e1c k\u1ebft qu\u1ea3 khoa h\u1ecdc c\u00f4ng ngh\u1ec7, ti\u1ebfn b\u1ed9 k\u1ef9 thu\u1eadt v\u00e0o s\u1ea3n xu\u1ea5t, \u0111\u1eb7c bi\u1ec7t l\u00e0 cung c\u1ea5p c\u00e2y gi\u1ed1ng ch\u1ea5t l\u01b0\u1ee3ng cao, k\u1ef9 thu\u1eadt tr\u1ed3ng r\u1eebng th\u00e2m canh, tr\u1ed3ng r\u1eebng v\u00e0 cung c\u1ea5p g\u1ed7 nguy\u00ean li\u1ec7u, k\u1ef9 thu\u1eadt nh\u00e2n gi\u1ed1ng v\u00e0 tr\u1ed3ng c\u00e1c lo\u00e0i Tre <strong>\u0110\u1ecba ch\u1ec9 li\u00ean h\u1ec7: <\/strong><\/p>\n<p>Tr\u1ee5 s\u1edf ch\u00ednh: Khu 3-X\u00e3 Ch\u00e2n M\u1ed9ng-Huy\u1ec7n \u0110oan H\u00f9ng-T\u1ec9nh Ph\u00fa Th\u1ecd<\/p>\n<p>\u0110i\u1ec7n tho\u1ea1i: 02103 835 031<\/p>\n<p>&nbsp;<\/p>\n","protected":false},"excerpt":{"rendered":"<p>Quy\u1ebft \u0111\u1ecbnh th\u00e0nh l\u1eadp, ch\u1ee9c n\u0103ng, nhi\u1ec7m v\u1ee5 &#8211; Trung t\u00e2m Khoa h\u1ecdc L\u00e2m nghi\u1ec7p v\u00f9ng Trung t\u00e2m B\u1eafc B\u1ed9 \u0111\u01b0\u1ee3c th\u00e0nh l\u1eadp tr\u00ean c\u01a1 s\u1edf t\u1ed5 ch\u1ee9c l\u1ea1i Trung t\u00e2m Nghi\u00ean c\u1ee9u Th\u1ef1c nghi\u1ec7m l\u00e2m sinh C\u1ea7u Hai theo Quy\u1ebft \u0111\u1ecbnh s\u1ed1 3127\/Q\u0110-BNN-TCCB ng\u00e0y 13 th\u00e1ng 12 n\u0103m 2012 c\u1ee7a B\u1ed9 tr\u01b0\u1edfng B\u1ed9 N\u00f4ng [&hellip;]<\/p>\n","protected":false},"author":2,"featured_media":0,"parent":0,"menu_order":0,"comment_status":"open","ping_status":"open","template":"","meta":[],"_links":{"self":[{"href":"https:\/\/vafs.gov.vn\/vn\/wp-json\/wp\/v2\/pages\/1907"}],"collection":[{"href":"https:\/\/vafs.gov.vn\/vn\/wp-json\/wp\/v2\/pages"}],"about":[{"href":"https:\/\/vafs.gov.vn\/vn\/wp-json\/wp\/v2\/types\/page"}],"author":[{"embeddable":true,"href":"https:\/\/vafs.gov.vn\/vn\/wp-json\/wp\/v2\/users\/2"}],"replies":[{"embeddable":true,"href":"https:\/\/vafs.gov.vn\/vn\/wp-json\/wp\/v2\/comments?post=1907"}],"version-history":[{"count":15,"href":"https:\/\/vafs.gov.vn\/vn\/wp-json\/wp\/v2\/pages\/1907\/revisions"}],"predecessor-version":[{"id":22030,"href":"https:\/\/vafs.gov.vn\/vn\/wp-json\/wp\/v2\/pages\/1907\/revisions\/22030"}],"wp:attachment":[{"href":"https:\/\/vafs.gov.vn\/vn\/wp-json\/wp\/v2\/media?parent=1907"}],"curies":[{"name":"wp","href":"https:\/\/api.w.org\/{rel}","templated":true}]}}