{"id":1906,"date":"2013-08-02T23:56:36","date_gmt":"2013-08-02T16:56:36","guid":{"rendered":"http:\/\/vafs.gov.vn\/vn\/?page_id=1906"},"modified":"2025-09-04T11:23:31","modified_gmt":"2025-09-04T04:23:31","slug":"trung-tam-khoa-hoc-lam-nghiep-tay-bac","status":"publish","type":"page","link":"https:\/\/vafs.gov.vn\/vn\/trung-tam-khoa-hoc-lam-nghiep-tay-bac\/","title":{"rendered":"Trung t\u00e2m Khoa h\u1ecdc L\u00e2m nghi\u1ec7p T\u00e2y B\u1eafc"},"content":{"rendered":"<p><strong>Quy\u1ebft \u0111\u1ecbnh th\u00e0nh l\u1eadp, ch\u1ee9c n\u0103ng, nhi\u1ec7m v\u1ee5<\/strong><\/p>\n<p>Trung t\u00e2m Khoa h\u1ecdc L\u00e2m nghi\u1ec7p T\u00e2y B\u1eafc \u0111\u01b0\u1ee3c th\u00e0nh l\u1eadp tr\u00ean c\u01a1 s\u1edf t\u1ed5 ch\u1ee9c l\u1ea1i Trung t\u00e2m Khoa h\u1ecdc s\u1ea3n xu\u1ea5t L\u00e2m nghi\u1ec7p v\u00f9ng T\u00e2y B\u1eafc theo quy\u1ebft \u0111\u1ecbnh s\u1ed1 675\/Q\u0110-BNN-TCCB ng\u00e0y 01\/4\/2013 c\u1ee7a B\u1ed9 tr\u01b0\u1edfng B\u1ed9 N\u00f4ng nghi\u1ec7p v\u00e0 Ph\u00e1t tri\u1ec3n n\u00f4ng th\u00f4n v\u1ec1 Quy \u0111\u1ecbnh ch\u1ee9c n\u0103ng, nhi\u1ec7m v\u1ee5, quy\u1ec1n h\u1ea1n v\u00e0 c\u01a1 c\u1ea5u t\u1ed5 ch\u1ee9c c\u1ee7a Trung t\u00e2m Khoa h\u1ecdc L\u00e2m nghi\u1ec7p T\u00e2y B\u1eafc tr\u1ef1c thu\u1ed9c Vi\u1ec7n Khoa h\u1ecdc L\u00e2m nghi\u1ec7p Vi\u1ec7t Nam.<\/p>\n<p>Trung t\u00e2m Khoa h\u1ecdc L\u00e2m nghi\u1ec7p T\u00e2y B\u1eafc c\u00f3 ch\u1ee9c n\u0103ng nghi\u00ean c\u1ee9u khoa h\u1ecdc, chuy\u1ec3n giao c\u00f4ng ngh\u1ec7, h\u1ee3p t\u00e1c qu\u1ed1c t\u1ebf, t\u01b0 v\u1ea5n v\u00e0 tham gia \u0111\u00e0o t\u1ea1o v\u1ec1 l\u0129nh v\u1ef1c l\u00e2m nghi\u1ec7p v\u00f9ng T\u00e2y B\u1eafc theo quy \u0111\u1ecbnh c\u1ee7a ph\u00e1p lu\u1eadt.<\/p>\n<p><a href=\"http:\/\/vafs.gov.vn\/vn\/trung-tam-khoa-hoc-lam-nghiep-tay-bac\/tt-tay-bac\/\" rel=\"attachment wp-att-22027\"><img decoding=\"async\" loading=\"lazy\" class=\"aligncenter wp-image-22027 size-medium\" src=\"http:\/\/vafs.gov.vn\/vn\/wp-content\/uploads\/sites\/2\/2022\/07\/TT-Tay-Bac-500x246.jpg\" alt=\"\" width=\"500\" height=\"246\" srcset=\"https:\/\/vafs.gov.vn\/vn\/wp-content\/uploads\/sites\/2\/2022\/07\/TT-Tay-Bac-500x246.jpg 500w, https:\/\/vafs.gov.vn\/vn\/wp-content\/uploads\/sites\/2\/2022\/07\/TT-Tay-Bac-768x377.jpg 768w, https:\/\/vafs.gov.vn\/vn\/wp-content\/uploads\/sites\/2\/2022\/07\/TT-Tay-Bac-1024x503.jpg 1024w, https:\/\/vafs.gov.vn\/vn\/wp-content\/uploads\/sites\/2\/2022\/07\/TT-Tay-Bac.jpg 1169w\" sizes=\"(max-width: 500px) 100vw, 500px\" \/><\/a><\/p>\n<p><strong>C\u01a1 c\u1ea5u t\u1ed5 ch\u1ee9c v\u00e0 nh\u00e2n s\u1ef1:<\/strong><\/p>\n<p>C\u01a1 c\u1ea5u t\u1ed5 ch\u1ee9c c\u1ee7a Trung t\u00e2m g\u1ed3m: Ban gi\u00e1m \u0111\u1ed1c, V\u0103n ph\u00f2ng Trung t\u00e2m; 02 B\u1ed9 m\u00f4n nghi\u00ean c\u1ee9u; 02 Tr\u1ea1m th\u1ef1c nghi\u1ec7m.<\/p>\n<p>T\u1ed5ng s\u1ed1 vi\u00ean ch\u1ee9c v\u00e0 lao \u0111\u1ed9ng h\u1ee3p \u0111\u1ed3ng: 22 ng\u01b0\u1eddi, trong \u0111\u00f3 c\u00f3: 02 ti\u1ebfn s\u1ef9, 01 nghi\u00ean c\u1ee9u sinh, 03 th\u1ea1c s\u1ef9, 06 h\u1ecdc vi\u00ean cao h\u1ecdc, 07 k\u1ef9 s\u01b0, 03 trung c\u1ea5p, nh\u00e2n vi\u00ean h\u1ee3p \u0111\u1ed3ng.<\/p>\n<p>Gi\u00e1m \u0111\u1ed1c:\u00a0\u00a0\u00a0\u00a0\u00a0\u00a0 TS. H\u00e0 V\u0103n Ti\u1ec7p.<\/p>\n<p>Ph\u00f3 gi\u00e1m \u0111\u1ed1c: TS. \u0110inh C\u00f4ng Tr\u00ecnh<\/p>\n<table width=\"624\">\n<tbody>\n<tr>\n<td width=\"36\"><strong>TT<\/strong><\/td>\n<td width=\"409\"><strong>C\u00e1c \u0111\u01a1n v\u1ecb tr\u1ef1c thu\u1ed9c<\/strong><\/td>\n<td width=\"179\"><strong>Tr\u01b0\u1edfng \u0111\u01a1n v\u1ecb<\/strong><\/td>\n<\/tr>\n<tr>\n<td width=\"36\">1<\/td>\n<td width=\"409\">V\u0103n ph\u00f2ng Trung t\u00e2m<\/td>\n<td width=\"179\">C\u1eed nh\u00e2n \u0110\u1ed7 Qu\u1ed1c Vi\u1ec7t<\/td>\n<\/tr>\n<tr>\n<td width=\"36\">2<\/td>\n<td width=\"409\">B\u1ed9 m\u00f4n nghi\u00ean c\u1ee9u k\u1ef9 thu\u1eadt L\u00e2m sinh<\/td>\n<td width=\"179\">TS. Nguy\u1ec5n V\u0103n H\u00f9ng<\/td>\n<\/tr>\n<tr>\n<td width=\"36\">3<\/td>\n<td width=\"409\">B\u1ed9 m\u00f4n L\u00e2m s\u1ea3n ngo\u00e0i g\u1ed7<\/td>\n<td width=\"179\">Ks L\u00ea Anh Thanh<\/td>\n<\/tr>\n<tr>\n<td width=\"36\">4<\/td>\n<td width=\"409\">Tr\u1ea1m th\u1ef1c nghi\u1ec7m l\u00e2m sinh Chi\u1ec1ng Sinh<\/td>\n<td width=\"179\">C\u1eed nh\u00e2n Qu\u00e0ng V\u0103n L\u1ea3<\/td>\n<\/tr>\n<tr>\n<td width=\"36\">5<\/td>\n<td width=\"409\">Tr\u1ea1m th\u1ef1c nghi\u1ec7m l\u00e2m sinh Chi\u1ec1ng B\u00f4m<\/td>\n<td width=\"179\">Ths Tr\u1ea7n Quang Trung<\/td>\n<\/tr>\n<\/tbody>\n<\/table>\n<p><strong>L\u0129nh v\u1ef1c ho\u1ea1t \u0111\u1ed9ng ch\u00ednh:<\/strong><\/p>\n<ol>\n<li>Nghi\u00ean c\u1ee9u c\u01a1 b\u1ea3n v\u00e0 nghi\u00ean c\u1ee9u \u1ee9ng d\u1ee5ng t\u1ed5ng h\u1ee3p v\u1ec1 l\u00e2m nghi\u1ec7p v\u00f9ng T\u00e2y B\u1eafc bao g\u1ed3m: K\u1ef9 thu\u1eadt v\u00e0 c\u00f4ng ngh\u1ec7 ph\u1ee5c h\u1ed3i, l\u00e0m gi\u00e0u, c\u1ea3i t\u1ea1o, qu\u1ea3n l\u00fd b\u1ec1n v\u1eefng r\u1eebng; n\u00f4ng l\u00e2m k\u1ebft h\u1ee3p, gi\u1ed1ng c\u00e2y l\u00e2m nghi\u1ec7p, sinh l\u00fd, sinh th\u00e1i c\u00e1 th\u1ec3, qu\u1ea7n th\u1ec3 th\u1ef1c v\u1eadt r\u1eebng v\u00e0 c\u00e1c bi\u1ec7n ph\u00e1p ph\u1ee5c h\u1ed3i h\u1ec7 sinh th\u00e1i r\u1eebng, b\u1ea3o v\u1ec7, b\u1ea3o t\u1ed3n \u0111a d\u1ea1ng sinh h\u1ecdc lo\u00e0i v\u00e0 h\u1ec7 sinh th\u00e1i \u0111\u1eb7c th\u00f9; t\u00e1c \u0111\u1ed9ng c\u1ee7a bi\u1ebfn \u0111\u1ed5i kh\u00ed h\u1eadu v\u00e0 gi\u1ea3i ph\u00e1p \u1ee9ng ph\u00f3 bi\u1ebfn \u0111\u1ed5i kh\u00ed h\u1eadu; \u1ee9ng d\u1ee5ng c\u1ed9ng ngh\u1ec7 sinh h\u1ecdc; k\u1ef9 thu\u1eadt nu\u00f4i, g\u00e2y tr\u1ed3ng, ch\u1ebf bi\u1ebfn, b\u1ea3o qu\u1ea3n c\u00e1c lo\u1ea1i l\u00e2m s\u1ea3n ngo\u00e0i g\u1ed7, \u0111\u1ed9ng v\u1eadt r\u1eebng; bi\u1ec7n ph\u00e1p ph\u00f2ng tr\u1eeb s\u00e2u b\u1ec7nh h\u1ea1i r\u1eebng, ph\u00f2ng ch\u1ed1ng ch\u00e1y r\u1eebng; ch\u1ebf bi\u1ebfn, b\u1ea3o qu\u1ea3n l\u00e2m s\u1ea3n; c\u01a1 ch\u1ebf, ch\u00ednh s\u00e1ch, t\u1ed5 ch\u1ee9c v\u00e0 qu\u1ea3n l\u00fd l\u00e2m nghi\u1ec7p, kinh t\u1ebf l\u00e2m nghi\u1ec7p, l\u00e2m nghi\u1ec7p c\u1ed9ng \u0111\u1ed3ng.<\/li>\n<li>Tri\u1ec3n khai th\u1ef1c nghi\u1ec7m, s\u1ea3n xu\u1ea5t, kinh doanh c\u00e1c s\u1ea3n ph\u1ea9m tr\u00ean c\u01a1 s\u1edf \u1ee9ng d\u1ee5ng c\u00e1c k\u1ebft qu\u1ea3 nghi\u00ean c\u1ee9u.<\/li>\n<li>D\u1ecbch v\u1ee5 khoa h\u1ecdc v\u00e0 c\u00f4ng ngh\u1ec7: T\u01b0 v\u1ea5n l\u1eadp d\u1ef1 \u00e1n, t\u01b0 v\u1ea5n gi\u00e1m s\u00e1t, th\u1ea9m tra, t\u01b0 v\u1ea5n th\u1ea9m \u0111\u1ecbnh h\u1ed3 s\u01a1 thi\u1ebft k\u1ebf, d\u1ef1 to\u00e1n c\u00e1c ch\u01b0\u01a1ng tr\u00ecnh, d\u1ef1 \u00e1n \u0111\u1ea7u t\u01b0, c\u00f4ng tr\u00ecnh x\u00e2y d\u1ef1ng l\u00e2m nghi\u1ec7p; chuy\u1ec3n giao k\u1ebft qu\u1ea3 nghi\u00ean c\u1ee9u KH&amp;CN v\u00e0 \u0111\u00e0o t\u1ea1o n\u00e2ng cao tr\u00ecnh \u0111\u1ed9 chuy\u00ean m\u00f4n trong c\u00e1c l\u0129nh v\u1ef1c nghi\u00ean c\u1ee9u n\u00eau tr\u00ean.<\/li>\n<li>H\u1ee3p t\u00e1c v\u1edbi c\u00e1c t\u1ed5 ch\u1ee9c, c\u00e1 nh\u00e2n trong v\u00e0 ngo\u00e0i n\u01b0\u1edbc \u0111\u1ec3 th\u1ef1c hi\u1ec7n nhi\u1ec7m v\u1ee5 c\u1ee7a Trung t\u00e2m.<\/li>\n<\/ol>\n<p><strong>C\u01a1 s\u1edf V\u1eadt ch\u1ea5t<\/strong><\/p>\n<table width=\"624\">\n<tbody>\n<tr>\n<td width=\"312\">&#8211; Nh\u00e0 l\u00e0m vi\u1ec7c 2 t\u1ea7ng t\u1ea1i v\u0103n ph\u00f2ng Trung t\u00e2m v\u00e0 2 nh\u00e0 l\u00e0m vi\u1ec7c 1 t\u1ea7ng t\u1ea1i 2 tr\u1ea1m nghi\u00ean c\u1ee9u.<\/td>\n<td width=\"312\">&#8211; V\u01b0\u1eddn \u01b0\u01a1m gi\u1ed1ng c\u00e2y 1 ha.<\/p>\n<p>&#8211; Ph\u00f2ng th\u00ed nghi\u1ec7m 50m<sup>2<\/sup><\/td>\n<\/tr>\n<tr>\n<td width=\"312\">&#8211; H\u1ec7 th\u1ed1ng thi\u1ebft b\u1ecb ph\u1ee5c v\u1ee5 nghi\u00ean c\u1ee9u.<\/td>\n<td width=\"312\">&#8211; 422 ha \u0111\u1ea5t hi\u1ec7n tr\u01b0\u1eddng ph\u1ee5c v\u1ee5 nghi\u00ean c\u1ee9u<\/td>\n<\/tr>\n<\/tbody>\n<\/table>\n<p><strong>Nh\u1eefng th\u00e0nh t\u00edch \u0111\u00e3 \u0111\u1ea1t \u0111\u01b0\u1ee3c<\/strong><\/p>\n<p>Trung t\u00e2m \u0111\u00e3 \u0111\u01b0\u1ee3c B\u1ed9 N\u00f4ng nghi\u1ec7p v\u00e0 Ph\u00e1t tri\u1ec3n n\u00f4ng th\u00f4n c\u00f4ng nh\u1eadn 02 ti\u1ebfn b\u1ed9 k\u1ef9 thu\u1eadt v\u1ec1 gh\u00e9p v\u00e0 tr\u1ed3ng th\u00e2m canh c\u00e2y S\u01a1n tra gh\u00e9p cho m\u1ee5c ti\u00eau l\u1ea5y qu\u1ea3; 2 ti\u00eau chu\u1ea9n Vi\u1ec7t Nam v\u1ec1 c\u00e2y S\u01a1n tra v\u00e0 c\u00e2y T\u00f4ng d\u00f9; \u0111ang tri\u1ec3n khai 01 \u0111\u1ec1 t\u00e0i c\u1ea5p Nh\u00e0 n\u01b0\u1edbc v\u1ec1 b\u1ea3o t\u1ed3n v\u00e0 ph\u00e1t tri\u1ec3n ngu\u1ed3n gen c\u00e2y tre M\u1ea1y B\u00f3i, 01 \u0111\u1ec1 t\u00e0i ti\u1ec1m n\u0103ng c\u1ea5p b\u1ed9, \u0111\u00e3 tri\u1ec3n khai 01 d\u1ef1 \u00e1n s\u1ea3n xu\u1ea5t th\u1eed nghi\u1ec7m c\u1ea5p b\u1ed9, 01 d\u1ef1 \u00e1n gi\u1ed1ng c\u00e2y tr\u1ed3ng l\u00e2m nghi\u1ec7p c\u1ea5p b\u1ed9, 01 d\u1ef1 \u00e1n ph\u00e1t tri\u1ec3n l\u00e2m nghi\u1ec7p b\u1ec1n v\u1eefng, 01 d\u1ef1 \u00e1n h\u1ee3p t\u00e1c qu\u1ed1c t\u1ebf v\u1edbi t\u1ed5 ch\u1ee9c N\u00f4ng l\u00e2m th\u1ebf gi\u1edbi, 07 \u0111\u1ec1 t\u00e0i c\u1ea5p t\u1ec9nh, 03 \u0111\u1ec1 t\u00e0i c\u1ea5p c\u01a1 s\u1edf v\u00e0 th\u1ef1c hi\u1ec7n 20 h\u1ee3p \u0111\u1ed3ng d\u1ecbch v\u1ee5 khoa h\u1ecdc. C\u00f4ng b\u1ed1 \u0111\u01b0\u1ee3c 02 b\u00e0i b\u00e1o qu\u1ed1c t\u1ebf, 15 b\u00e0i b\u00e1o tr\u00ean c\u00e1c t\u1ea1p ch\u00ed trong n\u01b0\u1edbc, x\u00e2y d\u1ef1ng \u0111\u01b0\u1ee3c nhi\u1ec1u m\u00f4 h\u00ecnh khuy\u1ebfn l\u00e2m v\u00e0 m\u00f4 h\u00ecnh n\u00f4ng l\u00e2m k\u1ebft h\u1ee3p t\u1ea1i v\u00f9ng T\u00e2y B\u1eafc.<\/p>\n<p><strong>\u0110\u1ecbnh h\u01b0\u1edbng ph\u00e1t tri\u1ec3n<\/strong><\/p>\n<p><strong>\u00a0\u00a0\u00a0\u00a0\u00a0\u00a0\u00a0\u00a0\u00a0\u00a0\u00a0 <\/strong>&#8211; \u0110\u1ea9y m\u1ea1nh c\u00f4ng t\u00e1c \u0111\u00e0o t\u1ea1o \u0111\u1ed9i ng\u0169 c\u00e1n b\u1ed9 nghi\u00ean c\u1ee9u c\u00f3 tr\u00ecnh \u0111\u1ed9 ti\u1ebfn s\u1ef9, th\u1ea1c s\u1ef9.<\/p>\n<p><strong>\u00a0\u00a0\u00a0\u00a0\u00a0\u00a0\u00a0\u00a0\u00a0\u00a0\u00a0 <\/strong>&#8211; Nghi\u00ean c\u1ee9u ch\u1ecdn gi\u1ed1ng v\u00e0 k\u1ef9 thu\u1eadt tr\u1ed3ng r\u1eebng c\u00e1c lo\u00e0i c\u00e2y b\u1ea3n \u0111\u1ecba m\u1ecdc nhanh cung c\u1ea5p g\u1ed7 l\u1edbn cho v\u00f9ng T\u00e2y B\u1eafc.<\/p>\n<p>&#8211; Nghi\u00ean c\u1ee9u ch\u1ecdn gi\u1ed1ng v\u00e0 k\u1ef9 thu\u1eadt tr\u1ed3ng c\u00e1c lo\u00e0i c\u00e2y l\u00e2m s\u1ea3n ngo\u00e0i g\u1ed7, c\u00e2y \u0111a t\u00e1c d\u1ee5ng c\u00f3 gi\u00e1 tr\u1ecb t\u1ea1i v\u00f9ng T\u00e2y B\u1eafc.<\/p>\n<p>&#8211; Nghi\u00ean c\u1ee9u ph\u1ee5c h\u1ed3i v\u00e0 qu\u1ea3n l\u00fd b\u1ec1n v\u1eefng r\u1eebng t\u1ef1 nhi\u00ean, b\u1ea3o t\u1ed3n \u0111a d\u1ea1ng sinh h\u1ecdc v\u00e0 ch\u1ee9c n\u0103ng ph\u00f2ng h\u1ed9 sinh th\u00e1i \u0111\u1ea7u ngu\u1ed3n c\u1ee7a r\u1eebng t\u1ea1i v\u00f9ng T\u00e2y B\u1eafc.<\/p>\n<p>&#8211; X\u00e2y d\u1ef1ng c\u00e1c m\u00f4 h\u00ecnh n\u00f4ng l\u00e2m k\u1ebft h\u1ee3p tr\u00ean \u0111\u1ea5t d\u1ed1c.<\/p>\n<p>&#8211; \u1ee8ng d\u1ee5ng v\u00e0 chuy\u1ec3n giao c\u00f4ng ngh\u1ec7 v\u00e0 ti\u1ebfn b\u1ed9 k\u1ef9 thu\u1eadt v\u1ec1 tr\u1ed3ng r\u1eebng v\u00e0 qu\u1ea3n l\u00fd r\u1eebng b\u1ec1n v\u1eefng.<\/p>\n<p><strong>\u0110\u1ecba ch\u1ec9 li\u00ean h\u1ec7<\/strong><\/p>\n<p>\u0110\u1ecba ch\u1ec9: S\u1ed1 110, \u0111\u01b0\u1eddng L\u00ea Du\u1ea9n, ph\u01b0\u1eddng Quy\u1ebft T\u00e2m,\u00a0 S\u01a1n La.<\/p>\n<p>\u0110i\u1ec7n tho\u1ea1i: 0212.3852.164, Fax:0212.3853.283<\/p>\n","protected":false},"excerpt":{"rendered":"<p>Quy\u1ebft \u0111\u1ecbnh th\u00e0nh l\u1eadp, ch\u1ee9c n\u0103ng, nhi\u1ec7m v\u1ee5 Trung t\u00e2m Khoa h\u1ecdc L\u00e2m nghi\u1ec7p T\u00e2y B\u1eafc \u0111\u01b0\u1ee3c th\u00e0nh l\u1eadp tr\u00ean c\u01a1 s\u1edf t\u1ed5 ch\u1ee9c l\u1ea1i Trung t\u00e2m Khoa h\u1ecdc s\u1ea3n xu\u1ea5t L\u00e2m nghi\u1ec7p v\u00f9ng T\u00e2y B\u1eafc theo quy\u1ebft \u0111\u1ecbnh s\u1ed1 675\/Q\u0110-BNN-TCCB ng\u00e0y 01\/4\/2013 c\u1ee7a B\u1ed9 tr\u01b0\u1edfng B\u1ed9 N\u00f4ng nghi\u1ec7p v\u00e0 Ph\u00e1t tri\u1ec3n n\u00f4ng th\u00f4n v\u1ec1 [&hellip;]<\/p>\n","protected":false},"author":2,"featured_media":0,"parent":0,"menu_order":0,"comment_status":"open","ping_status":"open","template":"","meta":[],"_links":{"self":[{"href":"https:\/\/vafs.gov.vn\/vn\/wp-json\/wp\/v2\/pages\/1906"}],"collection":[{"href":"https:\/\/vafs.gov.vn\/vn\/wp-json\/wp\/v2\/pages"}],"about":[{"href":"https:\/\/vafs.gov.vn\/vn\/wp-json\/wp\/v2\/types\/page"}],"author":[{"embeddable":true,"href":"https:\/\/vafs.gov.vn\/vn\/wp-json\/wp\/v2\/users\/2"}],"replies":[{"embeddable":true,"href":"https:\/\/vafs.gov.vn\/vn\/wp-json\/wp\/v2\/comments?post=1906"}],"version-history":[{"count":4,"href":"https:\/\/vafs.gov.vn\/vn\/wp-json\/wp\/v2\/pages\/1906\/revisions"}],"predecessor-version":[{"id":23899,"href":"https:\/\/vafs.gov.vn\/vn\/wp-json\/wp\/v2\/pages\/1906\/revisions\/23899"}],"wp:attachment":[{"href":"https:\/\/vafs.gov.vn\/vn\/wp-json\/wp\/v2\/media?parent=1906"}],"curies":[{"name":"wp","href":"https:\/\/api.w.org\/{rel}","templated":true}]}}