{"id":1905,"date":"2013-08-02T23:56:23","date_gmt":"2013-08-02T16:56:23","guid":{"rendered":"http:\/\/vafs.gov.vn\/vn\/?page_id=1905"},"modified":"2025-09-04T11:21:52","modified_gmt":"2025-09-04T04:21:52","slug":"vien-khoa-hoc-lam-nghiep-nam-trung-bo-va-tay-nguyen","status":"publish","type":"page","link":"https:\/\/vafs.gov.vn\/vn\/vien-khoa-hoc-lam-nghiep-nam-trung-bo-va-tay-nguyen\/","title":{"rendered":"Vi\u1ec7n Khoa h\u1ecdc L\u00e2m nghi\u1ec7p Nam Trung B\u1ed9 v\u00e0 T\u00e2y Nguy\u00ean"},"content":{"rendered":"<p><strong>Quy\u1ebft \u0111\u1ecbnh th\u00e0nh l\u1eadp, ch\u1ee9c n\u0103ng, nhi\u1ec7m v\u1ee5<\/strong><\/p>\n<p>Vi\u1ec7n Khoa h\u1ecdc L\u00e2m nghi\u1ec7p Nam Trung B\u1ed9 v\u00e0 T\u00e2y Nguy\u00ean (Forest Science Institute of Central Highlands and South of Central Vietnam &#8211; FSIH) tr\u1ef1c thu\u1ed9c Vi\u1ec7n Khoa h\u1ecdc L\u00e2m nghi\u1ec7p Vi\u1ec7t Nam, \u0111\u01b0\u1ee3c th\u00e0nh l\u1eadp tr\u00ean c\u01a1 s\u1edf t\u1ed5 ch\u1ee9c, s\u1eafp x\u1ebfp l\u1ea1i Trung t\u00e2m L\u00e2m nghi\u1ec7p Nhi\u1ec7t \u0111\u1edbi, Trung t\u00e2m Nghi\u00ean c\u1ee9u Th\u1ef1c nghi\u1ec7m L\u00e2m sinh L\u00e2m \u0110\u1ed3ng v\u00e0 Tr\u1ea1m th\u1ef1c nghi\u1ec7m L\u00e2m nghi\u1ec7p Thi\u1ec7n Nghi\u1ec7p thu\u1ed9c Ph\u00e2n vi\u1ec7n Nghi\u00ean c\u1ee9u Khoa h\u1ecdc L\u00e2m nghi\u1ec7p Nam B\u1ed9 theo Quy\u1ebft \u0111\u1ecbnh s\u1ed1 676\/Q\u0110-BNN-TCCB ng\u00e0y 01\/4\/2013 c\u1ee7a B\u1ed9 tr\u01b0\u1edfng B\u1ed9 N\u00f4ng nghi\u1ec7p v\u00e0 Ph\u00e1t tri\u1ec3n N\u00f4ng th\u00f4n.<\/p>\n<p>Vi\u1ec7n Khoa h\u1ecdc L\u00e2m nghi\u1ec7p Nam Trung B\u1ed9 v\u00e0 T\u00e2y Nguy\u00ean c\u00f3 ch\u1ee9c n\u0103ng nghi\u00ean c\u1ee9u khoa h\u1ecdc,, chuy\u1ec3n giao c\u00f4ng ngh\u1ec7, h\u1ee3p t\u00e1c qu\u1ed1c t\u1ebf, t\u01b0 v\u1ea5n v\u00e0 \u0111\u00e0o t\u1ea1o v\u1ec1 l\u0129nh v\u1ef1c l\u00e2m nghi\u1ec7p v\u00f9ng Nam Trung B\u1ed9 v\u00e0 T\u00e2y Nguy\u00ean theo quy \u0111\u1ecbnh c\u1ee7a ph\u00e1p lu\u1eadt.<\/p>\n<p><a href=\"http:\/\/vafs.gov.vn\/vn\/vien-khoa-hoc-lam-nghiep-nam-trung-bo-va-tay-nguyen\/vien-ntbtn\/\" rel=\"attachment wp-att-22022\"><img decoding=\"async\" loading=\"lazy\" class=\"aligncenter wp-image-22022 size-medium\" src=\"http:\/\/vafs.gov.vn\/vn\/wp-content\/uploads\/sites\/2\/2022\/07\/Vien-NTBTN-500x333.jpg\" alt=\"\" width=\"500\" height=\"333\" srcset=\"https:\/\/vafs.gov.vn\/vn\/wp-content\/uploads\/sites\/2\/2022\/07\/Vien-NTBTN-500x333.jpg 500w, https:\/\/vafs.gov.vn\/vn\/wp-content\/uploads\/sites\/2\/2022\/07\/Vien-NTBTN-768x512.jpg 768w, https:\/\/vafs.gov.vn\/vn\/wp-content\/uploads\/sites\/2\/2022\/07\/Vien-NTBTN-1024x683.jpg 1024w, https:\/\/vafs.gov.vn\/vn\/wp-content\/uploads\/sites\/2\/2022\/07\/Vien-NTBTN.jpg 2047w\" sizes=\"(max-width: 500px) 100vw, 500px\" \/><\/a><\/p>\n<p><strong>C\u01a1 c\u1ea5u t\u1ed5 ch\u1ee9c v\u00e0 nh\u00e2n s\u1ef1:<\/strong><\/p>\n<p>C\u01a1 c\u1ea5u t\u1ed5 ch\u1ee9c c\u1ee7a Vi\u1ec7n g\u1ed3m: Ban l\u00e3nh \u0111\u1ea1o v\u00e0 07 \u0111\u01a1n v\u1ecb tr\u1ef1c thu\u1ed9c.<\/p>\n<p>T\u1ed5ng s\u1ed1 vi\u00ean ch\u1ee9c, lao \u0111\u1ed9ng h\u1ee3p \u0111\u1ed3ng l\u00e0 70 ng\u01b0\u1eddi, trong \u0111\u00f3: 01 PGS, 05 Ti\u1ebfn s\u0129, 03 NCS, 14 th\u1ea1c s\u1ef9, 27 k\u1ef9 s\u01b0 v\u00e0 c\u1eed nh\u00e2n, 20 cao \u0111\u1eb3ng v\u00e0 k\u1ef9 thu\u1eadt vi\u00ean.<\/p>\n<p>Quy\u1ec1n Vi\u1ec7n tr\u01b0\u1edfng: TS. Ng\u00f4 V\u0103n C\u1ea7m<\/p>\n<p>Ph\u00f3 Vi\u1ec7n tr\u01b0\u1edfng:\u00a0\u00a0\u00a0\u00a0 TS. Ph\u1ea1m Tr\u1ecdng Nh\u00e2n<\/p>\n<table>\n<tbody>\n<tr>\n<td width=\"47\"><strong>TT<\/strong><\/td>\n<td width=\"371\"><strong>C\u00e1c \u0111\u01a1n v\u1ecb tr\u1ef1c thu\u1ed9c<\/strong><\/td>\n<td width=\"224\"><strong>Tr\u01b0\u1edfng\/ph\u1ee5 tr\u00e1ch \u0111\u01a1n v\u1ecb<\/strong><\/td>\n<\/tr>\n<tr>\n<td width=\"47\">1<\/td>\n<td width=\"371\">V\u0103n ph\u00f2ng Vi\u1ec7n<\/td>\n<td width=\"224\">ThS. \u0110\u1ed3ng Th\u1ecb Hi\u1ec1n<\/td>\n<\/tr>\n<tr>\n<td width=\"47\">2<\/td>\n<td width=\"371\">Trung t\u00e2m L\u00e2m nghi\u1ec7p Nhi\u1ec7t \u0111\u1edbi<\/td>\n<td width=\"224\">TS. Tr\u1ea7n H\u1ed3ng S\u01a1n<\/td>\n<\/tr>\n<tr>\n<td width=\"47\">3<\/td>\n<td width=\"371\">Trung t\u00e2m t\u01b0 v\u1ea5n DV&amp;CGCN L\u00e2m nghi\u1ec7p<\/td>\n<td width=\"224\">ThS. Ph\u1ea1m Kh\u1ea3i T\u00e2n<\/td>\n<\/tr>\n<tr>\n<td width=\"47\">4<\/td>\n<td width=\"371\">B\u1ed9 m\u00f4n K\u1ef9 Thu\u1eadt L\u00e2m sinh<\/td>\n<td width=\"224\">ThS. L\u01b0u Th\u1ebf Trung<\/td>\n<\/tr>\n<tr>\n<td width=\"47\">5<\/td>\n<td width=\"371\">B\u1ed9 m\u00f4n Gi\u1ed1ng v\u00e0 CNSH<\/td>\n<td width=\"224\">ThS. B\u00f9i V\u0103n Tr\u1ecdng<\/td>\n<\/tr>\n<tr>\n<td width=\"47\">6<\/td>\n<td width=\"371\">Tr\u1ea1m Th\u1ef1c nghi\u1ec7m L\u00e2m nghi\u1ec7p L\u00e2m Vi\u00ean<\/td>\n<td width=\"224\">KS. Nguy\u1ec5n V\u0103n S\u01a1n<\/td>\n<\/tr>\n<tr>\n<td width=\"47\">7<\/td>\n<td width=\"371\">Tr\u1ea1m Th\u1ef1c nghi\u1ec7m L\u00e2m nghi\u1ec7p \u0110\u0103k P\u2019lao<\/td>\n<td width=\"224\">KS. Ph\u1ea1m V\u0103n Tr\u1ecdng<\/td>\n<\/tr>\n<\/tbody>\n<\/table>\n<p><strong>L\u0129nh v\u1ef1c ho\u1ea1t \u0111\u1ed9ng ch\u00ednh:<\/strong><\/p>\n<p>Vi\u1ec7n Khoa h\u1ecdc L\u00e2m nghi\u1ec7p Nam Trung B\u1ed9 v\u00e0 T\u00e2y Nguy\u00ean c\u00f3 ch\u1ee9c n\u0103ng nghi\u00ean c\u1ee9u khoa h\u1ecdc, chuy\u1ec3n giao c\u00f4ng ngh\u1ec7, h\u1ee3p t\u00e1c qu\u1ed1c t\u1ebf, t\u01b0 v\u1ea5n v\u00e0 tham gia \u0111\u00e0o t\u1ea1o v\u1ec1 l\u0129nh v\u1ef1c l\u00e2m nghi\u1ec7p v\u00f9ng Nam Trung B\u1ed9 v\u00e0 T\u00e2y Nguy\u00ean theo quy \u0111\u1ecbnh c\u1ee7a ph\u00e1p lu\u1eadt, c\u1ee5 th\u1ec3:<\/p>\n<p>&#8211; X\u00e2y d\u1ef1ng chi\u1ebfn l\u01b0\u1ee3c, quy ho\u1ea1ch, k\u1ebf ho\u1ea1ch 5 n\u0103m, h\u00e0ng n\u0103m, c\u00e1c ch\u01b0\u01a1ng tr\u00ecnh, d\u1ef1 \u00e1n c\u1ee7a ng\u00e0nh, c\u1ee7a Vi\u1ec7n Khoa h\u1ecdc L\u00e2m nghi\u1ec7p Vi\u1ec7t Nam v\u1ec1 khoa h\u1ecdc, c\u00f4ng ngh\u1ec7 trong l\u0129nh v\u1ef1c l\u00e2m nghi\u1ec7p c\u1ee7a v\u00f9ng Nam Trung B\u1ed9 v\u00e0 T\u00e2y Nguy\u00ean theo quy \u0111\u1ecbnh.<\/p>\n<p>&#8211; Nghi\u00ean c\u1ee9u c\u01a1 b\u1ea3n c\u00f3 \u0111\u1ecbnh h\u01b0\u1edbng v\u00e0 nghi\u00ean c\u1ee9u \u1ee9ng d\u1ee5ng t\u1ed5ng h\u1ee3p v\u1ec1 l\u00e2m nghi\u1ec7p cho v\u00f9ng Nam Trung B\u1ed9 v\u00e0 T\u00e2y Nguy\u00ean.<\/p>\n<p>&#8211; X\u00e2y d\u1ef1ng c\u00e1c ti\u00eau chu\u1ea9n qu\u1ed1c gia, quy chu\u1ea9n k\u1ef9 thu\u1eadt qu\u1ed1c gia, \u0111\u1ecbnh m\u1ee9c kinh t\u1ebf, k\u1ef9 thu\u1eadt l\u00e2m nghi\u1ec7p theo nhi\u1ec7m v\u1ee5 \u0111\u01b0\u1ee3c giao v\u00e0 quy \u0111\u1ecbnh c\u1ee7a ph\u00e1p lu\u1eadt.<\/p>\n<p>&#8211; H\u1ee3p t\u00e1c qu\u1ed1c t\u1ebf, li\u00ean doanh, li\u00ean k\u1ebft v\u1edbi c\u00e1c t\u1ed5 ch\u1ee9c, c\u00e1 nh\u00e2n v\u1ec1 nghi\u00ean c\u1ee9u khoa h\u1ecdc, ph\u00e1t tri\u1ec3n c\u00f4ng ngh\u1ec7; tham gia \u0111\u00e0o t\u1ea1o ti\u1ebfn s\u1ef9, li\u00ean k\u1ebft \u0111\u00e0o t\u1ea1o th\u1ea1c s\u1ef9, b\u1ed3i d\u01b0\u1ee1ng ngu\u1ed3n nh\u00e2n l\u1ef1c v\u1ec1 khoa h\u1ecdc v\u00e0 c\u00f4ng ngh\u1ec7 l\u00e2m nghi\u1ec7p c\u1ee7a V\u00f9ng theo quy \u0111\u1ecbnh c\u1ee7a ph\u00e1p lu\u1eadt.<\/p>\n<p>&#8211; Th\u1ef1c hi\u1ec7n c\u00e1c d\u1ecbch v\u1ee5 khoa h\u1ecdc c\u00f4ng ngh\u1ec7; chuy\u1ec3n giao k\u1ebft qu\u1ea3 nghi\u00ean c\u1ee9u khoa h\u1ecdc, c\u00f4ng ngh\u1ec7 v\u00e0o s\u1ea3n xu\u1ea5t; tri\u1ec3n khai th\u1ef1c nghi\u1ec7m, s\u1ea3n xu\u1ea5t th\u1eed nghi\u1ec7m tr\u00ean c\u01a1 s\u1edf \u1ee9ng d\u1ee5ng k\u1ebft qu\u1ea3 nghi\u00ean c\u1ee9u khoa h\u1ecdc c\u1ee7a Vi\u1ec7n theo quy \u0111\u1ecbnh c\u1ee7a ph\u00e1p lu\u1eadt.<\/p>\n<p>&#8211; T\u1ed5 ch\u1ee9c s\u1ea3n xu\u1ea5t, kinh doanh, xu\u1ea5t kh\u1ea9u, nh\u1eadp kh\u1ea9u c\u00e1c s\u1ea3n ph\u1ea9m v\u00e0 c\u00f4ng ngh\u1ec7 l\u00e2m nghi\u1ec7p, n\u00f4ng l\u00e2m k\u1ebft h\u1ee3p, c\u00e1c s\u1ea3n ph\u1ea9m ph\u00f9 h\u1ee3p v\u1edbi l\u0129nh v\u1ef1c ho\u1ea1t \u0111\u1ed9ng chuy\u00ean m\u00f4n c\u1ee7a Vi\u1ec7n theo quy \u0111\u1ecbnh c\u1ee7a ph\u00e1p lu\u1eadt; d\u1ecbch v\u1ee5 du l\u1ecbch sinh th\u00e1i.<\/p>\n<p>&#8211; Th\u1ef1c hi\u1ec7n d\u1ecbch v\u1ee5 tham quan h\u1ecdc t\u1eadp v\u00e0 du l\u1ecbch sinh th\u00e1i ph\u00f9 h\u1ee3p v\u1edbi l\u0129nh v\u1ef1c chuy\u00ean m\u00f4n c\u1ee7a Vi\u1ec7n theo quy \u0111\u1ecbnh c\u1ee7a ph\u00e1p lu\u1eadt;<\/p>\n<p>&#8211; T\u01b0 v\u1ea5n l\u1eadp d\u1ef1 \u00e1n; t\u01b0 v\u1ea5n gi\u00e1m s\u00e1t, th\u1ea9m tra; t\u01b0 v\u1ea5n th\u1ea9m \u0111\u1ecbnh h\u1ed3 s\u01a1 thi\u1ebft k\u1ebf, d\u1ef1 to\u00e1n c\u00e1c ch\u01b0\u01a1ng tr\u00ecnh, d\u1ef1 \u00e1n \u0111\u1ea7u t\u01b0, c\u00f4ngtr\u00ecnh l\u00e2m nghi\u1ec7p; t\u01b0 v\u1ea5n ki\u1ec3m k\u00ea r\u1eebng, quy ho\u1ea1ch s\u1eed d\u1ee5ng \u0111\u1ea5t l\u00e2m nghi\u1ec7p; t\u01b0 v\u1ea5n thi\u1ebft k\u1ebf khai th\u00e1c r\u1eebng, tr\u1ed3ng r\u1eebng, c\u00f4ng tr\u00ecnh c\u1ea3nh quan trong V\u00f9ng theo quy \u0111\u1ecbnh c\u1ee7a ph\u00e1p lu\u1eadt.<\/p>\n<p>&#8211; \u0110\u1ea7u m\u1ed1i li\u00ean k\u1ebft c\u00e1c \u0111\u01a1n v\u1ecb thu\u1ed9c Vi\u1ec7n Khoa h\u1ecdc L\u00e2m nghi\u1ec7p Vi\u1ec7t Nam v\u1edbi c\u00e1c t\u1ec9nh Nam Trung B\u1ed9 v\u00e0 T\u00e2y Nguy\u00ean \u0111\u1ec3 gi\u1ea3i quy\u1ebft c\u00e1c v\u1ea5n \u0111\u1ec1 v\u1ec1 khoa h\u1ecdc, c\u00f4ng ngh\u1ec7 v\u1ec1 l\u00e2m nghi\u1ec7p c\u1ee7a V\u00f9ng<\/p>\n<p><strong>C\u01a1 s\u1edf v\u1eadt ch\u1ea5t:<\/strong><\/p>\n<table width=\"617\">\n<tbody>\n<tr>\n<td width=\"293\">&#8211; Nh\u00e0 l\u00e0m vi\u1ec7c di\u1ec7n t\u00edch 870m<sup>2<\/sup>.<\/td>\n<td width=\"324\">&#8211; V\u01b0\u1eddn \u01b0\u01a1m c\u00f4ng ngh\u1ec7 cao ph\u1ee5c v\u1ee5 nghi\u00ean c\u1ee9u<\/td>\n<\/tr>\n<tr>\n<td width=\"293\">&#8211; Ph\u00f2ng nu\u00f4i c\u1ea5y m\u00f4 ph\u1ee5c v\u1ee5 nghi\u00ean c\u1ee9u.<\/td>\n<td width=\"324\">&#8211; Qu\u1ea3n l\u00fd 5.518 ha r\u1eebng v\u00e0 \u0111\u1ea5t l\u00e2m nghi\u1ec7p<\/td>\n<\/tr>\n<tr>\n<td width=\"293\">&#8211; H\u1ec7 th\u1ed1ng thi\u1ebft b\u1ecb ph\u1ee5c v\u1ee5 nghi\u00ean c\u1ee9u.<\/td>\n<td width=\"324\"><strong>\u00a0<\/strong><\/td>\n<\/tr>\n<\/tbody>\n<\/table>\n<p><strong>Nh\u1eefng th\u00e0nh t\u00edch \u0111\u00e3 \u0111\u1ea1t \u0111\u01b0\u1ee3c:<\/strong><\/p>\n<p>Trong giai \u0111o\u1ea1n 2001-2021, Vi\u1ec7n Khoa h\u1ecdc L\u00e2m nghi\u1ec7p Nam Trung B\u1ed9 v\u00e0 T\u00e2y Nguy\u00ean th\u1ef1c hi\u1ec7n 05 nhi\u1ec7m v\u1ee5 c\u1ea5p Qu\u1ed1c gia, 9 nhi\u1ec7m v\u1ee5 c\u1ea5p B\u1ed9, 5 nhi\u1ec7m v\u1ee5 c\u1ea5p t\u1ec9nh; C\u00f4ng b\u1ed1 \u0111\u01b0\u1ee3c 18 b\u00e0i b\u00e1o tr\u00ean c\u00e1c t\u1ea1p ch\u00ed qu\u1ed1c t\u1ebf, 50 b\u00e0i b\u00e1o tr\u00ean c\u00e1c t\u1ea1p ch\u00ed trong n\u01b0\u1edbc; bi\u00ean t\u1eadp 2 b\u1ed9 k\u1ef7 y\u1ebfu ho\u1ea1t \u0111\u1ed9ng khoa h\u1ecdc c\u00f4ng ngh\u1ec7 c\u1ee7a Vi\u1ec7n giai \u0111o\u1ea1n 1937-1997 v\u00e0 1997 &#8211; 2012; X\u00e2y d\u1ef1ng h\u01b0\u1edbng d\u1eabn k\u1ef9 thu\u1eadt v\u1ec1 nh\u00e2n gi\u1ed1ng v\u00e0 g\u00e2y tr\u1ed3ng c\u00e1c lo\u00e0i c\u00e2y: B\u1eddi l\u1eddi \u0111\u1ecf, Xoay, Gi\u1ed5i nhung, D\u1ea7u lai, Tr\u00f4m, Ch\u00e8 hoa v\u00e0ng, B\u1ea1ch t\u00f9ng, Ho\u00e0ng li\u00ean \u00f4 r\u00f4\u2026; X\u00e2y d\u1ef1ng \u0111\u01b0\u1ee3c nhi\u1ec1u m\u00f4 h\u00ecnh tr\u00ecnh di\u1ec5n khuy\u1ebfn l\u00e2m t\u1ea1i c\u00e1c \u0111\u1ecba ph\u01b0\u01a1ng.<\/p>\n<p><strong>\u0110\u1ecbnh h\u01b0\u1edbng ph\u00e1t tri\u1ec3n:<\/strong><\/p>\n<p><strong>\u00a0\u00a0\u00a0\u00a0\u00a0\u00a0\u00a0\u00a0\u00a0\u00a0\u00a0 &#8211; <\/strong>Nghi\u00ean c\u1ee9u n\u00e2ng cao ch\u1ea5t l\u01b0\u1ee3ng gi\u1ed1ng c\u00e2y tr\u1ed3ng l\u00e2m nghi\u1ec7p: X\u00e2y d\u1ef1ng, lai t\u1ea1o, l\u1ef1a ch\u1ecdn t\u1ed5 h\u1ee3p gi\u1ed1ng c\u00e2y g\u1ed7 m\u1ecdc nhanh, c\u00e2y b\u1ea3n \u0111\u1ecba cung c\u1ea5p g\u1ed7 l\u1edbn c\u00f3 n\u0103ng su\u1ea5t, ch\u1ea5t l\u01b0\u1ee3ng cao v\u00e0 ch\u1ed1ng ch\u1ecbu s\u00e2u b\u1ec7nh h\u1ea1i ph\u00f9 h\u1ee3p cho v\u00f9ng cao v\u00e0 v\u00f9ng sinh th\u00e1i kh\u00f4 h\u1ea1n.<\/p>\n<p>&#8211; Nghi\u00ean c\u1ee9u gi\u1ea3i ph\u00e1p khoa h\u1ecdc v\u00e0 c\u00f4ng ngh\u1ec7 kh\u00f4i ph\u1ee5c r\u1eebng t\u1ef1 nhi\u00ean ngh\u00e8o ki\u1ec7t, b\u1ea3o t\u1ed3n \u0111a d\u1ea1ng sinh h\u1ecdc, n\u00e2ng cao \u0111\u1ed9 che ph\u1ee7 r\u1eebng, ch\u1ed1ng x\u00f3i m\u00f2n \u0111\u1ea5t, gi\u1ea3m thi\u1ec3u v\u00e0 th\u00edch \u1ee9ng v\u1edbi bi\u1ebfn \u0111\u1ed5i kh\u00ed h\u1eadu khu v\u1ef1c Nam Trung B\u1ed9 v\u00e0 T\u00e2y Nguy\u00ean.<\/p>\n<p>&#8211; Ph\u1ed1i h\u1ee3p nghi\u00ean c\u1ee9u trong l\u0129nh v\u1ef1c l\u01b0\u1ee3ng gi\u00e1 r\u1eebng v\u00e0 ch\u00ednh s\u00e1ch chi tr\u1ea3 d\u1ecbch v\u1ee5 m\u00f4i tr\u01b0\u1eddng r\u1eebng.<\/p>\n<p>&#8211; Tham gia nghi\u00ean c\u1ee9u ch\u1ecdn t\u1ea1o gi\u1ed1ng, ph\u00e1t tri\u1ec3n v\u00e0 s\u1eed d\u1ee5ng c\u00e1c lo\u1ea1i l\u00e2m s\u1ea3n ngo\u00e0i g\u1ed7 c\u00f3 gi\u00e1 tr\u1ecb.<\/p>\n<p><strong>\u0110\u1ecba ch\u1ec9 li\u00ean h\u1ec7:<\/strong><\/p>\n<p>\u0110\u1ecba ch\u1ec9: Khu L\u00e2m sinh, ph\u01b0\u1eddng Cam Ly, \u0110\u00e0 L\u1ea1t- L\u00e2m \u0110\u1ed3ng<\/p>\n<p>\u0110i\u1ec7n tho\u1ea1i: 02633822131; Web: <u>http:\/\/www.fsih.gov.vn\/<\/u><\/p>\n","protected":false},"excerpt":{"rendered":"<p>Quy\u1ebft \u0111\u1ecbnh th\u00e0nh l\u1eadp, ch\u1ee9c n\u0103ng, nhi\u1ec7m v\u1ee5 Vi\u1ec7n Khoa h\u1ecdc L\u00e2m nghi\u1ec7p Nam Trung B\u1ed9 v\u00e0 T\u00e2y Nguy\u00ean (Forest Science Institute of Central Highlands and South of Central Vietnam &#8211; FSIH) tr\u1ef1c thu\u1ed9c Vi\u1ec7n Khoa h\u1ecdc L\u00e2m nghi\u1ec7p Vi\u1ec7t Nam, \u0111\u01b0\u1ee3c th\u00e0nh l\u1eadp tr\u00ean c\u01a1 s\u1edf t\u1ed5 ch\u1ee9c, s\u1eafp x\u1ebfp l\u1ea1i Trung t\u00e2m L\u00e2m [&hellip;]<\/p>\n","protected":false},"author":2,"featured_media":0,"parent":0,"menu_order":0,"comment_status":"open","ping_status":"open","template":"","meta":[],"_links":{"self":[{"href":"https:\/\/vafs.gov.vn\/vn\/wp-json\/wp\/v2\/pages\/1905"}],"collection":[{"href":"https:\/\/vafs.gov.vn\/vn\/wp-json\/wp\/v2\/pages"}],"about":[{"href":"https:\/\/vafs.gov.vn\/vn\/wp-json\/wp\/v2\/types\/page"}],"author":[{"embeddable":true,"href":"https:\/\/vafs.gov.vn\/vn\/wp-json\/wp\/v2\/users\/2"}],"replies":[{"embeddable":true,"href":"https:\/\/vafs.gov.vn\/vn\/wp-json\/wp\/v2\/comments?post=1905"}],"version-history":[{"count":6,"href":"https:\/\/vafs.gov.vn\/vn\/wp-json\/wp\/v2\/pages\/1905\/revisions"}],"predecessor-version":[{"id":23898,"href":"https:\/\/vafs.gov.vn\/vn\/wp-json\/wp\/v2\/pages\/1905\/revisions\/23898"}],"wp:attachment":[{"href":"https:\/\/vafs.gov.vn\/vn\/wp-json\/wp\/v2\/media?parent=1905"}],"curies":[{"name":"wp","href":"https:\/\/api.w.org\/{rel}","templated":true}]}}