{"id":19041,"date":"2019-09-24T09:30:39","date_gmt":"2019-09-24T02:30:39","guid":{"rendered":"http:\/\/vafs.gov.vn\/vn\/?page_id=19041"},"modified":"2024-07-24T10:57:33","modified_gmt":"2024-07-24T03:57:33","slug":"tap-chi-khoa-hoc-lam-nghiep-2","status":"publish","type":"page","link":"https:\/\/vafs.gov.vn\/vn\/tap-chi-khoa-hoc-lam-nghiep-2\/","title":{"rendered":"T\u1ea1p ch\u00ed KHLN"},"content":{"rendered":"<div class=\"entry-content\">\n<div class=\"entry-content\">\n<p>T\u1ea1p ch\u00ed Khoa h\u1ecdc L\u00e2m nghi\u1ec7p l\u00e0 t\u1ea1p ch\u00ed ch\u00ednh th\u1ee9c c\u1ee7a Vi\u1ec7n Khoa h\u1ecdc L\u00e2m nghi\u1ec7p Vi\u1ec7t Nam. T\u1ea1p ch\u00ed \u0111\u01b0\u1ee3c c\u1ea5p ph\u00e9p v\u00e0 \u0111i v\u00e0o ho\u1ea1t \u0111\u1ed9ng t\u1eeb n\u0103m 2006 tr\u00ean c\u01a1 s\u1edf n\u00e2ng c\u1ea5p T\u1edd \u201cTh\u00f4ng tin Khoa h\u1ecdc v\u00e0 K\u1ef9 thu\u1eadt L\u00e2m nghi\u1ec7p\u201d ph\u00e1t h\u00e0nh t\u1eeb th\u00e1ng 7 n\u0103m 1985. Hi\u1ec7n nay T\u1ea1p ch\u00ed \u0111ang ho\u1ea1t \u0111\u1ed9ng theo gi\u1ea5y ph\u00e9p s\u1ed1 487\/GP-BTTTT c\u1ee7a B\u1ed9 Th\u00f4ng tin v\u00e0 Truy\u1ec1n th\u00f4ng.<\/p>\n<p>T\u1ea1p ch\u00ed Khoa h\u1ecdc L\u00e2m nghi\u1ec7p c\u00f3 m\u00e3 s\u1ed1 chu\u1ea9n qu\u1ed1c t\u1ebf ISSN l\u00e0 1859-0373. T\u1ea1p ch\u00ed \u0111\u01b0\u1ee3c \u0111\u1ecbnh k\u1ef3 ph\u00e1t h\u00e0nh 2 th\u00e1ng\/l\u1ea7n, s\u1eed d\u1ee5ng b\u1eb1ng hai ng\u00f4n ng\u1eef ti\u1ebfng Vi\u1ec7t v\u00e0 ti\u1ebfng Anh. T\u1ea1p ch\u00ed Khoa h\u1ecdc L\u00e2m nghi\u1ec7p \u0111\u00e3 chuy\u1ec3n sang h\u1ec7 th\u1ed1ng qu\u1ea3n l\u00fd v\u00e0 xu\u1ea5t b\u1ea3n tr\u1ef1c tuy\u1ebfn t\u1ea1i \u0111\u1ecba ch\u1ec9\u00a0<a href=\"https:\/\/vjfs.vafs.gov.vn\/\"><em><strong>https:\/\/vjfs.vafs.gov.vn .\u00a0<\/strong><\/em><\/a><\/p>\n<\/div>\n<p>T\u1ea1p ch\u00ed Khoa h\u1ecdc L\u00e2m nghi\u1ec7p ho\u1ea1t \u0111\u1ed9ng theo h\u01b0\u1edbng h\u1ed9i nh\u1eadp v\u00e0 \u0111ang tham gia k\u1ebft n\u1ed1i v\u1edbi c\u00e1c h\u1ec7 th\u1ed1ng d\u1eef li\u1ec7u qu\u1ed1c gia v\u00e0 qu\u1ed1c t\u1ebf. \u0110\u00e2y la\u0300 \u1ea5n ph\u1ea9m khoa h\u1ecdc tu\u00e2n th\u1ee7 theo c\u00e1c quy \u01b0\u1edbc bi\u00ean t\u1eadp qu\u1ed1c t\u1ebf v\u00e0 \u00e1p d\u1ee5ng quy tr\u00ecnh pha\u0309n bi\u00ea\u0323n ki\u0301n hai chi\u00ea\u0300u. Ca\u0301c ba\u0300i ba\u0301o khoa ho\u0323c \u0111\u01b0\u1ee3c c\u1ea5p ph\u00e9p truy c\u1eadp m\u1edf v\u00e0 b\u1ea3n quy\u1ec1n thu\u1ed9c Vi\u1ec7n Khoa h\u1ecdc L\u00e2m nghi\u1ec7p Vi\u1ec7t Nam.<\/p>\n<div class=\"entry-content\">\n<p>H\u1ed9i \u0111\u1ed3ng bi\u00ean t\u1eadp T\u1ea1p ch\u00ed g\u1ed3m 26 th\u00e0nh vi\u00ean l\u00e0 c\u00e1c chuy\u00ean gia c\u00f3 uy t\u00edn trong l\u0129nh v\u1ef1c khoa h\u1ecdc l\u00e2m nghi\u1ec7p thu\u1ed9c ph\u1ea1m vi c\u1ee7a T\u1ea1p ch\u00ed. H\u1ed9i \u0111\u1ed3ng g\u1ed3m T\u1ed5ng bi\u00ean t\u1eadp, Th\u01b0 k\u00fd khoa h\u1ecdc, Th\u01b0 k\u00fd h\u00e0nh ch\u00ednh v\u00e0 c\u00e1c th\u00e0nh vi\u00ean. Danh s\u00e1ch c\u1ee5 th\u1ec3 nh\u01b0 sau:<\/p>\n<h1>Ban bi\u00ean t\u1eadp<\/h1>\n<p><strong>T\u1ed5ng<\/strong><strong>\u00a0bi\u00ean t\u1eadp<\/strong><\/p>\n<table width=\"601\">\n<tbody>\n<tr>\n<td width=\"597\">\n<ul>\n<li>PGS. TS. Ph\u00ed H\u1ed3ng H\u1ea3i<br \/>\n<em>Vi\u1ec7n Khoa h\u1ecdc L\u00e2m nghi\u1ec7p Vi\u1ec7t Nam<\/em><\/li>\n<\/ul>\n<\/td>\n<\/tr>\n<tr>\n<td width=\"597\"><strong>H\u1ed9i<\/strong><strong>\u00a0\u0111\u1ed3ng bi\u00ean t\u1eadp<\/strong><\/td>\n<\/tr>\n<tr>\n<td width=\"597\">\n<ul>\n<li>GS.TS. V\u00f5 \u0110\u1ea1i H\u1ea3i<br \/>\n<em>Vi\u1ec7n Khoa h\u1ecdc L\u00e2m nghi\u1ec7p Vi\u1ec7t Nam<\/em><\/li>\n<\/ul>\n<\/td>\n<\/tr>\n<tr>\n<td width=\"597\">\n<ul>\n<li>PGS.TS. Tri\u1ec7u V\u0103n H\u00f9ng<br \/>\n<em>H\u1ed9i Khoa h\u1ecdc\u00a0<\/em><em>K<\/em><em>\u1ef9 thu\u1eadt L\u00e2m nghi\u1ec7p Vi\u1ec7t Nam<\/em><\/li>\n<\/ul>\n<\/td>\n<\/tr>\n<tr>\n<td width=\"597\">\n<ul>\n<li>PGS.TS. Nguy\u1ec5n Huy S\u01a1n<br \/>\n<em>H\u1ed9i Khoa h\u1ecdc\u00a0<\/em><em>K<\/em><em>\u1ef9 thu\u1eadt L\u00e2m nghi\u1ec7p Vi\u1ec7t Nam<\/em><\/li>\n<\/ul>\n<\/td>\n<\/tr>\n<tr>\n<td width=\"597\">\n<ul>\n<li>PGS. TS. Ph\u1ea1m Minh To\u1ea1i<br \/>\n<em>Tr\u01b0\u1eddng \u0110\u1ea1i\u00a0<\/em><em>h<\/em><em>\u1ecdc L\u00e2m nghi\u1ec7p<\/em><\/li>\n<\/ul>\n<\/td>\n<\/tr>\n<tr>\n<td width=\"597\">\n<ul>\n<li>PGS. TS. L\u00ea Xu\u00e2n Tr\u01b0\u1eddng<br \/>\n<em>Tr\u01b0\u1eddng \u0110\u1ea1i\u00a0<\/em><em>h<\/em><em>\u1ecdc L\u00e2m nghi\u1ec7p<\/em><\/li>\n<\/ul>\n<\/td>\n<\/tr>\n<tr>\n<td width=\"597\">\n<ul>\n<li>TS. Tr\u1ea7n L\u00e2m \u0110\u1ed3ng<br \/>\n<em>Vi\u1ec7n Khoa h\u1ecdc L\u00e2m nghi\u1ec7p Vi\u1ec7t Nam<\/em><\/li>\n<\/ul>\n<\/td>\n<\/tr>\n<tr>\n<td width=\"597\">\n<ul>\n<li>TS. Chris Beadle<br \/>\n<em>Cooperative Research Centre (CRC) for Forestry; Australia<\/em><\/li>\n<\/ul>\n<\/td>\n<\/tr>\n<tr>\n<td width=\"597\">\n<ul>\n<li>TS. Nguy\u1ec5n \u0110\u1ee9c Ki\u00ean<br \/>\n<em>Vi\u1ec7n Khoa h\u1ecdc L\u00e2m nghi\u1ec7p Vi\u1ec7t Nam<\/em><\/li>\n<\/ul>\n<\/td>\n<\/tr>\n<tr>\n<td width=\"597\">\n<ul>\n<li>GS.TS. Ph\u1ea1m Quang Thu<br \/>\n<em>H\u1ed9i Khoa h\u1ecdc\u00a0<\/em><em>K<\/em><em>\u1ef9 thu\u1eadt L\u00e2m nghi\u1ec7p Vi\u1ec7t Nam<\/em><\/li>\n<\/ul>\n<\/td>\n<\/tr>\n<tr>\n<td width=\"597\">\n<ul>\n<li>TS. Tr\u1ea7n H\u1ed3 Quang<br \/>\n<em>Vi\u1ec7n C\u00f4ng ngh\u1ec7 sinh h\u1ecdc \u2013 Vi\u1ec7n H\u00e0m l\u00e2m Khoa h\u1ecdc v\u00e0 C\u00f4ng ngh\u1ec7 Vi\u1ec7t Nam<\/em><\/li>\n<\/ul>\n<\/td>\n<\/tr>\n<tr>\n<td width=\"597\">\n<ul>\n<li>TS. Chris Harwood<br \/>\n<em>CSIRO, Australia<\/em><\/li>\n<\/ul>\n<\/td>\n<\/tr>\n<tr>\n<td width=\"597\">\n<ul>\n<li>PGS.TS. Nguy\u1ec5n Th\u1ecb B\u00edch Ng\u1ecdc<br \/>\n<em>H\u1ed9i Khoa h\u1ecdc\u00a0<\/em><em>K<\/em><em>\u1ef9 thu\u1eadt L\u00e2m nghi\u1ec7p Vi\u1ec7t Nam<\/em><\/li>\n<\/ul>\n<\/td>\n<\/tr>\n<tr>\n<td width=\"597\">\n<ul>\n<li>TS. \u0110o\u00e0n V\u0103n Thu<br \/>\n<em>Vi\u1ec7n Khoa h\u1ecdc L\u00e2m nghi\u1ec7p Vi\u1ec7t Nam<\/em><\/li>\n<\/ul>\n<\/td>\n<\/tr>\n<tr>\n<td width=\"597\">\n<ul>\n<li>TS. Ho\u00e0ng Li\u00ean S\u01a1n<br \/>\n<em>Vi\u1ec7n Khoa h\u1ecdc L\u00e2m nghi\u1ec7p Vi\u1ec7t Nam<\/em><\/li>\n<\/ul>\n<\/td>\n<\/tr>\n<tr>\n<td width=\"597\">\n<ul>\n<li>PGS.TS. Ho\u00e0ng V\u0103n Th\u1eafng<br \/>\n<em>Vi\u1ec7n Khoa h\u1ecdc L\u00e2m nghi\u1ec7p Vi\u1ec7t Nam<\/em><\/li>\n<\/ul>\n<\/td>\n<\/tr>\n<tr>\n<td width=\"597\">\n<ul>\n<li>TS. Nguy\u1ec5n Ti\u1ebfn Linh<br \/>\n<em>Vi\u1ec7n Khoa h\u1ecdc L\u00e2m nghi\u1ec7p Vi\u1ec7t Nam<\/em><\/li>\n<\/ul>\n<\/td>\n<\/tr>\n<tr>\n<td width=\"597\">\n<ul>\n<li>PGS. TS. Jeremy Brawner<br \/>\n<em>University of Florida, USA<\/em><\/li>\n<\/ul>\n<\/td>\n<\/tr>\n<tr>\n<td width=\"597\">\n<ul>\n<li>PGS. TS. Tr\u1ea7n Minh H\u1ee3i<br \/>\n<em>Vi\u1ec7n H\u00e0n L\u00e2m Khoa h\u1ecdc v\u00e0 C\u00f4ng ngh\u1ec7 Vi\u1ec7t Nam<\/em><\/li>\n<\/ul>\n<\/td>\n<\/tr>\n<tr>\n<td width=\"597\">\n<ul>\n<li>PGS.TS. Tr\u1ea7n V\u0103n Ti\u1ebfn<br \/>\n<em>Tr\u01b0\u1eddng \u0110\u1ea1i h\u1ecdc \u0110\u00e0 L\u1ea1t<\/em><\/li>\n<\/ul>\n<\/td>\n<\/tr>\n<tr>\n<td width=\"597\">\n<ul>\n<li>TS. Nguy\u1ec5n Qu\u1ed1c D\u1ef1ng<br \/>\n<em>Vi\u1ec7n \u0110i\u1ec1u tra Quy ho\u1ea1ch r\u1eebng<\/em><\/li>\n<\/ul>\n<\/td>\n<\/tr>\n<tr>\n<td width=\"597\">\n<ul>\n<li>TS. \u0110\u00e0o Ng\u1ecdc Quang<br \/>\n<em>Vi\u1ec7n Khoa h\u1ecdc L\u00e2m nghi\u1ec7p Vi\u1ec7t Nam<\/em><\/li>\n<\/ul>\n<\/td>\n<\/tr>\n<tr>\n<td width=\"597\">\n<ul>\n<li>GS. Bernard Dell<br \/>\n<em>Murdoch University, Australia<\/em><\/li>\n<\/ul>\n<\/td>\n<\/tr>\n<tr>\n<td width=\"597\">\n<ul>\n<li>TS. Tr\u1ea7n C\u00f4ng Th\u1eafng<br \/>\n<em>Vi\u1ec7n\u00a0<\/em><em>Nghi\u00ean c\u1ee9u<\/em><em>\u00a0Ch\u00ednh s\u00e1ch &amp; Chi\u1ebfn l\u01b0\u1ee3c PTNNNT<\/em><\/li>\n<\/ul>\n<\/td>\n<\/tr>\n<tr>\n<td width=\"597\">\n<ul>\n<li>PGS. TS. V\u0169 Huy \u0110\u1ea1i<br \/>\n<em>Tr\u01b0\u1eddng \u0110\u1ea1i\u00a0<\/em><em>h<\/em><em>\u1ecdc L\u00e2m nghi\u1ec7p<\/em><\/li>\n<\/ul>\n<\/td>\n<\/tr>\n<tr>\n<td width=\"597\">\n<ul>\n<li>TS. B\u00f9i Duy Ng\u1ecdc<br \/>\n<em>Vi\u1ec7n Khoa h\u1ecdc L\u00e2m nghi\u1ec7p Vi\u1ec7t Nam<\/em><\/li>\n<\/ul>\n<\/td>\n<\/tr>\n<tr>\n<td width=\"597\"><strong>Th\u01b0<\/strong><strong>\u00a0k\u00fd t\u1ea1p ch\u00ed<\/strong><\/td>\n<\/tr>\n<tr>\n<td width=\"597\">\n<ul>\n<li>\u0110\u1eb7ng Th\u1ecb Th\u00fay H\u1eb1ng<br \/>\n<em>Vi\u1ec7n Khoa h\u1ecdc L\u00e2m nghi\u1ec7p Vi\u1ec7t Nam<\/em><\/li>\n<\/ul>\n<\/td>\n<\/tr>\n<\/tbody>\n<\/table>\n<\/div>\n<div class=\"entry-content\">\n<p>Ngo\u00e0i ra, Vi\u1ec7n c\u00f3 h\u1ee3p t\u00e1c v\u1edbi c\u00e1c chuy\u00ean gia trong v\u00e0 ngo\u00e0i n\u01b0\u1edbc c\u00f3 li\u00ean quan trong qu\u00e1 tr\u00ecnh xem x\u00e9t, \u0111\u00e1nh gi\u00e1 ch\u1ea5t l\u01b0\u1ee3ng b\u00e0i b\u00e1o tr\u01b0\u1edbc khi ch\u1ea5p nh\u1eadn \u0111\u0103ng tr\u00ean t\u1ea1p ch\u00ed. T\u00f9y t\u1eebng l\u0129nh v\u1ef1c nghi\u00ean c\u1ee9u c\u1ee7a b\u00e0i b\u00e1o, c\u00e1c chuy\u00ean gia c\u00f3 uy t\u00edn s\u1ebd \u0111\u01b0\u1ee3c l\u1ef1a ch\u1ecdn \u0111\u1ec3 tham gia \u0111\u00e1nh gi\u00e1 b\u00e0i b\u00e1o tr\u01b0\u1edbc khi \u0111\u0103ng tr\u00ean t\u1ea1p ch\u00ed.<\/p>\n<h4><strong>Ph\u1ea1m vi c\u1ee7a T\u1ea1p ch\u00ed<\/strong><\/h4>\n<p>T\u00f4n ch\u1ec9 v\u00e0 m\u1ee5c ti\u00eau ho\u1ea1t \u0111\u1ed9ng c\u1ee7a T\u1ea1p ch\u00ed l\u00e0 gi\u1edbi thi\u1ec7u, ph\u1ed5 bi\u1ebfn v\u00e0 c\u00f4ng b\u1ed1 nh\u1eefng k\u1ebft qu\u1ea3 nghi\u00ean c\u1ee9u khoa h\u1ecdc, k\u1ebft qu\u1ea3 \u1ee9ng d\u1ee5ng v\u00e0 chuy\u1ec3n giao c\u00f4ng ngh\u1ec7, nh\u1eefng th\u00e0nh t\u1ef1u, ti\u1ebfn b\u1ed9 khoa h\u1ecdc k\u1ef9 thu\u1eadt trong l\u0129nh v\u1ef1c khoa h\u1ecdc l\u00e2m nghi\u1ec7p nh\u1eb1m ph\u1ee5c v\u1ee5 nghi\u00ean c\u1ee9u khoa h\u1ecdc, gi\u1ea3ng d\u1ea1y v\u00e0 qu\u1ea3n l\u00fd ng\u00e0nh L\u00e2m nghi\u1ec7p.<\/p>\n<p>T\u1ea1p ch\u00ed Khoa h\u1ecdc L\u00e2m nghi\u1ec7p \u0111\u0103ng t\u1ea3i c\u00e1c c\u00f4ng tr\u00ecnh nghi\u00ean c\u1ee9u, c\u00e1c b\u00e0i t\u1ed5ng quan trong l\u0129nh v\u1ef1c khoa h\u1ecdc l\u00e2m nghi\u1ec7p v\u00e0 li\u00ean quan, bao g\u1ed3m:<\/p>\n<ul>\n<li class=\"show\">Ch\u1ecdn t\u1ea1o gi\u1ed1ng v\u00e0 nh\u00e2n gi\u1ed1ng c\u00e2y l\u00e2m nghi\u1ec7p<\/li>\n<li class=\"show\">\u0110a d\u1ea1ng th\u1ef1c v\u1eadt r\u1eebng v\u00e0 B\u1ea3o t\u1ed3n ng\u1ed3n gen<\/li>\n<li class=\"show\">C\u00f4ng ngh\u1ec7 sinh h\u1ecdc l\u00e2m nghi\u1ec7p<\/li>\n<li class=\"show\">Tr\u1ed3ng r\u1eebng, ph\u1ee5c h\u1ed3i r\u1eebng, qu\u1ea3n l\u00fd r\u1eebng v\u00e0 \u0111i\u1ec1u tra quy ho\u1ea1ch r\u1eebng<\/li>\n<li class=\"show\">Sinh th\u00e1i r\u1eebng, S\u1ee9c kh\u1ecfe r\u1eebng, qu\u1ea3n l\u00fd v\u00e0 b\u1ea3o v\u1ec7 t\u00e0i nguy\u00ean r\u1eebng<\/li>\n<li class=\"show\">Sinh kh\u1ed1i v\u00e0 c\u00e1c bon r\u1eebng, th\u00edch \u1ee9ng v\u00e0 gi\u1ea3m nh\u1eb9 bi\u1ebfn \u0111\u1ed5i kh\u00ed h\u1eadu<\/li>\n<li class=\"show\">\u0110\u1ea5t l\u00e2m nghi\u1ec7p<\/li>\n<li class=\"show\">L\u00e2m s\u1ea3n ngo\u00e0i g\u1ed7 v\u00e0 N\u00f4ng l\u00e2m k\u1ebft h\u1ee3p<\/li>\n<li class=\"show\">Kinh t\u1ebf ch\u00ednh s\u00e1ch l\u00e2m nghi\u1ec7p<\/li>\n<li class=\"show\">Khai th\u00e1c, b\u1ea3o qu\u1ea3n l\u00e2m s\u1ea3n v\u00e0 ch\u1ebf bi\u1ebfn l\u00e2m s\u1ea3n<\/li>\n<li class=\"show\">C\u01a1 kh\u00ed l\u00e2m nghi\u1ec7p<\/li>\n<\/ul>\n<p><strong>T\u1ea7n su\u1ea5t xu\u1ea5t b\u1ea3n:<\/strong><\/p>\n<p>T\u1ea1p ch\u00ed xu\u1ea5t b\u1ea3n 6 s\u1ed1 m\u1ed7i n\u0103m. C\u1ee5 th\u1ebf<\/p>\n<p>\u2013 S\u1ed1 1: Th\u00e1ng 1 \u2013 Th\u00e1ng 2<br \/>\n\u2013 S\u1ed1 2: Th\u00e1ng 3 \u2013 Th\u00e1ng 4<br \/>\n\u2013 S\u1ed1 3: Th\u00e1ng 5 \u2013 Th\u00e1ng 6<br \/>\n\u2013 S\u1ed1 4: Th\u00e1ng 7 \u2013 Th\u00e1ng 8<br \/>\n\u2013 S\u1ed1 5: Th\u00e1ng 9 \u2013 Th\u00e1ng 10<br \/>\n\u2013 S\u1ed1 6: Th\u00e1ng 11 \u2013 Th\u00e1ng 12<\/p>\n<p><strong>DOI prefix<\/strong>:<\/p>\n<p><strong>C\u00f4ng c\u1ee5 ki\u1ec3m tra tr\u00f9ng l\u1eb7p<\/strong>: Crossref Similarity Check<\/p>\n<p><strong>Quy tr\u00ecnh ph\u1ea3n bi\u1ec7n<\/strong><\/p>\n<p>C\u00e1c b\u1ea3n th\u1ea3o n\u00e0o thu\u1ed9c ph\u1ea1m vi xu\u1ea5t b\u1ea3n v\u00e0 \u0111\u00e1p \u1ee9ng \u0111\u01b0\u1ee3c c\u00e1c y\u00eau c\u1ea7u c\u1ee7a th\u1ec3 l\u1ec7 vi\u1ebft b\u00e0i s\u1ebd \u0111\u01b0\u1ee3c \u0111\u00e1nh gi\u00e1 th\u00f4ng qua quy tr\u00ecnh ph\u1ea3n bi\u1ec7n k\u00edn hai chi\u1ec1u (double blinded peer-review) b\u1edfi \u00edt nh\u1ea5t 02 (hai) chuy\u00ean gia \u0111\u1ed9c l\u1eadp trong v\u00e0 ngo\u00e0i n\u01b0\u1edbc trong l\u0129nh v\u1ef1c t\u01b0\u01a1ng \u1ee9ng.<\/p>\n<p><strong>Ph\u00ed \u0111\u0103ng b\u00e0i:<\/strong>\u00a01.500.000 VND<\/p>\n<\/div>\n<\/div>\n","protected":false},"excerpt":{"rendered":"<p>T\u1ea1p ch\u00ed Khoa h\u1ecdc L\u00e2m nghi\u1ec7p l\u00e0 t\u1ea1p ch\u00ed ch\u00ednh th\u1ee9c c\u1ee7a Vi\u1ec7n Khoa h\u1ecdc L\u00e2m nghi\u1ec7p Vi\u1ec7t Nam. T\u1ea1p ch\u00ed \u0111\u01b0\u1ee3c c\u1ea5p ph\u00e9p v\u00e0 \u0111i v\u00e0o ho\u1ea1t \u0111\u1ed9ng t\u1eeb n\u0103m 2006 tr\u00ean c\u01a1 s\u1edf n\u00e2ng c\u1ea5p T\u1edd \u201cTh\u00f4ng tin Khoa h\u1ecdc v\u00e0 K\u1ef9 thu\u1eadt L\u00e2m nghi\u1ec7p\u201d ph\u00e1t h\u00e0nh t\u1eeb th\u00e1ng 7 n\u0103m 1985. Hi\u1ec7n [&hellip;]<\/p>\n","protected":false},"author":2,"featured_media":0,"parent":0,"menu_order":0,"comment_status":"closed","ping_status":"closed","template":"","meta":[],"_links":{"self":[{"href":"https:\/\/vafs.gov.vn\/vn\/wp-json\/wp\/v2\/pages\/19041"}],"collection":[{"href":"https:\/\/vafs.gov.vn\/vn\/wp-json\/wp\/v2\/pages"}],"about":[{"href":"https:\/\/vafs.gov.vn\/vn\/wp-json\/wp\/v2\/types\/page"}],"author":[{"embeddable":true,"href":"https:\/\/vafs.gov.vn\/vn\/wp-json\/wp\/v2\/users\/2"}],"replies":[{"embeddable":true,"href":"https:\/\/vafs.gov.vn\/vn\/wp-json\/wp\/v2\/comments?post=19041"}],"version-history":[{"count":19,"href":"https:\/\/vafs.gov.vn\/vn\/wp-json\/wp\/v2\/pages\/19041\/revisions"}],"predecessor-version":[{"id":23530,"href":"https:\/\/vafs.gov.vn\/vn\/wp-json\/wp\/v2\/pages\/19041\/revisions\/23530"}],"wp:attachment":[{"href":"https:\/\/vafs.gov.vn\/vn\/wp-json\/wp\/v2\/media?parent=19041"}],"curies":[{"name":"wp","href":"https:\/\/api.w.org\/{rel}","templated":true}]}}