{"id":1904,"date":"2013-08-02T23:56:04","date_gmt":"2013-08-02T16:56:04","guid":{"rendered":"http:\/\/vafs.gov.vn\/vn\/?page_id=1904"},"modified":"2025-09-04T11:21:00","modified_gmt":"2025-09-04T04:21:00","slug":"vien-khoa-hoc-lam-nghiep-nam-bo","status":"publish","type":"page","link":"https:\/\/vafs.gov.vn\/vn\/vien-khoa-hoc-lam-nghiep-nam-bo\/","title":{"rendered":"Vi\u1ec7n Khoa h\u1ecdc L\u00e2m nghi\u1ec7p Nam B\u1ed9"},"content":{"rendered":"<p><strong>Quy\u1ebft \u0111\u1ecbnh th\u00e0nh l\u1eadp:<\/strong><\/p>\n<p>Vi\u1ec7n Khoa h\u1ecdc L\u00e2m nghi\u1ec7p Nam B\u1ed9 (Forest Science Institute of South Vietnam -FSIS) tr\u1ef1c thu\u1ed9c Vi\u1ec7n Khoa h\u1ecdc L\u00e2m nghi\u1ec7p Vi\u1ec7t Nam, \u0111\u01b0\u1ee3c th\u00e0nh l\u1eadp tr\u00ean c\u01a1 s\u1edf t\u1ed5 ch\u1ee9c, s\u1eafp x\u1ebfp l\u1ea1i Ph\u00e2n vi\u1ec7n Nghi\u00ean c\u1ee9u Khoa h\u1ecdc l\u00e2m nghi\u1ec7p Nam B\u1ed9, Trung t\u00e2m Khoa h\u1ecdc S\u1ea3n xu\u1ea5t l\u00e2m nghi\u1ec7p \u0110\u00f4ng Nam B\u1ed9 v\u00e0 Trung t\u00e2m Nghi\u00ean c\u1ee9u v\u00e0 \u1ee8ng d\u1ee5ng K\u1ef9 thu\u1eadt r\u1eebng ng\u1eadp Minh H\u1ea3i theo Quy\u1ebft \u0111\u1ecbnh s\u1ed1 3133\/Q\u0110-BNN-TCCB ng\u00e0y 13\/12\/2012 c\u1ee7a B\u1ed9 tr\u01b0\u1edfng B\u1ed9 N\u00f4ng nghi\u1ec7p v\u00e0 ph\u00e1t tri\u1ec3n n\u00f4ng th\u00f4n.<\/p>\n<p><a href=\"http:\/\/vafs.gov.vn\/vn\/vien-khoa-hoc-lam-nghiep-nam-bo\/vien-nambo\/\" rel=\"attachment wp-att-22025\"><img decoding=\"async\" loading=\"lazy\" class=\"aligncenter wp-image-22025 size-medium\" src=\"http:\/\/vafs.gov.vn\/vn\/wp-content\/uploads\/sites\/2\/2022\/07\/Vien-NamBo-500x336.jpg\" alt=\"\" width=\"500\" height=\"336\" srcset=\"https:\/\/vafs.gov.vn\/vn\/wp-content\/uploads\/sites\/2\/2022\/07\/Vien-NamBo-500x336.jpg 500w, https:\/\/vafs.gov.vn\/vn\/wp-content\/uploads\/sites\/2\/2022\/07\/Vien-NamBo-768x516.jpg 768w, https:\/\/vafs.gov.vn\/vn\/wp-content\/uploads\/sites\/2\/2022\/07\/Vien-NamBo-1024x688.jpg 1024w, https:\/\/vafs.gov.vn\/vn\/wp-content\/uploads\/sites\/2\/2022\/07\/Vien-NamBo.jpg 1117w\" sizes=\"(max-width: 500px) 100vw, 500px\" \/><\/a><\/p>\n<p><strong>C\u01a1 c\u1ea5u t\u1ed5 ch\u1ee9c v\u00e0 nh\u00e2n s\u1ef1: <\/strong><\/p>\n<p>C\u01a1 c\u1ea5u t\u1ed5 ch\u1ee9c c\u1ee7a Vi\u1ec7n Khoa h\u1ecdc L\u00e2m nghi\u1ec7p Nam B\u1ed9 g\u1ed3m Ban l\u00e3nh \u0111\u1ea1o, H\u1ed9i \u0111\u1ed3ng khoa h\u1ecdc v\u00e0 7 \u0111\u01a1n v\u1ecb tr\u1ef1c thu\u1ed9c.<\/p>\n<p>T\u1ed5ng s\u1ed1 vi\u00ean ch\u1ee9c, ng\u01b0\u1eddi lao \u0111\u1ed9ng: 96 ng\u01b0\u1eddi, trong \u0111\u00f3: 12 Ti\u1ebfn s\u0129, 29 Th\u1ea1c s\u0129 (trong \u0111\u00f3 06 Nghi\u00ean c\u1ee9u sinh) v\u00e0 59 c\u00e1n b\u1ed9 c\u00f3 tr\u00ecnh \u0111\u1ed9 \u0111\u1ea1i h\u1ecdc, c\u1eed nh\u00e2n, k\u1ef9 thu\u1eadt vi\u00ean v\u00e0 lao \u0111\u1ed9ng ph\u1ed5 th\u00f4ng.<\/p>\n<p>Vi\u1ec7n tr\u01b0\u1edfng: TS. Ki\u1ec1u Tu\u1ea5n \u0110\u1ea1t<\/p>\n<p>Ph\u00f3 Vi\u1ec7n tr\u01b0\u1edfng: ThS. Tr\u1ea7n Thanh Cao; TS. Ph\u00f9ng V\u0103n Khen<\/p>\n<table width=\"650\">\n<tbody>\n<tr>\n<td width=\"36\"><strong>TT<\/strong><\/td>\n<td width=\"427\"><strong>C\u00e1c \u0111\u01a1n v\u1ecb tr\u1ef1c thu\u1ed9c<\/strong><\/td>\n<td width=\"187\"><strong>Tr\u01b0\u1edfng \u0111\u01a1n v\u1ecb<\/strong><\/td>\n<\/tr>\n<tr>\n<td width=\"36\">1<\/td>\n<td width=\"427\">V\u0103n Ph\u00f2ng Vi\u1ec7n<\/td>\n<td width=\"187\">ThS. Phan Th\u1ecb M\u1ef5 Lan<\/td>\n<\/tr>\n<tr>\n<td width=\"36\">2<\/td>\n<td width=\"427\">B\u1ed9 m\u00f4n Gi\u1ed1ng &amp; C\u00f4ng ngh\u1ec7 sinh h\u1ecdc<\/td>\n<td width=\"187\">ThS. \u0110\u1eb7ng Ph\u01b0\u1edbc \u0110\u1ea1i<\/td>\n<\/tr>\n<tr>\n<td width=\"36\">3<\/td>\n<td width=\"427\">B\u1ed9 m\u00f4n K\u1ef9 thu\u1eadt L\u00e2m sinh<\/td>\n<td width=\"187\">ThS. Ng\u00f4 V\u0103n Ng\u1ecdc<\/td>\n<\/tr>\n<tr>\n<td width=\"36\">4<\/td>\n<td width=\"427\">B\u1ed9 m\u00f4n Sinh th\u00e1i &amp; M\u00f4i tr\u01b0\u1eddng r\u1eebng<\/td>\n<td width=\"187\">TS. Ho\u00e0ng V\u0103n Th\u01a1i<\/td>\n<\/tr>\n<tr>\n<td width=\"36\">5<\/td>\n<td width=\"427\">Trung t\u00e2m nghi\u00ean c\u1ee9u th\u1ef1c nghi\u1ec7m l\u00e2m nghi\u1ec7p \u0110\u00f4ng Nam B\u1ed9<\/td>\n<td width=\"187\">ThS. Tr\u1ea7n V\u0103n S\u00e2m<\/td>\n<\/tr>\n<tr>\n<td width=\"36\">6<\/td>\n<td width=\"427\">Trung t\u00e2m nghi\u00ean c\u1ee9u th\u1ef1c nghi\u1ec7m l\u00e2m nghi\u1ec7p T\u00e2y Nam B\u1ed9<\/td>\n<td width=\"187\">TS. V\u00f5 Ng\u01b0\u01a1n Th\u1ea3o<\/td>\n<\/tr>\n<tr>\n<td width=\"36\">7<\/td>\n<td width=\"427\">Trung t\u00e2m \u1ee8ng d\u1ee5ng Khoa h\u1ecdc k\u1ef9 thu\u1eadt L\u00e2m nghi\u1ec7p Nam B\u1ed9<\/td>\n<td width=\"187\">TS. V\u0169 \u0110\u00ecnh H\u01b0\u1edfng<\/td>\n<\/tr>\n<\/tbody>\n<\/table>\n<p>D\u01b0\u1edbi 03 trung t\u00e2m tr\u1ef1c thu\u1ed9c c\u00f3 10 \u0111i\u1ec3m tr\u1ea1m th\u1ef1c nghi\u1ec7n l\u00e2m nghi\u1ec7p \u0111\u00f3ng tr\u00ean \u0111\u1ecba b\u00e0n c\u00e1c t\u1ec9nh: C\u00e0 Mau, B\u1ea1c Li\u00eau, Long An, B\u00ecnh D\u01b0\u01a1ng, B\u00ecnh Ph\u01b0\u1edbc, \u0110\u1ed3ng Nai v\u00e0 B\u00ecnh Thu\u1eadn v\u1edbi t\u1ed5ng di\u1ec7n t\u00edch qu\u1ea3n l\u00fd 1.666 ha r\u1eebng v\u00e0 \u0111\u1ea5t r\u1eebng \u0111\u1eb7c d\u1ee5ng ph\u1ee5c v\u1ee5 cho nghi\u00ean c\u1ee9u th\u1ef1c nghi\u1ec7m.<\/p>\n<p><strong>L\u0129nh v\u1ef1c ho\u1ea1t \u0111\u1ed9ng ch\u00ednh:<\/strong><\/p>\n<p>&#8211; Nghi\u00ean c\u1ee9u khoa h\u1ecdc v\u1ec1 l\u0129nh v\u1ef1c l\u00e2m nghi\u1ec7p \u1edf v\u00f9ng Nam B\u1ed9;<\/p>\n<p>&#8211; \u1ee8ng d\u1ee5ng, chuy\u1ec3n giao khoa h\u1ecdc c\u00f4ng ngh\u1ec7 trong l\u0129nh v\u1ef1c l\u00e2m nghi\u1ec7p;<\/p>\n<p>&#8211; H\u1ee3p t\u00e1c qu\u1ed1c t\u1ebf v\u00e0 tham gia \u0111\u00e0o t\u1ea1o ngu\u1ed3n nh\u00e2n l\u1ef1c cho ng\u00e0nh;<\/p>\n<p>&#8211; T\u01b0 v\u1ea5n, d\u1ecbch v\u1ee5 khoa h\u1ecdc c\u00f4ng ngh\u1ec7 v\u00e0 s\u1ea3n xu\u1ea5t kinh doanh trong l\u0129nh v\u1ef1c l\u00e2m nghi\u1ec7p theo quy \u0111\u1ecbnh c\u1ee7a ph\u00e1p lu\u1eadt.<\/p>\n<p><strong>C\u01a1 s\u1edf v\u1eadt ch\u1ea5t<\/strong><\/p>\n<p>&#8211; Di\u1ec7n t\u00edch nh\u00e0 l\u00e0m vi\u1ec7c, ph\u00f2ng th\u00ed nghi\u1ec7m v\u00e0 v\u0103n ph\u00f2ng tr\u1ea1m: 5.723 m<sup>2<\/sup><\/p>\n<p>&#8211; Di\u1ec7n t\u00edch \u0111\u1ea5t x\u00e2y d\u1ef1ng: 6.780 m<sup>2<\/sup><\/p>\n<p>&#8211; Di\u1ec7n t\u00edch r\u1eebng v\u00e0 \u0111\u1ea5t r\u1eebng ph\u1ee5c v\u1ee5 cho nghi\u00ean c\u1ee9u th\u1ef1c nghi\u1ec7m: 1.666 ha.<\/p>\n<p>&#8211; T\u00e0i s\u1ea3n c\u1ed1 \u0111\u1ecbnh: Nguy\u00ean gi\u00e1 32.323 tri\u1ec7u \u0111\u1ed3ng<\/p>\n<p>&#8211; Gi\u00e1 tr\u1ecb c\u00f2n l\u1ea1i: 22.964 tri\u1ec7u \u0111\u1ed3ng<\/p>\n<p><strong>Th\u00e0nh t\u1ef1u n\u1ed5i b\u1eadt<\/strong><\/p>\n<p>&#8211; T\u00e1c gi\u1ea3 37 gi\u1ed1ng m\u1edbi \u0111\u01b0\u1ee3c c\u00f4ng nh\u1eadn l\u00e0 gi\u1ed1ng Ti\u1ebfn b\u1ed9 k\u1ef9 thu\u1eadt v\u00e0 gi\u1ed1ng Qu\u1ed1c gia g\u1ed3m: 10 gi\u1ed1ng c\u00e2y b\u1ea3n \u0111\u1ecba Thanh th\u1ea5t, Chi\u00eau li\u00eau; 06 gi\u1ed1ng tr\u00e0m \u00dac; 03 gi\u1ed1ng tr\u00e0m ta; 05 gi\u1ed1ng Keo lai t\u1ef1 nhi\u00ean; 08 gi\u1ed1ng Keo l\u00e1 tr\u00e0m; 05 gi\u1ed1ng B\u1ea1ch \u0111\u00e0n. \u0110\u1ed3ng t\u00e1c gi\u1ea3 c\u1ee7a h\u01a1n 30 gi\u1ed1ng m\u1edbi, gi\u1ed1ng Ti\u1ebfn b\u1ed9 k\u1ef9 thu\u1eadt v\u00e0 gi\u1ed1ng Qu\u1ed1c gia c\u1ee7a c\u00e1c lo\u00e0i keo kh\u00e1c.<\/p>\n<p>&#8211; H\u1ec7 th\u1ed1ng r\u1eebng gi\u1ed1ng, v\u01b0\u1eddn gi\u1ed1ng, v\u01b0\u1eddn c\u00e2y \u0111\u1ea7u d\u00f2ng v\u1edbi t\u1ed5ng di\u1ec7n t\u00edch h\u01a1n 230 ha cho c\u00e1c lo\u00e0i c\u00e2y tr\u1ed3ng r\u1eebng ch\u00ednh, lo\u00e0i c\u00e2y ch\u1ee7 l\u1ef1c, ch\u1ee7 y\u1ebfu \u1edf v\u00f9ng Nam B\u1ed9 v\u00e0 Nam Trung B\u1ed9 cung c\u1ea5p ngu\u1ed3n v\u1eadt li\u1ec7u gi\u1ed1ng t\u1ed1t ph\u1ee5c v\u1ee5 cho tr\u1ed3ng r\u1eebng g\u1ed3m: \u0110\u01b0\u1edbc \u0111\u00f4i, B\u1ea7n chua, M\u1eafm bi\u1ec3n, Tr\u00e0m c\u1eeb, Tr\u00e0m l\u00e1 d\u00e0i, Tr\u00f4m, Xoan ch\u1ecbu h\u1ea1n, Keo ch\u1ecbu han, Keo lai, Keo l\u00e1 tr\u00e0m, Keo tai t\u01b0\u1ee3ng, Sao \u0111en, D\u1ea7u r\u00e1i, T\u1ebfch, V\u00ean v\u00ean, \u2026<\/p>\n<p>&#8211; Quy tr\u00ecnh ti\u1ebfn b\u1ed9 k\u1ef9 thu\u1eadt m\u1edbi v\u1ec1 <em>\u201cQu\u1ea3n l\u00fd v\u1eadt li\u1ec7u h\u1eefu c\u01a1 sau khai th\u00e1c v\u00e0 s\u1eed d\u1ee5ng ph\u00e2n l\u00e2n trong tr\u1ed3ng r\u1eebng Keo \u1edf \u0110\u00f4ng Nam B\u1ed9 v\u00e0 Trung B\u1ed9\u201d <\/em>\u0111\u01b0\u1ee3c T\u1ed5ng c\u1ee5c L\u00e2m nghi\u1ec7p, B\u1ed9 NN&amp;PTNT c\u00f4ng nh\u1eadn t\u1ea1i Quy\u1ebft \u0111\u1ecbnh s\u1ed1 195<sup>a<\/sup>\/Q\u0110-TCLN-KHCN ng\u00e0y 09\/5\/2025;<\/p>\n<p>&#8211; Quy tr\u00ecnh ti\u1ebfn b\u1ed9 k\u1ef9 thu\u1eadt <em>\u201cK\u1ef9 thu\u1eadt nh\u00e2n gi\u1ed1ng c\u00e2y<\/em><em> B\u1eddi l\u1eddi v\u00e0ng<\/em><em> (Litsea pierrei <\/em>Lecomte<em>) <\/em>t\u1eeb h\u1ea1t\u201d \u0111\u01b0\u1ee3c T\u1ed5ng c\u1ee5c L\u00e2m nghi\u1ec7p, B\u1ed9 NN&amp;PTNT c\u00f4ng nh\u1eadn t\u1ea1i Quy\u1ebft \u0111\u1ecbnh s\u1ed1: 19\/Q\u0110-TCLN-KH&amp;HTQT ng\u00e0y 10\/01\/2022;<\/p>\n<p>&#8211; B\u1eb1ng khen c\u1ee7a B\u1ed9 tr\u01b0\u1edfng n\u0103m 2015 v\u1ec1 ho\u00e0n th\u00e0nh t\u1ed1t k\u1ebf ho\u1ea1ch b\u1ea3o v\u1ec7 ph\u00e1t tri\u1ec3n r\u1eebng giai \u0111o\u1ea1n 2011-2015 g\u1eafn v\u1edbi t\u00e1i c\u01a1 c\u1ea5u ng\u00e0nh l\u00e2m nghi\u1ec7p.<\/p>\n<p>&#8211; Gi\u1ea3i th\u01b0\u1edfng B\u00f4ng l\u00faa v\u00e0ng Vi\u1ec7t Nam n\u0103m 2018 cho Ti\u1ebfn b\u1ed9 k\u1ef9 thu\u1eadt m\u1edbi \u201c<em>Qu\u1ea3n l\u00fd v\u1eadt li\u1ec7u h\u1eefu c\u01a1 sau khai th\u00e1c v\u00e0 s\u1eed d\u1ee5ng ph\u00e2n l\u00e2n trong tr\u1ed3ng r\u1eebng Keo \u1edf \u0110\u00f4ng Nam B\u1ed9 v\u00e0 Trung B\u1ed9\u201d.<\/em><\/p>\n<p>&#8211; B\u1eb1ng khen c\u1ee7a B\u1ed9 tr\u01b0\u1edfng B\u1ed9 NN&amp;PTNT n\u0103m 2019 v\u1ec1 \u0111\u00e3 c\u00f3 th\u00e0nh t\u00edch xu\u1ea5t s\u1eafc trong phong tr\u00e0o c\u1ea3 n\u01b0\u1edbc chung tay x\u00e2y d\u1ef1ng n\u00f4ng th\u00f4n m\u1edbi.<\/p>\n<p>&#8211; B\u1eb1ng Khen c\u1ee7a Th\u1ee7 t\u01b0\u1edbng Ch\u00ednh ph\u1ee7 n\u0103m 2020 t\u1ea1i Quy\u1ebft \u0111\u1ecbnh s\u1ed1 1994\/Q\u0110-TTg, ng\u00e0y 07\/12\/2020 c\u1ee7a Th\u1ee7 t\u01b0\u1edbng Ch\u00ednh ph\u1ee7 v\u00ec \u0111\u00e3 c\u00f3 th\u00e0nh t\u00edch trong c\u00f4ng t\u00e1c g\u00f3p ph\u1ea7n v\u00e0o s\u1ef1 nghi\u1ec7p x\u00e2y d\u1ef1ng ch\u1ee7 ngh\u0129a x\u00e3 h\u1ed9i v\u00e0 b\u1ea3o v\u1ec7 T\u1ed5 qu\u1ed1c.<\/p>\n<p><strong>\u0110\u1ecbnh h\u01b0\u1edbng ph\u00e1t tri\u1ec3n<\/strong><\/p>\n<p><em>&#8211; <\/em><em>Chi\u1ebfn<\/em><em> l\u01b0\u1ee3c ph\u00e1t tri\u1ec3n:<\/em> X\u00e2y d\u1ef1ng Vi\u1ec7n Khoa h\u1ecdc L\u00e2m nghi\u1ec7p Nam B\u1ed9 ph\u00e1t tri\u1ec3n to\u00e0n di\u1ec7n, ti\u00ean ti\u1ebfn, hi\u1ec7n \u0111\u1ea1i tr\u1edf th\u00e0nh Vi\u1ec7n v\u00f9ng \u0111\u1ea7u ng\u00e0nh trong nghi\u00ean c\u1ee9u khoa h\u1ecdc c\u00f4ng ngh\u1ec7 L\u00e2m nghi\u1ec7p \u1edf v\u00f9ng Nam B\u1ed9; c\u00f3 \u0111\u1ed9i ng\u0169 c\u00e1n b\u1ed9 khoa h\u1ecdc \u0111\u1ea1t tr\u00ecnh \u0111\u1ed9 cao, c\u01a1 s\u1edf v\u1eadt ch\u1ea5t v\u00e0 trang thi\u1ebft b\u1ecb hi\u1ec7n \u0111\u1ea1i \u0111\u00e1p \u1ee9ng y\u00eau c\u1ea7u khoa h\u1ecdc c\u00f4ng ngh\u1ec7 cho s\u1ef1 ph\u00e1t tri\u1ec3n l\u00e2m nghi\u1ec7p v\u00f9ng Nam B\u1ed9 nhanh v\u00e0 b\u1ec1n v\u1eefng.<\/p>\n<p><em>&#8211; \u0110\u1ecbnh h\u01b0\u1edbng nghi\u00ean c\u1ee9u:<\/em> T\u1eadp trung th\u1ef1c hi\u1ec7n nghi\u00ean c\u1ee9u khoa h\u1ecdc c\u01a1 b\u1ea3n, \u1ee9ng d\u1ee5ng tr\u00ean b\u1ed1n ti\u1ec3u v\u00f9ng sinh th\u00e1i l\u00e2m nghi\u1ec7p \u0111\u1eb7c th\u00f9 \u1edf v\u00f9ng Nam b\u1ed9 l\u00e0: \u0111\u1ea5t c\u00e1t kh\u00f4 h\u1ea1n, \u0111\u1ea5t ng\u1eadp m\u1eb7n ven bi\u1ec3n, \u0111\u1ea5t ng\u1eadp ph\u00e8n v\u00e0 \u0111\u1ea5t x\u00e1m tr\u00ean \u0111\u1ed3i n\u00fai th\u1ea5p v\u1edbi 4 l\u0129nh v\u1ef1c g\u1ed3m: (1) Gi\u1ed1ng v\u00e0 c\u00f4ng ngh\u1ec7 sinh h\u1ecdc; (2) K\u1ef9 thu\u1eadt l\u00e2m sinh; (3) Sinh th\u00e1i m\u00f4i tr\u01b0\u1eddng r\u1eebng; (4) Kinh t\u1ebf l\u00e2m nghi\u1ec7p; (5) Ch\u1ebf bi\u1ebfn g\u1ed7 v\u00e0 l\u00e2m s\u1ea3n ngo\u00e0i g\u1ed7.<\/p>\n<p><strong>\u0110\u1ecba ch\u1ec9 li\u00ean h\u1ec7:<\/strong><\/p>\n<p>T\u00ean \u0111\u01a1n v\u1ecb: Vi\u1ec7n Khoa h\u1ecdc L\u00e2m nghi\u1ec7p Nam B\u1ed9<\/p>\n<p>Tr\u1ee5 s\u1edf: 01 Ph\u1ea1m V\u0103n Hai, Ph\u01b0\u1eddng T\u00e2n S\u01a1n H\u00f2a, TP. H\u1ed3 Ch\u00ed Minh<\/p>\n<p>\u0110i\u1ec7n tho\u1ea1i: 0283 9441496\u00a0\u00a0\u00a0\u00a0\u00a0\u00a0\u00a0\u00a0\u00a0\u00a0 Fax: 0283 8448690<\/p>\n<p>E-mail: <a href=\"mailto:viennambo@vafs.gov.vn\">viennambo@vafs.gov.vn<\/a> Website: fsis.org.vn<\/p>\n","protected":false},"excerpt":{"rendered":"<p>Quy\u1ebft \u0111\u1ecbnh th\u00e0nh l\u1eadp: Vi\u1ec7n Khoa h\u1ecdc L\u00e2m nghi\u1ec7p Nam B\u1ed9 (Forest Science Institute of South Vietnam -FSIS) tr\u1ef1c thu\u1ed9c Vi\u1ec7n Khoa h\u1ecdc L\u00e2m nghi\u1ec7p Vi\u1ec7t Nam, \u0111\u01b0\u1ee3c th\u00e0nh l\u1eadp tr\u00ean c\u01a1 s\u1edf t\u1ed5 ch\u1ee9c, s\u1eafp x\u1ebfp l\u1ea1i Ph\u00e2n vi\u1ec7n Nghi\u00ean c\u1ee9u Khoa h\u1ecdc l\u00e2m nghi\u1ec7p Nam B\u1ed9, Trung t\u00e2m Khoa h\u1ecdc S\u1ea3n xu\u1ea5t l\u00e2m [&hellip;]<\/p>\n","protected":false},"author":2,"featured_media":0,"parent":0,"menu_order":0,"comment_status":"open","ping_status":"open","template":"","meta":[],"_links":{"self":[{"href":"https:\/\/vafs.gov.vn\/vn\/wp-json\/wp\/v2\/pages\/1904"}],"collection":[{"href":"https:\/\/vafs.gov.vn\/vn\/wp-json\/wp\/v2\/pages"}],"about":[{"href":"https:\/\/vafs.gov.vn\/vn\/wp-json\/wp\/v2\/types\/page"}],"author":[{"embeddable":true,"href":"https:\/\/vafs.gov.vn\/vn\/wp-json\/wp\/v2\/users\/2"}],"replies":[{"embeddable":true,"href":"https:\/\/vafs.gov.vn\/vn\/wp-json\/wp\/v2\/comments?post=1904"}],"version-history":[{"count":7,"href":"https:\/\/vafs.gov.vn\/vn\/wp-json\/wp\/v2\/pages\/1904\/revisions"}],"predecessor-version":[{"id":23897,"href":"https:\/\/vafs.gov.vn\/vn\/wp-json\/wp\/v2\/pages\/1904\/revisions\/23897"}],"wp:attachment":[{"href":"https:\/\/vafs.gov.vn\/vn\/wp-json\/wp\/v2\/media?parent=1904"}],"curies":[{"name":"wp","href":"https:\/\/api.w.org\/{rel}","templated":true}]}}