{"id":1903,"date":"2013-08-02T23:55:51","date_gmt":"2013-08-02T16:55:51","guid":{"rendered":"http:\/\/vafs.gov.vn\/vn\/?page_id=1903"},"modified":"2025-09-04T11:15:31","modified_gmt":"2025-09-04T04:15:31","slug":"trung-tam-nghien-cuu-kinh-te-lam-nghiep","status":"publish","type":"page","link":"https:\/\/vafs.gov.vn\/vn\/trung-tam-nghien-cuu-kinh-te-lam-nghiep\/","title":{"rendered":"Trung t\u00e2m Nghi\u00ean c\u1ee9u Kinh t\u1ebf L\u00e2m nghi\u1ec7p"},"content":{"rendered":"<p><strong>Quy\u1ebft \u0111\u1ecbnh th\u00e0nh l\u1eadp, ch\u1ee9c n\u0103ng, nhi\u1ec7m v\u1ee5<\/strong><\/p>\n<p>Trung t\u00e2m Nghi\u00ean c\u1ee9u Kinh t\u1ebf L\u00e2m nghi\u1ec7p (Forestry Economics Research Centre \u2013 FEREC) tr\u1ef1c thu\u1ed9c Vi\u1ec7n Khoa h\u1ecdc L\u00e2m nghi\u1ec7p Vi\u1ec7t Nam, \u0111\u01b0\u1ee3c th\u00e0nh l\u1eadp tr\u00ean c\u01a1 s\u1edf t\u1ed5 ch\u1ee9c l\u1ea1i Ph\u00f2ng Nghi\u00ean c\u1ee9u Kinh t\u1ebf L\u00e2m nghi\u1ec7p theo Quy\u1ebft \u0111\u1ecbnh s\u1ed1 3134\/Q\u0110-BNN-TCCB ng\u00e0y 13\/12\/2012 c\u1ee7a B\u1ed9 tr\u01b0\u1edfng B\u1ed9 N\u00f4ng nghi\u1ec7p v\u00e0 Ph\u00e1t tri\u1ec3n n\u00f4ng th\u00f4n.<\/p>\n<p>Trung t\u00e2m Nghi\u00ean c\u1ee9u Kinh t\u1ebf L\u00e2m nghi\u1ec7p c\u00f3 ch\u1ee9c n\u0103ng nghi\u00ean c\u1ee9u khoa h\u1ecdc, chuy\u1ec3n gi\u00f3 c\u00f4ng ngh\u1ec7, h\u1ee3p t\u00e1c qu\u1ed1c t\u1ebf, t\u01b0 v\u1ea5n v\u00e0 tham gia \u0111\u00e0o t\u1ea1o v\u1ec1 kinh t\u1ebf l\u00e2m nghi\u1ec7p trong ph\u1ea1m vi c\u1ea3 n\u01b0\u1edbc ph\u1ee5c v\u1ee5 qu\u1ea3n l\u00fd nh\u00e0 n\u01b0\u1edbc c\u1ee7a B\u1ed9 N\u00f4ng nghi\u1ec7p v\u00e0 Ph\u00e1t tri\u1ec3n n\u00f4ng th\u00f4n.<\/p>\n<p>Nhi\u1ec7m v\u1ee5: Nghi\u00ean c\u1ee9u c\u01a1 b\u1ea3n c\u00f3 \u0111\u1ecbnh h\u01b0\u1edbng v\u00e0 nghi\u00ean c\u1ee9u \u1ee9ng d\u1ee5ng v\u1ec1 kinh t\u1ebf l\u00e2m nghi\u1ec7p theo quy \u0111\u1ecbnh c\u1ee7a ph\u00e1p lu\u1eadt; X\u00e2y d\u1ef1ng c\u00e1c ti\u00eau chu\u1ea9n, quy chu\u1ea9n qu\u1ed1c gia, \u0111\u1ecbnh m\u1ee9c kinh t\u1ebf k\u1ef9 thu\u1eadt thu\u1ed9c l\u0129nh v\u1ef1c kinh t\u1ebf l\u00e2m nghi\u1ec7p; T\u01b0 v\u1ea5n \u0111\u1ea7u t\u01b0, \u0111\u00e1nh gi\u00e1 c\u00e1c c\u00f4ng tr\u00ecnh, ch\u01b0\u01a1ng tr\u00ecnh d\u1ef1 \u00e1n l\u00e2m nghi\u1ec7p; H\u1ee3p t\u00e1c qu\u1ed1c t\u1ebf, li\u00ean doanh li\u00ean k\u1ebft v\u1edbi c\u00e1c t\u1ed5 ch\u1ee9c, c\u00e1 nh\u00e2n v\u1ec1 nghi\u00ean c\u1ee9u khoa h\u1ecdc, \u0111\u00e0o t\u1ea1o v\u00e0 b\u1ed3i d\u01b0\u1ee1ng nh\u00e2n l\u1ef1c trong l\u0129nh v\u1ef1c kinh t\u1ebf l\u00e2m nghi\u1ec7p theo quy \u0111\u1ecbnh c\u1ee7a ph\u00e1p lu\u1eadt.<\/p>\n<p><a href=\"http:\/\/vafs.gov.vn\/vn\/trung-tam-nghien-cuu-kinh-te-lam-nghiep\/tt-ktln\/\" rel=\"attachment wp-att-22042\"><img decoding=\"async\" loading=\"lazy\" class=\"aligncenter wp-image-22042 size-medium\" src=\"http:\/\/vafs.gov.vn\/vn\/wp-content\/uploads\/sites\/2\/2022\/07\/TT-KTLN-500x298.jpg\" alt=\"\" width=\"500\" height=\"298\" srcset=\"https:\/\/vafs.gov.vn\/vn\/wp-content\/uploads\/sites\/2\/2022\/07\/TT-KTLN-500x298.jpg 500w, https:\/\/vafs.gov.vn\/vn\/wp-content\/uploads\/sites\/2\/2022\/07\/TT-KTLN-768x458.jpg 768w, https:\/\/vafs.gov.vn\/vn\/wp-content\/uploads\/sites\/2\/2022\/07\/TT-KTLN-1024x610.jpg 1024w, https:\/\/vafs.gov.vn\/vn\/wp-content\/uploads\/sites\/2\/2022\/07\/TT-KTLN.jpg 1220w\" sizes=\"(max-width: 500px) 100vw, 500px\" \/><\/a><\/p>\n<p><strong>C\u01a1 c\u1ea5u t\u1ed5 ch\u1ee9c v\u00e0 nh\u00e2n s\u1ef1:<\/strong><\/p>\n<ul>\n<li>C\u01a1 c\u1ea5u t\u1ed5 ch\u1ee9c g\u1ed3m: Ban l\u00e3nh \u0111\u1ea1o Trung t\u00e2m v\u00e0 04 \u0111\u01a1n v\u1ecb tr\u1ef1c thu\u1ed9c.<\/li>\n<li>T\u1ed5ng s\u1ed1 vi\u00ean ch\u1ee9c: 18 ng\u01b0\u1eddi, trong \u0111\u00f3 c\u00f3 05 ti\u1ebfn s\u1ef9; 9 th\u1ea1c s\u1ef9; v\u00e0 04 c\u1eed nh\u00e2n.<\/li>\n<li>Gi\u00e1m \u0111\u1ed1c Trung t\u00e2m: TS. Ho\u00e0ng Li\u00ean S\u01a1n<\/li>\n<li>Ph\u00f3 gi\u00e1m \u0111\u1ed1c Trung t\u00e2m: TS. Nguy\u1ec5n Gia Ki\u00eam<\/li>\n<\/ul>\n<table>\n<tbody>\n<tr>\n<td width=\"47\"><strong>TT<\/strong><\/td>\n<td width=\"369\"><strong>C\u00e1c \u0111\u01a1n v\u1ecb thu\u1ed9c Trung t\u00e2m<\/strong><\/td>\n<td width=\"208\"><strong>Tr\u01b0\u1edfng \u0111\u01a1n v\u1ecb<\/strong><\/td>\n<\/tr>\n<tr>\n<td width=\"47\">1<\/td>\n<td width=\"369\">V\u0103n ph\u00f2ng Trung t\u00e2m<\/td>\n<td width=\"208\">ThS. V\u0169 Duy H\u01b0ng<\/td>\n<\/tr>\n<tr>\n<td width=\"47\">2<\/td>\n<td width=\"369\">B\u1ed9 m\u00f4n Kinh t\u1ebf T\u00e0i nguy\u00ean v\u00e0 M\u00f4i tr\u01b0\u1eddng<\/td>\n<td width=\"208\">ThS. L\u00ea V\u0103n C\u01b0\u1eddng<\/td>\n<\/tr>\n<tr>\n<td width=\"47\">3<\/td>\n<td width=\"369\">B\u1ed9 m\u00f4n Th\u1ecb tr\u01b0\u1eddng L\u00e2m s\u1ea3n<\/td>\n<td width=\"208\">TS. Nguy\u1ec5n Gia Ki\u00eam (KN)<\/td>\n<\/tr>\n<tr>\n<td width=\"47\">4<\/td>\n<td width=\"369\">B\u1ed9 m\u00f4n Th\u1ec3 ch\u1ebf ch\u00ednh s\u00e1ch v\u00e0 L\u00e2m nghi\u1ec7p x\u00e3 h\u1ed9i<\/td>\n<td width=\"208\">ThS. Ph\u1ea1m Th\u1ecb Luy\u1ec7n<\/td>\n<\/tr>\n<\/tbody>\n<\/table>\n<p><strong>C\u00e1c l\u0129nh v\u1ef1c ho\u1ea1t \u0111\u1ed9ng ch\u00ednh:<\/strong><\/p>\n<p>Trung t\u00e2m c\u00f3 ch\u1ee9c n\u0103ng nghi\u00ean c\u1ee9u khoa h\u1ecdc, chuy\u1ec3n giao c\u00f4ng ngh\u1ec7, h\u1ee3p t\u00e1c qu\u1ed1c t\u1ebf, t\u01b0 v\u1ea5n v\u00e0 tham gia \u0111\u00e0o t\u1ea1o v\u1ec1 l\u0129nh v\u1ef1c kinh t\u1ebf &#8211; ch\u00ednh s\u00e1ch l\u00e2m nghi\u1ec7p; X\u00e2y d\u1ef1ng c\u00e1c ti\u00eau chu\u1ea9n v\u00e0 quy chu\u1ea9n qu\u1ed1c gia; v\u00e0 \u0111\u1ecbnh m\u1ee9c Kinh t\u1ebf &#8211; K\u1ef9 thu\u1eadt thu\u1ed9c l\u0129nh v\u1ef1c nghi\u00ean c\u1ee9u, c\u1ee5 th\u1ec3:<\/p>\n<p>&#8211; Nghi\u00ean c\u1ee9u c\u01a1 s\u1edf khoa h\u1ecdc v\u00e0 th\u1ef1c ti\u1ec5n v\u1ec1 th\u1ec3 ch\u1ebf, c\u01a1 ch\u1ebf ch\u00ednh s\u00e1ch; t\u1ed5 ch\u1ee9c qu\u1ea3n l\u00fd v\u00e0 s\u1eafp x\u1ebfp \u0111\u1ed5i m\u1edbi t\u1ed5 ch\u1ee9c qu\u1ea3n l\u00fd l\u00e2m nghi\u1ec7p; Kinh t\u1ebf t\u00e0i nguy\u00ean v\u00e0 m\u00f4i tr\u01b0\u1eddng r\u1eebng; Th\u1ecb tr\u01b0\u1eddng v\u00e0 ng\u00e0nh h\u00e0ng l\u00e2m s\u1ea3n; L\u00e2m nghi\u1ec7p x\u00e3 h\u1ed9i \u2013 L\u00e2m nghi\u1ec7p c\u1ed9ng \u0111\u1ed3ng; v\u00e0 \u00a0Ph\u00e1t tri\u1ec3n kinh t\u1ebf n\u00f4ng th\u00f4n mi\u1ec1n n\u00fai.<\/p>\n<p>&#8211; \u0110i\u1ec1u tra c\u01a1 b\u1ea3n, x\u00e2y d\u1ef1ng c\u01a1 s\u1edf d\u1eef li\u1ec7u v\u00e0 d\u1ef1 b\u00e1o th\u1ecb tr\u01b0\u1eddng l\u00e2m s\u1ea3n; v\u00e0 \u1ee8ng d\u1ee5ng c\u00f4ng ngh\u1ec7 th\u00f4ng tin trong l\u0129nh v\u1ef1c th\u1ecb tr\u01b0\u1eddng v\u00e0 ng\u00e0nh h\u00e0ng l\u00e2m s\u1ea3n.<\/p>\n<p>&#8211; X\u00e2y d\u1ef1ng c\u00e1c ti\u00eau chu\u1ea9n qu\u1ed1c gia, quy chu\u1ea9n k\u1ef9 thu\u1eadt qu\u1ed1c gia, \u0111\u1ecbnh m\u1ee9c Kinh t\u1ebf &#8211; K\u1ef9 thu\u1eadt thu\u1ed9c l\u0129nh v\u1ef1c kinh t\u1ebf l\u00e2m nghi\u1ec7p.<\/p>\n<p>&#8211; T\u01b0 v\u1ea5n \u0111\u1ea7u t\u01b0, th\u1ea9m tra, \u0111\u00e1nh gi\u00e1 c\u00e1c ch\u01b0\u01a1ng tr\u00ecnh, d\u1ef1 \u00e1n l\u00e2m nghi\u1ec7p; v\u00e0 D\u1ecbch v\u1ee5 khoa h\u1ecdc v\u1ec1 kinh t\u1ebf l\u00e2m nghi\u1ec7p.<\/p>\n<p>&#8211; H\u1ee3p t\u00e1c qu\u1ed1c t\u1ebf, li\u00ean doanh, li\u00ean k\u1ebft v\u1edbi c\u00e1c t\u1ed5 ch\u1ee9c, c\u00e1 nh\u00e2n trong n\u01b0\u1edbc v\u00e0 ngo\u00e0i n\u01b0\u1edbc th\u01b0c hi\u1ec7n c\u00e1c nhi\u1ec7m v\u1ee5 chuy\u00ean m\u00f4n.<\/p>\n<p><strong>C\u01a1 s\u1edf v\u1eadt ch\u1ea5t<\/strong><\/p>\n<ul>\n<li>08 ph\u00f2ng l\u00e0m vi\u1ec7c t\u1ea1i t\u00f2a nh\u00e0 H\u1ed9i tr\u01b0\u1eddng Vi\u1ec7n Khoa h\u1ecdc L\u00e2m nghi\u1ec7p Vi\u1ec7t Nam.<\/li>\n<\/ul>\n<p><strong>Nh\u1eefng th\u00e0nh t\u00edch \u0111\u1ea1t \u0111\u01b0\u1ee3c<\/strong><\/p>\n<p>Trong giai \u0111o\u1ea1n 2013 \u2013 2020, Trung t\u00e2m Nghi\u00ean c\u1ee9u Kinh t\u1ebf L\u00e2m nghi\u1ec7p \u0111\u00e3 v\u00e0 \u0111ang tri\u1ec3n khai 01 \u0111\u1ec1 t\u00e0i c\u1ea5p Nh\u00e0 n\u01b0\u1edbc; 03 \u0111\u1ec1 t\u00e0i c\u1ea5p B\u1ed9; 02 \u0111\u1ec1 t\u00e0i c\u1ea5p t\u1ec9nh; 01 d\u1ef1 \u00e1n h\u1ee3p t\u00e1c qu\u1ed1c t\u1ebf; 01 D\u1ef1 \u00e1n khuy\u1ebfn n\u00f4ng trung \u01b0\u01a1ng;; v\u00e0 10 nhi\u1ec7m v\u1ee5 KHCN th\u00f4ng qua h\u1ee3p \u0111\u1ed3ng nghi\u00ean c\u1ee9u c\u1ea5p T\u1ed5ng c\u1ee5c L\u00e2m nghi\u1ec7p. B\u00ean c\u1ea1nh \u0111\u00f3, Trung t\u00e2m th\u1ef1c hi\u1ec7n ph\u1ed1i h\u1ee3p nghi\u00ean c\u1ee9u v\u1edbi 01 \u0111\u1ec1 t\u00e0i c\u1ea5p B\u1ed9; 06 d\u1ef1 \u00e1n H\u1ee3p t\u00e1c qu\u1ed1c t\u1ebf. T\u1eeb c\u00e1c k\u1ebft qu\u1ea3 nghi\u00ean c\u1ee9u, \u0111\u00e3 c\u00f4ng b\u1ed1 \u0111\u01b0\u1ee3c 10 b\u00e0i b\u00e1o \u0111\u0103ng tr\u00ean t\u1ea1p ch\u00ed qu\u1ed1c t\u1ebf; 28 b\u00e0i b\u00e1o \u0111\u0103ng tr\u00ean t\u1ea1p ch\u00ed khoa h\u1ecdc trong n\u01b0\u1edbc v\u00e0 xu\u1ea5t b\u1ea3n \u0111\u01b0\u1ee3c 03 cu\u1ed1n s\u00e1ch tham kh\u1ea3o.<\/p>\n<p><strong>C\u00e1c th\u00e0nh t\u00edch \u0111\u00e3 \u0111\u01b0\u1ee3c khen th\u01b0\u1edfng <\/strong><\/p>\n<table width=\"645\">\n<tbody>\n<tr>\n<td width=\"47\"><strong>N\u0103m<\/strong><\/td>\n<td width=\"179\"><strong>H\u00ecnh th\u1ee9c khen th\u01b0\u1edfng<\/strong><\/td>\n<td width=\"418\"><strong>S\u1ed1, ng\u00e0y, th\u00e1ng, n\u0103m c\u1ee7a quy\u1ebft \u0111\u1ecbnh khen th\u01b0\u1edfng; c\u01a1 quan ban h\u00e0nh quy\u1ebft \u0111\u1ecbnh<\/strong><\/td>\n<\/tr>\n<tr>\n<td width=\"47\">2018<\/td>\n<td width=\"179\">B\u1eb1ng khen B\u1ed9 tr\u01b0\u1edfng<\/td>\n<td width=\"418\">Quy\u1ebft \u0111\u1ecbnh s\u1ed1 2294\/Q\u0110-BNN-TCCB, ng\u00e0y 19\/6\/2019, c\u1ee7a B\u1ed9 N\u00f4ng nghi\u1ec7p v\u00e0 Ph\u00e1t tri\u1ec3n n\u00f4ng th\u00f4n<\/td>\n<\/tr>\n<\/tbody>\n<\/table>\n<p><strong>\u0110\u1ecbnh h\u01b0\u1edbng ph\u00e1t tri\u1ec3n<\/strong><\/p>\n<ul>\n<li>X\u00e2y d\u1ef1ng v\u00e0 ph\u00e1t tri\u1ec3n \u0111\u1ed9i ng\u0169 c\u00e1n b\u1ed9 nghi\u00ean c\u1ee9u, t\u0103ng c\u01b0\u1eddng n\u0103ng l\u1ef1c t\u1ed5 ch\u1ee9c nghi\u00ean c\u1ee9u v\u00e0 c\u00f4ng b\u1ed1 k\u1ebft qu\u1ea3 nghi\u00ean c\u1ee9u; N\u00e2ng cao ch\u1ea5t l\u01b0\u1ee3ng v\u00e0 hi\u1ec7u qu\u1ea3 nghi\u00ean c\u1ee9u g\u1eafn v\u1edbi th\u1ef1c ti\u1ec5n s\u1ea3n xu\u1ea5t, kinh doanh l\u00e2m nghi\u1ec7p;<\/li>\n<li>Nghi\u00ean c\u1ee9u v\u00e0 ph\u00e1t tri\u1ec3n \u1ee9ng d\u1ee5ng c\u00f4ng ngh\u1ec7 th\u00f4ng tin trong kinh t\u1ebf, ch\u00ednh s\u00e1ch l\u00e2m nghi\u1ec7p; qu\u1ea3n l\u00fd r\u1eebng b\u1ec1n v\u1eefng; th\u1ecb tr\u01b0\u1eddng v\u00e0 th\u01b0\u01a1ng hi\u1ec7u ng\u00e0nh h\u00e0ng l\u00e2m s\u1ea3n Vi\u1ec7t Nam.<\/li>\n<li>M\u1edf r\u1ed9ng h\u1ee3p t\u00e1c, cung c\u1ea5p d\u1ecbch v\u1ee5 khoa h\u1ecdc c\u00f4ng ngh\u1ec7 v\u1edbi c\u00e1c \u0111\u1ecba ph\u01b0\u01a1ng; H\u1ed9i nh\u1eadp h\u1ee3p t\u00e1c qu\u1ed1c t\u1ebf trong nghi\u00ean c\u1ee9u v\u00e0 \u0111\u00e0o t\u1ea1o ngu\u1ed3n nh\u00e2n l\u1ef1c;<\/li>\n<li>T\u0103ng c\u01b0\u1eddng \u0111\u1ec1 xu\u1ea5t nghi\u00ean c\u1ee9u, t\u00ecm ki\u1ebfm d\u1ecbch v\u1ee5 khoa h\u1ecdc c\u00f4ng ngh\u1ec7 \u0111\u1ed1i v\u1edbi c\u00e1c l\u0129nh v\u1ef1c \u01b0u ti\u00ean v\u00e0 l\u1ee3i th\u1ebf c\u1ee7a Trung t\u00e2m thu\u1ed9c l\u0129nh v\u1ef1c kinh t\u1ebf, ch\u00ednh s\u00e1ch l\u00e2m nghi\u1ec7p, kinh t\u1ebf t\u00e0i nguy\u00ean m\u00f4i tr\u01b0\u1eddng r\u1eebng, ng\u00e0nh h\u00e0ng l\u00e2m s\u1ea3n v\u00e0 l\u00e2m nghi\u1ec7p c\u1ed9ng \u0111\u1ed3ng.<\/li>\n<\/ul>\n<p><strong>\u0110\u1ecba ch\u1ec9 li\u00ean h\u1ec7<\/strong><\/p>\n<p>T\u00ean \u0111\u01a1n v\u1ecb: Trung t\u00e2m Nghi\u00ean c\u1ee9u Kinh t\u1ebf L\u00e2m nghi\u1ec7p<\/p>\n<p>\u0110\u1ecba ch\u1ec9: S\u1ed146 \u0110\u01b0\u1eddng \u0110\u1ee9c Th\u1eafng, Ph\u01b0\u1eddng \u0110\u00f4ng Ng\u1ea1c, H\u00e0 N\u1ed9i<\/p>\n<p>\u0110i\u1ec7n tho\u1ea1i: 0243.8362230; Webmail: <a href=\"mailto:ferec@vafs.gov.vn\">ferec@vafs.gov.vn<\/a><\/p>\n<p><strong>\u00a0<\/strong><\/p>\n","protected":false},"excerpt":{"rendered":"<p>Quy\u1ebft \u0111\u1ecbnh th\u00e0nh l\u1eadp, ch\u1ee9c n\u0103ng, nhi\u1ec7m v\u1ee5 Trung t\u00e2m Nghi\u00ean c\u1ee9u Kinh t\u1ebf L\u00e2m nghi\u1ec7p (Forestry Economics Research Centre \u2013 FEREC) tr\u1ef1c thu\u1ed9c Vi\u1ec7n Khoa h\u1ecdc L\u00e2m nghi\u1ec7p Vi\u1ec7t Nam, \u0111\u01b0\u1ee3c th\u00e0nh l\u1eadp tr\u00ean c\u01a1 s\u1edf t\u1ed5 ch\u1ee9c l\u1ea1i Ph\u00f2ng Nghi\u00ean c\u1ee9u Kinh t\u1ebf L\u00e2m nghi\u1ec7p theo Quy\u1ebft \u0111\u1ecbnh s\u1ed1 3134\/Q\u0110-BNN-TCCB ng\u00e0y 13\/12\/2012 c\u1ee7a [&hellip;]<\/p>\n","protected":false},"author":2,"featured_media":0,"parent":0,"menu_order":0,"comment_status":"open","ping_status":"open","template":"","meta":[],"_links":{"self":[{"href":"https:\/\/vafs.gov.vn\/vn\/wp-json\/wp\/v2\/pages\/1903"}],"collection":[{"href":"https:\/\/vafs.gov.vn\/vn\/wp-json\/wp\/v2\/pages"}],"about":[{"href":"https:\/\/vafs.gov.vn\/vn\/wp-json\/wp\/v2\/types\/page"}],"author":[{"embeddable":true,"href":"https:\/\/vafs.gov.vn\/vn\/wp-json\/wp\/v2\/users\/2"}],"replies":[{"embeddable":true,"href":"https:\/\/vafs.gov.vn\/vn\/wp-json\/wp\/v2\/comments?post=1903"}],"version-history":[{"count":6,"href":"https:\/\/vafs.gov.vn\/vn\/wp-json\/wp\/v2\/pages\/1903\/revisions"}],"predecessor-version":[{"id":23891,"href":"https:\/\/vafs.gov.vn\/vn\/wp-json\/wp\/v2\/pages\/1903\/revisions\/23891"}],"wp:attachment":[{"href":"https:\/\/vafs.gov.vn\/vn\/wp-json\/wp\/v2\/media?parent=1903"}],"curies":[{"name":"wp","href":"https:\/\/api.w.org\/{rel}","templated":true}]}}