{"id":1902,"date":"2013-08-02T23:55:38","date_gmt":"2013-08-02T16:55:38","guid":{"rendered":"http:\/\/vafs.gov.vn\/vn\/?page_id=1902"},"modified":"2025-09-04T11:17:40","modified_gmt":"2025-09-04T04:17:40","slug":"trung-tam-nghien-cuu-bao-ve-rung","status":"publish","type":"page","link":"https:\/\/vafs.gov.vn\/vn\/trung-tam-nghien-cuu-bao-ve-rung\/","title":{"rendered":"Trung t\u00e2m Nghi\u00ean c\u1ee9u B\u1ea3o v\u1ec7 r\u1eebng"},"content":{"rendered":"<p><strong>Quy\u1ebft \u0111\u1ecbnh th\u00e0nh l\u1eadp:<\/strong><\/p>\n<p>Trung t\u00e2m Nghi\u00ean c\u1ee9u B\u1ea3o v\u1ec7 r\u1eebng (Forest Protection Research Centre &#8211; FPRC) tr\u1ef1c thu\u1ed9c Vi\u1ec7n Khoa h\u1ecdc L\u00e2m nghi\u1ec7p Vi\u1ec7t Nam, \u0111\u01b0\u1ee3c th\u00e0nh l\u1eadp tr\u00ean c\u01a1 s\u1edf n\u00e2ng c\u1ea5p Ph\u00f2ng Nghi\u00ean c\u1ee9u B\u1ea3o v\u1ec7 th\u1ef1c v\u1eadt r\u1eebng theo Quy\u1ebft \u0111\u1ecbnh s\u1ed1 3129\/Q\u0110-BNN-TCCB ng\u00e0y 13\/12\/2012 c\u1ee7a B\u1ed9 tr\u01b0\u1edfng B\u1ed9 N\u00f4ng nghi\u1ec7p v\u00e0 Ph\u00e1t tri\u1ec3n n\u00f4ng th\u00f4n.<\/p>\n<p><a href=\"http:\/\/vafs.gov.vn\/vn\/trung-tam-nghien-cuu-bao-ve-rung\/tt-bvr\/\" rel=\"attachment wp-att-22044\"><img decoding=\"async\" loading=\"lazy\" class=\"aligncenter wp-image-22044 size-medium\" src=\"http:\/\/vafs.gov.vn\/vn\/wp-content\/uploads\/sites\/2\/2022\/07\/TT-BVR-500x242.jpg\" alt=\"\" width=\"500\" height=\"242\" srcset=\"https:\/\/vafs.gov.vn\/vn\/wp-content\/uploads\/sites\/2\/2022\/07\/TT-BVR-500x242.jpg 500w, https:\/\/vafs.gov.vn\/vn\/wp-content\/uploads\/sites\/2\/2022\/07\/TT-BVR-768x372.jpg 768w, https:\/\/vafs.gov.vn\/vn\/wp-content\/uploads\/sites\/2\/2022\/07\/TT-BVR.jpg 834w\" sizes=\"(max-width: 500px) 100vw, 500px\" \/><\/a><\/p>\n<p><strong>C\u01a1 c\u1ea5u t\u1ed5 ch\u1ee9c v\u00e0 nh\u00e2n s\u1ef1:<\/strong><\/p>\n<p>C\u01a1 c\u1ea5u t\u1ed5 ch\u1ee9c c\u1ee7a Trung t\u00e2m g\u1ed3m: Ban l\u00e3nh \u0111\u1ea1o v\u00e0 05 \u0111\u01a1n v\u1ecb tr\u1ef1c thu\u1ed9c.<\/p>\n<p>T\u1ed5ng s\u1ed1 vi\u00ean ch\u1ee9c l\u00e0 29 ng\u01b0\u1eddi: 01 GS. TS, 09 TS, 05 NCS; 05 Th\u1ea1c s\u0129 v\u00e0 09 k\u1ef9 s\u01b0.<\/p>\n<p>Gi\u00e1m \u0111\u1ed1c Trung t\u00e2m: PGS.TS. \u0110\u00e0o Ng\u1ecdc Quang<\/p>\n<p>Ph\u00f3 Gi\u00e1m \u0111\u1ed1c Trung t\u00e2m: TS. Tr\u1ea7n Thanh Tr\u0103ng, TS. L\u00ea V\u0103n B\u00ecnh<\/p>\n<table width=\"626\">\n<tbody>\n<tr>\n<td width=\"55\"><strong>TT<\/strong><\/td>\n<td width=\"281\"><strong>C\u00e1c \u0111\u01a1n v\u1ecb tr\u1ef1c thu\u1ed9c<\/strong><\/td>\n<td width=\"290\"><strong>Tr\u01b0\u1edfng\/ph\u1ee5 tr\u00e1ch \u0111\u01a1n v\u1ecb<\/strong><\/td>\n<\/tr>\n<tr>\n<td width=\"55\">1<\/td>\n<td width=\"281\">V\u0103n Ph\u00f2ng Trung t\u00e2m<\/td>\n<td width=\"290\">TS. Nguy\u1ec5n Th\u1ecb Th\u00fay Nga<\/td>\n<\/tr>\n<tr>\n<td width=\"55\">2<\/td>\n<td width=\"281\">B\u1ed9 m\u00f4n B\u1ec7nh c\u00e2y r\u1eebng<\/td>\n<td width=\"290\">TS. Tr\u1ea7n Xu\u00e2n H\u01b0ng<\/td>\n<\/tr>\n<tr>\n<td width=\"55\">3<\/td>\n<td width=\"281\">B\u1ed9 m\u00f4n C\u00f4n tr\u00f9ng r\u1eebng<\/td>\n<td width=\"290\">ThS. Nguy\u1ec5n V\u0103n Th\u00e0nh<\/td>\n<\/tr>\n<tr>\n<td width=\"55\">4<\/td>\n<td width=\"281\">B\u1ed9 m\u00f4n Ch\u1ecdn gi\u1ed1ng kh\u00e1ng s\u00e2u, b\u1ec7nh<\/td>\n<td width=\"290\">PGS.TS. Nguy\u1ec5n Minh Ch\u00ed<\/td>\n<\/tr>\n<tr>\n<td width=\"55\">5<\/td>\n<td width=\"281\">B\u1ed9 m\u00f4n Vi sinh v\u1eadt B\u1ea3o v\u1ec7 r\u1eebng<\/td>\n<td width=\"290\">TS. V\u0169 V\u0103n \u0110\u1ecbnh<\/td>\n<\/tr>\n<\/tbody>\n<\/table>\n<p><strong>L\u0129nh v\u1ef1c ho\u1ea1t \u0111\u1ed9ng ch\u00ednh:<\/strong><\/p>\n<p>Trung t\u00e2m Nghi\u00ean c\u1ee9u B\u1ea3o v\u1ec7 r\u1eebng c\u00f3 ch\u1ee9c n\u0103ng nghi\u00ean c\u1ee9u khoa h\u1ecdc (bao g\u1ed3m nghi\u00ean c\u1ee9u c\u01a1 b\u1ea3n v\u00e0 nghi\u00ean c\u1ee9u \u1ee9ng d\u1ee5ng), chuy\u1ec3n giao c\u00f4ng ngh\u1ec7, h\u1ee3p t\u00e1c qu\u1ed1c t\u1ebf, t\u01b0 v\u1ea5n v\u00e0 tham gia \u0111\u00e0o t\u1ea1o v\u1ec1 l\u0129nh v\u1ef1c b\u1ea3o v\u1ec7 r\u1eebng trong ph\u1ea1m vi c\u1ea3 n\u01b0\u1edbc theo quy \u0111\u1ecbnh c\u1ee7a ph\u00e1p lu\u1eadt, c\u1ee5 th\u1ec3:<\/p>\n<p>&#8211; X\u00e2y d\u1ef1ng chi\u1ebfn l\u01b0\u1ee3c, quy ho\u1ea1ch, k\u1ebf ho\u1ea1ch 5 n\u0103m v\u00e0 h\u00e0ng n\u0103m, c\u00e1c quy tr\u00ecnh, d\u1ef1 \u00e1n v\u1ec1 khoa h\u1ecdc, c\u00f4ng ngh\u1ec7 trong l\u0129nh v\u1ef1c b\u1ea3o v\u1ec7 r\u1eebng theo quy \u0111\u1ecbnh; t\u1ed5 ch\u1ee9c th\u1ef1c hi\u1ec7n khi \u0111\u01b0\u1ee3c c\u1ea5p c\u00f3 th\u1ea9m quy\u1ec1n ph\u00ea duy\u1ec7t; nghi\u00ean c\u1ee9u c\u01a1 b\u1ea3n c\u00f3 \u0111\u1ecbnh h\u01b0\u1edbng v\u00e0 nghi\u00ean c\u1ee9u \u1ee9ng d\u1ee5ng t\u1ed5ng h\u1ee3p v\u1ec1 b\u1ea3o v\u1ec7 r\u1eebng.<\/p>\n<p>&#8211; X\u00e2y d\u1ef1ng c\u00e1c ti\u00eau chu\u1ea9n qu\u1ed1c gia, quy chu\u1ea9n k\u1ef9 thu\u1eadt qu\u1ed1c gia, \u0111\u1ecbnh m\u1ee9c kinh t\u1ebf, k\u1ef9 thu\u1eadt trong l\u0129nh v\u1ef1c b\u1ea3o v\u1ec7 r\u1eebng; H\u1ee3p t\u00e1c qu\u1ed1c t\u1ebf v\u1ec1 nghi\u00ean c\u1ee9u, chuy\u1ec3n giao c\u00f4ng ngh\u1ec7, h\u1ee3p t\u00e1c chuy\u00ean gia v\u00e0 \u0111\u00e0o t\u1ea1o ngu\u1ed3n nh\u00e2n l\u1ef1c trong l\u0129nh v\u1ef1c B\u1ea3o v\u1ec7 r\u1eebng v\u1edbi c\u00e1c t\u1ed5 ch\u1ee9c theo quy \u0111\u1ecbnh c\u1ee7a ph\u00e1p lu\u1eadt.<\/p>\n<p>&#8211; Th\u1ef1c hi\u1ec7n c\u00e1c d\u1ecbch v\u1ee5 KH&amp;CN; H\u1ee3p \u0111\u1ed3ng d\u1ecbch v\u1ee5 t\u01b0 v\u1ea5n; H\u1ee3p \u0111\u1ed3ng li\u00ean doanh, li\u00ean k\u1ebft v\u1ec1 nghi\u00ean c\u1ee9u KH&amp;CN; Tri\u1ec3n khai th\u1ef1c nghi\u1ec7m, s\u1ea3n xu\u1ea5t th\u1eed tr\u00ean c\u01a1 s\u1edf \u1ee9ng d\u1ee5ng k\u1ebft qu\u1ea3 nghi\u00ean c\u1ee9u thu\u1ed9c l\u0129nh v\u1ef1c b\u1ea3o v\u1ec7 th\u1ef1c v\u1eadt v\u1edbi c\u00e1c t\u1ed5 ch\u1ee9c trong n\u01b0\u1edbc theo quy \u0111\u1ecbnh c\u1ee7a ph\u00e1p lu\u1eadt.<\/p>\n<p>&#8211; S\u1ea3n xu\u1ea5t kinh doanh ph\u00f9 h\u1ee3p v\u1edbi l\u0129nh v\u1ef1c ho\u1ea1t \u0111\u1ed9ng c\u1ee7a Trung t\u00e2m theo \u0111\u00fang quy \u0111\u1ecbnh c\u1ee7a ph\u00e1p lu\u1eadt.<\/p>\n<p><strong>C\u01a1 s\u1edf V\u1eadt ch\u1ea5t:<\/strong><\/p>\n<table width=\"669\">\n<tbody>\n<tr>\n<td width=\"338\">&#8211; V\u0103n ph\u00f2ng l\u00e0m vi\u1ec7c t\u1ea1i t\u1ea7ng 3 nh\u00e0 7 t\u1ea7ng.<\/td>\n<td width=\"331\">&#8211; Ph\u00f2ng th\u00ed nghi\u1ec7m gi\u00e1m \u0111\u1ecbnh s\u00e2u, b\u1ec7nh h\u1ea1i.<\/td>\n<\/tr>\n<tr>\n<td width=\"338\">&#8211; Ph\u00f2ng th\u00ed nghi\u1ec7m B\u1ec7nh c\u00e2y.<\/td>\n<td width=\"331\">&#8211; Ph\u00f2ng th\u00ed nghi\u1ec7m Vi sinh.<\/td>\n<\/tr>\n<tr>\n<td width=\"338\">&#8211; Ph\u00f2ng th\u00ed nghi\u1ec7m C\u00f4n tr\u00f9ng.<\/td>\n<td width=\"331\">&#8211; V\u01b0\u1eddn \u01b0\u01a1m ph\u1ee5c v\u1ee5 nhi\u00ean c\u1ee9u.<\/td>\n<\/tr>\n<\/tbody>\n<\/table>\n<p><strong>Nh\u1eefng th\u00e0nh t\u00edch \u0111\u00e3 \u0111\u1ea1t \u0111\u01b0\u1ee3c:<\/strong><\/p>\n<p>&#8211; Nghi\u00ean c\u1ee9u, x\u00e1c \u0111\u1ecbnh th\u00e0nh ph\u1ea7n c\u00e1c lo\u00e0i s\u00e2u, b\u1ec7nh h\u1ea1i cho 25 lo\u00e0i c\u00e2y ch\u00ednh (Keo tai t\u01b0\u1ee3ng, keo lai, Keo l\u00e1 tr\u00e0m, Th\u00f4ng nh\u1ef1a, Th\u00f4ng m\u00e3 v\u0129, Th\u00f4ng ba l\u00e1, Th\u00f4ng caribe, b\u1ea1ch \u0111\u00e0n lai, B\u1ea1ch \u0111\u00e0n uro, B\u1ea1ch \u0111\u00e0n camal, Cao su, D\u1ea7u r\u00e1i, Sao \u0111en, Lu\u1ed3ng, B\u1ed3 \u0111\u1ec1, Qu\u1ebf, Phi lao, S\u01a1n tra, L\u00e1t hoa, H\u1ed3i, M\u1ee1, Sa m\u1ed9c, Tr\u00e0m l\u00e1 d\u00e0i, Tr\u00e0m ta, Tr\u00f4m) thu\u1ed9c 9 v\u00f9ng sinh th\u00e1i. Nghi\u00ean c\u1ee9u \u0111\u1eb7c \u0111i\u1ec3m sinh h\u1ecdc, sinh th\u00e1i h\u1ecdc, \u0111\u1eb7c \u0111i\u1ec3m g\u00e2y h\u1ea1i v\u00e0 x\u00e2y d\u1ef1ng, chuy\u1ec3n giao c\u00e1c quy tr\u00ecnh k\u1ef9 thu\u1eadt, h\u01b0\u1edbng d\u1eabn k\u1ef9 thu\u1eadt ph\u00f2ng ch\u1ed1ng c\u00e1c lo\u1ea1i s\u00e2u, b\u1ec7nh h\u1ea1i ch\u1ee7 y\u1ebfu.<\/p>\n<p>&#8211; Thu th\u1eadp v\u00e0 l\u01b0u tr\u1eef ngu\u1ed3n gi\u1ed1ng c\u00e1c lo\u1ea1i n\u1ea5m \u0103n v\u00e0 n\u1ea5m d\u01b0\u1ee3c li\u1ec7u qu\u00ed (n\u1ea5m \u0110\u00f4ng tr\u00f9ng h\u1ea1 th\u1ea3o, n\u1ea5m Linh chi) ph\u1ee5c v\u1ee5 cho nghi\u00ean c\u1ee9u v\u00e0 s\u1ea3n xu\u1ea5t gi\u1ed1ng cung c\u1ea5p cho c\u00e1c c\u01a1 s\u1edf s\u1ea3n xu\u1ea5t. Gi\u00e1m \u0111\u1ecbnh \u0111\u01b0\u1ee3c 26 lo\u00e0i n\u1ea5m \u0110\u00f4ng tr\u00f9ng h\u1ea1 th\u1ea3o \u1edf Vi\u1ec7t Nam trong \u0111\u00f3 c\u00f3 24 lo\u00e0i n\u1ea5m l\u1ea7n \u0111\u1ea7u ti\u00ean \u0111\u01b0\u1ee3c ph\u00e1t hi\u1ec7n c\u00f3 \u1edf Vi\u1ec7t Nam. Nu\u00f4i tr\u1ed3ng th\u00e0nh c\u00f4ng n\u1ea5m \u0110\u00f4ng tr\u00f9ng h\u1ea1 th\u1ea3o <em>Cordyceps militaris<\/em> tr\u00ean m\u00f4i tr\u01b0\u1eddng nh\u00e2n t\u1ea1o.<\/p>\n<p>&#8211; Nghi\u00ean c\u1ee9u v\u00e0 x\u00e2y d\u1ef1ng quy tr\u00ecnh s\u1ea3n xu\u1ea5t v\u00e0 \u1ee9ng d\u1ee5ng c\u00e1c ch\u1ebf ph\u1ea9m Mycorrhiza cho Sao \u0111en, ch\u1ebf ph\u1ea9m Frankia cho Phi lao; ch\u1ebf ph\u1ea9m vi sinh h\u1ed7n h\u1ee3p d\u1ea1ng vi\u00ean n\u00e9n MF1 cho th\u00f4ng v\u00e0 MF2 cho b\u1ea1ch \u0111\u00e0n ph\u1ee5c v\u1ee5 tr\u1ed3ng r\u1eebng l\u00e0m t\u0103ng n\u0103ng su\u1ea5t v\u00e0 ch\u1ea5t l\u01b0\u1ee3ng c\u00e2y tr\u1ed3ng; gi\u1ea3m l\u01b0\u1ee3ng ph\u00e2n b\u00f3n v\u00e0 thu\u1ed1c b\u1ea3o v\u1ec7 th\u1ef1c v\u1eadt h\u00f3a h\u1ecdc; c\u00e2y tr\u1ed3ng kh\u1ecfe m\u1ea1nh, kh\u1ea3 n\u0103ng ch\u1ed1ng s\u00e2u b\u1ec7nh cao; g\u00f3p ph\u1ea7n c\u1ea3i t\u1ea1o \u0111\u1ea5t, b\u1ea3o v\u1ec7 m\u00f4i tr\u01b0\u1eddng sinh th\u00e1i v\u00e0 gi\u1ea3m chi ph\u00ed cho tr\u1ed3ng r\u1eebng.<\/p>\n<p>&#8211; Nghi\u00ean c\u1ee9u v\u00e0 s\u1ea3n xu\u1ea5t ch\u1ebf ph\u1ea9m vi sinh ph\u00e2n gi\u1ea3i nhanh v\u1eadt li\u1ec7u ch\u00e1y d\u01b0\u1edbi t\u00e1n r\u1eebng nh\u1eb1m h\u1ea1n ch\u1ebf nguy c\u01a1 ch\u00e1y r\u1eebng.<\/p>\n<p>&#8211; X\u00e1c \u0111\u1ecbnh nguy\u00ean nh\u00e2n v\u00e0 bi\u1ec7n ph\u00e1p ph\u00f2ng ch\u1ed1ng ch\u00e1y r\u1eebng, d\u1ef1 t\u00ednh d\u1ef1 b\u00e1o ch\u00e1y r\u1eebng.<\/p>\n<p>&#8211; X\u00e2y d\u1ef1ng b\u1ed9 m\u1eabu c\u00f4n tr\u00f9ng v\u00e0 b\u1ec7nh c\u00e2y v\u1edbi tr\u00ean 2.000 m\u1eabu.<\/p>\n<p>&#8211; Ph\u00e1t hi\u1ec7n v\u00e0 c\u00f4ng b\u1ed1 31 lo\u00e0i n\u1ea5m m\u1edbi cho khoa h\u1ecdc.<\/p>\n<p>&#8211; C\u00f4ng b\u1ed1 70 b\u00e0i b\u00e1o tr\u00ean c\u00e1c t\u1ea1p ch\u00ed qu\u1ed1c t\u1ebf, 120 b\u00e0i b\u00e1o tr\u00ean c\u00e1c t\u1ea1p ch\u00ed trong n\u01b0\u1edbc, 03 quy\u1ec3n s\u00e1ch.<\/p>\n<p>&#8211; \u0110\u01b0\u1ee3c NN v\u00e0 PTNT c\u00f4ng nh\u1eadn 05 TBKT; x\u00e2y d\u1ef1ng 02 TCVN v\u1ec1 ph\u00f2ng tr\u1eeb s\u00e2u b\u1ec7nh h\u1ea1i c\u00e2y r\u1eebng; 05 quy tr\u00ecnh k\u1ef9 thu\u1eadt c\u1ea5p c\u01a1 s\u1edf. \u0110\u0103ng k\u00fd 05 gi\u1ea3i ph\u00e1p h\u1eefu \u00edch v\u1edbi C\u1ee5c S\u1edf h\u1eefu tr\u00ed tu\u1ec7. \u0110\u1ed3ng t\u00e1c gi\u1ea3 c\u1ee7a 19 gi\u1ed1ng c\u00e2y tr\u1ed3ng l\u00e2m nghi\u1ec7p kh\u00e1ng b\u1ec7nh (02 Gi\u1ed1ng Qu\u1ed1c gia, 17 Gi\u1ed1ng TBKT).<\/p>\n<p>&#8211; 01 gi\u1ea3i Vifotech, 01 gi\u1ea3i th\u01b0\u1edfng B\u00f4ng l\u00faa v\u00e0ng Vi\u1ec7t Nam l\u1ea7n th\u1ee9 nh\u1ea5t cho gi\u1ed1ng keo lai AH7 sinh tr\u01b0\u1edfng nhanh ch\u1ed1ng ch\u1ecbu b\u1ec7nh. 01 gi\u1ea3i th\u01b0\u1edfng B\u00f4ng l\u00faa v\u00e0ng Vi\u1ec7t Nam l\u1ea7n th\u1ee9 hai cho gi\u1ed1ng Keo l\u00e1 tr\u00e0m AA9 sinh tr\u01b0\u1edfng nhanh ch\u1ed1ng ch\u1ecbu b\u1ec7nh.<\/p>\n<p><strong>C\u00e1c th\u00e0nh t\u00edch \u0111\u00e3 \u0111\u01b0\u1ee3c khen th\u01b0\u1edfng <\/strong><\/p>\n<table width=\"645\">\n<tbody>\n<tr>\n<td width=\"47\"><strong>N\u0103m<\/strong><\/td>\n<td width=\"163\"><strong>H\u00ecnh th\u1ee9c khen th\u01b0\u1edfng<\/strong><\/td>\n<td width=\"435\"><strong>S\u1ed1, ng\u00e0y, th\u00e1ng, n\u0103m c\u1ee7a quy\u1ebft \u0111\u1ecbnh khen th\u01b0\u1edfng; c\u01a1 quan ban h\u00e0nh quy\u1ebft \u0111\u1ecbnh<\/strong><\/td>\n<\/tr>\n<tr>\n<td width=\"47\">2013<\/td>\n<td width=\"163\">B\u1eb1ng khen c\u1ee7a Th\u1ee7 t\u01b0\u1edbng Ch\u00ednh ph\u1ee7<\/td>\n<td width=\"435\">Quy\u1ebft \u0111\u1ecbnh s\u1ed1 2103\/Q\u0110\/TTG ng\u00e0y 10\/11\/2013 c\u1ee7a Th\u1ee7 t\u01b0\u1edbng Ch\u00ednh ph\u1ee7<\/td>\n<\/tr>\n<tr>\n<td width=\"47\">2019<\/td>\n<td width=\"163\">B\u1eb1ng khen c\u1ee7a B\u1ed9 tr\u01b0\u1edfng B\u1ed9 N v\u00e0 PTNT<\/td>\n<td width=\"435\">Quy\u1ebft \u0111\u1ecbnh s\u1ed1 4979\/Q\u0110-BNN-TCCB ng\u00e0y 8\/12\/2020 c\u1ee7a B\u1ed9 tr\u01b0\u1edfng N\u00f4ng nghi\u1ec7p v\u00e0 Ph\u00e1t tri\u1ec3n n\u00f4ng th\u00f4n<\/td>\n<\/tr>\n<tr>\n<td width=\"47\">2021<\/td>\n<td width=\"163\">C\u1edd thi \u0111ua c\u1ee7a Ch\u00ednh ph\u1ee7<\/td>\n<td width=\"435\">Quy\u1ebft \u0111\u1ecbnh s\u1ed1 1119\/Q\u0110-TTg ng\u00e0y 09\/7\/2021 c\u1ee7a Th\u1ee7 t\u01b0\u1edbng Ch\u00ednh ph\u1ee7<\/td>\n<\/tr>\n<\/tbody>\n<\/table>\n<p><strong>\u0110\u1ecbnh h\u01b0\u1edbng ph\u00e1t tri\u1ec3n:<\/strong><\/p>\n<p>&#8211; Nghi\u00ean c\u1ee9u c\u01a1 s\u1edf khoa h\u1ecdc, d\u1ef1 t\u00ednh d\u1ef1 b\u00e1o v\u00e0 c\u1ea3nh b\u00e1o nguy c\u01a1 d\u1ecbch s\u00e2u, b\u1ec7nh h\u1ea1i r\u1eebng, ch\u00e1y r\u1eebng.<\/p>\n<p>&#8211; Nghi\u00ean c\u1ee9u gi\u1ea3i ph\u00e1p khoa h\u1ecdc c\u00f4ng ngh\u1ec7 cho ph\u00f2ng ch\u1ed1ng d\u1ecbch s\u00e2u, b\u1ec7nh h\u1ea1i, ph\u00f2ng ch\u1ed1ng ch\u00e1y r\u1eebng \u0111\u1ed1i v\u1edbi r\u1eebng tr\u1ed3ng t\u1eadp trung thu\u1ea7n lo\u00e0i.<\/p>\n<p>&#8211; Nghi\u00ean c\u1ee9u ch\u1ecdn t\u1ea1o gi\u1ed1ng c\u00e2y tr\u1ed3ng l\u00e2m nghi\u1ec7p c\u00f3 n\u0103ng su\u1ea5t cao, c\u00f3 kh\u1ea3 n\u0103ng ch\u1ed1ng ch\u1ecbu s\u00e2u, b\u1ec7nh h\u1ea1i v\u00e0 th\u00edch \u1ee9ng v\u1edbi bi\u1ebfn \u0111\u1ed5i kh\u00ed h\u1eadu (ch\u1ecbu r\u00e9t, ch\u1ecbu m\u1eb7n, ch\u1ecbu gi\u00f3, ch\u1ecbu h\u1ea1n).<\/p>\n<p>&#8211; Nghi\u00ean c\u1ee9u s\u1ea3n xu\u1ea5t ch\u1ebf ph\u1ea9m sinh h\u1ecdc \u0111\u1ec3 k\u00edch kh\u00e1ng, ph\u00f2ng ch\u1ed1ng s\u00e2u, b\u1ec7nh h\u1ea1i, t\u0103ng n\u0103ng su\u1ea5t r\u1eebng tr\u1ed3ng, ph\u00e2n h\u1ee7y nhanh v\u1eadt li\u1ec7u ch\u00e1y d\u01b0\u1edbi t\u00e1n r\u1eebng v\u00e0 th\u00e2n thi\u1ec7n v\u1edbi m\u00f4i tr\u01b0\u1eddng.<\/p>\n<p>&#8211; Nghi\u00ean c\u1ee9u x\u00e2y d\u1ef1ng quy tr\u00ecnh nu\u00f4i tr\u1ed3ng n\u1ea5m \u0103n v\u00e0 n\u1ea5m d\u01b0\u1ee3c li\u1ec7u c\u00f3 gi\u00e1 tr\u1ecb kinh t\u1ebf cao d\u01b0\u1edbi t\u00e1n r\u1eebng.<\/p>\n<p><strong>\u0110\u1ecba ch\u1ec9<\/strong>: S\u1ed1 46 \u0110\u01b0\u1eddng \u0110\u1ee9c Th\u1eafng, Ph\u01b0\u1eddng \u0110\u00f4ng Ng\u1ea1c, H\u00e0 N\u1ed9i<\/p>\n<p>\u0110i\u1ec7n tho\u1ea1i: 0243.8362376\u00a0\u00a0\u00a0\u00a0\u00a0\u00a0\u00a0\u00a0\u00a0\u00a0\u00a0\u00a0\u00a0\u00a0\u00a0\u00a0\u00a0 Website: <u>http:\/\/www.fprc.org.vn <\/u><\/p>\n","protected":false},"excerpt":{"rendered":"<p>Quy\u1ebft \u0111\u1ecbnh th\u00e0nh l\u1eadp: Trung t\u00e2m Nghi\u00ean c\u1ee9u B\u1ea3o v\u1ec7 r\u1eebng (Forest Protection Research Centre &#8211; FPRC) tr\u1ef1c thu\u1ed9c Vi\u1ec7n Khoa h\u1ecdc L\u00e2m nghi\u1ec7p Vi\u1ec7t Nam, \u0111\u01b0\u1ee3c th\u00e0nh l\u1eadp tr\u00ean c\u01a1 s\u1edf n\u00e2ng c\u1ea5p Ph\u00f2ng Nghi\u00ean c\u1ee9u B\u1ea3o v\u1ec7 th\u1ef1c v\u1eadt r\u1eebng theo Quy\u1ebft \u0111\u1ecbnh s\u1ed1 3129\/Q\u0110-BNN-TCCB ng\u00e0y 13\/12\/2012 c\u1ee7a B\u1ed9 tr\u01b0\u1edfng B\u1ed9 N\u00f4ng nghi\u1ec7p [&hellip;]<\/p>\n","protected":false},"author":2,"featured_media":0,"parent":0,"menu_order":0,"comment_status":"open","ping_status":"open","template":"","meta":[],"_links":{"self":[{"href":"https:\/\/vafs.gov.vn\/vn\/wp-json\/wp\/v2\/pages\/1902"}],"collection":[{"href":"https:\/\/vafs.gov.vn\/vn\/wp-json\/wp\/v2\/pages"}],"about":[{"href":"https:\/\/vafs.gov.vn\/vn\/wp-json\/wp\/v2\/types\/page"}],"author":[{"embeddable":true,"href":"https:\/\/vafs.gov.vn\/vn\/wp-json\/wp\/v2\/users\/2"}],"replies":[{"embeddable":true,"href":"https:\/\/vafs.gov.vn\/vn\/wp-json\/wp\/v2\/comments?post=1902"}],"version-history":[{"count":7,"href":"https:\/\/vafs.gov.vn\/vn\/wp-json\/wp\/v2\/pages\/1902\/revisions"}],"predecessor-version":[{"id":23894,"href":"https:\/\/vafs.gov.vn\/vn\/wp-json\/wp\/v2\/pages\/1902\/revisions\/23894"}],"wp:attachment":[{"href":"https:\/\/vafs.gov.vn\/vn\/wp-json\/wp\/v2\/media?parent=1902"}],"curies":[{"name":"wp","href":"https:\/\/api.w.org\/{rel}","templated":true}]}}