{"id":1901,"date":"2013-08-02T23:55:27","date_gmt":"2013-08-02T16:55:27","guid":{"rendered":"http:\/\/vafs.gov.vn\/vn\/?page_id=1901"},"modified":"2025-09-04T11:19:44","modified_gmt":"2025-09-04T04:19:44","slug":"trung-tam-nghien-cuu-lam-san-ngoai-go","status":"publish","type":"page","link":"https:\/\/vafs.gov.vn\/vn\/trung-tam-nghien-cuu-lam-san-ngoai-go\/","title":{"rendered":"Trung t\u00e2m Nghi\u00ean c\u1ee9u L\u00e2m s\u1ea3n ngo\u00e0i g\u1ed7"},"content":{"rendered":"<p><strong>Quy\u1ebft \u0111\u1ecbnh th\u00e0nh l\u1eadp:<\/strong><\/p>\n<p>Trung t\u00e2m Nghi\u00ean c\u1ee9u L\u00e2m s\u1ea3n ngo\u00e0i g\u1ed7 (Non Timber Forest Products Research Centre &#8211; NTFPRC) tr\u1ef1c thu\u1ed9c Vi\u1ec7n Khoa h\u1ecdc L\u00e2m nghi\u1ec7p Vi\u1ec7t Nam, \u0111\u01b0\u1ee3c th\u00e0nh l\u1eadp tr\u00ean c\u01a1 s\u1edf t\u1ed5 ch\u1ee9c, s\u1eafp x\u1ebfp l\u1ea1i Trung t\u00e2m Nghi\u00ean c\u1ee9u L\u00e2m \u0111\u1eb7c s\u1ea3n theo Quy\u1ebft \u0111\u1ecbnh s\u1ed1 3131\/Q\u0110-BNN-TCCB ng\u00e0y 13\/12\/2012 c\u1ee7a B\u1ed9 tr\u01b0\u1edfng B\u1ed9 N\u00f4ng nghi\u1ec7p v\u00e0 Ph\u00e1t tri\u1ec3n N\u00f4ng th\u00f4n.<\/p>\n<p><a href=\"http:\/\/vafs.gov.vn\/vn\/trung-tam-nghien-cuu-lam-san-ngoai-go\/tt-lsng\/\" rel=\"attachment wp-att-22046\"><img decoding=\"async\" loading=\"lazy\" class=\"aligncenter wp-image-22046 size-medium\" src=\"http:\/\/vafs.gov.vn\/vn\/wp-content\/uploads\/sites\/2\/2022\/07\/TT-LSNG-500x272.jpg\" alt=\"\" width=\"500\" height=\"272\" srcset=\"https:\/\/vafs.gov.vn\/vn\/wp-content\/uploads\/sites\/2\/2022\/07\/TT-LSNG-500x272.jpg 500w, https:\/\/vafs.gov.vn\/vn\/wp-content\/uploads\/sites\/2\/2022\/07\/TT-LSNG-768x418.jpg 768w, https:\/\/vafs.gov.vn\/vn\/wp-content\/uploads\/sites\/2\/2022\/07\/TT-LSNG.jpg 925w\" sizes=\"(max-width: 500px) 100vw, 500px\" \/><\/a><\/p>\n<p><strong>C\u01a1 c\u1ea5u t\u1ed5 ch\u1ee9c v\u00e0 nh\u00e2n s\u1ef1:<\/strong><\/p>\n<p>C\u01a1 c\u1ea5u t\u1ed5 ch\u1ee9c c\u1ee7a Trung t\u00e2m g\u1ed3m: Ban l\u00e3nh \u0111\u1ea1o v\u00e0 06 \u0111\u01a1n v\u1ecb tr\u1ef1c thu\u1ed9c.<\/p>\n<p>T\u1ed5ng s\u1ed1 vi\u00ean ch\u1ee9c, lao \u0111\u1ed9ng h\u1ee3p \u0111\u1ed3ng l\u00e0 38 ng\u01b0\u1eddi, trong \u0111\u00f3: 01 Ph\u00f3 Gi\u00e1o s\u01b0, Ti\u1ebfn s\u0129; 01 Ti\u1ebfn s\u0129, 03 Nghi\u00ean c\u1ee9u sinh, 11 Th\u1ea1c s\u1ef9, 12 K\u1ef9 s\u01b0 v\u00e0 C\u1eed nh\u00e2n, 10 Cao \u0111\u1eb3ng v\u00e0 K\u1ef9 thu\u1eadt vi\u00ean.<\/p>\n<p>Gi\u00e1m \u0111\u1ed1c: TS. Phan V\u0103n Th\u1eafng<\/p>\n<p>Ph\u00f3 Gi\u00e1m \u0111\u1ed1c:\u00a0 ThS. Ph\u00f9ng Nhu\u1ec7 Giang.<\/p>\n<table width=\"652\">\n<tbody>\n<tr>\n<td width=\"36\"><strong>TT<\/strong><\/td>\n<td width=\"325\"><strong>C\u00e1c \u0111\u01a1n v\u1ecb tr\u1ef1c thu\u1ed9c<\/strong><\/td>\n<td width=\"291\"><strong>Tr\u01b0\u1edfng \u0111\u01a1n v\u1ecb<\/strong><\/td>\n<\/tr>\n<tr>\n<td width=\"36\">1<\/td>\n<td width=\"325\">V\u0103n Ph\u00f2ng Trung t\u00e2m<\/td>\n<td width=\"291\">ThS. Nguy\u1ec5n L\u00e2m Tu\u1ea5n<\/td>\n<\/tr>\n<tr>\n<td width=\"36\">2<\/td>\n<td width=\"325\">B\u1ed9 m\u00f4n T\u00e0i nguy\u00ean L\u00e2m s\u1ea3n ngo\u00e0i g\u1ed7<\/td>\n<td width=\"291\">ThS. T\u1ea1 Minh Quang<\/td>\n<\/tr>\n<tr>\n<td width=\"36\">3<\/td>\n<td width=\"325\">B\u1ed9 m\u00f4n K\u1ef9 thu\u1eadt G\u00e2y nu\u00f4i tr\u1ed3ng<\/td>\n<td width=\"291\">ThS. Nguy\u1ec5n Th\u1ecb Chuy\u1ec1n<\/td>\n<\/tr>\n<tr>\n<td width=\"36\">4<\/td>\n<td width=\"325\">B\u1ed9 m\u00f4n Ch\u1ebf bi\u1ebfn L\u00e2m s\u1ea3n ngo\u00e0i g\u1ed7<\/td>\n<td width=\"291\">TS. Phan V\u0103n Th\u1eafng (ph\u1ee5 tr\u00e1ch)<\/td>\n<\/tr>\n<tr>\n<td width=\"36\">5<\/td>\n<td width=\"325\">Tr\u1ea1m Nghi\u00ean c\u1ee9u Th\u1ef1c nghi\u1ec7m Ho\u00e0nh B\u1ed3<\/td>\n<td width=\"291\">ThS. Tr\u01b0\u01a1ng Tu\u1ea5n Anh<\/td>\n<\/tr>\n<tr>\n<td width=\"36\">6<\/td>\n<td width=\"325\">Tr\u1ea1m Nghi\u00ean c\u1ee9u Th\u1ef1c nghi\u1ec7m M\u00e2y, Tre<\/td>\n<td width=\"291\">ThS. Ph\u00f9ng Nhu\u1ec7 Giang (ph\u1ee5 tr\u00e1ch)<\/td>\n<\/tr>\n<\/tbody>\n<\/table>\n<p><strong>L\u0129nh v\u1ef1c ho\u1ea1t \u0111\u1ed9ng ch\u00ednh:<\/strong><\/p>\n<p>Trung t\u00e2m Nghi\u00ean c\u1ee9u L\u00e2m s\u1ea3n ngo\u00e0i g\u1ed7 c\u00f3 ch\u1ee9c n\u0103ng nghi\u00ean c\u1ee9u khoa h\u1ecdc, chuy\u1ec3n giao c\u00f4ng ngh\u1ec7, h\u1ee3p t\u00e1c qu\u1ed1c t\u1ebf, t\u01b0 v\u1ea5n d\u1ecbch v\u1ee5 v\u00e0 tham gia \u0111\u00e0o t\u1ea1o v\u1ec1 l\u0129nh v\u1ef1c l\u00e2m s\u1ea3n ngo\u00e0i g\u1ed7 (LSNG) tr\u00ean ph\u1ea1m vi c\u1ea3 n\u01b0\u1edbc, theo quy \u0111\u1ecbnh c\u1ee7a ph\u00e1p lu\u1eadt, c\u1ee5 th\u1ec3:<\/p>\n<p>&#8211; Nghi\u00ean c\u1ee9u c\u01a1 b\u1ea3n c\u00f3 \u0111\u1ecbnh h\u01b0\u1edbng, nghi\u00ean c\u1ee9u \u1ee9ng d\u1ee5ng t\u00f4\u0309ng h\u01a1\u0323p v\u1ec1 l\u00e2m s\u1ea3n ngo\u00e0i g\u1ed7 theo quy \u0111i\u0323nh cu\u0309a pha\u0301p lu\u00e2\u0323t;<\/p>\n<p>&#8211; X\u00e2y d\u1ef1ng c\u00e1c ti\u00eau chu\u1ea9n qu\u1ed1c gia, quy chu\u1ea9n k\u1ef9 thu\u1eadt qu\u1ed1c gia, \u0111\u1ecbnh m\u1ee9c kinh t\u1ebf k\u1ef9 thu\u1eadt, k\u1ef9 thu\u1eadt l\u00e2m s\u1ea3n ngo\u00e0i g\u1ed7 theo nhi\u1ec7m v\u1ee5 \u0111\u01b0\u1ee3c giao v\u00e0 quy \u0111\u1ecbnh c\u1ee7a ph\u00e1p lu\u1eadt;<\/p>\n<p>&#8211; H\u1ee3p t\u00e1c qu\u1ed1c t\u1ebf, li\u00ean doanh, li\u00ean k\u1ebft v\u1ec1 nghi\u00ean c\u1ee9u khoa h\u1ecdc, ph\u00e1t tri\u1ec3n c\u00f4ng ngh\u1ec7; tham gia \u0111\u00e0o t\u1ea1o, b\u1ed3i d\u01b0\u1ee1ng ngu\u1ed3n nh\u00e2n l\u1ef1c v\u1ec1 khoa h\u1ecdc v\u00e0 c\u00f4ng ngh\u1ec7 v\u1ec1 LSNG;<\/p>\n<p>&#8211; Th\u1ef1c hi\u1ec7n c\u00e1c d\u1ecbch v\u1ee5 khoa h\u1ecdc c\u00f4ng ngh\u1ec7; chuy\u1ec3n giao khoa h\u1ecdc, c\u00f4ng ngh\u1ec7 v\u1ec1 l\u0129nh v\u1ef1c LSNG v\u00e0o s\u1ea3n xu\u1ea5t;<\/p>\n<p>&#8211; T\u01b0 v\u00e2\u0301n l\u1eadp d\u1ef1 \u00e1n; t\u01b0 v\u1ea5n gi\u00e1m \u0111\u1ecbnh, gi\u00e1m s\u00e1t, th\u1ea9m tra, th\u1ea9m \u0111\u1ecbnh h\u1ed3 s\u01a1, d\u1ef1 to\u00e1n c\u00e1c ch\u01b0\u01a1ng tr\u00ecnh, d\u1ef1 \u00e1n \u0111\u1ea7u t\u01b0 l\u00e2m nghi\u1ec7p, kinh doanh, xu\u1ea5t kh\u1ea9u, nh\u1eadp kh\u1ea9u c\u00e1c s\u1ea3n ph\u1ea9m v\u00e0 c\u00f4ng ngh\u1ec7 ph\u00f9 h\u1ee3p c\u00f3 li\u00ean quan \u0111\u1ebfn l\u0129nh v\u1ef1c LSNG.<\/p>\n<p><strong>C\u01a1 s\u1edf v\u1eadt ch\u1ea5t<\/strong><\/p>\n<p>&#8211; V\u0103n ph\u00f2ng Trung t\u00e2m t\u1ea1i H\u00e0 N\u1ed9i: Di\u1ec7n t\u00edch 2.260 m<sup>2<\/sup>; Ph\u00f2ng l\u00e0m vi\u1ec7c, Ph\u00f2ng th\u00ed nghi\u1ec7m c\u00f4ng ngh\u1ec7 sinh h\u1ecdc v\u00e0 ph\u00f2ng Ch\u1ebf bi\u1ebfn LSNG v\u1edbi \u0111\u1ea7y \u0111\u1ee7 trang thi\u1ebft b\u1ecb .<\/p>\n<p>&#8211; Tr\u1ea1m Nghi\u00ean c\u1ee9u Th\u1ef1c nghi\u1ec7m LSNG t\u1ea1i Qu\u1ea3ng Ninh: H\u1ec7 th\u1ed1ng nh\u00e0 l\u00e0m vi\u1ec7c 2 t\u1ea7ng v\u00e0 nh\u00e0 l\u00e0m vi\u1ec7c 1 t\u1ea7ng; H\u1ec7 th\u1ed1ng v\u01b0\u1eddn \u01b0\u01a1m c\u00f4ng ngh\u1ec7 cao 5.000 m<sup>2<\/sup> quy m\u00f4 s\u1ea3n xu\u1ea5t 1 tri\u1ec7u c\u00e2y\/n\u0103m.<\/p>\n<p>&#8211; Tr\u1ea1m Nghi\u00ean c\u1ee9u Th\u1ef1c nghi\u1ec7m M\u00e2y, Tre t\u1ea1i L\u00e0o Cai: H\u1ec7 th\u1ed1ng nh\u00e0 l\u00e0m vi\u1ec7c 2 t\u1ea7ng di\u1ec7n t\u00edch 250 m<sup>2<\/sup>; H\u1ec7 th\u1ed1ng v\u01b0\u1eddn \u01b0\u01a1m c\u00f4ng ngh\u1ec7 cao 3.000 m<sup>2<\/sup> quy m\u00f4 s\u1ea3n xu\u1ea5t 0,5 tri\u1ec7u c\u00e2y\/n\u0103m; 105 ha m\u00f4 h\u00ecnh r\u1eebng th\u00ed nghi\u1ec7m v\u00e0 \u0111\u1ea5t l\u00e2m nghi\u1ec7p ph\u1ee5c v\u1ee5 nghi\u00ean c\u1ee9u; Di\u1ec7n t\u00edch 227,5 ha m\u00f4 h\u00ecnh r\u1eebng th\u00ed nghi\u1ec7m v\u00e0 \u0111\u1ea5t l\u00e2m nghi\u1ec7p ph\u1ee5c v\u1ee5 nghi\u00ean c\u1ee9u.<\/p>\n<p><strong>Nh\u1eefng th\u00e0nh t\u00edch \u0111\u00e3 \u0111\u1ea1t \u0111\u01b0\u1ee3c<\/strong><\/p>\n<p>&#8211; 01 gi\u1ed1ng Sa nh\u00e2n t\u00edm m\u1edbi \u2013 SNT.HB.018 c\u00f3 n\u0103ng su\u1ea5t cao, t\u00ednh ch\u1ed1ng ch\u1ecbu t\u1ed1t v\u00e0 \u0111\u01b0\u1ee3c trao gi\u1ea3i th\u01b0\u1edfng B\u00f4ng l\u00faa v\u00e0ng l\u1ea7n th\u1ee9 3 n\u0103m 2018;<\/p>\n<p>&#8211; Tuy\u1ec3n ch\u1ecdn 1.600 c\u00e2y tr\u1ed9i; x\u00e2y d\u1ef1ng tr\u00ean 500 ha r\u1eebng gi\u1ed1ng chuy\u1ec3n h\u00f3a; 100 ha m\u00f4 h\u00ecnh kh\u1ea3o nghi\u1ec7m h\u1eadu th\u1ebf k\u1ebft h\u1ee3p v\u1edbi l\u00e0m v\u01b0\u1eddn gi\u1ed1ng, r\u1eebng gi\u1ed1ng; 31 ha v\u01b0\u1eddn s\u01b0u t\u1eadp gi\u1ed1ng cho c\u00e1c lo\u00e0i c\u00e2y g\u1ed7 b\u1ea3n \u0111\u1ecba v\u00e0 l\u00e2m s\u1ea3n ngo\u00e0i g\u1ed7 nh\u01b0: L\u00e1t hoa, S\u1ed3i ph\u1ea3ng, Gi\u1ed5i \u0103n h\u1ea1t, Sa nh\u00e2n, Qu\u1ebf, H\u1ed3i&#8230;;<\/p>\n<p>&#8211; K\u1ef9 thu\u1eadt ch\u00edch nh\u1ef1a Th\u00f4ng 3 l\u00e1 v\u00e0 c\u00e2y h\u1ecd D\u1ea7u b\u1eb1ng ch\u1ea5t k\u00edch th\u00edch sinh h\u1ecdc \u0111\u01b0\u1ee3c trao gi\u1ea3i th\u01b0\u1edfng Huy ch\u01b0\u01a1ng B\u1ea1c c\u1ee7a ng\u00e0nh n\u0103m 1987;<\/p>\n<p>&#8211; B\u1eb1ng s\u00e1ng t\u1ea1o c\u1ee7a T\u1ed5ng li\u00ean \u0111o\u00e0n Lao \u0111\u1ed9ng Vi\u1ec7t Nam c\u00f4ng ngh\u1ec7 v\u00e0 ch\u1ebf t\u1ea1o thi\u1ebft b\u1ecb ch\u1ebf bi\u1ebfn nh\u1ef1a C\u00e1nh ki\u1ebfn \u0111\u1ecf theo ph\u01b0\u01a1ng ph\u00e1p n\u1ed3i h\u1ea5p;<\/p>\n<p>&#8211; S\u1ea3n ph\u1ea9m s\u01a1n t\u1ed5ng h\u1ee3p ch\u1ecbu gi\u00f3 t\u1eeb d\u1ea7u nh\u1ef1a t\u1ef1 nhi\u00ean \u0111\u1eb7c s\u1ea3n r\u1eebng \u0110S-PK-01 (1983-1985) \u0111\u00e3 \u0111\u01b0\u1ee3c Ban t\u1ed5 ch\u1ee9c H\u1ed9i ch\u1ee3 Khoa h\u1ecdc K\u1ef9 Thu\u1eadt Vi\u1ec7t Nam t\u1eb7ng Huy ch\u01b0\u01a1ng b\u1ea1c n\u0103m 1985;<\/p>\n<p>&#8211; C\u00e1c s\u1ea3n ph\u1ea9m s\u1eed d\u1ee5ng nh\u1ef1a C\u00e1nh ki\u1ebfn \u0111\u1ecf nh\u01b0: s\u01a1n c\u00e1ch \u0111i\u1ec7n VE-78, BT-90, s\u01a1n c\u00e1ch \u0111i\u1ec7n BT-93, vecni d\u00f9ng cho \u0111\u1ed3 h\u1ed9p xu\u1ea5t kh\u1ea9u VN71-83, vecni ph\u1ee7 b\u00f3ng cho nh\u1ea1c c\u1ee5 VNC-83, vecni \u0111\u1ed3 h\u1ed9p rau qu\u1ea3 dung m\u00f4i n\u01b0\u1edbc \u0110H-89, vecni ch\u1ecbu nhi\u1ec7t \u0110S-90 chuy\u1ec3n giao v\u00e0o s\u1ea3n xu\u1ea5t ph\u1ee5c v\u1ee5 \u0111\u1eddi s\u1ed1ng kinh t\u1ebf x\u00e3 h\u1ed9i;<\/p>\n<p>&#8211; Nhi\u1ec1u quy chu\u1ea9n, ti\u00eau chu\u1ea9n k\u1ef9 thu\u1eadt qu\u1ed1c gia, quy tr\u00ecnh, quy ph\u1ea1m c\u00f3 li\u00ean quan \u0111\u1ebfn l\u0129nh v\u1ef1c LSNG \u0111\u01b0\u1ee3c c\u00f4ng b\u1ed1 \u00e1p d\u1ee5ng; h\u00e0ng tr\u0103m cu\u1ed1n s\u00e1ch, b\u00e0i b\u00e1o tr\u00ean c\u00e1c t\u1ea1p ch\u00ed qu\u1ed1c t\u1ebf, trong n\u01b0\u1edbc uy t\u00edn li\u00ean quan \u0111\u1ebfn l\u0129nh v\u1ef1c LSNG \u0111\u01b0\u1ee3c xu\u1ea5t b\u1ea3n.<\/p>\n<p><strong>C\u00e1c th\u00e0nh t\u00edch \u0111\u00e3 \u0111\u01b0\u1ee3c khen th\u01b0\u1edfng <\/strong><\/p>\n<table width=\"662\">\n<tbody>\n<tr>\n<td width=\"47\"><strong>N\u0103m<\/strong><\/td>\n<td width=\"170\"><strong>H\u00ecnh th\u1ee9c khen th\u01b0\u1edfng<\/strong><\/td>\n<td width=\"444\"><strong>S\u1ed1, ng\u00e0y, th\u00e1ng, n\u0103m c\u1ee7a quy\u1ebft \u0111\u1ecbnh khen th\u01b0\u1edfng; c\u01a1 quan ban h\u00e0nh quy\u1ebft \u0111\u1ecbnh<\/strong><\/td>\n<\/tr>\n<tr>\n<td width=\"47\">2018<\/td>\n<td width=\"170\">B\u1eb1ng khen Th\u1ee7 t\u01b0\u1edbng Ch\u00ednh ph\u1ee7<\/td>\n<td width=\"444\">Quy\u1ebft \u0111\u1ecbnh s\u1ed1 1553\/Q\u0110-TTg, ng\u00e0y 14 \/11 \/2018, c\u1ee7a Th\u1ee7 t\u01b0\u1edbng Ch\u00ednh ph\u1ee7<\/td>\n<\/tr>\n<tr>\n<td width=\"47\">2015<\/td>\n<td width=\"170\">B\u1eb1ng khen B\u1ed9 tr\u01b0\u1edfng<\/td>\n<td width=\"444\">Quy\u1ebft \u0111\u1ecbnh s\u1ed1 1949\/Q\u0110-BNN-TCCB ng\u00e0y 26\/5\/2015, c\u1ee7a B\u1ed9 N\u00f4ng nghi\u1ec7p v\u00e0 Ph\u00e1t tri\u1ec3n n\u00f4ng th\u00f4n<\/td>\n<\/tr>\n<tr>\n<td width=\"47\">2008<\/td>\n<td width=\"170\">B\u1eb1ng khen B\u1ed9 tr\u01b0\u1edfng<\/td>\n<td width=\"444\">Quy\u1ebft \u0111\u1ecbnh s\u1ed1 2044\/Q\u0110-BNN-TCCB, ng\u00e0y 19\/6\/2019, c\u1ee7a B\u1ed9 N\u00f4ng nghi\u1ec7p v\u00e0 Ph\u00e1t tri\u1ec3n n\u00f4ng th\u00f4n<\/td>\n<\/tr>\n<tr>\n<td width=\"47\">1983<\/td>\n<td width=\"170\">B\u1eb1ng khen B\u1ed9 tr\u01b0\u1edfng<\/td>\n<td width=\"444\">Quy\u1ebft \u0111\u1ecbnh s\u1ed1 s\u1ed1 47 ng\u00e0y 22\/02\/1983, c\u1ee7a B\u1ed9 tr\u01b0\u1edfng B\u1ed9 L\u00e2m nghi\u1ec7p<\/td>\n<\/tr>\n<\/tbody>\n<\/table>\n<p><strong>\u0110\u1ecbnh h\u01b0\u1edbng ph\u00e1t tri\u1ec3n<\/strong><\/p>\n<p><strong>\u00a0\u00a0\u00a0\u00a0\u00a0\u00a0\u00a0\u00a0\u00a0\u00a0\u00a0 <\/strong>&#8211; \u0110i\u1ec1u tra \u0111\u00e1nh gi\u00e1 hi\u1ec7n tr\u1ea1ng t\u00e0i nguy\u00ean LSNG ch\u1ee7 y\u1ebfu t\u1eeb r\u1eebng t\u1ef1 nhi\u00ean v\u00e0 kh\u1ea3 n\u0103ng g\u00e2y tr\u1ed3ng ph\u00e1t tri\u1ec3n m\u1edf r\u1ed9ng.<\/p>\n<p>&#8211; Nghi\u00ean c\u1ee9u ch\u00ednh s\u00e1ch v\u00e0 th\u1ecb tr\u01b0\u1eddng LSNG; Nghi\u00ean c\u1ee9u s\u1eed d\u1ee5ng, qu\u1ea3n l\u00fd v\u00e0 ph\u00e1t tri\u1ec3n b\u1ec1n v\u1eefng LSNG; X\u00e2y d\u1ef1ng m\u1ed1i li\u00ean k\u1ebft v\u1edbi c\u00e1c \u0111\u1ed1i t\u00e1c v\u00e0 m\u1ea1ng l\u01b0\u1edbi qu\u1ed1c t\u1ebf v\u1ec1 LSNG.<\/p>\n<p><strong>\u0110\u1ecba ch\u1ec9 li\u00ean h\u1ec7: <\/strong>S\u1ed1 8 Ch\u01b0\u01a1ng D\u01b0\u01a1ng \u0110\u1ed9, H\u00e0 N\u1ed9i<\/p>\n<p>\u0110i\u1ec7n tho\u1ea1i: 0243.8266119; Website: <a href=\"http:\/\/www.vnntfp.com\/\">http:\/\/www.vnntfp.com\/<\/a><\/p>\n","protected":false},"excerpt":{"rendered":"<p>Quy\u1ebft \u0111\u1ecbnh th\u00e0nh l\u1eadp: Trung t\u00e2m Nghi\u00ean c\u1ee9u L\u00e2m s\u1ea3n ngo\u00e0i g\u1ed7 (Non Timber Forest Products Research Centre &#8211; NTFPRC) tr\u1ef1c thu\u1ed9c Vi\u1ec7n Khoa h\u1ecdc L\u00e2m nghi\u1ec7p Vi\u1ec7t Nam, \u0111\u01b0\u1ee3c th\u00e0nh l\u1eadp tr\u00ean c\u01a1 s\u1edf t\u1ed5 ch\u1ee9c, s\u1eafp x\u1ebfp l\u1ea1i Trung t\u00e2m Nghi\u00ean c\u1ee9u L\u00e2m \u0111\u1eb7c s\u1ea3n theo Quy\u1ebft \u0111\u1ecbnh s\u1ed1 3131\/Q\u0110-BNN-TCCB ng\u00e0y 13\/12\/2012 c\u1ee7a [&hellip;]<\/p>\n","protected":false},"author":2,"featured_media":0,"parent":0,"menu_order":0,"comment_status":"open","ping_status":"open","template":"","meta":[],"_links":{"self":[{"href":"https:\/\/vafs.gov.vn\/vn\/wp-json\/wp\/v2\/pages\/1901"}],"collection":[{"href":"https:\/\/vafs.gov.vn\/vn\/wp-json\/wp\/v2\/pages"}],"about":[{"href":"https:\/\/vafs.gov.vn\/vn\/wp-json\/wp\/v2\/types\/page"}],"author":[{"embeddable":true,"href":"https:\/\/vafs.gov.vn\/vn\/wp-json\/wp\/v2\/users\/2"}],"replies":[{"embeddable":true,"href":"https:\/\/vafs.gov.vn\/vn\/wp-json\/wp\/v2\/comments?post=1901"}],"version-history":[{"count":5,"href":"https:\/\/vafs.gov.vn\/vn\/wp-json\/wp\/v2\/pages\/1901\/revisions"}],"predecessor-version":[{"id":23896,"href":"https:\/\/vafs.gov.vn\/vn\/wp-json\/wp\/v2\/pages\/1901\/revisions\/23896"}],"wp:attachment":[{"href":"https:\/\/vafs.gov.vn\/vn\/wp-json\/wp\/v2\/media?parent=1901"}],"curies":[{"name":"wp","href":"https:\/\/api.w.org\/{rel}","templated":true}]}}