{"id":1900,"date":"2013-08-02T23:55:16","date_gmt":"2013-08-02T16:55:16","guid":{"rendered":"http:\/\/vafs.gov.vn\/vn\/?page_id=1900"},"modified":"2025-09-04T11:13:58","modified_gmt":"2025-09-04T04:13:58","slug":"vien-nghien-cuu-sinh-thai-va-moi-truong-rung","status":"publish","type":"page","link":"https:\/\/vafs.gov.vn\/vn\/vien-nghien-cuu-sinh-thai-va-moi-truong-rung\/","title":{"rendered":"Vi\u1ec7n Nghi\u00ean c\u1ee9u Sinh th\u00e1i v\u00e0 M\u00f4i tr\u01b0\u1eddng r\u1eebng"},"content":{"rendered":"<p><strong>Quy\u1ebft \u0111\u1ecbnh th\u00e0nh l\u1eadp, ch\u1ee9c n\u0103ng, nhi\u1ec7m v\u1ee5<\/strong><\/p>\n<p>Vi\u1ec7n Nghi\u00ean c\u1ee9u Sinh th\u00e1i v\u00e0 M\u00f4i tr\u01b0\u1eddng r\u1eebng (Research Institute for Forest Ecology and Environment-RIFEE) tr\u1ef1c thu\u1ed9c Vi\u1ec7n Khoa h\u1ecdc L\u00e2m nghi\u1ec7p Vi\u1ec7t Nam, \u0111\u01b0\u1ee3c th\u00e0nh l\u1eadp tr\u00ean c\u01a1 s\u1edf t\u1ed5 ch\u1ee9c l\u1ea1i Trung t\u00e2m Nghi\u00ean c\u1ee9u Sinh th\u00e1i v\u00e0 M\u00f4i tr\u01b0\u1eddng r\u1eebng v\u00e0 b\u1ed9 ph\u1eadn T\u1ed5ng h\u1ee3p, Vi sinh v\u00e0 C\u00f4ng ngh\u1ec7 Sinh h\u1ecdc M\u00f4i tr\u01b0\u1eddng c\u1ee7a Trung t\u00e2m C\u00f4ng ngh\u1ec7 Sinh h\u1ecdc L\u00e2m nghi\u1ec7p theo Quy\u1ebft \u0111\u1ecbnh s\u1ed1 3132\/Q\u0110-BNN-TCCB ng\u00e0y 13\/12\/2012 c\u1ee7a B\u1ed9 tr\u01b0\u1edfng B\u1ed9 N\u00f4ng nghi\u1ec7p &amp; Ph\u00e1t tri\u1ec3n n\u00f4ng th\u00f4n.<\/p>\n<p><a href=\"http:\/\/vafs.gov.vn\/vn\/vien-nghien-cuu-sinh-thai-va-moi-truong-rung\/vien-stmtr\/\" rel=\"attachment wp-att-22048\"><img decoding=\"async\" loading=\"lazy\" class=\"aligncenter wp-image-22048 size-medium\" src=\"http:\/\/vafs.gov.vn\/vn\/wp-content\/uploads\/sites\/2\/2022\/07\/Vien-STMTR-500x271.jpg\" alt=\"\" width=\"500\" height=\"271\" srcset=\"https:\/\/vafs.gov.vn\/vn\/wp-content\/uploads\/sites\/2\/2022\/07\/Vien-STMTR-500x271.jpg 500w, https:\/\/vafs.gov.vn\/vn\/wp-content\/uploads\/sites\/2\/2022\/07\/Vien-STMTR-768x416.jpg 768w, https:\/\/vafs.gov.vn\/vn\/wp-content\/uploads\/sites\/2\/2022\/07\/Vien-STMTR-1024x555.jpg 1024w, https:\/\/vafs.gov.vn\/vn\/wp-content\/uploads\/sites\/2\/2022\/07\/Vien-STMTR.jpg 1375w\" sizes=\"(max-width: 500px) 100vw, 500px\" \/><\/a><\/p>\n<p><strong>C\u01a1 c\u1ea5u t\u1ed5 ch\u1ee9c v\u00e0 nh\u00e2n s\u1ef1:<\/strong><\/p>\n<p>C\u01a1 c\u1ea5u t\u1ed5 ch\u1ee9c g\u1ed3m: Ban L\u00e3nh \u0111\u1ea1o Vi\u1ec7n v\u00e0 06 \u0111\u01a1n v\u1ecb tr\u1ef1c thu\u1ed9c.<\/p>\n<p>T\u1ed5ng s\u1ed1 vi\u00ean ch\u1ee9c, lao \u0111\u1ed9ng, h\u1ee3p \u0111\u1ed3ng: 40 ng\u01b0\u1eddi trong \u0111\u00f3 c\u00f3 11 Ti\u1ebfn s\u0129, 5 NCS, 10 Th\u1ea1c s\u1ef9, 11 \u0110\u1ea1i h\u1ecdc, 3 Cao \u0111\u1eb3ng v\u00e0 Trung c\u1ea5p.<\/p>\n<p>Vi\u1ec7n tr\u01b0\u1edfng: TS. L\u00ea V\u0103n Th\u00e0nh<\/p>\n<p>Ph\u00f3 Vi\u1ec7n tr\u01b0\u1edfng: TS. \u0110inh Thanh Giang.<\/p>\n<p>Ph\u00f3 Vi\u1ec7n tr\u01b0\u1edfng: TS. \u0110\u1eb7ng Quang H\u01b0ng.<\/p>\n<table width=\"612\">\n<tbody>\n<tr>\n<td width=\"38\"><strong>TT<\/strong><\/td>\n<td width=\"357\"><strong>C\u00e1c \u0111\u01a1n v\u1ecb tr\u1ef1c thu\u1ed9c<\/strong><\/td>\n<td width=\"217\"><strong>Tr\u01b0\u1edfng \u0111\u01a1n v\u1ecb\/Ph\u1ee5 tr\u00e1ch<\/strong><\/td>\n<\/tr>\n<tr>\n<td width=\"38\">1<\/td>\n<td width=\"357\">V\u0103n ph\u00f2ng Vi\u1ec7n<\/td>\n<td width=\"217\">CN. \u0110inh Th\u1ecb B\u1ea3o Ng\u00e0<\/td>\n<\/tr>\n<tr>\n<td width=\"38\">2<\/td>\n<td width=\"357\">B\u1ed9 m\u00f4n \u0110\u1ea5t v\u00e0 L\u1eadp \u0111\u1ecba<\/td>\n<td width=\"217\">ThS. Ph\u1ea1m Ng\u1ecdc Th\u00e0nh<\/td>\n<\/tr>\n<tr>\n<td width=\"38\">3<\/td>\n<td width=\"357\">B\u1ed9 m\u00f4n Sinh l\u00fd Sinh th\u00e1i r\u1eebng<\/td>\n<td width=\"217\">TS. \u0110o\u00e0n \u0110\u00ecnh Tam<\/td>\n<\/tr>\n<tr>\n<td width=\"38\">4<\/td>\n<td width=\"357\">B\u1ed9 m\u00f4n M\u00f4i tr\u01b0\u1eddng v\u00e0 Bi\u1ebfn \u0111\u1ed5i kh\u00ed h\u1eadu<\/td>\n<td width=\"217\">ThS. Nguy\u1ec5n Th\u00f9y M\u1ef9 Linh<\/td>\n<\/tr>\n<tr>\n<td width=\"38\">5<\/td>\n<td width=\"357\">Ph\u00f2ng Th\u00ed nghi\u1ec7m \u0110\u1ea5t, M\u00f4i tr\u01b0\u1eddng v\u00e0 Vi sinh<\/td>\n<td width=\"217\">ThS. H\u00e0 Th\u1ecb Hi\u1ec1n<\/td>\n<\/tr>\n<tr>\n<td width=\"38\">6<\/td>\n<td width=\"357\">Trung T\u00e2m NC Th\u1ef1c nghi\u1ec7m M\u00f4i tr\u01b0\u1eddng<\/td>\n<td width=\"217\">ThS. Nguy\u1ec5n Thanh H\u1ea3i<\/td>\n<\/tr>\n<\/tbody>\n<\/table>\n<p><strong>L\u0129nh v\u1ef1c ho\u1ea1t \u0111\u1ed9ng ch\u00ednh<\/strong><\/p>\n<p>&#8211; Nghi\u00ean c\u1ee9u c\u01a1 b\u1ea3n v\u00e0 \u1ee9ng d\u1ee5ng v\u1ec1: Khoa h\u1ecdc \u0111\u1ea5t v\u00e0 l\u1eadp \u0111\u1ecba, ph\u00e2n chia l\u1eadp \u0111\u1ecba, ph\u00e2n h\u1ea1ng \u0111\u1ea5t v\u00e0 \u0111\u00e1nh gi\u00e1 ti\u1ec1m n\u0103ng \u0111\u1ea5t; Quy ho\u1ea1ch, qu\u1ea3n l\u00fd v\u00e0 s\u1eed d\u1ee5ng b\u1ec1n v\u1eefng \u0111\u1ea5t l\u00e2m nghi\u1ec7p, bi\u1ec7n ph\u00e1p ph\u00f2ng ch\u1ed1ng tho\u00e1i h\u00f3a, \u00f4 nhi\u1ec5m v\u00e0 sa m\u1ea1c h\u00f3a \u0111\u1ea5t l\u00e2m nghi\u1ec7p; Sinh l\u00fd th\u1ef1c v\u1eadt r\u1eebng; B\u1ea3o t\u1ed3n v\u00e0 ph\u00e1t tri\u1ec3n c\u00e1c lo\u00e0i c\u00e2y l\u00e2m nghi\u1ec7p c\u00f3 gi\u00e1 tr\u1ecb; Sinh th\u00e1i c\u00e1 th\u1ec3, qu\u1ea7n th\u1ec3 v\u00e0 qu\u1ea7n x\u00e3 th\u1ef1c v\u1eadt r\u1eebng, \u0111\u1eb7c tr\u01b0ng c\u01a1 b\u1ea3n v\u00e0 gi\u1ea3i ph\u00e1p qu\u1ea3n l\u00fd b\u1ec1n v\u1eefng c\u00e1c h\u1ec7 sinh th\u00e1i r\u1eebng, r\u1eebng ng\u1eadp m\u1eb7n; M\u00f4i tr\u01b0\u1eddng v\u00e0 di\u1ec5n bi\u1ebfn m\u00f4i tr\u01b0\u1eddng, ph\u00e1t th\u1ea3i kh\u00ed nh\u00e0 k\u00ednh, t\u00e1c \u0111\u1ed9ng c\u1ee7a bi\u1ebfn \u0111\u1ed5i kh\u00ed h\u1eadu v\u00e0 gi\u1ea3i ph\u00e1p \u1ee9ng ph\u00f3; Th\u1ee7y v\u0103n r\u1eebng; Vi sinh v\u1eadt, c\u00e1c ch\u1ebf ph\u1ea9m vi sinh, ph\u00e2n b\u00f3n h\u1eefu c\u01a1 v\u00e0 c\u00f4ng ngh\u1ec7 sinh h\u1ecdc m\u00f4i tr\u01b0\u1eddng l\u00e2m nghi\u1ec7p; X\u00e2y d\u1ef1ng ti\u00eau chu\u1ea9n, quy chu\u1ea9n k\u1ef9 thu\u1eadt qu\u1ed1c gia, \u0111\u1ecbnh m\u1ee9c kinh t\u1ebf-k\u1ef9 thu\u1eadt thu\u1ed9c l\u0129nh v\u1ef1c nghi\u00ean c\u1ee9u;<\/p>\n<p>&#8211; S\u1ea3n xu\u1ea5t th\u1eed nghi\u1ec7m, kinh doanh c\u00e1c s\u1ea3n ph\u1ea9m tr\u00ean c\u01a1 s\u1edf \u1ee9ng d\u1ee5ng k\u1ebft qu\u1ea3 nghi\u00ean c\u1ee9u c\u1ee7a Vi\u1ec7n;<\/p>\n<p>&#8211; D\u1ecbch v\u1ee5 KH&amp;CN: Chuy\u1ec3n giao k\u1ebft qu\u1ea3 nghi\u00ean c\u1ee9u v\u00e0o s\u1ea3n xu\u1ea5t; \u0110i\u1ec1u tra, quan tr\u1eafc m\u00f4i tr\u01b0\u1eddng l\u00e2m nghi\u1ec7p; \u0110i\u1ec1u tra x\u00e2y d\u1ef1ng b\u1ea3n \u0111\u1ed3 \u0111\u1ea5t, l\u1eadp \u0111\u1ecba v\u00e0 l\u1eadp quy ho\u1ea1ch s\u1eed d\u1ee5ng \u0111\u1ea5t l\u00e2m nghi\u1ec7p; \u0110\u00e1nh gi\u00e1 t\u00e1c \u0111\u1ed9ng m\u00f4i tr\u01b0\u1eddng, m\u00f4i tr\u01b0\u1eddng chi\u1ebfn l\u01b0\u1ee3c; T\u01b0 v\u1ea5n (ph\u00e2n t\u00edch, ki\u1ec3m nghi\u1ec7m \u0111\u1ea5t, m\u00f4i tr\u01b0\u1eddng, th\u1ef1c v\u1eadt v\u00e0 vi sinh v\u1eadt; L\u1eadp d\u1ef1 \u00e1n gi\u00e1m s\u00e1t, th\u1ea9m tra, th\u1ea9m \u0111\u1ecbnh c\u00e1c ch\u01b0\u01a1ng tr\u00ecnh, \u0111\u1ec1 \u00e1n, d\u1ef1 \u00e1n \u0111\u1ea7u t\u01b0, c\u00f4ng tr\u00ecnh l\u00e2m nghi\u1ec7p), d\u1ecbch v\u1ee5 KH&amp;CN kh\u00e1c thu\u1ed9c l\u0129nh v\u1ef1c chuy\u00ean m\u00f4n c\u1ee7a Vi\u1ec7n;<\/p>\n<p>&#8211; H\u1ee3p t\u00e1c v\u1edbi c\u00e1c t\u1ed5 ch\u1ee9c, c\u00e1 nh\u00e2n trong v\u00e0 ngo\u00e0i n\u01b0\u1edbc th\u1ef1c hi\u1ec7n nhi\u1ec7m v\u1ee5 chuy\u00ean m\u00f4n.<\/p>\n<p><strong>C\u01a1 s\u1edf v\u1eadt ch\u1ea5t<\/strong><\/p>\n<p>&#8211; Nh\u00e0 l\u00e0m vi\u1ec7c v\u00e0 Ph\u00f2ng th\u00ed nghi\u1ec7m t\u1ea1i t\u1ea7ng 1 v\u00e0 t\u1ea7ng 6 nh\u00e0 7 t\u1ea7ng t\u1ea1i H\u00e0 N\u1ed9i.<\/p>\n<p>&#8211; 234m<sup>2 <\/sup>\u0111\u1ea5t v\u00e0 v\u01b0\u1eddn \u01b0\u01a1m c\u00f4ng ngh\u1ec7 cao \u1edf V\u0103n ph\u00f2ng Vi\u1ec7n t\u1ea1i H\u00e0 N\u1ed9i.<\/p>\n<p>&#8211; 306,31 ha r\u1eebng v\u00e0 \u0111\u1ea5t r\u1eebng; 0,89 ha \u0111\u1ea5t l\u00e0m tr\u1ee5 s\u1edf, 01 tr\u1ea1m quan tr\u1eafc kh\u00ed t\u01b0\u1ee3ng, v\u01b0\u1eddn \u01b0\u01a1m v\u00e0 s\u00e2n \u0111\u01b0\u1eddng n\u1ed9i b\u1ed9 t\u1ea1i huy\u1ec7n Cao Phong, t\u1ec9nh H\u00f2a B\u00ecnh.<\/p>\n<p>&#8211; 38 trang thi\u1ebft b\u1ecb hi\u1ec7n \u0111\u1ea1i d\u00f9ng \u0111\u1ec3 ph\u00e2n t\u00edch \u0111\u1ea5t, m\u00f4i tr\u01b0\u1eddng, th\u1ef1c v\u1eadt, vi sinh nh\u01b0 M\u00e1y h\u1ea5p ph\u1ee5 nguy\u00ean t\u1eed AAS, M\u00e1y \u0111o quang ph\u1ed5 2 ch\u00f9m tia-UV\/VIS, Quang k\u1ebf ng\u1ecdn l\u1eeda PFP7 Jenway, B\u1ed9 c\u1ea5t \u0111\u1ea1m- UKD130 Velp\u2026<\/p>\n<p>&#8211; Thi\u1ebft b\u1ecb \u0111i\u1ec1u tra kh\u1ea3o s\u00e1t hi\u1ec7n tr\u01b0\u1eddng: bao g\u1ed3m 17 trang thi\u1ebft b\u1ecb ph\u1ee5c v\u1ee5 cho c\u00f4ng t\u00e1c nghi\u00ean c\u1ee9u sinh l\u00fd sinh th\u00e1i r\u1eebng, \u0111i\u1ec1u tra nghi\u00ean c\u1ee9u \u0111\u1ea5t v\u00e0 l\u1eadp \u0111\u1ecba nh\u01b0 B\u1ed9 khoan l\u1ea5y m\u1eabu \u0111\u1ea5t Eijkelkamp, GPS c\u1ea7m tay, M\u00e1y \u0111o hu\u1ef3nh quang di\u1ec7p l\u1ee5c, M\u00e1y \u0111o h\u00e0m l\u01b0\u1ee3ng di\u1ec7p l\u1ee5c CCM 201 Plus, flycam\u2026.<\/p>\n<p><strong>Nh\u1eefng th\u00e0nh t\u00edch \u0111\u00e3 \u0111\u1ea1t \u0111\u01b0\u1ee3c<\/strong><\/p>\n<p>Giai \u0111o\u1ea1n 2001-2020, Vi\u1ec7n \u0111\u00e3 v\u00e0 \u0111ang tri\u1ec3n khai 2 nhi\u1ec7m v\u1ee5 KHCN c\u1ea5p Nh\u00e0 n\u01b0\u1edbc, 49 nhi\u1ec7m v\u1ee5 c\u1ea5p B\u1ed9, 26 nhi\u1ec7m v\u1ee5 H\u1ee3p t\u00e1c qu\u1ed1c t\u1ebf, 4 nhi\u1ec7m v\u1ee5 c\u1ea5p \u0111\u1ecba ph\u01b0\u01a1ng, h\u00e0ng tr\u0103m h\u1ee3p \u0111\u1ed3ng d\u1ecbch v\u1ee5 KHCN ph\u00e2n t\u00edch ki\u1ec3m nghi\u1ec7m \u0111\u1ea5t v\u00e0 th\u1ef1c v\u1eadt. 5 n\u0103m g\u1ea7n \u0111\u00e2y Vi\u1ec7n \u0111\u00e3 \u0111\u01b0\u1ee3c B\u1ed9 NN&amp;PTNT c\u00f4ng nh\u1eadn 05 ti\u1ebfn b\u1ed9 k\u1ef9 thu\u1eadt (TBKT), trong \u0111\u00f3: 01 TBKT v\u1ec1 K\u1ef9 thu\u1eadt nh\u00e2n gi\u1ed1ng c\u00e2y \u01af\u01a1i\u00a0(<em>Scaphium macropodum\u00a0<\/em>Miq.)\u00a0cho\u00a0m\u1ee5c \u0111\u00edch l\u1ea5y qu\u1ea3 b\u1eb1ng ph\u01b0\u01a1ng ph\u00e1p gh\u00e9p; 02 TBKT v\u1ec1 Quy tr\u00ecnh c\u00f4ng ngh\u1ec7 nh\u00e2n nhanh invitro v\u00e0 s\u1ea3n xu\u1ea5t ch\u1ebf ph\u1ea9m AM \u00e1p d\u1ee5ng cho C\u00e2y keo, b\u1ea1ch \u0111\u00e0n \u1edf Ph\u00fa Th\u1ecd, Qu\u1ea3ng Tr\u1ecb v\u00e0 c\u00e1c v\u00f9ng kh\u00e1c c\u00f3 \u0111i\u1ec1u ki\u1ec7n t\u01b0\u01a1ng t\u1ef1; 01 TBKT v\u1ec1 K\u1ef9 thu\u1eadt ph\u1ee5c h\u1ed3i r\u1eebng ng\u1eadp m\u1eb7n b\u1ecb suy tho\u00e1i t\u1ea1i m\u1ed9t\u00a0 s\u1ed1 t\u1ec9nh ven bi\u1ec3n; 01 TBKT v\u1ec1 K\u1ef9 thu\u1eadt nh\u00e2n gi\u1ed1ng c\u00e2y B\u1ea7n kh\u00f4ng c\u00e1nh <strong>(<\/strong><strong><em>Sonneratia apetala <\/em><\/strong><strong>Buch.<em>&#8211;<\/em>Ham<\/strong><strong>.<\/strong>) t\u1eeb h\u1ea1t; 8 b\u00e0i b\u00e1o qu\u1ed1c t\u1ebf, 74 b\u00e0i b\u00e1o tr\u00ean t\u1ea1p ch\u00ed chuy\u00ean ng\u00e0nh c\u00f3 uy t\u00edn trong n\u01b0\u1edbc.<\/p>\n<p><strong>C\u00e1c th\u00e0nh t\u00edch \u0111\u00e3 \u0111\u01b0\u1ee3c khen th\u01b0\u1edfng <\/strong><\/p>\n<table width=\"645\">\n<tbody>\n<tr>\n<td width=\"47\"><strong>N\u0103m<\/strong><\/td>\n<td width=\"179\"><strong>H\u00ecnh th\u1ee9c khen th\u01b0\u1edfng<\/strong><\/td>\n<td width=\"418\"><strong>S\u1ed1, ng\u00e0y, th\u00e1ng, n\u0103m c\u1ee7a quy\u1ebft \u0111\u1ecbnh khen th\u01b0\u1edfng; c\u01a1 quan ban h\u00e0nh quy\u1ebft \u0111\u1ecbnh<\/strong><\/td>\n<\/tr>\n<tr>\n<td width=\"47\">2012<\/td>\n<td width=\"179\">B\u1eb1ng khen c\u1ee7a Th\u1ee7 t\u01b0\u1edbng Ch\u00ednh ph\u1ee7<\/td>\n<td width=\"418\">Quy\u1ebft \u0111\u1ecbnh s\u1ed1 2103\/Q\u0110-TTg, ng\u00e0y 10\/11\/2013 c\u1ee7a Th\u1ee7 t\u01b0\u1edbng Ch\u00ednh ph\u1ee7<\/td>\n<\/tr>\n<tr>\n<td width=\"47\">2019<\/td>\n<td width=\"179\">B\u1eb1ng khen c\u1ee7a Th\u1ee7 t\u01b0\u1edbng Ch\u00ednh ph\u1ee7<\/td>\n<td width=\"418\">Quy\u1ebft \u0111\u1ecbnh s\u1ed1 2122\/Q\u0110-TTg, ng\u00e0y 17\/12\/2020 c\u1ee7a Th\u1ee7 t\u01b0\u1edbng Ch\u00ednh ph\u1ee7<\/td>\n<\/tr>\n<tr>\n<td width=\"47\">2014<\/td>\n<td width=\"179\">B\u1eb1ng khen c\u1ee7a B\u1ed9 tr\u01b0\u1edfng<\/td>\n<td width=\"418\">Quy\u1ebft \u0111\u1ecbnh s\u1ed1 1949\/Q\u0110-BNN-TCCB, ng\u00e0y 26\/5\/2015 c\u1ee7a B\u1ed9 N\u00f4ng nghi\u1ec7p v\u00e0 Ph\u00e1t tri\u1ec3n n\u00f4ng th\u00f4n<\/td>\n<\/tr>\n<tr>\n<td width=\"47\">2018<\/td>\n<td width=\"179\">B\u1eb1ng khen c\u1ee7a B\u1ed9 tr\u01b0\u1edfng<\/td>\n<td width=\"418\">Quy\u1ebft \u0111\u1ecbnh s\u1ed1 2294\/Q\u0110-BNN-TCCB, ng\u00e0y 19\/6\/2019 c\u1ee7a B\u1ed9 N\u00f4ng nghi\u1ec7p v\u00e0 Ph\u00e1t tri\u1ec3n n\u00f4ng th\u00f4n<\/td>\n<\/tr>\n<\/tbody>\n<\/table>\n<p><strong>\u0110\u1ecbnh h\u01b0\u1edbng ph\u00e1t tri\u1ec3n<\/strong>:<\/p>\n<p>&#8211; Nghi\u00ean c\u1ee9u \u0111\u1ea5t, ph\u00e2n chia l\u1eadp \u0111\u1ecba, ph\u00e2n h\u1ea1ng \u0111\u1ea5t, \u0111\u00e1nh gi\u00e1 ti\u1ec1m n\u0103ng \u0111\u1ea5t l\u00e2m nghi\u1ec7p.<\/p>\n<p>&#8211; Nghi\u00ean c\u1ee9u x\u00f3i m\u00f2n, r\u1eeda tr\u00f4i, bi\u1ec7n ph\u00e1p ph\u00f2ng ch\u1ed1ng suy tho\u00e1i, \u00f4 nhi\u1ec5m v\u00e0 sa m\u1ea1c h\u00f3a \u0111\u1ea5t l\u00e2m nghi\u1ec7p, nghi\u00ean c\u1ee9u th\u1ee7y v\u0103n r\u1eebng, s\u1eed d\u1ee5ng \u0111\u1ea5t d\u1ed1c b\u1ec1n v\u1eefng.<\/p>\n<p>&#8211; Nghi\u00ean c\u1ee9u sinh l\u00fd sinh th\u00e1i c\u00e1 th\u1ec3, qu\u1ea7n th\u1ec3 th\u1ef1c v\u1eadt r\u1eebng, nhu c\u1ea7u dinh d\u01b0\u1ee1ng c\u1ee7a c\u00e1c lo\u00e0i c\u00e2y tr\u1ed3ng r\u1eebng ch\u1ee7 y\u1ebfu nh\u1eb1m ph\u00e1t tri\u1ec3n r\u1eebng b\u1ec1n v\u1eefng.<\/p>\n<p>&#8211; Nghi\u00ean c\u1ee9u m\u00f4i tr\u01b0\u1eddng v\u00e0 di\u1ec5n bi\u1ebfn m\u00f4i tr\u01b0\u1eddng, ph\u1ee5c h\u1ed3i v\u00e0 ph\u00e1t tri\u1ec3n b\u1ec1n v\u1eefng r\u1eebng ph\u00f2ng h\u1ed9 \u0111\u1ea7u ngu\u1ed3n, r\u1eebng ph\u00f2ng h\u1ed9 ven bi\u1ec3n; Nghi\u00ean c\u1ee9u ph\u00e1t tri\u1ec3n gi\u1ed1ng c\u00e2y ng\u1eadp m\u1eb7n.<\/p>\n<p>&#8211; T\u0103ng c\u01b0\u1eddng: h\u1ee3p t\u00e1c qu\u1ed1c t\u1ebf, d\u1ecbch v\u1ee5 KHCN, t\u01b0 v\u1ea5n v\u00e0 chuy\u1ec3n giao c\u00f4ng ngh\u1ec7.<\/p>\n<p><strong>\u0110\u1ecba ch\u1ec9 li\u00ean h\u1ec7:<\/strong> S\u1ed1 46 \u0110\u01b0\u1eddng \u0110\u1ee9c Th\u1eafng, Ph\u01b0\u1eddng \u0110\u00f4ng Ng\u1ea1c, H\u00e0 N\u1ed9i<\/p>\n<p>\u0110i\u1ec7n tho\u1ea1i: 024 3838 9434 Fax: 024 3838 9434 Webside: rifee.gov.vn<\/p>\n","protected":false},"excerpt":{"rendered":"<p>Quy\u1ebft \u0111\u1ecbnh th\u00e0nh l\u1eadp, ch\u1ee9c n\u0103ng, nhi\u1ec7m v\u1ee5 Vi\u1ec7n Nghi\u00ean c\u1ee9u Sinh th\u00e1i v\u00e0 M\u00f4i tr\u01b0\u1eddng r\u1eebng (Research Institute for Forest Ecology and Environment-RIFEE) tr\u1ef1c thu\u1ed9c Vi\u1ec7n Khoa h\u1ecdc L\u00e2m nghi\u1ec7p Vi\u1ec7t Nam, \u0111\u01b0\u1ee3c th\u00e0nh l\u1eadp tr\u00ean c\u01a1 s\u1edf t\u1ed5 ch\u1ee9c l\u1ea1i Trung t\u00e2m Nghi\u00ean c\u1ee9u Sinh th\u00e1i v\u00e0 M\u00f4i tr\u01b0\u1eddng r\u1eebng v\u00e0 b\u1ed9 ph\u1eadn [&hellip;]<\/p>\n","protected":false},"author":2,"featured_media":0,"parent":0,"menu_order":0,"comment_status":"closed","ping_status":"closed","template":"","meta":[],"_links":{"self":[{"href":"https:\/\/vafs.gov.vn\/vn\/wp-json\/wp\/v2\/pages\/1900"}],"collection":[{"href":"https:\/\/vafs.gov.vn\/vn\/wp-json\/wp\/v2\/pages"}],"about":[{"href":"https:\/\/vafs.gov.vn\/vn\/wp-json\/wp\/v2\/types\/page"}],"author":[{"embeddable":true,"href":"https:\/\/vafs.gov.vn\/vn\/wp-json\/wp\/v2\/users\/2"}],"replies":[{"embeddable":true,"href":"https:\/\/vafs.gov.vn\/vn\/wp-json\/wp\/v2\/comments?post=1900"}],"version-history":[{"count":9,"href":"https:\/\/vafs.gov.vn\/vn\/wp-json\/wp\/v2\/pages\/1900\/revisions"}],"predecessor-version":[{"id":23889,"href":"https:\/\/vafs.gov.vn\/vn\/wp-json\/wp\/v2\/pages\/1900\/revisions\/23889"}],"wp:attachment":[{"href":"https:\/\/vafs.gov.vn\/vn\/wp-json\/wp\/v2\/media?parent=1900"}],"curies":[{"name":"wp","href":"https:\/\/api.w.org\/{rel}","templated":true}]}}