{"id":1899,"date":"2013-08-02T23:55:03","date_gmt":"2013-08-02T16:55:03","guid":{"rendered":"http:\/\/vafs.gov.vn\/vn\/?page_id=1899"},"modified":"2026-02-09T09:28:59","modified_gmt":"2026-02-09T02:28:59","slug":"vien-nghien-cuu-giong-va-cong-nghe-sinh-hoc-lam-nghiep","status":"publish","type":"page","link":"https:\/\/vafs.gov.vn\/vn\/vien-nghien-cuu-giong-va-cong-nghe-sinh-hoc-lam-nghiep\/","title":{"rendered":"Vi\u1ec7n Nghi\u00ean c\u1ee9u Gi\u1ed1ng v\u00e0 C\u00f4ng ngh\u1ec7 sinh h\u1ecdc L\u00e2m nghi\u1ec7p"},"content":{"rendered":"<p><strong>Quy\u1ebft \u0111\u1ecbnh th\u00e0nh l\u1eadp, ch\u1ee9c n\u0103ng nhi\u1ec7m v\u1ee5<\/strong><\/p>\n<p>Vi\u1ec7n Nghi\u00ean c\u1ee9u Gi\u1ed1ng v\u00e0 C\u00f4ng ngh\u1ec7 sinh h\u1ecdc L\u00e2m nghi\u1ec7p (Institute of Forest Tree Improvement and Biotechnology) tr\u1ef1c thu\u1ed9c Vi\u1ec7n Khoa h\u1ecdc L\u00e2m nghi\u1ec7p Vi\u1ec7t Nam \u0111\u01b0\u1ee3c th\u00e0nh l\u1eadp tr\u00ean c\u01a1 s\u1edf t\u1ed5 ch\u1ee9c, s\u1eafp x\u1ebfp l\u1ea1i Trung t\u00e2m Nghi\u00ean c\u1ee9u Gi\u1ed1ng c\u00e2y r\u1eebng v\u00e0 Trung t\u00e2m C\u00f4ng ngh\u1ec7 sinh h\u1ecdc L\u00e2m nghi\u1ec7p theo Quy\u1ebft \u0111\u1ecbnh s\u1ed1 3128\/Q\u0110-BNN-TCCB, ng\u00e0y 13\/12\/2012 c\u1ee7a B\u1ed9 tr\u01b0\u1edfng B\u1ed9 NN&amp;PTNT.<\/p>\n<p><a href=\"http:\/\/vafs.gov.vn\/vn\/vien-nghien-cuu-giong-va-cong-nghe-sinh-hoc-lam-nghiep\/vien-giong\/\" rel=\"attachment wp-att-22050\"><img decoding=\"async\" loading=\"lazy\" class=\"aligncenter wp-image-22050 size-medium\" src=\"http:\/\/vafs.gov.vn\/vn\/wp-content\/uploads\/sites\/2\/2022\/07\/Vien-Giong-500x333.jpg\" alt=\"\" width=\"500\" height=\"333\" srcset=\"https:\/\/vafs.gov.vn\/vn\/wp-content\/uploads\/sites\/2\/2022\/07\/Vien-Giong-500x333.jpg 500w, https:\/\/vafs.gov.vn\/vn\/wp-content\/uploads\/sites\/2\/2022\/07\/Vien-Giong-768x511.jpg 768w, https:\/\/vafs.gov.vn\/vn\/wp-content\/uploads\/sites\/2\/2022\/07\/Vien-Giong-1024x682.jpg 1024w, https:\/\/vafs.gov.vn\/vn\/wp-content\/uploads\/sites\/2\/2022\/07\/Vien-Giong.jpg 1520w\" sizes=\"(max-width: 500px) 100vw, 500px\" \/><\/a><\/p>\n<p><strong>\u00a0C\u01a1 c\u1ea5u t\u1ed5 ch\u1ee9c<\/strong><\/p>\n<p>C\u01a1 c\u1ea5u t\u1ed5 ch\u1ee9c c\u1ee7a \u0111\u01a1n v\u1ecb g\u1ed3m: Ban l\u00e3nh \u0111\u1ea1o Vi\u1ec7n v\u00e0 06 \u0111\u01a1n v\u1ecb tr\u1ef1c thu\u1ed9c. T\u1ed5ng s\u1ed1 vi\u00ean ch\u1ee9c, lao \u0111\u1ed9ng h\u1ee3p \u0111\u1ed3ng l\u00e0: 64 ng\u01b0\u1eddi, trong \u0111\u00f3 c\u00f3 07 Ti\u1ebfn S\u1ef9, 20 Th\u1ea1c s\u1ef9, 26 k\u1ef9 s\u01b0, 11 nh\u00e2n vi\u00ean k\u1ef9 thu\u1eadt.<\/p>\n<p>&#8211; Ban l\u00e3nh \u0111\u1ea1o Vi\u1ec7n g\u1ed3m:<\/p>\n<p>Vi\u1ec7n tr\u01b0\u1edfng: PGS.TS. Nguy\u1ec5n \u0110\u1ee9c Ki\u00ean.<\/p>\n<p>Ph\u00f3 Vi\u1ec7n tr\u01b0\u1edfng: TS. Nguy\u1ec5n H\u1eefu S\u1ef9.<\/p>\n<p>Ph\u00f3 Vi\u1ec7n tr\u01b0\u1edfng: TS. \u0110\u1ed7 H\u1eefu S\u01a1n.<\/p>\n<table width=\"633\">\n<tbody>\n<tr>\n<td width=\"56\"><strong>TT<\/strong><\/td>\n<td width=\"379\"><strong>C\u00e1c \u0111\u01a1n v\u1ecb tr\u1ef1c thu\u1ed9c<\/strong><\/td>\n<td width=\"198\"><strong>Tr\u01b0\u1edfng\/ph\u00f3 \u0111\u01a1n v\u1ecb<\/strong><\/td>\n<\/tr>\n<tr>\n<td width=\"56\">1<\/td>\n<td width=\"379\">V\u0103n ph\u00f2ng Vi\u1ec7n<\/td>\n<td width=\"198\">ThS. Nguy\u1ec5n Qu\u1ed1c To\u1ea3n<\/td>\n<\/tr>\n<tr>\n<td width=\"56\">2<\/td>\n<td width=\"379\">B\u1ed9 m\u00f4n Di truy\u1ec1n v\u00e0 Ch\u1ecdn t\u1ea1o gi\u1ed1ng<\/td>\n<td width=\"198\">ThS. Ng\u00f4 V\u0103n Ch\u00ednh<\/td>\n<\/tr>\n<tr>\n<td width=\"56\">3<\/td>\n<td width=\"379\">B\u1ed9 m\u00f4n C\u00f4ng ngh\u1ec7 t\u1ebf b\u00e0o th\u1ef1c v\u1eadt<\/td>\n<td width=\"198\">TS. Mai Th\u1ecb Ph\u01b0\u01a1ng Th\u00fay<\/td>\n<\/tr>\n<tr>\n<td width=\"56\">4<\/td>\n<td width=\"379\">B\u1ed9 m\u00f4n Sinh h\u1ecdc ph\u00e2n t\u1eed<\/td>\n<td width=\"198\">TS. L\u00ea S\u01a1n<\/td>\n<\/tr>\n<tr>\n<td width=\"56\">5<\/td>\n<td width=\"379\">B\u1ed9 m\u00f4n B\u1ea3o t\u1ed3n v\u00e0 Ph\u00e1t tri\u1ec3n ngu\u1ed3n gen c\u00e2y l\u00e2m nghi\u1ec7p<\/td>\n<td width=\"198\">TS. La \u00c1nh D\u01b0\u01a1ng<\/td>\n<\/tr>\n<tr>\n<td width=\"56\">6<\/td>\n<td width=\"379\">Trung t\u00e2m Th\u1ef1c nghi\u1ec7m v\u00e0 Chuy\u1ec3n giao gi\u1ed1ng c\u00e2y r\u1eebng<\/td>\n<td width=\"198\">ThS. C\u1ea5n Th\u1ecb Lan<\/td>\n<\/tr>\n<\/tbody>\n<\/table>\n<p><strong>\u00a0L\u0129nh v\u1ef1c ho\u1ea1t \u0111\u1ed9ng ch\u00ednh<\/strong><\/p>\n<ol>\n<li>Nghi\u00ean c\u1ee9u c\u01a1 b\u1ea3n c\u00f3 \u0111\u1ecbnh h\u01b0\u1edbng v\u00e0 nghi\u00ean c\u1ee9u \u1ee9ng d\u1ee5ng t\u1ed5ng h\u1ee3p v\u1ec1 gi\u1ed1ng v\u00e0 CNSH l\u00e2m nghi\u1ec7p theo quy \u0111\u1ecbnh c\u1ee7a ph\u00e1p lu\u1eadt.<\/li>\n<li>X\u00e2y d\u1ef1ng c\u00e1c ti\u00eau chu\u1ea9n qu\u1ed1c gia, quy chu\u1ea9n k\u1ef9 thu\u1eadt qu\u1ed1c gia, \u0111\u1ecbnh m\u1ee9c kinh t\u1ebf, k\u1ef9 thu\u1eadt v\u1ec1 gi\u1ed1ng v\u00e0 c\u00f4ng ngh\u1ec7 sinh h\u1ecdc theo nhi\u1ec7m v\u1ee5 \u0111\u01b0\u1ee3c giao v\u00e0 quy \u0111\u1ecbnh c\u1ee7a ph\u00e1p lu\u1eadt.<\/li>\n<li>Tham gia \u0111\u00e0o t\u1ea1o ti\u1ebfn s\u0129, li\u00ean k\u1ebft \u0111\u00e0o t\u1ea1o th\u1ea1c s\u0129, b\u1ed3i d\u01b0\u1ee1ng ngu\u1ed3n nh\u00e2n l\u1ef1c trong l\u0129nh v\u1ef1c gi\u1ed1ng, b\u1ea3o t\u1ed3n ngu\u1ed3n gen, c\u00f4ng ngh\u1ec7 sinh h\u1ecdc l\u00e2m nghi\u1ec7p theo quy \u0111\u1ecbnh c\u1ee7a ph\u00e1p lu\u1eadt.<\/li>\n<li>H\u1ee3p t\u00e1c qu\u1ed1c t\u1ebf, li\u00ean doanh, li\u00ean k\u1ebft v\u1edbi c\u00e1c t\u1ed5 ch\u1ee9c, c\u00e1 nh\u00e2n v\u1ec1 nghi\u00ean c\u1ee9u khoa h\u1ecdc, ph\u00e1t tri\u1ec3n c\u00f4ng ngh\u1ec7 trong l\u0129nh v\u1ef1c gi\u1ed1ng v\u00e0 c\u00f4ng ngh\u1ec7 sinh h\u1ecdc l\u00e2m nghi\u1ec7p.<\/li>\n<li>Th\u1ef1c hi\u1ec7n c\u00e1c d\u1ecbch v\u1ee5 khoa h\u1ecdc v\u00e0 c\u00f4ng ngh\u1ec7; chuy\u1ec3n giao k\u1ebft qu\u1ea3 nghi\u00ean c\u1ee9u khoa h\u1ecdc, c\u00f4ng ngh\u1ec7 s\u1ea3n xu\u1ea5t; tri\u1ec3n khai th\u1ef1c nghi\u1ec7m, s\u1ea3n xu\u1ea5t th\u1eed nghi\u1ec7m tr\u00ean c\u01a1 s\u1edf \u1ee9ng d\u1ee5ng k\u1ebft qu\u1ea3 nghi\u00ean c\u1ee9u khoa h\u1ecdc v\u1ec1 gi\u1ed1ng v\u00e0 c\u00f4ng ngh\u1ec7 sinh h\u1ecdc l\u00e2m nghi\u1ec7p theo quy \u0111\u1ecbnh c\u1ee7a ph\u00e1p lu\u1eadt.<\/li>\n<li>T\u1ed5 ch\u1ee9c s\u1ea3n xu\u1ea5t, kinh doanh, xu\u1ea5t kh\u1ea9u c\u00e1c s\u1ea3n ph\u1ea9m v\u00e0 c\u00f4ng ngh\u1ec7 ph\u00f9 h\u1ee3p v\u1edbi l\u0129nh v\u1ef1c ho\u1ea1t \u0111\u1ed9ng chuy\u00ean m\u00f4n c\u1ee7a Vi\u1ec7n theo quy \u0111\u1ecbnh c\u1ee7a ph\u00e1p lu\u1eadt.<\/li>\n<li>T\u01b0 v\u1ea5n l\u1eadp d\u1ef1 \u00e1n; t\u01b0 v\u1ea5n gi\u00e1m \u0111\u1ecbnh, gi\u00e1m s\u00e1t, th\u1ea9m tra; t\u01b0 v\u1ea5n th\u1ea9m \u0111\u1ecbnh h\u1ed3 s\u01a1 thi\u1ebft k\u1ebf, d\u1ef1 to\u00e1n c\u00e1c ch\u01b0\u01a1ng tr\u00ecnh, d\u1ef1 \u00e1n \u0111\u1ea7u t\u01b0, c\u00f4ng tr\u00ecnh x\u00e2y d\u1ef1ng v\u1ec1 gi\u1ed1ng v\u00e0 CNSH l\u00e2m nghi\u1ec7p theo quy \u0111\u1ecbnh c\u1ee7a ph\u00e1p lu\u1eadt.<\/li>\n<\/ol>\n<p><strong>C\u01a1 s\u1edf v\u1eadt ch\u1ea5t<\/strong><\/p>\n<p>Vi\u1ec7n c\u00f3 1 ph\u00f2ng th\u00ed nghi\u1ec7m sinh h\u1ecdc ph\u00e2n t\u1eed, 1 ph\u00f2ng th\u00ed nghi\u1ec7m v\u1ec1 c\u00f4ng ngh\u1ec7 t\u1ebf b\u00e0o v\u00e0 1 ph\u00f2ng th\u00ed nghi\u1ec7m v\u1ec1 sinh h\u1ecdc h\u1ea1t ph\u1ea5n v\u00e0 h\u1ea1t gi\u1ed1ng v\u1edbi trang thi\u1ebft b\u1ecb \u0111\u1ea7y \u0111\u1ee7, hi\u1ec7n \u0111\u1ea1i. T\u1ea1i Trung t\u00e2m Th\u1ef1c nghi\u1ec7m v\u00e0 Chuy\u1ec3n giao gi\u1ed1ng c\u00e2y r\u1eebng c\u00f3 215 ha r\u1eebng v\u00e0 \u0111\u1ea5t r\u1eebng ph\u1ee5c v\u1ee5 nghi\u00ean c\u1ee9u, 01 x\u01b0\u1edfng nu\u00f4i c\u1ea5y m\u00f4 v\u1edbi c\u00f4ng su\u1ea5t 3 tri\u1ec7u c\u00e2y\/n\u0103m v\u00e0 h\u1ec7 th\u1ed1ng v\u01b0\u1eddn \u01b0\u01a1m v\u1edbi t\u1ed5ng di\u1ec7n t\u00edch 20.000 m<sup>2<\/sup>.<\/p>\n<p><strong>Nh\u1eefng th\u00e0nh t\u00edch \u0111\u00e3 \u0111\u1ea1t \u0111\u01b0\u1ee3c<\/strong><\/p>\n<p>&#8211; Ch\u1ee7 tr\u00ec th\u1ef1c hi\u1ec7n 23 nhi\u1ec7m v\u1ee5 c\u1ea5p Qu\u1ed1c gia, 34 nhi\u1ec7m v\u1ee5 c\u1ea5p B\u1ed9, 19 TCVN, 4 nhi\u1ec7m v\u1ee5 c\u1ea5p t\u1ec9nh\/c\u01a1 s\u1edf, tham gia th\u1ef1c hi\u1ec7n 23 d\u1ef1 \u00e1n h\u1ee3p t\u00e1c qu\u1ed1c t\u1ebf.<\/p>\n<p>&#8211; X\u00e2y d\u1ef1ng \u0111\u01b0\u1ee3c h\u01a1n 200 ha v\u01b0\u1eddn gi\u1ed1ng c\u00e1c lo\u00e0i keo, b\u1ea1ch \u0111\u00e0n v\u00e0 Th\u00f4ng tr\u00ean c\u1ea3 n\u01b0\u1edbc v\u00e0 \u0111\u00e3 \u0111\u01b0\u1ee3c B\u1ed9 NN&amp;PTNT c\u00f4ng nh\u1eadn 38 v\u01b0\u1eddn gi\u1ed1ng l\u00e0 ngu\u1ed3n gi\u1ed1ng Qu\u1ed1c gia. Ch\u1ecdn t\u1ea1o v\u00e0 c\u00f4ng nh\u1eadn gi\u1ed1ng Qu\u1ed1c gia v\u00e0 gi\u1ed1ng TBKT cho 158 gi\u1ed1ng c\u00e1c lo\u00e0i keo, b\u1ea1ch \u0111\u00e0n, th\u00f4ng, M\u1eafc ca, &#8230;. N\u0103m 2012 v\u00e0 n\u0103m 2018 Vi\u1ec7n \u0111\u00e3 \u0111\u01b0\u1ee3c t\u1eb7ng th\u01b0\u1edfng Gi\u1ea3i b\u00f4ng l\u00faa v\u00e0ng Vi\u1ec7t Nam cho c\u00e1c gi\u1ed1ng Keo lai v\u00e0 B\u1ea1ch \u0111\u00e0n lai.<\/p>\n<p>&#8211; X\u00e2y d\u1ef1ng th\u00e0nh c\u00f4ng c\u00e1c quy tr\u00ecnh nh\u00e2n gi\u1ed1ng b\u1eb1ng c\u00f4ng ngh\u1ec7 m\u00f4-hom cho c\u00e1c gi\u1ed1ng \u0111\u01b0\u1ee3c c\u00f4ng nh\u1eadn, 05 ti\u1ebfn b\u1ed9 k\u1ef9 thu\u1eadt, 13 ti\u00eau chu\u1ea9n Vi\u1ec7t Nam v\u00e0 01 gi\u1ea3i ph\u00e1p h\u1eefu \u00edch.<\/p>\n<p>&#8211; Chuy\u1ec3n giao gi\u1ed1ng g\u1ed1c v\u00e0 \u0111\u00e0o t\u1ea1o, t\u1eadp hu\u1ea5n v\u1ec1 nghi\u00ean c\u1ee9u c\u1ea3i thi\u1ec7n gi\u1ed1ng, c\u00f4ng ngh\u1ec7 nh\u00e2n gi\u1ed1ng b\u1eb1ng k\u1ef9 thu\u1eadt m\u00f4-hom \u0111\u1ed1i v\u1edbi keo v\u00e0 b\u1ea1ch \u0111\u00e0n cho tr\u00ean 30 c\u01a1 s\u1edf s\u1ea3n xu\u1ea5t v\u00e0 nghi\u00ean c\u1ee9u trong v\u00e0 ngo\u00e0i n\u01b0\u1edbc.<\/p>\n<p>&#8211; C\u00f4ng b\u1ed1 64 b\u00e0i b\u00e1o qu\u1ed1c t\u1ebf, 250 b\u00e0i b\u00e1o trong n\u01b0\u1edbc v\u00e0 14 cu\u1ed1n s\u00e1ch chuy\u00ean kh\u1ea3o v\u1ec1 nghi\u00ean c\u1ee9u c\u1ea3i thi\u1ec7n gi\u1ed1ng v\u00e0 b\u1ea3o t\u1ed3n ngu\u1ed3n gen c\u00e2y r\u1eebng. Vi\u1ec7n \u0111\u00e3 tham gia \u0111\u00e0o t\u1ea1o 18 Ti\u1ebfn s\u1ef9, li\u00ean k\u1ebft \u0111\u00e0o t\u1ea1o tr\u00ean 30 Th\u1ea1c s\u1ef9, b\u1ed3i d\u01b0\u1ee1ng ngu\u1ed3n nh\u00e2n l\u1ef1c trong l\u0129nh v\u1ef1c Gi\u1ed1ng, B\u1ea3o t\u1ed3n ngu\u1ed3n gen, CNSH l\u00e2m nghi\u1ec7p.<\/p>\n<p>&#8211; T\u1ed5 ch\u1ee9c th\u00e0nh c\u00f4ng H\u1ed9i th\u1ea3o qu\u1ed1c t\u1ebf l\u1ea7n th\u1ee9 ba v\u1ec1 Phi lao (t\u1ea1i \u0110\u00e0 N\u1eb5ng, 1996), H\u1ed9i th\u1ea3o qu\u1ed1c t\u1ebf l\u1ea7n th\u1ee9 ba v\u1ec1 c\u00e1c lo\u00e0i Keo (t\u1ea1i H\u00e0 N\u1ed9i, 1997), H\u1ed9i th\u1ea3o qu\u1ed1c t\u1ebf IUFRO v\u1ec1 Keo (t\u1ea1i Hu\u1ebf, n\u0103m 2014).<\/p>\n<p><strong>C\u00e1c h\u00ecnh th\u1ee9c khen th\u01b0\u1edfng \u0111\u1ea1t \u0111\u01b0\u1ee3c:<\/strong><\/p>\n<p>Hu\u00e2n ch\u01b0\u01a1ng lao \u0111\u1ed9ng h\u1ea1ng ba (n\u0103m 1996) v\u00e0 h\u1ea1ng hai (n\u0103m 2001); Gi\u1ea3i th\u01b0\u1edfng VIFOTEC (n\u0103m 1999); B\u1eb1ng khen c\u1ee7a Th\u1ee7 t\u01b0\u1edbng (n\u0103m 2011); C\u1edd thi \u0111ua Ch\u00ednh ph\u1ee7 (n\u0103m 2020); B\u1eb1ng khen c\u1ee7a B\u1ed9 tr\u01b0\u1edfng (n\u0103m 2010, 2016, 2017, 2019). Ngo\u00e0i ra, c\u00e1c t\u1eadp th\u1ec3 v\u00e0 c\u00e1 nh\u00e2n trong Vi\u1ec7n \u0111\u01b0\u1ee3c t\u1eb7ng nhi\u1ec1u gi\u1ea3i th\u01b0\u1edfng v\u00e0 b\u1eb1ng khen c\u1ee7a Ch\u00ednh ph\u1ee7, c\u1ee7a B\u1ed9 NN&amp;PTNT v\u00e0 m\u1ed9t s\u1ed1 t\u1ed5 ch\u1ee9c qu\u1ed1c t\u1ebf.<\/p>\n<p><strong>\u0110\u1ecbnh h\u01b0\u1edbng ph\u00e1t tri\u1ec3n<\/strong><\/p>\n<p>&#8211; Ti\u1ebfp t\u1ee5c th\u1ef1c hi\u1ec7n c\u00f3 \u0111i\u1ec1u ch\u1ec9nh chi\u1ebfn l\u01b0\u1ee3c nghi\u00ean c\u1ee9u c\u1ea3i thi\u1ec7n gi\u1ed1ng c\u00e1c lo\u00e0i c\u00e2y tr\u1ed3ng r\u1eebng ch\u1ee7 l\u1ef1c; ch\u00fa tr\u1ecdng c\u00f4ng t\u00e1c ch\u1ecdn gi\u1ed1ng ph\u1ee5c v\u1ee5 tr\u1ed3ng r\u1eebng g\u1ed7 l\u1edbn, gi\u1ed1ng cho v\u00f9ng cao, gi\u1ed1ng cho v\u00f9ng c\u00e1t kh\u00f4 h\u1ea1n, gi\u1ed1ng c\u00e2y ng\u1eadp m\u1eb7n, gi\u1ed1ng c\u00e2y l\u1ea5y g\u1ed7 b\u1ea3n \u0111\u1ecba v\u00e0 c\u00e2y l\u00e2m s\u1ea3n ngo\u00e0i g\u1ed7.<\/p>\n<p>&#8211; \u0110\u1ea9y m\u1ea1nh nghi\u00ean c\u1ee9u \u1ee9ng d\u1ee5ng ch\u1ec9 th\u1ecb ph\u00e2n t\u1eed, c\u00f4ng ngh\u1ec7 gen, \u0111a b\u1ed9i th\u1ec3 k\u1ebft h\u1ee3p v\u1edbi ch\u1ecdn t\u1ea1o gi\u1ed1ng truy\u1ec1n th\u1ed1ng nh\u1eb1m r\u00fat ng\u1eafn th\u1eddi gian ch\u1ecdn gi\u1ed1ng, t\u0103ng c\u01b0\u1eddng hi\u1ec7u qu\u1ea3 ch\u1ecdn l\u1ecdc v\u00e0 t\u1ea1o ra nh\u1eefng gi\u1ed1ng m\u1edbi c\u00f3 nh\u1eefng \u0111\u1eb7c t\u00ednh \u01b0u vi\u1ec7t, \u0111\u1eb7c bi\u1ec7t l\u00e0 t\u00ednh ch\u1ea5t g\u1ed7, kh\u1ea3 n\u0103ng ch\u1ed1ng ch\u1ecbu s\u00e2u b\u1ec7nh h\u1ea1i v\u00e0 \u0111i\u1ec1u ki\u1ec7n m\u00f4i tr\u01b0\u1eddng b\u1ea5t l\u1ee3i.<\/p>\n<p>&#8211; Ch\u00fa tr\u1ecdng c\u00f4ng t\u00e1c qu\u1ea3ng b\u00e1, th\u01b0\u01a1ng m\u1ea1i ho\u00e1 c\u00e1c s\u1ea3n ph\u1ea9m nghi\u00ean c\u1ee9u c\u1ee7a Vi\u1ec7n v\u1edbi c\u00e1c t\u1ed5 ch\u1ee9c tr\u1ed3ng r\u1eebng trong n\u01b0\u1edbc v\u00e0 qu\u1ed1c t\u1ebf.<\/p>\n<p>&#8211; T\u1eebng b\u01b0\u1edbc ho\u00e0n ch\u1ec9nh b\u1ed9 m\u00e1y, t\u1ed5 ch\u1ee9c h\u1ee3p l\u00fd c\u00e1c b\u1ed9 ph\u1eadn nghi\u00ean c\u1ee9u c\u01a1 b\u1ea3n, chuy\u00ean s\u00e2u, nghi\u00ean c\u1ee9u \u1ee9ng d\u1ee5ng, chuy\u1ec3n giao c\u00f4ng ngh\u1ec7 \u0111\u00e1p \u1ee9ng y\u00eau c\u1ea7u. Duy tr\u00ec v\u00e0 ph\u00e1t tri\u1ec3n h\u1ee3p t\u00e1c v\u1edbi c\u00e1c \u0111\u1ed1i t\u00e1c hi\u1ec7n c\u00f3 v\u00e0 t\u00ecm ki\u1ebfm c\u00e1c \u0111\u1ed1i t\u00e1c ph\u00f9 h\u1ee3p v\u1edbi chi\u1ebfn l\u01b0\u1ee3c ph\u00e1t tri\u1ec3n c\u1ee7a Vi\u1ec7n.<\/p>\n<p><strong>\u00a0\u0110\u1ecba ch\u1ec9 li\u00ean h\u1ec7:\u00a0\u00a0\u00a0\u00a0\u00a0\u00a0\u00a0\u00a0\u00a0 <\/strong>46 \u0110\u01b0\u1eddng \u0110\u1ee9c Th\u1eafng, Ph\u01b0\u1eddng \u0110\u00f4ng Ng\u1ea1c, H\u00e0 N\u1ed9i<\/p>\n<p>Website: http:www.iftib.vn\u00a0\u00a0\u00a0 \u00a0\u00a0\u00a0\u00a0 E-mail: iftib@vafs.gov.vn\u00a0\u00a0\u00a0\u00a0\u00a0\u00a0\u00a0 \u0110i\u1ec7n tho\u1ea1i: (+84) 24.3838 9813<\/p>\n","protected":false},"excerpt":{"rendered":"<p>Quy\u1ebft \u0111\u1ecbnh th\u00e0nh l\u1eadp, ch\u1ee9c n\u0103ng nhi\u1ec7m v\u1ee5 Vi\u1ec7n Nghi\u00ean c\u1ee9u Gi\u1ed1ng v\u00e0 C\u00f4ng ngh\u1ec7 sinh h\u1ecdc L\u00e2m nghi\u1ec7p (Institute of Forest Tree Improvement and Biotechnology) tr\u1ef1c thu\u1ed9c Vi\u1ec7n Khoa h\u1ecdc L\u00e2m nghi\u1ec7p Vi\u1ec7t Nam \u0111\u01b0\u1ee3c th\u00e0nh l\u1eadp tr\u00ean c\u01a1 s\u1edf t\u1ed5 ch\u1ee9c, s\u1eafp x\u1ebfp l\u1ea1i Trung t\u00e2m Nghi\u00ean c\u1ee9u Gi\u1ed1ng c\u00e2y r\u1eebng v\u00e0 Trung [&hellip;]<\/p>\n","protected":false},"author":2,"featured_media":0,"parent":0,"menu_order":0,"comment_status":"open","ping_status":"open","template":"","meta":[],"_links":{"self":[{"href":"https:\/\/vafs.gov.vn\/vn\/wp-json\/wp\/v2\/pages\/1899"}],"collection":[{"href":"https:\/\/vafs.gov.vn\/vn\/wp-json\/wp\/v2\/pages"}],"about":[{"href":"https:\/\/vafs.gov.vn\/vn\/wp-json\/wp\/v2\/types\/page"}],"author":[{"embeddable":true,"href":"https:\/\/vafs.gov.vn\/vn\/wp-json\/wp\/v2\/users\/2"}],"replies":[{"embeddable":true,"href":"https:\/\/vafs.gov.vn\/vn\/wp-json\/wp\/v2\/comments?post=1899"}],"version-history":[{"count":8,"href":"https:\/\/vafs.gov.vn\/vn\/wp-json\/wp\/v2\/pages\/1899\/revisions"}],"predecessor-version":[{"id":24068,"href":"https:\/\/vafs.gov.vn\/vn\/wp-json\/wp\/v2\/pages\/1899\/revisions\/24068"}],"wp:attachment":[{"href":"https:\/\/vafs.gov.vn\/vn\/wp-json\/wp\/v2\/media?parent=1899"}],"curies":[{"name":"wp","href":"https:\/\/api.w.org\/{rel}","templated":true}]}}