{"id":1898,"date":"2013-08-02T23:54:52","date_gmt":"2013-08-02T16:54:52","guid":{"rendered":"http:\/\/vafs.gov.vn\/vn\/?page_id=1898"},"modified":"2025-09-04T11:12:55","modified_gmt":"2025-09-04T04:12:55","slug":"vien-nghien-cuu-cong-nghiep-rung","status":"publish","type":"page","link":"https:\/\/vafs.gov.vn\/vn\/vien-nghien-cuu-cong-nghiep-rung\/","title":{"rendered":"Vi\u1ec7n Nghi\u00ean c\u1ee9u C\u00f4ng nghi\u1ec7p r\u1eebng"},"content":{"rendered":"<ol>\n<li><strong> Quy\u1ebft \u0111\u1ecbnh th\u00e0nh l\u1eadp, ch\u1ee9c n\u0103ng, nhi\u1ec7m v\u1ee5<\/strong><\/li>\n<\/ol>\n<p>Vi\u1ec7n Nghi\u00ean c\u01b0\u0301u C\u00f4ng nghi\u00ea\u0323p r\u01b0\u0300ng (Research Institute of Forest Industry) tr\u1ef1c thu\u1ed9c Vi\u1ec7n Khoa h\u1ecdc L\u00e2m nghi\u1ec7p Vi\u1ec7t Nam, \u0111\u01b0\u1ee3c th\u00e0nh l\u1eadp tr\u00ean c\u01a1 s\u1edf t\u1ed5 ch\u1ee9c s\u1eafp x\u1ebfp l\u1ea1i Trung t\u00e2m Nghi\u00ean c\u1ee9u v\u00e0 Chuy\u1ec3n giao c\u00f4ng ngh\u1ec7 C\u00f4ng nghi\u1ec7p r\u1eebng, Ph\u00f2ng Nghi\u00ean c\u1ee9u ch\u1ebf bi\u1ebfn l\u00e2m s\u1ea3n, Ph\u00f2ng Nghi\u00ean c\u1ee9u B\u1ea3o qu\u1ea3n l\u00e2m s\u1ea3n v\u00e0 Ph\u00f2ng Nghi\u00ean c\u1ee9u T\u00e0i nguy\u00ean th\u1ef1c v\u1eadt r\u1eebng theo Quy\u1ebft \u0111\u1ecbnh s\u1ed1 3135\/Q\u0110-BNN-TCCB ng\u00e0y 13\/12\/2012 c\u1ee7a B\u1ed9 tr\u01b0\u1edfng B\u1ed9 N\u00f4ng nghi\u1ec7p v\u00e0 Ph\u00e1t tri\u1ec3n N\u00f4ng th\u00f4n.<\/p>\n<p>Vi\u1ec7n Nghi\u00ean c\u1ee9u C\u00f4ng nghi\u1ec7p r\u1eebng c\u00f3 ch\u1ee9c n\u0103ng nghi\u00ean c\u1ee9u khoa h\u1ecdc, chuy\u1ec3n giao c\u00f4ng ngh\u1ec7, h\u1ee3p t\u00e1c qu\u1ed1c t\u1ebf, t\u01b0 v\u1ea5n v\u00e0 tham gia \u0111\u00e0o t\u1ea1o v\u1ec1 l\u0129nh v\u1ef1c C\u00f4ng nghi\u1ec7p r\u1eebng.<\/p>\n<p><em><u>Nhi\u1ec7m v\u1ee5: <\/u><\/em>Nghi\u00ean c\u1ee9u c\u01a1 b\u1ea3n c\u00f3 \u0111\u1ecbnh h\u01b0\u1edbng v\u00e0 nghi\u00ean c\u1ee9u \u1ee9ng d\u1ee5ng t\u1ed5ng h\u1ee3p v\u1ec1 l\u0129nh v\u1ef1c C\u00f4ng nghi\u1ec7p r\u1eebng. Th\u1ef1c hi\u1ec7n c\u00e1c ho\u1ea1t \u0111\u1ed9ng nghi\u00ean c\u1ee9u, chuy\u1ec3n giao c\u00f4ng ngh\u1ec7 v\u00e0o s\u1ea3n xu\u1ea5t; H\u1ee3p t\u00e1c qu\u1ed1c t\u1ebf, li\u00ean doanh, li\u00ean k\u1ebft v\u1edbi c\u00e1c t\u1ed5 ch\u1ee9c, c\u00e1 nh\u00e2n v\u1ec1 nghi\u00ean c\u1ee9u khoa h\u1ecdc, ph\u00e1t tri\u1ec3n c\u00f4ng ngh\u1ec7. Tham gia \u0111\u00e0o t\u1ea1o ti\u1ebfn s\u1ef9, li\u00ean k\u1ebft \u0111\u00e0o t\u1ea1o, b\u1ed3i d\u01b0\u1ee1ng ngu\u1ed3n nh\u00e2n l\u1ef1c v\u1ec1 KH&amp;CN trong l\u0129nh v\u1ef1c theo quy \u0111\u1ecbnh; T\u01b0 v\u1ea5n l\u1eadp d\u1ef1 \u00e1n, gi\u00e1m s\u00e1t, th\u1ea9m tra, th\u1ea9m \u0111\u1ecbnh, d\u1ef1 to\u00e1n c\u00e1c ch\u01b0\u01a1ng tr\u00ecnh, d\u1ef1 \u00e1n, c\u00f4ng tr\u00ecnh l\u00e2m nghi\u1ec7p; T\u01b0 v\u1ea5n gi\u00e1m \u0111\u1ecbnh g\u1ed7 v\u00e0 l\u00e2m s\u1ea3n; T\u01b0 v\u1ea5n kh\u1ea3o nghi\u1ec7m hi\u1ec7u l\u1ef1c thu\u1ed1c b\u1ea3o qu\u1ea3n l\u00e2m s\u1ea3n; Tri\u1ec3n khai SXTN tr\u00ean c\u01a1 s\u1edf \u1ee9ng d\u1ee5ng k\u1ebft qu\u1ea3 nghi\u00ean c\u1ee9u trong l\u0129nh v\u1ef1c C\u00f4ng nghi\u1ec7p r\u1eebng.<\/p>\n<p><a href=\"http:\/\/vafs.gov.vn\/vn\/vien-nghien-cuu-cong-nghiep-rung\/vien-cnr\/\" rel=\"attachment wp-att-22052\"><img decoding=\"async\" loading=\"lazy\" class=\"aligncenter wp-image-22052 size-medium\" src=\"http:\/\/vafs.gov.vn\/vn\/wp-content\/uploads\/sites\/2\/2022\/07\/Vien-CNR-500x252.jpg\" alt=\"\" width=\"500\" height=\"252\" srcset=\"https:\/\/vafs.gov.vn\/vn\/wp-content\/uploads\/sites\/2\/2022\/07\/Vien-CNR-500x252.jpg 500w, https:\/\/vafs.gov.vn\/vn\/wp-content\/uploads\/sites\/2\/2022\/07\/Vien-CNR-768x388.jpg 768w, https:\/\/vafs.gov.vn\/vn\/wp-content\/uploads\/sites\/2\/2022\/07\/Vien-CNR-1024x517.jpg 1024w, https:\/\/vafs.gov.vn\/vn\/wp-content\/uploads\/sites\/2\/2022\/07\/Vien-CNR.jpg 1359w\" sizes=\"(max-width: 500px) 100vw, 500px\" \/><\/a><\/p>\n<ol start=\"2\">\n<li><strong> C\u01a1 c\u1ea5u t\u1ed5 ch\u1ee9c v\u00e0 nh\u00e2n s\u1ef1:<\/strong><\/li>\n<\/ol>\n<p>Vi\u1ec7n Nghi\u00ean c\u1ee9u C\u00f4ng nghi\u1ec7p r\u1eebng, bao g\u1ed3m: Ban l\u00e3nh \u0111\u1ea1o Vi\u1ec7n v\u00e0 07 \u0111\u01a1n v\u1ecb tr\u1ef1c thu\u1ed9c (V\u0103n ph\u00f2ng Vi\u1ec7n, 04 B\u1ed9 m\u00f4n, 01 Ph\u00f2ng th\u00ed nghi\u1ec7m chu\u1ea9n Vilas v\u00e0 01 Trung t\u00e2m chuy\u1ec3n giao c\u00f4ng ngh\u1ec7).<\/p>\n<p>T\u1ed5ng s\u1ed1 c\u00e1n b\u1ed9 vi\u00ean ch\u1ee9c, ng\u01b0\u1eddi lao \u0111\u1ed9ng: 46 ng\u01b0\u1eddi, trong \u0111\u00f3 18 ti\u1ebfn s\u1ef9, 15 th\u1ea1c s\u1ef9 (trong \u0111\u00f3 c\u00f3 05 ng\u01b0\u1eddi \u0111ang l\u00e0 NCS), 09 k\u1ef9 s\u01b0 &#8211; c\u1eed nh\u00e2n v\u00e0 04 nh\u00e2n vi\u00ean.<\/p>\n<p>Vi\u1ec7n tr\u01b0\u1edfng\u00a0\u00a0\u00a0\u00a0\u00a0\u00a0 :<strong><em> \u00a0\u00a0\u00a0\u00a0\u00a0\u00a0\u00a0\u00a0\u00a0 <\/em><\/strong>TS. B\u00f9i Duy Ng\u1ecdc<\/p>\n<p>Ph\u00f3 Vi\u1ec7n tr\u01b0\u1edfng:\u00a0\u00a0\u00a0\u00a0\u00a0\u00a0\u00a0\u00a0\u00a0\u00a0 TS. Nguy\u1ec5n \u0110\u1ee9c Th\u00e0nh<\/p>\n<p>Ph\u00f3 Vi\u1ec7n tr\u01b0\u1edfng:\u00a0 \u00a0 \u00a0 \u00a0 \u00a0 \u00a0TS. Nguy\u1ec5n B\u1ea3o Ng\u1ecdc<\/p>\n<table>\n<tbody>\n<tr>\n<td width=\"37\"><strong>TT<\/strong><\/td>\n<td width=\"395\"><strong>C\u00e1c \u0111\u01a1n v\u1ecb tr\u1ef1c thu\u1ed9c<\/strong><\/td>\n<td width=\"217\"><strong>Tr\u01b0\u1edfng \u0111\u01a1n v\u1ecb<\/strong><\/td>\n<\/tr>\n<tr>\n<td width=\"37\">1<\/td>\n<td width=\"395\">V\u0103n ph\u00f2ng Vi\u1ec7n<\/td>\n<td width=\"217\">TS. V\u0169 \u0110\u00ecnh Th\u1ecbnh<\/td>\n<\/tr>\n<tr>\n<td width=\"37\">2<\/td>\n<td width=\"395\">B\u1ed9 m\u00f4n Khoa h\u1ecdc g\u1ed7<\/td>\n<td width=\"217\">TS. V\u0169 Th\u1ecb H\u1ed3ng Th\u1eafm<\/td>\n<\/tr>\n<tr>\n<td width=\"37\">3<\/td>\n<td width=\"395\">B\u1ed9 m\u00f4n Ch\u1ebf bi\u1ebfn l\u00e2m s\u1ea3n<\/td>\n<td width=\"217\">TS. Nguy\u1ec5n V\u0103n \u0110\u1ecbnh<\/td>\n<\/tr>\n<tr>\n<td width=\"37\">4<\/td>\n<td width=\"395\">B\u1ed9 m\u00f4n B\u1ea3o qu\u1ea3n l\u00e2m s\u1ea3n<\/td>\n<td width=\"217\">TS. B\u00f9i Th\u1ecb Th\u1ee7y<\/td>\n<\/tr>\n<tr>\n<td width=\"37\">5<\/td>\n<td width=\"395\">B\u1ed9 m\u00f4n C\u01a1 kh\u00ed v\u00e0 C\u00f4ng tr\u00ecnh l\u00e2m nghi\u1ec7p<\/td>\n<td width=\"217\">TS. L\u00ea Xu\u00e2n Ph\u00fac<\/td>\n<\/tr>\n<tr>\n<td width=\"37\">6<\/td>\n<td width=\"395\">Ph\u00f2ng th\u00ed nghi\u1ec7m v\u1eadt li\u1ec7u v\u00e0 C\u00f4ng ngh\u1ec7 g\u1ed7<\/td>\n<td width=\"217\">TS. Nguy\u1ec5n B\u1ea3o Ng\u1ecdc<\/td>\n<\/tr>\n<tr>\n<td width=\"37\">7<\/td>\n<td width=\"395\">Trung t\u00e2m Chuy\u1ec3n giao c\u00f4ng ngh\u1ec7 C\u00f4ng nghi\u1ec7p r\u1eebng<\/td>\n<td width=\"217\">ThS. H\u00e0 Ti\u1ebfn M\u1ea1nh<\/td>\n<\/tr>\n<\/tbody>\n<\/table>\n<p><strong>\u00a0<\/strong><\/p>\n<ol start=\"3\">\n<li><strong> L\u0129nh v\u1ef1c ho\u1ea1t \u0111\u1ed9ng ch\u00ednh:<\/strong><\/li>\n<\/ol>\n<p><strong><em>&#8211; Nghi\u00ean c\u1ee9u khoa h\u1ecdc v\u00e0 chuy\u1ec3n giao c\u00f4ng ngh\u1ec7<\/em><\/strong><strong>:<\/strong> Th\u1ef1c hi\u1ec7n c\u00f4ng t\u00e1c nghi\u00ean c\u1ee9u KH&amp;CN v\u00e0 chuy\u1ec3n giao c\u00f4ng ngh\u1ec7 theo ch\u1ee9c n\u0103ng nhi\u1ec7m v\u1ee5 \u0111\u01b0\u1ee3c giao, bao g\u1ed3m c\u00e1c l\u0129nh v\u1ef1c ch\u00ednh: Nghi\u00ean c\u1ee9u c\u01a1 b\u1ea3n v\u1ec1 khoa h\u1ecdc g\u1ed7 v\u00e0 l\u00e2m s\u1ea3n ngo\u00e0i g\u1ed7, c\u00f4ng ngh\u1ec7 ch\u1ebf bi\u1ebfn l\u00e2m s\u1ea3n, c\u00f4ng ngh\u1ec7 b\u1ea3o qu\u1ea3n l\u00e2m s\u1ea3n, c\u01a1 kh\u00ed v\u00e0 c\u00f4ng tr\u00ecnh L\u00e2m nghi\u1ec7p,&#8230;<\/p>\n<p><strong><em>&#8211; \u0110\u00e0o t\u1ea1o v\u00e0 h\u1ee3p t\u00e1c qu\u1ed1c t\u1ebf: <\/em><\/strong>Th\u1ef1c hi\u1ec7n \u0111\u00e0o t\u1ea1o sau \u0111\u1ea1i h\u1ecdc theo ch\u1ee9c n\u0103ng \u0111\u01b0\u1ee3c giao v\u1ec1 m\u1ed9t s\u1ed1 l\u0129nh v\u1ef1c nh\u01b0: K\u1ef9 thu\u1eadt ch\u1ebf bi\u1ebfn l\u00e2m s\u1ea3n, k\u1ef9 thu\u1eadt b\u1ea3o qu\u1ea3n l\u00e2m s\u1ea3n,\u2026 Vi\u1ec7n Nghi\u00ean c\u1ee9u C\u00f4ng nghi\u1ec7p r\u1eebng lu\u00f4n coi tr\u1ecdng vi\u1ec7c ph\u00e1t tri\u1ec3n h\u1ee3p t\u00e1c qu\u1ed1c t\u1ebf trong nghi\u00ean c\u1ee9u khoa h\u1ecdc, chuy\u1ec3n giao c\u00f4ng ngh\u1ec7 v\u00e0 \u0111\u00e0o t\u1ea1o nh\u00e2n l\u1ef1c. Vi\u00ean lu\u00f4n duy tr\u00ec quan h\u1ec7 h\u1ee3p t\u00e1c v\u1edbi c\u00e1c t\u1ed5 ch\u1ee9c nghi\u00ean c\u1ee9u khoa h\u1ecdc \u1edf m\u1ed9t s\u1ed1 n\u01b0\u1edbc nh\u01b0: \u00dac, Trung Qu\u1ed1c, Ph\u1ea7n Lan, Hoa K\u1ef3\u2026<\/p>\n<p><strong><em>&#8211; Th\u1ef1c hi\u1ec7n c\u00e1c ho\u1ea1t \u0111\u1ed9ng d\u1ecbch v\u1ee5 KH&amp;CN:<\/em><\/strong> T\u01b0 v\u1ea5n x\u00e2y d\u1ef1ng d\u1ef1 \u00e1n, thi\u1ebft k\u1ebf v\u00e0 thi c\u00f4ng c\u00e1c c\u00f4ng tr\u00ecnh l\u00e2m nghi\u1ec7p; Th\u1eed nghi\u1ec7m t\u00ednh ch\u1ea5t c\u1ee7a g\u1ed7, tre n\u1ee9a,&#8230; v\u1eadt li\u1ec7u c\u00f3 ngu\u1ed3n g\u1ed1c t\u1eeb g\u1ed7, x\u00e1c \u0111\u1ecbnh c\u00e1c th\u00e0nh ph\u1ea7n h\u00f3a g\u1ed7, l\u00e2m s\u1ea3n; Gi\u00e1m \u0111\u1ecbnh ch\u1ee7ng lo\u1ea1i g\u1ed7, v\u1eadt li\u1ec7u t\u1eeb g\u1ed7, l\u00e2m s\u1ea3n ngo\u00e0i g\u1ed7; Kh\u1ea3o nghi\u1ec7m hi\u1ec7u l\u1ef1c thu\u1ed1c b\u1ea3o qu\u1ea3n l\u00e2m s\u1ea3n, thu\u1ed1c ph\u00f2ng, tr\u1eeb sinh v\u1eadt g\u00e2y h\u1ea1i l\u00e2m s\u1ea3n,\u2026<\/p>\n<p><strong>\u00a0<\/strong><\/p>\n<ol start=\"4\">\n<li><strong>C\u01a1 s\u1edf v\u1eadt ch\u1ea5t:<\/strong><\/li>\n<\/ol>\n<p>Tr\u1ee5 s\u1edf ch\u00ednh c\u1ee7a Vi\u1ec7n \u0111\u01b0\u1ee3c \u0111\u1eb7t t\u1ea1i t\u1ea7ng 4 v\u00e0 t\u1ea7ng 5 nh\u00e0 7 t\u1ea7ng c\u1ee7a Vi\u1ec7n KHLN Vi\u1ec7t Nam. Ngo\u00e0i c\u00e1c B\u1ed9 m\u00f4n nghi\u00ean c\u1ee9u chuy\u00ean s\u00e2u theo t\u1eebng chuy\u00ean ng\u00e0nh, Vi\u1ec7n c\u00f2n c\u00f3 01 ph\u00f2ng th\u00ed nghi\u1ec7m V\u1eadt li\u1ec7u &amp; C\u00f4ng ngh\u1ec7 g\u1ed7 \u0111\u00e3 \u0111\u01b0\u1ee3c c\u00f4ng nh\u1eadn ph\u00f9 h\u1ee3p theo ISO\/IEC 17025 mang s\u1ed1 hi\u1ec7u VILAS 971, 02 ph\u00f2ng th\u00ed nghi\u1ec7m chuy\u00ean ng\u00e0nh (Ph\u00f2ng th\u00ed nghi\u1ec7m c\u00f4ng ngh\u1ec7 g\u1ed7 v\u00e0 h\u00f3a l\u00e2m s\u1ea3n; Ph\u00f2ng th\u00ed nghi\u1ec7m b\u1ea3o qu\u1ea3n l\u00e2m s\u1ea3n). 01 Trung t\u00e2m chuy\u1ec3n giao c\u00f4ng ngh\u1ec7 c\u00f4ng nghi\u1ec7p r\u1eebng (02 X\u01b0\u01a1\u0309ng gia c\u00f4ng ta\u0323o m\u00e2\u0303u thi\u0301 nghi\u00ea\u0323m v\u00e0 01 ba\u0303i th\u01b0\u0309 t\u01b0\u0323 nhi\u00ean,&#8230;).<\/p>\n<p><strong>\u00a0<\/strong><\/p>\n<ol start=\"5\">\n<li><strong> Nh\u1eefng th\u00e0nh t\u00edch \u0111\u1ea1t \u0111\u01b0\u1ee3c:<\/strong><\/li>\n<\/ol>\n<p>Vi\u1ec7n NC C\u00f4ng nghi\u1ec7p r\u1eebng l\u00e0 c\u01a1 s\u1edf nghi\u00ean c\u1ee9u khoa h\u1ecdc c\u01a1 b\u1ea3n v\u00e0 \u1ee9ng d\u1ee5ng \u0111\u1ea1t \u0111\u01b0\u1ee3c nhi\u1ec1u th\u00e0nh t\u00edch trong l\u0129nh v\u1ef1c C\u00f4ng nghi\u1ec7p r\u1eebng. Vi\u1ec7n lu\u00f4n n\u1eb1m trong t\u1ed1p \u0111\u1ea7u c\u00e1c Vi\u1ec7n nghi\u00ean c\u1ee9u chuy\u00ean ng\u00e0nh tr\u1ef1c thu\u1ed9c Vi\u1ec7n KHLN Vi\u1ec7t Nam c\u00f3 s\u1ed1 c\u00f4ng tr\u00ecnh khoa h\u1ecdc c\u00f4ng b\u1ed1 nhi\u1ec1u tr\u00ean c\u00e1c t\u1ea1p ch\u00ed trong v\u00e0 ngo\u00e0i n\u01b0\u1edbc. V\u1edbi th\u1ebf m\u1ea1nh l\u00e0 Vi\u1ec7n nghi\u00ean c\u1ee9u \u0111\u1ea7u ng\u00e0nh v\u1ec1 C\u00f4ng nghi\u1ec7p r\u1eebng, Vi\u1ec7n lu\u00f4n \u0111\u1ea9y m\u1ea1nh h\u01b0\u1edbng nghi\u00ean c\u1ee9u \u1ee9ng d\u1ee5ng, nhi\u1ec1u s\u1ea3n ph\u1ea9m c\u1ee7a c\u00e1c \u0111\u1ec1 t\u00e0i KHCN \u0111\u00e3 \u0111\u01b0\u1ee3c \u0111\u01b0a v\u00e0o s\u1ea3n xu\u1ea5t th\u1eed nghi\u1ec7m v\u00e0 \u1ee9ng d\u1ee5ng hi\u1ec7u qu\u1ea3 trong khoa h\u1ecdc v\u00e0 \u0111\u1eddi s\u1ed1ng, m\u1ed9t s\u1ed1 k\u1ebft qu\u1ea3 ti\u00eau bi\u1ec3u nh\u01b0: C\u00f4ng b\u1ed1 \u0111\u01b0\u1ee3c 62 b\u00e0i b\u00e1o qu\u1ed1c t\u1ebf, 106 b\u00e0i b\u00e1o trong n\u01b0\u1edbc, tham gia bi\u00ean so\u1ea1n v\u00e0 xu\u1ea5t b\u1ea3n \u0111\u01b0\u1ee3c 05 cu\u1ed1n s\u00e1ch ti\u1ebfng Vi\u1ec7t v\u00e0 ti\u1ebfng n\u01b0\u1edbc ngo\u00e0i; x\u00e2y d\u1ef1ng 46 TVCN trong \u0111\u00f3 34 TCVN \u0111\u00e3 \u0111\u01b0\u1ee3c ban h\u00e0nh; \u0111\u01b0\u1ee3c B\u1ed9 NN&amp;PTNT c\u00f4ng nh\u1eadn 11 ti\u1ebfn b\u1ed9 k\u1ef9 thu\u1eadt, C\u1ee5c s\u1edf h\u1eefu tr\u00ed tu\u1ec7 c\u1ea5p 02 b\u1eb1ng \u0111\u1ed9c quy\u1ec1n s\u00e1ng ch\u1ebf v\u00e0 C\u1ee5c b\u1ea3o v\u1ec7 th\u1ef1c v\u1eadt c\u1ea5p 01 ch\u1ee9ng nh\u1eadn thu\u1ed1c b\u1ea3o qu\u1ea3n l\u00e2m s\u1ea3n; ngo\u00e0i ra, c\u00e1c c\u00e1n b\u1ed9 trong Vi\u1ec7n c\u00f2n \u0111\u01b0\u1ee3c nh\u1eadn nhi\u1ec1u gi\u1ea3i th\u01b0\u1edfng, b\u1eb1ng khen, gi\u1ea5y khen cao qu\u00ed nh\u01b0: B\u1eb1ng lao \u0111\u1ed9ng s\u00e1ng t\u1ea1o, B\u1eb1ng khen B\u1ed9 tr\u01b0\u1edfng, gi\u1ea3i th\u01b0\u1edfng B\u00f4ng l\u00faa v\u00e0ng, nhi\u1ec1u gi\u1ea5y khen, b\u1eb1ng khen v\u00e0 gi\u1ea3i th\u01b0\u1edfng cao qu\u00ed kh\u00e1c.<\/p>\n<p><strong>\u00a0<\/strong><\/p>\n<ol start=\"6\">\n<li><strong> \u0110\u1ecbnh h\u01b0\u1edbng ph\u00e1t tri\u1ec3n:<\/strong><\/li>\n<\/ol>\n<p>&#8211; \u1ed4n \u0111\u1ecbnh t\u1ed5 ch\u1ee9c b\u1ed9 m\u00e1y, x\u00e2y d\u1ef1ng chi\u1ebfn l\u01b0\u1ee3c ph\u00e1t tri\u1ec3n cho giai \u0111o\u1ea1n m\u1edbi, t\u1ea1o c\u01a1 ch\u1ebf ch\u00ednh s\u00e1ch ph\u00f9 h\u1ee3p khuy\u1ebfn kh\u00edch v\u00e0 khai th\u00e1c hi\u1ec7u qu\u1ea3 ti\u1ec1m n\u0103ng ngu\u1ed3n nh\u00e2n l\u1ef1c c\u00f3 ch\u1ea5t l\u01b0\u1ee3ng cao.<\/p>\n<p>&#8211; \u0110\u1ea9y m\u1ea1nh c\u00e1c nghi\u00ean c\u1ee9u c\u01a1 b\u1ea3n \u0111\u1ec3 t\u1ea1o n\u1ec1n t\u1ea3ng c\u01a1 s\u1edf khoa h\u1ecdc cho c\u00e1c nghi\u00ean c\u1ee9u \u1ee9ng d\u1ee5ng chuy\u00ean s\u00e2u, \u0111\u1eb7c bi\u1ec7t l\u00e0 c\u00e1c nghi\u00ean c\u1ee9u \u0111\u1eb7c bi\u1ec7t l\u00e0 nghi\u00ean c\u1ee9u t\u1ea1o v\u1eadt li\u1ec7u m\u1edbi thay th\u1ebf g\u1ed7 t\u1ef1 nhi\u00ean. \u0110\u1ea9y m\u1ea1nh \u1ee9ng d\u1ee5ng c\u00f4ng ngh\u1ec7 4.0 v\u00e0o s\u1ea3n xu\u1ea5t n\u00f4ng l\u00e2m nghi\u1ec7p: s\u1ea3n xu\u1ea5t c\u00e2y gi\u1ed1ng, tr\u1ed3ng, b\u1ea3o v\u1ec7 v\u00e0 ch\u0103m s\u00f3c r\u1eebng, khai th\u00e1c v\u1eadn xu\u1ea5t v\u00e0 ch\u1ebf bi\u1ebfn g\u1ed7, l\u00e2m s\u1ea3n.<\/p>\n<p>&#8211; \u0110\u1ea9y m\u1ea1nh c\u00e1c ho\u1ea1t \u0111\u1ed9ng d\u1ecbch v\u1ee5 KHCN, chuy\u1ec3n giao c\u00f4ng ngh\u1ec7, ti\u1ebfn b\u1ed9 k\u1ef9 thu\u1eadt, c\u00f4ng ngh\u1ec7 m\u1edbi, k\u1ebft qu\u1ea3 nghi\u00ean c\u1ee9u v\u00e0o s\u1ea3n xu\u1ea5t.<\/p>\n<ol start=\"7\">\n<li><strong> \u0110\u1ecba ch\u1ec9 li\u00ean h\u1ec7:<\/strong><\/li>\n<\/ol>\n<table width=\"652\">\n<tbody>\n<tr>\n<td width=\"123\"><\/td>\n<td width=\"529\">T\u00ean ti\u00ea\u0301ng Vi\u00ea\u0323t: <strong>Vi\u00ea\u0323n Nghi\u00ean c\u01b0\u0301u C\u00f4ng nghi\u00ea\u0323p r\u01b0\u0300ng<\/strong><\/p>\n<p>\u0110i\u0323a chi\u0309: tr\u1ee5 s\u1edf ch\u00ednh: s\u00f4\u0301 46 \u0110\u01b0\u1eddng \u0110\u1ee9c Th\u1eafng, Ph\u01b0\u1eddng \u0110\u00f4ng Ng\u1ea1c, H\u00e0 N\u1ed9i<\/p>\n<p>\u0110i\u00ea\u0323n thoa\u0323i: (+84-24)37525632 Fax: (+84-24)37525632<\/p>\n<p>Email: <a href=\"mailto:viencnr@vafs.gov.vn\">viencnr@vafs.gov.vn<\/a> Website: <a href=\"http:\/\/www.rifi.gov.vn\">www.rifi.gov.vn<\/a><\/td>\n<\/tr>\n<\/tbody>\n<\/table>\n<p>&nbsp;<\/p>\n","protected":false},"excerpt":{"rendered":"<p>Quy\u1ebft \u0111\u1ecbnh th\u00e0nh l\u1eadp, ch\u1ee9c n\u0103ng, nhi\u1ec7m v\u1ee5 Vi\u1ec7n Nghi\u00ean c\u01b0\u0301u C\u00f4ng nghi\u00ea\u0323p r\u01b0\u0300ng (Research Institute of Forest Industry) tr\u1ef1c thu\u1ed9c Vi\u1ec7n Khoa h\u1ecdc L\u00e2m nghi\u1ec7p Vi\u1ec7t Nam, \u0111\u01b0\u1ee3c th\u00e0nh l\u1eadp tr\u00ean c\u01a1 s\u1edf t\u1ed5 ch\u1ee9c s\u1eafp x\u1ebfp l\u1ea1i Trung t\u00e2m Nghi\u00ean c\u1ee9u v\u00e0 Chuy\u1ec3n giao c\u00f4ng ngh\u1ec7 C\u00f4ng nghi\u1ec7p r\u1eebng, Ph\u00f2ng Nghi\u00ean c\u1ee9u ch\u1ebf [&hellip;]<\/p>\n","protected":false},"author":2,"featured_media":0,"parent":0,"menu_order":0,"comment_status":"open","ping_status":"open","template":"","meta":[],"_links":{"self":[{"href":"https:\/\/vafs.gov.vn\/vn\/wp-json\/wp\/v2\/pages\/1898"}],"collection":[{"href":"https:\/\/vafs.gov.vn\/vn\/wp-json\/wp\/v2\/pages"}],"about":[{"href":"https:\/\/vafs.gov.vn\/vn\/wp-json\/wp\/v2\/types\/page"}],"author":[{"embeddable":true,"href":"https:\/\/vafs.gov.vn\/vn\/wp-json\/wp\/v2\/users\/2"}],"replies":[{"embeddable":true,"href":"https:\/\/vafs.gov.vn\/vn\/wp-json\/wp\/v2\/comments?post=1898"}],"version-history":[{"count":7,"href":"https:\/\/vafs.gov.vn\/vn\/wp-json\/wp\/v2\/pages\/1898\/revisions"}],"predecessor-version":[{"id":23886,"href":"https:\/\/vafs.gov.vn\/vn\/wp-json\/wp\/v2\/pages\/1898\/revisions\/23886"}],"wp:attachment":[{"href":"https:\/\/vafs.gov.vn\/vn\/wp-json\/wp\/v2\/media?parent=1898"}],"curies":[{"name":"wp","href":"https:\/\/api.w.org\/{rel}","templated":true}]}}