{"id":1897,"date":"2013-02-02T23:54:42","date_gmt":"2013-02-02T16:54:42","guid":{"rendered":"http:\/\/vafs.gov.vn\/vn\/?page_id=1897"},"modified":"2025-09-04T11:12:20","modified_gmt":"2025-09-04T04:12:20","slug":"vien-nghien-cuu-lam-sinh","status":"publish","type":"page","link":"https:\/\/vafs.gov.vn\/vn\/vien-nghien-cuu-lam-sinh\/","title":{"rendered":"Vi\u1ec7n Nghi\u00ean c\u1ee9u L\u00e2m sinh"},"content":{"rendered":"<p><strong>Quy\u1ebft \u0111\u1ecbnh th\u00e0nh l\u1eadp:<\/strong><\/p>\n<p>Vi\u1ec7n Nghi\u00ean c\u1ee9u L\u00e2m sinh (Silviculture Research Institute-SRI) l\u00e0 \u0111\u01a1n v\u1ecb tr\u1ef1c thu\u1ed9c Vi\u1ec7n Khoa h\u1ecdc L\u00e2m nghi\u1ec7p Vi\u1ec7t Nam, \u0111\u01b0\u1ee3c th\u00e0nh l\u1eadp tr\u00ean c\u01a1 s\u1edf t\u1ed5 ch\u1ee9c l\u1ea1i Ph\u00f2ng Nghi\u00ean c\u1ee9u K\u1ef9 thu\u1eadt L\u00e2m sinh, Trung t\u00e2m \u1ee8ng d\u1ee5ng khoa h\u1ecdc k\u1ef9 thu\u1eadt L\u00e2m nghi\u1ec7p v\u00e0 m\u1ed9t b\u1ed9 ph\u1eadn Ph\u00f2ng Nghi\u00ean c\u1ee9u T\u00e0i nguy\u00ean Th\u1ef1c v\u1eadt r\u1eebng theo Quy\u1ebft \u0111\u1ecbnh s\u1ed1 3126\/Q\u0110-BNN-TCCB ng\u00e0y 13\/12\/2012 c\u1ee7a B\u1ed9 tr\u01b0\u1edfng B\u1ed9 N\u00f4ng nghi\u1ec7p v\u00e0 Ph\u00e1t tri\u1ec3n N\u00f4ng th\u00f4n.<\/p>\n<p><a href=\"http:\/\/vafs.gov.vn\/vn\/vien-nghien-cuu-lam-sinh\/vien-lamsinh\/\" rel=\"attachment wp-att-22054\"><img decoding=\"async\" loading=\"lazy\" class=\"aligncenter wp-image-22054 size-medium\" src=\"http:\/\/vafs.gov.vn\/vn\/wp-content\/uploads\/sites\/2\/2022\/07\/Vien-Lamsinh-500x267.jpg\" alt=\"\" width=\"500\" height=\"267\" srcset=\"https:\/\/vafs.gov.vn\/vn\/wp-content\/uploads\/sites\/2\/2022\/07\/Vien-Lamsinh-500x267.jpg 500w, https:\/\/vafs.gov.vn\/vn\/wp-content\/uploads\/sites\/2\/2022\/07\/Vien-Lamsinh-768x411.jpg 768w, https:\/\/vafs.gov.vn\/vn\/wp-content\/uploads\/sites\/2\/2022\/07\/Vien-Lamsinh-1024x547.jpg 1024w, https:\/\/vafs.gov.vn\/vn\/wp-content\/uploads\/sites\/2\/2022\/07\/Vien-Lamsinh.jpg 1386w\" sizes=\"(max-width: 500px) 100vw, 500px\" \/><\/a><\/p>\n<p><strong>C\u01a1 c\u1ea5u t\u1ed5 ch\u1ee9c v\u00e0 nh\u00e2n s\u1ef1:<\/strong><\/p>\n<p>C\u01a1 c\u1ea5u t\u1ed5 ch\u1ee9c c\u1ee7a Vi\u1ec7n g\u1ed3m: Ban l\u00e3nh \u0111\u1ea1o v\u00e0 06 \u0111\u01a1n v\u1ecb tr\u1ef1c thu\u1ed9c<\/p>\n<p>T\u1ed5ng s\u1ed1 vi\u00ean ch\u1ee9c, lao \u0111\u1ed9ng h\u1ee3p \u0111\u1ed3ng l\u00e0 70 ng\u01b0\u1eddi, trong \u0111\u00f3: 19 Ti\u1ebfn s\u0129, 6 NCS, 28 th\u1ea1c s\u1ef9, 23 k\u1ef9 s\u01b0, 4 cao \u0111\u1eb3ng v\u00e0 k\u1ef9 thu\u1eadt vi\u00ean. Vi\u1ec7n c\u00f3 02 c\u00e1n b\u1ed9 c\u00f3 ch\u1ee9ng ch\u1ec9 Lead auditor FSC-FM\/Coc v\u00e0 VFCS\/PEFC-FM\/CoC v\u00e0 02 c\u00e1n b\u1ed9 c\u00f3 ch\u1ee9ng ch\u1ec9 Lead auditor PEFC\/CoC.<\/p>\n<p>Vi\u1ec7n tr\u01b0\u1edfng:\u00a0 \u00a0 \u00a0 \u00a0 PGS.TS. Ho\u00e0ng V\u0103n Th\u1eafng<\/p>\n<p>Ph\u00f3 Vi\u1ec7n tr\u01b0\u1edfng: TS. Nguy\u1ec5n To\u00e0n Th\u1eafng<\/p>\n<p>Ph\u00f3 Vi\u1ec7n tr\u01b0\u1edfng: TS. L\u1ea1i Thanh H\u1ea3i<\/p>\n<table width=\"635\">\n<tbody>\n<tr>\n<td width=\"32\"><strong>TT<\/strong><\/td>\n<td width=\"412\"><strong>C\u00e1c \u0111\u01a1n v\u1ecb tr\u1ef1c thu\u1ed9c<\/strong><\/td>\n<td width=\"191\"><strong>Tr\u01b0\u1edfng \u0111\u01a1n v\u1ecb<\/strong><\/td>\n<\/tr>\n<tr>\n<td width=\"32\">1<\/td>\n<td width=\"412\">V\u0103n Ph\u00f2ng Vi\u1ec7n<\/td>\n<td width=\"191\">ThS. Tr\u1ea7n \u0110\u1ee9c M\u1ea1nh<\/td>\n<\/tr>\n<tr>\n<td width=\"32\">2<\/td>\n<td width=\"412\">B\u1ed9 m\u00f4n L\u00e2m h\u1ecdc v\u00e0 T\u00e0i nguy\u00ean r\u1eebng<\/td>\n<td width=\"191\">TS. Tri\u1ec7u Th\u00e1i H\u01b0ng<\/td>\n<\/tr>\n<tr>\n<td width=\"32\">3<\/td>\n<td width=\"412\">B\u1ed9 m\u00f4n K\u1ef9 thu\u1eadt L\u00e2m sinh<\/td>\n<td width=\"191\">TS. \u0110\u1eb7ng Th\u1ecbnh Tri\u1ec1u<\/td>\n<\/tr>\n<tr>\n<td width=\"32\">4<\/td>\n<td width=\"412\">B\u1ed9 m\u00f4n N\u00f4ng l\u00e2m K\u1ebft h\u1ee3p<\/td>\n<td width=\"191\">TS. Ph\u1ea1m \u0110\u00ecnh S\u00e2m<\/td>\n<\/tr>\n<tr>\n<td width=\"32\">5<\/td>\n<td width=\"412\">B\u1ed9 m\u00f4n \u0110i\u1ec1u tra v\u00e0 Qu\u1ea3n l\u00fd r\u1eebng b\u1ec1n v\u1eefng<\/td>\n<td width=\"191\">TS. Nguy\u1ec5n V\u0103n Th\u1ecbnh<\/td>\n<\/tr>\n<tr>\n<td width=\"32\">6<\/td>\n<td width=\"412\">Trung t\u00e2m Nghi\u00ean c\u1ee9u &amp; Chuy\u1ec3n giao K\u1ef9 thu\u1eadt L\u00e2m sinh<\/td>\n<td width=\"191\">ThS. B\u00f9i Ki\u1ec1u H\u01b0ng<\/td>\n<\/tr>\n<\/tbody>\n<\/table>\n<p><strong>L\u0129nh v\u1ef1c ho\u1ea1t \u0111\u1ed9ng ch\u00ednh:<\/strong><\/p>\n<p>Vi\u1ec7n Nghi\u00ean c\u1ee9u L\u00e2m sinh c\u00f3 ch\u1ee9c n\u0103ng nghi\u00ean c\u1ee9u khoa h\u1ecdc (bao g\u1ed3m nghi\u00ean c\u1ee9u c\u01a1 b\u1ea3n v\u00e0 nghi\u00ean c\u1ee9u \u1ee9ng d\u1ee5ng), chuy\u1ec3n giao c\u00f4ng ngh\u1ec7, h\u1ee3p t\u00e1c qu\u1ed1c t\u1ebf, t\u01b0 v\u1ea5n v\u00e0 tham gia \u0111\u00e0o t\u1ea1o v\u1ec1 l\u0129nh v\u1ef1c l\u00e2m sinh trong ph\u1ea1m vi c\u1ea3 n\u01b0\u1edbc theo quy \u0111\u1ecbnh c\u1ee7a ph\u00e1p lu\u1eadt, c\u1ee5 th\u1ec3:<\/p>\n<ol>\n<li>Nghi\u00ean c\u1ee9u c\u01a1 b\u1ea3n c\u00f3 \u0111\u1ecbnh h\u01b0\u1edbng v\u00e0 nghi\u00ean c\u1ee9u \u1ee9ng d\u1ee5ng t\u1ed5ng h\u1ee3p v\u1ec1 c\u00e1c l\u0129nh v\u1ef1c l\u00e2m sinh theo quy \u0111\u1ecbnh c\u1ee7a ph\u00e1p lu\u1eadt.<\/li>\n<li>Chuy\u1ec3n giao c\u00e1c k\u1ebft qu\u1ea3 nghi\u00ean c\u1ee9u khoa h\u1ecdc, c\u00f4ng ngh\u1ec7 c\u1ee7a Vi\u1ec7n v\u00e0o s\u1ea3n xu\u1ea5t; tri\u1ec3n khai th\u1ef1c nghi\u1ec7m, s\u1ea3n xu\u1ea5t th\u1eed nghi\u1ec7m tr\u00ean c\u01a1 s\u1edf \u1ee9ng d\u1ee5ng k\u1ebft qu\u1ea3 nghi\u00ean c\u1ee9u khoa h\u1ecdc c\u00f4ng ngh\u1ec7 c\u1ee7a Vi\u1ec7n theo quy \u0111\u1ecbnh c\u1ee7a ph\u00e1p lu\u1eadt;<\/li>\n<li>X\u00e2y d\u1ef1ng c\u00e1c ti\u00eau chu\u1ea9n qu\u1ed1c gia, quy chu\u1ea9n k\u1ef9 thu\u1eadt qu\u1ed1c gia, \u0111\u1ecbnh m\u1ee9c kinh t\u1ebf k\u1ef9 thu\u1eadt l\u00e2m sinh tr\u00ecnh c\u1ea5p c\u00f3 th\u1ea9m quy\u1ec1n ph\u00ea duy\u1ec7t theo nhi\u1ec7m v\u1ee5 \u0111\u01b0\u1ee3c giao v\u00e0 theo quy \u0111\u1ecbnh c\u1ee7a ph\u00e1p lu\u1eadt;<\/li>\n<li>H\u1ee3p t\u00e1c qu\u1ed1c t\u1ebf, li\u00ean doanh, li\u00ean k\u1ebft v\u1edbi c\u00e1c t\u1ed5 ch\u1ee9c, c\u00e1 nh\u00e2n v\u1ec1 l\u0129nh v\u1ef1c l\u00e2m sinh theo quy \u0111\u1ecbnh c\u1ee7a ph\u00e1p lu\u1eadt.<\/li>\n<li>T\u1ed5 ch\u1ee9c s\u1ea3n xu\u1ea5t, kinh doanh, xu\u1ea5t nh\u1eadp kh\u1ea9u c\u00e1c s\u1ea3n ph\u1ea9m v\u00e0 c\u00f4ng ngh\u1ec7 l\u00e2m sinh, c\u00e1c s\u1ea3n ph\u1ea9m ph\u00f9 h\u1ee3p v\u1edbi l\u0129nh v\u1ef1c ho\u1ea1t \u0111\u1ed9ng chuy\u00ean m\u00f4n c\u1ee7a Vi\u1ec7n theo quy \u0111\u1ecbnh c\u1ee7a ph\u00e1p lu\u1eadt.<\/li>\n<li>T\u01b0 v\u1ea5n \u0111\u1ea7u t\u01b0, th\u1ea9m \u0111\u1ecbnh, thi\u1ebft k\u1ebf, thi c\u00f4ng v\u00e0 gi\u00e1m s\u00e1t c\u00e1c c\u00f4ng tr\u00ecnh l\u00e2m sinh, c\u00e2y xanh \u0111\u00f4 th\u1ecb v\u00e0 c\u1ea3nh quan m\u00f4i tr\u01b0\u1eddng, c\u00e1c lo\u1ea1i v\u01b0\u1eddn \u01b0\u01a1m, nh\u00e0 l\u01b0\u1edbi, nh\u00e0 k\u00ednh, v\u01b0\u1eddn s\u01b0u t\u1eadp th\u1ef1c v\u1eadt, gi\u00e1m \u0111\u1ecbnh th\u1ef1c v\u1eadt, nhi\u00ean li\u1ec7u sinh h\u1ecdc v\u00e0 n\u0103ng l\u01b0\u1ee3ng sinh kh\u1ed1i theo quy \u0111\u1ecbnh c\u1ee7a ph\u00e1p lu\u1eadt.<\/li>\n<li>Th\u1ef1c hi\u1ec7n c\u00e1c nhi\u1ec7m v\u1ee5 khoa h\u1ecdc k\u1ef9 thu\u1eadt li\u00ean quan \u0111\u1ebfn C\u00f4ng \u01b0\u1edbc v\u1ec1 bu\u00f4n b\u00e1n qu\u1ed1c t\u1ebf c\u00e1c lo\u00e0i th\u1ef1c v\u1eadt hoang d\u00e3 nguy c\u1ea5p (CITES) theo quy \u0111\u1ecbnh c\u1ee7a ph\u00e1p lu\u1eadt.<\/li>\n<\/ol>\n<p><strong>C\u01a1 s\u1edf v\u1eadt ch\u1ea5t<\/strong><\/p>\n<p>&#8211; V\u0103n ph\u00f2ng l\u00e0m vi\u1ec7c t\u1ea1i t\u1ea7ng 2 v\u00e0 t\u1ea7ng 7, t\u00f2a nh\u00e0 7 t\u1ea7ng.<\/p>\n<p>&#8211; Ph\u00f2ng nu\u00f4i c\u1ea5y m\u00f4 v\u00e0 v\u01b0\u1eddn \u01b0\u01a1m c\u00f4ng ngh\u1ec7 cao ph\u1ee5c v\u1ee5 nghi\u00ean c\u1ee9u nh\u00e2n gi\u1ed1ng.<\/p>\n<p>&#8211; 150 ha \u0111\u1ea5t r\u1eebng ph\u1ee5c v\u1ee5 x\u00e2y d\u1ef1ng c\u00e1c th\u00ed nghi\u1ec7m v\u1ec1 tr\u1ed3ng r\u1eebng.<\/p>\n<p>&#8211; C\u00e1c thi\u1ebft b\u1ecb nghi\u00ean c\u1ee9u v\u1ec1 sinh l\u00fd th\u1ef1c v\u1eadt, sinh th\u00e1i r\u1eebng, tr\u1ed3ng r\u1eebng, \u0111i\u1ec1u tra r\u1eebng v\u00e0 c\u00f4ng ngh\u1ec7 vi\u1ec5n th\u00e1m.<\/p>\n<p><strong>Nh\u1eefng th\u00e0nh t\u00edch \u0111\u00e3 \u0111\u1ea1t \u0111\u01b0\u1ee3c<\/strong><\/p>\n<p>Nh\u1eefng th\u00e0nh t\u00edch \u0111\u1ea1t \u0111\u01b0\u1ee3c: K\u1ec3 t\u1eeb khi \u0111\u01b0\u1ee3c th\u00e0nh l\u1eadp th\u00e1ng 12\/2012, Vi\u1ec7n th\u1ef1c \u0111\u00e3 hi\u1ec7n 14 nhi\u1ec7m v\u1ee5 c\u1ea5p Qu\u1ed1c gia, 46 nhi\u1ec7m v\u1ee5 c\u1ea5p B\u1ed9, 22 nhi\u1ec7m v\u1ee5 c\u1ea5p t\u1ec9nh. C\u00e1c k\u1ebft qu\u1ea3 n\u1ed5i b\u1eadt: \u0110\u00e3 \u0111\u0103ng k\u00fd 08 gi\u1ea3i ph\u00e1p h\u1eefu \u00edch, \u0111\u01b0\u1ee3c c\u1ea5p 02 b\u1eb1ng b\u1ea3o h\u1ed9 gi\u1ed1ng c\u00e2y tr\u1ed3ng, \u0111\u01b0\u1ee3c B\u1ed9 c\u00f4ng nh\u1eadn 05 TBKT; \u0111\u00e3 ph\u00e1t hi\u1ec7n v\u00e0 c\u00f4ng b\u1ed1 \u0111\u01b0\u1ee3c 40 lo\u00e0i th\u1ef1c v\u1eadt m\u1edbi cho th\u1ebf gi\u1edbi v\u00e0 Vi\u1ec7t Nam; C\u00f4ng b\u1ed1 \u0111\u01b0\u1ee3c 159 b\u00e0i b\u00e1o tr\u00ean c\u00e1c t\u1ea1p ch\u00ed (trong \u0111\u00f3 c\u00f3 72 b\u00e0i b\u00e1o qu\u1ed1c t\u1ebf); xu\u1ea5t b\u1ea3n 16 quy\u1ec3n s\u00e1ch; x\u00e2y d\u1ef1ng 13 TCVN; X\u00e2y d\u1ef1ng \u0111\u01b0\u1ee3c nhi\u1ec1u h\u01b0\u1edbng d\u1eabn k\u1ef9 thu\u1eadt v\u1ec1 nh\u00e2n gi\u1ed1ng v\u00e0 tr\u1ed3ng c\u00e1c lo\u00e0i c\u00e2y g\u1ed7 v\u00e0 LSNG nh\u01b0 Sa m\u1ed9c, Xoan nh\u1eeb, Xoan \u0111\u00e0o, V\u00f9 h\u01b0\u01a1ng, S\u1ed3i ph\u1ea3ng, Qu\u1ebf thanh h\u00f3a, Qu\u1ebf tr\u00e0 my, S\u00e2m lai ch\u00e2u, Tam th\u1ea5t hoang, Tam th\u1ea5t g\u1eebng, Macca, \u00d3c ch\u00f3, Ch\u00e8 hoa v\u00e0ng, \u01af\u01a1i, D\u1ebb tr\u00f9ng kh\u00e1nh, S\u1edf ch\u00e8, S\u1edf l\u00ea, Sa nh\u00e2n t\u00edm,\u2026; X\u00e2y d\u1ef1ng \u0111\u01b0\u1ee3c nhi\u1ec1u m\u00f4 h\u00ecnh tr\u00ecnh di\u1ec5n khuy\u1ebfn l\u00e2m t\u1ea1i c\u00e1c \u0111\u1ecba ph\u01b0\u01a1ng; t\u01b0 v\u1ea5n v\u00e0 x\u00e2y d\u1ef1ng ph\u01b0\u01a1ng \u00e1n qu\u1ea3n l\u00fd r\u1eebng b\u1ec1n v\u1eefng &amp; c\u1ea5p ch\u1ee9ng ch\u1ec9 r\u1eebng cho 34 ch\u1ee7 r\u1eebng trong n\u01b0\u1edbc v\u00e0 t\u01b0 v\u1ea5n c\u1ea5p ch\u1ee9ng ch\u1ec9 CoC cho 02 c\u00f4ng ty \u1edf Campuchia v\u00e0 01 C\u00f4ng ty \u1edf L\u00e0o.<\/p>\n<p><strong>C\u00e1c th\u00e0nh t\u00edch \u0111\u00e3 \u0111\u01b0\u1ee3c khen th\u01b0\u1edfng<\/strong><\/p>\n<table>\n<tbody>\n<tr>\n<td width=\"48\"><strong>N\u0103m<\/strong><\/td>\n<td width=\"180\"><strong>H\u00ecnh th\u1ee9c khen th\u01b0\u1edfng<\/strong><\/td>\n<td width=\"376\"><strong>S\u1ed1, ng\u00e0y, th\u00e1ng, n\u0103m c\u1ee7a quy\u1ebft \u0111\u1ecbnh khen th\u01b0\u1edfng; c\u01a1 quan ban h\u00e0nh quy\u1ebft \u0111\u1ecbnh<\/strong><\/td>\n<\/tr>\n<tr>\n<td width=\"48\">2023<\/td>\n<td width=\"180\">B\u1eb1ng khen c\u1ee7a Th\u1ee7 t\u01b0\u1edbng Ch\u00ednh ph\u1ee7<\/td>\n<td width=\"376\">Quy\u1ebft \u0111\u1ecbnh s\u1ed1 1338\/Q\u0110-TTg, ng\u00e0y 13\/11\/2023, c\u1ee7a Th\u1ee7 t\u01b0\u1edbng Ch\u00ednh ph\u1ee7<\/td>\n<\/tr>\n<tr>\n<td width=\"48\">2016<\/td>\n<td width=\"180\">B\u1eb1ng khen c\u1ee7a B\u1ed9 tr\u01b0\u1edfng<\/td>\n<td width=\"376\">Quy\u1ebft \u0111\u1ecbnh s\u1ed1 4130\/Q\u0110-BNN-TCCB, ng\u00e0y 12\/10\/2017, c\u1ee7a B\u1ed9 N\u00f4ng nghi\u1ec7p v\u00e0 Ph\u00e1t tri\u1ec3n n\u00f4ng th\u00f4n<\/td>\n<\/tr>\n<tr>\n<td width=\"48\">2018<\/td>\n<td width=\"180\">B\u1eb1ng khen c\u1ee7a B\u1ed9 tr\u01b0\u1edfng<\/td>\n<td width=\"376\">Quy\u1ebft \u0111\u1ecbnh s\u1ed1 2294\/Q\u0110-BNN-TCCB, ng\u00e0y 19\/6\/2019, c\u1ee7a B\u1ed9 N\u00f4ng nghi\u1ec7p v\u00e0 Ph\u00e1t tri\u1ec3n n\u00f4ng th\u00f4n<\/td>\n<\/tr>\n<tr>\n<td width=\"48\">2020<\/td>\n<td width=\"180\">C\u1edd thi \u0111ua c\u1ea5p B\u1ed9<\/td>\n<td width=\"376\">Quy\u1ebft \u0111\u1ecbnh s\u1ed1 1338\/Q\u0110-BNN-TCCB, ng\u00e0y 31\/3\/2021, c\u1ee7a B\u1ed9 N\u00f4ng nghi\u1ec7p v\u00e0 Ph\u00e1t tri\u1ec3n n\u00f4ng th\u00f4n<\/td>\n<\/tr>\n<\/tbody>\n<\/table>\n<p><strong><br \/>\n\u0110\u1ecbnh h\u01b0\u1edbng ph\u00e1t tri\u1ec3n<\/strong><\/p>\n<p style=\"background: white;\"><span lang=\"EN-US\" style=\"font-size: 9.0pt; font-family: 'Arial',sans-serif; color: #333333;\">\u2013 Nghi\u00ean c\u1ee9u ch\u1ecdn gi\u1ed1ng v\u00e0 k\u1ef9 thu\u1eadt tr\u1ed3ng r\u1eebng c\u00e1c lo\u00e0i c\u00e2y nh\u1eadp n\u1ed9i v\u00e0 c\u00e2y b\u1ea3n \u0111\u1ecba sinh tr\u01b0\u1edfng nhanh cung c\u1ea5p g\u1ed7 l\u1edbn cho c\u00e1c v\u00f9ng s\u1ea3n xu\u1ea5t l\u00e2m nghi\u1ec7p tr\u1ecdng \u0111i\u1ec3m.<\/span><\/p>\n<p style=\"background: white;\"><span lang=\"EN-US\" style=\"font-size: 9.0pt; font-family: 'Arial',sans-serif; color: #333333;\">\u2013 Nghi\u00ean c\u1ee9u ch\u1ecdn gi\u1ed1ng v\u00e0 k\u1ef9 thu\u1eadt tr\u1ed3ng c\u00e1c lo\u00e0i c\u00e2y l\u00e2m s\u1ea3n ngo\u00e0i g\u1ed7, c\u00e2y \u0111a t\u00e1c d\u1ee5ng c\u00f3 gi\u00e1 tr\u1ecb.<\/span><\/p>\n<p style=\"background: white;\"><span lang=\"EN-US\" style=\"font-size: 9.0pt; font-family: 'Arial',sans-serif; color: #333333;\">\u2013 Nghi\u00ean c\u1ee9u qu\u1ea3n l\u00fd b\u1ec1n v\u1eefng r\u1eebng tr\u1ed3ng.<\/span><\/p>\n<p style=\"background: white;\"><span lang=\"EN-US\" style=\"font-size: 9.0pt; font-family: 'Arial',sans-serif; color: #333333;\">\u2013 Nghi\u00ean c\u1ee9u ph\u1ee5c h\u1ed3i r\u1eebng t\u1ef1 nhi\u00ean ngh\u00e8o v\u00e0 qu\u1ea3n l\u00fd b\u1ec1n v\u1eefng r\u1eebng t\u1ef1 nhi\u00ean.<\/span><\/p>\n<p style=\"background: white;\"><span lang=\"EN-US\" style=\"font-size: 9.0pt; font-family: 'Arial',sans-serif; color: #333333;\">&#8211; Nghi\u00ean c\u1ee9u v\u1ec1 c\u00e1c bon r\u1eebng<\/span><\/p>\n<p style=\"background: white;\"><span lang=\"EN-US\" style=\"font-size: 9.0pt; font-family: 'Arial',sans-serif; color: #333333;\">\u2013 \u1ee8ng d\u1ee5ng v\u00e0 chuy\u1ec3n giao c\u00f4ng ngh\u1ec7 v\u00e0 ti\u1ebfn b\u1ed9 k\u1ef9 thu\u1eadt v\u1ec1 l\u00e2m sinh, qu\u1ea3n l\u00fd r\u1eebng b\u1ec1n v\u1eefng v\u00e0 ch\u1ee9ng ch\u1ec9 r\u1eebng, t\u00edn ch\u1ec9 C\u00e1c bon.<\/span><\/p>\n<p>&nbsp;<\/p>\n<p><strong>\u0110\u1ecba ch\u1ec9 li\u00ean h\u1ec7:<\/strong> S\u1ed1 46 \u0110\u01b0\u1eddng \u0110\u1ee9c Th\u1eafng, Ph\u01b0\u1eddng \u0110\u00f4ng Ng\u1ea1c, H\u00e0 N\u1ed9i<\/p>\n<p>\u0110i\u1ec7n tho\u1ea1i: 0243.7525674\/0243.7525677; Web: <a href=\"http:\/\/www.sri.org.vn\/\">http:\/\/www.sri.org.vn\/<\/a><\/p>\n<div id=\"odc0mdcxnju1\">\n<div><\/div>\n<\/div>\n<p>&nbsp;<\/p>\n","protected":false},"excerpt":{"rendered":"<p>Quy\u1ebft \u0111\u1ecbnh th\u00e0nh l\u1eadp: Vi\u1ec7n Nghi\u00ean c\u1ee9u L\u00e2m sinh (Silviculture Research Institute-SRI) l\u00e0 \u0111\u01a1n v\u1ecb tr\u1ef1c thu\u1ed9c Vi\u1ec7n Khoa h\u1ecdc L\u00e2m nghi\u1ec7p Vi\u1ec7t Nam, \u0111\u01b0\u1ee3c th\u00e0nh l\u1eadp tr\u00ean c\u01a1 s\u1edf t\u1ed5 ch\u1ee9c l\u1ea1i Ph\u00f2ng Nghi\u00ean c\u1ee9u K\u1ef9 thu\u1eadt L\u00e2m sinh, Trung t\u00e2m \u1ee8ng d\u1ee5ng khoa h\u1ecdc k\u1ef9 thu\u1eadt L\u00e2m nghi\u1ec7p v\u00e0 m\u1ed9t b\u1ed9 ph\u1eadn Ph\u00f2ng [&hellip;]<\/p>\n","protected":false},"author":2,"featured_media":0,"parent":0,"menu_order":0,"comment_status":"open","ping_status":"open","template":"","meta":[],"_links":{"self":[{"href":"https:\/\/vafs.gov.vn\/vn\/wp-json\/wp\/v2\/pages\/1897"}],"collection":[{"href":"https:\/\/vafs.gov.vn\/vn\/wp-json\/wp\/v2\/pages"}],"about":[{"href":"https:\/\/vafs.gov.vn\/vn\/wp-json\/wp\/v2\/types\/page"}],"author":[{"embeddable":true,"href":"https:\/\/vafs.gov.vn\/vn\/wp-json\/wp\/v2\/users\/2"}],"replies":[{"embeddable":true,"href":"https:\/\/vafs.gov.vn\/vn\/wp-json\/wp\/v2\/comments?post=1897"}],"version-history":[{"count":14,"href":"https:\/\/vafs.gov.vn\/vn\/wp-json\/wp\/v2\/pages\/1897\/revisions"}],"predecessor-version":[{"id":23885,"href":"https:\/\/vafs.gov.vn\/vn\/wp-json\/wp\/v2\/pages\/1897\/revisions\/23885"}],"wp:attachment":[{"href":"https:\/\/vafs.gov.vn\/vn\/wp-json\/wp\/v2\/media?parent=1897"}],"curies":[{"name":"wp","href":"https:\/\/api.w.org\/{rel}","templated":true}]}}