{"id":1895,"date":"2013-12-02T23:54:17","date_gmt":"2013-12-02T16:54:17","guid":{"rendered":"http:\/\/vafs.gov.vn\/vn\/?page_id=1895"},"modified":"2024-10-02T09:12:33","modified_gmt":"2024-10-02T02:12:33","slug":"ban-dao-tao-hop-tac-quoc-te","status":"publish","type":"page","link":"https:\/\/vafs.gov.vn\/vn\/ban-dao-tao-hop-tac-quoc-te\/","title":{"rendered":"Ban Khoa h\u1ecdc, \u0110\u00e0o t\u1ea1o v\u00e0 H\u1ee3p t\u00e1c qu\u1ed1c t\u1ebf"},"content":{"rendered":"<p><strong>Quy\u1ebft \u0111\u1ecbnh th\u00e0nh l\u1eadp:<\/strong><\/p>\n<p>Ban Khoa h\u1ecdc, \u0110\u00e0o t\u1ea1o v\u00e0 H\u1ee3p t\u00e1c qu\u1ed1c t\u1ebf \u0111\u01b0\u1ee3c th\u00e0nh l\u1eadp n\u0103m 1961 (khi \u0111\u00f3 c\u00f3 t\u00ean l\u00e0 Ph\u00f2ng Khoa h\u1ecdc, Th\u00f4ng tin t\u01b0 li\u1ec7u) c\u00f9ng v\u1edbi s\u1ef1 ra \u0111\u1eddi c\u1ee7a Vi\u1ec7n Nghi\u00ean c\u1ee9u L\u00e2m nghi\u1ec7p. Giai \u0111o\u1ea1n 1981-1988 \u0111\u01b0\u1ee3c t\u00e1ch th\u00e0nh c\u00e1c Ph\u00f2ng: K\u1ebf ho\u1ea1ch Khoa h\u1ecdc, Th\u00f4ng tin T\u01b0 li\u1ec7u, \u0110\u00e0o t\u1ea1o sau \u0110\u1ea1i h\u1ecdc. \u0110\u1ebfn n\u0103m 1988 sau khi th\u00e0nh l\u1eadp Vi\u1ec7n Khoa h\u1ecdc L\u00e2m nghi\u1ec7p Vi\u1ec7t Nam \u0111\u01b0\u1ee3c t\u00e1ch th\u00e0nh c\u00e1c ph\u00f2ng g\u1ed3m: Ph\u00f2ng K\u1ebf ho\u1ea1ch Khoa h\u1ecdc, Ph\u00f2ng Th\u00f4ng tin T\u01b0 li\u1ec7u, Ph\u00f2ng \u0110\u00e0o t\u1ea1o Sau \u0111\u1ea1i h\u1ecdc, Ph\u00f2ng H\u1ee3p t\u00e1c Qu\u1ed1c t\u1ebf. Giai \u0111o\u1ea1n 1996-2011 b\u1ed1n ph\u00f2ng n\u00e0y \u0111\u01b0\u1ee3c s\u00e1p nh\u1eadp th\u00e0nh Ph\u00f2ng K\u1ebf ho\u1ea1ch, Khoa h\u1ecdc. N\u0103m 2011 theo \u0110\u1ec1 \u00e1n n\u00e2ng c\u1ea5p Vi\u1ec7n Khoa h\u1ecdc L\u00e2m nghi\u1ec7p Vi\u1ec7t Nam th\u00e0nh Vi\u1ec7n x\u1ebfp h\u1ea1ng \u0111\u1eb7c bi\u1ec7t t\u1ea1i Quy\u1ebft \u0111\u1ecbnh s\u1ed1 2099\/Q\u0110-TTg ng\u00e0y 25\/11\/2011 c\u1ee7a Th\u1ee7 t\u01b0\u1edbng Ch\u00ednh ph\u1ee7, Ph\u00f2ng K\u1ebf ho\u1ea1ch, Khoa h\u1ecdc \u0111\u01b0\u1ee3c n\u00e2ng c\u1ea5p v\u00e0 t\u00e1ch th\u00e0nh Ban K\u1ebf ho\u1ea1ch, Khoa h\u1ecdc v\u00e0 Ban \u0110\u00e0o t\u1ea1o, H\u1ee3p t\u00e1c qu\u1ed1c t\u1ebf. T\u1eeb th\u00e1ng 9\/2019 \u0111\u1ebfn nay hai Ban n\u00e0y \u0111\u01b0\u1ee3c s\u00e1p nh\u1eadp th\u00e0nh Ban Khoa h\u1ecdc, \u0110\u00e0o t\u1ea1o v\u00e0 H\u1ee3p t\u00e1c qu\u1ed1c t\u1ebf theo Q\u0110 s\u1ed1 476\/Q\u0110-KHLN-TCHC ng\u00e0y 12\/9\/2019 c\u1ee7a Gi\u00e1m \u0111\u1ed1c Vi\u1ec7n Khoa h\u1ecdc L\u00e2n nghi\u1ec7p Vi\u1ec7t Nam.<\/p>\n<p><a href=\"http:\/\/vafs.gov.vn\/vn\/ban-dao-tao-hop-tac-quoc-te\/ban-khdthtqt\/\" rel=\"attachment wp-att-22062\"><img decoding=\"async\" loading=\"lazy\" class=\"aligncenter wp-image-22062 size-medium\" src=\"http:\/\/vafs.gov.vn\/vn\/wp-content\/uploads\/sites\/2\/2022\/07\/Ban-KHDTHTQT-500x333.jpg\" alt=\"\" width=\"500\" height=\"333\" srcset=\"https:\/\/vafs.gov.vn\/vn\/wp-content\/uploads\/sites\/2\/2022\/07\/Ban-KHDTHTQT-500x333.jpg 500w, https:\/\/vafs.gov.vn\/vn\/wp-content\/uploads\/sites\/2\/2022\/07\/Ban-KHDTHTQT-768x512.jpg 768w, https:\/\/vafs.gov.vn\/vn\/wp-content\/uploads\/sites\/2\/2022\/07\/Ban-KHDTHTQT-1024x682.jpg 1024w, https:\/\/vafs.gov.vn\/vn\/wp-content\/uploads\/sites\/2\/2022\/07\/Ban-KHDTHTQT.jpg 1240w\" sizes=\"(max-width: 500px) 100vw, 500px\" \/><\/a><\/p>\n<p><strong>C\u01a1 c\u1ea5u t\u1ed5 ch\u1ee9c v\u00e0 nh\u00e2n s\u1ef1:<\/strong><\/p>\n<p>Tr\u01b0\u1edfng ban: TS. Nguy\u1ec5n Ti\u1ebfn Linh<\/p>\n<p>Ph\u00f3 Tr\u01b0\u1edfng ban: TS. N\u00f4ng Ph\u01b0\u01a1ng Nhung.<\/p>\n<p>Ph\u00f3 tr\u01b0\u1edfng ban: TS. Tri\u1ec7u Th\u00e1i H\u01b0ng<\/p>\n<p>T\u1ed5ng s\u1ed1 c\u00e1n b\u1ed9, vi\u00ean ch\u1ee9c c\u1ee7a Ban l\u00e0 13 ng\u01b0\u1eddi, trong \u0111\u00f3: 05 Ti\u1ebfn s\u0129, 05 Th\u1ea1c s\u0129, 03 c\u1eed nh\u00e2n.<\/p>\n<p><strong>Ch\u1ee9c n\u0103ng nhi\u1ec7m v\u1ee5 ch\u00ednh:<\/strong><\/p>\n<p>Ban Khoa h\u1ecdc, \u0110\u00e0o t\u1ea1o v\u00e0 H\u1ee3p t\u00e1c qu\u1ed1c t\u1ebf c\u00f3 ch\u1ee9c n\u0103ng tham m\u01b0u cho Ban Gi\u00e1m \u0111\u1ed1c Vi\u1ec7n v\u1ec1 qu\u1ea3n l\u00fd c\u00e1c ho\u1ea1t \u0111\u1ed9ng Khoa h\u1ecdc c\u00f4ng ngh\u1ec7, \u0110\u00e0o t\u1ea1o ngu\u1ed3n nh\u00e2n l\u1ef1c v\u00e0 H\u1ee3p t\u00e1c qu\u1ed1c t\u1ebf c\u1ee7a to\u00e0n Vi\u1ec7n.<\/p>\n<p><strong>Th\u00e0nh t\u00edch \u0111\u00e3 \u0111\u1ea1t \u0111\u01b0\u1ee3c:<\/strong><\/p>\n<p>T\u1eeb khi \u0111\u01b0\u1ee3c th\u00e0nh l\u1eadp \u0111\u1ebfn nay, Ban \u0111\u00e3 lu\u00f4n tham m\u01b0u k\u1ecbp th\u1eddi v\u00e0 c\u00f3 hi\u1ec7u qu\u1ea3 cho Ban L\u00e3nh \u0111\u1ea1o Vi\u1ec7n v\u1ec1 qu\u1ea3n l\u00fd ho\u1ea1t \u0111\u1ed9ng nghi\u00ean c\u1ee9u khoa h\u1ecdc, chuy\u1ec3n giao c\u00f4ng ngh\u1ec7, \u0110\u00e0o t\u1ea1o sau \u0111\u1ea1i h\u1ecdc v\u00e0 H\u1ee3p t\u00e1c qu\u1ed1c t\u1ebf.<\/p>\n<p>K\u1ebft n\u1ed1i hi\u1ec7u qu\u1ea3 c\u00e1c \u0111\u01a1n v\u1ecb thu\u1ed9c Vi\u1ec7n v\u1edbi c\u00e1c c\u01a1 quan qu\u1ea3n l\u00fd khoa h\u1ecdc v\u00e0 c\u00f4ng ngh\u1ec7 c\u00e1c c\u1ea5p, c\u00e1c \u0111\u01a1n v\u1ecb \u0111\u1ed1i t\u00e1c, h\u00e0ng n\u0103m Vi\u1ec7n \u0111\u00e3 m\u1edf m\u1edbi \u0111\u01b0\u1ee3c nhi\u1ec1u nhi\u1ec7m v\u1ee5 khoa h\u1ecdc v\u00e0 c\u00f4ng ngh\u1ec7 c\u00e1c c\u1ea5p, \u0111\u1ea9y m\u1ea1nh chuy\u1ec3n giao c\u00e1c k\u1ebft qu\u1ea3 nghi\u00ean c\u1ee9u v\u00e0o s\u1ea3n xu\u1ea5t, qua \u0111\u00f3 \u0111\u00e3 g\u00f3p ph\u1ea7n t\u0103ng ngu\u1ed3n kinh ph\u00ed ho\u1ea1t \u0111\u1ed9ng KHCN c\u1ee7a to\u00e0n Vi\u1ec7n.<\/p>\n<p>Tham m\u01b0u cho Ban L\u00e3nh \u0111\u1ea1o Vi\u1ec7n x\u00e2y d\u1ef1ng c\u00e1c chi\u1ebfn l\u01b0\u1ee3c v\u00e0 x\u00e1c \u0111\u1ecbnh c\u00e1c \u01b0u ti\u00ean nghi\u00ean c\u1ee9u, x\u00e2y d\u1ef1ng c\u00e1c quy ch\u1ebf qu\u1ea3n l\u00fd khoa h\u1ecdc c\u00f4ng ngh\u1ec7, \u0111\u00e0o t\u1ea1o v\u00e0 h\u1ee3p t\u00e1c qu\u1ed1c t\u1ebf; Qu\u1ea3n l\u00fd, ki\u1ec3m tra gi\u00e1m s\u00e1t, t\u1ed5 ch\u1ee9c t\u1ed1t c\u00e1c h\u1ed9i \u0111\u1ed3ng t\u01b0 v\u1ea5n, s\u01a1 k\u1ebft v\u00e0 t\u1ed5ng k\u1ebft c\u00e1c nhi\u1ec7m v\u1ee5 KHCN, th\u00fac \u0111\u1ea9y x\u00e2y d\u1ef1ng c\u00e1c ti\u00eau chu\u1ea9n Vi\u1ec7t Nam, c\u00f4ng nh\u1eadn gi\u1ed1ng m\u1edbi, TBKT m\u1edbi v\u00e0 gi\u1ea3i ph\u00e1p h\u1eefu \u00edch.<\/p>\n<p>T\u1ed5 ch\u1ee9c th\u00e0nh c\u00f4ng nhi\u1ec1u h\u1ed9i ngh\u1ecb, h\u1ed9i th\u1ea3o, di\u1ec5n \u0111\u00e0n khoa h\u1ecdc c\u00f4ng ngh\u1ec7; Xu\u1ea5t b\u1ea3n \u1ea5n ph\u1ea9m \u0111\u1ecbnh k\u1ef3 h\u00e0ng n\u0103m 06 s\u1ed1 c\u1ee7a T\u1ea1p ch\u00ed KHLN; S\u1ed1 h\u00f3a c\u01a1 s\u1edf d\u1eef li\u1ec7u KHCN; Ph\u1ed1i h\u1ee3p t\u1ed5 ch\u1ee9c, x\u00e2y d\u1ef1ng nhi\u1ec1u ph\u00f3ng s\u1ef1 phim v\u00e0 b\u00e0i b\u00e1o tr\u00ean c\u00e1c \u0111\u00e0i truy\u1ec1n h\u00ecnh v\u00e0 b\u00e1o N\u00f4ng nghi\u1ec7p; T\u1ed5 ch\u1ee9c c\u00e1c gian h\u00e0ng trong c\u00e1c h\u1ed9i ngh\u1ecb KHCN v\u00e0 h\u1ed9i ch\u1ee3 do B\u1ed9 NN&amp;PTNT v\u00e0 B\u1ed9 KHCN t\u1ed5 ch\u1ee9c \u0111\u1ec3 qu\u1ea3ng b\u00e1 c\u00e1c gi\u1ed1ng m\u1edbi v\u00e0 TBKT m\u1edbi c\u1ee7a Vi\u1ec7n.<\/p>\n<p>Tham m\u01b0u cho Ban l\u00e3nh \u0111\u1ea1o Vi\u1ec7n trong c\u00f4ng t\u00e1c \u0111\u00e0o t\u1ea1o ngu\u1ed3n nh\u00e2n l\u1ef1c ch\u1ea5t l\u01b0\u1ee3ng cao cho ng\u00e0nh L\u00e2m nghi\u1ec7p, \u0111\u1eb7c bi\u1ec7t l\u00e0 c\u00e1c c\u00e1n b\u1ed9 c\u00f3 tr\u00ecnh \u0111\u1ed9 ti\u1ebfn s\u0129. C\u00e1c ho\u1ea1t \u0111\u1ed9ng h\u1ee3p t\u00e1c qu\u1ed1c t\u1ebf \u0111\u00e3 k\u1ebft n\u1ed1i gi\u1eefa Vi\u1ec7n v\u00e0 c\u00e1c t\u1ed5 ch\u1ee9c qu\u1ed1c t\u1ebf \u0111\u1ec3 ti\u1ebfp nh\u1eadn \u0111\u01b0\u1ee3c nhi\u1ec1u th\u00e0nh qu\u1ea3 khoa h\u1ecdc v\u00e0 c\u00f4ng ngh\u1ec7 ti\u1ebfn ti\u1ebfn trong l\u0129nh v\u1ef1c l\u00e2m nghi\u1ec7p v\u00e0 th\u00fac \u0111\u1ea9y \u0111\u00e0o t\u1ea1o n\u00e2ng cao ngo\u1ea1i ng\u1eef, chuy\u00ean m\u00f4n v\u00e0 sau \u0111\u1ea1i h\u1ecdc cho c\u00e1n b\u1ed9 Vi\u1ec7n. Qua \u0111\u00f3 \u0111\u00e3 g\u00f3p ph\u1ea7n cho s\u1ef1 ph\u00e1t tri\u1ec3n ri\u00eang c\u1ee7a Vi\u1ec7n v\u00e0 s\u1ef1 ph\u00e1t tri\u1ec3n chung c\u1ee7a ng\u00e0nh L\u00e2m nghi\u1ec7p n\u01b0\u1edbc ta trong th\u1eddi gian qua.<\/p>\n<p>B\u00ean c\u1ea1nh ho\u1ea1t \u0111\u1ed9ng tham m\u01b0u cho Ban l\u00e3nh \u0111\u1ea1o Vi\u1ec7n, trong 10 n\u0103m g\u1ea7n \u0111\u00e2y, c\u00e1c c\u00e1n b\u1ed9 c\u1ee7a Ban \u0111\u00e3 th\u1ef1c hi\u1ec7n 2 nhi\u1ec7m v\u1ee5 c\u1ea5p Qu\u1ed1c gia, 10 nhi\u1ec7m v\u1ee5 c\u1ea5p B\u1ed9, 2 nhi\u1ec7m v\u1ee5 c\u1ea5p t\u1ec9nh, 9 d\u1ef1 \u00e1n h\u1ee3p t\u00e1c qu\u1ed1c t\u1ebf, qua \u0111\u00f3 c\u00f4ng b\u1ed1 \u0111\u01b0\u1ee3c 11 b\u00e0i b\u00e1o tr\u00ean c\u00e1c t\u1ea1p ch\u00ed qu\u1ed1c t\u1ebf v\u00e0 24 b\u00e0i tr\u00ean c\u00e1c t\u1ea1p ch\u00ed trong n\u01b0\u1edbc; xu\u1ea5t b\u1ea3n 5 quy\u1ec3n s\u00e1ch; \u0111\u01b0\u1ee3c B\u1ed9 c\u00f4ng nh\u1eadn v\u00e0 b\u1ea3o h\u1ed9 \u0111\u01b0\u1ee3c 2 gi\u1ed1ng m\u1edbi v\u00e0 04 ti\u1ebfn b\u1ed9 k\u1ef9 thu\u1eadt m\u1edbi.<\/p>\n<p>T\u1eeb nh\u1eefng k\u1ebft qu\u1ea3 \u0111\u00e3 \u0111\u1ea1t \u0111\u01b0\u1ee3c, trong nh\u1eefng n\u0103m qua, Ban Khoa h\u1ecdc, \u0110\u00e0o t\u1ea1o v\u00e0 H\u1ee3p t\u00e1c qu\u1ed1c t\u1ebf \u0111\u00e3 nh\u1eadn \u0111\u01b0\u1ee3c nhi\u1ec1u ph\u1ea7n th\u01b0\u1edfng cao qu\u00fd c\u1ee7a Ch\u00ednh ph\u1ee7 v\u00e0 c\u1ee7a B\u1ed9 N\u00f4ng nghi\u1ec7p v\u00e0 Ph\u00e1t tri\u1ec3n n\u00f4ng th\u00f4n v\u00ec \u0111\u00e3 ho\u00e0n th\u00e0nh xu\u1ea5t s\u1eafc nhi\u1ec7m v\u1ee5 \u0111\u01b0\u1ee3c giao. \u0110i\u1ec3n h\u00ecnh nh\u01b0 B\u1eb1ng khen c\u1ee7a Th\u1ee7 t\u01b0\u1edbng Ch\u00ednh ph\u1ee7 n\u0103m 2011, B\u1eb1ng khen c\u1ee7a B\u1ed9 tr\u01b0\u1edfng B\u1ed9 N\u00f4ng nghi\u1ec7p v\u00e0 Ph\u00e1t tri\u1ec3n n\u00f4ng th\u00f4n c\u00e1c n\u0103m 2014, 2015, 2016, 2017 v\u00e0 c\u00e1c b\u1eb1ng khen kh\u00e1c c\u1ee7a Gi\u00e1m \u0111\u1ed1c Vi\u1ec7n Khoa h\u1ecdc L\u00e2m nghi\u1ec7p Vi\u1ec7t Nam.<\/p>\n<p><strong>\u0110\u1ecba ch\u1ec9 li\u00ean h\u1ec7: <\/strong><\/p>\n<p>Ban Khoa h\u1ecdc, \u0110\u00e0o t\u1ea1o v\u00e0 H\u1ee3p t\u00e1c qu\u1ed1c t\u1ebf &#8211; Vi\u1ec7n Khoa h\u1ecdc L\u00e2m nghi\u1ec7p Vi\u1ec7t Nam<\/p>\n<p>\u0110i\u1ec7n tho\u1ea1i: 024.38389721; Fax: 024.38389722.<\/p>\n<p>Email: vkhln@vafs.gov.vn<\/p>\n","protected":false},"excerpt":{"rendered":"<p>Quy\u1ebft \u0111\u1ecbnh th\u00e0nh l\u1eadp: Ban Khoa h\u1ecdc, \u0110\u00e0o t\u1ea1o v\u00e0 H\u1ee3p t\u00e1c qu\u1ed1c t\u1ebf \u0111\u01b0\u1ee3c th\u00e0nh l\u1eadp n\u0103m 1961 (khi \u0111\u00f3 c\u00f3 t\u00ean l\u00e0 Ph\u00f2ng Khoa h\u1ecdc, Th\u00f4ng tin t\u01b0 li\u1ec7u) c\u00f9ng v\u1edbi s\u1ef1 ra \u0111\u1eddi c\u1ee7a Vi\u1ec7n Nghi\u00ean c\u1ee9u L\u00e2m nghi\u1ec7p. Giai \u0111o\u1ea1n 1981-1988 \u0111\u01b0\u1ee3c t\u00e1ch th\u00e0nh c\u00e1c Ph\u00f2ng: K\u1ebf ho\u1ea1ch Khoa h\u1ecdc, Th\u00f4ng [&hellip;]<\/p>\n","protected":false},"author":2,"featured_media":0,"parent":0,"menu_order":0,"comment_status":"open","ping_status":"open","template":"","meta":[],"_links":{"self":[{"href":"https:\/\/vafs.gov.vn\/vn\/wp-json\/wp\/v2\/pages\/1895"}],"collection":[{"href":"https:\/\/vafs.gov.vn\/vn\/wp-json\/wp\/v2\/pages"}],"about":[{"href":"https:\/\/vafs.gov.vn\/vn\/wp-json\/wp\/v2\/types\/page"}],"author":[{"embeddable":true,"href":"https:\/\/vafs.gov.vn\/vn\/wp-json\/wp\/v2\/users\/2"}],"replies":[{"embeddable":true,"href":"https:\/\/vafs.gov.vn\/vn\/wp-json\/wp\/v2\/comments?post=1895"}],"version-history":[{"count":16,"href":"https:\/\/vafs.gov.vn\/vn\/wp-json\/wp\/v2\/pages\/1895\/revisions"}],"predecessor-version":[{"id":23586,"href":"https:\/\/vafs.gov.vn\/vn\/wp-json\/wp\/v2\/pages\/1895\/revisions\/23586"}],"wp:attachment":[{"href":"https:\/\/vafs.gov.vn\/vn\/wp-json\/wp\/v2\/media?parent=1895"}],"curies":[{"name":"wp","href":"https:\/\/api.w.org\/{rel}","templated":true}]}}