{"id":1893,"date":"2013-08-02T23:53:53","date_gmt":"2013-08-02T16:53:53","guid":{"rendered":"http:\/\/vafs.gov.vn\/vn\/?page_id=1893"},"modified":"2023-08-04T11:15:20","modified_gmt":"2023-08-04T04:15:20","slug":"ban-to-chuc-hanh-chinh","status":"publish","type":"page","link":"https:\/\/vafs.gov.vn\/vn\/ban-to-chuc-hanh-chinh\/","title":{"rendered":"Ban T\u1ed5 ch\u1ee9c, H\u00e0nh ch\u00ednh"},"content":{"rendered":"<p><strong>Quy\u1ebft \u0111\u1ecbnh th\u00e0nh l\u1eadp:<\/strong><\/p>\n<p>Ban T\u1ed5 ch\u1ee9c, H\u00e0nh ch\u00ednh (ti\u1ec1n th\u00e2n l\u00e0 Ph\u00f2ng T\u1ed5 ch\u1ee9c h\u00e0nh ch\u00ednh) \u0111\u01b0\u1ee3c th\u00e0nh l\u1eadp n\u0103m 1961 c\u00f9ng v\u1edbi s\u1ef1 ra \u0111\u1eddi c\u1ee7a Vi\u1ec7n Nghi\u00ean c\u1ee9u L\u00e2m nghi\u1ec7p. N\u0103m 1988 sau khi th\u00e0nh l\u1eadp Vi\u1ec7n Khoa h\u1ecdc L\u00e2m nghi\u1ec7p Vi\u1ec7t Nam, Ph\u00f2ng T\u1ed5 ch\u1ee9c h\u00e0nh ch\u00ednh t\u00e1ch th\u00e0nh 2 ph\u00f2ng l\u00e0 Ph\u00f2ng T\u1ed5 ch\u1ee9c c\u00e1n b\u1ed9 v\u00e0 Ph\u00f2ng H\u00e0nh ch\u00ednh qu\u1ea3n tr\u1ecb; n\u0103m 2011 \u0111\u01b0\u1ee3c s\u00e1p nh\u1eadp v\u00e0 \u0111\u1ed5i t\u00ean th\u00e0nh Ban T\u1ed5 ch\u1ee9c, H\u00e0nh ch\u00ednh theo Quy\u1ebft \u0111\u1ecbnh s\u1ed1 2099\/Q\u0110-TTg ng\u00e0y 25\/11\/2011 c\u1ee7a Th\u1ee7 t\u01b0\u1edbng Ch\u00ednh ph\u1ee7 v\u1ec1 T\u1ed5 ch\u1ee9c v\u00e0 ho\u1ea1t \u0111\u1ed9ng c\u1ee7a Vi\u1ec7n Khoa h\u1ecdc L\u00e2m nghi\u1ec7p Vi\u1ec7t Nam.<\/p>\n<p><a href=\"http:\/\/vafs.gov.vn\/vn\/ban-to-chuc-hanh-chinh\/ban-tchc\/\" rel=\"attachment wp-att-22059\"><img decoding=\"async\" loading=\"lazy\" class=\"aligncenter wp-image-22059 size-medium\" src=\"http:\/\/vafs.gov.vn\/vn\/wp-content\/uploads\/sites\/2\/2022\/07\/Ban-TCHC-500x390.jpg\" alt=\"\" width=\"500\" height=\"390\" srcset=\"https:\/\/vafs.gov.vn\/vn\/wp-content\/uploads\/sites\/2\/2022\/07\/Ban-TCHC-500x390.jpg 500w, https:\/\/vafs.gov.vn\/vn\/wp-content\/uploads\/sites\/2\/2022\/07\/Ban-TCHC-768x599.jpg 768w, https:\/\/vafs.gov.vn\/vn\/wp-content\/uploads\/sites\/2\/2022\/07\/Ban-TCHC-1024x798.jpg 1024w, https:\/\/vafs.gov.vn\/vn\/wp-content\/uploads\/sites\/2\/2022\/07\/Ban-TCHC.jpg 1280w\" sizes=\"(max-width: 500px) 100vw, 500px\" \/><\/a><\/p>\n<p><strong>C\u01a1 c\u1ea5u t\u1ed5 ch\u1ee9c v\u00e0 nh\u00e2n s\u1ef1:<\/strong><\/p>\n<p>Tr\u01b0\u1edfng Ban: TS. Nguy\u1ec5n B\u00e1 Tri\u1ec7u; Ph\u00f3 Tr\u01b0\u1edfng Ban: ThS. Ph\u1ea1m V\u0103n Vi\u1ec7n; Ph\u00f3 Tr\u01b0\u1edfng Ban: H\u00e0 Th\u1ecb Duy\u00ean.<\/p>\n<p>T\u1ed5ng s\u1ed1 c\u00e1n b\u1ed9, vi\u00ean ch\u1ee9c c\u1ee7a Ban l\u00e0 11 ng\u01b0\u1eddi, trong \u0111\u00f3: 01 Ti\u1ebfn s\u0129, 02 Th\u1ea1c s\u0129, 04 \u0110\u1ea1i h\u1ecdc, 04 c\u00e1n b\u1ed9 Trung c\u1ea5p v\u00e0 k\u1ef9 thu\u1eadt vi\u00ean.<\/p>\n<p><strong>Ch\u1ee9c n\u0103ng nhi\u1ec7m v\u1ee5 ch\u00ednh:<\/strong><\/p>\n<p>Ch\u1ee7 tr\u00ec tham m\u01b0u cho Ban Gi\u00e1m \u0111\u1ed1c Vi\u1ec7n th\u1ef1c hi\u1ec7n Lu\u1eadt c\u00e1n b\u1ed9, Lu\u1eadt vi\u00ean ch\u1ee9c; X\u00e2y d\u1ef1ng quy ho\u1ea1ch, k\u1ebf ho\u1ea1ch \u0111\u00e0o t\u1ea1o b\u1ed3i d\u01b0\u1ee1ng ph\u00e1t tri\u1ec3n \u0111\u1ed9i ng\u0169 c\u00e1n b\u1ed9, ngu\u1ed3n nh\u00e2n l\u1ef1c c\u1ee7a Vi\u1ec7n; tuy\u1ec3n d\u1ee5ng, qu\u1ea3n l\u00fd v\u00e0 s\u1eed d\u1ee5ng c\u00e1n b\u1ed9; b\u1ed5 nhi\u1ec7m, mi\u1ec5n nhi\u1ec7m, c\u00e1ch ch\u1ee9c c\u00e1c ch\u1ee9c danh c\u1ee7a c\u00e1c \u0111\u01a1n v\u1ecb tr\u1ef1c thu\u1ed9c theo quy \u0111\u1ecbnh c\u1ee7a ph\u00e1p lu\u1eadt v\u00e0 ph\u00e2n c\u1ea5p qu\u1ea3n l\u00fd c\u00e1n b\u1ed9;<\/p>\n<p>Th\u1ef1c hi\u1ec7n c\u00e1c nhi\u1ec7m v\u1ee5 h\u00e0nh ch\u00ednh, v\u0103n th\u01b0, l\u01b0u tr\u1eef, l\u1ec5 t\u00e2n, kh\u00e1nh ti\u1ebft; Qu\u1ea3n l\u00fd c\u01a1 s\u1edf v\u1eadt ch\u1ea5t, tr\u1ee5 s\u1edf l\u00e0m vi\u1ec7c, t\u00e0i s\u1ea3n; ph\u01b0\u01a1ng ti\u1ec7n thu\u1ed9c V\u0103n ph\u00f2ng Vi\u1ec7n; Th\u1ef1c hi\u1ec7n c\u00f4ng t\u00e1c b\u1ea3o v\u1ec7, qu\u00e2n s\u1ef1, t\u1ef1 v\u1ec7, an to\u00e0n ph\u00f2ng ch\u1ed1ng ch\u00e1y n\u1ed5, v\u1ec7 sinh m\u00f4i tr\u01b0\u1eddng v\u00e0 c\u1ea3nh quan trong c\u01a1 quan Vi\u1ec7n;<\/p>\n<p>Qu\u1ea3n l\u00fd quy ho\u1ea1ch, s\u1eed d\u1ee5ng \u0111\u1ea5t \u0111ai trong to\u00e0n Vi\u1ec7n, x\u00e2y d\u1ef1ng \u0111\u1ec1 xu\u1ea5t ch\u1ee7 tr\u01b0\u01a1ng \u0111\u1ea7u t\u01b0, qu\u1ea3n l\u00fd, ki\u1ec3m tra gi\u00e1m s\u00e1t c\u00e1c d\u1ef1 \u00e1n \u0111\u1ea7u t\u01b0, x\u00e2y d\u1ef1ng, mua s\u1eafm, t\u0103ng c\u01b0\u1eddng trang thi\u1ebft b\u1ecb to\u00e0n Vi\u1ec7n;<\/p>\n<p>Th\u01b0\u1eddng tr\u1ef1c H\u1ed9i \u0111\u1ed3ng tuy\u1ec3n d\u1ee5ng, H\u1ed9i \u0111\u1ed3ng x\u00e9t t\u0103ng l\u01b0\u01a1ng, H\u1ed9i \u0111\u1ed3ng thi \u0111ua, khen th\u01b0\u1edfng, H\u1ed9i \u0111\u1ed3ng k\u1ef7 lu\u1eadt.<\/p>\n<p><strong>\u0110\u1ecba ch\u1ec9 li\u00ean h\u1ec7: <\/strong>Ban T\u1ed5 ch\u1ee9c, H\u00e0nh ch\u00ednh \u2013 Vi\u1ec7n Khoa h\u1ecdc L\u00e2m nghi\u1ec7p Vi\u1ec7t Nam<\/p>\n<p>\u0110i\u1ec7n tho\u1ea1i: 024.37525517; Fax: 024.38389721<\/p>\n","protected":false},"excerpt":{"rendered":"<p>Quy\u1ebft \u0111\u1ecbnh th\u00e0nh l\u1eadp: Ban T\u1ed5 ch\u1ee9c, H\u00e0nh ch\u00ednh (ti\u1ec1n th\u00e2n l\u00e0 Ph\u00f2ng T\u1ed5 ch\u1ee9c h\u00e0nh ch\u00ednh) \u0111\u01b0\u1ee3c th\u00e0nh l\u1eadp n\u0103m 1961 c\u00f9ng v\u1edbi s\u1ef1 ra \u0111\u1eddi c\u1ee7a Vi\u1ec7n Nghi\u00ean c\u1ee9u L\u00e2m nghi\u1ec7p. N\u0103m 1988 sau khi th\u00e0nh l\u1eadp Vi\u1ec7n Khoa h\u1ecdc L\u00e2m nghi\u1ec7p Vi\u1ec7t Nam, Ph\u00f2ng T\u1ed5 ch\u1ee9c h\u00e0nh ch\u00ednh t\u00e1ch th\u00e0nh 2 ph\u00f2ng [&hellip;]<\/p>\n","protected":false},"author":2,"featured_media":0,"parent":0,"menu_order":0,"comment_status":"open","ping_status":"open","template":"","meta":[],"_links":{"self":[{"href":"https:\/\/vafs.gov.vn\/vn\/wp-json\/wp\/v2\/pages\/1893"}],"collection":[{"href":"https:\/\/vafs.gov.vn\/vn\/wp-json\/wp\/v2\/pages"}],"about":[{"href":"https:\/\/vafs.gov.vn\/vn\/wp-json\/wp\/v2\/types\/page"}],"author":[{"embeddable":true,"href":"https:\/\/vafs.gov.vn\/vn\/wp-json\/wp\/v2\/users\/2"}],"replies":[{"embeddable":true,"href":"https:\/\/vafs.gov.vn\/vn\/wp-json\/wp\/v2\/comments?post=1893"}],"version-history":[{"count":5,"href":"https:\/\/vafs.gov.vn\/vn\/wp-json\/wp\/v2\/pages\/1893\/revisions"}],"predecessor-version":[{"id":22875,"href":"https:\/\/vafs.gov.vn\/vn\/wp-json\/wp\/v2\/pages\/1893\/revisions\/22875"}],"wp:attachment":[{"href":"https:\/\/vafs.gov.vn\/vn\/wp-json\/wp\/v2\/media?parent=1893"}],"curies":[{"name":"wp","href":"https:\/\/api.w.org\/{rel}","templated":true}]}}