{"id":15030,"date":"2015-04-21T10:28:19","date_gmt":"2015-04-21T03:28:19","guid":{"rendered":"http:\/\/vafs.gov.vn\/vn\/?page_id=15030"},"modified":"2015-04-21T10:28:19","modified_gmt":"2015-04-21T03:28:19","slug":"loai-phi-lao-dong-tt2-7","status":"publish","type":"page","link":"https:\/\/vafs.gov.vn\/vn\/loai-phi-lao-dong-tt2-7\/","title":{"rendered":"Lo\u00e0i: Phi lao &#8211; D\u00f2ng: TT2.7"},"content":{"rendered":"<p>&#8211;<strong>Quy\u1ebft \u0111\u1ecbnh s\u1ed1:\u00a0<\/strong>301\/Q\u0110\/BNN-KHCN, ng\u00e0y 29\/01\/2002<\/p>\n<p>&#8211;<strong>T\u00e1c gi\u1ea3:\u00a0<\/strong>\u00a0Trung t\u00e2m k\u1ef9 thu\u1eadt b\u1ea3o v\u1ec7 r\u1eebng s\u1ed1 2 (nay l\u00e0 c\u01a1 quan ki\u1ec3m l\u00e2m v\u00f9ng II)<\/p>\n<p>&#8211;<b>\u0110\u1ecba ch\u1ec9 li\u00ean h\u1ec7:\u00a0<\/b>S\u1ed1 02 Tr\u1ea7n H\u01b0ng \u0110\u1ea1o, ph\u01b0\u1eddng H\u00e0m R\u1ed3ng, th\u00e0nh ph\u1ed1 Thanh Ho\u00e1<\/p>\n<p><strong>-Nh\u1eefng \u0111\u1eb7c \u0111i\u1ec3m \u01b0u vi\u1ec7t:<\/strong><\/p>\n<p>+Kh\u1ea3 n\u0103ng ch\u1ed1ng ch\u1ecbu kh\u00f4 h\u1ea1n t\u1ed1t, \u0111\u1ebfn nay ch\u01b0a ph\u00e1t hi\u1ec7n c\u00f3 s\u00e2u b\u1ec7nh h\u1ea1i.<\/p>\n<p>+Sinh tr\u01b0\u1edfng chi\u1ec1u cao, \u0111\u01b0\u1eddng k\u00ednh cao h\u01a1n nhi\u1ec1u so v\u1edbi gi\u1ed1ng \u0111\u1ecba ph\u01b0\u01a1ng, n\u0103ng su\u1ea5t t\u0103ng 150% so v\u1edbi gi\u1ed1ng \u0111\u1ea1i tr\u00e0.<\/p>\n<p>+Kh\u1ea3 n\u0103ng ph\u00f2ng h\u1ed9 ch\u1eafn gi\u00f3, ch\u1eafn c\u00e1t bay t\u1ed1t, \u0111\u01b0\u1ee3c s\u1eed d\u1ee5ng r\u1ea5t t\u1ed1t \u0111\u1ec3 ph\u00f2ng h\u1ed9 ven bi\u1ec3n.<\/p>\n<p>&#8211;<strong>V\u00f9ng \u00e1p d\u1ee5ng:\u00a0<\/strong>V\u00f9ng c\u00e1t ven bi\u1ec3n, \u0111\u1ea5t ph\u00f9 sa \u0111\u1ed3ng b\u1eb1ng ven bi\u1ec3n v\u00e0 \u0111\u1ea5t b\u1ed3i t\u1ee5<\/p>\n","protected":false},"excerpt":{"rendered":"<p>&#8211;Quy\u1ebft \u0111\u1ecbnh s\u1ed1:\u00a0301\/Q\u0110\/BNN-KHCN, ng\u00e0y 29\/01\/2002 &#8211;T\u00e1c gi\u1ea3:\u00a0\u00a0Trung t\u00e2m k\u1ef9 thu\u1eadt b\u1ea3o v\u1ec7 r\u1eebng s\u1ed1 2 (nay l\u00e0 c\u01a1 quan ki\u1ec3m l\u00e2m v\u00f9ng II) &#8211;\u0110\u1ecba ch\u1ec9 li\u00ean h\u1ec7:\u00a0S\u1ed1 02 Tr\u1ea7n H\u01b0ng \u0110\u1ea1o, ph\u01b0\u1eddng H\u00e0m R\u1ed3ng, th\u00e0nh ph\u1ed1 Thanh Ho\u00e1 -Nh\u1eefng \u0111\u1eb7c \u0111i\u1ec3m \u01b0u vi\u1ec7t: +Kh\u1ea3 n\u0103ng ch\u1ed1ng ch\u1ecbu kh\u00f4 h\u1ea1n t\u1ed1t, \u0111\u1ebfn nay ch\u01b0a ph\u00e1t hi\u1ec7n [&hellip;]<\/p>\n","protected":false},"author":13,"featured_media":0,"parent":0,"menu_order":0,"comment_status":"open","ping_status":"open","template":"","meta":[],"_links":{"self":[{"href":"https:\/\/vafs.gov.vn\/vn\/wp-json\/wp\/v2\/pages\/15030"}],"collection":[{"href":"https:\/\/vafs.gov.vn\/vn\/wp-json\/wp\/v2\/pages"}],"about":[{"href":"https:\/\/vafs.gov.vn\/vn\/wp-json\/wp\/v2\/types\/page"}],"author":[{"embeddable":true,"href":"https:\/\/vafs.gov.vn\/vn\/wp-json\/wp\/v2\/users\/13"}],"replies":[{"embeddable":true,"href":"https:\/\/vafs.gov.vn\/vn\/wp-json\/wp\/v2\/comments?post=15030"}],"version-history":[{"count":1,"href":"https:\/\/vafs.gov.vn\/vn\/wp-json\/wp\/v2\/pages\/15030\/revisions"}],"predecessor-version":[{"id":15032,"href":"https:\/\/vafs.gov.vn\/vn\/wp-json\/wp\/v2\/pages\/15030\/revisions\/15032"}],"wp:attachment":[{"href":"https:\/\/vafs.gov.vn\/vn\/wp-json\/wp\/v2\/media?parent=15030"}],"curies":[{"name":"wp","href":"https:\/\/api.w.org\/{rel}","templated":true}]}}