{"id":14985,"date":"2015-04-21T09:41:44","date_gmt":"2015-04-21T02:41:44","guid":{"rendered":"http:\/\/vafs.gov.vn\/vn\/?page_id=14985"},"modified":"2015-04-21T09:41:44","modified_gmt":"2015-04-21T02:41:44","slug":"giong-keo-lai-tu-nhien-ky-hieu-kl2","status":"publish","type":"page","link":"https:\/\/vafs.gov.vn\/vn\/giong-keo-lai-tu-nhien-ky-hieu-kl2\/","title":{"rendered":"Gi\u1ed1ng  Keo lai t\u1ef1 nhi\u00ean &#8211; K\u00fd hi\u1ec7u: KL2"},"content":{"rendered":"<p>&#8211;<strong>Quy\u1ebft \u0111\u1ecbnh s\u1ed1:\u00a0<\/strong>2722\/Q\u0110-BNN-KHCN ng\u00e0y 07\/9\/2004<\/p>\n<p>&#8211;<strong>T\u00e1c gi\u1ea3:\u00a0<\/strong> Hu\u1ef3nh \u0110\u1ee9c Nh\u00e2n, Nguy\u1ec5n V\u0103n Ng\u1ecdc, Nguy\u1ec5n S\u1ef9 Hu\u1ed1ng, Nguy\u1ec5n Quang \u0110\u1ee9c, Nguy\u1ec5n V\u0103n Th\u1ea1nh.<\/p>\n<p>&#8211;<b>\u0110\u1ecba ch\u1ec9 li\u00ean h\u1ec7:\u00a0<\/b>Vi\u1ec7n nghi\u00ean c\u1ee9u c\u00e2y nguy\u00ean li\u1ec7u gi\u1ea5y.<\/p>\n<p><strong>-Nh\u1eefng \u0111\u1eb7c \u0111i\u1ec3m \u01b0u vi\u1ec7t:<\/strong><\/p>\n<p>+Ch\u1ed1ng ch\u1ecbu s\u00e2u b\u1ec7nh: T\u1ed1t<\/p>\n<p>+Ch\u1ea5t l\u01b0\u1ee3ng g\u1ed7 t\u1ed1t, \u00edt c\u00e0nh nh\u00e1nh, n\u0103ng su\u1ea5t 41-46m3\/ha\/n\u0103m<\/p>\n<p>&#8211;<strong>V\u00f9ng \u00e1p d\u1ee5ng: <\/strong>\u0110\u1ed3ng Nai v\u00e0 n\u01a1i c\u00f3 \u0111i\u1ec1u ki\u1ec7n t\u01b0\u01a1ng t\u1ef1.<\/p>\n<p>&#8211;<strong>Kh\u1ea3 n\u0103ng cung c\u1ea5p gi\u1ed1ng<\/strong>: C\u00e2y con v\u00e0 hom gi\u1ed1ng<\/p>\n<p>&nbsp;<\/p>\n","protected":false},"excerpt":{"rendered":"<p>&#8211;Quy\u1ebft \u0111\u1ecbnh s\u1ed1:\u00a02722\/Q\u0110-BNN-KHCN ng\u00e0y 07\/9\/2004 &#8211;T\u00e1c gi\u1ea3:\u00a0 Hu\u1ef3nh \u0110\u1ee9c Nh\u00e2n, Nguy\u1ec5n V\u0103n Ng\u1ecdc, Nguy\u1ec5n S\u1ef9 Hu\u1ed1ng, Nguy\u1ec5n Quang \u0110\u1ee9c, Nguy\u1ec5n V\u0103n Th\u1ea1nh. &#8211;\u0110\u1ecba ch\u1ec9 li\u00ean h\u1ec7:\u00a0Vi\u1ec7n nghi\u00ean c\u1ee9u c\u00e2y nguy\u00ean li\u1ec7u gi\u1ea5y. -Nh\u1eefng \u0111\u1eb7c \u0111i\u1ec3m \u01b0u vi\u1ec7t: +Ch\u1ed1ng ch\u1ecbu s\u00e2u b\u1ec7nh: T\u1ed1t +Ch\u1ea5t l\u01b0\u1ee3ng g\u1ed7 t\u1ed1t, \u00edt c\u00e0nh nh\u00e1nh, n\u0103ng su\u1ea5t 41-46m3\/ha\/n\u0103m &#8211;V\u00f9ng \u00e1p d\u1ee5ng: [&hellip;]<\/p>\n","protected":false},"author":13,"featured_media":0,"parent":0,"menu_order":0,"comment_status":"open","ping_status":"open","template":"","meta":[],"_links":{"self":[{"href":"https:\/\/vafs.gov.vn\/vn\/wp-json\/wp\/v2\/pages\/14985"}],"collection":[{"href":"https:\/\/vafs.gov.vn\/vn\/wp-json\/wp\/v2\/pages"}],"about":[{"href":"https:\/\/vafs.gov.vn\/vn\/wp-json\/wp\/v2\/types\/page"}],"author":[{"embeddable":true,"href":"https:\/\/vafs.gov.vn\/vn\/wp-json\/wp\/v2\/users\/13"}],"replies":[{"embeddable":true,"href":"https:\/\/vafs.gov.vn\/vn\/wp-json\/wp\/v2\/comments?post=14985"}],"version-history":[{"count":1,"href":"https:\/\/vafs.gov.vn\/vn\/wp-json\/wp\/v2\/pages\/14985\/revisions"}],"predecessor-version":[{"id":14987,"href":"https:\/\/vafs.gov.vn\/vn\/wp-json\/wp\/v2\/pages\/14985\/revisions\/14987"}],"wp:attachment":[{"href":"https:\/\/vafs.gov.vn\/vn\/wp-json\/wp\/v2\/media?parent=14985"}],"curies":[{"name":"wp","href":"https:\/\/api.w.org\/{rel}","templated":true}]}}