{"id":14959,"date":"2015-04-17T10:13:18","date_gmt":"2015-04-17T03:13:18","guid":{"rendered":"http:\/\/vafs.gov.vn\/vn\/?page_id=14959"},"modified":"2015-04-17T10:13:18","modified_gmt":"2015-04-17T03:13:18","slug":"keo-tai-tuong-acacia-mangium-xuat-xu-bloomfield","status":"publish","type":"page","link":"https:\/\/vafs.gov.vn\/vn\/keo-tai-tuong-acacia-mangium-xuat-xu-bloomfield\/","title":{"rendered":"Keo tai t\u01b0\u1ee3ng (Acacia mangium) &#8211; Xu\u1ea5t x\u1ee9 Bloomfield"},"content":{"rendered":"<p><b>&#8211; Quy\u1ebft \u0111\u1ecbnh s\u1ed1<\/b>: 1773\/Q\u0110\/BNN-KHCN ng\u00e0y 19\/07\/2005.<\/p>\n<p><b>&#8211; T\u00e1c gi\u1ea3<\/b>: Hu\u1ef3nh \u0110\u1ee9c Nh\u00e2n, Nguy\u1ec5n Quang \u0110\u1ee9c.<\/p>\n<p>&#8211; <b>\u0110\u1ecba ch\u1ec9 li\u00ean h\u1ec7<\/b>: Vi\u1ec7n nghi\u00ean c\u1ee9u c\u00e2y nguy\u00ean li\u1ec7u gi\u1ea5y.<\/p>\n<p><b>&#8211; Nh\u1eefng \u0111\u1eb7c \u0111i\u1ec3m \u01b0u vi\u1ec7t:<\/b><\/p>\n<p>+ Ch\u1ed1ng ch\u1ecbu s\u00e2u b\u1ec7nh: t\u1ed1t<\/p>\n<p>+ Ch\u1ea5t l\u01b0\u1ee3ng g\u1ed7 t\u1ed1t, \u00edt c\u00e0nh nh\u00e1nh, n\u0103ng su\u1ea5t \u0111\u1ea1t 20-25 m<sup>3<\/sup>\/ha\/n\u0103m.<\/p>\n<p><b>&#8211; V\u00f9ng \u00e1p d\u1ee5ng: <\/b>Trung t\u00e2m v\u00e0 n\u01a1i c\u00f3 \u0111i\u1ec1u ki\u1ec7n t\u01b0\u01a1ng t\u1ef1.<\/p>\n<p style=\"text-align: center\"><a href=\"http:\/\/vafs.gov.vn\/vn\/wp-content\/uploads\/sites\/2\/2015\/04\/keo-tai-tuong-bloomfile.jpg\"><img decoding=\"async\" loading=\"lazy\" class=\"alignnone size-full wp-image-14960\" alt=\"keo tai tuong bloomfile\" src=\"http:\/\/vafs.gov.vn\/vn\/wp-content\/uploads\/sites\/2\/2015\/04\/keo-tai-tuong-bloomfile.jpg\" width=\"224\" height=\"322\" \/><\/a><\/p>\n","protected":false},"excerpt":{"rendered":"<p>&#8211; Quy\u1ebft \u0111\u1ecbnh s\u1ed1: 1773\/Q\u0110\/BNN-KHCN ng\u00e0y 19\/07\/2005. &#8211; T\u00e1c gi\u1ea3: Hu\u1ef3nh \u0110\u1ee9c Nh\u00e2n, Nguy\u1ec5n Quang \u0110\u1ee9c. &#8211; \u0110\u1ecba ch\u1ec9 li\u00ean h\u1ec7: Vi\u1ec7n nghi\u00ean c\u1ee9u c\u00e2y nguy\u00ean li\u1ec7u gi\u1ea5y. &#8211; Nh\u1eefng \u0111\u1eb7c \u0111i\u1ec3m \u01b0u vi\u1ec7t: + Ch\u1ed1ng ch\u1ecbu s\u00e2u b\u1ec7nh: t\u1ed1t + Ch\u1ea5t l\u01b0\u1ee3ng g\u1ed7 t\u1ed1t, \u00edt c\u00e0nh nh\u00e1nh, n\u0103ng su\u1ea5t \u0111\u1ea1t 20-25 m3\/ha\/n\u0103m. &#8211; V\u00f9ng [&hellip;]<\/p>\n","protected":false},"author":13,"featured_media":0,"parent":0,"menu_order":0,"comment_status":"open","ping_status":"open","template":"","meta":[],"_links":{"self":[{"href":"https:\/\/vafs.gov.vn\/vn\/wp-json\/wp\/v2\/pages\/14959"}],"collection":[{"href":"https:\/\/vafs.gov.vn\/vn\/wp-json\/wp\/v2\/pages"}],"about":[{"href":"https:\/\/vafs.gov.vn\/vn\/wp-json\/wp\/v2\/types\/page"}],"author":[{"embeddable":true,"href":"https:\/\/vafs.gov.vn\/vn\/wp-json\/wp\/v2\/users\/13"}],"replies":[{"embeddable":true,"href":"https:\/\/vafs.gov.vn\/vn\/wp-json\/wp\/v2\/comments?post=14959"}],"version-history":[{"count":2,"href":"https:\/\/vafs.gov.vn\/vn\/wp-json\/wp\/v2\/pages\/14959\/revisions"}],"predecessor-version":[{"id":14963,"href":"https:\/\/vafs.gov.vn\/vn\/wp-json\/wp\/v2\/pages\/14959\/revisions\/14963"}],"wp:attachment":[{"href":"https:\/\/vafs.gov.vn\/vn\/wp-json\/wp\/v2\/media?parent=14959"}],"curies":[{"name":"wp","href":"https:\/\/api.w.org\/{rel}","templated":true}]}}