{"id":14956,"date":"2015-04-17T09:51:01","date_gmt":"2015-04-17T02:51:01","guid":{"rendered":"http:\/\/vafs.gov.vn\/vn\/?page_id=14956"},"modified":"2015-04-17T09:51:01","modified_gmt":"2015-04-17T02:51:01","slug":"loai-bach-dan-tere-e-tereticornis-xuat-xu-laura-river","status":"publish","type":"page","link":"https:\/\/vafs.gov.vn\/vn\/loai-bach-dan-tere-e-tereticornis-xuat-xu-laura-river\/","title":{"rendered":"Lo\u00e0i: B\u1ea1ch \u0111\u00e0n t\u00ear\u00ea (E. tereticornis) &#8211; Xu\u1ea5t x\u1ee9: Laura river"},"content":{"rendered":"<p>&#8211; <b>Quy\u1ebft \u0111\u1ecbnh c\u00f4ng nh\u1eadn s\u1ed1<\/b>: 4260\/Q\u0110-BNN, ng\u00e0y 12\/10\/2000.<\/p>\n<p>&#8211; <b>T\u00e1c gi\u1ea3<\/b>: Vi\u1ec7n Khoa h\u1ecdc L\u00e2m Nghi\u1ec7p Vi\u1ec7t Nam.<\/p>\n<p>&#8211; <b>V\u00f9ng \u00e1p d\u1ee5ng<\/b>: \u0110\u00f4ng Nam B\u1ed9<\/p>\n<p>&#8211; <b>Kh\u1ea3 n\u0103ng cung c\u1ea5p gi\u1ed1ng<\/b>: c\u00e2y con.<\/p>\n","protected":false},"excerpt":{"rendered":"<p>&#8211; Quy\u1ebft \u0111\u1ecbnh c\u00f4ng nh\u1eadn s\u1ed1: 4260\/Q\u0110-BNN, ng\u00e0y 12\/10\/2000. &#8211; T\u00e1c gi\u1ea3: Vi\u1ec7n Khoa h\u1ecdc L\u00e2m Nghi\u1ec7p Vi\u1ec7t Nam. &#8211; V\u00f9ng \u00e1p d\u1ee5ng: \u0110\u00f4ng Nam B\u1ed9 &#8211; Kh\u1ea3 n\u0103ng cung c\u1ea5p gi\u1ed1ng: c\u00e2y con.<\/p>\n","protected":false},"author":13,"featured_media":0,"parent":0,"menu_order":0,"comment_status":"open","ping_status":"open","template":"","meta":[],"_links":{"self":[{"href":"https:\/\/vafs.gov.vn\/vn\/wp-json\/wp\/v2\/pages\/14956"}],"collection":[{"href":"https:\/\/vafs.gov.vn\/vn\/wp-json\/wp\/v2\/pages"}],"about":[{"href":"https:\/\/vafs.gov.vn\/vn\/wp-json\/wp\/v2\/types\/page"}],"author":[{"embeddable":true,"href":"https:\/\/vafs.gov.vn\/vn\/wp-json\/wp\/v2\/users\/13"}],"replies":[{"embeddable":true,"href":"https:\/\/vafs.gov.vn\/vn\/wp-json\/wp\/v2\/comments?post=14956"}],"version-history":[{"count":1,"href":"https:\/\/vafs.gov.vn\/vn\/wp-json\/wp\/v2\/pages\/14956\/revisions"}],"predecessor-version":[{"id":14957,"href":"https:\/\/vafs.gov.vn\/vn\/wp-json\/wp\/v2\/pages\/14956\/revisions\/14957"}],"wp:attachment":[{"href":"https:\/\/vafs.gov.vn\/vn\/wp-json\/wp\/v2\/media?parent=14956"}],"curies":[{"name":"wp","href":"https:\/\/api.w.org\/{rel}","templated":true}]}}