{"id":14938,"date":"2015-04-17T09:37:46","date_gmt":"2015-04-17T02:37:46","guid":{"rendered":"http:\/\/vafs.gov.vn\/vn\/?page_id=14938"},"modified":"2015-04-17T09:37:46","modified_gmt":"2015-04-17T02:37:46","slug":"de-van-an-qua-ky-hieu-dv-ls-10-08","status":"publish","type":"page","link":"https:\/\/vafs.gov.vn\/vn\/de-van-an-qua-ky-hieu-dv-ls-10-08\/","title":{"rendered":"D\u1ebb v\u00e1n \u0103n qu\u1ea3 &#8211; K\u00fd hi\u1ec7u: DV.LS.10.08"},"content":{"rendered":"<p>&#8211;<b> Quy\u1ebft \u0111\u1ecbnh s\u1ed1: <\/b>3364\/Q\u0110-BNN-TCLN, ng\u00e0y 15\/12\/2010.<b><\/b><\/p>\n<p>&#8211; <b>T\u00e1c gi\u1ea3: <\/b>C\u00f4ng ty C\u1ed5 ph\u1ea7n gi\u1ed1ng l\u00e2m nghi\u1ec7p v\u00f9ng \u0110\u00f4ng B\u1eafc<\/p>\n<p>&#8211; <b>\u0110\u1ecba ch\u1ec9 li\u00ean h\u1ec7:<\/b> S\u1ed1 240 Tr\u1ea7n Quang Kh\u1ea3i, TP. L\u1ea1ng S\u01a1n, t\u1ec9nh L\u1ea1ng S\u01a1n.<\/p>\n<p>&#8211;<b> Nh\u1eefng \u0111\u1eb7c \u0111i\u1ec3m \u01b0u vi\u1ec7t:<\/b><\/p>\n<p>+ Kh\u1ea3 n\u0103ng ch\u1ed1ng ch\u1ecbu kh\u00f4 h\u1ea1n t\u1ed1t, \u0111\u1ebfn nay ch\u01b0a ph\u00e1t hi\u1ec7n c\u00f3 s\u00e2u b\u1ec7nh h\u1ea1i.<\/p>\n<p>+ N\u0103ng su\u1ea5t qu\u1ea3 t\u01b0\u01a1i 4.000kg\/ha\/n\u0103m; kh\u00f4ng c\u00f3 hi\u1ec7n t\u01b0\u1ee3ng chu k\u1ef3 sai qu\u1ea3.<\/p>\n<p>&#8211; <b>V\u00f9ng \u00e1p d\u1ee5ng<\/b>: V\u00f9ng \u0110\u00f4ng B\u1eafc B\u1ed9 v\u00e0 nh\u1eefng n\u01a1i c\u00f3 \u0111i\u1ec1u ki\u1ec7n sinh th\u00e1i t\u01b0\u01a1ng t\u1ef1.<\/p>\n<p><b>&#8211; Kh\u1ea3 n\u0103ng cung c\u1ea5p gi\u1ed1ng:<\/b> C\u00e2y gh\u00e9p; hom gi\u1ed1ng.<\/p>\n<p style=\"text-align: center\"><a href=\"http:\/\/vafs.gov.vn\/vn\/wp-content\/uploads\/sites\/2\/2015\/04\/d\u1ebb-v\u00e1n.jpg\"><img decoding=\"async\" loading=\"lazy\" class=\"alignnone size-medium wp-image-14939\" alt=\"d\u1ebb v\u00e1n\" src=\"http:\/\/vafs.gov.vn\/vn\/wp-content\/uploads\/sites\/2\/2015\/04\/d\u1ebb-v\u00e1n-500x452.jpg\" width=\"500\" height=\"452\" srcset=\"https:\/\/vafs.gov.vn\/vn\/wp-content\/uploads\/sites\/2\/2015\/04\/d\u1ebb-v\u00e1n-500x452.jpg 500w, https:\/\/vafs.gov.vn\/vn\/wp-content\/uploads\/sites\/2\/2015\/04\/d\u1ebb-v\u00e1n.jpg 508w\" sizes=\"(max-width: 500px) 100vw, 500px\" \/><\/a><\/p>\n","protected":false},"excerpt":{"rendered":"<p>&#8211; Quy\u1ebft \u0111\u1ecbnh s\u1ed1: 3364\/Q\u0110-BNN-TCLN, ng\u00e0y 15\/12\/2010. &#8211; T\u00e1c gi\u1ea3: C\u00f4ng ty C\u1ed5 ph\u1ea7n gi\u1ed1ng l\u00e2m nghi\u1ec7p v\u00f9ng \u0110\u00f4ng B\u1eafc &#8211; \u0110\u1ecba ch\u1ec9 li\u00ean h\u1ec7: S\u1ed1 240 Tr\u1ea7n Quang Kh\u1ea3i, TP. L\u1ea1ng S\u01a1n, t\u1ec9nh L\u1ea1ng S\u01a1n. &#8211; Nh\u1eefng \u0111\u1eb7c \u0111i\u1ec3m \u01b0u vi\u1ec7t: + Kh\u1ea3 n\u0103ng ch\u1ed1ng ch\u1ecbu kh\u00f4 h\u1ea1n t\u1ed1t, \u0111\u1ebfn nay ch\u01b0a ph\u00e1t hi\u1ec7n [&hellip;]<\/p>\n","protected":false},"author":13,"featured_media":0,"parent":0,"menu_order":0,"comment_status":"open","ping_status":"open","template":"","meta":[],"_links":{"self":[{"href":"https:\/\/vafs.gov.vn\/vn\/wp-json\/wp\/v2\/pages\/14938"}],"collection":[{"href":"https:\/\/vafs.gov.vn\/vn\/wp-json\/wp\/v2\/pages"}],"about":[{"href":"https:\/\/vafs.gov.vn\/vn\/wp-json\/wp\/v2\/types\/page"}],"author":[{"embeddable":true,"href":"https:\/\/vafs.gov.vn\/vn\/wp-json\/wp\/v2\/users\/13"}],"replies":[{"embeddable":true,"href":"https:\/\/vafs.gov.vn\/vn\/wp-json\/wp\/v2\/comments?post=14938"}],"version-history":[{"count":1,"href":"https:\/\/vafs.gov.vn\/vn\/wp-json\/wp\/v2\/pages\/14938\/revisions"}],"predecessor-version":[{"id":14940,"href":"https:\/\/vafs.gov.vn\/vn\/wp-json\/wp\/v2\/pages\/14938\/revisions\/14940"}],"wp:attachment":[{"href":"https:\/\/vafs.gov.vn\/vn\/wp-json\/wp\/v2\/media?parent=14938"}],"curies":[{"name":"wp","href":"https:\/\/api.w.org\/{rel}","templated":true}]}}