{"id":14928,"date":"2015-04-17T09:31:24","date_gmt":"2015-04-17T02:31:24","guid":{"rendered":"http:\/\/vafs.gov.vn\/vn\/?page_id=14928"},"modified":"2015-04-17T09:31:24","modified_gmt":"2015-04-17T02:31:24","slug":"loai-thong-caribe-p-caribaea-var-hondurensis-xuat-xu-poptun2","status":"publish","type":"page","link":"https:\/\/vafs.gov.vn\/vn\/loai-thong-caribe-p-caribaea-var-hondurensis-xuat-xu-poptun2\/","title":{"rendered":"Lo\u00e0i: Th\u00f4ng caribe (P.caribaea var. hondurensis) &#8211; Xu\u1ea5t x\u1ee9: Poptun2"},"content":{"rendered":"<p>&#8211; <b>Quy\u1ebft \u0111\u1ecbnh c\u00f4ng nh\u1eadn s\u1ed1<\/b>: 3614\/Q\u0110-BNN ng\u00e0y 8\/8\/2001.<\/p>\n<p>&#8211; <b>T\u00e1c gi\u1ea3<\/b>: Vi\u1ec7n Nghi\u00ean c\u1ee9u Gi\u1ed1ng v\u00e0 C\u00f4ng ngh\u1ec7 sinh h\u1ecdc L\u00e2m nghi\u1ec7p &#8211; Vi\u1ec7n Khoa h\u1ecdc L\u00e2m Nghi\u1ec7p Vi\u1ec7t Nam v\u00e0 Trung t\u00e2m nghi\u00ean c\u1ee9u c\u00e2y nguy\u00ean li\u1ec7u gi\u1ea5y.<\/p>\n<p>&#8211; <b>V\u00f9ng \u00e1p d\u1ee5ng<\/b>: B\u1eafc Trung b\u1ed9, \u0110\u00f4ng B\u1eafc b\u1ed9.<\/p>\n<p>&#8211; <b>Kh\u1ea3 n\u0103ng cung c\u1ea5p gi\u1ed1ng<\/b>: c\u00e2y con<\/p>\n","protected":false},"excerpt":{"rendered":"<p>&#8211; Quy\u1ebft \u0111\u1ecbnh c\u00f4ng nh\u1eadn s\u1ed1: 3614\/Q\u0110-BNN ng\u00e0y 8\/8\/2001. &#8211; T\u00e1c gi\u1ea3: Vi\u1ec7n Nghi\u00ean c\u1ee9u Gi\u1ed1ng v\u00e0 C\u00f4ng ngh\u1ec7 sinh h\u1ecdc L\u00e2m nghi\u1ec7p &#8211; Vi\u1ec7n Khoa h\u1ecdc L\u00e2m Nghi\u1ec7p Vi\u1ec7t Nam v\u00e0 Trung t\u00e2m nghi\u00ean c\u1ee9u c\u00e2y nguy\u00ean li\u1ec7u gi\u1ea5y. &#8211; V\u00f9ng \u00e1p d\u1ee5ng: B\u1eafc Trung b\u1ed9, \u0110\u00f4ng B\u1eafc b\u1ed9. &#8211; Kh\u1ea3 n\u0103ng cung c\u1ea5p [&hellip;]<\/p>\n","protected":false},"author":13,"featured_media":0,"parent":0,"menu_order":0,"comment_status":"open","ping_status":"open","template":"","meta":[],"_links":{"self":[{"href":"https:\/\/vafs.gov.vn\/vn\/wp-json\/wp\/v2\/pages\/14928"}],"collection":[{"href":"https:\/\/vafs.gov.vn\/vn\/wp-json\/wp\/v2\/pages"}],"about":[{"href":"https:\/\/vafs.gov.vn\/vn\/wp-json\/wp\/v2\/types\/page"}],"author":[{"embeddable":true,"href":"https:\/\/vafs.gov.vn\/vn\/wp-json\/wp\/v2\/users\/13"}],"replies":[{"embeddable":true,"href":"https:\/\/vafs.gov.vn\/vn\/wp-json\/wp\/v2\/comments?post=14928"}],"version-history":[{"count":1,"href":"https:\/\/vafs.gov.vn\/vn\/wp-json\/wp\/v2\/pages\/14928\/revisions"}],"predecessor-version":[{"id":14931,"href":"https:\/\/vafs.gov.vn\/vn\/wp-json\/wp\/v2\/pages\/14928\/revisions\/14931"}],"wp:attachment":[{"href":"https:\/\/vafs.gov.vn\/vn\/wp-json\/wp\/v2\/media?parent=14928"}],"curies":[{"name":"wp","href":"https:\/\/api.w.org\/{rel}","templated":true}]}}