{"id":14908,"date":"2015-04-17T09:12:55","date_gmt":"2015-04-17T02:12:55","guid":{"rendered":"http:\/\/vafs.gov.vn\/vn\/?page_id=14908"},"modified":"2015-04-17T09:12:55","modified_gmt":"2015-04-17T02:12:55","slug":"giong-tram-tra-ky-hieu-a26","status":"publish","type":"page","link":"https:\/\/vafs.gov.vn\/vn\/giong-tram-tra-ky-hieu-a26\/","title":{"rendered":"Gi\u1ed1ng Tr\u00e0m tr\u00e0 &#8211; K\u00fd hi\u1ec7u: A26"},"content":{"rendered":"<p><b>&#8211; Quy\u1ebft \u0111\u1ecbnh s\u1ed1:<\/b> 796\/Q\u0110\/BNN \u2013 TCLN, ng\u00e0y 13 th\u00e1ng 04 n\u0103m 2012<\/p>\n<p><b>&#8211; T\u00e1c gi\u1ea3: <\/b>GS.TS. L\u00ea \u0110\u00ecnh Kh\u1ea3, ThS. Nguy\u1ec5n Th\u1ecb Thanh H\u01b0\u1eddng<\/p>\n<p><b>&#8211; \u0110\u1ecba ch\u1ec9 li\u00ean h\u1ec7: <\/b>Vi\u1ec7n C\u1ea3i thi\u1ec7n gi\u1ed1ng v\u00e0 Ph\u00e1t tri\u1ec3n l\u00e2m s\u1ea3n<\/p>\n<p>\u0110\u1ecba ch\u1ec9: s\u1ed1 10, Ch\u01b0\u01a1ng D\u01b0\u01a1ng \u0110\u1ed9, Ho\u00e0n Ki\u1ebfm, H\u00e0 N\u1ed9i<\/p>\n<p><b>&#8211; Nh\u1eefng \u0111\u1eb7c \u0111i\u1ec3m \u01b0u vi\u1ec7t:<\/b><\/p>\n<p>+ Ch\u1ed1ng ch\u1ecbu b\u1ec7nh t\u1ed1t.<i> <\/i><\/p>\n<p>+C\u00e2y sinh tr\u01b0\u1edfng nhanh. T\u1ea1i Ba V\u00ec h\u00e0m l\u01b0\u1ee3ng d\u1ea7u 2,04-2,39%, t\u1ef7 l\u1ec7 terpinen-4-ol 42,24-50,0%, t\u1ef7 l\u1ec7 1-8-cineole 0,41-0,82%.<\/p>\n<p><b>&#8211; V\u00f9ng \u00e1p d\u1ee5ng:<\/b> Tr\u1ed3ng th\u00edch h\u1ee3n tr\u00ean \u0111\u1ea5t th\u1ecbt nh\u1eb9 ho\u1eb7c th\u1ecbt pha c\u00e1t \u1edf c\u00e1c t\u1ec9nh mi\u1ec1n B\u1eafc. Tr\u1ed3ng \u1edf mi\u1ec1n Trung v\u00e0 mi\u1ec1n Nam ph\u1ea3i t\u01b0\u1edbi \u0111\u1ee7 \u1ea9m trong m\u00f9a kh\u00f4, \u0111\u1ed9 d\u1ed1c &lt;15<sup>0<\/sup>.<\/p>\n<p><b>&#8211; Kh\u1ea3 n\u0103ng cung c\u1ea5p gi\u1ed1ng:<i> <\/i><\/b>C\u00e2y v\u00e0 hom<\/p>\n<p style=\"text-align: center\"><a href=\"http:\/\/vafs.gov.vn\/vn\/wp-content\/uploads\/sites\/2\/2015\/04\/tram-a26.jpg\"><img decoding=\"async\" loading=\"lazy\" class=\"alignnone size-full wp-image-14909\" alt=\"tram a26\" src=\"http:\/\/vafs.gov.vn\/vn\/wp-content\/uploads\/sites\/2\/2015\/04\/tram-a26.jpg\" width=\"446\" height=\"406\" \/><\/a><\/p>\n","protected":false},"excerpt":{"rendered":"<p>&#8211; Quy\u1ebft \u0111\u1ecbnh s\u1ed1: 796\/Q\u0110\/BNN \u2013 TCLN, ng\u00e0y 13 th\u00e1ng 04 n\u0103m 2012 &#8211; T\u00e1c gi\u1ea3: GS.TS. L\u00ea \u0110\u00ecnh Kh\u1ea3, ThS. Nguy\u1ec5n Th\u1ecb Thanh H\u01b0\u1eddng &#8211; \u0110\u1ecba ch\u1ec9 li\u00ean h\u1ec7: Vi\u1ec7n C\u1ea3i thi\u1ec7n gi\u1ed1ng v\u00e0 Ph\u00e1t tri\u1ec3n l\u00e2m s\u1ea3n \u0110\u1ecba ch\u1ec9: s\u1ed1 10, Ch\u01b0\u01a1ng D\u01b0\u01a1ng \u0110\u1ed9, Ho\u00e0n Ki\u1ebfm, H\u00e0 N\u1ed9i &#8211; Nh\u1eefng \u0111\u1eb7c \u0111i\u1ec3m \u01b0u [&hellip;]<\/p>\n","protected":false},"author":13,"featured_media":0,"parent":0,"menu_order":0,"comment_status":"open","ping_status":"open","template":"","meta":[],"_links":{"self":[{"href":"https:\/\/vafs.gov.vn\/vn\/wp-json\/wp\/v2\/pages\/14908"}],"collection":[{"href":"https:\/\/vafs.gov.vn\/vn\/wp-json\/wp\/v2\/pages"}],"about":[{"href":"https:\/\/vafs.gov.vn\/vn\/wp-json\/wp\/v2\/types\/page"}],"author":[{"embeddable":true,"href":"https:\/\/vafs.gov.vn\/vn\/wp-json\/wp\/v2\/users\/13"}],"replies":[{"embeddable":true,"href":"https:\/\/vafs.gov.vn\/vn\/wp-json\/wp\/v2\/comments?post=14908"}],"version-history":[{"count":1,"href":"https:\/\/vafs.gov.vn\/vn\/wp-json\/wp\/v2\/pages\/14908\/revisions"}],"predecessor-version":[{"id":14910,"href":"https:\/\/vafs.gov.vn\/vn\/wp-json\/wp\/v2\/pages\/14908\/revisions\/14910"}],"wp:attachment":[{"href":"https:\/\/vafs.gov.vn\/vn\/wp-json\/wp\/v2\/media?parent=14908"}],"curies":[{"name":"wp","href":"https:\/\/api.w.org\/{rel}","templated":true}]}}