{"id":14836,"date":"2015-04-13T16:00:26","date_gmt":"2015-04-13T09:00:26","guid":{"rendered":"http:\/\/vafs.gov.vn\/vn\/?page_id=14836"},"modified":"2015-04-13T16:00:26","modified_gmt":"2015-04-13T09:00:26","slug":"giong-tram-nam-gan-ky-hieu-dong-q4-45","status":"publish","type":"page","link":"https:\/\/vafs.gov.vn\/vn\/giong-tram-nam-gan-ky-hieu-dong-q4-45\/","title":{"rendered":"Gi\u1ed1ng Tr\u00e0m n\u0103m g\u00e2n &#8211; K\u00fd hi\u1ec7u: D\u00f2ng Q4.45"},"content":{"rendered":"<p><b>&#8211; Quy\u1ebft \u0111\u1ecbnh s\u1ed1:<\/b> 796\/Q\u0110\/BNN \u2013 TCLN, ng\u00e0y 13 th\u00e1ng 04 n\u0103m 2012<\/p>\n<p><b>&#8211; T\u00e1c gi\u1ea3: <\/b>GS.TS. L\u00ea \u0110\u00ecnh Kh\u1ea3, ThS. Nguy\u1ec5n Th\u1ecb Thanh H\u01b0\u1eddng<\/p>\n<p><b>&#8211; \u0110\u1ecba ch\u1ec9 li\u00ean h\u1ec7: <\/b>Vi\u1ec7n C\u1ea3i thi\u1ec7n gi\u1ed1ng v\u00e0 Ph\u00e1t tri\u1ec3n l\u00e2m s\u1ea3n<\/p>\n<p>\u0110\u1ecba ch\u1ec9: s\u1ed1 10, Ch\u01b0\u01a1ng D\u01b0\u01a1ng \u0110\u1ed9, Ho\u00e0n Ki\u1ebfm, H\u00e0 N\u1ed9i<\/p>\n<p><b>&#8211; Nh\u1eefng \u0111\u1eb7c \u0111i\u1ec3m \u01b0u vi\u1ec7t:<\/b><\/p>\n<p>+\u00a0 Ch\u1ed1ng ch\u1ecbu b\u1ec7nh: T\u1ed1t.<i> <\/i><\/p>\n<p>+ Sinh tr\u01b0\u1edfng nhanh, c\u00e2y 2 tu\u1ed5i t\u1ea1i Ba V\u00ec cao 2,13 m, h\u00e0m l\u01b0\u1ee3ng tinh d\u1ea7u 1,53%, t\u1ef7 l\u1ec7 1,8-cineole 64,98%. T\u1ea1i Ph\u00fa L\u1ed9c cao 2,85, h\u00e0m l\u01b0\u1ee3ng tinh d\u1ea7u 1,71%, t\u1ef7 l\u1ec7 1,8-cineole 66,75%.<\/p>\n<p><b>&#8211; V\u00f9ng \u00e1p d\u1ee5ng:<\/b> Tr\u1ed3ng th\u00edch h\u1ee3p Th\u1ea1nh H\u00f3a, Ph\u00fa L\u1ed9c v\u00e0 n\u01a1i c\u00f3 \u0111i\u1ec1u ki\u1ec7n t\u01b0\u01a1ng t\u1ef1.<\/p>\n<p><b>&#8211; Kh\u1ea3 n\u0103ng cung c\u1ea5p gi\u1ed1ng:<i> <\/i><\/b>C\u00e2y v\u00e0 hom<\/p>\n<p style=\"text-align: center\"><a href=\"http:\/\/vafs.gov.vn\/vn\/wp-content\/uploads\/sites\/2\/2015\/04\/q4.45.jpg\"><img decoding=\"async\" loading=\"lazy\" class=\"alignnone size-medium wp-image-14837\" alt=\"q4.45\" src=\"http:\/\/vafs.gov.vn\/vn\/wp-content\/uploads\/sites\/2\/2015\/04\/q4.45-339x500.jpg\" width=\"339\" height=\"500\" srcset=\"https:\/\/vafs.gov.vn\/vn\/wp-content\/uploads\/sites\/2\/2015\/04\/q4.45-339x500.jpg 339w, https:\/\/vafs.gov.vn\/vn\/wp-content\/uploads\/sites\/2\/2015\/04\/q4.45.jpg 344w\" sizes=\"(max-width: 339px) 100vw, 339px\" \/><\/a><\/p>\n","protected":false},"excerpt":{"rendered":"<p>&#8211; Quy\u1ebft \u0111\u1ecbnh s\u1ed1: 796\/Q\u0110\/BNN \u2013 TCLN, ng\u00e0y 13 th\u00e1ng 04 n\u0103m 2012 &#8211; T\u00e1c gi\u1ea3: GS.TS. L\u00ea \u0110\u00ecnh Kh\u1ea3, ThS. Nguy\u1ec5n Th\u1ecb Thanh H\u01b0\u1eddng &#8211; \u0110\u1ecba ch\u1ec9 li\u00ean h\u1ec7: Vi\u1ec7n C\u1ea3i thi\u1ec7n gi\u1ed1ng v\u00e0 Ph\u00e1t tri\u1ec3n l\u00e2m s\u1ea3n \u0110\u1ecba ch\u1ec9: s\u1ed1 10, Ch\u01b0\u01a1ng D\u01b0\u01a1ng \u0110\u1ed9, Ho\u00e0n Ki\u1ebfm, H\u00e0 N\u1ed9i &#8211; Nh\u1eefng \u0111\u1eb7c \u0111i\u1ec3m \u01b0u [&hellip;]<\/p>\n","protected":false},"author":13,"featured_media":0,"parent":0,"menu_order":0,"comment_status":"open","ping_status":"open","template":"","meta":[],"_links":{"self":[{"href":"https:\/\/vafs.gov.vn\/vn\/wp-json\/wp\/v2\/pages\/14836"}],"collection":[{"href":"https:\/\/vafs.gov.vn\/vn\/wp-json\/wp\/v2\/pages"}],"about":[{"href":"https:\/\/vafs.gov.vn\/vn\/wp-json\/wp\/v2\/types\/page"}],"author":[{"embeddable":true,"href":"https:\/\/vafs.gov.vn\/vn\/wp-json\/wp\/v2\/users\/13"}],"replies":[{"embeddable":true,"href":"https:\/\/vafs.gov.vn\/vn\/wp-json\/wp\/v2\/comments?post=14836"}],"version-history":[{"count":1,"href":"https:\/\/vafs.gov.vn\/vn\/wp-json\/wp\/v2\/pages\/14836\/revisions"}],"predecessor-version":[{"id":14838,"href":"https:\/\/vafs.gov.vn\/vn\/wp-json\/wp\/v2\/pages\/14836\/revisions\/14838"}],"wp:attachment":[{"href":"https:\/\/vafs.gov.vn\/vn\/wp-json\/wp\/v2\/media?parent=14836"}],"curies":[{"name":"wp","href":"https:\/\/api.w.org\/{rel}","templated":true}]}}