{"id":14789,"date":"2015-04-13T10:47:43","date_gmt":"2015-04-13T03:47:43","guid":{"rendered":"http:\/\/vafs.gov.vn\/vn\/?page_id=14789"},"modified":"2015-04-13T10:47:43","modified_gmt":"2015-04-13T03:47:43","slug":"giong-mac-ca-ky-hieu-dong-900","status":"publish","type":"page","link":"https:\/\/vafs.gov.vn\/vn\/giong-mac-ca-ky-hieu-dong-900\/","title":{"rendered":"Gi\u1ed1ng M\u1eafc ca &#8211; K\u00fd hi\u1ec7u: D\u00f2ng 900"},"content":{"rendered":"<p>&#8211;<b> Quy\u1ebft \u0111\u1ecbnh s\u1ed1: <\/b>2039\/Q\u0110-BNN-TCLN, ng\u00e0y 01\/9\/2011.<b><\/b><\/p>\n<p>&#8211; <b>T\u00e1c gi\u1ea3: <\/b>C\u00f4ng ty C\u1ed5 ph\u1ea7n xu\u1ea5t nh\u1eadp kh\u1ea9u n\u00f4ng l\u00e2m s\u1ea3n ch\u1ebf bi\u1ebfn.<\/p>\n<p>&#8211; <b>\u0110\u1ecba ch\u1ec9 li\u00ean h\u1ec7:<\/b> S\u1ed1 25 ph\u1ed1 T\u00e2n Mai \u2013 Ho\u00e0ng Mai \u2013 H\u00e0 N\u1ed9i.<\/p>\n<p>&#8211;<b> Nh\u1eefng \u0111\u1eb7c \u0111i\u1ec3m \u01b0u vi\u1ec7t:<\/b><\/p>\n<p>+ Kh\u1ea3 n\u0103ng ch\u1ed1ng ch\u1ecbu kh\u00f4 h\u1ea1n t\u1ed1t, \u0111\u1ebfn nay ch\u01b0a ph\u00e1t hi\u1ec7n c\u00f3 s\u00e2u b\u1ec7nh h\u1ea1i.<\/p>\n<p>+ N\u0103ng su\u1ea5t 5-7 kg h\u1ea1t\/c\u00e2y\/n\u0103m sau 5-6 n\u0103m tr\u1ed3ng.<\/p>\n<p>&#8211; <b>V\u00f9ng \u00e1p d\u1ee5ng<\/b>: Ba V\u00ec \u2013 H\u00e0 N\u1ed9i v\u00e0 n\u01a1i c\u00f3 \u0111i\u1ec1u ki\u1ec7n sinh th\u00e1i t\u01b0\u01a1ng t\u1ef1.<\/p>\n<p><b>&#8211; Kh\u1ea3 n\u0103ng cung c\u1ea5p gi\u1ed1ng:<\/b> C\u00e2y gh\u00e9p, c\u00e2y h\u1ea1t.<\/p>\n<p style=\"text-align: center\"><a href=\"http:\/\/vafs.gov.vn\/vn\/wp-content\/uploads\/sites\/2\/2015\/04\/maca-900.jpg\"><img decoding=\"async\" loading=\"lazy\" class=\"alignnone size-medium wp-image-14790\" alt=\"maca 900\" src=\"http:\/\/vafs.gov.vn\/vn\/wp-content\/uploads\/sites\/2\/2015\/04\/maca-900-500x434.jpg\" width=\"500\" height=\"434\" srcset=\"https:\/\/vafs.gov.vn\/vn\/wp-content\/uploads\/sites\/2\/2015\/04\/maca-900-500x434.jpg 500w, https:\/\/vafs.gov.vn\/vn\/wp-content\/uploads\/sites\/2\/2015\/04\/maca-900.jpg 501w\" sizes=\"(max-width: 500px) 100vw, 500px\" \/><\/a><\/p>\n","protected":false},"excerpt":{"rendered":"<p>&#8211; Quy\u1ebft \u0111\u1ecbnh s\u1ed1: 2039\/Q\u0110-BNN-TCLN, ng\u00e0y 01\/9\/2011. &#8211; T\u00e1c gi\u1ea3: C\u00f4ng ty C\u1ed5 ph\u1ea7n xu\u1ea5t nh\u1eadp kh\u1ea9u n\u00f4ng l\u00e2m s\u1ea3n ch\u1ebf bi\u1ebfn. &#8211; \u0110\u1ecba ch\u1ec9 li\u00ean h\u1ec7: S\u1ed1 25 ph\u1ed1 T\u00e2n Mai \u2013 Ho\u00e0ng Mai \u2013 H\u00e0 N\u1ed9i. &#8211; Nh\u1eefng \u0111\u1eb7c \u0111i\u1ec3m \u01b0u vi\u1ec7t: + Kh\u1ea3 n\u0103ng ch\u1ed1ng ch\u1ecbu kh\u00f4 h\u1ea1n t\u1ed1t, \u0111\u1ebfn nay ch\u01b0a [&hellip;]<\/p>\n","protected":false},"author":13,"featured_media":0,"parent":0,"menu_order":0,"comment_status":"open","ping_status":"open","template":"","meta":[],"_links":{"self":[{"href":"https:\/\/vafs.gov.vn\/vn\/wp-json\/wp\/v2\/pages\/14789"}],"collection":[{"href":"https:\/\/vafs.gov.vn\/vn\/wp-json\/wp\/v2\/pages"}],"about":[{"href":"https:\/\/vafs.gov.vn\/vn\/wp-json\/wp\/v2\/types\/page"}],"author":[{"embeddable":true,"href":"https:\/\/vafs.gov.vn\/vn\/wp-json\/wp\/v2\/users\/13"}],"replies":[{"embeddable":true,"href":"https:\/\/vafs.gov.vn\/vn\/wp-json\/wp\/v2\/comments?post=14789"}],"version-history":[{"count":1,"href":"https:\/\/vafs.gov.vn\/vn\/wp-json\/wp\/v2\/pages\/14789\/revisions"}],"predecessor-version":[{"id":14791,"href":"https:\/\/vafs.gov.vn\/vn\/wp-json\/wp\/v2\/pages\/14789\/revisions\/14791"}],"wp:attachment":[{"href":"https:\/\/vafs.gov.vn\/vn\/wp-json\/wp\/v2\/media?parent=14789"}],"curies":[{"name":"wp","href":"https:\/\/api.w.org\/{rel}","templated":true}]}}