{"id":14785,"date":"2015-04-10T15:41:54","date_gmt":"2015-04-10T08:41:54","guid":{"rendered":"http:\/\/vafs.gov.vn\/vn\/?page_id=14785"},"modified":"2015-04-10T15:41:54","modified_gmt":"2015-04-10T08:41:54","slug":"giong-keo-la-tram-ky-hieu-clt-25","status":"publish","type":"page","link":"https:\/\/vafs.gov.vn\/vn\/giong-keo-la-tram-ky-hieu-clt-25\/","title":{"rendered":"Gi\u1ed1ng Keo l\u00e1 tr\u00e0m &#8211; K\u00fd hi\u1ec7u: Clt 25"},"content":{"rendered":"<p><b>&#8211; Quy\u00ea\u0301t \u0111i\u0323nh s\u00f4\u0301:<\/b> 3453\/Q\u0110-BNN-TCLN nga\u0300y 23 tha\u0301ng 12 n\u0103m 2010<\/p>\n<p><b>&#8211; Ta\u0301c gia\u0309:<\/b> H\u00e0 Huy Th\u1ecbnh, Ph\u00ed H\u1ed3ng H\u1ea3i, Nguy\u1ec5n \u0110\u1ee9c Ki\u00ean, H\u1ee9a V\u0129nh T\u00f9ng, \u0110\u1ed7 H\u1eefu S\u01a1n, L\u01b0u Th\u1ebf Trung v\u00e0 \u0110\u1eb7ng Ph\u01b0\u1edbc \u0110\u1ea1i<b> <\/b><\/p>\n<p><b>&#8211; \u0110i\u0323a chi\u0309 li\u00ean h\u00ea\u0323:<\/b> Vi\u00ea\u0323n Khoa ho\u0323c L\u00e2m nghi\u00ea\u0323p Vi\u00ea\u0323t Nam, \u0110\u00f4ng Nga\u0323c \u2013 T\u01b0\u0300 Li\u00eam \u2013 Ha\u0300 N\u00f4\u0323i.<\/p>\n<p><b>&#8211; Nh\u01b0\u0303ng \u0111\u0103\u0323c \u0111i\u00ea\u0309m \u01b0u vi\u00ea\u0323t:<\/b><\/p>\n<p><b>\u00a0+ <\/b>Ch\u1ee7 y\u1ebfu m\u1ed9t th\u00e2n, \u00edt c\u00e0nh nh\u00e1nh, th\u00e2n th\u1eb3ng, chi\u1ec1u cao d\u01b0\u1edbi c\u00e0nh l\u1edbn.<\/p>\n<p>+ Sinh tr\u01b0\u01a1\u0309ng nhanh tr\u00ean l\u00e2\u0323p \u0111i\u0323a t\u01b0\u01a1ng \u0111\u00f4\u0301i b\u0103\u0300ng ph\u0103\u0309ng, \u0111\u00f4\u0323 s\u00e2u t\u00e2\u0300ng \u0111\u00e2\u0301t m\u0103\u0323t mo\u0309ng \u0111a\u0323t 13\u00a0 m<sup>3<\/sup>\/ha\/n\u0103m.<\/p>\n<p>+ Kha\u0309 n\u0103ng ch\u1ed1ng ch\u1ecbu b\u1ec7nh t\u1ed1t, kh\u00f4ng b\u1ecb b\u1ec7nh ph\u1ea5n h\u1ed3ng.<\/p>\n<p><b>&#8211; Vu\u0300ng a\u0301p du\u0323ng:<\/b> Lang Hanh \u2013 L\u00e2m \u0110\u1ed3ng v\u00e0 nh\u1eefng n\u01a1i c\u00f3 \u0111i\u1ec1u ki\u1ec7n sinh th\u00e1i t\u01b0\u01a1ng t\u1ef1<\/p>\n<p><b>&#8211; Kha\u0309 n\u0103ng cung c\u00e2\u0301p gi\u00f4\u0301ng:<\/b> C\u00e2y con v\u00e0 hom gi\u1ed1ng<\/p>\n<p style=\"text-align: center\"><a href=\"http:\/\/vafs.gov.vn\/vn\/wp-content\/uploads\/sites\/2\/2015\/04\/clt25.jpg\"><img decoding=\"async\" loading=\"lazy\" class=\"alignnone size-full wp-image-14786\" alt=\"clt25\" src=\"http:\/\/vafs.gov.vn\/vn\/wp-content\/uploads\/sites\/2\/2015\/04\/clt25.jpg\" width=\"322\" height=\"410\" \/><\/a><\/p>\n","protected":false},"excerpt":{"rendered":"<p>&#8211; Quy\u00ea\u0301t \u0111i\u0323nh s\u00f4\u0301: 3453\/Q\u0110-BNN-TCLN nga\u0300y 23 tha\u0301ng 12 n\u0103m 2010 &#8211; Ta\u0301c gia\u0309: H\u00e0 Huy Th\u1ecbnh, Ph\u00ed H\u1ed3ng H\u1ea3i, Nguy\u1ec5n \u0110\u1ee9c Ki\u00ean, H\u1ee9a V\u0129nh T\u00f9ng, \u0110\u1ed7 H\u1eefu S\u01a1n, L\u01b0u Th\u1ebf Trung v\u00e0 \u0110\u1eb7ng Ph\u01b0\u1edbc \u0110\u1ea1i &#8211; \u0110i\u0323a chi\u0309 li\u00ean h\u00ea\u0323: Vi\u00ea\u0323n Khoa ho\u0323c L\u00e2m nghi\u00ea\u0323p Vi\u00ea\u0323t Nam, \u0110\u00f4ng Nga\u0323c \u2013 T\u01b0\u0300 Li\u00eam \u2013 Ha\u0300 [&hellip;]<\/p>\n","protected":false},"author":13,"featured_media":0,"parent":0,"menu_order":0,"comment_status":"open","ping_status":"open","template":"","meta":[],"_links":{"self":[{"href":"https:\/\/vafs.gov.vn\/vn\/wp-json\/wp\/v2\/pages\/14785"}],"collection":[{"href":"https:\/\/vafs.gov.vn\/vn\/wp-json\/wp\/v2\/pages"}],"about":[{"href":"https:\/\/vafs.gov.vn\/vn\/wp-json\/wp\/v2\/types\/page"}],"author":[{"embeddable":true,"href":"https:\/\/vafs.gov.vn\/vn\/wp-json\/wp\/v2\/users\/13"}],"replies":[{"embeddable":true,"href":"https:\/\/vafs.gov.vn\/vn\/wp-json\/wp\/v2\/comments?post=14785"}],"version-history":[{"count":1,"href":"https:\/\/vafs.gov.vn\/vn\/wp-json\/wp\/v2\/pages\/14785\/revisions"}],"predecessor-version":[{"id":14787,"href":"https:\/\/vafs.gov.vn\/vn\/wp-json\/wp\/v2\/pages\/14785\/revisions\/14787"}],"wp:attachment":[{"href":"https:\/\/vafs.gov.vn\/vn\/wp-json\/wp\/v2\/media?parent=14785"}],"curies":[{"name":"wp","href":"https:\/\/api.w.org\/{rel}","templated":true}]}}