{"id":14757,"date":"2015-04-10T15:02:41","date_gmt":"2015-04-10T08:02:41","guid":{"rendered":"http:\/\/vafs.gov.vn\/vn\/?page_id=14757"},"modified":"2015-04-10T15:02:41","modified_gmt":"2015-04-10T08:02:41","slug":"giong-keo-la-tram-ky-hieu-aa9","status":"publish","type":"page","link":"https:\/\/vafs.gov.vn\/vn\/giong-keo-la-tram-ky-hieu-aa9\/","title":{"rendered":"Gi\u1ed1ng Keo l\u00e1 tr\u00e0m &#8211; K\u00fd hi\u1ec7u: AA9"},"content":{"rendered":"<p>&#8211;<b> Quy\u1ebft \u0111\u1ecbnh c\u00f4ng nh\u1eadn s\u1ed1: <\/b>3905\/Q\u0110-BNN-KHCN,<b> <\/b>ng\u00e0y 11\/12\/2007<b><\/b><\/p>\n<p>&#8211; <b>T\u00e1c gi\u1ea3: <\/b>Nguy\u1ec5n Ho\u00e0ng Ngh\u0129a, Nguy\u1ec5n V\u0103n Chi\u1ebfn, Ph\u1ea1m Quang Thu<\/p>\n<p>&#8211;<b> \u0110\u1ecba ch\u1ec9 li\u00ean h\u1ec7:<\/b> Vi\u1ec7n Khoa h\u1ecdc L\u00e2m Nghi\u1ec7p Vi\u1ec7t Nam, \u0110\u00f4ng Ng\u1ea1c &#8211; T\u1eeb Li\u00eam &#8211; H\u00e0 N\u1ed9i<\/p>\n<p>&#8211; <b>Nh\u1eefng \u0111\u1eb7c \u0111i\u1ec3m \u01b0u vi\u1ec7t:<\/b><\/p>\n<p>+ C\u00e2y m\u1ed9t th\u00e2n, th\u00e2n th\u1eb3ng, \u00edt c\u00e0nh nh\u00e1nh, chi\u1ec1u cao d\u01b0\u1edbi c\u00e0nh l\u1edbn. Sinh tr\u01b0\u1edfng nhanh tr\u00ean l\u1eadp \u0111\u1ecba c\u00f3 t\u1ea7ng \u0111\u1ea5t m\u1ecfng, ngh\u00e8o ch\u1ea5t dinh d\u01b0\u1ee1ng; n\u0103ng su\u1ea5t \u0111\u1ea1t 32,7m<sup>3<\/sup>\/ha\/n\u0103m sau h\u01a1n 5 n\u0103m tu\u1ed5i t\u1ea1i S\u00f4ng M\u00e2y (\u0110\u1ed3ng Nai) v\u00e0 \u0111\u1ea1t 25,3m<sup>3<\/sup>\/ha\/n\u0103m sau h\u01a1n 3 n\u0103m tu\u1ed5i t\u1ea1i Minh \u0110\u1ee9c (B\u00ecnh Ph\u01b0\u1edbc).<\/p>\n<p>+ Ch\u1ed1ng ch\u1ecbu b\u1ec7nh t\u1ed1t, kh\u00f4ng b\u1ecb b\u1ec7nh ph\u1ea5n h\u1ed3ng. <i><\/i><\/p>\n<p>&#8211; <b>V\u00f9ng \u00e1p d\u1ee5ng<\/b>: \u0110\u00f4ng Nam B\u1ed9<\/p>\n<p>&#8211;<b> Kh\u1ea3 n\u0103ng cung c\u1ea5p gi\u1ed1ng:<\/b> C\u00e2y con v\u00e0 hom gi\u1ed1ng<\/p>\n<p style=\"text-align: center\"><a href=\"http:\/\/vafs.gov.vn\/vn\/wp-content\/uploads\/sites\/2\/2015\/04\/aa9.jpg\"><img decoding=\"async\" loading=\"lazy\" class=\"alignnone size-full wp-image-14758\" alt=\"aa9\" src=\"http:\/\/vafs.gov.vn\/vn\/wp-content\/uploads\/sites\/2\/2015\/04\/aa9.jpg\" width=\"391\" height=\"472\" \/><\/a><\/p>\n","protected":false},"excerpt":{"rendered":"<p>&#8211; Quy\u1ebft \u0111\u1ecbnh c\u00f4ng nh\u1eadn s\u1ed1: 3905\/Q\u0110-BNN-KHCN, ng\u00e0y 11\/12\/2007 &#8211; T\u00e1c gi\u1ea3: Nguy\u1ec5n Ho\u00e0ng Ngh\u0129a, Nguy\u1ec5n V\u0103n Chi\u1ebfn, Ph\u1ea1m Quang Thu &#8211; \u0110\u1ecba ch\u1ec9 li\u00ean h\u1ec7: Vi\u1ec7n Khoa h\u1ecdc L\u00e2m Nghi\u1ec7p Vi\u1ec7t Nam, \u0110\u00f4ng Ng\u1ea1c &#8211; T\u1eeb Li\u00eam &#8211; H\u00e0 N\u1ed9i &#8211; Nh\u1eefng \u0111\u1eb7c \u0111i\u1ec3m \u01b0u vi\u1ec7t: + C\u00e2y m\u1ed9t th\u00e2n, th\u00e2n th\u1eb3ng, \u00edt c\u00e0nh [&hellip;]<\/p>\n","protected":false},"author":13,"featured_media":0,"parent":0,"menu_order":0,"comment_status":"open","ping_status":"open","template":"","meta":[],"_links":{"self":[{"href":"https:\/\/vafs.gov.vn\/vn\/wp-json\/wp\/v2\/pages\/14757"}],"collection":[{"href":"https:\/\/vafs.gov.vn\/vn\/wp-json\/wp\/v2\/pages"}],"about":[{"href":"https:\/\/vafs.gov.vn\/vn\/wp-json\/wp\/v2\/types\/page"}],"author":[{"embeddable":true,"href":"https:\/\/vafs.gov.vn\/vn\/wp-json\/wp\/v2\/users\/13"}],"replies":[{"embeddable":true,"href":"https:\/\/vafs.gov.vn\/vn\/wp-json\/wp\/v2\/comments?post=14757"}],"version-history":[{"count":1,"href":"https:\/\/vafs.gov.vn\/vn\/wp-json\/wp\/v2\/pages\/14757\/revisions"}],"predecessor-version":[{"id":14759,"href":"https:\/\/vafs.gov.vn\/vn\/wp-json\/wp\/v2\/pages\/14757\/revisions\/14759"}],"wp:attachment":[{"href":"https:\/\/vafs.gov.vn\/vn\/wp-json\/wp\/v2\/media?parent=14757"}],"curies":[{"name":"wp","href":"https:\/\/api.w.org\/{rel}","templated":true}]}}