{"id":14754,"date":"2015-04-10T14:51:11","date_gmt":"2015-04-10T07:51:11","guid":{"rendered":"http:\/\/vafs.gov.vn\/vn\/?page_id=14754"},"modified":"2015-04-10T14:51:11","modified_gmt":"2015-04-10T07:51:11","slug":"keo-chiu-han-a-turulosa-xuat-xu-elliot-nt-17490","status":"publish","type":"page","link":"https:\/\/vafs.gov.vn\/vn\/keo-chiu-han-a-turulosa-xuat-xu-elliot-nt-17490\/","title":{"rendered":"Keo ch\u1ecbu h\u1ea1n (A.turulosa) &#8211; Xu\u1ea5t x\u1ee9: Elliot, NT, 17490"},"content":{"rendered":"<p><b>&#8211; Xu\u1ea5t x\u1ee9 Elliot, NT 17490<\/b><\/p>\n<p><b>&#8211; Quy\u1ebft \u0111\u1ecbnh s\u1ed1<\/b>: 60\/Q\u0110\/BNN-KHCN, ng\u00e0y 10\/1\/2002.<\/p>\n<p><b>&#8211; T\u00e1c gi\u1ea3<\/b>: Vi\u1ec7n Khoa h\u1ecdc L\u00e2m nghi\u1ec7p Vi\u1ec7t Nam.<\/p>\n<p>&#8211; <b>\u0110\u1ecba ch\u1ec9 li\u00ean h\u1ec7<\/b>: Vi\u1ec7n Khoa h\u1ecdc L\u00e2m nghi\u1ec7p Vi\u1ec7t Nam.<\/p>\n<p><b>&#8211; Nh\u1eefng \u0111\u1eb7c \u0111i\u1ec3m \u01b0u vi\u1ec7t:<\/b><\/p>\n<p>+ Ch\u1ed1ng ch\u1ecbu h\u1ea1n t\u1ed1t<\/p>\n<p>+ Ph\u1ee7 xanh v\u00f9ng c\u00e1t kh\u00f4 h\u1ea1n c\u00e1c t\u1ec9nh ven bi\u1ec3n.<\/p>\n<p><b>&#8211; V\u00f9ng \u00e1p d\u1ee5ng: <\/b>V\u00f9ng c\u00e1t ven bi\u1ec3n Vi\u1ec7t Nam<\/p>\n<p>&#8211; <b>Kh\u1ea3 n\u0103ng cung c\u1ea5p gi\u1ed1ng<\/b>: H\u1ea1t gi\u1ed1ng<\/p>\n","protected":false},"excerpt":{"rendered":"<p>&#8211; Xu\u1ea5t x\u1ee9 Elliot, NT 17490 &#8211; Quy\u1ebft \u0111\u1ecbnh s\u1ed1: 60\/Q\u0110\/BNN-KHCN, ng\u00e0y 10\/1\/2002. &#8211; T\u00e1c gi\u1ea3: Vi\u1ec7n Khoa h\u1ecdc L\u00e2m nghi\u1ec7p Vi\u1ec7t Nam. &#8211; \u0110\u1ecba ch\u1ec9 li\u00ean h\u1ec7: Vi\u1ec7n Khoa h\u1ecdc L\u00e2m nghi\u1ec7p Vi\u1ec7t Nam. &#8211; Nh\u1eefng \u0111\u1eb7c \u0111i\u1ec3m \u01b0u vi\u1ec7t: + Ch\u1ed1ng ch\u1ecbu h\u1ea1n t\u1ed1t + Ph\u1ee7 xanh v\u00f9ng c\u00e1t kh\u00f4 h\u1ea1n c\u00e1c t\u1ec9nh [&hellip;]<\/p>\n","protected":false},"author":13,"featured_media":0,"parent":0,"menu_order":0,"comment_status":"open","ping_status":"open","template":"","meta":[],"_links":{"self":[{"href":"https:\/\/vafs.gov.vn\/vn\/wp-json\/wp\/v2\/pages\/14754"}],"collection":[{"href":"https:\/\/vafs.gov.vn\/vn\/wp-json\/wp\/v2\/pages"}],"about":[{"href":"https:\/\/vafs.gov.vn\/vn\/wp-json\/wp\/v2\/types\/page"}],"author":[{"embeddable":true,"href":"https:\/\/vafs.gov.vn\/vn\/wp-json\/wp\/v2\/users\/13"}],"replies":[{"embeddable":true,"href":"https:\/\/vafs.gov.vn\/vn\/wp-json\/wp\/v2\/comments?post=14754"}],"version-history":[{"count":1,"href":"https:\/\/vafs.gov.vn\/vn\/wp-json\/wp\/v2\/pages\/14754\/revisions"}],"predecessor-version":[{"id":14755,"href":"https:\/\/vafs.gov.vn\/vn\/wp-json\/wp\/v2\/pages\/14754\/revisions\/14755"}],"wp:attachment":[{"href":"https:\/\/vafs.gov.vn\/vn\/wp-json\/wp\/v2\/media?parent=14754"}],"curies":[{"name":"wp","href":"https:\/\/api.w.org\/{rel}","templated":true}]}}